{"id":10244,"date":"2024-05-04T18:10:12","date_gmt":"2024-05-04T18:10:12","guid":{"rendered":"https:\/\/skaitytaknyga.lt\/?post_type=product&#038;p=10244"},"modified":"2025-06-23T11:48:38","modified_gmt":"2025-06-23T08:48:38","slug":"neil-mckenna-slaptas-oscaro-wildeo-gyvenimas","status":"publish","type":"product","link":"https:\/\/skaitytaknyga.lt\/en\/produktas\/neil-mckenna-slaptas-oscaro-wildeo-gyvenimas\/","title":{"rendered":"Slaptas Oscaro Wilde&#8217;o gyvenimas"},"content":{"rendered":"<p>Oscaras Wilde\u2019as (1854\u20131900) \u2013 airi\u0173 kilm\u0117s angl\u0173 dramaturgas, poetas, ra\u0161ytojas. J\u012f i\u0161garsino pjes\u0117s, aforizmai, ypa\u010d romanas \u201eDoriano Gr\u0117jaus portretas\u201c.<\/p>\n<p>\u201eSlaptas Oscaro Wilde\u2019o gyvenimas\u201c yra \u012fsp\u016bdingas vieno savi\u010diausi\u0173 \u0161iuolaikini\u0173 brit\u0173 biograf\u0173 Neilo McKennos debiutas. Knyga peln\u0117 pripa\u017einim\u0105 ne tik Anglijoje, bet ir svetur. Joje pateikta daug nauj\u0173 fakt\u0173 apie emocin\u012f ken\u010dian\u010dio k\u016br\u0117jo gyvenim\u0105, jo po\u017ei\u016br\u012f \u012f meil\u0119 ir seks\u0105. Tai sud\u0117tinga Oscaro gyvenimo odis\u0117ja, intymi kelion\u0117, vedanti \u012f sav\u0119s pa\u017einim\u0105.<\/p>\n<p>Paslapties esm\u0117 yra ne patyrimo vaisius ir ne pati patirtis, esm\u0117 yra patirties tro\u0161kulys. Nor\u0117jau paragauti vis\u0173 r\u016b\u0161i\u0173 vaisi\u0173 nuo vis\u0173 pasaulio med\u017ei\u0173 i\u0161 vis\u0173 pasaulio sod\u0173.<\/p>\n<p>Visk\u0105, apie k\u0105 nor\u0117jau para\u0161yti, jau para\u0161iau. Ra\u0161iau tada, kai dar nepa\u017einojau gyvenimo; dabar, kai jau \u017einau gyvenimo prasm\u0119, nebeturiu k\u0105 ra\u0161yti. Gyvenimas ne u\u017era\u0161omas, tik gyvenamas. Jau gyvenau.<\/p>\n","protected":false},"excerpt":{"rendered":"<p>Oscaras Wilde\u2019as (1854\u20131900) \u2013 airi\u0173 kilm\u0117s angl\u0173 dramaturgas, poetas, ra\u0161ytojas. J\u012f i\u0161garsino pjes\u0117s, aforizmai, ypa\u010d romanas \u201eDoriano Gr\u0117jaus portretas\u201c.<\/p>\n<p>\u201eSlaptas Oscaro Wilde\u2019o gyvenimas\u201c yra \u012fsp\u016bdingas vieno savi\u010diausi\u0173 \u0161iuolaikini\u0173 brit\u0173 biograf\u0173 Neilo McKennos debiutas. Knyga peln\u0117 pripa\u017einim\u0105 ne tik Anglijoje, bet ir svetur. Joje pateikta daug nauj\u0173 fakt\u0173 apie emocin\u012f ken\u010dian\u010dio k\u016br\u0117jo gyvenim\u0105, jo po\u017ei\u016br\u012f \u012f meil\u0119 ir seks\u0105. Tai sud\u0117tinga Oscaro gyvenimo odis\u0117ja, intymi kelion\u0117, vedanti \u012f sav\u0119s pa\u017einim\u0105.<\/p>\n<p>Paslapties esm\u0117 yra ne patyrimo vaisius ir ne pati patirtis, esm\u0117 yra patirties tro\u0161kulys. Nor\u0117jau paragauti vis\u0173 r\u016b\u0161i\u0173 vaisi\u0173 nuo vis\u0173 pasaulio med\u017ei\u0173 i\u0161 vis\u0173 pasaulio sod\u0173.<\/p>\n<p>Visk\u0105, apie k\u0105 nor\u0117jau para\u0161yti, jau para\u0161iau. Ra\u0161iau tada, kai dar nepa\u017einojau gyvenimo; dabar, kai jau \u017einau gyvenimo prasm\u0119, nebeturiu k\u0105 ra\u0161yti. Gyvenimas ne u\u017era\u0161omas, tik gyvenamas. Jau gyvenau.<\/p>\n","protected":false},"featured_media":10296,"comment_status":"closed","ping_status":"closed","template":"","meta":{"_acf_changed":false,"site-sidebar-layout":"default","site-content-layout":"","ast-site-content-layout":"default","site-content-style":"default","site-sidebar-style":"default","ast-global-header-display":"","ast-banner-title-visibility":"","ast-main-header-display":"","ast-hfb-above-header-display":"","ast-hfb-below-header-display":"","ast-hfb-mobile-header-display":"","site-post-title":"","ast-breadcrumbs-content":"","ast-featured-img":"","footer-sml-layout":"","ast-disable-related-posts":"","theme-transparent-header-meta":"","adv-header-id-meta":"","stick-header-meta":"","header-above-stick-meta":"","header-main-stick-meta":"","header-below-stick-meta":"","astra-migrate-meta-layouts":"default","ast-page-background-enabled":"default","ast-page-background-meta":{"desktop":{"background-color":"","background-image":"","background-repeat":"repeat","background-position":"center center","background-size":"auto","background-attachment":"scroll","background-type":"","background-media":"","overlay-type":"","overlay-color":"","overlay-opacity":"","overlay-gradient":""},"tablet":{"background-color":"","background-image":"","background-repeat":"repeat","background-position":"center center","background-size":"auto","background-attachment":"scroll","background-type":"","background-media":"","overlay-type":"","overlay-color":"","overlay-opacity":"","overlay-gradient":""},"mobile":{"background-color":"","background-image":"","background-repeat":"repeat","background-position":"center center","background-size":"auto","background-attachment":"scroll","background-type":"","background-media":"","overlay-type":"","overlay-color":"","overlay-opacity":"","overlay-gradient":""}},"ast-content-background-meta":{"desktop":{"background-color":"var(--ast-global-color-4)","background-image":"","background-repeat":"repeat","background-position":"center center","background-size":"auto","background-attachment":"scroll","background-type":"","background-media":"","overlay-type":"","overlay-color":"","overlay-opacity":"","overlay-gradient":""},"tablet":{"background-color":"var(--ast-global-color-4)","background-image":"","background-repeat":"repeat","background-position":"center center","background-size":"auto","background-attachment":"scroll","background-type":"","background-media":"","overlay-type":"","overlay-color":"","overlay-opacity":"","overlay-gradient":""},"mobile":{"background-color":"var(--ast-global-color-4)","background-image":"","background-repeat":"repeat","background-position":"center center","background-size":"auto","background-attachment":"scroll","background-type":"","background-media":"","overlay-type":"","overlay-color":"","overlay-opacity":"","overlay-gradient":""}}},"product_brand":[],"product_cat":[33],"product_tag":[],"class_list":{"0":"post-10244","1":"product","2":"type-product","3":"status-publish","4":"has-post-thumbnail","6":"product_cat-biografijos","7":"desktop-align-left","8":"tablet-align-left","9":"mobile-align-left","11":"first","12":"instock","13":"shipping-taxable","14":"purchasable","15":"product-type-simple"},"acf":[],"yoast_head":"<!-- This site is optimized with the Yoast SEO plugin v27.4 - https:\/\/yoast.com\/product\/yoast-seo-wordpress\/ -->\n<title>Slaptas Oscaro Wilde&#039;o gyvenimas<\/title>\n<meta name=\"description\" content=\"Oscaras Wilde\u2019as (1854\u20131900) \u2013 airi\u0173 kilm\u0117s angl\u0173 dramaturgas, poetas, ra\u0161ytojas. J\u012f i\u0161garsino pjes\u0117s, aforizmai, ypa\u010d romanas \u201eDoriano Gr\u0117jaus portretas\u201c.  \u201eSlaptas Oscaro Wilde\u2019o gyvenimas\u201c yra \u012fsp\u016bdingas vieno savi\u010diausi\u0173 \u0161iuolaikini\u0173 brit\u0173 biograf\u0173 Neilo McKennos debiutas. Knyga peln\u0117 pripa\u017einim\u0105 ne tik Anglijoje, bet ir svetur. Joje pateikta daug nauj\u0173 fakt\u0173 apie emocin\u012f ken\u010dian\u010dio k\u016br\u0117jo gyvenim\u0105, jo po\u017ei\u016br\u012f \u012f meil\u0119 ir seks\u0105. Tai sud\u0117tinga Oscaro gyvenimo odis\u0117ja, intymi kelion\u0117, vedanti \u012f sav\u0119s pa\u017einim\u0105.  Paslapties esm\u0117 yra ne patyrimo vaisius ir ne pati patirtis, esm\u0117 yra patirties tro\u0161kulys. Nor\u0117jau paragauti vis\u0173 r\u016b\u0161i\u0173 vaisi\u0173 nuo vis\u0173 pasaulio med\u017ei\u0173 i\u0161 vis\u0173 pasaulio sod\u0173.  Visk\u0105, apie k\u0105 nor\u0117jau para\u0161yti, jau para\u0161iau. Ra\u0161iau tada, kai dar nepa\u017einojau gyvenimo; dabar, kai jau \u017einau gyvenimo prasm\u0119, nebeturiu k\u0105 ra\u0161yti. Gyvenimas ne u\u017era\u0161omas, tik gyvenamas. Jau gyvenau.\" \/>\n<meta name=\"robots\" content=\"index, follow, max-snippet:-1, max-image-preview:large, max-video-preview:-1\" \/>\n<link rel=\"canonical\" href=\"https:\/\/skaitytaknyga.lt\/en\/produktas\/neil-mckenna-slaptas-oscaro-wildeo-gyvenimas\/\" \/>\n<meta property=\"og:locale\" content=\"en_GB\" \/>\n<meta property=\"og:locale:alternate\" content=\"lt_LT\" \/>\n<meta property=\"og:type\" content=\"article\" \/>\n<meta property=\"og:title\" content=\"Slaptas Oscaro Wilde&#039;o gyvenimas\" \/>\n<meta property=\"og:description\" content=\"Oscaras Wilde\u2019as (1854\u20131900) \u2013 airi\u0173 kilm\u0117s angl\u0173 dramaturgas, poetas, ra\u0161ytojas. J\u012f i\u0161garsino pjes\u0117s, aforizmai, ypa\u010d romanas \u201eDoriano Gr\u0117jaus portretas\u201c.  \u201eSlaptas Oscaro Wilde\u2019o gyvenimas\u201c yra \u012fsp\u016bdingas vieno savi\u010diausi\u0173 \u0161iuolaikini\u0173 brit\u0173 biograf\u0173 Neilo McKennos debiutas. Knyga peln\u0117 pripa\u017einim\u0105 ne tik Anglijoje, bet ir svetur. Joje pateikta daug nauj\u0173 fakt\u0173 apie emocin\u012f ken\u010dian\u010dio k\u016br\u0117jo gyvenim\u0105, jo po\u017ei\u016br\u012f \u012f meil\u0119 ir seks\u0105. Tai sud\u0117tinga Oscaro gyvenimo odis\u0117ja, intymi kelion\u0117, vedanti \u012f sav\u0119s pa\u017einim\u0105.  Paslapties esm\u0117 yra ne patyrimo vaisius ir ne pati patirtis, esm\u0117 yra patirties tro\u0161kulys. Nor\u0117jau paragauti vis\u0173 r\u016b\u0161i\u0173 vaisi\u0173 nuo vis\u0173 pasaulio med\u017ei\u0173 i\u0161 vis\u0173 pasaulio sod\u0173.  Visk\u0105, apie k\u0105 nor\u0117jau para\u0161yti, jau para\u0161iau. Ra\u0161iau tada, kai dar nepa\u017einojau gyvenimo; dabar, kai jau \u017einau gyvenimo prasm\u0119, nebeturiu k\u0105 ra\u0161yti. Gyvenimas ne u\u017era\u0161omas, tik gyvenamas. Jau gyvenau.\" \/>\n<meta property=\"og:url\" content=\"https:\/\/skaitytaknyga.lt\/en\/produktas\/neil-mckenna-slaptas-oscaro-wildeo-gyvenimas\/\" \/>\n<meta property=\"og:site_name\" content=\"Skaitytaknyga\" \/>\n<meta property=\"article:publisher\" content=\"https:\/\/www.facebook.com\/skaitytaknyga\/\" \/>\n<meta property=\"article:modified_time\" content=\"2025-06-23T08:48:38+00:00\" \/>\n<meta property=\"og:image\" content=\"https:\/\/skaitytaknyga.lt\/wp-content\/uploads\/2024\/05\/000000000002159063-59de8361e11fc-asset-knyguklubas-cdb_9789955165156-oscar-wilde-cover-press_p1.jpg\" \/>\n\t<meta property=\"og:image:width\" content=\"285\" \/>\n\t<meta property=\"og:image:height\" content=\"411\" \/>\n\t<meta property=\"og:image:type\" content=\"image\/jpeg\" \/>\n<meta name=\"twitter:card\" content=\"summary_large_image\" \/>\n<meta name=\"twitter:label1\" content=\"Estimated reading time\" \/>\n\t<meta name=\"twitter:data1\" content=\"1 minute\" \/>\n<script type=\"application\/ld+json\" class=\"yoast-schema-graph\">{\"@context\":\"https:\\\/\\\/schema.org\",\"@graph\":[{\"@type\":\"WebPage\",\"@id\":\"https:\\\/\\\/skaitytaknyga.lt\\\/produktas\\\/neil-mckenna-slaptas-oscaro-wildeo-gyvenimas\\\/\",\"url\":\"https:\\\/\\\/skaitytaknyga.lt\\\/produktas\\\/neil-mckenna-slaptas-oscaro-wildeo-gyvenimas\\\/\",\"name\":\"Slaptas Oscaro Wilde'o gyvenimas\",\"isPartOf\":{\"@id\":\"https:\\\/\\\/skaitytaknyga.lt\\\/#website\"},\"primaryImageOfPage\":{\"@id\":\"https:\\\/\\\/skaitytaknyga.lt\\\/produktas\\\/neil-mckenna-slaptas-oscaro-wildeo-gyvenimas\\\/#primaryimage\"},\"image\":{\"@id\":\"https:\\\/\\\/skaitytaknyga.lt\\\/produktas\\\/neil-mckenna-slaptas-oscaro-wildeo-gyvenimas\\\/#primaryimage\"},\"thumbnailUrl\":\"https:\\\/\\\/skaitytaknyga.lt\\\/wp-content\\\/uploads\\\/2024\\\/05\\\/000000000002159063-59de8361e11fc-asset-knyguklubas-cdb_9789955165156-oscar-wilde-cover-press_p1.jpg\",\"datePublished\":\"2024-05-04T18:10:12+00:00\",\"dateModified\":\"2025-06-23T08:48:38+00:00\",\"description\":\"Oscaras Wilde\u2019as (1854\u20131900) \u2013 airi\u0173 kilm\u0117s angl\u0173 dramaturgas, poetas, ra\u0161ytojas. J\u012f i\u0161garsino pjes\u0117s, aforizmai, ypa\u010d romanas \u201eDoriano Gr\u0117jaus portretas\u201c. \u201eSlaptas Oscaro Wilde\u2019o gyvenimas\u201c yra \u012fsp\u016bdingas vieno savi\u010diausi\u0173 \u0161iuolaikini\u0173 brit\u0173 biograf\u0173 Neilo McKennos debiutas. Knyga peln\u0117 pripa\u017einim\u0105 ne tik Anglijoje, bet ir svetur. Joje pateikta daug nauj\u0173 fakt\u0173 apie emocin\u012f ken\u010dian\u010dio k\u016br\u0117jo gyvenim\u0105, jo po\u017ei\u016br\u012f \u012f meil\u0119 ir seks\u0105. Tai sud\u0117tinga Oscaro gyvenimo odis\u0117ja, intymi kelion\u0117, vedanti \u012f sav\u0119s pa\u017einim\u0105. Paslapties esm\u0117 yra ne patyrimo vaisius ir ne pati patirtis, esm\u0117 yra patirties tro\u0161kulys. Nor\u0117jau paragauti vis\u0173 r\u016b\u0161i\u0173 vaisi\u0173 nuo vis\u0173 pasaulio med\u017ei\u0173 i\u0161 vis\u0173 pasaulio sod\u0173. Visk\u0105, apie k\u0105 nor\u0117jau para\u0161yti, jau para\u0161iau. Ra\u0161iau tada, kai dar nepa\u017einojau gyvenimo; dabar, kai jau \u017einau gyvenimo prasm\u0119, nebeturiu k\u0105 ra\u0161yti. Gyvenimas ne u\u017era\u0161omas, tik gyvenamas. Jau gyvenau.\",\"breadcrumb\":{\"@id\":\"https:\\\/\\\/skaitytaknyga.lt\\\/produktas\\\/neil-mckenna-slaptas-oscaro-wildeo-gyvenimas\\\/#breadcrumb\"},\"inLanguage\":\"en-GB\",\"potentialAction\":[{\"@type\":\"ReadAction\",\"target\":[\"https:\\\/\\\/skaitytaknyga.lt\\\/produktas\\\/neil-mckenna-slaptas-oscaro-wildeo-gyvenimas\\\/\"]}]},{\"@type\":\"ImageObject\",\"inLanguage\":\"en-GB\",\"@id\":\"https:\\\/\\\/skaitytaknyga.lt\\\/produktas\\\/neil-mckenna-slaptas-oscaro-wildeo-gyvenimas\\\/#primaryimage\",\"url\":\"https:\\\/\\\/skaitytaknyga.lt\\\/wp-content\\\/uploads\\\/2024\\\/05\\\/000000000002159063-59de8361e11fc-asset-knyguklubas-cdb_9789955165156-oscar-wilde-cover-press_p1.jpg\",\"contentUrl\":\"https:\\\/\\\/skaitytaknyga.lt\\\/wp-content\\\/uploads\\\/2024\\\/05\\\/000000000002159063-59de8361e11fc-asset-knyguklubas-cdb_9789955165156-oscar-wilde-cover-press_p1.jpg\",\"width\":285,\"height\":411},{\"@type\":\"BreadcrumbList\",\"@id\":\"https:\\\/\\\/skaitytaknyga.lt\\\/produktas\\\/neil-mckenna-slaptas-oscaro-wildeo-gyvenimas\\\/#breadcrumb\",\"itemListElement\":[{\"@type\":\"ListItem\",\"position\":1,\"name\":\"Home\",\"item\":\"https:\\\/\\\/skaitytaknyga.lt\\\/\"},{\"@type\":\"ListItem\",\"position\":2,\"name\":\"Parduotuv\u0117\",\"item\":\"https:\\\/\\\/skaitytaknyga.lt\\\/knygu-parduotuve\\\/\"},{\"@type\":\"ListItem\",\"position\":3,\"name\":\"Slaptas Oscaro Wilde&#8217;o gyvenimas\"}]},{\"@type\":\"WebSite\",\"@id\":\"https:\\\/\\\/skaitytaknyga.lt\\\/#website\",\"url\":\"https:\\\/\\\/skaitytaknyga.lt\\\/\",\"name\":\"skaitytaknyga.lt\",\"description\":\"Skaitytaknyga.lt \u2013 tai ma\u017eas \u0161eimos verslas, kuris prasid\u0117jo nuo meil\u0117s knygoms ir siekio i\u0161gelb\u0117ti knygas nuo likimo prie konteinerio. Kas vienam nereikalingas daiktas \u2013 kitam lobis, o mes esame tarpininkai, kurie padeda abiems tapti laimingesniems ???? \u017dinome kaip nelengva i\u0161gyventi ma\u017eiems verslams, tad nuo \u0161iol, \u010dia rasite ir kit\u0173, ma\u017e\u0173 \u0161eim\u0173 versl\u0173, rank\u0173 darbo, dovan\u0173 sau ir artimiesiems.\",\"publisher\":{\"@id\":\"https:\\\/\\\/skaitytaknyga.lt\\\/#organization\"},\"potentialAction\":[{\"@type\":\"SearchAction\",\"target\":{\"@type\":\"EntryPoint\",\"urlTemplate\":\"https:\\\/\\\/skaitytaknyga.lt\\\/?s={search_term_string}\"},\"query-input\":{\"@type\":\"PropertyValueSpecification\",\"valueRequired\":true,\"valueName\":\"search_term_string\"}}],\"inLanguage\":\"en-GB\"},{\"@type\":\"Organization\",\"@id\":\"https:\\\/\\\/skaitytaknyga.lt\\\/#organization\",\"name\":\"skaitytaknyga.lt\",\"url\":\"https:\\\/\\\/skaitytaknyga.lt\\\/\",\"logo\":{\"@type\":\"ImageObject\",\"inLanguage\":\"en-GB\",\"@id\":\"https:\\\/\\\/skaitytaknyga.lt\\\/#\\\/schema\\\/logo\\\/image\\\/\",\"url\":\"https:\\\/\\\/skaitytaknyga.lt\\\/wp-content\\\/uploads\\\/2024\\\/05\\\/cropped-cropped-cropped-02_00843_jt3bggkj1j3HLc7SyY6rEUpg.jpeg\",\"contentUrl\":\"https:\\\/\\\/skaitytaknyga.lt\\\/wp-content\\\/uploads\\\/2024\\\/05\\\/cropped-cropped-cropped-02_00843_jt3bggkj1j3HLc7SyY6rEUpg.jpeg\",\"width\":1600,\"height\":1600,\"caption\":\"skaitytaknyga.lt\"},\"image\":{\"@id\":\"https:\\\/\\\/skaitytaknyga.lt\\\/#\\\/schema\\\/logo\\\/image\\\/\"},\"sameAs\":[\"https:\\\/\\\/www.facebook.com\\\/skaitytaknyga\\\/\"]}]}<\/script>\n<!-- \/ Yoast SEO plugin. -->","yoast_head_json":{"title":"Slaptas Oscaro Wilde'o gyvenimas","description":"Oscaras Wilde\u2019as (1854\u20131900) \u2013 airi\u0173 kilm\u0117s angl\u0173 dramaturgas, poetas, ra\u0161ytojas. J\u012f i\u0161garsino pjes\u0117s, aforizmai, ypa\u010d romanas \u201eDoriano Gr\u0117jaus portretas\u201c.  \u201eSlaptas Oscaro Wilde\u2019o gyvenimas\u201c yra \u012fsp\u016bdingas vieno savi\u010diausi\u0173 \u0161iuolaikini\u0173 brit\u0173 biograf\u0173 Neilo McKennos debiutas. Knyga peln\u0117 pripa\u017einim\u0105 ne tik Anglijoje, bet ir svetur. Joje pateikta daug nauj\u0173 fakt\u0173 apie emocin\u012f ken\u010dian\u010dio k\u016br\u0117jo gyvenim\u0105, jo po\u017ei\u016br\u012f \u012f meil\u0119 ir seks\u0105. Tai sud\u0117tinga Oscaro gyvenimo odis\u0117ja, intymi kelion\u0117, vedanti \u012f sav\u0119s pa\u017einim\u0105.  Paslapties esm\u0117 yra ne patyrimo vaisius ir ne pati patirtis, esm\u0117 yra patirties tro\u0161kulys. Nor\u0117jau paragauti vis\u0173 r\u016b\u0161i\u0173 vaisi\u0173 nuo vis\u0173 pasaulio med\u017ei\u0173 i\u0161 vis\u0173 pasaulio sod\u0173.  Visk\u0105, apie k\u0105 nor\u0117jau para\u0161yti, jau para\u0161iau. Ra\u0161iau tada, kai dar nepa\u017einojau gyvenimo; dabar, kai jau \u017einau gyvenimo prasm\u0119, nebeturiu k\u0105 ra\u0161yti. Gyvenimas ne u\u017era\u0161omas, tik gyvenamas. Jau gyvenau.","robots":{"index":"index","follow":"follow","max-snippet":"max-snippet:-1","max-image-preview":"max-image-preview:large","max-video-preview":"max-video-preview:-1"},"canonical":"https:\/\/skaitytaknyga.lt\/en\/produktas\/neil-mckenna-slaptas-oscaro-wildeo-gyvenimas\/","og_locale":"en_GB","og_type":"article","og_title":"[:lt]Slaptas Oscaro Wilde'o gyvenimas[:] - Skaitytaknyga","og_description":"Oscaras Wilde\u2019as (1854\u20131900) \u2013 airi\u0173 kilm\u0117s angl\u0173 dramaturgas, poetas, ra\u0161ytojas. J\u012f i\u0161garsino pjes\u0117s, aforizmai, ypa\u010d romanas \u201eDoriano Gr\u0117jaus portretas\u201c.  \u201eSlaptas Oscaro Wilde\u2019o gyvenimas\u201c yra \u012fsp\u016bdingas vieno savi\u010diausi\u0173 \u0161iuolaikini\u0173 brit\u0173 biograf\u0173 Neilo McKennos debiutas. Knyga peln\u0117 pripa\u017einim\u0105 ne tik Anglijoje, bet ir svetur. Joje pateikta daug nauj\u0173 fakt\u0173 apie emocin\u012f ken\u010dian\u010dio k\u016br\u0117jo gyvenim\u0105, jo po\u017ei\u016br\u012f \u012f meil\u0119 ir seks\u0105. Tai sud\u0117tinga Oscaro gyvenimo odis\u0117ja, intymi kelion\u0117, vedanti \u012f sav\u0119s pa\u017einim\u0105.  Paslapties esm\u0117 yra ne patyrimo vaisius ir ne pati patirtis, esm\u0117 yra patirties tro\u0161kulys. Nor\u0117jau paragauti vis\u0173 r\u016b\u0161i\u0173 vaisi\u0173 nuo vis\u0173 pasaulio med\u017ei\u0173 i\u0161 vis\u0173 pasaulio sod\u0173.  Visk\u0105, apie k\u0105 nor\u0117jau para\u0161yti, jau para\u0161iau. Ra\u0161iau tada, kai dar nepa\u017einojau gyvenimo; dabar, kai jau \u017einau gyvenimo prasm\u0119, nebeturiu k\u0105 ra\u0161yti. Gyvenimas ne u\u017era\u0161omas, tik gyvenamas. Jau gyvenau.","og_url":"https:\/\/skaitytaknyga.lt\/en\/produktas\/neil-mckenna-slaptas-oscaro-wildeo-gyvenimas\/","og_site_name":"Skaitytaknyga","article_publisher":"https:\/\/www.facebook.com\/skaitytaknyga\/","article_modified_time":"2025-06-23T08:48:38+00:00","og_image":[{"width":285,"height":411,"url":"https:\/\/skaitytaknyga.lt\/wp-content\/uploads\/2024\/05\/000000000002159063-59de8361e11fc-asset-knyguklubas-cdb_9789955165156-oscar-wilde-cover-press_p1.jpg","type":"image\/jpeg"}],"twitter_card":"summary_large_image","twitter_misc":{"Estimated reading time":"1 minute"},"schema":{"@context":"https:\/\/schema.org","@graph":[{"@type":"WebPage","@id":"https:\/\/skaitytaknyga.lt\/produktas\/neil-mckenna-slaptas-oscaro-wildeo-gyvenimas\/","url":"https:\/\/skaitytaknyga.lt\/produktas\/neil-mckenna-slaptas-oscaro-wildeo-gyvenimas\/","name":"Slaptas Oscaro Wilde'o gyvenimas","isPartOf":{"@id":"https:\/\/skaitytaknyga.lt\/#website"},"primaryImageOfPage":{"@id":"https:\/\/skaitytaknyga.lt\/produktas\/neil-mckenna-slaptas-oscaro-wildeo-gyvenimas\/#primaryimage"},"image":{"@id":"https:\/\/skaitytaknyga.lt\/produktas\/neil-mckenna-slaptas-oscaro-wildeo-gyvenimas\/#primaryimage"},"thumbnailUrl":"https:\/\/skaitytaknyga.lt\/wp-content\/uploads\/2024\/05\/000000000002159063-59de8361e11fc-asset-knyguklubas-cdb_9789955165156-oscar-wilde-cover-press_p1.jpg","datePublished":"2024-05-04T18:10:12+00:00","dateModified":"2025-06-23T08:48:38+00:00","description":"Oscaras Wilde\u2019as (1854\u20131900) \u2013 airi\u0173 kilm\u0117s angl\u0173 dramaturgas, poetas, ra\u0161ytojas. J\u012f i\u0161garsino pjes\u0117s, aforizmai, ypa\u010d romanas \u201eDoriano Gr\u0117jaus portretas\u201c. \u201eSlaptas Oscaro Wilde\u2019o gyvenimas\u201c yra \u012fsp\u016bdingas vieno savi\u010diausi\u0173 \u0161iuolaikini\u0173 brit\u0173 biograf\u0173 Neilo McKennos debiutas. Knyga peln\u0117 pripa\u017einim\u0105 ne tik Anglijoje, bet ir svetur. Joje pateikta daug nauj\u0173 fakt\u0173 apie emocin\u012f ken\u010dian\u010dio k\u016br\u0117jo gyvenim\u0105, jo po\u017ei\u016br\u012f \u012f meil\u0119 ir seks\u0105. Tai sud\u0117tinga Oscaro gyvenimo odis\u0117ja, intymi kelion\u0117, vedanti \u012f sav\u0119s pa\u017einim\u0105. Paslapties esm\u0117 yra ne patyrimo vaisius ir ne pati patirtis, esm\u0117 yra patirties tro\u0161kulys. Nor\u0117jau paragauti vis\u0173 r\u016b\u0161i\u0173 vaisi\u0173 nuo vis\u0173 pasaulio med\u017ei\u0173 i\u0161 vis\u0173 pasaulio sod\u0173. Visk\u0105, apie k\u0105 nor\u0117jau para\u0161yti, jau para\u0161iau. Ra\u0161iau tada, kai dar nepa\u017einojau gyvenimo; dabar, kai jau \u017einau gyvenimo prasm\u0119, nebeturiu k\u0105 ra\u0161yti. Gyvenimas ne u\u017era\u0161omas, tik gyvenamas. Jau gyvenau.","breadcrumb":{"@id":"https:\/\/skaitytaknyga.lt\/produktas\/neil-mckenna-slaptas-oscaro-wildeo-gyvenimas\/#breadcrumb"},"inLanguage":"en-GB","potentialAction":[{"@type":"ReadAction","target":["https:\/\/skaitytaknyga.lt\/produktas\/neil-mckenna-slaptas-oscaro-wildeo-gyvenimas\/"]}]},{"@type":"ImageObject","inLanguage":"en-GB","@id":"https:\/\/skaitytaknyga.lt\/produktas\/neil-mckenna-slaptas-oscaro-wildeo-gyvenimas\/#primaryimage","url":"https:\/\/skaitytaknyga.lt\/wp-content\/uploads\/2024\/05\/000000000002159063-59de8361e11fc-asset-knyguklubas-cdb_9789955165156-oscar-wilde-cover-press_p1.jpg","contentUrl":"https:\/\/skaitytaknyga.lt\/wp-content\/uploads\/2024\/05\/000000000002159063-59de8361e11fc-asset-knyguklubas-cdb_9789955165156-oscar-wilde-cover-press_p1.jpg","width":285,"height":411},{"@type":"BreadcrumbList","@id":"https:\/\/skaitytaknyga.lt\/produktas\/neil-mckenna-slaptas-oscaro-wildeo-gyvenimas\/#breadcrumb","itemListElement":[{"@type":"ListItem","position":1,"name":"Home","item":"https:\/\/skaitytaknyga.lt\/"},{"@type":"ListItem","position":2,"name":"Parduotuv\u0117","item":"https:\/\/skaitytaknyga.lt\/knygu-parduotuve\/"},{"@type":"ListItem","position":3,"name":"Slaptas Oscaro Wilde&#8217;o gyvenimas"}]},{"@type":"WebSite","@id":"https:\/\/skaitytaknyga.lt\/#website","url":"https:\/\/skaitytaknyga.lt\/","name":"skaitytaknyga.lt","description":"Skaitytaknyga.lt \u2013 tai ma\u017eas \u0161eimos verslas, kuris prasid\u0117jo nuo meil\u0117s knygoms ir siekio i\u0161gelb\u0117ti knygas nuo likimo prie konteinerio. Kas vienam nereikalingas daiktas \u2013 kitam lobis, o mes esame tarpininkai, kurie padeda abiems tapti laimingesniems ???? \u017dinome kaip nelengva i\u0161gyventi ma\u017eiems verslams, tad nuo \u0161iol, \u010dia rasite ir kit\u0173, ma\u017e\u0173 \u0161eim\u0173 versl\u0173, rank\u0173 darbo, dovan\u0173 sau ir artimiesiems.","publisher":{"@id":"https:\/\/skaitytaknyga.lt\/#organization"},"potentialAction":[{"@type":"SearchAction","target":{"@type":"EntryPoint","urlTemplate":"https:\/\/skaitytaknyga.lt\/?s={search_term_string}"},"query-input":{"@type":"PropertyValueSpecification","valueRequired":true,"valueName":"search_term_string"}}],"inLanguage":"en-GB"},{"@type":"Organization","@id":"https:\/\/skaitytaknyga.lt\/#organization","name":"skaitytaknyga.lt","url":"https:\/\/skaitytaknyga.lt\/","logo":{"@type":"ImageObject","inLanguage":"en-GB","@id":"https:\/\/skaitytaknyga.lt\/#\/schema\/logo\/image\/","url":"https:\/\/skaitytaknyga.lt\/wp-content\/uploads\/2024\/05\/cropped-cropped-cropped-02_00843_jt3bggkj1j3HLc7SyY6rEUpg.jpeg","contentUrl":"https:\/\/skaitytaknyga.lt\/wp-content\/uploads\/2024\/05\/cropped-cropped-cropped-02_00843_jt3bggkj1j3HLc7SyY6rEUpg.jpeg","width":1600,"height":1600,"caption":"skaitytaknyga.lt"},"image":{"@id":"https:\/\/skaitytaknyga.lt\/#\/schema\/logo\/image\/"},"sameAs":["https:\/\/www.facebook.com\/skaitytaknyga\/"]}]}},"_links":{"self":[{"href":"https:\/\/skaitytaknyga.lt\/en\/wp-json\/wp\/v2\/product\/10244","targetHints":{"allow":["GET"]}}],"collection":[{"href":"https:\/\/skaitytaknyga.lt\/en\/wp-json\/wp\/v2\/product"}],"about":[{"href":"https:\/\/skaitytaknyga.lt\/en\/wp-json\/wp\/v2\/types\/product"}],"replies":[{"embeddable":true,"href":"https:\/\/skaitytaknyga.lt\/en\/wp-json\/wp\/v2\/comments?post=10244"}],"wp:featuredmedia":[{"embeddable":true,"href":"https:\/\/skaitytaknyga.lt\/en\/wp-json\/wp\/v2\/media\/10296"}],"wp:attachment":[{"href":"https:\/\/skaitytaknyga.lt\/en\/wp-json\/wp\/v2\/media?parent=10244"}],"wp:term":[{"taxonomy":"product_brand","embeddable":true,"href":"https:\/\/skaitytaknyga.lt\/en\/wp-json\/wp\/v2\/product_brand?post=10244"},{"taxonomy":"product_cat","embeddable":true,"href":"https:\/\/skaitytaknyga.lt\/en\/wp-json\/wp\/v2\/product_cat?post=10244"},{"taxonomy":"product_tag","embeddable":true,"href":"https:\/\/skaitytaknyga.lt\/en\/wp-json\/wp\/v2\/product_tag?post=10244"}],"curies":[{"name":"wp","href":"https:\/\/api.w.org\/{rel}","templated":true}]}}