{"id":10243,"date":"2024-05-04T18:10:12","date_gmt":"2024-05-04T18:10:12","guid":{"rendered":"https:\/\/skaitytaknyga.lt\/?post_type=product&#038;p=10243"},"modified":"2024-05-04T18:11:22","modified_gmt":"2024-05-04T18:11:22","slug":"nepamirskite-tigrio","status":"publish","type":"product","link":"https:\/\/skaitytaknyga.lt\/en\/produktas\/nepamirskite-tigrio\/","title":{"rendered":"Nepamir\u0161kite Tigrio!"},"content":{"rendered":"<p>Ponas ir ponia Skubiai nuolat skuba.<\/p>\n<p>Jie niekada NESUSTOJA!<\/p>\n<p>Ir d\u0117l to ponai Skubiai pamir\u0161ta labai svarbius dalykus: pavalgyti&#8230; apsipirkti&#8230; nuvesti savo s\u016bn\u0173 Sim\u0105 \u012f mokykl\u0105!<\/p>\n<p>Laimei, katinas Tigris yra \u0161alia, jis pasireng\u0119s priminti visa tai \u0161eimininkams.<\/p>\n<p>Bet ar kas prisimins paduoti Tigriui vakarien\u0119?<\/p>\n","protected":false},"excerpt":{"rendered":"<p>Ponas ir ponia Skubiai nuolat skuba.<\/p>\n<p>Jie niekada NESUSTOJA!<\/p>\n<p>Ir d\u0117l to ponai Skubiai pamir\u0161ta labai svarbius dalykus: pavalgyti&#8230; apsipirkti&#8230; nuvesti savo s\u016bn\u0173 Sim\u0105 \u012f mokykl\u0105!<\/p>\n<p>Laimei, katinas Tigris yra \u0161alia, jis pasireng\u0119s priminti visa tai \u0161eimininkams.<\/p>\n<p>Bet ar kas prisimins paduoti Tigriui vakarien\u0119?<\/p>\n","protected":false},"featured_media":10287,"comment_status":"closed","ping_status":"closed","template":"","meta":{"_acf_changed":false,"site-sidebar-layout":"default","site-content-layout":"","ast-site-content-layout":"default","site-content-style":"default","site-sidebar-style":"default","ast-global-header-display":"","ast-banner-title-visibility":"","ast-main-header-display":"","ast-hfb-above-header-display":"","ast-hfb-below-header-display":"","ast-hfb-mobile-header-display":"","site-post-title":"","ast-breadcrumbs-content":"","ast-featured-img":"","footer-sml-layout":"","ast-disable-related-posts":"","theme-transparent-header-meta":"","adv-header-id-meta":"","stick-header-meta":"","header-above-stick-meta":"","header-main-stick-meta":"","header-below-stick-meta":"","astra-migrate-meta-layouts":"default","ast-page-background-enabled":"default","ast-page-background-meta":{"desktop":{"background-color":"","background-image":"","background-repeat":"repeat","background-position":"center center","background-size":"auto","background-attachment":"scroll","background-type":"","background-media":"","overlay-type":"","overlay-color":"","overlay-opacity":"","overlay-gradient":""},"tablet":{"background-color":"","background-image":"","background-repeat":"repeat","background-position":"center center","background-size":"auto","background-attachment":"scroll","background-type":"","background-media":"","overlay-type":"","overlay-color":"","overlay-opacity":"","overlay-gradient":""},"mobile":{"background-color":"","background-image":"","background-repeat":"repeat","background-position":"center center","background-size":"auto","background-attachment":"scroll","background-type":"","background-media":"","overlay-type":"","overlay-color":"","overlay-opacity":"","overlay-gradient":""}},"ast-content-background-meta":{"desktop":{"background-color":"var(--ast-global-color-4)","background-image":"","background-repeat":"repeat","background-position":"center center","background-size":"auto","background-attachment":"scroll","background-type":"","background-media":"","overlay-type":"","overlay-color":"","overlay-opacity":"","overlay-gradient":""},"tablet":{"background-color":"var(--ast-global-color-4)","background-image":"","background-repeat":"repeat","background-position":"center center","background-size":"auto","background-attachment":"scroll","background-type":"","background-media":"","overlay-type":"","overlay-color":"","overlay-opacity":"","overlay-gradient":""},"mobile":{"background-color":"var(--ast-global-color-4)","background-image":"","background-repeat":"repeat","background-position":"center center","background-size":"auto","background-attachment":"scroll","background-type":"","background-media":"","overlay-type":"","overlay-color":"","overlay-opacity":"","overlay-gradient":""}}},"product_brand":[],"product_cat":[35],"product_tag":[],"class_list":{"0":"post-10243","1":"product","2":"type-product","3":"status-publish","4":"has-post-thumbnail","6":"product_cat-vaikams-ir-paaugliams","7":"desktop-align-left","8":"tablet-align-left","9":"mobile-align-left","11":"first","12":"instock","13":"shipping-taxable","14":"purchasable","15":"product-type-simple"},"acf":[],"yoast_head":"<!-- This site is optimized with the Yoast SEO plugin v27.4 - https:\/\/yoast.com\/product\/yoast-seo-wordpress\/ -->\n<title>Nepamir\u0161kite Tigrio! - Skaitytaknyga<\/title>\n<meta name=\"description\" content=\"Ponas ir ponia Skubiai nuolat skuba.  Jie niekada NESUSTOJA!  Ir d\u0117l to ponai Skubiai pamir\u0161ta labai svarbius dalykus: pavalgyti... apsipirkti... nuvesti savo s\u016bn\u0173 Sim\u0105 \u012f mokykl\u0105!  Laimei, katinas Tigris yra \u0161alia, jis pasireng\u0119s priminti visa tai \u0161eimininkams.  Bet ar kas prisimins paduoti Tigriui vakarien\u0119?\" \/>\n<meta name=\"robots\" content=\"index, follow, max-snippet:-1, max-image-preview:large, max-video-preview:-1\" \/>\n<link rel=\"canonical\" href=\"https:\/\/skaitytaknyga.lt\/en\/produktas\/nepamirskite-tigrio\/\" \/>\n<meta property=\"og:locale\" content=\"en_GB\" \/>\n<meta property=\"og:locale:alternate\" content=\"lt_LT\" \/>\n<meta property=\"og:type\" content=\"article\" \/>\n<meta property=\"og:title\" content=\"Nepamir\u0161kite Tigrio! - Skaitytaknyga\" \/>\n<meta property=\"og:description\" content=\"Ponas ir ponia Skubiai nuolat skuba.  Jie niekada NESUSTOJA!  Ir d\u0117l to ponai Skubiai pamir\u0161ta labai svarbius dalykus: pavalgyti... apsipirkti... nuvesti savo s\u016bn\u0173 Sim\u0105 \u012f mokykl\u0105!  Laimei, katinas Tigris yra \u0161alia, jis pasireng\u0119s priminti visa tai \u0161eimininkams.  Bet ar kas prisimins paduoti Tigriui vakarien\u0119?\" \/>\n<meta property=\"og:url\" content=\"https:\/\/skaitytaknyga.lt\/en\/produktas\/nepamirskite-tigrio\/\" \/>\n<meta property=\"og:site_name\" content=\"Skaitytaknyga\" \/>\n<meta property=\"article:publisher\" content=\"https:\/\/www.facebook.com\/skaitytaknyga\/\" \/>\n<meta property=\"article:modified_time\" content=\"2024-05-04T18:11:22+00:00\" \/>\n<meta property=\"og:image\" content=\"https:\/\/skaitytaknyga.lt\/wp-content\/uploads\/2024\/05\/1509695477_cdb_Nepamirskite-Tigrio_p1.png\" \/>\n\t<meta property=\"og:image:width\" content=\"272\" \/>\n\t<meta property=\"og:image:height\" content=\"430\" \/>\n\t<meta property=\"og:image:type\" content=\"image\/png\" \/>\n<meta name=\"twitter:card\" content=\"summary_large_image\" \/>\n<script type=\"application\/ld+json\" class=\"yoast-schema-graph\">{\"@context\":\"https:\\\/\\\/schema.org\",\"@graph\":[{\"@type\":\"WebPage\",\"@id\":\"https:\\\/\\\/skaitytaknyga.lt\\\/produktas\\\/nepamirskite-tigrio\\\/\",\"url\":\"https:\\\/\\\/skaitytaknyga.lt\\\/produktas\\\/nepamirskite-tigrio\\\/\",\"name\":\"Nepamir\u0161kite Tigrio! - Skaitytaknyga\",\"isPartOf\":{\"@id\":\"https:\\\/\\\/skaitytaknyga.lt\\\/#website\"},\"primaryImageOfPage\":{\"@id\":\"https:\\\/\\\/skaitytaknyga.lt\\\/produktas\\\/nepamirskite-tigrio\\\/#primaryimage\"},\"image\":{\"@id\":\"https:\\\/\\\/skaitytaknyga.lt\\\/produktas\\\/nepamirskite-tigrio\\\/#primaryimage\"},\"thumbnailUrl\":\"https:\\\/\\\/skaitytaknyga.lt\\\/wp-content\\\/uploads\\\/2024\\\/05\\\/1509695477_cdb_Nepamirskite-Tigrio_p1.png\",\"datePublished\":\"2024-05-04T18:10:12+00:00\",\"dateModified\":\"2024-05-04T18:11:22+00:00\",\"description\":\"Ponas ir ponia Skubiai nuolat skuba. Jie niekada NESUSTOJA! Ir d\u0117l to ponai Skubiai pamir\u0161ta labai svarbius dalykus: pavalgyti... apsipirkti... nuvesti savo s\u016bn\u0173 Sim\u0105 \u012f mokykl\u0105! Laimei, katinas Tigris yra \u0161alia, jis pasireng\u0119s priminti visa tai \u0161eimininkams. Bet ar kas prisimins paduoti Tigriui vakarien\u0119?\",\"breadcrumb\":{\"@id\":\"https:\\\/\\\/skaitytaknyga.lt\\\/produktas\\\/nepamirskite-tigrio\\\/#breadcrumb\"},\"inLanguage\":\"en-GB\",\"potentialAction\":[{\"@type\":\"ReadAction\",\"target\":[\"https:\\\/\\\/skaitytaknyga.lt\\\/produktas\\\/nepamirskite-tigrio\\\/\"]}]},{\"@type\":\"ImageObject\",\"inLanguage\":\"en-GB\",\"@id\":\"https:\\\/\\\/skaitytaknyga.lt\\\/produktas\\\/nepamirskite-tigrio\\\/#primaryimage\",\"url\":\"https:\\\/\\\/skaitytaknyga.lt\\\/wp-content\\\/uploads\\\/2024\\\/05\\\/1509695477_cdb_Nepamirskite-Tigrio_p1.png\",\"contentUrl\":\"https:\\\/\\\/skaitytaknyga.lt\\\/wp-content\\\/uploads\\\/2024\\\/05\\\/1509695477_cdb_Nepamirskite-Tigrio_p1.png\",\"width\":272,\"height\":430},{\"@type\":\"BreadcrumbList\",\"@id\":\"https:\\\/\\\/skaitytaknyga.lt\\\/produktas\\\/nepamirskite-tigrio\\\/#breadcrumb\",\"itemListElement\":[{\"@type\":\"ListItem\",\"position\":1,\"name\":\"Home\",\"item\":\"https:\\\/\\\/skaitytaknyga.lt\\\/\"},{\"@type\":\"ListItem\",\"position\":2,\"name\":\"Parduotuv\u0117\",\"item\":\"https:\\\/\\\/skaitytaknyga.lt\\\/knygu-parduotuve\\\/\"},{\"@type\":\"ListItem\",\"position\":3,\"name\":\"Nepamir\u0161kite Tigrio!\"}]},{\"@type\":\"WebSite\",\"@id\":\"https:\\\/\\\/skaitytaknyga.lt\\\/#website\",\"url\":\"https:\\\/\\\/skaitytaknyga.lt\\\/\",\"name\":\"skaitytaknyga.lt\",\"description\":\"Skaitytaknyga.lt \u2013 tai ma\u017eas \u0161eimos verslas, kuris prasid\u0117jo nuo meil\u0117s knygoms ir siekio i\u0161gelb\u0117ti knygas nuo likimo prie konteinerio. Kas vienam nereikalingas daiktas \u2013 kitam lobis, o mes esame tarpininkai, kurie padeda abiems tapti laimingesniems ???? \u017dinome kaip nelengva i\u0161gyventi ma\u017eiems verslams, tad nuo \u0161iol, \u010dia rasite ir kit\u0173, ma\u017e\u0173 \u0161eim\u0173 versl\u0173, rank\u0173 darbo, dovan\u0173 sau ir artimiesiems.\",\"publisher\":{\"@id\":\"https:\\\/\\\/skaitytaknyga.lt\\\/#organization\"},\"potentialAction\":[{\"@type\":\"SearchAction\",\"target\":{\"@type\":\"EntryPoint\",\"urlTemplate\":\"https:\\\/\\\/skaitytaknyga.lt\\\/?s={search_term_string}\"},\"query-input\":{\"@type\":\"PropertyValueSpecification\",\"valueRequired\":true,\"valueName\":\"search_term_string\"}}],\"inLanguage\":\"en-GB\"},{\"@type\":\"Organization\",\"@id\":\"https:\\\/\\\/skaitytaknyga.lt\\\/#organization\",\"name\":\"skaitytaknyga.lt\",\"url\":\"https:\\\/\\\/skaitytaknyga.lt\\\/\",\"logo\":{\"@type\":\"ImageObject\",\"inLanguage\":\"en-GB\",\"@id\":\"https:\\\/\\\/skaitytaknyga.lt\\\/#\\\/schema\\\/logo\\\/image\\\/\",\"url\":\"https:\\\/\\\/skaitytaknyga.lt\\\/wp-content\\\/uploads\\\/2024\\\/05\\\/cropped-cropped-cropped-02_00843_jt3bggkj1j3HLc7SyY6rEUpg.jpeg\",\"contentUrl\":\"https:\\\/\\\/skaitytaknyga.lt\\\/wp-content\\\/uploads\\\/2024\\\/05\\\/cropped-cropped-cropped-02_00843_jt3bggkj1j3HLc7SyY6rEUpg.jpeg\",\"width\":1600,\"height\":1600,\"caption\":\"skaitytaknyga.lt\"},\"image\":{\"@id\":\"https:\\\/\\\/skaitytaknyga.lt\\\/#\\\/schema\\\/logo\\\/image\\\/\"},\"sameAs\":[\"https:\\\/\\\/www.facebook.com\\\/skaitytaknyga\\\/\"]}]}<\/script>\n<!-- \/ Yoast SEO plugin. -->","yoast_head_json":{"title":"Nepamir\u0161kite Tigrio! - Skaitytaknyga","description":"Ponas ir ponia Skubiai nuolat skuba.  Jie niekada NESUSTOJA!  Ir d\u0117l to ponai Skubiai pamir\u0161ta labai svarbius dalykus: pavalgyti... apsipirkti... nuvesti savo s\u016bn\u0173 Sim\u0105 \u012f mokykl\u0105!  Laimei, katinas Tigris yra \u0161alia, jis pasireng\u0119s priminti visa tai \u0161eimininkams.  Bet ar kas prisimins paduoti Tigriui vakarien\u0119?","robots":{"index":"index","follow":"follow","max-snippet":"max-snippet:-1","max-image-preview":"max-image-preview:large","max-video-preview":"max-video-preview:-1"},"canonical":"https:\/\/skaitytaknyga.lt\/en\/produktas\/nepamirskite-tigrio\/","og_locale":"en_GB","og_type":"article","og_title":"Nepamir\u0161kite Tigrio! - Skaitytaknyga","og_description":"Ponas ir ponia Skubiai nuolat skuba.  Jie niekada NESUSTOJA!  Ir d\u0117l to ponai Skubiai pamir\u0161ta labai svarbius dalykus: pavalgyti... apsipirkti... nuvesti savo s\u016bn\u0173 Sim\u0105 \u012f mokykl\u0105!  Laimei, katinas Tigris yra \u0161alia, jis pasireng\u0119s priminti visa tai \u0161eimininkams.  Bet ar kas prisimins paduoti Tigriui vakarien\u0119?","og_url":"https:\/\/skaitytaknyga.lt\/en\/produktas\/nepamirskite-tigrio\/","og_site_name":"Skaitytaknyga","article_publisher":"https:\/\/www.facebook.com\/skaitytaknyga\/","article_modified_time":"2024-05-04T18:11:22+00:00","og_image":[{"width":272,"height":430,"url":"https:\/\/skaitytaknyga.lt\/wp-content\/uploads\/2024\/05\/1509695477_cdb_Nepamirskite-Tigrio_p1.png","type":"image\/png"}],"twitter_card":"summary_large_image","schema":{"@context":"https:\/\/schema.org","@graph":[{"@type":"WebPage","@id":"https:\/\/skaitytaknyga.lt\/produktas\/nepamirskite-tigrio\/","url":"https:\/\/skaitytaknyga.lt\/produktas\/nepamirskite-tigrio\/","name":"Nepamir\u0161kite Tigrio! - Skaitytaknyga","isPartOf":{"@id":"https:\/\/skaitytaknyga.lt\/#website"},"primaryImageOfPage":{"@id":"https:\/\/skaitytaknyga.lt\/produktas\/nepamirskite-tigrio\/#primaryimage"},"image":{"@id":"https:\/\/skaitytaknyga.lt\/produktas\/nepamirskite-tigrio\/#primaryimage"},"thumbnailUrl":"https:\/\/skaitytaknyga.lt\/wp-content\/uploads\/2024\/05\/1509695477_cdb_Nepamirskite-Tigrio_p1.png","datePublished":"2024-05-04T18:10:12+00:00","dateModified":"2024-05-04T18:11:22+00:00","description":"Ponas ir ponia Skubiai nuolat skuba. Jie niekada NESUSTOJA! Ir d\u0117l to ponai Skubiai pamir\u0161ta labai svarbius dalykus: pavalgyti... apsipirkti... nuvesti savo s\u016bn\u0173 Sim\u0105 \u012f mokykl\u0105! Laimei, katinas Tigris yra \u0161alia, jis pasireng\u0119s priminti visa tai \u0161eimininkams. Bet ar kas prisimins paduoti Tigriui vakarien\u0119?","breadcrumb":{"@id":"https:\/\/skaitytaknyga.lt\/produktas\/nepamirskite-tigrio\/#breadcrumb"},"inLanguage":"en-GB","potentialAction":[{"@type":"ReadAction","target":["https:\/\/skaitytaknyga.lt\/produktas\/nepamirskite-tigrio\/"]}]},{"@type":"ImageObject","inLanguage":"en-GB","@id":"https:\/\/skaitytaknyga.lt\/produktas\/nepamirskite-tigrio\/#primaryimage","url":"https:\/\/skaitytaknyga.lt\/wp-content\/uploads\/2024\/05\/1509695477_cdb_Nepamirskite-Tigrio_p1.png","contentUrl":"https:\/\/skaitytaknyga.lt\/wp-content\/uploads\/2024\/05\/1509695477_cdb_Nepamirskite-Tigrio_p1.png","width":272,"height":430},{"@type":"BreadcrumbList","@id":"https:\/\/skaitytaknyga.lt\/produktas\/nepamirskite-tigrio\/#breadcrumb","itemListElement":[{"@type":"ListItem","position":1,"name":"Home","item":"https:\/\/skaitytaknyga.lt\/"},{"@type":"ListItem","position":2,"name":"Parduotuv\u0117","item":"https:\/\/skaitytaknyga.lt\/knygu-parduotuve\/"},{"@type":"ListItem","position":3,"name":"Nepamir\u0161kite Tigrio!"}]},{"@type":"WebSite","@id":"https:\/\/skaitytaknyga.lt\/#website","url":"https:\/\/skaitytaknyga.lt\/","name":"skaitytaknyga.lt","description":"Skaitytaknyga.lt \u2013 tai ma\u017eas \u0161eimos verslas, kuris prasid\u0117jo nuo meil\u0117s knygoms ir siekio i\u0161gelb\u0117ti knygas nuo likimo prie konteinerio. Kas vienam nereikalingas daiktas \u2013 kitam lobis, o mes esame tarpininkai, kurie padeda abiems tapti laimingesniems ???? \u017dinome kaip nelengva i\u0161gyventi ma\u017eiems verslams, tad nuo \u0161iol, \u010dia rasite ir kit\u0173, ma\u017e\u0173 \u0161eim\u0173 versl\u0173, rank\u0173 darbo, dovan\u0173 sau ir artimiesiems.","publisher":{"@id":"https:\/\/skaitytaknyga.lt\/#organization"},"potentialAction":[{"@type":"SearchAction","target":{"@type":"EntryPoint","urlTemplate":"https:\/\/skaitytaknyga.lt\/?s={search_term_string}"},"query-input":{"@type":"PropertyValueSpecification","valueRequired":true,"valueName":"search_term_string"}}],"inLanguage":"en-GB"},{"@type":"Organization","@id":"https:\/\/skaitytaknyga.lt\/#organization","name":"skaitytaknyga.lt","url":"https:\/\/skaitytaknyga.lt\/","logo":{"@type":"ImageObject","inLanguage":"en-GB","@id":"https:\/\/skaitytaknyga.lt\/#\/schema\/logo\/image\/","url":"https:\/\/skaitytaknyga.lt\/wp-content\/uploads\/2024\/05\/cropped-cropped-cropped-02_00843_jt3bggkj1j3HLc7SyY6rEUpg.jpeg","contentUrl":"https:\/\/skaitytaknyga.lt\/wp-content\/uploads\/2024\/05\/cropped-cropped-cropped-02_00843_jt3bggkj1j3HLc7SyY6rEUpg.jpeg","width":1600,"height":1600,"caption":"skaitytaknyga.lt"},"image":{"@id":"https:\/\/skaitytaknyga.lt\/#\/schema\/logo\/image\/"},"sameAs":["https:\/\/www.facebook.com\/skaitytaknyga\/"]}]}},"_links":{"self":[{"href":"https:\/\/skaitytaknyga.lt\/en\/wp-json\/wp\/v2\/product\/10243","targetHints":{"allow":["GET"]}}],"collection":[{"href":"https:\/\/skaitytaknyga.lt\/en\/wp-json\/wp\/v2\/product"}],"about":[{"href":"https:\/\/skaitytaknyga.lt\/en\/wp-json\/wp\/v2\/types\/product"}],"replies":[{"embeddable":true,"href":"https:\/\/skaitytaknyga.lt\/en\/wp-json\/wp\/v2\/comments?post=10243"}],"wp:featuredmedia":[{"embeddable":true,"href":"https:\/\/skaitytaknyga.lt\/en\/wp-json\/wp\/v2\/media\/10287"}],"wp:attachment":[{"href":"https:\/\/skaitytaknyga.lt\/en\/wp-json\/wp\/v2\/media?parent=10243"}],"wp:term":[{"taxonomy":"product_brand","embeddable":true,"href":"https:\/\/skaitytaknyga.lt\/en\/wp-json\/wp\/v2\/product_brand?post=10243"},{"taxonomy":"product_cat","embeddable":true,"href":"https:\/\/skaitytaknyga.lt\/en\/wp-json\/wp\/v2\/product_cat?post=10243"},{"taxonomy":"product_tag","embeddable":true,"href":"https:\/\/skaitytaknyga.lt\/en\/wp-json\/wp\/v2\/product_tag?post=10243"}],"curies":[{"name":"wp","href":"https:\/\/api.w.org\/{rel}","templated":true}]}}