{"id":10242,"date":"2024-05-04T18:10:12","date_gmt":"2024-05-04T18:10:12","guid":{"rendered":"https:\/\/skaitytaknyga.lt\/?post_type=product&#038;p=10242"},"modified":"2024-05-04T18:11:19","modified_gmt":"2024-05-04T18:11:19","slug":"keliones-i-siuolaikine-matematika","status":"publish","type":"product","link":"https:\/\/skaitytaknyga.lt\/en\/produktas\/keliones-i-siuolaikine-matematika\/","title":{"rendered":"Kelion\u0117s \u012f \u0161iuolaikin\u0119 matematik\u0105"},"content":{"rendered":"<p>Tai knyga, kuri\u0105 gali skaityti visa \u0161eima. J\u0105 sudaro \u0161e\u0161iolika nuostabiausi\u0173 pasivaik\u0161\u010diojim\u0173 po Matematikos \u0161al\u012f, kurie leid\u017eia suprasti, kad tai ne ta matematika, kurios mok\u0117m\u0117s mokykloje, ne ta, kurios mokosi m\u016bs\u0173 vaikai, ir ne ta, kurios mokysis m\u016bs\u0173 an\u016bkai. Tai matematika, su kuria susiduriame kiekviename \u017eingsnyje. \u0160i knyga ne tik ple\u010dia skaitytojo akirat\u012f, bet ir supa\u017eindina su netradicin\u0117mis matematikos sritimis, moko taikyti matematik\u0105 visur &#8211; politikoje, versle, mene ir kasdieniniame gyvenime.<\/p>\n","protected":false},"excerpt":{"rendered":"<p>Tai knyga, kuri\u0105 gali skaityti visa \u0161eima. J\u0105 sudaro \u0161e\u0161iolika nuostabiausi\u0173 pasivaik\u0161\u010diojim\u0173 po Matematikos \u0161al\u012f, kurie leid\u017eia suprasti, kad tai ne ta matematika, kurios mok\u0117m\u0117s mokykloje, ne ta, kurios mokosi m\u016bs\u0173 vaikai, ir ne ta, kurios mokysis m\u016bs\u0173 an\u016bkai. Tai matematika, su kuria susiduriame kiekviename \u017eingsnyje. \u0160i knyga ne tik ple\u010dia skaitytojo akirat\u012f, bet ir supa\u017eindina su netradicin\u0117mis matematikos sritimis, moko taikyti matematik\u0105 visur &#8211; politikoje, versle, mene ir kasdieniniame gyvenime.<\/p>\n","protected":false},"featured_media":10286,"comment_status":"closed","ping_status":"closed","template":"","meta":{"_acf_changed":false,"site-sidebar-layout":"default","site-content-layout":"","ast-site-content-layout":"default","site-content-style":"default","site-sidebar-style":"default","ast-global-header-display":"","ast-banner-title-visibility":"","ast-main-header-display":"","ast-hfb-above-header-display":"","ast-hfb-below-header-display":"","ast-hfb-mobile-header-display":"","site-post-title":"","ast-breadcrumbs-content":"","ast-featured-img":"","footer-sml-layout":"","ast-disable-related-posts":"","theme-transparent-header-meta":"","adv-header-id-meta":"","stick-header-meta":"","header-above-stick-meta":"","header-main-stick-meta":"","header-below-stick-meta":"","astra-migrate-meta-layouts":"default","ast-page-background-enabled":"default","ast-page-background-meta":{"desktop":{"background-color":"","background-image":"","background-repeat":"repeat","background-position":"center center","background-size":"auto","background-attachment":"scroll","background-type":"","background-media":"","overlay-type":"","overlay-color":"","overlay-opacity":"","overlay-gradient":""},"tablet":{"background-color":"","background-image":"","background-repeat":"repeat","background-position":"center center","background-size":"auto","background-attachment":"scroll","background-type":"","background-media":"","overlay-type":"","overlay-color":"","overlay-opacity":"","overlay-gradient":""},"mobile":{"background-color":"","background-image":"","background-repeat":"repeat","background-position":"center center","background-size":"auto","background-attachment":"scroll","background-type":"","background-media":"","overlay-type":"","overlay-color":"","overlay-opacity":"","overlay-gradient":""}},"ast-content-background-meta":{"desktop":{"background-color":"var(--ast-global-color-4)","background-image":"","background-repeat":"repeat","background-position":"center center","background-size":"auto","background-attachment":"scroll","background-type":"","background-media":"","overlay-type":"","overlay-color":"","overlay-opacity":"","overlay-gradient":""},"tablet":{"background-color":"var(--ast-global-color-4)","background-image":"","background-repeat":"repeat","background-position":"center center","background-size":"auto","background-attachment":"scroll","background-type":"","background-media":"","overlay-type":"","overlay-color":"","overlay-opacity":"","overlay-gradient":""},"mobile":{"background-color":"var(--ast-global-color-4)","background-image":"","background-repeat":"repeat","background-position":"center center","background-size":"auto","background-attachment":"scroll","background-type":"","background-media":"","overlay-type":"","overlay-color":"","overlay-opacity":"","overlay-gradient":""}}},"product_brand":[],"product_cat":[269,35],"product_tag":[],"class_list":{"0":"post-10242","1":"product","2":"type-product","3":"status-publish","4":"has-post-thumbnail","6":"product_cat-gamtos-mokslai","7":"product_cat-vaikams-ir-paaugliams","8":"desktop-align-left","9":"tablet-align-left","10":"mobile-align-left","12":"first","13":"instock","14":"shipping-taxable","15":"purchasable","16":"product-type-simple"},"acf":[],"yoast_head":"<!-- This site is optimized with the Yoast SEO plugin v27.4 - https:\/\/yoast.com\/product\/yoast-seo-wordpress\/ -->\n<title>Kelion\u0117s \u012f \u0161iuolaikin\u0119 matematik\u0105 - Skaitytaknyga<\/title>\n<meta name=\"description\" content=\"Tai knyga, kuri\u0105 gali skaityti visa \u0161eima. J\u0105 sudaro \u0161e\u0161iolika nuostabiausi\u0173 pasivaik\u0161\u010diojim\u0173 po Matematikos \u0161al\u012f, kurie leid\u017eia suprasti, kad tai ne ta matematika, kurios mok\u0117m\u0117s mokykloje, ne ta, kurios mokosi m\u016bs\u0173 vaikai, ir ne ta, kurios mokysis m\u016bs\u0173 an\u016bkai. Tai matematika, su kuria susiduriame kiekviename \u017eingsnyje. \u0160i knyga ne tik ple\u010dia skaitytojo akirat\u012f, bet ir supa\u017eindina su netradicin\u0117mis matematikos sritimis, moko taikyti matematik\u0105 visur - politikoje, versle, mene ir kasdieniniame gyvenime.\" \/>\n<meta name=\"robots\" content=\"index, follow, max-snippet:-1, max-image-preview:large, max-video-preview:-1\" \/>\n<link rel=\"canonical\" href=\"https:\/\/skaitytaknyga.lt\/en\/produktas\/keliones-i-siuolaikine-matematika\/\" \/>\n<meta property=\"og:locale\" content=\"en_GB\" \/>\n<meta property=\"og:locale:alternate\" content=\"lt_LT\" \/>\n<meta property=\"og:type\" content=\"article\" \/>\n<meta property=\"og:title\" content=\"Kelion\u0117s \u012f \u0161iuolaikin\u0119 matematik\u0105 - Skaitytaknyga\" \/>\n<meta property=\"og:description\" content=\"Tai knyga, kuri\u0105 gali skaityti visa \u0161eima. J\u0105 sudaro \u0161e\u0161iolika nuostabiausi\u0173 pasivaik\u0161\u010diojim\u0173 po Matematikos \u0161al\u012f, kurie leid\u017eia suprasti, kad tai ne ta matematika, kurios mok\u0117m\u0117s mokykloje, ne ta, kurios mokosi m\u016bs\u0173 vaikai, ir ne ta, kurios mokysis m\u016bs\u0173 an\u016bkai. Tai matematika, su kuria susiduriame kiekviename \u017eingsnyje. \u0160i knyga ne tik ple\u010dia skaitytojo akirat\u012f, bet ir supa\u017eindina su netradicin\u0117mis matematikos sritimis, moko taikyti matematik\u0105 visur - politikoje, versle, mene ir kasdieniniame gyvenime.\" \/>\n<meta property=\"og:url\" content=\"https:\/\/skaitytaknyga.lt\/en\/produktas\/keliones-i-siuolaikine-matematika\/\" \/>\n<meta property=\"og:site_name\" content=\"Skaitytaknyga\" \/>\n<meta property=\"article:publisher\" content=\"https:\/\/www.facebook.com\/skaitytaknyga\/\" \/>\n<meta property=\"article:modified_time\" content=\"2024-05-04T18:11:19+00:00\" \/>\n<meta property=\"og:image\" content=\"https:\/\/skaitytaknyga.lt\/wp-content\/uploads\/2024\/05\/171003-15935261939731179940777-e1644072077708.jpg\" \/>\n\t<meta property=\"og:image:width\" content=\"258\" \/>\n\t<meta property=\"og:image:height\" content=\"321\" \/>\n\t<meta property=\"og:image:type\" content=\"image\/jpeg\" \/>\n<meta name=\"twitter:card\" content=\"summary_large_image\" \/>\n<script type=\"application\/ld+json\" class=\"yoast-schema-graph\">{\"@context\":\"https:\\\/\\\/schema.org\",\"@graph\":[{\"@type\":\"WebPage\",\"@id\":\"https:\\\/\\\/skaitytaknyga.lt\\\/produktas\\\/keliones-i-siuolaikine-matematika\\\/\",\"url\":\"https:\\\/\\\/skaitytaknyga.lt\\\/produktas\\\/keliones-i-siuolaikine-matematika\\\/\",\"name\":\"Kelion\u0117s \u012f \u0161iuolaikin\u0119 matematik\u0105 - Skaitytaknyga\",\"isPartOf\":{\"@id\":\"https:\\\/\\\/skaitytaknyga.lt\\\/#website\"},\"primaryImageOfPage\":{\"@id\":\"https:\\\/\\\/skaitytaknyga.lt\\\/produktas\\\/keliones-i-siuolaikine-matematika\\\/#primaryimage\"},\"image\":{\"@id\":\"https:\\\/\\\/skaitytaknyga.lt\\\/produktas\\\/keliones-i-siuolaikine-matematika\\\/#primaryimage\"},\"thumbnailUrl\":\"https:\\\/\\\/skaitytaknyga.lt\\\/wp-content\\\/uploads\\\/2024\\\/05\\\/171003-15935261939731179940777-e1644072077708.jpg\",\"datePublished\":\"2024-05-04T18:10:12+00:00\",\"dateModified\":\"2024-05-04T18:11:19+00:00\",\"description\":\"Tai knyga, kuri\u0105 gali skaityti visa \u0161eima. J\u0105 sudaro \u0161e\u0161iolika nuostabiausi\u0173 pasivaik\u0161\u010diojim\u0173 po Matematikos \u0161al\u012f, kurie leid\u017eia suprasti, kad tai ne ta matematika, kurios mok\u0117m\u0117s mokykloje, ne ta, kurios mokosi m\u016bs\u0173 vaikai, ir ne ta, kurios mokysis m\u016bs\u0173 an\u016bkai. Tai matematika, su kuria susiduriame kiekviename \u017eingsnyje. \u0160i knyga ne tik ple\u010dia skaitytojo akirat\u012f, bet ir supa\u017eindina su netradicin\u0117mis matematikos sritimis, moko taikyti matematik\u0105 visur - politikoje, versle, mene ir kasdieniniame gyvenime.\",\"breadcrumb\":{\"@id\":\"https:\\\/\\\/skaitytaknyga.lt\\\/produktas\\\/keliones-i-siuolaikine-matematika\\\/#breadcrumb\"},\"inLanguage\":\"en-GB\",\"potentialAction\":[{\"@type\":\"ReadAction\",\"target\":[\"https:\\\/\\\/skaitytaknyga.lt\\\/produktas\\\/keliones-i-siuolaikine-matematika\\\/\"]}]},{\"@type\":\"ImageObject\",\"inLanguage\":\"en-GB\",\"@id\":\"https:\\\/\\\/skaitytaknyga.lt\\\/produktas\\\/keliones-i-siuolaikine-matematika\\\/#primaryimage\",\"url\":\"https:\\\/\\\/skaitytaknyga.lt\\\/wp-content\\\/uploads\\\/2024\\\/05\\\/171003-15935261939731179940777-e1644072077708.jpg\",\"contentUrl\":\"https:\\\/\\\/skaitytaknyga.lt\\\/wp-content\\\/uploads\\\/2024\\\/05\\\/171003-15935261939731179940777-e1644072077708.jpg\",\"width\":258,\"height\":321},{\"@type\":\"BreadcrumbList\",\"@id\":\"https:\\\/\\\/skaitytaknyga.lt\\\/produktas\\\/keliones-i-siuolaikine-matematika\\\/#breadcrumb\",\"itemListElement\":[{\"@type\":\"ListItem\",\"position\":1,\"name\":\"Home\",\"item\":\"https:\\\/\\\/skaitytaknyga.lt\\\/\"},{\"@type\":\"ListItem\",\"position\":2,\"name\":\"Parduotuv\u0117\",\"item\":\"https:\\\/\\\/skaitytaknyga.lt\\\/knygu-parduotuve\\\/\"},{\"@type\":\"ListItem\",\"position\":3,\"name\":\"Kelion\u0117s \u012f \u0161iuolaikin\u0119 matematik\u0105\"}]},{\"@type\":\"WebSite\",\"@id\":\"https:\\\/\\\/skaitytaknyga.lt\\\/#website\",\"url\":\"https:\\\/\\\/skaitytaknyga.lt\\\/\",\"name\":\"skaitytaknyga.lt\",\"description\":\"Skaitytaknyga.lt \u2013 tai ma\u017eas \u0161eimos verslas, kuris prasid\u0117jo nuo meil\u0117s knygoms ir siekio i\u0161gelb\u0117ti knygas nuo likimo prie konteinerio. Kas vienam nereikalingas daiktas \u2013 kitam lobis, o mes esame tarpininkai, kurie padeda abiems tapti laimingesniems ???? \u017dinome kaip nelengva i\u0161gyventi ma\u017eiems verslams, tad nuo \u0161iol, \u010dia rasite ir kit\u0173, ma\u017e\u0173 \u0161eim\u0173 versl\u0173, rank\u0173 darbo, dovan\u0173 sau ir artimiesiems.\",\"publisher\":{\"@id\":\"https:\\\/\\\/skaitytaknyga.lt\\\/#organization\"},\"potentialAction\":[{\"@type\":\"SearchAction\",\"target\":{\"@type\":\"EntryPoint\",\"urlTemplate\":\"https:\\\/\\\/skaitytaknyga.lt\\\/?s={search_term_string}\"},\"query-input\":{\"@type\":\"PropertyValueSpecification\",\"valueRequired\":true,\"valueName\":\"search_term_string\"}}],\"inLanguage\":\"en-GB\"},{\"@type\":\"Organization\",\"@id\":\"https:\\\/\\\/skaitytaknyga.lt\\\/#organization\",\"name\":\"skaitytaknyga.lt\",\"url\":\"https:\\\/\\\/skaitytaknyga.lt\\\/\",\"logo\":{\"@type\":\"ImageObject\",\"inLanguage\":\"en-GB\",\"@id\":\"https:\\\/\\\/skaitytaknyga.lt\\\/#\\\/schema\\\/logo\\\/image\\\/\",\"url\":\"https:\\\/\\\/skaitytaknyga.lt\\\/wp-content\\\/uploads\\\/2024\\\/05\\\/cropped-cropped-cropped-02_00843_jt3bggkj1j3HLc7SyY6rEUpg.jpeg\",\"contentUrl\":\"https:\\\/\\\/skaitytaknyga.lt\\\/wp-content\\\/uploads\\\/2024\\\/05\\\/cropped-cropped-cropped-02_00843_jt3bggkj1j3HLc7SyY6rEUpg.jpeg\",\"width\":1600,\"height\":1600,\"caption\":\"skaitytaknyga.lt\"},\"image\":{\"@id\":\"https:\\\/\\\/skaitytaknyga.lt\\\/#\\\/schema\\\/logo\\\/image\\\/\"},\"sameAs\":[\"https:\\\/\\\/www.facebook.com\\\/skaitytaknyga\\\/\"]}]}<\/script>\n<!-- \/ Yoast SEO plugin. -->","yoast_head_json":{"title":"Kelion\u0117s \u012f \u0161iuolaikin\u0119 matematik\u0105 - Skaitytaknyga","description":"Tai knyga, kuri\u0105 gali skaityti visa \u0161eima. J\u0105 sudaro \u0161e\u0161iolika nuostabiausi\u0173 pasivaik\u0161\u010diojim\u0173 po Matematikos \u0161al\u012f, kurie leid\u017eia suprasti, kad tai ne ta matematika, kurios mok\u0117m\u0117s mokykloje, ne ta, kurios mokosi m\u016bs\u0173 vaikai, ir ne ta, kurios mokysis m\u016bs\u0173 an\u016bkai. Tai matematika, su kuria susiduriame kiekviename \u017eingsnyje. \u0160i knyga ne tik ple\u010dia skaitytojo akirat\u012f, bet ir supa\u017eindina su netradicin\u0117mis matematikos sritimis, moko taikyti matematik\u0105 visur - politikoje, versle, mene ir kasdieniniame gyvenime.","robots":{"index":"index","follow":"follow","max-snippet":"max-snippet:-1","max-image-preview":"max-image-preview:large","max-video-preview":"max-video-preview:-1"},"canonical":"https:\/\/skaitytaknyga.lt\/en\/produktas\/keliones-i-siuolaikine-matematika\/","og_locale":"en_GB","og_type":"article","og_title":"Kelion\u0117s \u012f \u0161iuolaikin\u0119 matematik\u0105 - Skaitytaknyga","og_description":"Tai knyga, kuri\u0105 gali skaityti visa \u0161eima. J\u0105 sudaro \u0161e\u0161iolika nuostabiausi\u0173 pasivaik\u0161\u010diojim\u0173 po Matematikos \u0161al\u012f, kurie leid\u017eia suprasti, kad tai ne ta matematika, kurios mok\u0117m\u0117s mokykloje, ne ta, kurios mokosi m\u016bs\u0173 vaikai, ir ne ta, kurios mokysis m\u016bs\u0173 an\u016bkai. Tai matematika, su kuria susiduriame kiekviename \u017eingsnyje. \u0160i knyga ne tik ple\u010dia skaitytojo akirat\u012f, bet ir supa\u017eindina su netradicin\u0117mis matematikos sritimis, moko taikyti matematik\u0105 visur - politikoje, versle, mene ir kasdieniniame gyvenime.","og_url":"https:\/\/skaitytaknyga.lt\/en\/produktas\/keliones-i-siuolaikine-matematika\/","og_site_name":"Skaitytaknyga","article_publisher":"https:\/\/www.facebook.com\/skaitytaknyga\/","article_modified_time":"2024-05-04T18:11:19+00:00","og_image":[{"width":258,"height":321,"url":"https:\/\/skaitytaknyga.lt\/wp-content\/uploads\/2024\/05\/171003-15935261939731179940777-e1644072077708.jpg","type":"image\/jpeg"}],"twitter_card":"summary_large_image","schema":{"@context":"https:\/\/schema.org","@graph":[{"@type":"WebPage","@id":"https:\/\/skaitytaknyga.lt\/produktas\/keliones-i-siuolaikine-matematika\/","url":"https:\/\/skaitytaknyga.lt\/produktas\/keliones-i-siuolaikine-matematika\/","name":"Kelion\u0117s \u012f \u0161iuolaikin\u0119 matematik\u0105 - Skaitytaknyga","isPartOf":{"@id":"https:\/\/skaitytaknyga.lt\/#website"},"primaryImageOfPage":{"@id":"https:\/\/skaitytaknyga.lt\/produktas\/keliones-i-siuolaikine-matematika\/#primaryimage"},"image":{"@id":"https:\/\/skaitytaknyga.lt\/produktas\/keliones-i-siuolaikine-matematika\/#primaryimage"},"thumbnailUrl":"https:\/\/skaitytaknyga.lt\/wp-content\/uploads\/2024\/05\/171003-15935261939731179940777-e1644072077708.jpg","datePublished":"2024-05-04T18:10:12+00:00","dateModified":"2024-05-04T18:11:19+00:00","description":"Tai knyga, kuri\u0105 gali skaityti visa \u0161eima. J\u0105 sudaro \u0161e\u0161iolika nuostabiausi\u0173 pasivaik\u0161\u010diojim\u0173 po Matematikos \u0161al\u012f, kurie leid\u017eia suprasti, kad tai ne ta matematika, kurios mok\u0117m\u0117s mokykloje, ne ta, kurios mokosi m\u016bs\u0173 vaikai, ir ne ta, kurios mokysis m\u016bs\u0173 an\u016bkai. Tai matematika, su kuria susiduriame kiekviename \u017eingsnyje. \u0160i knyga ne tik ple\u010dia skaitytojo akirat\u012f, bet ir supa\u017eindina su netradicin\u0117mis matematikos sritimis, moko taikyti matematik\u0105 visur - politikoje, versle, mene ir kasdieniniame gyvenime.","breadcrumb":{"@id":"https:\/\/skaitytaknyga.lt\/produktas\/keliones-i-siuolaikine-matematika\/#breadcrumb"},"inLanguage":"en-GB","potentialAction":[{"@type":"ReadAction","target":["https:\/\/skaitytaknyga.lt\/produktas\/keliones-i-siuolaikine-matematika\/"]}]},{"@type":"ImageObject","inLanguage":"en-GB","@id":"https:\/\/skaitytaknyga.lt\/produktas\/keliones-i-siuolaikine-matematika\/#primaryimage","url":"https:\/\/skaitytaknyga.lt\/wp-content\/uploads\/2024\/05\/171003-15935261939731179940777-e1644072077708.jpg","contentUrl":"https:\/\/skaitytaknyga.lt\/wp-content\/uploads\/2024\/05\/171003-15935261939731179940777-e1644072077708.jpg","width":258,"height":321},{"@type":"BreadcrumbList","@id":"https:\/\/skaitytaknyga.lt\/produktas\/keliones-i-siuolaikine-matematika\/#breadcrumb","itemListElement":[{"@type":"ListItem","position":1,"name":"Home","item":"https:\/\/skaitytaknyga.lt\/"},{"@type":"ListItem","position":2,"name":"Parduotuv\u0117","item":"https:\/\/skaitytaknyga.lt\/knygu-parduotuve\/"},{"@type":"ListItem","position":3,"name":"Kelion\u0117s \u012f \u0161iuolaikin\u0119 matematik\u0105"}]},{"@type":"WebSite","@id":"https:\/\/skaitytaknyga.lt\/#website","url":"https:\/\/skaitytaknyga.lt\/","name":"skaitytaknyga.lt","description":"Skaitytaknyga.lt \u2013 tai ma\u017eas \u0161eimos verslas, kuris prasid\u0117jo nuo meil\u0117s knygoms ir siekio i\u0161gelb\u0117ti knygas nuo likimo prie konteinerio. Kas vienam nereikalingas daiktas \u2013 kitam lobis, o mes esame tarpininkai, kurie padeda abiems tapti laimingesniems ???? \u017dinome kaip nelengva i\u0161gyventi ma\u017eiems verslams, tad nuo \u0161iol, \u010dia rasite ir kit\u0173, ma\u017e\u0173 \u0161eim\u0173 versl\u0173, rank\u0173 darbo, dovan\u0173 sau ir artimiesiems.","publisher":{"@id":"https:\/\/skaitytaknyga.lt\/#organization"},"potentialAction":[{"@type":"SearchAction","target":{"@type":"EntryPoint","urlTemplate":"https:\/\/skaitytaknyga.lt\/?s={search_term_string}"},"query-input":{"@type":"PropertyValueSpecification","valueRequired":true,"valueName":"search_term_string"}}],"inLanguage":"en-GB"},{"@type":"Organization","@id":"https:\/\/skaitytaknyga.lt\/#organization","name":"skaitytaknyga.lt","url":"https:\/\/skaitytaknyga.lt\/","logo":{"@type":"ImageObject","inLanguage":"en-GB","@id":"https:\/\/skaitytaknyga.lt\/#\/schema\/logo\/image\/","url":"https:\/\/skaitytaknyga.lt\/wp-content\/uploads\/2024\/05\/cropped-cropped-cropped-02_00843_jt3bggkj1j3HLc7SyY6rEUpg.jpeg","contentUrl":"https:\/\/skaitytaknyga.lt\/wp-content\/uploads\/2024\/05\/cropped-cropped-cropped-02_00843_jt3bggkj1j3HLc7SyY6rEUpg.jpeg","width":1600,"height":1600,"caption":"skaitytaknyga.lt"},"image":{"@id":"https:\/\/skaitytaknyga.lt\/#\/schema\/logo\/image\/"},"sameAs":["https:\/\/www.facebook.com\/skaitytaknyga\/"]}]}},"_links":{"self":[{"href":"https:\/\/skaitytaknyga.lt\/en\/wp-json\/wp\/v2\/product\/10242","targetHints":{"allow":["GET"]}}],"collection":[{"href":"https:\/\/skaitytaknyga.lt\/en\/wp-json\/wp\/v2\/product"}],"about":[{"href":"https:\/\/skaitytaknyga.lt\/en\/wp-json\/wp\/v2\/types\/product"}],"replies":[{"embeddable":true,"href":"https:\/\/skaitytaknyga.lt\/en\/wp-json\/wp\/v2\/comments?post=10242"}],"wp:featuredmedia":[{"embeddable":true,"href":"https:\/\/skaitytaknyga.lt\/en\/wp-json\/wp\/v2\/media\/10286"}],"wp:attachment":[{"href":"https:\/\/skaitytaknyga.lt\/en\/wp-json\/wp\/v2\/media?parent=10242"}],"wp:term":[{"taxonomy":"product_brand","embeddable":true,"href":"https:\/\/skaitytaknyga.lt\/en\/wp-json\/wp\/v2\/product_brand?post=10242"},{"taxonomy":"product_cat","embeddable":true,"href":"https:\/\/skaitytaknyga.lt\/en\/wp-json\/wp\/v2\/product_cat?post=10242"},{"taxonomy":"product_tag","embeddable":true,"href":"https:\/\/skaitytaknyga.lt\/en\/wp-json\/wp\/v2\/product_tag?post=10242"}],"curies":[{"name":"wp","href":"https:\/\/api.w.org\/{rel}","templated":true}]}}