{"id":10224,"date":"2024-05-04T18:09:50","date_gmt":"2024-05-04T18:09:50","guid":{"rendered":"https:\/\/skaitytaknyga.lt\/?post_type=product&#038;p=10224"},"modified":"2024-10-07T22:12:49","modified_gmt":"2024-10-07T19:12:49","slug":"cingizas-aitmatovas-henrikas-ibsenas-dramos","status":"publish","type":"product","link":"https:\/\/skaitytaknyga.lt\/en\/produktas\/cingizas-aitmatovas-henrikas-ibsenas-dramos\/","title":{"rendered":"\u010cingizas Aitmatovas \u201eHenrikas Ibsenas. Dramos\u201c"},"content":{"rendered":"<p><strong>Henrikas Johanas Ibsenas<\/strong>\u00a0(1828\u20131906) \u2013 \u017eymus Norvegijos dramaturgas, da\u017enai vadinamas \u201e\u0161iuolaikin\u0117s dramos t\u0117vu&#8221;.<\/p>\n<p>Jo pjes\u0117s da\u017enai buvo laikomos skandalingomis, nes Ibsenas nebijojo per\u017eengti \u012fprast\u0173 Viktorijos epochos moral\u0117s norm\u0173 ir ra\u0161yti apie real\u0173, o ne idealizuot\u0105 pasaul\u012f.<\/p>\n<p>Ibsenas vienas pirm\u0173j\u0173 \u012ftrauk\u0117 \u012f dramaturgij\u0105 kriti\u0161k\u0105 po\u017ei\u016br\u012f \u012f moral\u0119 ir i\u0161dr\u012fso ja suabejoti. Daugelis kit\u0173 to laikotarpio k\u016brini\u0173 prie\u0161ingai \u2013 pateik\u0117 priimtos moral\u0117s pavyzd\u017eius ar smerk\u0117 u\u017e jos nesilaikym\u0105; buvo tikimasi, kad kiekviena drama baigsis moral\u0117s normas atitinkan\u010diomis i\u0161vadomis, g\u0117ris atne\u0161 laim\u0119, o amoralus elgesys \u2013 bausm\u0119. Ibsenas met\u0117 i\u0161\u0161\u016bk\u012f \u0161ioms normoms ir nebijojo sugriauti \u017ei\u016brov\u0173 iliuzij\u0173.<\/p>\n<p>Knygoje pateikiamos keturios ra\u0161ytojo dramos:<\/p>\n<ul>\n<li>Helgelando kar\u017eygiai;<\/li>\n<li>Heda Gabler;<\/li>\n<li>Statytojas Solnesas;<\/li>\n<li>Junas Gabrielis Borkmanas.<\/li>\n<\/ul>\n","protected":false},"excerpt":{"rendered":"<p><strong>Henrikas Johanas Ibsenas<\/strong>\u00a0(1828\u20131906) \u2013 \u017eymus Norvegijos dramaturgas, da\u017enai vadinamas \u201e\u0161iuolaikin\u0117s dramos t\u0117vu&#8221;.<\/p>\n<p>Jo pjes\u0117s da\u017enai buvo laikomos skandalingomis, nes Ibsenas nebijojo per\u017eengti \u012fprast\u0173 Viktorijos epochos moral\u0117s norm\u0173 ir ra\u0161yti apie real\u0173, o ne idealizuot\u0105 pasaul\u012f.<\/p>\n<p>Ibsenas vienas pirm\u0173j\u0173 \u012ftrauk\u0117 \u012f dramaturgij\u0105 kriti\u0161k\u0105 po\u017ei\u016br\u012f \u012f moral\u0119 ir i\u0161dr\u012fso ja suabejoti. Daugelis kit\u0173 to laikotarpio k\u016brini\u0173 prie\u0161ingai \u2013 pateik\u0117 priimtos moral\u0117s pavyzd\u017eius ar smerk\u0117 u\u017e jos nesilaikym\u0105; buvo tikimasi, kad kiekviena drama baigsis moral\u0117s normas atitinkan\u010diomis i\u0161vadomis, g\u0117ris atne\u0161 laim\u0119, o amoralus elgesys \u2013 bausm\u0119. Ibsenas met\u0117 i\u0161\u0161\u016bk\u012f \u0161ioms normoms ir nebijojo sugriauti \u017ei\u016brov\u0173 iliuzij\u0173.<\/p>\n<p>Knygoje pateikiamos keturios ra\u0161ytojo dramos:<\/p>\n<ul>\n<li>Helgelando kar\u017eygiai;<\/li>\n<li>Heda Gabler;<\/li>\n<li>Statytojas Solnesas;<\/li>\n<li>Junas Gabrielis Borkmanas.<\/li>\n<\/ul>\n","protected":false},"featured_media":10268,"comment_status":"closed","ping_status":"closed","template":"","meta":{"_acf_changed":false,"site-sidebar-layout":"default","site-content-layout":"","ast-site-content-layout":"default","site-content-style":"default","site-sidebar-style":"default","ast-global-header-display":"","ast-banner-title-visibility":"","ast-main-header-display":"","ast-hfb-above-header-display":"","ast-hfb-below-header-display":"","ast-hfb-mobile-header-display":"","site-post-title":"","ast-breadcrumbs-content":"","ast-featured-img":"","footer-sml-layout":"","ast-disable-related-posts":"","theme-transparent-header-meta":"","adv-header-id-meta":"","stick-header-meta":"","header-above-stick-meta":"","header-main-stick-meta":"","header-below-stick-meta":"","astra-migrate-meta-layouts":"default","ast-page-background-enabled":"default","ast-page-background-meta":{"desktop":{"background-color":"","background-image":"","background-repeat":"repeat","background-position":"center center","background-size":"auto","background-attachment":"scroll","background-type":"","background-media":"","overlay-type":"","overlay-color":"","overlay-opacity":"","overlay-gradient":""},"tablet":{"background-color":"","background-image":"","background-repeat":"repeat","background-position":"center center","background-size":"auto","background-attachment":"scroll","background-type":"","background-media":"","overlay-type":"","overlay-color":"","overlay-opacity":"","overlay-gradient":""},"mobile":{"background-color":"","background-image":"","background-repeat":"repeat","background-position":"center center","background-size":"auto","background-attachment":"scroll","background-type":"","background-media":"","overlay-type":"","overlay-color":"","overlay-opacity":"","overlay-gradient":""}},"ast-content-background-meta":{"desktop":{"background-color":"var(--ast-global-color-4)","background-image":"","background-repeat":"repeat","background-position":"center center","background-size":"auto","background-attachment":"scroll","background-type":"","background-media":"","overlay-type":"","overlay-color":"","overlay-opacity":"","overlay-gradient":""},"tablet":{"background-color":"var(--ast-global-color-4)","background-image":"","background-repeat":"repeat","background-position":"center center","background-size":"auto","background-attachment":"scroll","background-type":"","background-media":"","overlay-type":"","overlay-color":"","overlay-opacity":"","overlay-gradient":""},"mobile":{"background-color":"var(--ast-global-color-4)","background-image":"","background-repeat":"repeat","background-position":"center center","background-size":"auto","background-attachment":"scroll","background-type":"","background-media":"","overlay-type":"","overlay-color":"","overlay-opacity":"","overlay-gradient":""}}},"product_brand":[],"product_cat":[31],"product_tag":[],"class_list":{"0":"post-10224","1":"product","2":"type-product","3":"status-publish","4":"has-post-thumbnail","6":"product_cat-grozine-literatura","7":"desktop-align-left","8":"tablet-align-left","9":"mobile-align-left","11":"first","12":"instock","13":"shipping-taxable","14":"purchasable","15":"product-type-simple"},"acf":[],"yoast_head":"<!-- This site is optimized with the Yoast SEO plugin v27.4 - https:\/\/yoast.com\/product\/yoast-seo-wordpress\/ -->\n<title>\u010cingizas Aitmatovas \u201eHenrikas Ibsenas. Dramos\u201c<\/title>\n<meta name=\"description\" content=\"Henrikas Johanas Ibsenas\u00a0(1828\u20131906) \u2013 \u017eymus Norvegijos dramaturgas, da\u017enai vadinamas \u201e\u0161iuolaikin\u0117s dramos t\u0117vu&quot;.  Jo pjes\u0117s da\u017enai buvo laikomos skandalingomis, nes Ibsenas nebijojo per\u017eengti \u012fprast\u0173 Viktorijos epochos moral\u0117s norm\u0173 ir ra\u0161yti apie real\u0173, o ne idealizuot\u0105 pasaul\u012f.  Ibsenas vienas pirm\u0173j\u0173 \u012ftrauk\u0117 \u012f dramaturgij\u0105 kriti\u0161k\u0105 po\u017ei\u016br\u012f \u012f moral\u0119 ir i\u0161dr\u012fso ja suabejoti. Daugelis kit\u0173 to laikotarpio k\u016brini\u0173 prie\u0161ingai \u2013 pateik\u0117 priimtos moral\u0117s pavyzd\u017eius ar smerk\u0117 u\u017e jos nesilaikym\u0105; buvo tikimasi, kad kiekviena drama baigsis moral\u0117s normas atitinkan\u010diomis i\u0161vadomis, g\u0117ris atne\u0161 laim\u0119, o amoralus elgesys \u2013 bausm\u0119. Ibsenas met\u0117 i\u0161\u0161\u016bk\u012f \u0161ioms normoms ir nebijojo sugriauti \u017ei\u016brov\u0173 iliuzij\u0173.  Knygoje pateikiamos keturios ra\u0161ytojo dramos:   Helgelando kar\u017eygiai;  Heda Gabler;  Statytojas Solnesas;  Junas Gabrielis Borkmanas.\" \/>\n<meta name=\"robots\" content=\"index, follow, max-snippet:-1, max-image-preview:large, max-video-preview:-1\" \/>\n<link rel=\"canonical\" href=\"https:\/\/skaitytaknyga.lt\/en\/produktas\/cingizas-aitmatovas-henrikas-ibsenas-dramos\/\" \/>\n<meta property=\"og:locale\" content=\"en_GB\" \/>\n<meta property=\"og:locale:alternate\" content=\"lt_LT\" \/>\n<meta property=\"og:type\" content=\"article\" \/>\n<meta property=\"og:title\" content=\"\u010cingizas Aitmatovas \u201eHenrikas Ibsenas. Dramos\u201c\" \/>\n<meta property=\"og:description\" content=\"Henrikas Johanas Ibsenas\u00a0(1828\u20131906) \u2013 \u017eymus Norvegijos dramaturgas, da\u017enai vadinamas \u201e\u0161iuolaikin\u0117s dramos t\u0117vu&quot;.  Jo pjes\u0117s da\u017enai buvo laikomos skandalingomis, nes Ibsenas nebijojo per\u017eengti \u012fprast\u0173 Viktorijos epochos moral\u0117s norm\u0173 ir ra\u0161yti apie real\u0173, o ne idealizuot\u0105 pasaul\u012f.  Ibsenas vienas pirm\u0173j\u0173 \u012ftrauk\u0117 \u012f dramaturgij\u0105 kriti\u0161k\u0105 po\u017ei\u016br\u012f \u012f moral\u0119 ir i\u0161dr\u012fso ja suabejoti. Daugelis kit\u0173 to laikotarpio k\u016brini\u0173 prie\u0161ingai \u2013 pateik\u0117 priimtos moral\u0117s pavyzd\u017eius ar smerk\u0117 u\u017e jos nesilaikym\u0105; buvo tikimasi, kad kiekviena drama baigsis moral\u0117s normas atitinkan\u010diomis i\u0161vadomis, g\u0117ris atne\u0161 laim\u0119, o amoralus elgesys \u2013 bausm\u0119. Ibsenas met\u0117 i\u0161\u0161\u016bk\u012f \u0161ioms normoms ir nebijojo sugriauti \u017ei\u016brov\u0173 iliuzij\u0173.  Knygoje pateikiamos keturios ra\u0161ytojo dramos:   Helgelando kar\u017eygiai;  Heda Gabler;  Statytojas Solnesas;  Junas Gabrielis Borkmanas.\" \/>\n<meta property=\"og:url\" content=\"https:\/\/skaitytaknyga.lt\/en\/produktas\/cingizas-aitmatovas-henrikas-ibsenas-dramos\/\" \/>\n<meta property=\"og:site_name\" content=\"Skaitytaknyga\" \/>\n<meta property=\"article:publisher\" content=\"https:\/\/www.facebook.com\/skaitytaknyga\/\" \/>\n<meta property=\"article:modified_time\" content=\"2024-10-07T19:12:49+00:00\" \/>\n<meta property=\"og:image\" content=\"https:\/\/skaitytaknyga.lt\/wp-content\/uploads\/2024\/05\/1623911635_170336-img-4914.jpg\" \/>\n\t<meta property=\"og:image:width\" content=\"286\" \/>\n\t<meta property=\"og:image:height\" content=\"430\" \/>\n\t<meta property=\"og:image:type\" content=\"image\/jpeg\" \/>\n<meta name=\"twitter:card\" content=\"summary_large_image\" \/>\n<meta name=\"twitter:label1\" content=\"Estimated reading time\" \/>\n\t<meta name=\"twitter:data1\" content=\"1 minute\" \/>\n<script type=\"application\/ld+json\" class=\"yoast-schema-graph\">{\"@context\":\"https:\\\/\\\/schema.org\",\"@graph\":[{\"@type\":\"WebPage\",\"@id\":\"https:\\\/\\\/skaitytaknyga.lt\\\/produktas\\\/cingizas-aitmatovas-henrikas-ibsenas-dramos\\\/\",\"url\":\"https:\\\/\\\/skaitytaknyga.lt\\\/produktas\\\/cingizas-aitmatovas-henrikas-ibsenas-dramos\\\/\",\"name\":\"\u010cingizas Aitmatovas \u201eHenrikas Ibsenas. Dramos\u201c\",\"isPartOf\":{\"@id\":\"https:\\\/\\\/skaitytaknyga.lt\\\/#website\"},\"primaryImageOfPage\":{\"@id\":\"https:\\\/\\\/skaitytaknyga.lt\\\/produktas\\\/cingizas-aitmatovas-henrikas-ibsenas-dramos\\\/#primaryimage\"},\"image\":{\"@id\":\"https:\\\/\\\/skaitytaknyga.lt\\\/produktas\\\/cingizas-aitmatovas-henrikas-ibsenas-dramos\\\/#primaryimage\"},\"thumbnailUrl\":\"https:\\\/\\\/skaitytaknyga.lt\\\/wp-content\\\/uploads\\\/2024\\\/05\\\/1623911635_170336-img-4914.jpg\",\"datePublished\":\"2024-05-04T18:09:50+00:00\",\"dateModified\":\"2024-10-07T19:12:49+00:00\",\"description\":\"Henrikas Johanas Ibsenas\u00a0(1828\u20131906) \u2013 \u017eymus Norvegijos dramaturgas, da\u017enai vadinamas \u201e\u0161iuolaikin\u0117s dramos t\u0117vu\\\". Jo pjes\u0117s da\u017enai buvo laikomos skandalingomis, nes Ibsenas nebijojo per\u017eengti \u012fprast\u0173 Viktorijos epochos moral\u0117s norm\u0173 ir ra\u0161yti apie real\u0173, o ne idealizuot\u0105 pasaul\u012f. Ibsenas vienas pirm\u0173j\u0173 \u012ftrauk\u0117 \u012f dramaturgij\u0105 kriti\u0161k\u0105 po\u017ei\u016br\u012f \u012f moral\u0119 ir i\u0161dr\u012fso ja suabejoti. Daugelis kit\u0173 to laikotarpio k\u016brini\u0173 prie\u0161ingai \u2013 pateik\u0117 priimtos moral\u0117s pavyzd\u017eius ar smerk\u0117 u\u017e jos nesilaikym\u0105; buvo tikimasi, kad kiekviena drama baigsis moral\u0117s normas atitinkan\u010diomis i\u0161vadomis, g\u0117ris atne\u0161 laim\u0119, o amoralus elgesys \u2013 bausm\u0119. Ibsenas met\u0117 i\u0161\u0161\u016bk\u012f \u0161ioms normoms ir nebijojo sugriauti \u017ei\u016brov\u0173 iliuzij\u0173. Knygoje pateikiamos keturios ra\u0161ytojo dramos: Helgelando kar\u017eygiai; Heda Gabler; Statytojas Solnesas; Junas Gabrielis Borkmanas.\",\"breadcrumb\":{\"@id\":\"https:\\\/\\\/skaitytaknyga.lt\\\/produktas\\\/cingizas-aitmatovas-henrikas-ibsenas-dramos\\\/#breadcrumb\"},\"inLanguage\":\"en-GB\",\"potentialAction\":[{\"@type\":\"ReadAction\",\"target\":[\"https:\\\/\\\/skaitytaknyga.lt\\\/produktas\\\/cingizas-aitmatovas-henrikas-ibsenas-dramos\\\/\"]}]},{\"@type\":\"ImageObject\",\"inLanguage\":\"en-GB\",\"@id\":\"https:\\\/\\\/skaitytaknyga.lt\\\/produktas\\\/cingizas-aitmatovas-henrikas-ibsenas-dramos\\\/#primaryimage\",\"url\":\"https:\\\/\\\/skaitytaknyga.lt\\\/wp-content\\\/uploads\\\/2024\\\/05\\\/1623911635_170336-img-4914.jpg\",\"contentUrl\":\"https:\\\/\\\/skaitytaknyga.lt\\\/wp-content\\\/uploads\\\/2024\\\/05\\\/1623911635_170336-img-4914.jpg\",\"width\":286,\"height\":430},{\"@type\":\"BreadcrumbList\",\"@id\":\"https:\\\/\\\/skaitytaknyga.lt\\\/produktas\\\/cingizas-aitmatovas-henrikas-ibsenas-dramos\\\/#breadcrumb\",\"itemListElement\":[{\"@type\":\"ListItem\",\"position\":1,\"name\":\"Home\",\"item\":\"https:\\\/\\\/skaitytaknyga.lt\\\/\"},{\"@type\":\"ListItem\",\"position\":2,\"name\":\"Parduotuv\u0117\",\"item\":\"https:\\\/\\\/skaitytaknyga.lt\\\/knygu-parduotuve\\\/\"},{\"@type\":\"ListItem\",\"position\":3,\"name\":\"\u010cingizas Aitmatovas \u201eHenrikas Ibsenas. Dramos\u201c\"}]},{\"@type\":\"WebSite\",\"@id\":\"https:\\\/\\\/skaitytaknyga.lt\\\/#website\",\"url\":\"https:\\\/\\\/skaitytaknyga.lt\\\/\",\"name\":\"skaitytaknyga.lt\",\"description\":\"Skaitytaknyga.lt \u2013 tai ma\u017eas \u0161eimos verslas, kuris prasid\u0117jo nuo meil\u0117s knygoms ir siekio i\u0161gelb\u0117ti knygas nuo likimo prie konteinerio. Kas vienam nereikalingas daiktas \u2013 kitam lobis, o mes esame tarpininkai, kurie padeda abiems tapti laimingesniems ???? \u017dinome kaip nelengva i\u0161gyventi ma\u017eiems verslams, tad nuo \u0161iol, \u010dia rasite ir kit\u0173, ma\u017e\u0173 \u0161eim\u0173 versl\u0173, rank\u0173 darbo, dovan\u0173 sau ir artimiesiems.\",\"publisher\":{\"@id\":\"https:\\\/\\\/skaitytaknyga.lt\\\/#organization\"},\"potentialAction\":[{\"@type\":\"SearchAction\",\"target\":{\"@type\":\"EntryPoint\",\"urlTemplate\":\"https:\\\/\\\/skaitytaknyga.lt\\\/?s={search_term_string}\"},\"query-input\":{\"@type\":\"PropertyValueSpecification\",\"valueRequired\":true,\"valueName\":\"search_term_string\"}}],\"inLanguage\":\"en-GB\"},{\"@type\":\"Organization\",\"@id\":\"https:\\\/\\\/skaitytaknyga.lt\\\/#organization\",\"name\":\"skaitytaknyga.lt\",\"url\":\"https:\\\/\\\/skaitytaknyga.lt\\\/\",\"logo\":{\"@type\":\"ImageObject\",\"inLanguage\":\"en-GB\",\"@id\":\"https:\\\/\\\/skaitytaknyga.lt\\\/#\\\/schema\\\/logo\\\/image\\\/\",\"url\":\"https:\\\/\\\/skaitytaknyga.lt\\\/wp-content\\\/uploads\\\/2024\\\/05\\\/cropped-cropped-cropped-02_00843_jt3bggkj1j3HLc7SyY6rEUpg.jpeg\",\"contentUrl\":\"https:\\\/\\\/skaitytaknyga.lt\\\/wp-content\\\/uploads\\\/2024\\\/05\\\/cropped-cropped-cropped-02_00843_jt3bggkj1j3HLc7SyY6rEUpg.jpeg\",\"width\":1600,\"height\":1600,\"caption\":\"skaitytaknyga.lt\"},\"image\":{\"@id\":\"https:\\\/\\\/skaitytaknyga.lt\\\/#\\\/schema\\\/logo\\\/image\\\/\"},\"sameAs\":[\"https:\\\/\\\/www.facebook.com\\\/skaitytaknyga\\\/\"]}]}<\/script>\n<!-- \/ Yoast SEO plugin. -->","yoast_head_json":{"title":"\u010cingizas Aitmatovas \u201eHenrikas Ibsenas. Dramos\u201c","description":"Henrikas Johanas Ibsenas\u00a0(1828\u20131906) \u2013 \u017eymus Norvegijos dramaturgas, da\u017enai vadinamas \u201e\u0161iuolaikin\u0117s dramos t\u0117vu\".  Jo pjes\u0117s da\u017enai buvo laikomos skandalingomis, nes Ibsenas nebijojo per\u017eengti \u012fprast\u0173 Viktorijos epochos moral\u0117s norm\u0173 ir ra\u0161yti apie real\u0173, o ne idealizuot\u0105 pasaul\u012f.  Ibsenas vienas pirm\u0173j\u0173 \u012ftrauk\u0117 \u012f dramaturgij\u0105 kriti\u0161k\u0105 po\u017ei\u016br\u012f \u012f moral\u0119 ir i\u0161dr\u012fso ja suabejoti. Daugelis kit\u0173 to laikotarpio k\u016brini\u0173 prie\u0161ingai \u2013 pateik\u0117 priimtos moral\u0117s pavyzd\u017eius ar smerk\u0117 u\u017e jos nesilaikym\u0105; buvo tikimasi, kad kiekviena drama baigsis moral\u0117s normas atitinkan\u010diomis i\u0161vadomis, g\u0117ris atne\u0161 laim\u0119, o amoralus elgesys \u2013 bausm\u0119. Ibsenas met\u0117 i\u0161\u0161\u016bk\u012f \u0161ioms normoms ir nebijojo sugriauti \u017ei\u016brov\u0173 iliuzij\u0173.  Knygoje pateikiamos keturios ra\u0161ytojo dramos:   Helgelando kar\u017eygiai;  Heda Gabler;  Statytojas Solnesas;  Junas Gabrielis Borkmanas.","robots":{"index":"index","follow":"follow","max-snippet":"max-snippet:-1","max-image-preview":"max-image-preview:large","max-video-preview":"max-video-preview:-1"},"canonical":"https:\/\/skaitytaknyga.lt\/en\/produktas\/cingizas-aitmatovas-henrikas-ibsenas-dramos\/","og_locale":"en_GB","og_type":"article","og_title":"[:lt]\u010cingizas Aitmatovas \u201eHenrikas Ibsenas. Dramos\u201c[:] - Skaitytaknyga","og_description":"Henrikas Johanas Ibsenas\u00a0(1828\u20131906) \u2013 \u017eymus Norvegijos dramaturgas, da\u017enai vadinamas \u201e\u0161iuolaikin\u0117s dramos t\u0117vu\".  Jo pjes\u0117s da\u017enai buvo laikomos skandalingomis, nes Ibsenas nebijojo per\u017eengti \u012fprast\u0173 Viktorijos epochos moral\u0117s norm\u0173 ir ra\u0161yti apie real\u0173, o ne idealizuot\u0105 pasaul\u012f.  Ibsenas vienas pirm\u0173j\u0173 \u012ftrauk\u0117 \u012f dramaturgij\u0105 kriti\u0161k\u0105 po\u017ei\u016br\u012f \u012f moral\u0119 ir i\u0161dr\u012fso ja suabejoti. Daugelis kit\u0173 to laikotarpio k\u016brini\u0173 prie\u0161ingai \u2013 pateik\u0117 priimtos moral\u0117s pavyzd\u017eius ar smerk\u0117 u\u017e jos nesilaikym\u0105; buvo tikimasi, kad kiekviena drama baigsis moral\u0117s normas atitinkan\u010diomis i\u0161vadomis, g\u0117ris atne\u0161 laim\u0119, o amoralus elgesys \u2013 bausm\u0119. Ibsenas met\u0117 i\u0161\u0161\u016bk\u012f \u0161ioms normoms ir nebijojo sugriauti \u017ei\u016brov\u0173 iliuzij\u0173.  Knygoje pateikiamos keturios ra\u0161ytojo dramos:   Helgelando kar\u017eygiai;  Heda Gabler;  Statytojas Solnesas;  Junas Gabrielis Borkmanas.","og_url":"https:\/\/skaitytaknyga.lt\/en\/produktas\/cingizas-aitmatovas-henrikas-ibsenas-dramos\/","og_site_name":"Skaitytaknyga","article_publisher":"https:\/\/www.facebook.com\/skaitytaknyga\/","article_modified_time":"2024-10-07T19:12:49+00:00","og_image":[{"width":286,"height":430,"url":"https:\/\/skaitytaknyga.lt\/wp-content\/uploads\/2024\/05\/1623911635_170336-img-4914.jpg","type":"image\/jpeg"}],"twitter_card":"summary_large_image","twitter_misc":{"Estimated reading time":"1 minute"},"schema":{"@context":"https:\/\/schema.org","@graph":[{"@type":"WebPage","@id":"https:\/\/skaitytaknyga.lt\/produktas\/cingizas-aitmatovas-henrikas-ibsenas-dramos\/","url":"https:\/\/skaitytaknyga.lt\/produktas\/cingizas-aitmatovas-henrikas-ibsenas-dramos\/","name":"\u010cingizas Aitmatovas \u201eHenrikas Ibsenas. Dramos\u201c","isPartOf":{"@id":"https:\/\/skaitytaknyga.lt\/#website"},"primaryImageOfPage":{"@id":"https:\/\/skaitytaknyga.lt\/produktas\/cingizas-aitmatovas-henrikas-ibsenas-dramos\/#primaryimage"},"image":{"@id":"https:\/\/skaitytaknyga.lt\/produktas\/cingizas-aitmatovas-henrikas-ibsenas-dramos\/#primaryimage"},"thumbnailUrl":"https:\/\/skaitytaknyga.lt\/wp-content\/uploads\/2024\/05\/1623911635_170336-img-4914.jpg","datePublished":"2024-05-04T18:09:50+00:00","dateModified":"2024-10-07T19:12:49+00:00","description":"Henrikas Johanas Ibsenas\u00a0(1828\u20131906) \u2013 \u017eymus Norvegijos dramaturgas, da\u017enai vadinamas \u201e\u0161iuolaikin\u0117s dramos t\u0117vu\". Jo pjes\u0117s da\u017enai buvo laikomos skandalingomis, nes Ibsenas nebijojo per\u017eengti \u012fprast\u0173 Viktorijos epochos moral\u0117s norm\u0173 ir ra\u0161yti apie real\u0173, o ne idealizuot\u0105 pasaul\u012f. Ibsenas vienas pirm\u0173j\u0173 \u012ftrauk\u0117 \u012f dramaturgij\u0105 kriti\u0161k\u0105 po\u017ei\u016br\u012f \u012f moral\u0119 ir i\u0161dr\u012fso ja suabejoti. Daugelis kit\u0173 to laikotarpio k\u016brini\u0173 prie\u0161ingai \u2013 pateik\u0117 priimtos moral\u0117s pavyzd\u017eius ar smerk\u0117 u\u017e jos nesilaikym\u0105; buvo tikimasi, kad kiekviena drama baigsis moral\u0117s normas atitinkan\u010diomis i\u0161vadomis, g\u0117ris atne\u0161 laim\u0119, o amoralus elgesys \u2013 bausm\u0119. Ibsenas met\u0117 i\u0161\u0161\u016bk\u012f \u0161ioms normoms ir nebijojo sugriauti \u017ei\u016brov\u0173 iliuzij\u0173. Knygoje pateikiamos keturios ra\u0161ytojo dramos: Helgelando kar\u017eygiai; Heda Gabler; Statytojas Solnesas; Junas Gabrielis Borkmanas.","breadcrumb":{"@id":"https:\/\/skaitytaknyga.lt\/produktas\/cingizas-aitmatovas-henrikas-ibsenas-dramos\/#breadcrumb"},"inLanguage":"en-GB","potentialAction":[{"@type":"ReadAction","target":["https:\/\/skaitytaknyga.lt\/produktas\/cingizas-aitmatovas-henrikas-ibsenas-dramos\/"]}]},{"@type":"ImageObject","inLanguage":"en-GB","@id":"https:\/\/skaitytaknyga.lt\/produktas\/cingizas-aitmatovas-henrikas-ibsenas-dramos\/#primaryimage","url":"https:\/\/skaitytaknyga.lt\/wp-content\/uploads\/2024\/05\/1623911635_170336-img-4914.jpg","contentUrl":"https:\/\/skaitytaknyga.lt\/wp-content\/uploads\/2024\/05\/1623911635_170336-img-4914.jpg","width":286,"height":430},{"@type":"BreadcrumbList","@id":"https:\/\/skaitytaknyga.lt\/produktas\/cingizas-aitmatovas-henrikas-ibsenas-dramos\/#breadcrumb","itemListElement":[{"@type":"ListItem","position":1,"name":"Home","item":"https:\/\/skaitytaknyga.lt\/"},{"@type":"ListItem","position":2,"name":"Parduotuv\u0117","item":"https:\/\/skaitytaknyga.lt\/knygu-parduotuve\/"},{"@type":"ListItem","position":3,"name":"\u010cingizas Aitmatovas \u201eHenrikas Ibsenas. Dramos\u201c"}]},{"@type":"WebSite","@id":"https:\/\/skaitytaknyga.lt\/#website","url":"https:\/\/skaitytaknyga.lt\/","name":"skaitytaknyga.lt","description":"Skaitytaknyga.lt \u2013 tai ma\u017eas \u0161eimos verslas, kuris prasid\u0117jo nuo meil\u0117s knygoms ir siekio i\u0161gelb\u0117ti knygas nuo likimo prie konteinerio. Kas vienam nereikalingas daiktas \u2013 kitam lobis, o mes esame tarpininkai, kurie padeda abiems tapti laimingesniems ???? \u017dinome kaip nelengva i\u0161gyventi ma\u017eiems verslams, tad nuo \u0161iol, \u010dia rasite ir kit\u0173, ma\u017e\u0173 \u0161eim\u0173 versl\u0173, rank\u0173 darbo, dovan\u0173 sau ir artimiesiems.","publisher":{"@id":"https:\/\/skaitytaknyga.lt\/#organization"},"potentialAction":[{"@type":"SearchAction","target":{"@type":"EntryPoint","urlTemplate":"https:\/\/skaitytaknyga.lt\/?s={search_term_string}"},"query-input":{"@type":"PropertyValueSpecification","valueRequired":true,"valueName":"search_term_string"}}],"inLanguage":"en-GB"},{"@type":"Organization","@id":"https:\/\/skaitytaknyga.lt\/#organization","name":"skaitytaknyga.lt","url":"https:\/\/skaitytaknyga.lt\/","logo":{"@type":"ImageObject","inLanguage":"en-GB","@id":"https:\/\/skaitytaknyga.lt\/#\/schema\/logo\/image\/","url":"https:\/\/skaitytaknyga.lt\/wp-content\/uploads\/2024\/05\/cropped-cropped-cropped-02_00843_jt3bggkj1j3HLc7SyY6rEUpg.jpeg","contentUrl":"https:\/\/skaitytaknyga.lt\/wp-content\/uploads\/2024\/05\/cropped-cropped-cropped-02_00843_jt3bggkj1j3HLc7SyY6rEUpg.jpeg","width":1600,"height":1600,"caption":"skaitytaknyga.lt"},"image":{"@id":"https:\/\/skaitytaknyga.lt\/#\/schema\/logo\/image\/"},"sameAs":["https:\/\/www.facebook.com\/skaitytaknyga\/"]}]}},"_links":{"self":[{"href":"https:\/\/skaitytaknyga.lt\/en\/wp-json\/wp\/v2\/product\/10224","targetHints":{"allow":["GET"]}}],"collection":[{"href":"https:\/\/skaitytaknyga.lt\/en\/wp-json\/wp\/v2\/product"}],"about":[{"href":"https:\/\/skaitytaknyga.lt\/en\/wp-json\/wp\/v2\/types\/product"}],"replies":[{"embeddable":true,"href":"https:\/\/skaitytaknyga.lt\/en\/wp-json\/wp\/v2\/comments?post=10224"}],"wp:featuredmedia":[{"embeddable":true,"href":"https:\/\/skaitytaknyga.lt\/en\/wp-json\/wp\/v2\/media\/10268"}],"wp:attachment":[{"href":"https:\/\/skaitytaknyga.lt\/en\/wp-json\/wp\/v2\/media?parent=10224"}],"wp:term":[{"taxonomy":"product_brand","embeddable":true,"href":"https:\/\/skaitytaknyga.lt\/en\/wp-json\/wp\/v2\/product_brand?post=10224"},{"taxonomy":"product_cat","embeddable":true,"href":"https:\/\/skaitytaknyga.lt\/en\/wp-json\/wp\/v2\/product_cat?post=10224"},{"taxonomy":"product_tag","embeddable":true,"href":"https:\/\/skaitytaknyga.lt\/en\/wp-json\/wp\/v2\/product_tag?post=10224"}],"curies":[{"name":"wp","href":"https:\/\/api.w.org\/{rel}","templated":true}]}}