{"id":10221,"date":"2024-05-04T18:09:50","date_gmt":"2024-05-04T18:09:50","guid":{"rendered":"https:\/\/skaitytaknyga.lt\/?post_type=product&#038;p=10221"},"modified":"2026-03-18T14:59:58","modified_gmt":"2026-03-18T12:59:58","slug":"lietuvos-valstieciu-gyvenvietes-ir-sodybos","status":"publish","type":"product","link":"https:\/\/skaitytaknyga.lt\/en\/produktas\/lietuvos-valstieciu-gyvenvietes-ir-sodybos\/","title":{"rendered":"Lietuvos valstie\u010di\u0173 gyvenviet\u0117s ir sodybos"},"content":{"rendered":"<p>Leidinyje nagrin\u0117jami svarbiausieji gyvenvie\u010di\u0173 ir sodyb\u0173 raidos etapai, j\u0173 tip\u0173 kitimo prie\u017eastys, klasifikacija. Analizuojami lietuvi\u0173 valstie\u010di\u0173 ir sodyb\u0173 pagrindiniai elementai, i\u0161ry\u0161kinami j\u0173 b\u016bdingiausi bruo\u017eai.<\/p>\n","protected":false},"excerpt":{"rendered":"<p>Leidinyje nagrin\u0117jami svarbiausieji gyvenvie\u010di\u0173 ir sodyb\u0173 raidos etapai, j\u0173 tip\u0173 kitimo prie\u017eastys, klasifikacija. Analizuojami lietuvi\u0173 valstie\u010di\u0173 ir sodyb\u0173 pagrindiniai elementai, i\u0161ry\u0161kinami j\u0173 b\u016bdingiausi bruo\u017eai.<\/p>\n","protected":false},"featured_media":10265,"comment_status":"closed","ping_status":"closed","template":"","meta":{"_acf_changed":false,"site-sidebar-layout":"default","site-content-layout":"","ast-site-content-layout":"default","site-content-style":"default","site-sidebar-style":"default","ast-global-header-display":"","ast-banner-title-visibility":"","ast-main-header-display":"","ast-hfb-above-header-display":"","ast-hfb-below-header-display":"","ast-hfb-mobile-header-display":"","site-post-title":"","ast-breadcrumbs-content":"","ast-featured-img":"","footer-sml-layout":"","ast-disable-related-posts":"","theme-transparent-header-meta":"","adv-header-id-meta":"","stick-header-meta":"","header-above-stick-meta":"","header-main-stick-meta":"","header-below-stick-meta":"","astra-migrate-meta-layouts":"default","ast-page-background-enabled":"default","ast-page-background-meta":{"desktop":{"background-color":"","background-image":"","background-repeat":"repeat","background-position":"center center","background-size":"auto","background-attachment":"scroll","background-type":"","background-media":"","overlay-type":"","overlay-color":"","overlay-opacity":"","overlay-gradient":""},"tablet":{"background-color":"","background-image":"","background-repeat":"repeat","background-position":"center center","background-size":"auto","background-attachment":"scroll","background-type":"","background-media":"","overlay-type":"","overlay-color":"","overlay-opacity":"","overlay-gradient":""},"mobile":{"background-color":"","background-image":"","background-repeat":"repeat","background-position":"center center","background-size":"auto","background-attachment":"scroll","background-type":"","background-media":"","overlay-type":"","overlay-color":"","overlay-opacity":"","overlay-gradient":""}},"ast-content-background-meta":{"desktop":{"background-color":"var(--ast-global-color-4)","background-image":"","background-repeat":"repeat","background-position":"center center","background-size":"auto","background-attachment":"scroll","background-type":"","background-media":"","overlay-type":"","overlay-color":"","overlay-opacity":"","overlay-gradient":""},"tablet":{"background-color":"var(--ast-global-color-4)","background-image":"","background-repeat":"repeat","background-position":"center center","background-size":"auto","background-attachment":"scroll","background-type":"","background-media":"","overlay-type":"","overlay-color":"","overlay-opacity":"","overlay-gradient":""},"mobile":{"background-color":"var(--ast-global-color-4)","background-image":"","background-repeat":"repeat","background-position":"center center","background-size":"auto","background-attachment":"scroll","background-type":"","background-media":"","overlay-type":"","overlay-color":"","overlay-opacity":"","overlay-gradient":""}}},"product_brand":[],"product_cat":[293,174,9862],"product_tag":[],"class_list":{"0":"post-10221","1":"product","2":"type-product","3":"status-publish","4":"has-post-thumbnail","6":"product_cat-etnografija-liaudies-kuryba","7":"product_cat-istorija-ir-politologija","8":"product_cat-lietuvos-istorija","9":"pa_leidimo-metai-680","10":"pa_virselis-kietas","11":"desktop-align-left","12":"tablet-align-left","13":"mobile-align-left","15":"first","16":"outofstock","17":"shipping-taxable","18":"purchasable","19":"product-type-simple"},"acf":[],"yoast_head":"<!-- This site is optimized with the Yoast SEO plugin v27.4 - https:\/\/yoast.com\/product\/yoast-seo-wordpress\/ -->\n<title>Lietuvos valstie\u010di\u0173 gyvenviet\u0117s ir sodybos<\/title>\n<meta name=\"description\" content=\"Leidinyje nagrin\u0117jami svarbiausieji gyvenvie\u010di\u0173 ir sodyb\u0173 raidos etapai, j\u0173 tip\u0173 kitimo prie\u017eastys, klasifikacija. Analizuojami lietuvi\u0173 valstie\u010di\u0173 ir sodyb\u0173 pagrindiniai elementai, i\u0161ry\u0161kinami j\u0173 b\u016bdingiausi bruo\u017eai.\" \/>\n<meta name=\"robots\" content=\"index, follow, max-snippet:-1, max-image-preview:large, max-video-preview:-1\" \/>\n<link rel=\"canonical\" href=\"https:\/\/skaitytaknyga.lt\/en\/produktas\/lietuvos-valstieciu-gyvenvietes-ir-sodybos\/\" \/>\n<meta property=\"og:locale\" content=\"en_GB\" \/>\n<meta property=\"og:locale:alternate\" content=\"lt_LT\" \/>\n<meta property=\"og:type\" content=\"article\" \/>\n<meta property=\"og:title\" content=\"Lietuvos valstie\u010di\u0173 gyvenviet\u0117s ir sodybos\" \/>\n<meta property=\"og:description\" content=\"Leidinyje nagrin\u0117jami svarbiausieji gyvenvie\u010di\u0173 ir sodyb\u0173 raidos etapai, j\u0173 tip\u0173 kitimo prie\u017eastys, klasifikacija. Analizuojami lietuvi\u0173 valstie\u010di\u0173 ir sodyb\u0173 pagrindiniai elementai, i\u0161ry\u0161kinami j\u0173 b\u016bdingiausi bruo\u017eai.\" \/>\n<meta property=\"og:url\" content=\"https:\/\/skaitytaknyga.lt\/en\/produktas\/lietuvos-valstieciu-gyvenvietes-ir-sodybos\/\" \/>\n<meta property=\"og:site_name\" content=\"Skaitytaknyga\" \/>\n<meta property=\"article:publisher\" content=\"https:\/\/www.facebook.com\/skaitytaknyga\/\" \/>\n<meta property=\"article:modified_time\" content=\"2026-03-18T12:59:58+00:00\" \/>\n<meta property=\"og:image\" content=\"https:\/\/skaitytaknyga.lt\/wp-content\/uploads\/2024\/05\/lietuvos-valstieciu-gyvenvietes-ir-sodybos-6-tomas-1-e1642181232977.jpg\" \/>\n\t<meta property=\"og:image:width\" content=\"751\" \/>\n\t<meta property=\"og:image:height\" content=\"950\" \/>\n\t<meta property=\"og:image:type\" content=\"image\/jpeg\" \/>\n<meta name=\"twitter:card\" content=\"summary_large_image\" \/>\n<script type=\"application\/ld+json\" class=\"yoast-schema-graph\">{\"@context\":\"https:\\\/\\\/schema.org\",\"@graph\":[{\"@type\":\"WebPage\",\"@id\":\"https:\\\/\\\/skaitytaknyga.lt\\\/produktas\\\/lietuvos-valstieciu-gyvenvietes-ir-sodybos\\\/\",\"url\":\"https:\\\/\\\/skaitytaknyga.lt\\\/produktas\\\/lietuvos-valstieciu-gyvenvietes-ir-sodybos\\\/\",\"name\":\"Lietuvos valstie\u010di\u0173 gyvenviet\u0117s ir sodybos\",\"isPartOf\":{\"@id\":\"https:\\\/\\\/skaitytaknyga.lt\\\/#website\"},\"primaryImageOfPage\":{\"@id\":\"https:\\\/\\\/skaitytaknyga.lt\\\/produktas\\\/lietuvos-valstieciu-gyvenvietes-ir-sodybos\\\/#primaryimage\"},\"image\":{\"@id\":\"https:\\\/\\\/skaitytaknyga.lt\\\/produktas\\\/lietuvos-valstieciu-gyvenvietes-ir-sodybos\\\/#primaryimage\"},\"thumbnailUrl\":\"https:\\\/\\\/skaitytaknyga.lt\\\/wp-content\\\/uploads\\\/2024\\\/05\\\/lietuvos-valstieciu-gyvenvietes-ir-sodybos-6-tomas-1-e1642181232977.jpg\",\"datePublished\":\"2024-05-04T18:09:50+00:00\",\"dateModified\":\"2026-03-18T12:59:58+00:00\",\"description\":\"Leidinyje nagrin\u0117jami svarbiausieji gyvenvie\u010di\u0173 ir sodyb\u0173 raidos etapai, j\u0173 tip\u0173 kitimo prie\u017eastys, klasifikacija. Analizuojami lietuvi\u0173 valstie\u010di\u0173 ir sodyb\u0173 pagrindiniai elementai, i\u0161ry\u0161kinami j\u0173 b\u016bdingiausi bruo\u017eai.\",\"breadcrumb\":{\"@id\":\"https:\\\/\\\/skaitytaknyga.lt\\\/produktas\\\/lietuvos-valstieciu-gyvenvietes-ir-sodybos\\\/#breadcrumb\"},\"inLanguage\":\"en-GB\",\"potentialAction\":[{\"@type\":\"ReadAction\",\"target\":[\"https:\\\/\\\/skaitytaknyga.lt\\\/produktas\\\/lietuvos-valstieciu-gyvenvietes-ir-sodybos\\\/\"]}]},{\"@type\":\"ImageObject\",\"inLanguage\":\"en-GB\",\"@id\":\"https:\\\/\\\/skaitytaknyga.lt\\\/produktas\\\/lietuvos-valstieciu-gyvenvietes-ir-sodybos\\\/#primaryimage\",\"url\":\"https:\\\/\\\/skaitytaknyga.lt\\\/wp-content\\\/uploads\\\/2024\\\/05\\\/lietuvos-valstieciu-gyvenvietes-ir-sodybos-6-tomas-1-e1642181232977.jpg\",\"contentUrl\":\"https:\\\/\\\/skaitytaknyga.lt\\\/wp-content\\\/uploads\\\/2024\\\/05\\\/lietuvos-valstieciu-gyvenvietes-ir-sodybos-6-tomas-1-e1642181232977.jpg\",\"width\":751,\"height\":950},{\"@type\":\"BreadcrumbList\",\"@id\":\"https:\\\/\\\/skaitytaknyga.lt\\\/produktas\\\/lietuvos-valstieciu-gyvenvietes-ir-sodybos\\\/#breadcrumb\",\"itemListElement\":[{\"@type\":\"ListItem\",\"position\":1,\"name\":\"Home\",\"item\":\"https:\\\/\\\/skaitytaknyga.lt\\\/\"},{\"@type\":\"ListItem\",\"position\":2,\"name\":\"Parduotuv\u0117\",\"item\":\"https:\\\/\\\/skaitytaknyga.lt\\\/knygu-parduotuve\\\/\"},{\"@type\":\"ListItem\",\"position\":3,\"name\":\"Lietuvos valstie\u010di\u0173 gyvenviet\u0117s ir sodybos\"}]},{\"@type\":\"WebSite\",\"@id\":\"https:\\\/\\\/skaitytaknyga.lt\\\/#website\",\"url\":\"https:\\\/\\\/skaitytaknyga.lt\\\/\",\"name\":\"skaitytaknyga.lt\",\"description\":\"Skaitytaknyga.lt \u2013 tai ma\u017eas \u0161eimos verslas, kuris prasid\u0117jo nuo meil\u0117s knygoms ir siekio i\u0161gelb\u0117ti knygas nuo likimo prie konteinerio. Kas vienam nereikalingas daiktas \u2013 kitam lobis, o mes esame tarpininkai, kurie padeda abiems tapti laimingesniems ???? \u017dinome kaip nelengva i\u0161gyventi ma\u017eiems verslams, tad nuo \u0161iol, \u010dia rasite ir kit\u0173, ma\u017e\u0173 \u0161eim\u0173 versl\u0173, rank\u0173 darbo, dovan\u0173 sau ir artimiesiems.\",\"publisher\":{\"@id\":\"https:\\\/\\\/skaitytaknyga.lt\\\/#organization\"},\"potentialAction\":[{\"@type\":\"SearchAction\",\"target\":{\"@type\":\"EntryPoint\",\"urlTemplate\":\"https:\\\/\\\/skaitytaknyga.lt\\\/?s={search_term_string}\"},\"query-input\":{\"@type\":\"PropertyValueSpecification\",\"valueRequired\":true,\"valueName\":\"search_term_string\"}}],\"inLanguage\":\"en-GB\"},{\"@type\":\"Organization\",\"@id\":\"https:\\\/\\\/skaitytaknyga.lt\\\/#organization\",\"name\":\"skaitytaknyga.lt\",\"url\":\"https:\\\/\\\/skaitytaknyga.lt\\\/\",\"logo\":{\"@type\":\"ImageObject\",\"inLanguage\":\"en-GB\",\"@id\":\"https:\\\/\\\/skaitytaknyga.lt\\\/#\\\/schema\\\/logo\\\/image\\\/\",\"url\":\"https:\\\/\\\/skaitytaknyga.lt\\\/wp-content\\\/uploads\\\/2024\\\/05\\\/cropped-cropped-cropped-02_00843_jt3bggkj1j3HLc7SyY6rEUpg.jpeg\",\"contentUrl\":\"https:\\\/\\\/skaitytaknyga.lt\\\/wp-content\\\/uploads\\\/2024\\\/05\\\/cropped-cropped-cropped-02_00843_jt3bggkj1j3HLc7SyY6rEUpg.jpeg\",\"width\":1600,\"height\":1600,\"caption\":\"skaitytaknyga.lt\"},\"image\":{\"@id\":\"https:\\\/\\\/skaitytaknyga.lt\\\/#\\\/schema\\\/logo\\\/image\\\/\"},\"sameAs\":[\"https:\\\/\\\/www.facebook.com\\\/skaitytaknyga\\\/\"]}]}<\/script>\n<!-- \/ Yoast SEO plugin. -->","yoast_head_json":{"title":"Lietuvos valstie\u010di\u0173 gyvenviet\u0117s ir sodybos","description":"Leidinyje nagrin\u0117jami svarbiausieji gyvenvie\u010di\u0173 ir sodyb\u0173 raidos etapai, j\u0173 tip\u0173 kitimo prie\u017eastys, klasifikacija. Analizuojami lietuvi\u0173 valstie\u010di\u0173 ir sodyb\u0173 pagrindiniai elementai, i\u0161ry\u0161kinami j\u0173 b\u016bdingiausi bruo\u017eai.","robots":{"index":"index","follow":"follow","max-snippet":"max-snippet:-1","max-image-preview":"max-image-preview:large","max-video-preview":"max-video-preview:-1"},"canonical":"https:\/\/skaitytaknyga.lt\/en\/produktas\/lietuvos-valstieciu-gyvenvietes-ir-sodybos\/","og_locale":"en_GB","og_type":"article","og_title":"[:lt]Lietuvos valstie\u010di\u0173 gyvenviet\u0117s ir sodybos[:] - Skaitytaknyga","og_description":"Leidinyje nagrin\u0117jami svarbiausieji gyvenvie\u010di\u0173 ir sodyb\u0173 raidos etapai, j\u0173 tip\u0173 kitimo prie\u017eastys, klasifikacija. Analizuojami lietuvi\u0173 valstie\u010di\u0173 ir sodyb\u0173 pagrindiniai elementai, i\u0161ry\u0161kinami j\u0173 b\u016bdingiausi bruo\u017eai.","og_url":"https:\/\/skaitytaknyga.lt\/en\/produktas\/lietuvos-valstieciu-gyvenvietes-ir-sodybos\/","og_site_name":"Skaitytaknyga","article_publisher":"https:\/\/www.facebook.com\/skaitytaknyga\/","article_modified_time":"2026-03-18T12:59:58+00:00","og_image":[{"width":751,"height":950,"url":"https:\/\/skaitytaknyga.lt\/wp-content\/uploads\/2024\/05\/lietuvos-valstieciu-gyvenvietes-ir-sodybos-6-tomas-1-e1642181232977.jpg","type":"image\/jpeg"}],"twitter_card":"summary_large_image","schema":{"@context":"https:\/\/schema.org","@graph":[{"@type":"WebPage","@id":"https:\/\/skaitytaknyga.lt\/produktas\/lietuvos-valstieciu-gyvenvietes-ir-sodybos\/","url":"https:\/\/skaitytaknyga.lt\/produktas\/lietuvos-valstieciu-gyvenvietes-ir-sodybos\/","name":"Lietuvos valstie\u010di\u0173 gyvenviet\u0117s ir sodybos","isPartOf":{"@id":"https:\/\/skaitytaknyga.lt\/#website"},"primaryImageOfPage":{"@id":"https:\/\/skaitytaknyga.lt\/produktas\/lietuvos-valstieciu-gyvenvietes-ir-sodybos\/#primaryimage"},"image":{"@id":"https:\/\/skaitytaknyga.lt\/produktas\/lietuvos-valstieciu-gyvenvietes-ir-sodybos\/#primaryimage"},"thumbnailUrl":"https:\/\/skaitytaknyga.lt\/wp-content\/uploads\/2024\/05\/lietuvos-valstieciu-gyvenvietes-ir-sodybos-6-tomas-1-e1642181232977.jpg","datePublished":"2024-05-04T18:09:50+00:00","dateModified":"2026-03-18T12:59:58+00:00","description":"Leidinyje nagrin\u0117jami svarbiausieji gyvenvie\u010di\u0173 ir sodyb\u0173 raidos etapai, j\u0173 tip\u0173 kitimo prie\u017eastys, klasifikacija. Analizuojami lietuvi\u0173 valstie\u010di\u0173 ir sodyb\u0173 pagrindiniai elementai, i\u0161ry\u0161kinami j\u0173 b\u016bdingiausi bruo\u017eai.","breadcrumb":{"@id":"https:\/\/skaitytaknyga.lt\/produktas\/lietuvos-valstieciu-gyvenvietes-ir-sodybos\/#breadcrumb"},"inLanguage":"en-GB","potentialAction":[{"@type":"ReadAction","target":["https:\/\/skaitytaknyga.lt\/produktas\/lietuvos-valstieciu-gyvenvietes-ir-sodybos\/"]}]},{"@type":"ImageObject","inLanguage":"en-GB","@id":"https:\/\/skaitytaknyga.lt\/produktas\/lietuvos-valstieciu-gyvenvietes-ir-sodybos\/#primaryimage","url":"https:\/\/skaitytaknyga.lt\/wp-content\/uploads\/2024\/05\/lietuvos-valstieciu-gyvenvietes-ir-sodybos-6-tomas-1-e1642181232977.jpg","contentUrl":"https:\/\/skaitytaknyga.lt\/wp-content\/uploads\/2024\/05\/lietuvos-valstieciu-gyvenvietes-ir-sodybos-6-tomas-1-e1642181232977.jpg","width":751,"height":950},{"@type":"BreadcrumbList","@id":"https:\/\/skaitytaknyga.lt\/produktas\/lietuvos-valstieciu-gyvenvietes-ir-sodybos\/#breadcrumb","itemListElement":[{"@type":"ListItem","position":1,"name":"Home","item":"https:\/\/skaitytaknyga.lt\/"},{"@type":"ListItem","position":2,"name":"Parduotuv\u0117","item":"https:\/\/skaitytaknyga.lt\/knygu-parduotuve\/"},{"@type":"ListItem","position":3,"name":"Lietuvos valstie\u010di\u0173 gyvenviet\u0117s ir sodybos"}]},{"@type":"WebSite","@id":"https:\/\/skaitytaknyga.lt\/#website","url":"https:\/\/skaitytaknyga.lt\/","name":"skaitytaknyga.lt","description":"Skaitytaknyga.lt \u2013 tai ma\u017eas \u0161eimos verslas, kuris prasid\u0117jo nuo meil\u0117s knygoms ir siekio i\u0161gelb\u0117ti knygas nuo likimo prie konteinerio. Kas vienam nereikalingas daiktas \u2013 kitam lobis, o mes esame tarpininkai, kurie padeda abiems tapti laimingesniems ???? \u017dinome kaip nelengva i\u0161gyventi ma\u017eiems verslams, tad nuo \u0161iol, \u010dia rasite ir kit\u0173, ma\u017e\u0173 \u0161eim\u0173 versl\u0173, rank\u0173 darbo, dovan\u0173 sau ir artimiesiems.","publisher":{"@id":"https:\/\/skaitytaknyga.lt\/#organization"},"potentialAction":[{"@type":"SearchAction","target":{"@type":"EntryPoint","urlTemplate":"https:\/\/skaitytaknyga.lt\/?s={search_term_string}"},"query-input":{"@type":"PropertyValueSpecification","valueRequired":true,"valueName":"search_term_string"}}],"inLanguage":"en-GB"},{"@type":"Organization","@id":"https:\/\/skaitytaknyga.lt\/#organization","name":"skaitytaknyga.lt","url":"https:\/\/skaitytaknyga.lt\/","logo":{"@type":"ImageObject","inLanguage":"en-GB","@id":"https:\/\/skaitytaknyga.lt\/#\/schema\/logo\/image\/","url":"https:\/\/skaitytaknyga.lt\/wp-content\/uploads\/2024\/05\/cropped-cropped-cropped-02_00843_jt3bggkj1j3HLc7SyY6rEUpg.jpeg","contentUrl":"https:\/\/skaitytaknyga.lt\/wp-content\/uploads\/2024\/05\/cropped-cropped-cropped-02_00843_jt3bggkj1j3HLc7SyY6rEUpg.jpeg","width":1600,"height":1600,"caption":"skaitytaknyga.lt"},"image":{"@id":"https:\/\/skaitytaknyga.lt\/#\/schema\/logo\/image\/"},"sameAs":["https:\/\/www.facebook.com\/skaitytaknyga\/"]}]}},"_links":{"self":[{"href":"https:\/\/skaitytaknyga.lt\/en\/wp-json\/wp\/v2\/product\/10221","targetHints":{"allow":["GET"]}}],"collection":[{"href":"https:\/\/skaitytaknyga.lt\/en\/wp-json\/wp\/v2\/product"}],"about":[{"href":"https:\/\/skaitytaknyga.lt\/en\/wp-json\/wp\/v2\/types\/product"}],"replies":[{"embeddable":true,"href":"https:\/\/skaitytaknyga.lt\/en\/wp-json\/wp\/v2\/comments?post=10221"}],"wp:featuredmedia":[{"embeddable":true,"href":"https:\/\/skaitytaknyga.lt\/en\/wp-json\/wp\/v2\/media\/10265"}],"wp:attachment":[{"href":"https:\/\/skaitytaknyga.lt\/en\/wp-json\/wp\/v2\/media?parent=10221"}],"wp:term":[{"taxonomy":"product_brand","embeddable":true,"href":"https:\/\/skaitytaknyga.lt\/en\/wp-json\/wp\/v2\/product_brand?post=10221"},{"taxonomy":"product_cat","embeddable":true,"href":"https:\/\/skaitytaknyga.lt\/en\/wp-json\/wp\/v2\/product_cat?post=10221"},{"taxonomy":"product_tag","embeddable":true,"href":"https:\/\/skaitytaknyga.lt\/en\/wp-json\/wp\/v2\/product_tag?post=10221"}],"curies":[{"name":"wp","href":"https:\/\/api.w.org\/{rel}","templated":true}]}}