{"id":10220,"date":"2024-05-04T18:09:50","date_gmt":"2024-05-04T18:09:50","guid":{"rendered":"https:\/\/skaitytaknyga.lt\/?post_type=product&#038;p=10220"},"modified":"2024-05-04T18:10:41","modified_gmt":"2024-05-04T18:10:41","slug":"i-noll-vaistininke","status":"publish","type":"product","link":"https:\/\/skaitytaknyga.lt\/en\/produktas\/i-noll-vaistininke\/","title":{"rendered":"I. Noll \u201eVaistinink\u0117\u201c"},"content":{"rendered":"<p>Pasirei\u0161kus n\u0117\u0161tumo komplikacijoms Hela Morman, vaistinink\u0117, guli Heidelbergo moter\u0173 klinikoje. Jos palatos kaimyn\u0117 &#8211; pensinio am\u017eiaus dama Roz\u0117mari Hirt\u0117. Kad grei\u010diau slinkt\u0173 laikas, Hela naktimis pasakoja jai savo gyvenimo istorij\u0105, kupin\u0105 nuotyki\u0173 ir \u0161iurpi\u0173 nutikim\u0173. Ji gali nesivar\u017eyti ir atskleisti kaimynei did\u017eiausias paslaptis, mat slap\u010dia viliasi, kad ligota senyva ponia ilgai nebetrauks ir nesp\u0117s i\u0161plep\u0117ti. Tos i\u0161pa\u017eintys Helai yra savoti\u0161ka psichoterapija. Jai nuo paauglyst\u0117s b\u016bdingas liguistas potraukis globoti \u012fvairius nevyk\u0117lius, nesubrend\u0117lius, silpnavalius. B\u016bdama vaistinink\u0117, ji, regis, su tokiais vyrais ir tesusiduria. Hela trok\u0161ta to, ko ir visos moterys: vyro, nam\u0173, vaiko. Tuo ji ir pasir\u016bpina. Tiesa, ka\u017ekam tenka mirti nuo sumaniai dant\u0173 proteze pasl\u0117pt\u0173 nuod\u0173, u\u017esimu\u0161ti i\u0161kritus pro lang\u0105. Tokia jau Helos kova u\u017e laim\u0119&#8230;<\/p>\n","protected":false},"excerpt":{"rendered":"<p>Pasirei\u0161kus n\u0117\u0161tumo komplikacijoms Hela Morman, vaistinink\u0117, guli Heidelbergo moter\u0173 klinikoje. Jos palatos kaimyn\u0117 &#8211; pensinio am\u017eiaus dama Roz\u0117mari Hirt\u0117. Kad grei\u010diau slinkt\u0173 laikas, Hela naktimis pasakoja jai savo gyvenimo istorij\u0105, kupin\u0105 nuotyki\u0173 ir \u0161iurpi\u0173 nutikim\u0173. Ji gali nesivar\u017eyti ir atskleisti kaimynei did\u017eiausias paslaptis, mat slap\u010dia viliasi, kad ligota senyva ponia ilgai nebetrauks ir nesp\u0117s i\u0161plep\u0117ti. Tos i\u0161pa\u017eintys Helai yra savoti\u0161ka psichoterapija. Jai nuo paauglyst\u0117s b\u016bdingas liguistas potraukis globoti \u012fvairius nevyk\u0117lius, nesubrend\u0117lius, silpnavalius. B\u016bdama vaistinink\u0117, ji, regis, su tokiais vyrais ir tesusiduria. Hela trok\u0161ta to, ko ir visos moterys: vyro, nam\u0173, vaiko. Tuo ji ir pasir\u016bpina. Tiesa, ka\u017ekam tenka mirti nuo sumaniai dant\u0173 proteze pasl\u0117pt\u0173 nuod\u0173, u\u017esimu\u0161ti i\u0161kritus pro lang\u0105. Tokia jau Helos kova u\u017e laim\u0119&#8230;<\/p>\n","protected":false},"featured_media":10264,"comment_status":"closed","ping_status":"closed","template":"","meta":{"_acf_changed":false,"site-sidebar-layout":"default","site-content-layout":"","ast-site-content-layout":"default","site-content-style":"default","site-sidebar-style":"default","ast-global-header-display":"","ast-banner-title-visibility":"","ast-main-header-display":"","ast-hfb-above-header-display":"","ast-hfb-below-header-display":"","ast-hfb-mobile-header-display":"","site-post-title":"","ast-breadcrumbs-content":"","ast-featured-img":"","footer-sml-layout":"","ast-disable-related-posts":"","theme-transparent-header-meta":"","adv-header-id-meta":"","stick-header-meta":"","header-above-stick-meta":"","header-main-stick-meta":"","header-below-stick-meta":"","astra-migrate-meta-layouts":"default","ast-page-background-enabled":"default","ast-page-background-meta":{"desktop":{"background-color":"","background-image":"","background-repeat":"repeat","background-position":"center center","background-size":"auto","background-attachment":"scroll","background-type":"","background-media":"","overlay-type":"","overlay-color":"","overlay-opacity":"","overlay-gradient":""},"tablet":{"background-color":"","background-image":"","background-repeat":"repeat","background-position":"center center","background-size":"auto","background-attachment":"scroll","background-type":"","background-media":"","overlay-type":"","overlay-color":"","overlay-opacity":"","overlay-gradient":""},"mobile":{"background-color":"","background-image":"","background-repeat":"repeat","background-position":"center center","background-size":"auto","background-attachment":"scroll","background-type":"","background-media":"","overlay-type":"","overlay-color":"","overlay-opacity":"","overlay-gradient":""}},"ast-content-background-meta":{"desktop":{"background-color":"var(--ast-global-color-4)","background-image":"","background-repeat":"repeat","background-position":"center center","background-size":"auto","background-attachment":"scroll","background-type":"","background-media":"","overlay-type":"","overlay-color":"","overlay-opacity":"","overlay-gradient":""},"tablet":{"background-color":"var(--ast-global-color-4)","background-image":"","background-repeat":"repeat","background-position":"center center","background-size":"auto","background-attachment":"scroll","background-type":"","background-media":"","overlay-type":"","overlay-color":"","overlay-opacity":"","overlay-gradient":""},"mobile":{"background-color":"var(--ast-global-color-4)","background-image":"","background-repeat":"repeat","background-position":"center center","background-size":"auto","background-attachment":"scroll","background-type":"","background-media":"","overlay-type":"","overlay-color":"","overlay-opacity":"","overlay-gradient":""}}},"product_brand":[],"product_cat":[31],"product_tag":[],"class_list":{"0":"post-10220","1":"product","2":"type-product","3":"status-publish","4":"has-post-thumbnail","6":"product_cat-grozine-literatura","7":"pa_leidimo-metai-680","8":"pa_virselis-kietas","9":"desktop-align-left","10":"tablet-align-left","11":"mobile-align-left","13":"first","14":"instock","15":"shipping-taxable","16":"purchasable","17":"product-type-simple"},"acf":[],"yoast_head":"<!-- This site is optimized with the Yoast SEO plugin v27.4 - https:\/\/yoast.com\/product\/yoast-seo-wordpress\/ -->\n<title>I. Noll \u201eVaistinink\u0117\u201c - Skaitytaknyga<\/title>\n<meta name=\"description\" content=\"Pasirei\u0161kus n\u0117\u0161tumo komplikacijoms Hela Morman, vaistinink\u0117, guli Heidelbergo moter\u0173 klinikoje. Jos palatos kaimyn\u0117 - pensinio am\u017eiaus dama Roz\u0117mari Hirt\u0117. Kad grei\u010diau slinkt\u0173 laikas, Hela naktimis pasakoja jai savo gyvenimo istorij\u0105, kupin\u0105 nuotyki\u0173 ir \u0161iurpi\u0173 nutikim\u0173. Ji gali nesivar\u017eyti ir atskleisti kaimynei did\u017eiausias paslaptis, mat slap\u010dia viliasi, kad ligota senyva ponia ilgai nebetrauks ir nesp\u0117s i\u0161plep\u0117ti. Tos i\u0161pa\u017eintys Helai yra savoti\u0161ka psichoterapija. Jai nuo paauglyst\u0117s b\u016bdingas liguistas potraukis globoti \u012fvairius nevyk\u0117lius, nesubrend\u0117lius, silpnavalius. B\u016bdama vaistinink\u0117, ji, regis, su tokiais vyrais ir tesusiduria. Hela trok\u0161ta to, ko ir visos moterys: vyro, nam\u0173, vaiko. Tuo ji ir pasir\u016bpina. Tiesa, ka\u017ekam tenka mirti nuo sumaniai dant\u0173 proteze pasl\u0117pt\u0173 nuod\u0173, u\u017esimu\u0161ti i\u0161kritus pro lang\u0105. Tokia jau Helos kova u\u017e laim\u0119...\" \/>\n<meta name=\"robots\" content=\"index, follow, max-snippet:-1, max-image-preview:large, max-video-preview:-1\" \/>\n<link rel=\"canonical\" href=\"https:\/\/skaitytaknyga.lt\/en\/produktas\/i-noll-vaistininke\/\" \/>\n<meta property=\"og:locale\" content=\"en_GB\" \/>\n<meta property=\"og:locale:alternate\" content=\"lt_LT\" \/>\n<meta property=\"og:type\" content=\"article\" \/>\n<meta property=\"og:title\" content=\"I. Noll \u201eVaistinink\u0117\u201c - Skaitytaknyga\" \/>\n<meta property=\"og:description\" content=\"Pasirei\u0161kus n\u0117\u0161tumo komplikacijoms Hela Morman, vaistinink\u0117, guli Heidelbergo moter\u0173 klinikoje. Jos palatos kaimyn\u0117 - pensinio am\u017eiaus dama Roz\u0117mari Hirt\u0117. Kad grei\u010diau slinkt\u0173 laikas, Hela naktimis pasakoja jai savo gyvenimo istorij\u0105, kupin\u0105 nuotyki\u0173 ir \u0161iurpi\u0173 nutikim\u0173. Ji gali nesivar\u017eyti ir atskleisti kaimynei did\u017eiausias paslaptis, mat slap\u010dia viliasi, kad ligota senyva ponia ilgai nebetrauks ir nesp\u0117s i\u0161plep\u0117ti. Tos i\u0161pa\u017eintys Helai yra savoti\u0161ka psichoterapija. Jai nuo paauglyst\u0117s b\u016bdingas liguistas potraukis globoti \u012fvairius nevyk\u0117lius, nesubrend\u0117lius, silpnavalius. B\u016bdama vaistinink\u0117, ji, regis, su tokiais vyrais ir tesusiduria. Hela trok\u0161ta to, ko ir visos moterys: vyro, nam\u0173, vaiko. Tuo ji ir pasir\u016bpina. Tiesa, ka\u017ekam tenka mirti nuo sumaniai dant\u0173 proteze pasl\u0117pt\u0173 nuod\u0173, u\u017esimu\u0161ti i\u0161kritus pro lang\u0105. Tokia jau Helos kova u\u017e laim\u0119...\" \/>\n<meta property=\"og:url\" content=\"https:\/\/skaitytaknyga.lt\/en\/produktas\/i-noll-vaistininke\/\" \/>\n<meta property=\"og:site_name\" content=\"Skaitytaknyga\" \/>\n<meta property=\"article:publisher\" content=\"https:\/\/www.facebook.com\/skaitytaknyga\/\" \/>\n<meta property=\"article:modified_time\" content=\"2024-05-04T18:10:41+00:00\" \/>\n<meta property=\"og:image\" content=\"https:\/\/skaitytaknyga.lt\/wp-content\/uploads\/2024\/05\/1462880789_img0014.jpg\" \/>\n\t<meta property=\"og:image:width\" content=\"292\" \/>\n\t<meta property=\"og:image:height\" content=\"430\" \/>\n\t<meta property=\"og:image:type\" content=\"image\/jpeg\" \/>\n<meta name=\"twitter:card\" content=\"summary_large_image\" \/>\n<meta name=\"twitter:label1\" content=\"Estimated reading time\" \/>\n\t<meta name=\"twitter:data1\" content=\"1 minute\" \/>\n<script type=\"application\/ld+json\" class=\"yoast-schema-graph\">{\"@context\":\"https:\\\/\\\/schema.org\",\"@graph\":[{\"@type\":\"WebPage\",\"@id\":\"https:\\\/\\\/skaitytaknyga.lt\\\/produktas\\\/i-noll-vaistininke\\\/\",\"url\":\"https:\\\/\\\/skaitytaknyga.lt\\\/produktas\\\/i-noll-vaistininke\\\/\",\"name\":\"I. Noll \u201eVaistinink\u0117\u201c - Skaitytaknyga\",\"isPartOf\":{\"@id\":\"https:\\\/\\\/skaitytaknyga.lt\\\/#website\"},\"primaryImageOfPage\":{\"@id\":\"https:\\\/\\\/skaitytaknyga.lt\\\/produktas\\\/i-noll-vaistininke\\\/#primaryimage\"},\"image\":{\"@id\":\"https:\\\/\\\/skaitytaknyga.lt\\\/produktas\\\/i-noll-vaistininke\\\/#primaryimage\"},\"thumbnailUrl\":\"https:\\\/\\\/skaitytaknyga.lt\\\/wp-content\\\/uploads\\\/2024\\\/05\\\/1462880789_img0014.jpg\",\"datePublished\":\"2024-05-04T18:09:50+00:00\",\"dateModified\":\"2024-05-04T18:10:41+00:00\",\"description\":\"Pasirei\u0161kus n\u0117\u0161tumo komplikacijoms Hela Morman, vaistinink\u0117, guli Heidelbergo moter\u0173 klinikoje. Jos palatos kaimyn\u0117 - pensinio am\u017eiaus dama Roz\u0117mari Hirt\u0117. Kad grei\u010diau slinkt\u0173 laikas, Hela naktimis pasakoja jai savo gyvenimo istorij\u0105, kupin\u0105 nuotyki\u0173 ir \u0161iurpi\u0173 nutikim\u0173. Ji gali nesivar\u017eyti ir atskleisti kaimynei did\u017eiausias paslaptis, mat slap\u010dia viliasi, kad ligota senyva ponia ilgai nebetrauks ir nesp\u0117s i\u0161plep\u0117ti. Tos i\u0161pa\u017eintys Helai yra savoti\u0161ka psichoterapija. Jai nuo paauglyst\u0117s b\u016bdingas liguistas potraukis globoti \u012fvairius nevyk\u0117lius, nesubrend\u0117lius, silpnavalius. B\u016bdama vaistinink\u0117, ji, regis, su tokiais vyrais ir tesusiduria. Hela trok\u0161ta to, ko ir visos moterys: vyro, nam\u0173, vaiko. Tuo ji ir pasir\u016bpina. Tiesa, ka\u017ekam tenka mirti nuo sumaniai dant\u0173 proteze pasl\u0117pt\u0173 nuod\u0173, u\u017esimu\u0161ti i\u0161kritus pro lang\u0105. Tokia jau Helos kova u\u017e laim\u0119...\",\"breadcrumb\":{\"@id\":\"https:\\\/\\\/skaitytaknyga.lt\\\/produktas\\\/i-noll-vaistininke\\\/#breadcrumb\"},\"inLanguage\":\"en-GB\",\"potentialAction\":[{\"@type\":\"ReadAction\",\"target\":[\"https:\\\/\\\/skaitytaknyga.lt\\\/produktas\\\/i-noll-vaistininke\\\/\"]}]},{\"@type\":\"ImageObject\",\"inLanguage\":\"en-GB\",\"@id\":\"https:\\\/\\\/skaitytaknyga.lt\\\/produktas\\\/i-noll-vaistininke\\\/#primaryimage\",\"url\":\"https:\\\/\\\/skaitytaknyga.lt\\\/wp-content\\\/uploads\\\/2024\\\/05\\\/1462880789_img0014.jpg\",\"contentUrl\":\"https:\\\/\\\/skaitytaknyga.lt\\\/wp-content\\\/uploads\\\/2024\\\/05\\\/1462880789_img0014.jpg\",\"width\":292,\"height\":430},{\"@type\":\"BreadcrumbList\",\"@id\":\"https:\\\/\\\/skaitytaknyga.lt\\\/produktas\\\/i-noll-vaistininke\\\/#breadcrumb\",\"itemListElement\":[{\"@type\":\"ListItem\",\"position\":1,\"name\":\"Home\",\"item\":\"https:\\\/\\\/skaitytaknyga.lt\\\/\"},{\"@type\":\"ListItem\",\"position\":2,\"name\":\"Parduotuv\u0117\",\"item\":\"https:\\\/\\\/skaitytaknyga.lt\\\/knygu-parduotuve\\\/\"},{\"@type\":\"ListItem\",\"position\":3,\"name\":\"I. Noll \u201eVaistinink\u0117\u201c\"}]},{\"@type\":\"WebSite\",\"@id\":\"https:\\\/\\\/skaitytaknyga.lt\\\/#website\",\"url\":\"https:\\\/\\\/skaitytaknyga.lt\\\/\",\"name\":\"skaitytaknyga.lt\",\"description\":\"Skaitytaknyga.lt \u2013 tai ma\u017eas \u0161eimos verslas, kuris prasid\u0117jo nuo meil\u0117s knygoms ir siekio i\u0161gelb\u0117ti knygas nuo likimo prie konteinerio. Kas vienam nereikalingas daiktas \u2013 kitam lobis, o mes esame tarpininkai, kurie padeda abiems tapti laimingesniems ???? \u017dinome kaip nelengva i\u0161gyventi ma\u017eiems verslams, tad nuo \u0161iol, \u010dia rasite ir kit\u0173, ma\u017e\u0173 \u0161eim\u0173 versl\u0173, rank\u0173 darbo, dovan\u0173 sau ir artimiesiems.\",\"publisher\":{\"@id\":\"https:\\\/\\\/skaitytaknyga.lt\\\/#organization\"},\"potentialAction\":[{\"@type\":\"SearchAction\",\"target\":{\"@type\":\"EntryPoint\",\"urlTemplate\":\"https:\\\/\\\/skaitytaknyga.lt\\\/?s={search_term_string}\"},\"query-input\":{\"@type\":\"PropertyValueSpecification\",\"valueRequired\":true,\"valueName\":\"search_term_string\"}}],\"inLanguage\":\"en-GB\"},{\"@type\":\"Organization\",\"@id\":\"https:\\\/\\\/skaitytaknyga.lt\\\/#organization\",\"name\":\"skaitytaknyga.lt\",\"url\":\"https:\\\/\\\/skaitytaknyga.lt\\\/\",\"logo\":{\"@type\":\"ImageObject\",\"inLanguage\":\"en-GB\",\"@id\":\"https:\\\/\\\/skaitytaknyga.lt\\\/#\\\/schema\\\/logo\\\/image\\\/\",\"url\":\"https:\\\/\\\/skaitytaknyga.lt\\\/wp-content\\\/uploads\\\/2024\\\/05\\\/cropped-cropped-cropped-02_00843_jt3bggkj1j3HLc7SyY6rEUpg.jpeg\",\"contentUrl\":\"https:\\\/\\\/skaitytaknyga.lt\\\/wp-content\\\/uploads\\\/2024\\\/05\\\/cropped-cropped-cropped-02_00843_jt3bggkj1j3HLc7SyY6rEUpg.jpeg\",\"width\":1600,\"height\":1600,\"caption\":\"skaitytaknyga.lt\"},\"image\":{\"@id\":\"https:\\\/\\\/skaitytaknyga.lt\\\/#\\\/schema\\\/logo\\\/image\\\/\"},\"sameAs\":[\"https:\\\/\\\/www.facebook.com\\\/skaitytaknyga\\\/\"]}]}<\/script>\n<!-- \/ Yoast SEO plugin. -->","yoast_head_json":{"title":"I. Noll \u201eVaistinink\u0117\u201c - Skaitytaknyga","description":"Pasirei\u0161kus n\u0117\u0161tumo komplikacijoms Hela Morman, vaistinink\u0117, guli Heidelbergo moter\u0173 klinikoje. Jos palatos kaimyn\u0117 - pensinio am\u017eiaus dama Roz\u0117mari Hirt\u0117. Kad grei\u010diau slinkt\u0173 laikas, Hela naktimis pasakoja jai savo gyvenimo istorij\u0105, kupin\u0105 nuotyki\u0173 ir \u0161iurpi\u0173 nutikim\u0173. Ji gali nesivar\u017eyti ir atskleisti kaimynei did\u017eiausias paslaptis, mat slap\u010dia viliasi, kad ligota senyva ponia ilgai nebetrauks ir nesp\u0117s i\u0161plep\u0117ti. Tos i\u0161pa\u017eintys Helai yra savoti\u0161ka psichoterapija. Jai nuo paauglyst\u0117s b\u016bdingas liguistas potraukis globoti \u012fvairius nevyk\u0117lius, nesubrend\u0117lius, silpnavalius. B\u016bdama vaistinink\u0117, ji, regis, su tokiais vyrais ir tesusiduria. Hela trok\u0161ta to, ko ir visos moterys: vyro, nam\u0173, vaiko. Tuo ji ir pasir\u016bpina. Tiesa, ka\u017ekam tenka mirti nuo sumaniai dant\u0173 proteze pasl\u0117pt\u0173 nuod\u0173, u\u017esimu\u0161ti i\u0161kritus pro lang\u0105. Tokia jau Helos kova u\u017e laim\u0119...","robots":{"index":"index","follow":"follow","max-snippet":"max-snippet:-1","max-image-preview":"max-image-preview:large","max-video-preview":"max-video-preview:-1"},"canonical":"https:\/\/skaitytaknyga.lt\/en\/produktas\/i-noll-vaistininke\/","og_locale":"en_GB","og_type":"article","og_title":"I. Noll \u201eVaistinink\u0117\u201c - Skaitytaknyga","og_description":"Pasirei\u0161kus n\u0117\u0161tumo komplikacijoms Hela Morman, vaistinink\u0117, guli Heidelbergo moter\u0173 klinikoje. Jos palatos kaimyn\u0117 - pensinio am\u017eiaus dama Roz\u0117mari Hirt\u0117. Kad grei\u010diau slinkt\u0173 laikas, Hela naktimis pasakoja jai savo gyvenimo istorij\u0105, kupin\u0105 nuotyki\u0173 ir \u0161iurpi\u0173 nutikim\u0173. Ji gali nesivar\u017eyti ir atskleisti kaimynei did\u017eiausias paslaptis, mat slap\u010dia viliasi, kad ligota senyva ponia ilgai nebetrauks ir nesp\u0117s i\u0161plep\u0117ti. Tos i\u0161pa\u017eintys Helai yra savoti\u0161ka psichoterapija. Jai nuo paauglyst\u0117s b\u016bdingas liguistas potraukis globoti \u012fvairius nevyk\u0117lius, nesubrend\u0117lius, silpnavalius. B\u016bdama vaistinink\u0117, ji, regis, su tokiais vyrais ir tesusiduria. Hela trok\u0161ta to, ko ir visos moterys: vyro, nam\u0173, vaiko. Tuo ji ir pasir\u016bpina. Tiesa, ka\u017ekam tenka mirti nuo sumaniai dant\u0173 proteze pasl\u0117pt\u0173 nuod\u0173, u\u017esimu\u0161ti i\u0161kritus pro lang\u0105. Tokia jau Helos kova u\u017e laim\u0119...","og_url":"https:\/\/skaitytaknyga.lt\/en\/produktas\/i-noll-vaistininke\/","og_site_name":"Skaitytaknyga","article_publisher":"https:\/\/www.facebook.com\/skaitytaknyga\/","article_modified_time":"2024-05-04T18:10:41+00:00","og_image":[{"width":292,"height":430,"url":"https:\/\/skaitytaknyga.lt\/wp-content\/uploads\/2024\/05\/1462880789_img0014.jpg","type":"image\/jpeg"}],"twitter_card":"summary_large_image","twitter_misc":{"Estimated reading time":"1 minute"},"schema":{"@context":"https:\/\/schema.org","@graph":[{"@type":"WebPage","@id":"https:\/\/skaitytaknyga.lt\/produktas\/i-noll-vaistininke\/","url":"https:\/\/skaitytaknyga.lt\/produktas\/i-noll-vaistininke\/","name":"I. Noll \u201eVaistinink\u0117\u201c - Skaitytaknyga","isPartOf":{"@id":"https:\/\/skaitytaknyga.lt\/#website"},"primaryImageOfPage":{"@id":"https:\/\/skaitytaknyga.lt\/produktas\/i-noll-vaistininke\/#primaryimage"},"image":{"@id":"https:\/\/skaitytaknyga.lt\/produktas\/i-noll-vaistininke\/#primaryimage"},"thumbnailUrl":"https:\/\/skaitytaknyga.lt\/wp-content\/uploads\/2024\/05\/1462880789_img0014.jpg","datePublished":"2024-05-04T18:09:50+00:00","dateModified":"2024-05-04T18:10:41+00:00","description":"Pasirei\u0161kus n\u0117\u0161tumo komplikacijoms Hela Morman, vaistinink\u0117, guli Heidelbergo moter\u0173 klinikoje. Jos palatos kaimyn\u0117 - pensinio am\u017eiaus dama Roz\u0117mari Hirt\u0117. Kad grei\u010diau slinkt\u0173 laikas, Hela naktimis pasakoja jai savo gyvenimo istorij\u0105, kupin\u0105 nuotyki\u0173 ir \u0161iurpi\u0173 nutikim\u0173. Ji gali nesivar\u017eyti ir atskleisti kaimynei did\u017eiausias paslaptis, mat slap\u010dia viliasi, kad ligota senyva ponia ilgai nebetrauks ir nesp\u0117s i\u0161plep\u0117ti. Tos i\u0161pa\u017eintys Helai yra savoti\u0161ka psichoterapija. Jai nuo paauglyst\u0117s b\u016bdingas liguistas potraukis globoti \u012fvairius nevyk\u0117lius, nesubrend\u0117lius, silpnavalius. B\u016bdama vaistinink\u0117, ji, regis, su tokiais vyrais ir tesusiduria. Hela trok\u0161ta to, ko ir visos moterys: vyro, nam\u0173, vaiko. Tuo ji ir pasir\u016bpina. Tiesa, ka\u017ekam tenka mirti nuo sumaniai dant\u0173 proteze pasl\u0117pt\u0173 nuod\u0173, u\u017esimu\u0161ti i\u0161kritus pro lang\u0105. Tokia jau Helos kova u\u017e laim\u0119...","breadcrumb":{"@id":"https:\/\/skaitytaknyga.lt\/produktas\/i-noll-vaistininke\/#breadcrumb"},"inLanguage":"en-GB","potentialAction":[{"@type":"ReadAction","target":["https:\/\/skaitytaknyga.lt\/produktas\/i-noll-vaistininke\/"]}]},{"@type":"ImageObject","inLanguage":"en-GB","@id":"https:\/\/skaitytaknyga.lt\/produktas\/i-noll-vaistininke\/#primaryimage","url":"https:\/\/skaitytaknyga.lt\/wp-content\/uploads\/2024\/05\/1462880789_img0014.jpg","contentUrl":"https:\/\/skaitytaknyga.lt\/wp-content\/uploads\/2024\/05\/1462880789_img0014.jpg","width":292,"height":430},{"@type":"BreadcrumbList","@id":"https:\/\/skaitytaknyga.lt\/produktas\/i-noll-vaistininke\/#breadcrumb","itemListElement":[{"@type":"ListItem","position":1,"name":"Home","item":"https:\/\/skaitytaknyga.lt\/"},{"@type":"ListItem","position":2,"name":"Parduotuv\u0117","item":"https:\/\/skaitytaknyga.lt\/knygu-parduotuve\/"},{"@type":"ListItem","position":3,"name":"I. Noll \u201eVaistinink\u0117\u201c"}]},{"@type":"WebSite","@id":"https:\/\/skaitytaknyga.lt\/#website","url":"https:\/\/skaitytaknyga.lt\/","name":"skaitytaknyga.lt","description":"Skaitytaknyga.lt \u2013 tai ma\u017eas \u0161eimos verslas, kuris prasid\u0117jo nuo meil\u0117s knygoms ir siekio i\u0161gelb\u0117ti knygas nuo likimo prie konteinerio. Kas vienam nereikalingas daiktas \u2013 kitam lobis, o mes esame tarpininkai, kurie padeda abiems tapti laimingesniems ???? \u017dinome kaip nelengva i\u0161gyventi ma\u017eiems verslams, tad nuo \u0161iol, \u010dia rasite ir kit\u0173, ma\u017e\u0173 \u0161eim\u0173 versl\u0173, rank\u0173 darbo, dovan\u0173 sau ir artimiesiems.","publisher":{"@id":"https:\/\/skaitytaknyga.lt\/#organization"},"potentialAction":[{"@type":"SearchAction","target":{"@type":"EntryPoint","urlTemplate":"https:\/\/skaitytaknyga.lt\/?s={search_term_string}"},"query-input":{"@type":"PropertyValueSpecification","valueRequired":true,"valueName":"search_term_string"}}],"inLanguage":"en-GB"},{"@type":"Organization","@id":"https:\/\/skaitytaknyga.lt\/#organization","name":"skaitytaknyga.lt","url":"https:\/\/skaitytaknyga.lt\/","logo":{"@type":"ImageObject","inLanguage":"en-GB","@id":"https:\/\/skaitytaknyga.lt\/#\/schema\/logo\/image\/","url":"https:\/\/skaitytaknyga.lt\/wp-content\/uploads\/2024\/05\/cropped-cropped-cropped-02_00843_jt3bggkj1j3HLc7SyY6rEUpg.jpeg","contentUrl":"https:\/\/skaitytaknyga.lt\/wp-content\/uploads\/2024\/05\/cropped-cropped-cropped-02_00843_jt3bggkj1j3HLc7SyY6rEUpg.jpeg","width":1600,"height":1600,"caption":"skaitytaknyga.lt"},"image":{"@id":"https:\/\/skaitytaknyga.lt\/#\/schema\/logo\/image\/"},"sameAs":["https:\/\/www.facebook.com\/skaitytaknyga\/"]}]}},"_links":{"self":[{"href":"https:\/\/skaitytaknyga.lt\/en\/wp-json\/wp\/v2\/product\/10220","targetHints":{"allow":["GET"]}}],"collection":[{"href":"https:\/\/skaitytaknyga.lt\/en\/wp-json\/wp\/v2\/product"}],"about":[{"href":"https:\/\/skaitytaknyga.lt\/en\/wp-json\/wp\/v2\/types\/product"}],"replies":[{"embeddable":true,"href":"https:\/\/skaitytaknyga.lt\/en\/wp-json\/wp\/v2\/comments?post=10220"}],"wp:featuredmedia":[{"embeddable":true,"href":"https:\/\/skaitytaknyga.lt\/en\/wp-json\/wp\/v2\/media\/10264"}],"wp:attachment":[{"href":"https:\/\/skaitytaknyga.lt\/en\/wp-json\/wp\/v2\/media?parent=10220"}],"wp:term":[{"taxonomy":"product_brand","embeddable":true,"href":"https:\/\/skaitytaknyga.lt\/en\/wp-json\/wp\/v2\/product_brand?post=10220"},{"taxonomy":"product_cat","embeddable":true,"href":"https:\/\/skaitytaknyga.lt\/en\/wp-json\/wp\/v2\/product_cat?post=10220"},{"taxonomy":"product_tag","embeddable":true,"href":"https:\/\/skaitytaknyga.lt\/en\/wp-json\/wp\/v2\/product_tag?post=10220"}],"curies":[{"name":"wp","href":"https:\/\/api.w.org\/{rel}","templated":true}]}}