{"id":10201,"date":"2024-05-04T18:09:02","date_gmt":"2024-05-04T18:09:02","guid":{"rendered":"https:\/\/skaitytaknyga.lt\/?post_type=product&#038;p=10201"},"modified":"2024-09-26T19:43:46","modified_gmt":"2024-09-26T16:43:46","slug":"erich-kastner-dvynukes","status":"publish","type":"product","link":"https:\/\/skaitytaknyga.lt\/en\/produktas\/erich-kastner-dvynukes\/","title":{"rendered":"Erich K\u00e4stner \u201eDvynuk\u0117s\u201c"},"content":{"rendered":"<p><strong>&#8230;prarast\u0105 laim\u0119 galime pasivyti kaip mokykloje praleist\u0105 pamok\u0105.<\/strong><\/p>\n<p>Smagus, nors kartais li\u016bdnas pasakojimas apie sesutes dvynukes, kurios atsid\u016br\u0117 skirtinguose miestuose, bet netik\u0117tai susitiko vaik\u0173 pensione per atostogas. Gal bendrom j\u0117gom jos vis d\u0117lto \u012fsp\u0117s, kod\u0117l t\u0117vai jas i\u0161skyr\u0117? Ir gal vien\u0105 gra\u017ei\u0105 dien\u0105 jos v\u0117l bus drauge ir su abiem t\u0117vais?<\/p>\n<ul class=\"about-product d-none d-xl-block mt-4\">\n<li><strong>Autorius:<\/strong>\u00a0Erich K\u00e4stner<\/li>\n<li><strong>Leid\u0117jas:<\/strong>\u00a0Alma littera<\/li>\n<li><strong>Metai:<\/strong> 2013<\/li>\n<li><strong>Puslapiai:<\/strong>\u00a0144<\/li>\n<li><strong>ISBN:<\/strong>\u00a09789955389668<\/li>\n<li><strong>Versijos kodas:<\/strong>\u00a0PT.<\/li>\n<li><strong>Formatas:<\/strong>\u00a013,2 x 20,5 cm, kieti vir\u0161eliai<\/li>\n<li><strong>Kalba:<\/strong>\u00a0Lietuvi\u0173<\/li>\n<li><strong>Vert\u0117jas:<\/strong>\u00a0L. Starevi\u010di\u016bt\u0117<\/li>\n<\/ul>\n","protected":false},"excerpt":{"rendered":"<p><strong>&#8230;prarast\u0105 laim\u0119 galime pasivyti kaip mokykloje praleist\u0105 pamok\u0105.<\/strong><\/p>\n<p>Smagus, nors kartais li\u016bdnas pasakojimas apie sesutes dvynukes, kurios atsid\u016br\u0117 skirtinguose miestuose, bet netik\u0117tai susitiko vaik\u0173 pensione per atostogas. Gal bendrom j\u0117gom jos vis d\u0117lto \u012fsp\u0117s, kod\u0117l t\u0117vai jas i\u0161skyr\u0117? Ir gal vien\u0105 gra\u017ei\u0105 dien\u0105 jos v\u0117l bus drauge ir su abiem t\u0117vais?<\/p>\n","protected":false},"featured_media":10249,"comment_status":"closed","ping_status":"closed","template":"","meta":{"_acf_changed":false,"site-sidebar-layout":"default","site-content-layout":"","ast-site-content-layout":"default","site-content-style":"default","site-sidebar-style":"default","ast-global-header-display":"","ast-banner-title-visibility":"","ast-main-header-display":"","ast-hfb-above-header-display":"","ast-hfb-below-header-display":"","ast-hfb-mobile-header-display":"","site-post-title":"","ast-breadcrumbs-content":"","ast-featured-img":"","footer-sml-layout":"","ast-disable-related-posts":"","theme-transparent-header-meta":"default","adv-header-id-meta":"","stick-header-meta":"","header-above-stick-meta":"","header-main-stick-meta":"","header-below-stick-meta":"","astra-migrate-meta-layouts":"set","ast-page-background-enabled":"default","ast-page-background-meta":{"desktop":{"background-color":"","background-image":"","background-repeat":"repeat","background-position":"center center","background-size":"auto","background-attachment":"scroll","background-type":"","background-media":"","overlay-type":"","overlay-color":"","overlay-opacity":"","overlay-gradient":""},"tablet":{"background-color":"","background-image":"","background-repeat":"repeat","background-position":"center center","background-size":"auto","background-attachment":"scroll","background-type":"","background-media":"","overlay-type":"","overlay-color":"","overlay-opacity":"","overlay-gradient":""},"mobile":{"background-color":"","background-image":"","background-repeat":"repeat","background-position":"center center","background-size":"auto","background-attachment":"scroll","background-type":"","background-media":"","overlay-type":"","overlay-color":"","overlay-opacity":"","overlay-gradient":""}},"ast-content-background-meta":{"desktop":{"background-color":"var(--ast-global-color-4)","background-image":"","background-repeat":"repeat","background-position":"center center","background-size":"auto","background-attachment":"scroll","background-type":"","background-media":"","overlay-type":"","overlay-color":"","overlay-opacity":"","overlay-gradient":""},"tablet":{"background-color":"var(--ast-global-color-4)","background-image":"","background-repeat":"repeat","background-position":"center center","background-size":"auto","background-attachment":"scroll","background-type":"","background-media":"","overlay-type":"","overlay-color":"","overlay-opacity":"","overlay-gradient":""},"mobile":{"background-color":"var(--ast-global-color-4)","background-image":"","background-repeat":"repeat","background-position":"center center","background-size":"auto","background-attachment":"scroll","background-type":"","background-media":"","overlay-type":"","overlay-color":"","overlay-opacity":"","overlay-gradient":""}}},"product_brand":[],"product_cat":[35],"product_tag":[332],"class_list":{"0":"post-10201","1":"product","2":"type-product","3":"status-publish","4":"has-post-thumbnail","6":"product_cat-vaikams-ir-paaugliams","7":"product_tag-10-serija","8":"pa_leidimo-metai-766","9":"desktop-align-left","10":"tablet-align-left","11":"mobile-align-left","13":"first","14":"instock","15":"shipping-taxable","16":"purchasable","17":"product-type-simple"},"acf":[],"yoast_head":"<!-- This site is optimized with the Yoast SEO plugin v27.0 - https:\/\/yoast.com\/product\/yoast-seo-wordpress\/ -->\n<title>Erich K\u00e4stner \u201eDvynuk\u0117s\u201c<\/title>\n<meta name=\"description\" content=\"...prarast\u0105 laim\u0119 galime pasivyti kaip mokykloje praleist\u0105 pamok\u0105.  Smagus, nors kartais li\u016bdnas pasakojimas apie sesutes dvynukes, kurios atsid\u016br\u0117 skirtinguose miestuose, bet netik\u0117tai susitiko vaik\u0173 pensione per atostogas. Gal bendrom j\u0117gom jos vis d\u0117lto \u012fsp\u0117s, kod\u0117l t\u0117vai jas i\u0161skyr\u0117? Ir gal vien\u0105 gra\u017ei\u0105 dien\u0105 jos v\u0117l bus drauge ir su abiem t\u0117vais?\" \/>\n<meta name=\"robots\" content=\"index, follow, max-snippet:-1, max-image-preview:large, max-video-preview:-1\" \/>\n<link rel=\"canonical\" href=\"https:\/\/skaitytaknyga.lt\/en\/produktas\/erich-kastner-dvynukes\/\" \/>\n<meta property=\"og:locale\" content=\"en_GB\" \/>\n<meta property=\"og:locale:alternate\" content=\"lt_LT\" \/>\n<meta property=\"og:type\" content=\"article\" \/>\n<meta property=\"og:title\" content=\"Erich K\u00e4stner \u201eDvynuk\u0117s\u201c\" \/>\n<meta property=\"og:description\" content=\"...prarast\u0105 laim\u0119 galime pasivyti kaip mokykloje praleist\u0105 pamok\u0105.  Smagus, nors kartais li\u016bdnas pasakojimas apie sesutes dvynukes, kurios atsid\u016br\u0117 skirtinguose miestuose, bet netik\u0117tai susitiko vaik\u0173 pensione per atostogas. Gal bendrom j\u0117gom jos vis d\u0117lto \u012fsp\u0117s, kod\u0117l t\u0117vai jas i\u0161skyr\u0117? Ir gal vien\u0105 gra\u017ei\u0105 dien\u0105 jos v\u0117l bus drauge ir su abiem t\u0117vais?\" \/>\n<meta property=\"og:url\" content=\"https:\/\/skaitytaknyga.lt\/en\/produktas\/erich-kastner-dvynukes\/\" \/>\n<meta property=\"og:site_name\" content=\"Skaitytaknyga\" \/>\n<meta property=\"article:publisher\" content=\"https:\/\/www.facebook.com\/skaitytaknyga\/\" \/>\n<meta property=\"article:modified_time\" content=\"2024-09-26T16:43:46+00:00\" \/>\n<meta property=\"og:image\" content=\"https:\/\/skaitytaknyga.lt\/wp-content\/uploads\/2024\/05\/1462885628_img0005-001.jpg\" \/>\n\t<meta property=\"og:image:width\" content=\"269\" \/>\n\t<meta property=\"og:image:height\" content=\"430\" \/>\n\t<meta property=\"og:image:type\" content=\"image\/jpeg\" \/>\n<meta name=\"twitter:card\" content=\"summary_large_image\" \/>\n<meta name=\"twitter:label1\" content=\"Estimated reading time\" \/>\n\t<meta name=\"twitter:data1\" content=\"1 minute\" \/>\n<script type=\"application\/ld+json\" class=\"yoast-schema-graph\">{\"@context\":\"https:\/\/schema.org\",\"@graph\":[{\"@type\":\"WebPage\",\"@id\":\"https:\/\/skaitytaknyga.lt\/produktas\/erich-kastner-dvynukes\/\",\"url\":\"https:\/\/skaitytaknyga.lt\/produktas\/erich-kastner-dvynukes\/\",\"name\":\"Erich K\u00e4stner \u201eDvynuk\u0117s\u201c\",\"isPartOf\":{\"@id\":\"https:\/\/skaitytaknyga.lt\/#website\"},\"primaryImageOfPage\":{\"@id\":\"https:\/\/skaitytaknyga.lt\/produktas\/erich-kastner-dvynukes\/#primaryimage\"},\"image\":{\"@id\":\"https:\/\/skaitytaknyga.lt\/produktas\/erich-kastner-dvynukes\/#primaryimage\"},\"thumbnailUrl\":\"https:\/\/skaitytaknyga.lt\/wp-content\/uploads\/2024\/05\/1462885628_img0005-001.jpg\",\"datePublished\":\"2024-05-04T18:09:02+00:00\",\"dateModified\":\"2024-09-26T16:43:46+00:00\",\"description\":\"...prarast\u0105 laim\u0119 galime pasivyti kaip mokykloje praleist\u0105 pamok\u0105. Smagus, nors kartais li\u016bdnas pasakojimas apie sesutes dvynukes, kurios atsid\u016br\u0117 skirtinguose miestuose, bet netik\u0117tai susitiko vaik\u0173 pensione per atostogas. Gal bendrom j\u0117gom jos vis d\u0117lto \u012fsp\u0117s, kod\u0117l t\u0117vai jas i\u0161skyr\u0117? Ir gal vien\u0105 gra\u017ei\u0105 dien\u0105 jos v\u0117l bus drauge ir su abiem t\u0117vais?\",\"breadcrumb\":{\"@id\":\"https:\/\/skaitytaknyga.lt\/produktas\/erich-kastner-dvynukes\/#breadcrumb\"},\"inLanguage\":\"en-GB\",\"potentialAction\":[{\"@type\":\"ReadAction\",\"target\":[\"https:\/\/skaitytaknyga.lt\/produktas\/erich-kastner-dvynukes\/\"]}]},{\"@type\":\"ImageObject\",\"inLanguage\":\"en-GB\",\"@id\":\"https:\/\/skaitytaknyga.lt\/produktas\/erich-kastner-dvynukes\/#primaryimage\",\"url\":\"https:\/\/skaitytaknyga.lt\/wp-content\/uploads\/2024\/05\/1462885628_img0005-001.jpg\",\"contentUrl\":\"https:\/\/skaitytaknyga.lt\/wp-content\/uploads\/2024\/05\/1462885628_img0005-001.jpg\",\"width\":269,\"height\":430,\"caption\":\"Erich K\u00e4stner \u201eDvynuk\u0117s\u201c\"},{\"@type\":\"BreadcrumbList\",\"@id\":\"https:\/\/skaitytaknyga.lt\/produktas\/erich-kastner-dvynukes\/#breadcrumb\",\"itemListElement\":[{\"@type\":\"ListItem\",\"position\":1,\"name\":\"Home\",\"item\":\"https:\/\/skaitytaknyga.lt\/\"},{\"@type\":\"ListItem\",\"position\":2,\"name\":\"Parduotuv\u0117\",\"item\":\"https:\/\/skaitytaknyga.lt\/knygu-parduotuve\/\"},{\"@type\":\"ListItem\",\"position\":3,\"name\":\"Erich K\u00e4stner \u201eDvynuk\u0117s\u201c\"}]},{\"@type\":\"WebSite\",\"@id\":\"https:\/\/skaitytaknyga.lt\/#website\",\"url\":\"https:\/\/skaitytaknyga.lt\/\",\"name\":\"skaitytaknyga.lt\",\"description\":\"Skaitytaknyga.lt \u2013 tai ma\u017eas \u0161eimos verslas, kuris prasid\u0117jo nuo meil\u0117s knygoms ir siekio i\u0161gelb\u0117ti knygas nuo likimo prie konteinerio. Kas vienam nereikalingas daiktas \u2013 kitam lobis, o mes esame tarpininkai, kurie padeda abiems tapti laimingesniems ???? \u017dinome kaip nelengva i\u0161gyventi ma\u017eiems verslams, tad nuo \u0161iol, \u010dia rasite ir kit\u0173, ma\u017e\u0173 \u0161eim\u0173 versl\u0173, rank\u0173 darbo, dovan\u0173 sau ir artimiesiems.\",\"publisher\":{\"@id\":\"https:\/\/skaitytaknyga.lt\/#organization\"},\"potentialAction\":[{\"@type\":\"SearchAction\",\"target\":{\"@type\":\"EntryPoint\",\"urlTemplate\":\"https:\/\/skaitytaknyga.lt\/?s={search_term_string}\"},\"query-input\":{\"@type\":\"PropertyValueSpecification\",\"valueRequired\":true,\"valueName\":\"search_term_string\"}}],\"inLanguage\":\"en-GB\"},{\"@type\":\"Organization\",\"@id\":\"https:\/\/skaitytaknyga.lt\/#organization\",\"name\":\"skaitytaknyga.lt\",\"url\":\"https:\/\/skaitytaknyga.lt\/\",\"logo\":{\"@type\":\"ImageObject\",\"inLanguage\":\"en-GB\",\"@id\":\"https:\/\/skaitytaknyga.lt\/#\/schema\/logo\/image\/\",\"url\":\"https:\/\/skaitytaknyga.lt\/wp-content\/uploads\/2024\/05\/cropped-cropped-cropped-02_00843_jt3bggkj1j3HLc7SyY6rEUpg.jpeg\",\"contentUrl\":\"https:\/\/skaitytaknyga.lt\/wp-content\/uploads\/2024\/05\/cropped-cropped-cropped-02_00843_jt3bggkj1j3HLc7SyY6rEUpg.jpeg\",\"width\":1600,\"height\":1600,\"caption\":\"skaitytaknyga.lt\"},\"image\":{\"@id\":\"https:\/\/skaitytaknyga.lt\/#\/schema\/logo\/image\/\"},\"sameAs\":[\"https:\/\/www.facebook.com\/skaitytaknyga\/\"]}]}<\/script>\n<!-- \/ Yoast SEO plugin. -->","yoast_head_json":{"title":"Erich K\u00e4stner \u201eDvynuk\u0117s\u201c","description":"...prarast\u0105 laim\u0119 galime pasivyti kaip mokykloje praleist\u0105 pamok\u0105.  Smagus, nors kartais li\u016bdnas pasakojimas apie sesutes dvynukes, kurios atsid\u016br\u0117 skirtinguose miestuose, bet netik\u0117tai susitiko vaik\u0173 pensione per atostogas. Gal bendrom j\u0117gom jos vis d\u0117lto \u012fsp\u0117s, kod\u0117l t\u0117vai jas i\u0161skyr\u0117? Ir gal vien\u0105 gra\u017ei\u0105 dien\u0105 jos v\u0117l bus drauge ir su abiem t\u0117vais?","robots":{"index":"index","follow":"follow","max-snippet":"max-snippet:-1","max-image-preview":"max-image-preview:large","max-video-preview":"max-video-preview:-1"},"canonical":"https:\/\/skaitytaknyga.lt\/en\/produktas\/erich-kastner-dvynukes\/","og_locale":"en_GB","og_type":"article","og_title":"[:lt]Erich K\u00e4stner \u201eDvynuk\u0117s\u201c[:] - Skaitytaknyga","og_description":"...prarast\u0105 laim\u0119 galime pasivyti kaip mokykloje praleist\u0105 pamok\u0105.  Smagus, nors kartais li\u016bdnas pasakojimas apie sesutes dvynukes, kurios atsid\u016br\u0117 skirtinguose miestuose, bet netik\u0117tai susitiko vaik\u0173 pensione per atostogas. Gal bendrom j\u0117gom jos vis d\u0117lto \u012fsp\u0117s, kod\u0117l t\u0117vai jas i\u0161skyr\u0117? Ir gal vien\u0105 gra\u017ei\u0105 dien\u0105 jos v\u0117l bus drauge ir su abiem t\u0117vais?","og_url":"https:\/\/skaitytaknyga.lt\/en\/produktas\/erich-kastner-dvynukes\/","og_site_name":"Skaitytaknyga","article_publisher":"https:\/\/www.facebook.com\/skaitytaknyga\/","article_modified_time":"2024-09-26T16:43:46+00:00","og_image":[{"width":269,"height":430,"url":"https:\/\/skaitytaknyga.lt\/wp-content\/uploads\/2024\/05\/1462885628_img0005-001.jpg","type":"image\/jpeg"}],"twitter_card":"summary_large_image","twitter_misc":{"Estimated reading time":"1 minute"},"schema":{"@context":"https:\/\/schema.org","@graph":[{"@type":"WebPage","@id":"https:\/\/skaitytaknyga.lt\/produktas\/erich-kastner-dvynukes\/","url":"https:\/\/skaitytaknyga.lt\/produktas\/erich-kastner-dvynukes\/","name":"Erich K\u00e4stner \u201eDvynuk\u0117s\u201c","isPartOf":{"@id":"https:\/\/skaitytaknyga.lt\/#website"},"primaryImageOfPage":{"@id":"https:\/\/skaitytaknyga.lt\/produktas\/erich-kastner-dvynukes\/#primaryimage"},"image":{"@id":"https:\/\/skaitytaknyga.lt\/produktas\/erich-kastner-dvynukes\/#primaryimage"},"thumbnailUrl":"https:\/\/skaitytaknyga.lt\/wp-content\/uploads\/2024\/05\/1462885628_img0005-001.jpg","datePublished":"2024-05-04T18:09:02+00:00","dateModified":"2024-09-26T16:43:46+00:00","description":"...prarast\u0105 laim\u0119 galime pasivyti kaip mokykloje praleist\u0105 pamok\u0105. Smagus, nors kartais li\u016bdnas pasakojimas apie sesutes dvynukes, kurios atsid\u016br\u0117 skirtinguose miestuose, bet netik\u0117tai susitiko vaik\u0173 pensione per atostogas. Gal bendrom j\u0117gom jos vis d\u0117lto \u012fsp\u0117s, kod\u0117l t\u0117vai jas i\u0161skyr\u0117? Ir gal vien\u0105 gra\u017ei\u0105 dien\u0105 jos v\u0117l bus drauge ir su abiem t\u0117vais?","breadcrumb":{"@id":"https:\/\/skaitytaknyga.lt\/produktas\/erich-kastner-dvynukes\/#breadcrumb"},"inLanguage":"en-GB","potentialAction":[{"@type":"ReadAction","target":["https:\/\/skaitytaknyga.lt\/produktas\/erich-kastner-dvynukes\/"]}]},{"@type":"ImageObject","inLanguage":"en-GB","@id":"https:\/\/skaitytaknyga.lt\/produktas\/erich-kastner-dvynukes\/#primaryimage","url":"https:\/\/skaitytaknyga.lt\/wp-content\/uploads\/2024\/05\/1462885628_img0005-001.jpg","contentUrl":"https:\/\/skaitytaknyga.lt\/wp-content\/uploads\/2024\/05\/1462885628_img0005-001.jpg","width":269,"height":430,"caption":"Erich K\u00e4stner \u201eDvynuk\u0117s\u201c"},{"@type":"BreadcrumbList","@id":"https:\/\/skaitytaknyga.lt\/produktas\/erich-kastner-dvynukes\/#breadcrumb","itemListElement":[{"@type":"ListItem","position":1,"name":"Home","item":"https:\/\/skaitytaknyga.lt\/"},{"@type":"ListItem","position":2,"name":"Parduotuv\u0117","item":"https:\/\/skaitytaknyga.lt\/knygu-parduotuve\/"},{"@type":"ListItem","position":3,"name":"Erich K\u00e4stner \u201eDvynuk\u0117s\u201c"}]},{"@type":"WebSite","@id":"https:\/\/skaitytaknyga.lt\/#website","url":"https:\/\/skaitytaknyga.lt\/","name":"skaitytaknyga.lt","description":"Skaitytaknyga.lt \u2013 tai ma\u017eas \u0161eimos verslas, kuris prasid\u0117jo nuo meil\u0117s knygoms ir siekio i\u0161gelb\u0117ti knygas nuo likimo prie konteinerio. Kas vienam nereikalingas daiktas \u2013 kitam lobis, o mes esame tarpininkai, kurie padeda abiems tapti laimingesniems ???? \u017dinome kaip nelengva i\u0161gyventi ma\u017eiems verslams, tad nuo \u0161iol, \u010dia rasite ir kit\u0173, ma\u017e\u0173 \u0161eim\u0173 versl\u0173, rank\u0173 darbo, dovan\u0173 sau ir artimiesiems.","publisher":{"@id":"https:\/\/skaitytaknyga.lt\/#organization"},"potentialAction":[{"@type":"SearchAction","target":{"@type":"EntryPoint","urlTemplate":"https:\/\/skaitytaknyga.lt\/?s={search_term_string}"},"query-input":{"@type":"PropertyValueSpecification","valueRequired":true,"valueName":"search_term_string"}}],"inLanguage":"en-GB"},{"@type":"Organization","@id":"https:\/\/skaitytaknyga.lt\/#organization","name":"skaitytaknyga.lt","url":"https:\/\/skaitytaknyga.lt\/","logo":{"@type":"ImageObject","inLanguage":"en-GB","@id":"https:\/\/skaitytaknyga.lt\/#\/schema\/logo\/image\/","url":"https:\/\/skaitytaknyga.lt\/wp-content\/uploads\/2024\/05\/cropped-cropped-cropped-02_00843_jt3bggkj1j3HLc7SyY6rEUpg.jpeg","contentUrl":"https:\/\/skaitytaknyga.lt\/wp-content\/uploads\/2024\/05\/cropped-cropped-cropped-02_00843_jt3bggkj1j3HLc7SyY6rEUpg.jpeg","width":1600,"height":1600,"caption":"skaitytaknyga.lt"},"image":{"@id":"https:\/\/skaitytaknyga.lt\/#\/schema\/logo\/image\/"},"sameAs":["https:\/\/www.facebook.com\/skaitytaknyga\/"]}]}},"_links":{"self":[{"href":"https:\/\/skaitytaknyga.lt\/en\/wp-json\/wp\/v2\/product\/10201","targetHints":{"allow":["GET"]}}],"collection":[{"href":"https:\/\/skaitytaknyga.lt\/en\/wp-json\/wp\/v2\/product"}],"about":[{"href":"https:\/\/skaitytaknyga.lt\/en\/wp-json\/wp\/v2\/types\/product"}],"replies":[{"embeddable":true,"href":"https:\/\/skaitytaknyga.lt\/en\/wp-json\/wp\/v2\/comments?post=10201"}],"wp:featuredmedia":[{"embeddable":true,"href":"https:\/\/skaitytaknyga.lt\/en\/wp-json\/wp\/v2\/media\/10249"}],"wp:attachment":[{"href":"https:\/\/skaitytaknyga.lt\/en\/wp-json\/wp\/v2\/media?parent=10201"}],"wp:term":[{"taxonomy":"product_brand","embeddable":true,"href":"https:\/\/skaitytaknyga.lt\/en\/wp-json\/wp\/v2\/product_brand?post=10201"},{"taxonomy":"product_cat","embeddable":true,"href":"https:\/\/skaitytaknyga.lt\/en\/wp-json\/wp\/v2\/product_cat?post=10201"},{"taxonomy":"product_tag","embeddable":true,"href":"https:\/\/skaitytaknyga.lt\/en\/wp-json\/wp\/v2\/product_tag?post=10201"}],"curies":[{"name":"wp","href":"https:\/\/api.w.org\/{rel}","templated":true}]}}