{"id":10199,"date":"2024-05-04T18:09:02","date_gmt":"2024-05-04T18:09:02","guid":{"rendered":"https:\/\/skaitytaknyga.lt\/?post_type=product&#038;p=10199"},"modified":"2026-03-18T12:32:58","modified_gmt":"2026-03-18T10:32:58","slug":"kaip-tapti-ragana-sveikatos-meiles-ir-pinigu-burimai-su-nedideliu-defektu","status":"publish","type":"product","link":"https:\/\/skaitytaknyga.lt\/en\/produktas\/kaip-tapti-ragana-sveikatos-meiles-ir-pinigu-burimai-su-nedideliu-defektu\/","title":{"rendered":"Kaip tapti ragana: sveikatos, meil\u0117s ir pinig\u0173 b\u016brimai (su nedideliu defektu)"},"content":{"rendered":"<p>\u0160ios knygos autor\u0117\u00a0\u2013 daugel\u012f met\u0173 praktikuojanti baltoji ragana. Ji i\u0161samiai ap\u017evelgia raganavimo istorij\u0105, tradicijas, aptaria magijos formas, supa\u017eindina su apsaugomaisiais ritualais, meil\u0117s, s\u0117km\u0117s b\u016brimais bei j\u0173 etika, nuolat primindama svarbiausi\u0105 ragan\u0173 taisykl\u0119:\u00a0 \u201eDaryk k\u0105 nori, kol tai niekam nekenkia\u201c.<\/p>\n<p>Raganos ir paslaptingos j\u0173 \u017einios m\u016bs\u0173 laikais kelia vis didesn\u012f susidom\u0117jim\u0105. Suprantama, kad raganavimas n\u0117ra vien paistalai, kad tai\u00a0\u2013 am\u017ei\u0173 am\u017eiais kauptos gamtos ir medicinos \u017einios.<\/p>\n<p>Skaitydami \u0161i\u0105 knyg\u0105 su\u017einosite, k\u0105 praeityje suvok\u0117 i\u0161mintingos moterys, ir ko i\u0161 j\u0173 gali pasimokyti \u0161iuolaikin\u0117s raganos.<br \/>\n&#8211; magijos reikmenys<br \/>\n&#8211; apsaugantys, sveikatos ir ker\u0117jim\u0173 ritualai<br \/>\n&#8211; meil\u0117s ir pinig\u0173 b\u016brimai<br \/>\n&#8211; kaip pamatyti ateit\u012f<br \/>\n&#8211; ragan\u0173 \u0161vent\u0117s<br \/>\n&#8211; kada burtai patys veiksmingiausi<br \/>\n&#8211; magijos termin\u0173 \u017eodyn\u0117lis<\/p>\n","protected":false},"excerpt":{"rendered":"<p>\u0160ios knygos autor\u0117\u00a0\u2013 daugel\u012f met\u0173 praktikuojanti baltoji ragana. Ji i\u0161samiai ap\u017evelgia raganavimo istorij\u0105, tradicijas, aptaria magijos formas, supa\u017eindina su apsaugomaisiais ritualais, meil\u0117s, s\u0117km\u0117s b\u016brimais bei j\u0173 etika, nuolat primindama svarbiausi\u0105 ragan\u0173 taisykl\u0119:\u00a0 \u201eDaryk k\u0105 nori, kol tai niekam nekenkia\u201c.<\/p>\n<p>Raganos ir paslaptingos j\u0173 \u017einios m\u016bs\u0173 laikais kelia vis didesn\u012f susidom\u0117jim\u0105. Suprantama, kad raganavimas n\u0117ra vien paistalai, kad tai\u00a0\u2013 am\u017ei\u0173 am\u017eiais kauptos gamtos ir medicinos \u017einios.<\/p>\n<p>Skaitydami \u0161i\u0105 knyg\u0105 su\u017einosite, k\u0105 praeityje suvok\u0117 i\u0161mintingos moterys, ir ko i\u0161 j\u0173 gali pasimokyti \u0161iuolaikin\u0117s raganos.<br \/>\n&#8211; magijos reikmenys<br \/>\n&#8211; apsaugantys, sveikatos ir ker\u0117jim\u0173 ritualai<br \/>\n&#8211; meil\u0117s ir pinig\u0173 b\u016brimai<br \/>\n&#8211; kaip pamatyti ateit\u012f<br \/>\n&#8211; ragan\u0173 \u0161vent\u0117s<br \/>\n&#8211; kada burtai patys veiksmingiausi<br \/>\n&#8211; magijos termin\u0173 \u017eodyn\u0117lis<\/p>\n","protected":false},"featured_media":10247,"comment_status":"closed","ping_status":"closed","template":"","meta":{"_acf_changed":false,"site-sidebar-layout":"default","site-content-layout":"","ast-site-content-layout":"default","site-content-style":"default","site-sidebar-style":"default","ast-global-header-display":"","ast-banner-title-visibility":"","ast-main-header-display":"","ast-hfb-above-header-display":"","ast-hfb-below-header-display":"","ast-hfb-mobile-header-display":"","site-post-title":"","ast-breadcrumbs-content":"","ast-featured-img":"","footer-sml-layout":"","ast-disable-related-posts":"","theme-transparent-header-meta":"","adv-header-id-meta":"","stick-header-meta":"","header-above-stick-meta":"","header-main-stick-meta":"","header-below-stick-meta":"","astra-migrate-meta-layouts":"default","ast-page-background-enabled":"default","ast-page-background-meta":{"desktop":{"background-color":"","background-image":"","background-repeat":"repeat","background-position":"center center","background-size":"auto","background-attachment":"scroll","background-type":"","background-media":"","overlay-type":"","overlay-color":"","overlay-opacity":"","overlay-gradient":""},"tablet":{"background-color":"","background-image":"","background-repeat":"repeat","background-position":"center center","background-size":"auto","background-attachment":"scroll","background-type":"","background-media":"","overlay-type":"","overlay-color":"","overlay-opacity":"","overlay-gradient":""},"mobile":{"background-color":"","background-image":"","background-repeat":"repeat","background-position":"center center","background-size":"auto","background-attachment":"scroll","background-type":"","background-media":"","overlay-type":"","overlay-color":"","overlay-opacity":"","overlay-gradient":""}},"ast-content-background-meta":{"desktop":{"background-color":"var(--ast-global-color-4)","background-image":"","background-repeat":"repeat","background-position":"center center","background-size":"auto","background-attachment":"scroll","background-type":"","background-media":"","overlay-type":"","overlay-color":"","overlay-opacity":"","overlay-gradient":""},"tablet":{"background-color":"var(--ast-global-color-4)","background-image":"","background-repeat":"repeat","background-position":"center center","background-size":"auto","background-attachment":"scroll","background-type":"","background-media":"","overlay-type":"","overlay-color":"","overlay-opacity":"","overlay-gradient":""},"mobile":{"background-color":"var(--ast-global-color-4)","background-image":"","background-repeat":"repeat","background-position":"center center","background-size":"auto","background-attachment":"scroll","background-type":"","background-media":"","overlay-type":"","overlay-color":"","overlay-opacity":"","overlay-gradient":""}}},"product_brand":[],"product_cat":[9738],"product_tag":[],"class_list":{"0":"post-10199","1":"product","2":"type-product","3":"status-publish","4":"has-post-thumbnail","6":"product_cat-ezoterika","7":"desktop-align-left","8":"tablet-align-left","9":"mobile-align-left","11":"first","12":"outofstock","13":"shipping-taxable","14":"purchasable","15":"product-type-simple"},"acf":[],"yoast_head":"<!-- This site is optimized with the Yoast SEO plugin v27.4 - https:\/\/yoast.com\/product\/yoast-seo-wordpress\/ -->\n<title>Kaip tapti ragana: sveikatos, meil\u0117s ir pinig\u0173 b\u016brimai (su nedideliu defektu)<\/title>\n<meta name=\"description\" content=\"\u0160ios knygos autor\u0117\u00a0\u2013 daugel\u012f met\u0173 praktikuojanti baltoji ragana. Ji i\u0161samiai ap\u017evelgia raganavimo istorij\u0105, tradicijas, aptaria magijos formas, supa\u017eindina su apsaugomaisiais ritualais, meil\u0117s, s\u0117km\u0117s b\u016brimais bei j\u0173 etika, nuolat primindama svarbiausi\u0105 ragan\u0173 taisykl\u0119:\u00a0 \u201eDaryk k\u0105 nori, kol tai niekam nekenkia\u201c.  Raganos ir paslaptingos j\u0173 \u017einios m\u016bs\u0173 laikais kelia vis didesn\u012f susidom\u0117jim\u0105. Suprantama, kad raganavimas n\u0117ra vien paistalai, kad tai\u00a0\u2013 am\u017ei\u0173 am\u017eiais kauptos gamtos ir medicinos \u017einios.  Skaitydami \u0161i\u0105 knyg\u0105 su\u017einosite, k\u0105 praeityje suvok\u0117 i\u0161mintingos moterys, ir ko i\u0161 j\u0173 gali pasimokyti \u0161iuolaikin\u0117s raganos. - magijos reikmenys - apsaugantys, sveikatos ir ker\u0117jim\u0173 ritualai - meil\u0117s ir pinig\u0173 b\u016brimai - kaip pamatyti ateit\u012f - ragan\u0173 \u0161vent\u0117s - kada burtai patys veiksmingiausi - magijos termin\u0173 \u017eodyn\u0117lis\" \/>\n<meta name=\"robots\" content=\"index, follow, max-snippet:-1, max-image-preview:large, max-video-preview:-1\" \/>\n<link rel=\"canonical\" href=\"https:\/\/skaitytaknyga.lt\/en\/produktas\/kaip-tapti-ragana-sveikatos-meiles-ir-pinigu-burimai-su-nedideliu-defektu\/\" \/>\n<meta property=\"og:locale\" content=\"en_GB\" \/>\n<meta property=\"og:locale:alternate\" content=\"lt_LT\" \/>\n<meta property=\"og:type\" content=\"article\" \/>\n<meta property=\"og:title\" content=\"Kaip tapti ragana: sveikatos, meil\u0117s ir pinig\u0173 b\u016brimai (su nedideliu defektu)\" \/>\n<meta property=\"og:description\" content=\"\u0160ios knygos autor\u0117\u00a0\u2013 daugel\u012f met\u0173 praktikuojanti baltoji ragana. Ji i\u0161samiai ap\u017evelgia raganavimo istorij\u0105, tradicijas, aptaria magijos formas, supa\u017eindina su apsaugomaisiais ritualais, meil\u0117s, s\u0117km\u0117s b\u016brimais bei j\u0173 etika, nuolat primindama svarbiausi\u0105 ragan\u0173 taisykl\u0119:\u00a0 \u201eDaryk k\u0105 nori, kol tai niekam nekenkia\u201c.  Raganos ir paslaptingos j\u0173 \u017einios m\u016bs\u0173 laikais kelia vis didesn\u012f susidom\u0117jim\u0105. Suprantama, kad raganavimas n\u0117ra vien paistalai, kad tai\u00a0\u2013 am\u017ei\u0173 am\u017eiais kauptos gamtos ir medicinos \u017einios.  Skaitydami \u0161i\u0105 knyg\u0105 su\u017einosite, k\u0105 praeityje suvok\u0117 i\u0161mintingos moterys, ir ko i\u0161 j\u0173 gali pasimokyti \u0161iuolaikin\u0117s raganos. - magijos reikmenys - apsaugantys, sveikatos ir ker\u0117jim\u0173 ritualai - meil\u0117s ir pinig\u0173 b\u016brimai - kaip pamatyti ateit\u012f - ragan\u0173 \u0161vent\u0117s - kada burtai patys veiksmingiausi - magijos termin\u0173 \u017eodyn\u0117lis\" \/>\n<meta property=\"og:url\" content=\"https:\/\/skaitytaknyga.lt\/en\/produktas\/kaip-tapti-ragana-sveikatos-meiles-ir-pinigu-burimai-su-nedideliu-defektu\/\" \/>\n<meta property=\"og:site_name\" content=\"Skaitytaknyga\" \/>\n<meta property=\"article:publisher\" content=\"https:\/\/www.facebook.com\/skaitytaknyga\/\" \/>\n<meta property=\"article:modified_time\" content=\"2026-03-18T10:32:58+00:00\" \/>\n<meta property=\"og:image\" content=\"https:\/\/skaitytaknyga.lt\/wp-content\/uploads\/2024\/05\/1462889952_img0018-002.jpg\" \/>\n\t<meta property=\"og:image:width\" content=\"282\" \/>\n\t<meta property=\"og:image:height\" content=\"430\" \/>\n\t<meta property=\"og:image:type\" content=\"image\/jpeg\" \/>\n<meta name=\"twitter:card\" content=\"summary_large_image\" \/>\n<meta name=\"twitter:label1\" content=\"Estimated reading time\" \/>\n\t<meta name=\"twitter:data1\" content=\"1 minute\" \/>\n<script type=\"application\/ld+json\" class=\"yoast-schema-graph\">{\"@context\":\"https:\\\/\\\/schema.org\",\"@graph\":[{\"@type\":\"WebPage\",\"@id\":\"https:\\\/\\\/skaitytaknyga.lt\\\/produktas\\\/kaip-tapti-ragana-sveikatos-meiles-ir-pinigu-burimai-su-nedideliu-defektu\\\/\",\"url\":\"https:\\\/\\\/skaitytaknyga.lt\\\/produktas\\\/kaip-tapti-ragana-sveikatos-meiles-ir-pinigu-burimai-su-nedideliu-defektu\\\/\",\"name\":\"Kaip tapti ragana: sveikatos, meil\u0117s ir pinig\u0173 b\u016brimai (su nedideliu defektu)\",\"isPartOf\":{\"@id\":\"https:\\\/\\\/skaitytaknyga.lt\\\/#website\"},\"primaryImageOfPage\":{\"@id\":\"https:\\\/\\\/skaitytaknyga.lt\\\/produktas\\\/kaip-tapti-ragana-sveikatos-meiles-ir-pinigu-burimai-su-nedideliu-defektu\\\/#primaryimage\"},\"image\":{\"@id\":\"https:\\\/\\\/skaitytaknyga.lt\\\/produktas\\\/kaip-tapti-ragana-sveikatos-meiles-ir-pinigu-burimai-su-nedideliu-defektu\\\/#primaryimage\"},\"thumbnailUrl\":\"https:\\\/\\\/skaitytaknyga.lt\\\/wp-content\\\/uploads\\\/2024\\\/05\\\/1462889952_img0018-002.jpg\",\"datePublished\":\"2024-05-04T18:09:02+00:00\",\"dateModified\":\"2026-03-18T10:32:58+00:00\",\"description\":\"\u0160ios knygos autor\u0117\u00a0\u2013 daugel\u012f met\u0173 praktikuojanti baltoji ragana. Ji i\u0161samiai ap\u017evelgia raganavimo istorij\u0105, tradicijas, aptaria magijos formas, supa\u017eindina su apsaugomaisiais ritualais, meil\u0117s, s\u0117km\u0117s b\u016brimais bei j\u0173 etika, nuolat primindama svarbiausi\u0105 ragan\u0173 taisykl\u0119:\u00a0 \u201eDaryk k\u0105 nori, kol tai niekam nekenkia\u201c. Raganos ir paslaptingos j\u0173 \u017einios m\u016bs\u0173 laikais kelia vis didesn\u012f susidom\u0117jim\u0105. Suprantama, kad raganavimas n\u0117ra vien paistalai, kad tai\u00a0\u2013 am\u017ei\u0173 am\u017eiais kauptos gamtos ir medicinos \u017einios. Skaitydami \u0161i\u0105 knyg\u0105 su\u017einosite, k\u0105 praeityje suvok\u0117 i\u0161mintingos moterys, ir ko i\u0161 j\u0173 gali pasimokyti \u0161iuolaikin\u0117s raganos. - magijos reikmenys - apsaugantys, sveikatos ir ker\u0117jim\u0173 ritualai - meil\u0117s ir pinig\u0173 b\u016brimai - kaip pamatyti ateit\u012f - ragan\u0173 \u0161vent\u0117s - kada burtai patys veiksmingiausi - magijos termin\u0173 \u017eodyn\u0117lis\",\"breadcrumb\":{\"@id\":\"https:\\\/\\\/skaitytaknyga.lt\\\/produktas\\\/kaip-tapti-ragana-sveikatos-meiles-ir-pinigu-burimai-su-nedideliu-defektu\\\/#breadcrumb\"},\"inLanguage\":\"en-GB\",\"potentialAction\":[{\"@type\":\"ReadAction\",\"target\":[\"https:\\\/\\\/skaitytaknyga.lt\\\/produktas\\\/kaip-tapti-ragana-sveikatos-meiles-ir-pinigu-burimai-su-nedideliu-defektu\\\/\"]}]},{\"@type\":\"ImageObject\",\"inLanguage\":\"en-GB\",\"@id\":\"https:\\\/\\\/skaitytaknyga.lt\\\/produktas\\\/kaip-tapti-ragana-sveikatos-meiles-ir-pinigu-burimai-su-nedideliu-defektu\\\/#primaryimage\",\"url\":\"https:\\\/\\\/skaitytaknyga.lt\\\/wp-content\\\/uploads\\\/2024\\\/05\\\/1462889952_img0018-002.jpg\",\"contentUrl\":\"https:\\\/\\\/skaitytaknyga.lt\\\/wp-content\\\/uploads\\\/2024\\\/05\\\/1462889952_img0018-002.jpg\",\"width\":282,\"height\":430},{\"@type\":\"BreadcrumbList\",\"@id\":\"https:\\\/\\\/skaitytaknyga.lt\\\/produktas\\\/kaip-tapti-ragana-sveikatos-meiles-ir-pinigu-burimai-su-nedideliu-defektu\\\/#breadcrumb\",\"itemListElement\":[{\"@type\":\"ListItem\",\"position\":1,\"name\":\"Home\",\"item\":\"https:\\\/\\\/skaitytaknyga.lt\\\/\"},{\"@type\":\"ListItem\",\"position\":2,\"name\":\"Parduotuv\u0117\",\"item\":\"https:\\\/\\\/skaitytaknyga.lt\\\/knygu-parduotuve\\\/\"},{\"@type\":\"ListItem\",\"position\":3,\"name\":\"Kaip tapti ragana: sveikatos, meil\u0117s ir pinig\u0173 b\u016brimai (su nedideliu defektu)\"}]},{\"@type\":\"WebSite\",\"@id\":\"https:\\\/\\\/skaitytaknyga.lt\\\/#website\",\"url\":\"https:\\\/\\\/skaitytaknyga.lt\\\/\",\"name\":\"skaitytaknyga.lt\",\"description\":\"Skaitytaknyga.lt \u2013 tai ma\u017eas \u0161eimos verslas, kuris prasid\u0117jo nuo meil\u0117s knygoms ir siekio i\u0161gelb\u0117ti knygas nuo likimo prie konteinerio. Kas vienam nereikalingas daiktas \u2013 kitam lobis, o mes esame tarpininkai, kurie padeda abiems tapti laimingesniems ???? \u017dinome kaip nelengva i\u0161gyventi ma\u017eiems verslams, tad nuo \u0161iol, \u010dia rasite ir kit\u0173, ma\u017e\u0173 \u0161eim\u0173 versl\u0173, rank\u0173 darbo, dovan\u0173 sau ir artimiesiems.\",\"publisher\":{\"@id\":\"https:\\\/\\\/skaitytaknyga.lt\\\/#organization\"},\"potentialAction\":[{\"@type\":\"SearchAction\",\"target\":{\"@type\":\"EntryPoint\",\"urlTemplate\":\"https:\\\/\\\/skaitytaknyga.lt\\\/?s={search_term_string}\"},\"query-input\":{\"@type\":\"PropertyValueSpecification\",\"valueRequired\":true,\"valueName\":\"search_term_string\"}}],\"inLanguage\":\"en-GB\"},{\"@type\":\"Organization\",\"@id\":\"https:\\\/\\\/skaitytaknyga.lt\\\/#organization\",\"name\":\"skaitytaknyga.lt\",\"url\":\"https:\\\/\\\/skaitytaknyga.lt\\\/\",\"logo\":{\"@type\":\"ImageObject\",\"inLanguage\":\"en-GB\",\"@id\":\"https:\\\/\\\/skaitytaknyga.lt\\\/#\\\/schema\\\/logo\\\/image\\\/\",\"url\":\"https:\\\/\\\/skaitytaknyga.lt\\\/wp-content\\\/uploads\\\/2024\\\/05\\\/cropped-cropped-cropped-02_00843_jt3bggkj1j3HLc7SyY6rEUpg.jpeg\",\"contentUrl\":\"https:\\\/\\\/skaitytaknyga.lt\\\/wp-content\\\/uploads\\\/2024\\\/05\\\/cropped-cropped-cropped-02_00843_jt3bggkj1j3HLc7SyY6rEUpg.jpeg\",\"width\":1600,\"height\":1600,\"caption\":\"skaitytaknyga.lt\"},\"image\":{\"@id\":\"https:\\\/\\\/skaitytaknyga.lt\\\/#\\\/schema\\\/logo\\\/image\\\/\"},\"sameAs\":[\"https:\\\/\\\/www.facebook.com\\\/skaitytaknyga\\\/\"]}]}<\/script>\n<!-- \/ Yoast SEO plugin. -->","yoast_head_json":{"title":"Kaip tapti ragana: sveikatos, meil\u0117s ir pinig\u0173 b\u016brimai (su nedideliu defektu)","description":"\u0160ios knygos autor\u0117\u00a0\u2013 daugel\u012f met\u0173 praktikuojanti baltoji ragana. Ji i\u0161samiai ap\u017evelgia raganavimo istorij\u0105, tradicijas, aptaria magijos formas, supa\u017eindina su apsaugomaisiais ritualais, meil\u0117s, s\u0117km\u0117s b\u016brimais bei j\u0173 etika, nuolat primindama svarbiausi\u0105 ragan\u0173 taisykl\u0119:\u00a0 \u201eDaryk k\u0105 nori, kol tai niekam nekenkia\u201c.  Raganos ir paslaptingos j\u0173 \u017einios m\u016bs\u0173 laikais kelia vis didesn\u012f susidom\u0117jim\u0105. Suprantama, kad raganavimas n\u0117ra vien paistalai, kad tai\u00a0\u2013 am\u017ei\u0173 am\u017eiais kauptos gamtos ir medicinos \u017einios.  Skaitydami \u0161i\u0105 knyg\u0105 su\u017einosite, k\u0105 praeityje suvok\u0117 i\u0161mintingos moterys, ir ko i\u0161 j\u0173 gali pasimokyti \u0161iuolaikin\u0117s raganos. - magijos reikmenys - apsaugantys, sveikatos ir ker\u0117jim\u0173 ritualai - meil\u0117s ir pinig\u0173 b\u016brimai - kaip pamatyti ateit\u012f - ragan\u0173 \u0161vent\u0117s - kada burtai patys veiksmingiausi - magijos termin\u0173 \u017eodyn\u0117lis","robots":{"index":"index","follow":"follow","max-snippet":"max-snippet:-1","max-image-preview":"max-image-preview:large","max-video-preview":"max-video-preview:-1"},"canonical":"https:\/\/skaitytaknyga.lt\/en\/produktas\/kaip-tapti-ragana-sveikatos-meiles-ir-pinigu-burimai-su-nedideliu-defektu\/","og_locale":"en_GB","og_type":"article","og_title":"[:lt]Kaip tapti ragana: sveikatos, meil\u0117s ir pinig\u0173 b\u016brimai (su nedideliu defektu)[:] - Skaitytaknyga","og_description":"\u0160ios knygos autor\u0117\u00a0\u2013 daugel\u012f met\u0173 praktikuojanti baltoji ragana. Ji i\u0161samiai ap\u017evelgia raganavimo istorij\u0105, tradicijas, aptaria magijos formas, supa\u017eindina su apsaugomaisiais ritualais, meil\u0117s, s\u0117km\u0117s b\u016brimais bei j\u0173 etika, nuolat primindama svarbiausi\u0105 ragan\u0173 taisykl\u0119:\u00a0 \u201eDaryk k\u0105 nori, kol tai niekam nekenkia\u201c.  Raganos ir paslaptingos j\u0173 \u017einios m\u016bs\u0173 laikais kelia vis didesn\u012f susidom\u0117jim\u0105. Suprantama, kad raganavimas n\u0117ra vien paistalai, kad tai\u00a0\u2013 am\u017ei\u0173 am\u017eiais kauptos gamtos ir medicinos \u017einios.  Skaitydami \u0161i\u0105 knyg\u0105 su\u017einosite, k\u0105 praeityje suvok\u0117 i\u0161mintingos moterys, ir ko i\u0161 j\u0173 gali pasimokyti \u0161iuolaikin\u0117s raganos. - magijos reikmenys - apsaugantys, sveikatos ir ker\u0117jim\u0173 ritualai - meil\u0117s ir pinig\u0173 b\u016brimai - kaip pamatyti ateit\u012f - ragan\u0173 \u0161vent\u0117s - kada burtai patys veiksmingiausi - magijos termin\u0173 \u017eodyn\u0117lis","og_url":"https:\/\/skaitytaknyga.lt\/en\/produktas\/kaip-tapti-ragana-sveikatos-meiles-ir-pinigu-burimai-su-nedideliu-defektu\/","og_site_name":"Skaitytaknyga","article_publisher":"https:\/\/www.facebook.com\/skaitytaknyga\/","article_modified_time":"2026-03-18T10:32:58+00:00","og_image":[{"width":282,"height":430,"url":"https:\/\/skaitytaknyga.lt\/wp-content\/uploads\/2024\/05\/1462889952_img0018-002.jpg","type":"image\/jpeg"}],"twitter_card":"summary_large_image","twitter_misc":{"Estimated reading time":"1 minute"},"schema":{"@context":"https:\/\/schema.org","@graph":[{"@type":"WebPage","@id":"https:\/\/skaitytaknyga.lt\/produktas\/kaip-tapti-ragana-sveikatos-meiles-ir-pinigu-burimai-su-nedideliu-defektu\/","url":"https:\/\/skaitytaknyga.lt\/produktas\/kaip-tapti-ragana-sveikatos-meiles-ir-pinigu-burimai-su-nedideliu-defektu\/","name":"Kaip tapti ragana: sveikatos, meil\u0117s ir pinig\u0173 b\u016brimai (su nedideliu defektu)","isPartOf":{"@id":"https:\/\/skaitytaknyga.lt\/#website"},"primaryImageOfPage":{"@id":"https:\/\/skaitytaknyga.lt\/produktas\/kaip-tapti-ragana-sveikatos-meiles-ir-pinigu-burimai-su-nedideliu-defektu\/#primaryimage"},"image":{"@id":"https:\/\/skaitytaknyga.lt\/produktas\/kaip-tapti-ragana-sveikatos-meiles-ir-pinigu-burimai-su-nedideliu-defektu\/#primaryimage"},"thumbnailUrl":"https:\/\/skaitytaknyga.lt\/wp-content\/uploads\/2024\/05\/1462889952_img0018-002.jpg","datePublished":"2024-05-04T18:09:02+00:00","dateModified":"2026-03-18T10:32:58+00:00","description":"\u0160ios knygos autor\u0117\u00a0\u2013 daugel\u012f met\u0173 praktikuojanti baltoji ragana. Ji i\u0161samiai ap\u017evelgia raganavimo istorij\u0105, tradicijas, aptaria magijos formas, supa\u017eindina su apsaugomaisiais ritualais, meil\u0117s, s\u0117km\u0117s b\u016brimais bei j\u0173 etika, nuolat primindama svarbiausi\u0105 ragan\u0173 taisykl\u0119:\u00a0 \u201eDaryk k\u0105 nori, kol tai niekam nekenkia\u201c. Raganos ir paslaptingos j\u0173 \u017einios m\u016bs\u0173 laikais kelia vis didesn\u012f susidom\u0117jim\u0105. Suprantama, kad raganavimas n\u0117ra vien paistalai, kad tai\u00a0\u2013 am\u017ei\u0173 am\u017eiais kauptos gamtos ir medicinos \u017einios. Skaitydami \u0161i\u0105 knyg\u0105 su\u017einosite, k\u0105 praeityje suvok\u0117 i\u0161mintingos moterys, ir ko i\u0161 j\u0173 gali pasimokyti \u0161iuolaikin\u0117s raganos. - magijos reikmenys - apsaugantys, sveikatos ir ker\u0117jim\u0173 ritualai - meil\u0117s ir pinig\u0173 b\u016brimai - kaip pamatyti ateit\u012f - ragan\u0173 \u0161vent\u0117s - kada burtai patys veiksmingiausi - magijos termin\u0173 \u017eodyn\u0117lis","breadcrumb":{"@id":"https:\/\/skaitytaknyga.lt\/produktas\/kaip-tapti-ragana-sveikatos-meiles-ir-pinigu-burimai-su-nedideliu-defektu\/#breadcrumb"},"inLanguage":"en-GB","potentialAction":[{"@type":"ReadAction","target":["https:\/\/skaitytaknyga.lt\/produktas\/kaip-tapti-ragana-sveikatos-meiles-ir-pinigu-burimai-su-nedideliu-defektu\/"]}]},{"@type":"ImageObject","inLanguage":"en-GB","@id":"https:\/\/skaitytaknyga.lt\/produktas\/kaip-tapti-ragana-sveikatos-meiles-ir-pinigu-burimai-su-nedideliu-defektu\/#primaryimage","url":"https:\/\/skaitytaknyga.lt\/wp-content\/uploads\/2024\/05\/1462889952_img0018-002.jpg","contentUrl":"https:\/\/skaitytaknyga.lt\/wp-content\/uploads\/2024\/05\/1462889952_img0018-002.jpg","width":282,"height":430},{"@type":"BreadcrumbList","@id":"https:\/\/skaitytaknyga.lt\/produktas\/kaip-tapti-ragana-sveikatos-meiles-ir-pinigu-burimai-su-nedideliu-defektu\/#breadcrumb","itemListElement":[{"@type":"ListItem","position":1,"name":"Home","item":"https:\/\/skaitytaknyga.lt\/"},{"@type":"ListItem","position":2,"name":"Parduotuv\u0117","item":"https:\/\/skaitytaknyga.lt\/knygu-parduotuve\/"},{"@type":"ListItem","position":3,"name":"Kaip tapti ragana: sveikatos, meil\u0117s ir pinig\u0173 b\u016brimai (su nedideliu defektu)"}]},{"@type":"WebSite","@id":"https:\/\/skaitytaknyga.lt\/#website","url":"https:\/\/skaitytaknyga.lt\/","name":"skaitytaknyga.lt","description":"Skaitytaknyga.lt \u2013 tai ma\u017eas \u0161eimos verslas, kuris prasid\u0117jo nuo meil\u0117s knygoms ir siekio i\u0161gelb\u0117ti knygas nuo likimo prie konteinerio. Kas vienam nereikalingas daiktas \u2013 kitam lobis, o mes esame tarpininkai, kurie padeda abiems tapti laimingesniems ???? \u017dinome kaip nelengva i\u0161gyventi ma\u017eiems verslams, tad nuo \u0161iol, \u010dia rasite ir kit\u0173, ma\u017e\u0173 \u0161eim\u0173 versl\u0173, rank\u0173 darbo, dovan\u0173 sau ir artimiesiems.","publisher":{"@id":"https:\/\/skaitytaknyga.lt\/#organization"},"potentialAction":[{"@type":"SearchAction","target":{"@type":"EntryPoint","urlTemplate":"https:\/\/skaitytaknyga.lt\/?s={search_term_string}"},"query-input":{"@type":"PropertyValueSpecification","valueRequired":true,"valueName":"search_term_string"}}],"inLanguage":"en-GB"},{"@type":"Organization","@id":"https:\/\/skaitytaknyga.lt\/#organization","name":"skaitytaknyga.lt","url":"https:\/\/skaitytaknyga.lt\/","logo":{"@type":"ImageObject","inLanguage":"en-GB","@id":"https:\/\/skaitytaknyga.lt\/#\/schema\/logo\/image\/","url":"https:\/\/skaitytaknyga.lt\/wp-content\/uploads\/2024\/05\/cropped-cropped-cropped-02_00843_jt3bggkj1j3HLc7SyY6rEUpg.jpeg","contentUrl":"https:\/\/skaitytaknyga.lt\/wp-content\/uploads\/2024\/05\/cropped-cropped-cropped-02_00843_jt3bggkj1j3HLc7SyY6rEUpg.jpeg","width":1600,"height":1600,"caption":"skaitytaknyga.lt"},"image":{"@id":"https:\/\/skaitytaknyga.lt\/#\/schema\/logo\/image\/"},"sameAs":["https:\/\/www.facebook.com\/skaitytaknyga\/"]}]}},"_links":{"self":[{"href":"https:\/\/skaitytaknyga.lt\/en\/wp-json\/wp\/v2\/product\/10199","targetHints":{"allow":["GET"]}}],"collection":[{"href":"https:\/\/skaitytaknyga.lt\/en\/wp-json\/wp\/v2\/product"}],"about":[{"href":"https:\/\/skaitytaknyga.lt\/en\/wp-json\/wp\/v2\/types\/product"}],"replies":[{"embeddable":true,"href":"https:\/\/skaitytaknyga.lt\/en\/wp-json\/wp\/v2\/comments?post=10199"}],"wp:featuredmedia":[{"embeddable":true,"href":"https:\/\/skaitytaknyga.lt\/en\/wp-json\/wp\/v2\/media\/10247"}],"wp:attachment":[{"href":"https:\/\/skaitytaknyga.lt\/en\/wp-json\/wp\/v2\/media?parent=10199"}],"wp:term":[{"taxonomy":"product_brand","embeddable":true,"href":"https:\/\/skaitytaknyga.lt\/en\/wp-json\/wp\/v2\/product_brand?post=10199"},{"taxonomy":"product_cat","embeddable":true,"href":"https:\/\/skaitytaknyga.lt\/en\/wp-json\/wp\/v2\/product_cat?post=10199"},{"taxonomy":"product_tag","embeddable":true,"href":"https:\/\/skaitytaknyga.lt\/en\/wp-json\/wp\/v2\/product_tag?post=10199"}],"curies":[{"name":"wp","href":"https:\/\/api.w.org\/{rel}","templated":true}]}}