{"id":10198,"date":"2024-05-04T18:09:02","date_gmt":"2024-05-04T18:09:02","guid":{"rendered":"https:\/\/skaitytaknyga.lt\/?post_type=product&#038;p=10198"},"modified":"2025-07-22T15:52:48","modified_gmt":"2025-07-22T12:52:48","slug":"vadyba","status":"publish","type":"product","link":"https:\/\/skaitytaknyga.lt\/en\/produktas\/vadyba\/","title":{"rendered":"Vadyba"},"content":{"rendered":"<p>J\u016bs\u0173 rankose originalus JAV autoriaus vadybos pagrind\u0173 vadov\u0117lis lietuvi\u0173 kalba. I\u0161leisti \u0161i\u0105 knyg\u0105 paskatino jos tinkamumas pla\u010diam skaitytoj\u0173 ratui. Ji yra labai naudinga pradedantiems studijuoti vadyb\u0105, nes vadov\u0117lyje ai\u0161kiai, i\u0161samiai pateikiami vadybos pagrindai, teoriniai teiginiai, gausiai iliustruoti pavyzd\u017eiais. Knyga bus \u012fdomi ir tiems, kurie nori artimiau susipa\u017einti su vakarieti\u0161kos vadybos praktikos problemomis, j\u0173 sprendimo budais. Svarbiausias knygos privalumas yra tas, kad ji supa\u017eindina su aktualiais u\u017esienio teoretik\u0173 ir praktik\u0173 vadybos klausimais dviej\u0173 am\u017ei\u0173 sand\u016broje. Taigi ji leid\u017eia \u012fgyti ir atnaujinti \u017einias bei pasisemti nauj\u0173 id\u0117j\u0173 kaip valdyti verslo organizacijas.<\/p>\n","protected":false},"excerpt":{"rendered":"<p>J\u016bs\u0173 rankose originalus JAV autoriaus vadybos pagrind\u0173 vadov\u0117lis lietuvi\u0173 kalba. I\u0161leisti \u0161i\u0105 knyg\u0105 paskatino jos tinkamumas pla\u010diam skaitytoj\u0173 ratui. Ji yra labai naudinga pradedantiems studijuoti vadyb\u0105, nes vadov\u0117lyje ai\u0161kiai, i\u0161samiai pateikiami vadybos pagrindai, teoriniai teiginiai, gausiai iliustruoti pavyzd\u017eiais. Knyga bus \u012fdomi ir tiems, kurie nori artimiau susipa\u017einti su vakarieti\u0161kos vadybos praktikos problemomis, j\u0173 sprendimo budais. Svarbiausias knygos privalumas yra tas, kad ji supa\u017eindina su aktualiais u\u017esienio teoretik\u0173 ir praktik\u0173 vadybos klausimais dviej\u0173 am\u017ei\u0173 sand\u016broje. Taigi ji leid\u017eia \u012fgyti ir atnaujinti \u017einias bei pasisemti nauj\u0173 id\u0117j\u0173 kaip valdyti verslo organizacijas.<\/p>\n","protected":false},"featured_media":10246,"comment_status":"closed","ping_status":"closed","template":"","meta":{"_acf_changed":false,"site-sidebar-layout":"default","site-content-layout":"","ast-site-content-layout":"default","site-content-style":"default","site-sidebar-style":"default","ast-global-header-display":"","ast-banner-title-visibility":"","ast-main-header-display":"","ast-hfb-above-header-display":"","ast-hfb-below-header-display":"","ast-hfb-mobile-header-display":"","site-post-title":"","ast-breadcrumbs-content":"","ast-featured-img":"","footer-sml-layout":"","ast-disable-related-posts":"","theme-transparent-header-meta":"","adv-header-id-meta":"","stick-header-meta":"","header-above-stick-meta":"","header-main-stick-meta":"","header-below-stick-meta":"","astra-migrate-meta-layouts":"default","ast-page-background-enabled":"default","ast-page-background-meta":{"desktop":{"background-color":"","background-image":"","background-repeat":"repeat","background-position":"center center","background-size":"auto","background-attachment":"scroll","background-type":"","background-media":"","overlay-type":"","overlay-color":"","overlay-opacity":"","overlay-gradient":""},"tablet":{"background-color":"","background-image":"","background-repeat":"repeat","background-position":"center center","background-size":"auto","background-attachment":"scroll","background-type":"","background-media":"","overlay-type":"","overlay-color":"","overlay-opacity":"","overlay-gradient":""},"mobile":{"background-color":"","background-image":"","background-repeat":"repeat","background-position":"center center","background-size":"auto","background-attachment":"scroll","background-type":"","background-media":"","overlay-type":"","overlay-color":"","overlay-opacity":"","overlay-gradient":""}},"ast-content-background-meta":{"desktop":{"background-color":"var(--ast-global-color-4)","background-image":"","background-repeat":"repeat","background-position":"center center","background-size":"auto","background-attachment":"scroll","background-type":"","background-media":"","overlay-type":"","overlay-color":"","overlay-opacity":"","overlay-gradient":""},"tablet":{"background-color":"var(--ast-global-color-4)","background-image":"","background-repeat":"repeat","background-position":"center center","background-size":"auto","background-attachment":"scroll","background-type":"","background-media":"","overlay-type":"","overlay-color":"","overlay-opacity":"","overlay-gradient":""},"mobile":{"background-color":"var(--ast-global-color-4)","background-image":"","background-repeat":"repeat","background-position":"center center","background-size":"auto","background-attachment":"scroll","background-type":"","background-media":"","overlay-type":"","overlay-color":"","overlay-opacity":"","overlay-gradient":""}}},"product_brand":[],"product_cat":[26],"product_tag":[],"class_list":{"0":"post-10198","1":"product","2":"type-product","3":"status-publish","4":"has-post-thumbnail","6":"product_cat-verslas-vadyba-ir-finansai","7":"desktop-align-left","8":"tablet-align-left","9":"mobile-align-left","11":"first","12":"outofstock","13":"shipping-taxable","14":"purchasable","15":"product-type-simple"},"acf":[],"yoast_head":"<!-- This site is optimized with the Yoast SEO plugin v27.4 - https:\/\/yoast.com\/product\/yoast-seo-wordpress\/ -->\n<title>Vadyba - Skaitytaknyga<\/title>\n<meta name=\"description\" content=\"J\u016bs\u0173 rankose originalus JAV autoriaus vadybos pagrind\u0173 vadov\u0117lis lietuvi\u0173 kalba. I\u0161leisti \u0161i\u0105 knyg\u0105 paskatino jos tinkamumas pla\u010diam skaitytoj\u0173 ratui. Ji yra labai naudinga pradedantiems studijuoti vadyb\u0105, nes vadov\u0117lyje ai\u0161kiai, i\u0161samiai pateikiami vadybos pagrindai, teoriniai teiginiai, gausiai iliustruoti pavyzd\u017eiais. Knyga bus \u012fdomi ir tiems, kurie nori artimiau susipa\u017einti su vakarieti\u0161kos vadybos praktikos problemomis, j\u0173 sprendimo budais. Svarbiausias knygos privalumas yra tas, kad ji supa\u017eindina su aktualiais u\u017esienio teoretik\u0173 ir praktik\u0173 vadybos klausimais dviej\u0173 am\u017ei\u0173 sand\u016broje. Taigi ji leid\u017eia \u012fgyti ir atnaujinti \u017einias bei pasisemti nauj\u0173 id\u0117j\u0173 kaip valdyti verslo organizacijas.\" \/>\n<meta name=\"robots\" content=\"index, follow, max-snippet:-1, max-image-preview:large, max-video-preview:-1\" \/>\n<link rel=\"canonical\" href=\"https:\/\/skaitytaknyga.lt\/en\/produktas\/vadyba\/\" \/>\n<meta property=\"og:locale\" content=\"en_GB\" \/>\n<meta property=\"og:locale:alternate\" content=\"lt_LT\" \/>\n<meta property=\"og:type\" content=\"article\" \/>\n<meta property=\"og:title\" content=\"Vadyba - Skaitytaknyga\" \/>\n<meta property=\"og:description\" content=\"J\u016bs\u0173 rankose originalus JAV autoriaus vadybos pagrind\u0173 vadov\u0117lis lietuvi\u0173 kalba. I\u0161leisti \u0161i\u0105 knyg\u0105 paskatino jos tinkamumas pla\u010diam skaitytoj\u0173 ratui. Ji yra labai naudinga pradedantiems studijuoti vadyb\u0105, nes vadov\u0117lyje ai\u0161kiai, i\u0161samiai pateikiami vadybos pagrindai, teoriniai teiginiai, gausiai iliustruoti pavyzd\u017eiais. Knyga bus \u012fdomi ir tiems, kurie nori artimiau susipa\u017einti su vakarieti\u0161kos vadybos praktikos problemomis, j\u0173 sprendimo budais. Svarbiausias knygos privalumas yra tas, kad ji supa\u017eindina su aktualiais u\u017esienio teoretik\u0173 ir praktik\u0173 vadybos klausimais dviej\u0173 am\u017ei\u0173 sand\u016broje. Taigi ji leid\u017eia \u012fgyti ir atnaujinti \u017einias bei pasisemti nauj\u0173 id\u0117j\u0173 kaip valdyti verslo organizacijas.\" \/>\n<meta property=\"og:url\" content=\"https:\/\/skaitytaknyga.lt\/en\/produktas\/vadyba\/\" \/>\n<meta property=\"og:site_name\" content=\"Skaitytaknyga\" \/>\n<meta property=\"article:publisher\" content=\"https:\/\/www.facebook.com\/skaitytaknyga\/\" \/>\n<meta property=\"article:modified_time\" content=\"2025-07-22T12:52:48+00:00\" \/>\n<meta property=\"og:image\" content=\"https:\/\/skaitytaknyga.lt\/wp-content\/uploads\/2024\/05\/231735-16353658148165682371142196612685-e1642172094443.jpg\" \/>\n\t<meta property=\"og:image:width\" content=\"409\" \/>\n\t<meta property=\"og:image:height\" content=\"525\" \/>\n\t<meta property=\"og:image:type\" content=\"image\/jpeg\" \/>\n<meta name=\"twitter:card\" content=\"summary_large_image\" \/>\n<meta name=\"twitter:label1\" content=\"Estimated reading time\" \/>\n\t<meta name=\"twitter:data1\" content=\"1 minute\" \/>\n<script type=\"application\/ld+json\" class=\"yoast-schema-graph\">{\"@context\":\"https:\\\/\\\/schema.org\",\"@graph\":[{\"@type\":\"WebPage\",\"@id\":\"https:\\\/\\\/skaitytaknyga.lt\\\/produktas\\\/vadyba\\\/\",\"url\":\"https:\\\/\\\/skaitytaknyga.lt\\\/produktas\\\/vadyba\\\/\",\"name\":\"Vadyba - Skaitytaknyga\",\"isPartOf\":{\"@id\":\"https:\\\/\\\/skaitytaknyga.lt\\\/#website\"},\"primaryImageOfPage\":{\"@id\":\"https:\\\/\\\/skaitytaknyga.lt\\\/produktas\\\/vadyba\\\/#primaryimage\"},\"image\":{\"@id\":\"https:\\\/\\\/skaitytaknyga.lt\\\/produktas\\\/vadyba\\\/#primaryimage\"},\"thumbnailUrl\":\"https:\\\/\\\/skaitytaknyga.lt\\\/wp-content\\\/uploads\\\/2024\\\/05\\\/231735-16353658148165682371142196612685-e1642172094443.jpg\",\"datePublished\":\"2024-05-04T18:09:02+00:00\",\"dateModified\":\"2025-07-22T12:52:48+00:00\",\"description\":\"J\u016bs\u0173 rankose originalus JAV autoriaus vadybos pagrind\u0173 vadov\u0117lis lietuvi\u0173 kalba. I\u0161leisti \u0161i\u0105 knyg\u0105 paskatino jos tinkamumas pla\u010diam skaitytoj\u0173 ratui. Ji yra labai naudinga pradedantiems studijuoti vadyb\u0105, nes vadov\u0117lyje ai\u0161kiai, i\u0161samiai pateikiami vadybos pagrindai, teoriniai teiginiai, gausiai iliustruoti pavyzd\u017eiais. Knyga bus \u012fdomi ir tiems, kurie nori artimiau susipa\u017einti su vakarieti\u0161kos vadybos praktikos problemomis, j\u0173 sprendimo budais. Svarbiausias knygos privalumas yra tas, kad ji supa\u017eindina su aktualiais u\u017esienio teoretik\u0173 ir praktik\u0173 vadybos klausimais dviej\u0173 am\u017ei\u0173 sand\u016broje. Taigi ji leid\u017eia \u012fgyti ir atnaujinti \u017einias bei pasisemti nauj\u0173 id\u0117j\u0173 kaip valdyti verslo organizacijas.\",\"breadcrumb\":{\"@id\":\"https:\\\/\\\/skaitytaknyga.lt\\\/produktas\\\/vadyba\\\/#breadcrumb\"},\"inLanguage\":\"en-GB\",\"potentialAction\":[{\"@type\":\"ReadAction\",\"target\":[\"https:\\\/\\\/skaitytaknyga.lt\\\/produktas\\\/vadyba\\\/\"]}]},{\"@type\":\"ImageObject\",\"inLanguage\":\"en-GB\",\"@id\":\"https:\\\/\\\/skaitytaknyga.lt\\\/produktas\\\/vadyba\\\/#primaryimage\",\"url\":\"https:\\\/\\\/skaitytaknyga.lt\\\/wp-content\\\/uploads\\\/2024\\\/05\\\/231735-16353658148165682371142196612685-e1642172094443.jpg\",\"contentUrl\":\"https:\\\/\\\/skaitytaknyga.lt\\\/wp-content\\\/uploads\\\/2024\\\/05\\\/231735-16353658148165682371142196612685-e1642172094443.jpg\",\"width\":409,\"height\":525},{\"@type\":\"BreadcrumbList\",\"@id\":\"https:\\\/\\\/skaitytaknyga.lt\\\/produktas\\\/vadyba\\\/#breadcrumb\",\"itemListElement\":[{\"@type\":\"ListItem\",\"position\":1,\"name\":\"Home\",\"item\":\"https:\\\/\\\/skaitytaknyga.lt\\\/\"},{\"@type\":\"ListItem\",\"position\":2,\"name\":\"Parduotuv\u0117\",\"item\":\"https:\\\/\\\/skaitytaknyga.lt\\\/knygu-parduotuve\\\/\"},{\"@type\":\"ListItem\",\"position\":3,\"name\":\"Vadyba\"}]},{\"@type\":\"WebSite\",\"@id\":\"https:\\\/\\\/skaitytaknyga.lt\\\/#website\",\"url\":\"https:\\\/\\\/skaitytaknyga.lt\\\/\",\"name\":\"skaitytaknyga.lt\",\"description\":\"Skaitytaknyga.lt \u2013 tai ma\u017eas \u0161eimos verslas, kuris prasid\u0117jo nuo meil\u0117s knygoms ir siekio i\u0161gelb\u0117ti knygas nuo likimo prie konteinerio. Kas vienam nereikalingas daiktas \u2013 kitam lobis, o mes esame tarpininkai, kurie padeda abiems tapti laimingesniems ???? \u017dinome kaip nelengva i\u0161gyventi ma\u017eiems verslams, tad nuo \u0161iol, \u010dia rasite ir kit\u0173, ma\u017e\u0173 \u0161eim\u0173 versl\u0173, rank\u0173 darbo, dovan\u0173 sau ir artimiesiems.\",\"publisher\":{\"@id\":\"https:\\\/\\\/skaitytaknyga.lt\\\/#organization\"},\"potentialAction\":[{\"@type\":\"SearchAction\",\"target\":{\"@type\":\"EntryPoint\",\"urlTemplate\":\"https:\\\/\\\/skaitytaknyga.lt\\\/?s={search_term_string}\"},\"query-input\":{\"@type\":\"PropertyValueSpecification\",\"valueRequired\":true,\"valueName\":\"search_term_string\"}}],\"inLanguage\":\"en-GB\"},{\"@type\":\"Organization\",\"@id\":\"https:\\\/\\\/skaitytaknyga.lt\\\/#organization\",\"name\":\"skaitytaknyga.lt\",\"url\":\"https:\\\/\\\/skaitytaknyga.lt\\\/\",\"logo\":{\"@type\":\"ImageObject\",\"inLanguage\":\"en-GB\",\"@id\":\"https:\\\/\\\/skaitytaknyga.lt\\\/#\\\/schema\\\/logo\\\/image\\\/\",\"url\":\"https:\\\/\\\/skaitytaknyga.lt\\\/wp-content\\\/uploads\\\/2024\\\/05\\\/cropped-cropped-cropped-02_00843_jt3bggkj1j3HLc7SyY6rEUpg.jpeg\",\"contentUrl\":\"https:\\\/\\\/skaitytaknyga.lt\\\/wp-content\\\/uploads\\\/2024\\\/05\\\/cropped-cropped-cropped-02_00843_jt3bggkj1j3HLc7SyY6rEUpg.jpeg\",\"width\":1600,\"height\":1600,\"caption\":\"skaitytaknyga.lt\"},\"image\":{\"@id\":\"https:\\\/\\\/skaitytaknyga.lt\\\/#\\\/schema\\\/logo\\\/image\\\/\"},\"sameAs\":[\"https:\\\/\\\/www.facebook.com\\\/skaitytaknyga\\\/\"]}]}<\/script>\n<!-- \/ Yoast SEO plugin. -->","yoast_head_json":{"title":"Vadyba - Skaitytaknyga","description":"J\u016bs\u0173 rankose originalus JAV autoriaus vadybos pagrind\u0173 vadov\u0117lis lietuvi\u0173 kalba. I\u0161leisti \u0161i\u0105 knyg\u0105 paskatino jos tinkamumas pla\u010diam skaitytoj\u0173 ratui. Ji yra labai naudinga pradedantiems studijuoti vadyb\u0105, nes vadov\u0117lyje ai\u0161kiai, i\u0161samiai pateikiami vadybos pagrindai, teoriniai teiginiai, gausiai iliustruoti pavyzd\u017eiais. Knyga bus \u012fdomi ir tiems, kurie nori artimiau susipa\u017einti su vakarieti\u0161kos vadybos praktikos problemomis, j\u0173 sprendimo budais. Svarbiausias knygos privalumas yra tas, kad ji supa\u017eindina su aktualiais u\u017esienio teoretik\u0173 ir praktik\u0173 vadybos klausimais dviej\u0173 am\u017ei\u0173 sand\u016broje. Taigi ji leid\u017eia \u012fgyti ir atnaujinti \u017einias bei pasisemti nauj\u0173 id\u0117j\u0173 kaip valdyti verslo organizacijas.","robots":{"index":"index","follow":"follow","max-snippet":"max-snippet:-1","max-image-preview":"max-image-preview:large","max-video-preview":"max-video-preview:-1"},"canonical":"https:\/\/skaitytaknyga.lt\/en\/produktas\/vadyba\/","og_locale":"en_GB","og_type":"article","og_title":"Vadyba - Skaitytaknyga","og_description":"J\u016bs\u0173 rankose originalus JAV autoriaus vadybos pagrind\u0173 vadov\u0117lis lietuvi\u0173 kalba. I\u0161leisti \u0161i\u0105 knyg\u0105 paskatino jos tinkamumas pla\u010diam skaitytoj\u0173 ratui. Ji yra labai naudinga pradedantiems studijuoti vadyb\u0105, nes vadov\u0117lyje ai\u0161kiai, i\u0161samiai pateikiami vadybos pagrindai, teoriniai teiginiai, gausiai iliustruoti pavyzd\u017eiais. Knyga bus \u012fdomi ir tiems, kurie nori artimiau susipa\u017einti su vakarieti\u0161kos vadybos praktikos problemomis, j\u0173 sprendimo budais. Svarbiausias knygos privalumas yra tas, kad ji supa\u017eindina su aktualiais u\u017esienio teoretik\u0173 ir praktik\u0173 vadybos klausimais dviej\u0173 am\u017ei\u0173 sand\u016broje. Taigi ji leid\u017eia \u012fgyti ir atnaujinti \u017einias bei pasisemti nauj\u0173 id\u0117j\u0173 kaip valdyti verslo organizacijas.","og_url":"https:\/\/skaitytaknyga.lt\/en\/produktas\/vadyba\/","og_site_name":"Skaitytaknyga","article_publisher":"https:\/\/www.facebook.com\/skaitytaknyga\/","article_modified_time":"2025-07-22T12:52:48+00:00","og_image":[{"width":409,"height":525,"url":"https:\/\/skaitytaknyga.lt\/wp-content\/uploads\/2024\/05\/231735-16353658148165682371142196612685-e1642172094443.jpg","type":"image\/jpeg"}],"twitter_card":"summary_large_image","twitter_misc":{"Estimated reading time":"1 minute"},"schema":{"@context":"https:\/\/schema.org","@graph":[{"@type":"WebPage","@id":"https:\/\/skaitytaknyga.lt\/produktas\/vadyba\/","url":"https:\/\/skaitytaknyga.lt\/produktas\/vadyba\/","name":"Vadyba - Skaitytaknyga","isPartOf":{"@id":"https:\/\/skaitytaknyga.lt\/#website"},"primaryImageOfPage":{"@id":"https:\/\/skaitytaknyga.lt\/produktas\/vadyba\/#primaryimage"},"image":{"@id":"https:\/\/skaitytaknyga.lt\/produktas\/vadyba\/#primaryimage"},"thumbnailUrl":"https:\/\/skaitytaknyga.lt\/wp-content\/uploads\/2024\/05\/231735-16353658148165682371142196612685-e1642172094443.jpg","datePublished":"2024-05-04T18:09:02+00:00","dateModified":"2025-07-22T12:52:48+00:00","description":"J\u016bs\u0173 rankose originalus JAV autoriaus vadybos pagrind\u0173 vadov\u0117lis lietuvi\u0173 kalba. I\u0161leisti \u0161i\u0105 knyg\u0105 paskatino jos tinkamumas pla\u010diam skaitytoj\u0173 ratui. Ji yra labai naudinga pradedantiems studijuoti vadyb\u0105, nes vadov\u0117lyje ai\u0161kiai, i\u0161samiai pateikiami vadybos pagrindai, teoriniai teiginiai, gausiai iliustruoti pavyzd\u017eiais. Knyga bus \u012fdomi ir tiems, kurie nori artimiau susipa\u017einti su vakarieti\u0161kos vadybos praktikos problemomis, j\u0173 sprendimo budais. Svarbiausias knygos privalumas yra tas, kad ji supa\u017eindina su aktualiais u\u017esienio teoretik\u0173 ir praktik\u0173 vadybos klausimais dviej\u0173 am\u017ei\u0173 sand\u016broje. Taigi ji leid\u017eia \u012fgyti ir atnaujinti \u017einias bei pasisemti nauj\u0173 id\u0117j\u0173 kaip valdyti verslo organizacijas.","breadcrumb":{"@id":"https:\/\/skaitytaknyga.lt\/produktas\/vadyba\/#breadcrumb"},"inLanguage":"en-GB","potentialAction":[{"@type":"ReadAction","target":["https:\/\/skaitytaknyga.lt\/produktas\/vadyba\/"]}]},{"@type":"ImageObject","inLanguage":"en-GB","@id":"https:\/\/skaitytaknyga.lt\/produktas\/vadyba\/#primaryimage","url":"https:\/\/skaitytaknyga.lt\/wp-content\/uploads\/2024\/05\/231735-16353658148165682371142196612685-e1642172094443.jpg","contentUrl":"https:\/\/skaitytaknyga.lt\/wp-content\/uploads\/2024\/05\/231735-16353658148165682371142196612685-e1642172094443.jpg","width":409,"height":525},{"@type":"BreadcrumbList","@id":"https:\/\/skaitytaknyga.lt\/produktas\/vadyba\/#breadcrumb","itemListElement":[{"@type":"ListItem","position":1,"name":"Home","item":"https:\/\/skaitytaknyga.lt\/"},{"@type":"ListItem","position":2,"name":"Parduotuv\u0117","item":"https:\/\/skaitytaknyga.lt\/knygu-parduotuve\/"},{"@type":"ListItem","position":3,"name":"Vadyba"}]},{"@type":"WebSite","@id":"https:\/\/skaitytaknyga.lt\/#website","url":"https:\/\/skaitytaknyga.lt\/","name":"skaitytaknyga.lt","description":"Skaitytaknyga.lt \u2013 tai ma\u017eas \u0161eimos verslas, kuris prasid\u0117jo nuo meil\u0117s knygoms ir siekio i\u0161gelb\u0117ti knygas nuo likimo prie konteinerio. Kas vienam nereikalingas daiktas \u2013 kitam lobis, o mes esame tarpininkai, kurie padeda abiems tapti laimingesniems ???? \u017dinome kaip nelengva i\u0161gyventi ma\u017eiems verslams, tad nuo \u0161iol, \u010dia rasite ir kit\u0173, ma\u017e\u0173 \u0161eim\u0173 versl\u0173, rank\u0173 darbo, dovan\u0173 sau ir artimiesiems.","publisher":{"@id":"https:\/\/skaitytaknyga.lt\/#organization"},"potentialAction":[{"@type":"SearchAction","target":{"@type":"EntryPoint","urlTemplate":"https:\/\/skaitytaknyga.lt\/?s={search_term_string}"},"query-input":{"@type":"PropertyValueSpecification","valueRequired":true,"valueName":"search_term_string"}}],"inLanguage":"en-GB"},{"@type":"Organization","@id":"https:\/\/skaitytaknyga.lt\/#organization","name":"skaitytaknyga.lt","url":"https:\/\/skaitytaknyga.lt\/","logo":{"@type":"ImageObject","inLanguage":"en-GB","@id":"https:\/\/skaitytaknyga.lt\/#\/schema\/logo\/image\/","url":"https:\/\/skaitytaknyga.lt\/wp-content\/uploads\/2024\/05\/cropped-cropped-cropped-02_00843_jt3bggkj1j3HLc7SyY6rEUpg.jpeg","contentUrl":"https:\/\/skaitytaknyga.lt\/wp-content\/uploads\/2024\/05\/cropped-cropped-cropped-02_00843_jt3bggkj1j3HLc7SyY6rEUpg.jpeg","width":1600,"height":1600,"caption":"skaitytaknyga.lt"},"image":{"@id":"https:\/\/skaitytaknyga.lt\/#\/schema\/logo\/image\/"},"sameAs":["https:\/\/www.facebook.com\/skaitytaknyga\/"]}]}},"_links":{"self":[{"href":"https:\/\/skaitytaknyga.lt\/en\/wp-json\/wp\/v2\/product\/10198","targetHints":{"allow":["GET"]}}],"collection":[{"href":"https:\/\/skaitytaknyga.lt\/en\/wp-json\/wp\/v2\/product"}],"about":[{"href":"https:\/\/skaitytaknyga.lt\/en\/wp-json\/wp\/v2\/types\/product"}],"replies":[{"embeddable":true,"href":"https:\/\/skaitytaknyga.lt\/en\/wp-json\/wp\/v2\/comments?post=10198"}],"wp:featuredmedia":[{"embeddable":true,"href":"https:\/\/skaitytaknyga.lt\/en\/wp-json\/wp\/v2\/media\/10246"}],"wp:attachment":[{"href":"https:\/\/skaitytaknyga.lt\/en\/wp-json\/wp\/v2\/media?parent=10198"}],"wp:term":[{"taxonomy":"product_brand","embeddable":true,"href":"https:\/\/skaitytaknyga.lt\/en\/wp-json\/wp\/v2\/product_brand?post=10198"},{"taxonomy":"product_cat","embeddable":true,"href":"https:\/\/skaitytaknyga.lt\/en\/wp-json\/wp\/v2\/product_cat?post=10198"},{"taxonomy":"product_tag","embeddable":true,"href":"https:\/\/skaitytaknyga.lt\/en\/wp-json\/wp\/v2\/product_tag?post=10198"}],"curies":[{"name":"wp","href":"https:\/\/api.w.org\/{rel}","templated":true}]}}