{"id":10184,"date":"2024-05-04T21:08:38","date_gmt":"2024-05-04T18:08:38","guid":{"rendered":"https:\/\/skaitytaknyga.lt\/?post_type=product&#038;p=10184"},"modified":"2025-10-22T19:19:27","modified_gmt":"2025-10-22T16:19:27","slug":"prane-dunduliene-pagonybe-lietuvoje","status":"publish","type":"product","link":"https:\/\/skaitytaknyga.lt\/en\/produktas\/prane-dunduliene-pagonybe-lietuvoje\/","title":{"rendered":"Pran\u0117 Dundulien\u0117 \u201ePagonyb\u0117 Lietuvoje\u201c"},"content":{"rendered":"<p>Remdamasi archeologijos, etnografijos, tautosakos ir kt. duomenimis, autor\u0117 aptaria lietuvi\u0173 pagoni\u0161kosios pasaul\u0117\u017ei\u016bros i\u0161takas ir tolesnes transformacijas \u012fvairiomis ekonomin\u0117mis, socialin\u0117mis ir geografin\u0117mis s\u0105lygomis, matriarchalin\u0117je santvarkoje susiklos\u010diusius moteri\u0161k\u0173j\u0173 dievybi\u0173 vaizdinius ir joms skirtas apeigas.<\/p>\n","protected":false},"excerpt":{"rendered":"<p>Remdamasi archeologijos, etnografijos, tautosakos ir kt. duomenimis, autor\u0117 aptaria lietuvi\u0173 pagoni\u0161kosios pasaul\u0117\u017ei\u016bros i\u0161takas ir tolesnes transformacijas \u012fvairiomis ekonomin\u0117mis, socialin\u0117mis ir geografin\u0117mis s\u0105lygomis, matriarchalin\u0117je santvarkoje susiklos\u010diusius moteri\u0161k\u0173j\u0173 dievybi\u0173 vaizdinius ir joms skirtas apeigas.<\/p>\n","protected":false},"featured_media":10232,"comment_status":"closed","ping_status":"closed","template":"","meta":{"_acf_changed":false,"site-sidebar-layout":"default","site-content-layout":"","ast-site-content-layout":"default","site-content-style":"default","site-sidebar-style":"default","ast-global-header-display":"","ast-banner-title-visibility":"","ast-main-header-display":"","ast-hfb-above-header-display":"","ast-hfb-below-header-display":"","ast-hfb-mobile-header-display":"","site-post-title":"","ast-breadcrumbs-content":"","ast-featured-img":"","footer-sml-layout":"","ast-disable-related-posts":"","theme-transparent-header-meta":"","adv-header-id-meta":"","stick-header-meta":"","header-above-stick-meta":"","header-main-stick-meta":"","header-below-stick-meta":"","astra-migrate-meta-layouts":"default","ast-page-background-enabled":"default","ast-page-background-meta":{"desktop":{"background-color":"","background-image":"","background-repeat":"repeat","background-position":"center center","background-size":"auto","background-attachment":"scroll","background-type":"","background-media":"","overlay-type":"","overlay-color":"","overlay-opacity":"","overlay-gradient":""},"tablet":{"background-color":"","background-image":"","background-repeat":"repeat","background-position":"center center","background-size":"auto","background-attachment":"scroll","background-type":"","background-media":"","overlay-type":"","overlay-color":"","overlay-opacity":"","overlay-gradient":""},"mobile":{"background-color":"","background-image":"","background-repeat":"repeat","background-position":"center center","background-size":"auto","background-attachment":"scroll","background-type":"","background-media":"","overlay-type":"","overlay-color":"","overlay-opacity":"","overlay-gradient":""}},"ast-content-background-meta":{"desktop":{"background-color":"var(--ast-global-color-4)","background-image":"","background-repeat":"repeat","background-position":"center center","background-size":"auto","background-attachment":"scroll","background-type":"","background-media":"","overlay-type":"","overlay-color":"","overlay-opacity":"","overlay-gradient":""},"tablet":{"background-color":"var(--ast-global-color-4)","background-image":"","background-repeat":"repeat","background-position":"center center","background-size":"auto","background-attachment":"scroll","background-type":"","background-media":"","overlay-type":"","overlay-color":"","overlay-opacity":"","overlay-gradient":""},"mobile":{"background-color":"var(--ast-global-color-4)","background-image":"","background-repeat":"repeat","background-position":"center center","background-size":"auto","background-attachment":"scroll","background-type":"","background-media":"","overlay-type":"","overlay-color":"","overlay-opacity":"","overlay-gradient":""}}},"product_brand":[],"product_cat":[174,165],"product_tag":[],"class_list":{"0":"post-10184","1":"product","2":"type-product","3":"status-publish","4":"has-post-thumbnail","6":"product_cat-istorija-ir-politologija","7":"product_cat-religija-filosofija-ir-ezoterika","8":"desktop-align-left","9":"tablet-align-left","10":"mobile-align-left","12":"first","13":"instock","14":"shipping-taxable","15":"purchasable","16":"product-type-simple"},"acf":[],"yoast_head":"<!-- This site is optimized with the Yoast SEO plugin v27.0 - https:\/\/yoast.com\/product\/yoast-seo-wordpress\/ -->\n<title>Pran\u0117 Dundulien\u0117 \u201ePagonyb\u0117 Lietuvoje\u201c<\/title>\n<meta name=\"description\" content=\"Remdamasi archeologijos, etnografijos, tautosakos ir kt. duomenimis, autor\u0117 aptaria lietuvi\u0173 pagoni\u0161kosios pasaul\u0117\u017ei\u016bros i\u0161takas ir tolesnes transformacijas \u012fvairiomis ekonomin\u0117mis, socialin\u0117mis ir geografin\u0117mis s\u0105lygomis, matriarchalin\u0117je santvarkoje susiklos\u010diusius moteri\u0161k\u0173j\u0173 dievybi\u0173 vaizdinius ir joms skirtas apeigas.\" \/>\n<meta name=\"robots\" content=\"index, follow, max-snippet:-1, max-image-preview:large, max-video-preview:-1\" \/>\n<link rel=\"canonical\" href=\"https:\/\/skaitytaknyga.lt\/en\/produktas\/prane-dunduliene-pagonybe-lietuvoje\/\" \/>\n<meta property=\"og:locale\" content=\"en_GB\" \/>\n<meta property=\"og:locale:alternate\" content=\"lt_LT\" \/>\n<meta property=\"og:type\" content=\"article\" \/>\n<meta property=\"og:title\" content=\"Pran\u0117 Dundulien\u0117 \u201ePagonyb\u0117 Lietuvoje\u201c\" \/>\n<meta property=\"og:description\" content=\"Remdamasi archeologijos, etnografijos, tautosakos ir kt. duomenimis, autor\u0117 aptaria lietuvi\u0173 pagoni\u0161kosios pasaul\u0117\u017ei\u016bros i\u0161takas ir tolesnes transformacijas \u012fvairiomis ekonomin\u0117mis, socialin\u0117mis ir geografin\u0117mis s\u0105lygomis, matriarchalin\u0117je santvarkoje susiklos\u010diusius moteri\u0161k\u0173j\u0173 dievybi\u0173 vaizdinius ir joms skirtas apeigas.\" \/>\n<meta property=\"og:url\" content=\"https:\/\/skaitytaknyga.lt\/en\/produktas\/prane-dunduliene-pagonybe-lietuvoje\/\" \/>\n<meta property=\"og:site_name\" content=\"Skaitytaknyga\" \/>\n<meta property=\"article:publisher\" content=\"https:\/\/www.facebook.com\/skaitytaknyga\/\" \/>\n<meta property=\"article:modified_time\" content=\"2025-10-22T16:19:27+00:00\" \/>\n<meta property=\"og:image\" content=\"https:\/\/skaitytaknyga.lt\/wp-content\/uploads\/2024\/05\/200316-d41.jpg\" \/>\n\t<meta property=\"og:image:width\" content=\"254\" \/>\n\t<meta property=\"og:image:height\" content=\"400\" \/>\n\t<meta property=\"og:image:type\" content=\"image\/jpeg\" \/>\n<meta name=\"twitter:card\" content=\"summary_large_image\" \/>\n<script type=\"application\/ld+json\" class=\"yoast-schema-graph\">{\"@context\":\"https:\/\/schema.org\",\"@graph\":[{\"@type\":\"WebPage\",\"@id\":\"https:\/\/skaitytaknyga.lt\/produktas\/prane-dunduliene-pagonybe-lietuvoje\/\",\"url\":\"https:\/\/skaitytaknyga.lt\/produktas\/prane-dunduliene-pagonybe-lietuvoje\/\",\"name\":\"Pran\u0117 Dundulien\u0117 \u201ePagonyb\u0117 Lietuvoje\u201c\",\"isPartOf\":{\"@id\":\"https:\/\/skaitytaknyga.lt\/#website\"},\"primaryImageOfPage\":{\"@id\":\"https:\/\/skaitytaknyga.lt\/produktas\/prane-dunduliene-pagonybe-lietuvoje\/#primaryimage\"},\"image\":{\"@id\":\"https:\/\/skaitytaknyga.lt\/produktas\/prane-dunduliene-pagonybe-lietuvoje\/#primaryimage\"},\"thumbnailUrl\":\"https:\/\/skaitytaknyga.lt\/wp-content\/uploads\/2024\/05\/200316-d41.jpg\",\"datePublished\":\"2024-05-04T18:08:38+00:00\",\"dateModified\":\"2025-10-22T16:19:27+00:00\",\"description\":\"Remdamasi archeologijos, etnografijos, tautosakos ir kt. duomenimis, autor\u0117 aptaria lietuvi\u0173 pagoni\u0161kosios pasaul\u0117\u017ei\u016bros i\u0161takas ir tolesnes transformacijas \u012fvairiomis ekonomin\u0117mis, socialin\u0117mis ir geografin\u0117mis s\u0105lygomis, matriarchalin\u0117je santvarkoje susiklos\u010diusius moteri\u0161k\u0173j\u0173 dievybi\u0173 vaizdinius ir joms skirtas apeigas.\",\"breadcrumb\":{\"@id\":\"https:\/\/skaitytaknyga.lt\/produktas\/prane-dunduliene-pagonybe-lietuvoje\/#breadcrumb\"},\"inLanguage\":\"en-GB\",\"potentialAction\":[{\"@type\":\"ReadAction\",\"target\":[\"https:\/\/skaitytaknyga.lt\/produktas\/prane-dunduliene-pagonybe-lietuvoje\/\"]}]},{\"@type\":\"ImageObject\",\"inLanguage\":\"en-GB\",\"@id\":\"https:\/\/skaitytaknyga.lt\/produktas\/prane-dunduliene-pagonybe-lietuvoje\/#primaryimage\",\"url\":\"https:\/\/skaitytaknyga.lt\/wp-content\/uploads\/2024\/05\/200316-d41.jpg\",\"contentUrl\":\"https:\/\/skaitytaknyga.lt\/wp-content\/uploads\/2024\/05\/200316-d41.jpg\",\"width\":254,\"height\":400},{\"@type\":\"BreadcrumbList\",\"@id\":\"https:\/\/skaitytaknyga.lt\/produktas\/prane-dunduliene-pagonybe-lietuvoje\/#breadcrumb\",\"itemListElement\":[{\"@type\":\"ListItem\",\"position\":1,\"name\":\"Home\",\"item\":\"https:\/\/skaitytaknyga.lt\/\"},{\"@type\":\"ListItem\",\"position\":2,\"name\":\"Parduotuv\u0117\",\"item\":\"https:\/\/skaitytaknyga.lt\/knygu-parduotuve\/\"},{\"@type\":\"ListItem\",\"position\":3,\"name\":\"Pran\u0117 Dundulien\u0117 \u201ePagonyb\u0117 Lietuvoje\u201c\"}]},{\"@type\":\"WebSite\",\"@id\":\"https:\/\/skaitytaknyga.lt\/#website\",\"url\":\"https:\/\/skaitytaknyga.lt\/\",\"name\":\"skaitytaknyga.lt\",\"description\":\"Skaitytaknyga.lt \u2013 tai ma\u017eas \u0161eimos verslas, kuris prasid\u0117jo nuo meil\u0117s knygoms ir siekio i\u0161gelb\u0117ti knygas nuo likimo prie konteinerio. Kas vienam nereikalingas daiktas \u2013 kitam lobis, o mes esame tarpininkai, kurie padeda abiems tapti laimingesniems ???? \u017dinome kaip nelengva i\u0161gyventi ma\u017eiems verslams, tad nuo \u0161iol, \u010dia rasite ir kit\u0173, ma\u017e\u0173 \u0161eim\u0173 versl\u0173, rank\u0173 darbo, dovan\u0173 sau ir artimiesiems.\",\"publisher\":{\"@id\":\"https:\/\/skaitytaknyga.lt\/#organization\"},\"potentialAction\":[{\"@type\":\"SearchAction\",\"target\":{\"@type\":\"EntryPoint\",\"urlTemplate\":\"https:\/\/skaitytaknyga.lt\/?s={search_term_string}\"},\"query-input\":{\"@type\":\"PropertyValueSpecification\",\"valueRequired\":true,\"valueName\":\"search_term_string\"}}],\"inLanguage\":\"en-GB\"},{\"@type\":\"Organization\",\"@id\":\"https:\/\/skaitytaknyga.lt\/#organization\",\"name\":\"skaitytaknyga.lt\",\"url\":\"https:\/\/skaitytaknyga.lt\/\",\"logo\":{\"@type\":\"ImageObject\",\"inLanguage\":\"en-GB\",\"@id\":\"https:\/\/skaitytaknyga.lt\/#\/schema\/logo\/image\/\",\"url\":\"https:\/\/skaitytaknyga.lt\/wp-content\/uploads\/2024\/05\/cropped-cropped-cropped-02_00843_jt3bggkj1j3HLc7SyY6rEUpg.jpeg\",\"contentUrl\":\"https:\/\/skaitytaknyga.lt\/wp-content\/uploads\/2024\/05\/cropped-cropped-cropped-02_00843_jt3bggkj1j3HLc7SyY6rEUpg.jpeg\",\"width\":1600,\"height\":1600,\"caption\":\"skaitytaknyga.lt\"},\"image\":{\"@id\":\"https:\/\/skaitytaknyga.lt\/#\/schema\/logo\/image\/\"},\"sameAs\":[\"https:\/\/www.facebook.com\/skaitytaknyga\/\"]}]}<\/script>\n<!-- \/ Yoast SEO plugin. -->","yoast_head_json":{"title":"Pran\u0117 Dundulien\u0117 \u201ePagonyb\u0117 Lietuvoje\u201c","description":"Remdamasi archeologijos, etnografijos, tautosakos ir kt. duomenimis, autor\u0117 aptaria lietuvi\u0173 pagoni\u0161kosios pasaul\u0117\u017ei\u016bros i\u0161takas ir tolesnes transformacijas \u012fvairiomis ekonomin\u0117mis, socialin\u0117mis ir geografin\u0117mis s\u0105lygomis, matriarchalin\u0117je santvarkoje susiklos\u010diusius moteri\u0161k\u0173j\u0173 dievybi\u0173 vaizdinius ir joms skirtas apeigas.","robots":{"index":"index","follow":"follow","max-snippet":"max-snippet:-1","max-image-preview":"max-image-preview:large","max-video-preview":"max-video-preview:-1"},"canonical":"https:\/\/skaitytaknyga.lt\/en\/produktas\/prane-dunduliene-pagonybe-lietuvoje\/","og_locale":"en_GB","og_type":"article","og_title":"[:lt]Pran\u0117 Dundulien\u0117 \u201ePagonyb\u0117 Lietuvoje\u201c[:] - Skaitytaknyga","og_description":"Remdamasi archeologijos, etnografijos, tautosakos ir kt. duomenimis, autor\u0117 aptaria lietuvi\u0173 pagoni\u0161kosios pasaul\u0117\u017ei\u016bros i\u0161takas ir tolesnes transformacijas \u012fvairiomis ekonomin\u0117mis, socialin\u0117mis ir geografin\u0117mis s\u0105lygomis, matriarchalin\u0117je santvarkoje susiklos\u010diusius moteri\u0161k\u0173j\u0173 dievybi\u0173 vaizdinius ir joms skirtas apeigas.","og_url":"https:\/\/skaitytaknyga.lt\/en\/produktas\/prane-dunduliene-pagonybe-lietuvoje\/","og_site_name":"Skaitytaknyga","article_publisher":"https:\/\/www.facebook.com\/skaitytaknyga\/","article_modified_time":"2025-10-22T16:19:27+00:00","og_image":[{"width":254,"height":400,"url":"https:\/\/skaitytaknyga.lt\/wp-content\/uploads\/2024\/05\/200316-d41.jpg","type":"image\/jpeg"}],"twitter_card":"summary_large_image","schema":{"@context":"https:\/\/schema.org","@graph":[{"@type":"WebPage","@id":"https:\/\/skaitytaknyga.lt\/produktas\/prane-dunduliene-pagonybe-lietuvoje\/","url":"https:\/\/skaitytaknyga.lt\/produktas\/prane-dunduliene-pagonybe-lietuvoje\/","name":"Pran\u0117 Dundulien\u0117 \u201ePagonyb\u0117 Lietuvoje\u201c","isPartOf":{"@id":"https:\/\/skaitytaknyga.lt\/#website"},"primaryImageOfPage":{"@id":"https:\/\/skaitytaknyga.lt\/produktas\/prane-dunduliene-pagonybe-lietuvoje\/#primaryimage"},"image":{"@id":"https:\/\/skaitytaknyga.lt\/produktas\/prane-dunduliene-pagonybe-lietuvoje\/#primaryimage"},"thumbnailUrl":"https:\/\/skaitytaknyga.lt\/wp-content\/uploads\/2024\/05\/200316-d41.jpg","datePublished":"2024-05-04T18:08:38+00:00","dateModified":"2025-10-22T16:19:27+00:00","description":"Remdamasi archeologijos, etnografijos, tautosakos ir kt. duomenimis, autor\u0117 aptaria lietuvi\u0173 pagoni\u0161kosios pasaul\u0117\u017ei\u016bros i\u0161takas ir tolesnes transformacijas \u012fvairiomis ekonomin\u0117mis, socialin\u0117mis ir geografin\u0117mis s\u0105lygomis, matriarchalin\u0117je santvarkoje susiklos\u010diusius moteri\u0161k\u0173j\u0173 dievybi\u0173 vaizdinius ir joms skirtas apeigas.","breadcrumb":{"@id":"https:\/\/skaitytaknyga.lt\/produktas\/prane-dunduliene-pagonybe-lietuvoje\/#breadcrumb"},"inLanguage":"en-GB","potentialAction":[{"@type":"ReadAction","target":["https:\/\/skaitytaknyga.lt\/produktas\/prane-dunduliene-pagonybe-lietuvoje\/"]}]},{"@type":"ImageObject","inLanguage":"en-GB","@id":"https:\/\/skaitytaknyga.lt\/produktas\/prane-dunduliene-pagonybe-lietuvoje\/#primaryimage","url":"https:\/\/skaitytaknyga.lt\/wp-content\/uploads\/2024\/05\/200316-d41.jpg","contentUrl":"https:\/\/skaitytaknyga.lt\/wp-content\/uploads\/2024\/05\/200316-d41.jpg","width":254,"height":400},{"@type":"BreadcrumbList","@id":"https:\/\/skaitytaknyga.lt\/produktas\/prane-dunduliene-pagonybe-lietuvoje\/#breadcrumb","itemListElement":[{"@type":"ListItem","position":1,"name":"Home","item":"https:\/\/skaitytaknyga.lt\/"},{"@type":"ListItem","position":2,"name":"Parduotuv\u0117","item":"https:\/\/skaitytaknyga.lt\/knygu-parduotuve\/"},{"@type":"ListItem","position":3,"name":"Pran\u0117 Dundulien\u0117 \u201ePagonyb\u0117 Lietuvoje\u201c"}]},{"@type":"WebSite","@id":"https:\/\/skaitytaknyga.lt\/#website","url":"https:\/\/skaitytaknyga.lt\/","name":"skaitytaknyga.lt","description":"Skaitytaknyga.lt \u2013 tai ma\u017eas \u0161eimos verslas, kuris prasid\u0117jo nuo meil\u0117s knygoms ir siekio i\u0161gelb\u0117ti knygas nuo likimo prie konteinerio. Kas vienam nereikalingas daiktas \u2013 kitam lobis, o mes esame tarpininkai, kurie padeda abiems tapti laimingesniems ???? \u017dinome kaip nelengva i\u0161gyventi ma\u017eiems verslams, tad nuo \u0161iol, \u010dia rasite ir kit\u0173, ma\u017e\u0173 \u0161eim\u0173 versl\u0173, rank\u0173 darbo, dovan\u0173 sau ir artimiesiems.","publisher":{"@id":"https:\/\/skaitytaknyga.lt\/#organization"},"potentialAction":[{"@type":"SearchAction","target":{"@type":"EntryPoint","urlTemplate":"https:\/\/skaitytaknyga.lt\/?s={search_term_string}"},"query-input":{"@type":"PropertyValueSpecification","valueRequired":true,"valueName":"search_term_string"}}],"inLanguage":"en-GB"},{"@type":"Organization","@id":"https:\/\/skaitytaknyga.lt\/#organization","name":"skaitytaknyga.lt","url":"https:\/\/skaitytaknyga.lt\/","logo":{"@type":"ImageObject","inLanguage":"en-GB","@id":"https:\/\/skaitytaknyga.lt\/#\/schema\/logo\/image\/","url":"https:\/\/skaitytaknyga.lt\/wp-content\/uploads\/2024\/05\/cropped-cropped-cropped-02_00843_jt3bggkj1j3HLc7SyY6rEUpg.jpeg","contentUrl":"https:\/\/skaitytaknyga.lt\/wp-content\/uploads\/2024\/05\/cropped-cropped-cropped-02_00843_jt3bggkj1j3HLc7SyY6rEUpg.jpeg","width":1600,"height":1600,"caption":"skaitytaknyga.lt"},"image":{"@id":"https:\/\/skaitytaknyga.lt\/#\/schema\/logo\/image\/"},"sameAs":["https:\/\/www.facebook.com\/skaitytaknyga\/"]}]}},"_links":{"self":[{"href":"https:\/\/skaitytaknyga.lt\/en\/wp-json\/wp\/v2\/product\/10184","targetHints":{"allow":["GET"]}}],"collection":[{"href":"https:\/\/skaitytaknyga.lt\/en\/wp-json\/wp\/v2\/product"}],"about":[{"href":"https:\/\/skaitytaknyga.lt\/en\/wp-json\/wp\/v2\/types\/product"}],"replies":[{"embeddable":true,"href":"https:\/\/skaitytaknyga.lt\/en\/wp-json\/wp\/v2\/comments?post=10184"}],"wp:featuredmedia":[{"embeddable":true,"href":"https:\/\/skaitytaknyga.lt\/en\/wp-json\/wp\/v2\/media\/10232"}],"wp:attachment":[{"href":"https:\/\/skaitytaknyga.lt\/en\/wp-json\/wp\/v2\/media?parent=10184"}],"wp:term":[{"taxonomy":"product_brand","embeddable":true,"href":"https:\/\/skaitytaknyga.lt\/en\/wp-json\/wp\/v2\/product_brand?post=10184"},{"taxonomy":"product_cat","embeddable":true,"href":"https:\/\/skaitytaknyga.lt\/en\/wp-json\/wp\/v2\/product_cat?post=10184"},{"taxonomy":"product_tag","embeddable":true,"href":"https:\/\/skaitytaknyga.lt\/en\/wp-json\/wp\/v2\/product_tag?post=10184"}],"curies":[{"name":"wp","href":"https:\/\/api.w.org\/{rel}","templated":true}]}}