{"id":10167,"date":"2024-05-04T18:08:13","date_gmt":"2024-05-04T18:08:13","guid":{"rendered":"https:\/\/skaitytaknyga.lt\/?post_type=product&#038;p=10167"},"modified":"2025-06-11T07:48:46","modified_gmt":"2025-06-11T04:48:46","slug":"vladimir-megre-anasta","status":"publish","type":"product","link":"https:\/\/skaitytaknyga.lt\/en\/produktas\/vladimir-megre-anasta\/","title":{"rendered":"Anasta"},"content":{"rendered":"<p>Sibiro taigos gilumoje per laukym\u0119 \u0161ypsodamasis eina ma\u017eas vaikas. Niekas jo nebaugina, niekas nepuola, prie\u0161ingai, \u017ev\u0117rys pasiruo\u0161\u0119 tik pareikalavus atskusti \u012f pagalb\u0105. Eina ma\u017eas \u017emogus tarsi karali\u0161kosios gimin\u0117s \u012fp\u0117dinis per savo valdas. O kur \u0161iuo metu yra j\u016bs\u0173 vaikas?<\/p>\n<p><strong>\u201eAnasta\u201c<\/strong>\u00a0\u2013\u00a0 tai de\u0161imtoji Vladimir Megre knyga i\u0161 serijos\u00a0<strong>\u201eSkambantys Rusijos kedrai\u201c<\/strong>.<\/p>\n","protected":false},"excerpt":{"rendered":"<p>Sibiro taigos gilumoje per laukym\u0119 \u0161ypsodamasis eina ma\u017eas vaikas. Niekas jo nebaugina, niekas nepuola, prie\u0161ingai, \u017ev\u0117rys pasiruo\u0161\u0119 tik pareikalavus atskusti \u012f pagalb\u0105. Eina ma\u017eas \u017emogus tarsi karali\u0161kosios gimin\u0117s \u012fp\u0117dinis per savo valdas. O kur \u0161iuo metu yra j\u016bs\u0173 vaikas?<\/p>\n<p><strong>\u201eAnasta\u201c<\/strong>\u00a0\u2013\u00a0 tai de\u0161imtoji Vladimir Megre knyga i\u0161 serijos\u00a0<strong>\u201eSkambantys Rusijos kedrai\u201c<\/strong>.<\/p>\n","protected":false},"featured_media":10212,"comment_status":"closed","ping_status":"closed","template":"","meta":{"_acf_changed":false,"site-sidebar-layout":"default","site-content-layout":"","ast-site-content-layout":"default","site-content-style":"default","site-sidebar-style":"default","ast-global-header-display":"","ast-banner-title-visibility":"","ast-main-header-display":"","ast-hfb-above-header-display":"","ast-hfb-below-header-display":"","ast-hfb-mobile-header-display":"","site-post-title":"","ast-breadcrumbs-content":"","ast-featured-img":"","footer-sml-layout":"","ast-disable-related-posts":"","theme-transparent-header-meta":"","adv-header-id-meta":"","stick-header-meta":"","header-above-stick-meta":"","header-main-stick-meta":"","header-below-stick-meta":"","astra-migrate-meta-layouts":"default","ast-page-background-enabled":"default","ast-page-background-meta":{"desktop":{"background-color":"","background-image":"","background-repeat":"repeat","background-position":"center center","background-size":"auto","background-attachment":"scroll","background-type":"","background-media":"","overlay-type":"","overlay-color":"","overlay-opacity":"","overlay-gradient":""},"tablet":{"background-color":"","background-image":"","background-repeat":"repeat","background-position":"center center","background-size":"auto","background-attachment":"scroll","background-type":"","background-media":"","overlay-type":"","overlay-color":"","overlay-opacity":"","overlay-gradient":""},"mobile":{"background-color":"","background-image":"","background-repeat":"repeat","background-position":"center center","background-size":"auto","background-attachment":"scroll","background-type":"","background-media":"","overlay-type":"","overlay-color":"","overlay-opacity":"","overlay-gradient":""}},"ast-content-background-meta":{"desktop":{"background-color":"var(--ast-global-color-4)","background-image":"","background-repeat":"repeat","background-position":"center center","background-size":"auto","background-attachment":"scroll","background-type":"","background-media":"","overlay-type":"","overlay-color":"","overlay-opacity":"","overlay-gradient":""},"tablet":{"background-color":"var(--ast-global-color-4)","background-image":"","background-repeat":"repeat","background-position":"center center","background-size":"auto","background-attachment":"scroll","background-type":"","background-media":"","overlay-type":"","overlay-color":"","overlay-opacity":"","overlay-gradient":""},"mobile":{"background-color":"var(--ast-global-color-4)","background-image":"","background-repeat":"repeat","background-position":"center center","background-size":"auto","background-attachment":"scroll","background-type":"","background-media":"","overlay-type":"","overlay-color":"","overlay-opacity":"","overlay-gradient":""}}},"product_brand":[],"product_cat":[15],"product_tag":[2270,2323,4740,4742],"class_list":{"0":"post-10167","1":"product","2":"type-product","3":"status-publish","4":"has-post-thumbnail","6":"product_cat-uncategorized","7":"product_tag-dvasinis-tobulejimas","8":"product_tag-ezoterika","9":"product_tag-skambantys-rusijos-kedrai","10":"product_tag-vladimir-megre","11":"desktop-align-left","12":"tablet-align-left","13":"mobile-align-left","15":"first","16":"outofstock","17":"shipping-taxable","18":"purchasable","19":"product-type-simple"},"acf":[],"yoast_head":"<!-- This site is optimized with the Yoast SEO plugin v27.0 - https:\/\/yoast.com\/product\/yoast-seo-wordpress\/ -->\n<title>Anasta<\/title>\n<meta name=\"description\" content=\"Sibiro taigos gilumoje per laukym\u0119 \u0161ypsodamasis eina ma\u017eas vaikas. Niekas jo nebaugina, niekas nepuola, prie\u0161ingai, \u017ev\u0117rys pasiruo\u0161\u0119 tik pareikalavus atskusti \u012f pagalb\u0105. Eina ma\u017eas \u017emogus tarsi karali\u0161kosios gimin\u0117s \u012fp\u0117dinis per savo valdas. O kur \u0161iuo metu yra j\u016bs\u0173 vaikas?  \u201eAnasta\u201c\u00a0\u2013\u00a0 tai de\u0161imtoji Vladimir Megre knyga i\u0161 serijos\u00a0\u201eSkambantys Rusijos kedrai\u201c.\" \/>\n<meta name=\"robots\" content=\"index, follow, max-snippet:-1, max-image-preview:large, max-video-preview:-1\" \/>\n<link rel=\"canonical\" href=\"https:\/\/skaitytaknyga.lt\/en\/produktas\/vladimir-megre-anasta\/\" \/>\n<meta property=\"og:locale\" content=\"en_GB\" \/>\n<meta property=\"og:locale:alternate\" content=\"lt_LT\" \/>\n<meta property=\"og:type\" content=\"article\" \/>\n<meta property=\"og:title\" content=\"Anasta\" \/>\n<meta property=\"og:description\" content=\"Sibiro taigos gilumoje per laukym\u0119 \u0161ypsodamasis eina ma\u017eas vaikas. Niekas jo nebaugina, niekas nepuola, prie\u0161ingai, \u017ev\u0117rys pasiruo\u0161\u0119 tik pareikalavus atskusti \u012f pagalb\u0105. Eina ma\u017eas \u017emogus tarsi karali\u0161kosios gimin\u0117s \u012fp\u0117dinis per savo valdas. O kur \u0161iuo metu yra j\u016bs\u0173 vaikas?  \u201eAnasta\u201c\u00a0\u2013\u00a0 tai de\u0161imtoji Vladimir Megre knyga i\u0161 serijos\u00a0\u201eSkambantys Rusijos kedrai\u201c.\" \/>\n<meta property=\"og:url\" content=\"https:\/\/skaitytaknyga.lt\/en\/produktas\/vladimir-megre-anasta\/\" \/>\n<meta property=\"og:site_name\" content=\"Skaitytaknyga\" \/>\n<meta property=\"article:publisher\" content=\"https:\/\/www.facebook.com\/skaitytaknyga\/\" \/>\n<meta property=\"article:modified_time\" content=\"2025-06-11T04:48:46+00:00\" \/>\n<meta property=\"og:image\" content=\"https:\/\/skaitytaknyga.lt\/wp-content\/uploads\/2024\/05\/1465563585_001.jpg\" \/>\n\t<meta property=\"og:image:width\" content=\"258\" \/>\n\t<meta property=\"og:image:height\" content=\"430\" \/>\n\t<meta property=\"og:image:type\" content=\"image\/jpeg\" \/>\n<meta name=\"twitter:card\" content=\"summary_large_image\" \/>\n<script type=\"application\/ld+json\" class=\"yoast-schema-graph\">{\"@context\":\"https:\/\/schema.org\",\"@graph\":[{\"@type\":\"WebPage\",\"@id\":\"https:\/\/skaitytaknyga.lt\/produktas\/vladimir-megre-anasta\/\",\"url\":\"https:\/\/skaitytaknyga.lt\/produktas\/vladimir-megre-anasta\/\",\"name\":\"Anasta\",\"isPartOf\":{\"@id\":\"https:\/\/skaitytaknyga.lt\/#website\"},\"primaryImageOfPage\":{\"@id\":\"https:\/\/skaitytaknyga.lt\/produktas\/vladimir-megre-anasta\/#primaryimage\"},\"image\":{\"@id\":\"https:\/\/skaitytaknyga.lt\/produktas\/vladimir-megre-anasta\/#primaryimage\"},\"thumbnailUrl\":\"https:\/\/skaitytaknyga.lt\/wp-content\/uploads\/2024\/05\/1465563585_001.jpg\",\"datePublished\":\"2024-05-04T18:08:13+00:00\",\"dateModified\":\"2025-06-11T04:48:46+00:00\",\"description\":\"Sibiro taigos gilumoje per laukym\u0119 \u0161ypsodamasis eina ma\u017eas vaikas. Niekas jo nebaugina, niekas nepuola, prie\u0161ingai, \u017ev\u0117rys pasiruo\u0161\u0119 tik pareikalavus atskusti \u012f pagalb\u0105. Eina ma\u017eas \u017emogus tarsi karali\u0161kosios gimin\u0117s \u012fp\u0117dinis per savo valdas. O kur \u0161iuo metu yra j\u016bs\u0173 vaikas? \u201eAnasta\u201c\u00a0\u2013\u00a0 tai de\u0161imtoji Vladimir Megre knyga i\u0161 serijos\u00a0\u201eSkambantys Rusijos kedrai\u201c.\",\"breadcrumb\":{\"@id\":\"https:\/\/skaitytaknyga.lt\/produktas\/vladimir-megre-anasta\/#breadcrumb\"},\"inLanguage\":\"en-GB\",\"potentialAction\":[{\"@type\":\"ReadAction\",\"target\":[\"https:\/\/skaitytaknyga.lt\/produktas\/vladimir-megre-anasta\/\"]}]},{\"@type\":\"ImageObject\",\"inLanguage\":\"en-GB\",\"@id\":\"https:\/\/skaitytaknyga.lt\/produktas\/vladimir-megre-anasta\/#primaryimage\",\"url\":\"https:\/\/skaitytaknyga.lt\/wp-content\/uploads\/2024\/05\/1465563585_001.jpg\",\"contentUrl\":\"https:\/\/skaitytaknyga.lt\/wp-content\/uploads\/2024\/05\/1465563585_001.jpg\",\"width\":258,\"height\":430},{\"@type\":\"BreadcrumbList\",\"@id\":\"https:\/\/skaitytaknyga.lt\/produktas\/vladimir-megre-anasta\/#breadcrumb\",\"itemListElement\":[{\"@type\":\"ListItem\",\"position\":1,\"name\":\"Home\",\"item\":\"https:\/\/skaitytaknyga.lt\/\"},{\"@type\":\"ListItem\",\"position\":2,\"name\":\"Parduotuv\u0117\",\"item\":\"https:\/\/skaitytaknyga.lt\/knygu-parduotuve\/\"},{\"@type\":\"ListItem\",\"position\":3,\"name\":\"Anasta\"}]},{\"@type\":\"WebSite\",\"@id\":\"https:\/\/skaitytaknyga.lt\/#website\",\"url\":\"https:\/\/skaitytaknyga.lt\/\",\"name\":\"skaitytaknyga.lt\",\"description\":\"Skaitytaknyga.lt \u2013 tai ma\u017eas \u0161eimos verslas, kuris prasid\u0117jo nuo meil\u0117s knygoms ir siekio i\u0161gelb\u0117ti knygas nuo likimo prie konteinerio. Kas vienam nereikalingas daiktas \u2013 kitam lobis, o mes esame tarpininkai, kurie padeda abiems tapti laimingesniems ???? \u017dinome kaip nelengva i\u0161gyventi ma\u017eiems verslams, tad nuo \u0161iol, \u010dia rasite ir kit\u0173, ma\u017e\u0173 \u0161eim\u0173 versl\u0173, rank\u0173 darbo, dovan\u0173 sau ir artimiesiems.\",\"publisher\":{\"@id\":\"https:\/\/skaitytaknyga.lt\/#organization\"},\"potentialAction\":[{\"@type\":\"SearchAction\",\"target\":{\"@type\":\"EntryPoint\",\"urlTemplate\":\"https:\/\/skaitytaknyga.lt\/?s={search_term_string}\"},\"query-input\":{\"@type\":\"PropertyValueSpecification\",\"valueRequired\":true,\"valueName\":\"search_term_string\"}}],\"inLanguage\":\"en-GB\"},{\"@type\":\"Organization\",\"@id\":\"https:\/\/skaitytaknyga.lt\/#organization\",\"name\":\"skaitytaknyga.lt\",\"url\":\"https:\/\/skaitytaknyga.lt\/\",\"logo\":{\"@type\":\"ImageObject\",\"inLanguage\":\"en-GB\",\"@id\":\"https:\/\/skaitytaknyga.lt\/#\/schema\/logo\/image\/\",\"url\":\"https:\/\/skaitytaknyga.lt\/wp-content\/uploads\/2024\/05\/cropped-cropped-cropped-02_00843_jt3bggkj1j3HLc7SyY6rEUpg.jpeg\",\"contentUrl\":\"https:\/\/skaitytaknyga.lt\/wp-content\/uploads\/2024\/05\/cropped-cropped-cropped-02_00843_jt3bggkj1j3HLc7SyY6rEUpg.jpeg\",\"width\":1600,\"height\":1600,\"caption\":\"skaitytaknyga.lt\"},\"image\":{\"@id\":\"https:\/\/skaitytaknyga.lt\/#\/schema\/logo\/image\/\"},\"sameAs\":[\"https:\/\/www.facebook.com\/skaitytaknyga\/\"]}]}<\/script>\n<!-- \/ Yoast SEO plugin. -->","yoast_head_json":{"title":"Anasta","description":"Sibiro taigos gilumoje per laukym\u0119 \u0161ypsodamasis eina ma\u017eas vaikas. Niekas jo nebaugina, niekas nepuola, prie\u0161ingai, \u017ev\u0117rys pasiruo\u0161\u0119 tik pareikalavus atskusti \u012f pagalb\u0105. Eina ma\u017eas \u017emogus tarsi karali\u0161kosios gimin\u0117s \u012fp\u0117dinis per savo valdas. O kur \u0161iuo metu yra j\u016bs\u0173 vaikas?  \u201eAnasta\u201c\u00a0\u2013\u00a0 tai de\u0161imtoji Vladimir Megre knyga i\u0161 serijos\u00a0\u201eSkambantys Rusijos kedrai\u201c.","robots":{"index":"index","follow":"follow","max-snippet":"max-snippet:-1","max-image-preview":"max-image-preview:large","max-video-preview":"max-video-preview:-1"},"canonical":"https:\/\/skaitytaknyga.lt\/en\/produktas\/vladimir-megre-anasta\/","og_locale":"en_GB","og_type":"article","og_title":"[:lt]Anasta[:] - Skaitytaknyga","og_description":"Sibiro taigos gilumoje per laukym\u0119 \u0161ypsodamasis eina ma\u017eas vaikas. Niekas jo nebaugina, niekas nepuola, prie\u0161ingai, \u017ev\u0117rys pasiruo\u0161\u0119 tik pareikalavus atskusti \u012f pagalb\u0105. Eina ma\u017eas \u017emogus tarsi karali\u0161kosios gimin\u0117s \u012fp\u0117dinis per savo valdas. O kur \u0161iuo metu yra j\u016bs\u0173 vaikas?  \u201eAnasta\u201c\u00a0\u2013\u00a0 tai de\u0161imtoji Vladimir Megre knyga i\u0161 serijos\u00a0\u201eSkambantys Rusijos kedrai\u201c.","og_url":"https:\/\/skaitytaknyga.lt\/en\/produktas\/vladimir-megre-anasta\/","og_site_name":"Skaitytaknyga","article_publisher":"https:\/\/www.facebook.com\/skaitytaknyga\/","article_modified_time":"2025-06-11T04:48:46+00:00","og_image":[{"width":258,"height":430,"url":"https:\/\/skaitytaknyga.lt\/wp-content\/uploads\/2024\/05\/1465563585_001.jpg","type":"image\/jpeg"}],"twitter_card":"summary_large_image","schema":{"@context":"https:\/\/schema.org","@graph":[{"@type":"WebPage","@id":"https:\/\/skaitytaknyga.lt\/produktas\/vladimir-megre-anasta\/","url":"https:\/\/skaitytaknyga.lt\/produktas\/vladimir-megre-anasta\/","name":"Anasta","isPartOf":{"@id":"https:\/\/skaitytaknyga.lt\/#website"},"primaryImageOfPage":{"@id":"https:\/\/skaitytaknyga.lt\/produktas\/vladimir-megre-anasta\/#primaryimage"},"image":{"@id":"https:\/\/skaitytaknyga.lt\/produktas\/vladimir-megre-anasta\/#primaryimage"},"thumbnailUrl":"https:\/\/skaitytaknyga.lt\/wp-content\/uploads\/2024\/05\/1465563585_001.jpg","datePublished":"2024-05-04T18:08:13+00:00","dateModified":"2025-06-11T04:48:46+00:00","description":"Sibiro taigos gilumoje per laukym\u0119 \u0161ypsodamasis eina ma\u017eas vaikas. Niekas jo nebaugina, niekas nepuola, prie\u0161ingai, \u017ev\u0117rys pasiruo\u0161\u0119 tik pareikalavus atskusti \u012f pagalb\u0105. Eina ma\u017eas \u017emogus tarsi karali\u0161kosios gimin\u0117s \u012fp\u0117dinis per savo valdas. O kur \u0161iuo metu yra j\u016bs\u0173 vaikas? \u201eAnasta\u201c\u00a0\u2013\u00a0 tai de\u0161imtoji Vladimir Megre knyga i\u0161 serijos\u00a0\u201eSkambantys Rusijos kedrai\u201c.","breadcrumb":{"@id":"https:\/\/skaitytaknyga.lt\/produktas\/vladimir-megre-anasta\/#breadcrumb"},"inLanguage":"en-GB","potentialAction":[{"@type":"ReadAction","target":["https:\/\/skaitytaknyga.lt\/produktas\/vladimir-megre-anasta\/"]}]},{"@type":"ImageObject","inLanguage":"en-GB","@id":"https:\/\/skaitytaknyga.lt\/produktas\/vladimir-megre-anasta\/#primaryimage","url":"https:\/\/skaitytaknyga.lt\/wp-content\/uploads\/2024\/05\/1465563585_001.jpg","contentUrl":"https:\/\/skaitytaknyga.lt\/wp-content\/uploads\/2024\/05\/1465563585_001.jpg","width":258,"height":430},{"@type":"BreadcrumbList","@id":"https:\/\/skaitytaknyga.lt\/produktas\/vladimir-megre-anasta\/#breadcrumb","itemListElement":[{"@type":"ListItem","position":1,"name":"Home","item":"https:\/\/skaitytaknyga.lt\/"},{"@type":"ListItem","position":2,"name":"Parduotuv\u0117","item":"https:\/\/skaitytaknyga.lt\/knygu-parduotuve\/"},{"@type":"ListItem","position":3,"name":"Anasta"}]},{"@type":"WebSite","@id":"https:\/\/skaitytaknyga.lt\/#website","url":"https:\/\/skaitytaknyga.lt\/","name":"skaitytaknyga.lt","description":"Skaitytaknyga.lt \u2013 tai ma\u017eas \u0161eimos verslas, kuris prasid\u0117jo nuo meil\u0117s knygoms ir siekio i\u0161gelb\u0117ti knygas nuo likimo prie konteinerio. Kas vienam nereikalingas daiktas \u2013 kitam lobis, o mes esame tarpininkai, kurie padeda abiems tapti laimingesniems ???? \u017dinome kaip nelengva i\u0161gyventi ma\u017eiems verslams, tad nuo \u0161iol, \u010dia rasite ir kit\u0173, ma\u017e\u0173 \u0161eim\u0173 versl\u0173, rank\u0173 darbo, dovan\u0173 sau ir artimiesiems.","publisher":{"@id":"https:\/\/skaitytaknyga.lt\/#organization"},"potentialAction":[{"@type":"SearchAction","target":{"@type":"EntryPoint","urlTemplate":"https:\/\/skaitytaknyga.lt\/?s={search_term_string}"},"query-input":{"@type":"PropertyValueSpecification","valueRequired":true,"valueName":"search_term_string"}}],"inLanguage":"en-GB"},{"@type":"Organization","@id":"https:\/\/skaitytaknyga.lt\/#organization","name":"skaitytaknyga.lt","url":"https:\/\/skaitytaknyga.lt\/","logo":{"@type":"ImageObject","inLanguage":"en-GB","@id":"https:\/\/skaitytaknyga.lt\/#\/schema\/logo\/image\/","url":"https:\/\/skaitytaknyga.lt\/wp-content\/uploads\/2024\/05\/cropped-cropped-cropped-02_00843_jt3bggkj1j3HLc7SyY6rEUpg.jpeg","contentUrl":"https:\/\/skaitytaknyga.lt\/wp-content\/uploads\/2024\/05\/cropped-cropped-cropped-02_00843_jt3bggkj1j3HLc7SyY6rEUpg.jpeg","width":1600,"height":1600,"caption":"skaitytaknyga.lt"},"image":{"@id":"https:\/\/skaitytaknyga.lt\/#\/schema\/logo\/image\/"},"sameAs":["https:\/\/www.facebook.com\/skaitytaknyga\/"]}]}},"_links":{"self":[{"href":"https:\/\/skaitytaknyga.lt\/en\/wp-json\/wp\/v2\/product\/10167","targetHints":{"allow":["GET"]}}],"collection":[{"href":"https:\/\/skaitytaknyga.lt\/en\/wp-json\/wp\/v2\/product"}],"about":[{"href":"https:\/\/skaitytaknyga.lt\/en\/wp-json\/wp\/v2\/types\/product"}],"replies":[{"embeddable":true,"href":"https:\/\/skaitytaknyga.lt\/en\/wp-json\/wp\/v2\/comments?post=10167"}],"wp:featuredmedia":[{"embeddable":true,"href":"https:\/\/skaitytaknyga.lt\/en\/wp-json\/wp\/v2\/media\/10212"}],"wp:attachment":[{"href":"https:\/\/skaitytaknyga.lt\/en\/wp-json\/wp\/v2\/media?parent=10167"}],"wp:term":[{"taxonomy":"product_brand","embeddable":true,"href":"https:\/\/skaitytaknyga.lt\/en\/wp-json\/wp\/v2\/product_brand?post=10167"},{"taxonomy":"product_cat","embeddable":true,"href":"https:\/\/skaitytaknyga.lt\/en\/wp-json\/wp\/v2\/product_cat?post=10167"},{"taxonomy":"product_tag","embeddable":true,"href":"https:\/\/skaitytaknyga.lt\/en\/wp-json\/wp\/v2\/product_tag?post=10167"}],"curies":[{"name":"wp","href":"https:\/\/api.w.org\/{rel}","templated":true}]}}