{"id":10150,"date":"2024-05-04T21:07:53","date_gmt":"2024-05-04T18:07:53","guid":{"rendered":"https:\/\/skaitytaknyga.lt\/?post_type=product&#038;p=10150"},"modified":"2025-02-19T20:04:30","modified_gmt":"2025-02-19T18:04:30","slug":"vanda-markovska-graiku-mitai","status":"publish","type":"product","link":"https:\/\/skaitytaknyga.lt\/en\/produktas\/vanda-markovska-graiku-mitai\/","title":{"rendered":"Vanda Markovska \u201eGraik\u0173 mitai\u201c (sulieta apa\u010dia, tod\u0117l matosi d\u0117m\u0117)"},"content":{"rendered":"<p>Graik\u0173 mitologij\u0105 sudaro legendos ir mitai apie dievybes, fantastines b\u016btybes, didvyrius ir pabaisas. Graikijos dievai gyveno Olimpo kalne, buvo apdovanoti antgamtin\u0117mis savyb\u0117mis, ta\u010diau atrod\u0117 kaip \u017emon\u0117s, su savais tr\u016bkumais ir prana\u0161umais. Vis d\u0117lto nuo \u017emoni\u0173 jie skyr\u0117si nemirtingumu ir galia.<\/p>\n<p>\u0160ioje knygoje atpasakojami senov\u0117s Graikijos legendos ir mitai nuo pasaulio suk\u016brimo ir Dzeuso gimimo iki Odis\u0117jo klajoni\u0173 ir karaliaus Oidipo.<\/p>\n","protected":false},"excerpt":{"rendered":"<p>Graik\u0173 mitologij\u0105 sudaro legendos ir mitai apie dievybes, fantastines b\u016btybes, didvyrius ir pabaisas. Graikijos dievai gyveno Olimpo kalne, buvo apdovanoti antgamtin\u0117mis savyb\u0117mis, ta\u010diau atrod\u0117 kaip \u017emon\u0117s, su savais tr\u016bkumais ir prana\u0161umais. Vis d\u0117lto nuo \u017emoni\u0173 jie skyr\u0117si nemirtingumu ir galia.<\/p>\n<p>\u0160ioje knygoje atpasakojami senov\u0117s Graikijos legendos ir mitai nuo pasaulio suk\u016brimo ir Dzeuso gimimo iki Odis\u0117jo klajoni\u0173 ir karaliaus Oidipo.<\/p>\n","protected":false},"featured_media":10192,"comment_status":"closed","ping_status":"closed","template":"","meta":{"_acf_changed":false,"site-sidebar-layout":"default","site-content-layout":"","ast-site-content-layout":"default","site-content-style":"default","site-sidebar-style":"default","ast-global-header-display":"","ast-banner-title-visibility":"","ast-main-header-display":"","ast-hfb-above-header-display":"","ast-hfb-below-header-display":"","ast-hfb-mobile-header-display":"","site-post-title":"","ast-breadcrumbs-content":"","ast-featured-img":"","footer-sml-layout":"","ast-disable-related-posts":"","theme-transparent-header-meta":"","adv-header-id-meta":"","stick-header-meta":"","header-above-stick-meta":"","header-main-stick-meta":"","header-below-stick-meta":"","astra-migrate-meta-layouts":"default","ast-page-background-enabled":"default","ast-page-background-meta":{"desktop":{"background-color":"","background-image":"","background-repeat":"repeat","background-position":"center center","background-size":"auto","background-attachment":"scroll","background-type":"","background-media":"","overlay-type":"","overlay-color":"","overlay-opacity":"","overlay-gradient":""},"tablet":{"background-color":"","background-image":"","background-repeat":"repeat","background-position":"center center","background-size":"auto","background-attachment":"scroll","background-type":"","background-media":"","overlay-type":"","overlay-color":"","overlay-opacity":"","overlay-gradient":""},"mobile":{"background-color":"","background-image":"","background-repeat":"repeat","background-position":"center center","background-size":"auto","background-attachment":"scroll","background-type":"","background-media":"","overlay-type":"","overlay-color":"","overlay-opacity":"","overlay-gradient":""}},"ast-content-background-meta":{"desktop":{"background-color":"var(--ast-global-color-4)","background-image":"","background-repeat":"repeat","background-position":"center center","background-size":"auto","background-attachment":"scroll","background-type":"","background-media":"","overlay-type":"","overlay-color":"","overlay-opacity":"","overlay-gradient":""},"tablet":{"background-color":"var(--ast-global-color-4)","background-image":"","background-repeat":"repeat","background-position":"center center","background-size":"auto","background-attachment":"scroll","background-type":"","background-media":"","overlay-type":"","overlay-color":"","overlay-opacity":"","overlay-gradient":""},"mobile":{"background-color":"var(--ast-global-color-4)","background-image":"","background-repeat":"repeat","background-position":"center center","background-size":"auto","background-attachment":"scroll","background-type":"","background-media":"","overlay-type":"","overlay-color":"","overlay-opacity":"","overlay-gradient":""}}},"product_brand":[],"product_cat":[293,31,174,331],"product_tag":[],"class_list":{"0":"post-10150","1":"product","2":"type-product","3":"status-publish","4":"has-post-thumbnail","6":"product_cat-etnografija-liaudies-kuryba","7":"product_cat-grozine-literatura","8":"product_cat-istorija-ir-politologija","9":"product_cat-programine-literatura","10":"desktop-align-left","11":"tablet-align-left","12":"mobile-align-left","14":"first","15":"instock","16":"shipping-taxable","17":"purchasable","18":"product-type-simple"},"acf":[],"yoast_head":"<!-- This site is optimized with the Yoast SEO plugin v27.0 - https:\/\/yoast.com\/product\/yoast-seo-wordpress\/ -->\n<title>Vanda Markovska \u201eGraik\u0173 mitai\u201c (sulieta apa\u010dia, tod\u0117l matosi d\u0117m\u0117)<\/title>\n<meta name=\"description\" content=\"Graik\u0173 mitologij\u0105 sudaro legendos ir mitai apie dievybes, fantastines b\u016btybes, didvyrius ir pabaisas. Graikijos dievai gyveno Olimpo kalne, buvo apdovanoti antgamtin\u0117mis savyb\u0117mis, ta\u010diau atrod\u0117 kaip \u017emon\u0117s, su savais tr\u016bkumais ir prana\u0161umais. Vis d\u0117lto nuo \u017emoni\u0173 jie skyr\u0117si nemirtingumu ir galia.  \u0160ioje knygoje atpasakojami senov\u0117s Graikijos legendos ir mitai nuo pasaulio suk\u016brimo ir Dzeuso gimimo iki Odis\u0117jo klajoni\u0173 ir karaliaus Oidipo.\" \/>\n<meta name=\"robots\" content=\"index, follow, max-snippet:-1, max-image-preview:large, max-video-preview:-1\" \/>\n<link rel=\"canonical\" href=\"https:\/\/skaitytaknyga.lt\/en\/produktas\/vanda-markovska-graiku-mitai\/\" \/>\n<meta property=\"og:locale\" content=\"en_GB\" \/>\n<meta property=\"og:locale:alternate\" content=\"lt_LT\" \/>\n<meta property=\"og:type\" content=\"article\" \/>\n<meta property=\"og:title\" content=\"Vanda Markovska \u201eGraik\u0173 mitai\u201c (sulieta apa\u010dia, tod\u0117l matosi d\u0117m\u0117)\" \/>\n<meta property=\"og:description\" content=\"Graik\u0173 mitologij\u0105 sudaro legendos ir mitai apie dievybes, fantastines b\u016btybes, didvyrius ir pabaisas. Graikijos dievai gyveno Olimpo kalne, buvo apdovanoti antgamtin\u0117mis savyb\u0117mis, ta\u010diau atrod\u0117 kaip \u017emon\u0117s, su savais tr\u016bkumais ir prana\u0161umais. Vis d\u0117lto nuo \u017emoni\u0173 jie skyr\u0117si nemirtingumu ir galia.  \u0160ioje knygoje atpasakojami senov\u0117s Graikijos legendos ir mitai nuo pasaulio suk\u016brimo ir Dzeuso gimimo iki Odis\u0117jo klajoni\u0173 ir karaliaus Oidipo.\" \/>\n<meta property=\"og:url\" content=\"https:\/\/skaitytaknyga.lt\/en\/produktas\/vanda-markovska-graiku-mitai\/\" \/>\n<meta property=\"og:site_name\" content=\"Skaitytaknyga\" \/>\n<meta property=\"article:publisher\" content=\"https:\/\/www.facebook.com\/skaitytaknyga\/\" \/>\n<meta property=\"article:modified_time\" content=\"2025-02-19T18:04:30+00:00\" \/>\n<meta property=\"og:image\" content=\"https:\/\/skaitytaknyga.lt\/wp-content\/uploads\/2024\/05\/1462887971_img0019-001.jpg\" \/>\n\t<meta property=\"og:image:width\" content=\"279\" \/>\n\t<meta property=\"og:image:height\" content=\"430\" \/>\n\t<meta property=\"og:image:type\" content=\"image\/jpeg\" \/>\n<meta name=\"twitter:card\" content=\"summary_large_image\" \/>\n<script type=\"application\/ld+json\" class=\"yoast-schema-graph\">{\"@context\":\"https:\/\/schema.org\",\"@graph\":[{\"@type\":\"WebPage\",\"@id\":\"https:\/\/skaitytaknyga.lt\/produktas\/vanda-markovska-graiku-mitai\/\",\"url\":\"https:\/\/skaitytaknyga.lt\/produktas\/vanda-markovska-graiku-mitai\/\",\"name\":\"Vanda Markovska \u201eGraik\u0173 mitai\u201c (sulieta apa\u010dia, tod\u0117l matosi d\u0117m\u0117)\",\"isPartOf\":{\"@id\":\"https:\/\/skaitytaknyga.lt\/#website\"},\"primaryImageOfPage\":{\"@id\":\"https:\/\/skaitytaknyga.lt\/produktas\/vanda-markovska-graiku-mitai\/#primaryimage\"},\"image\":{\"@id\":\"https:\/\/skaitytaknyga.lt\/produktas\/vanda-markovska-graiku-mitai\/#primaryimage\"},\"thumbnailUrl\":\"https:\/\/skaitytaknyga.lt\/wp-content\/uploads\/2024\/05\/1462887971_img0019-001.jpg\",\"datePublished\":\"2024-05-04T18:07:53+00:00\",\"dateModified\":\"2025-02-19T18:04:30+00:00\",\"description\":\"Graik\u0173 mitologij\u0105 sudaro legendos ir mitai apie dievybes, fantastines b\u016btybes, didvyrius ir pabaisas. Graikijos dievai gyveno Olimpo kalne, buvo apdovanoti antgamtin\u0117mis savyb\u0117mis, ta\u010diau atrod\u0117 kaip \u017emon\u0117s, su savais tr\u016bkumais ir prana\u0161umais. Vis d\u0117lto nuo \u017emoni\u0173 jie skyr\u0117si nemirtingumu ir galia. \u0160ioje knygoje atpasakojami senov\u0117s Graikijos legendos ir mitai nuo pasaulio suk\u016brimo ir Dzeuso gimimo iki Odis\u0117jo klajoni\u0173 ir karaliaus Oidipo.\",\"breadcrumb\":{\"@id\":\"https:\/\/skaitytaknyga.lt\/produktas\/vanda-markovska-graiku-mitai\/#breadcrumb\"},\"inLanguage\":\"en-GB\",\"potentialAction\":[{\"@type\":\"ReadAction\",\"target\":[\"https:\/\/skaitytaknyga.lt\/produktas\/vanda-markovska-graiku-mitai\/\"]}]},{\"@type\":\"ImageObject\",\"inLanguage\":\"en-GB\",\"@id\":\"https:\/\/skaitytaknyga.lt\/produktas\/vanda-markovska-graiku-mitai\/#primaryimage\",\"url\":\"https:\/\/skaitytaknyga.lt\/wp-content\/uploads\/2024\/05\/1462887971_img0019-001.jpg\",\"contentUrl\":\"https:\/\/skaitytaknyga.lt\/wp-content\/uploads\/2024\/05\/1462887971_img0019-001.jpg\",\"width\":279,\"height\":430},{\"@type\":\"BreadcrumbList\",\"@id\":\"https:\/\/skaitytaknyga.lt\/produktas\/vanda-markovska-graiku-mitai\/#breadcrumb\",\"itemListElement\":[{\"@type\":\"ListItem\",\"position\":1,\"name\":\"Home\",\"item\":\"https:\/\/skaitytaknyga.lt\/\"},{\"@type\":\"ListItem\",\"position\":2,\"name\":\"Parduotuv\u0117\",\"item\":\"https:\/\/skaitytaknyga.lt\/knygu-parduotuve\/\"},{\"@type\":\"ListItem\",\"position\":3,\"name\":\"Vanda Markovska \u201eGraik\u0173 mitai\u201c (sulieta apa\u010dia, tod\u0117l matosi d\u0117m\u0117)\"}]},{\"@type\":\"WebSite\",\"@id\":\"https:\/\/skaitytaknyga.lt\/#website\",\"url\":\"https:\/\/skaitytaknyga.lt\/\",\"name\":\"skaitytaknyga.lt\",\"description\":\"Skaitytaknyga.lt \u2013 tai ma\u017eas \u0161eimos verslas, kuris prasid\u0117jo nuo meil\u0117s knygoms ir siekio i\u0161gelb\u0117ti knygas nuo likimo prie konteinerio. Kas vienam nereikalingas daiktas \u2013 kitam lobis, o mes esame tarpininkai, kurie padeda abiems tapti laimingesniems ???? \u017dinome kaip nelengva i\u0161gyventi ma\u017eiems verslams, tad nuo \u0161iol, \u010dia rasite ir kit\u0173, ma\u017e\u0173 \u0161eim\u0173 versl\u0173, rank\u0173 darbo, dovan\u0173 sau ir artimiesiems.\",\"publisher\":{\"@id\":\"https:\/\/skaitytaknyga.lt\/#organization\"},\"potentialAction\":[{\"@type\":\"SearchAction\",\"target\":{\"@type\":\"EntryPoint\",\"urlTemplate\":\"https:\/\/skaitytaknyga.lt\/?s={search_term_string}\"},\"query-input\":{\"@type\":\"PropertyValueSpecification\",\"valueRequired\":true,\"valueName\":\"search_term_string\"}}],\"inLanguage\":\"en-GB\"},{\"@type\":\"Organization\",\"@id\":\"https:\/\/skaitytaknyga.lt\/#organization\",\"name\":\"skaitytaknyga.lt\",\"url\":\"https:\/\/skaitytaknyga.lt\/\",\"logo\":{\"@type\":\"ImageObject\",\"inLanguage\":\"en-GB\",\"@id\":\"https:\/\/skaitytaknyga.lt\/#\/schema\/logo\/image\/\",\"url\":\"https:\/\/skaitytaknyga.lt\/wp-content\/uploads\/2024\/05\/cropped-cropped-cropped-02_00843_jt3bggkj1j3HLc7SyY6rEUpg.jpeg\",\"contentUrl\":\"https:\/\/skaitytaknyga.lt\/wp-content\/uploads\/2024\/05\/cropped-cropped-cropped-02_00843_jt3bggkj1j3HLc7SyY6rEUpg.jpeg\",\"width\":1600,\"height\":1600,\"caption\":\"skaitytaknyga.lt\"},\"image\":{\"@id\":\"https:\/\/skaitytaknyga.lt\/#\/schema\/logo\/image\/\"},\"sameAs\":[\"https:\/\/www.facebook.com\/skaitytaknyga\/\"]}]}<\/script>\n<!-- \/ Yoast SEO plugin. -->","yoast_head_json":{"title":"Vanda Markovska \u201eGraik\u0173 mitai\u201c (sulieta apa\u010dia, tod\u0117l matosi d\u0117m\u0117)","description":"Graik\u0173 mitologij\u0105 sudaro legendos ir mitai apie dievybes, fantastines b\u016btybes, didvyrius ir pabaisas. Graikijos dievai gyveno Olimpo kalne, buvo apdovanoti antgamtin\u0117mis savyb\u0117mis, ta\u010diau atrod\u0117 kaip \u017emon\u0117s, su savais tr\u016bkumais ir prana\u0161umais. Vis d\u0117lto nuo \u017emoni\u0173 jie skyr\u0117si nemirtingumu ir galia.  \u0160ioje knygoje atpasakojami senov\u0117s Graikijos legendos ir mitai nuo pasaulio suk\u016brimo ir Dzeuso gimimo iki Odis\u0117jo klajoni\u0173 ir karaliaus Oidipo.","robots":{"index":"index","follow":"follow","max-snippet":"max-snippet:-1","max-image-preview":"max-image-preview:large","max-video-preview":"max-video-preview:-1"},"canonical":"https:\/\/skaitytaknyga.lt\/en\/produktas\/vanda-markovska-graiku-mitai\/","og_locale":"en_GB","og_type":"article","og_title":"[:lt]Vanda Markovska \u201eGraik\u0173 mitai\u201c (sulieta apa\u010dia, tod\u0117l matosi d\u0117m\u0117)[:] - Skaitytaknyga","og_description":"Graik\u0173 mitologij\u0105 sudaro legendos ir mitai apie dievybes, fantastines b\u016btybes, didvyrius ir pabaisas. Graikijos dievai gyveno Olimpo kalne, buvo apdovanoti antgamtin\u0117mis savyb\u0117mis, ta\u010diau atrod\u0117 kaip \u017emon\u0117s, su savais tr\u016bkumais ir prana\u0161umais. Vis d\u0117lto nuo \u017emoni\u0173 jie skyr\u0117si nemirtingumu ir galia.  \u0160ioje knygoje atpasakojami senov\u0117s Graikijos legendos ir mitai nuo pasaulio suk\u016brimo ir Dzeuso gimimo iki Odis\u0117jo klajoni\u0173 ir karaliaus Oidipo.","og_url":"https:\/\/skaitytaknyga.lt\/en\/produktas\/vanda-markovska-graiku-mitai\/","og_site_name":"Skaitytaknyga","article_publisher":"https:\/\/www.facebook.com\/skaitytaknyga\/","article_modified_time":"2025-02-19T18:04:30+00:00","og_image":[{"width":279,"height":430,"url":"https:\/\/skaitytaknyga.lt\/wp-content\/uploads\/2024\/05\/1462887971_img0019-001.jpg","type":"image\/jpeg"}],"twitter_card":"summary_large_image","schema":{"@context":"https:\/\/schema.org","@graph":[{"@type":"WebPage","@id":"https:\/\/skaitytaknyga.lt\/produktas\/vanda-markovska-graiku-mitai\/","url":"https:\/\/skaitytaknyga.lt\/produktas\/vanda-markovska-graiku-mitai\/","name":"Vanda Markovska \u201eGraik\u0173 mitai\u201c (sulieta apa\u010dia, tod\u0117l matosi d\u0117m\u0117)","isPartOf":{"@id":"https:\/\/skaitytaknyga.lt\/#website"},"primaryImageOfPage":{"@id":"https:\/\/skaitytaknyga.lt\/produktas\/vanda-markovska-graiku-mitai\/#primaryimage"},"image":{"@id":"https:\/\/skaitytaknyga.lt\/produktas\/vanda-markovska-graiku-mitai\/#primaryimage"},"thumbnailUrl":"https:\/\/skaitytaknyga.lt\/wp-content\/uploads\/2024\/05\/1462887971_img0019-001.jpg","datePublished":"2024-05-04T18:07:53+00:00","dateModified":"2025-02-19T18:04:30+00:00","description":"Graik\u0173 mitologij\u0105 sudaro legendos ir mitai apie dievybes, fantastines b\u016btybes, didvyrius ir pabaisas. Graikijos dievai gyveno Olimpo kalne, buvo apdovanoti antgamtin\u0117mis savyb\u0117mis, ta\u010diau atrod\u0117 kaip \u017emon\u0117s, su savais tr\u016bkumais ir prana\u0161umais. Vis d\u0117lto nuo \u017emoni\u0173 jie skyr\u0117si nemirtingumu ir galia. \u0160ioje knygoje atpasakojami senov\u0117s Graikijos legendos ir mitai nuo pasaulio suk\u016brimo ir Dzeuso gimimo iki Odis\u0117jo klajoni\u0173 ir karaliaus Oidipo.","breadcrumb":{"@id":"https:\/\/skaitytaknyga.lt\/produktas\/vanda-markovska-graiku-mitai\/#breadcrumb"},"inLanguage":"en-GB","potentialAction":[{"@type":"ReadAction","target":["https:\/\/skaitytaknyga.lt\/produktas\/vanda-markovska-graiku-mitai\/"]}]},{"@type":"ImageObject","inLanguage":"en-GB","@id":"https:\/\/skaitytaknyga.lt\/produktas\/vanda-markovska-graiku-mitai\/#primaryimage","url":"https:\/\/skaitytaknyga.lt\/wp-content\/uploads\/2024\/05\/1462887971_img0019-001.jpg","contentUrl":"https:\/\/skaitytaknyga.lt\/wp-content\/uploads\/2024\/05\/1462887971_img0019-001.jpg","width":279,"height":430},{"@type":"BreadcrumbList","@id":"https:\/\/skaitytaknyga.lt\/produktas\/vanda-markovska-graiku-mitai\/#breadcrumb","itemListElement":[{"@type":"ListItem","position":1,"name":"Home","item":"https:\/\/skaitytaknyga.lt\/"},{"@type":"ListItem","position":2,"name":"Parduotuv\u0117","item":"https:\/\/skaitytaknyga.lt\/knygu-parduotuve\/"},{"@type":"ListItem","position":3,"name":"Vanda Markovska \u201eGraik\u0173 mitai\u201c (sulieta apa\u010dia, tod\u0117l matosi d\u0117m\u0117)"}]},{"@type":"WebSite","@id":"https:\/\/skaitytaknyga.lt\/#website","url":"https:\/\/skaitytaknyga.lt\/","name":"skaitytaknyga.lt","description":"Skaitytaknyga.lt \u2013 tai ma\u017eas \u0161eimos verslas, kuris prasid\u0117jo nuo meil\u0117s knygoms ir siekio i\u0161gelb\u0117ti knygas nuo likimo prie konteinerio. Kas vienam nereikalingas daiktas \u2013 kitam lobis, o mes esame tarpininkai, kurie padeda abiems tapti laimingesniems ???? \u017dinome kaip nelengva i\u0161gyventi ma\u017eiems verslams, tad nuo \u0161iol, \u010dia rasite ir kit\u0173, ma\u017e\u0173 \u0161eim\u0173 versl\u0173, rank\u0173 darbo, dovan\u0173 sau ir artimiesiems.","publisher":{"@id":"https:\/\/skaitytaknyga.lt\/#organization"},"potentialAction":[{"@type":"SearchAction","target":{"@type":"EntryPoint","urlTemplate":"https:\/\/skaitytaknyga.lt\/?s={search_term_string}"},"query-input":{"@type":"PropertyValueSpecification","valueRequired":true,"valueName":"search_term_string"}}],"inLanguage":"en-GB"},{"@type":"Organization","@id":"https:\/\/skaitytaknyga.lt\/#organization","name":"skaitytaknyga.lt","url":"https:\/\/skaitytaknyga.lt\/","logo":{"@type":"ImageObject","inLanguage":"en-GB","@id":"https:\/\/skaitytaknyga.lt\/#\/schema\/logo\/image\/","url":"https:\/\/skaitytaknyga.lt\/wp-content\/uploads\/2024\/05\/cropped-cropped-cropped-02_00843_jt3bggkj1j3HLc7SyY6rEUpg.jpeg","contentUrl":"https:\/\/skaitytaknyga.lt\/wp-content\/uploads\/2024\/05\/cropped-cropped-cropped-02_00843_jt3bggkj1j3HLc7SyY6rEUpg.jpeg","width":1600,"height":1600,"caption":"skaitytaknyga.lt"},"image":{"@id":"https:\/\/skaitytaknyga.lt\/#\/schema\/logo\/image\/"},"sameAs":["https:\/\/www.facebook.com\/skaitytaknyga\/"]}]}},"_links":{"self":[{"href":"https:\/\/skaitytaknyga.lt\/en\/wp-json\/wp\/v2\/product\/10150","targetHints":{"allow":["GET"]}}],"collection":[{"href":"https:\/\/skaitytaknyga.lt\/en\/wp-json\/wp\/v2\/product"}],"about":[{"href":"https:\/\/skaitytaknyga.lt\/en\/wp-json\/wp\/v2\/types\/product"}],"replies":[{"embeddable":true,"href":"https:\/\/skaitytaknyga.lt\/en\/wp-json\/wp\/v2\/comments?post=10150"}],"wp:featuredmedia":[{"embeddable":true,"href":"https:\/\/skaitytaknyga.lt\/en\/wp-json\/wp\/v2\/media\/10192"}],"wp:attachment":[{"href":"https:\/\/skaitytaknyga.lt\/en\/wp-json\/wp\/v2\/media?parent=10150"}],"wp:term":[{"taxonomy":"product_brand","embeddable":true,"href":"https:\/\/skaitytaknyga.lt\/en\/wp-json\/wp\/v2\/product_brand?post=10150"},{"taxonomy":"product_cat","embeddable":true,"href":"https:\/\/skaitytaknyga.lt\/en\/wp-json\/wp\/v2\/product_cat?post=10150"},{"taxonomy":"product_tag","embeddable":true,"href":"https:\/\/skaitytaknyga.lt\/en\/wp-json\/wp\/v2\/product_tag?post=10150"}],"curies":[{"name":"wp","href":"https:\/\/api.w.org\/{rel}","templated":true}]}}