{"id":10148,"date":"2024-05-04T18:07:53","date_gmt":"2024-05-04T18:07:53","guid":{"rendered":"https:\/\/skaitytaknyga.lt\/?post_type=product&#038;p=10148"},"modified":"2024-05-04T18:08:53","modified_gmt":"2024-05-04T18:08:53","slug":"kosmosas-tavo-namuose","status":"publish","type":"product","link":"https:\/\/skaitytaknyga.lt\/en\/produktas\/kosmosas-tavo-namuose\/","title":{"rendered":"Kosmosas tavo namuose"},"content":{"rendered":"<p>Knygoje apra\u0161yti eksperimentai ir bandymai, paremti fizikos d\u0117sniais, pla\u010diau supa\u017eindins skaitytoj\u0105 su atmosferos sl\u0117gio ir vakuumo, inercijos ir nesvarumo, \u0161ilumini\u0173 rei\u0161kini\u0173 ir spektrin\u0117s analiz\u0117s rei\u0161kiniais, planetaeigi\u0173 modeli\u0173 valdymo per atstum\u0105 bei j\u0173 gr\u012f\u017eimo \u012f \u017dem\u0119 principais.<\/p>\n","protected":false},"excerpt":{"rendered":"<p>Knygoje apra\u0161yti eksperimentai ir bandymai, paremti fizikos d\u0117sniais, pla\u010diau supa\u017eindins skaitytoj\u0105 su atmosferos sl\u0117gio ir vakuumo, inercijos ir nesvarumo, \u0161ilumini\u0173 rei\u0161kini\u0173 ir spektrin\u0117s analiz\u0117s rei\u0161kiniais, planetaeigi\u0173 modeli\u0173 valdymo per atstum\u0105 bei j\u0173 gr\u012f\u017eimo \u012f \u017dem\u0119 principais.<\/p>\n","protected":false},"featured_media":10190,"comment_status":"closed","ping_status":"closed","template":"","meta":{"_acf_changed":false,"site-sidebar-layout":"default","site-content-layout":"","ast-site-content-layout":"default","site-content-style":"default","site-sidebar-style":"default","ast-global-header-display":"","ast-banner-title-visibility":"","ast-main-header-display":"","ast-hfb-above-header-display":"","ast-hfb-below-header-display":"","ast-hfb-mobile-header-display":"","site-post-title":"","ast-breadcrumbs-content":"","ast-featured-img":"","footer-sml-layout":"","ast-disable-related-posts":"","theme-transparent-header-meta":"","adv-header-id-meta":"","stick-header-meta":"","header-above-stick-meta":"","header-main-stick-meta":"","header-below-stick-meta":"","astra-migrate-meta-layouts":"default","ast-page-background-enabled":"default","ast-page-background-meta":{"desktop":{"background-color":"","background-image":"","background-repeat":"repeat","background-position":"center center","background-size":"auto","background-attachment":"scroll","background-type":"","background-media":"","overlay-type":"","overlay-color":"","overlay-opacity":"","overlay-gradient":""},"tablet":{"background-color":"","background-image":"","background-repeat":"repeat","background-position":"center center","background-size":"auto","background-attachment":"scroll","background-type":"","background-media":"","overlay-type":"","overlay-color":"","overlay-opacity":"","overlay-gradient":""},"mobile":{"background-color":"","background-image":"","background-repeat":"repeat","background-position":"center center","background-size":"auto","background-attachment":"scroll","background-type":"","background-media":"","overlay-type":"","overlay-color":"","overlay-opacity":"","overlay-gradient":""}},"ast-content-background-meta":{"desktop":{"background-color":"var(--ast-global-color-4)","background-image":"","background-repeat":"repeat","background-position":"center center","background-size":"auto","background-attachment":"scroll","background-type":"","background-media":"","overlay-type":"","overlay-color":"","overlay-opacity":"","overlay-gradient":""},"tablet":{"background-color":"var(--ast-global-color-4)","background-image":"","background-repeat":"repeat","background-position":"center center","background-size":"auto","background-attachment":"scroll","background-type":"","background-media":"","overlay-type":"","overlay-color":"","overlay-opacity":"","overlay-gradient":""},"mobile":{"background-color":"var(--ast-global-color-4)","background-image":"","background-repeat":"repeat","background-position":"center center","background-size":"auto","background-attachment":"scroll","background-type":"","background-media":"","overlay-type":"","overlay-color":"","overlay-opacity":"","overlay-gradient":""}}},"product_brand":[],"product_cat":[27],"product_tag":[1005],"class_list":{"0":"post-10148","1":"product","2":"type-product","3":"status-publish","4":"has-post-thumbnail","6":"product_cat-sportas-laisvalaikis-rankdarbiai","7":"product_tag-serija-suzinok-ir-ismok","8":"desktop-align-left","9":"tablet-align-left","10":"mobile-align-left","12":"first","13":"outofstock","14":"shipping-taxable","15":"purchasable","16":"product-type-simple"},"acf":[],"yoast_head":"<!-- This site is optimized with the Yoast SEO plugin v27.4 - https:\/\/yoast.com\/product\/yoast-seo-wordpress\/ -->\n<title>Kosmosas tavo namuose - Skaitytaknyga<\/title>\n<meta name=\"description\" content=\"Knygoje apra\u0161yti eksperimentai ir bandymai, paremti fizikos d\u0117sniais, pla\u010diau supa\u017eindins skaitytoj\u0105 su atmosferos sl\u0117gio ir vakuumo, inercijos ir nesvarumo, \u0161ilumini\u0173 rei\u0161kini\u0173 ir spektrin\u0117s analiz\u0117s rei\u0161kiniais, planetaeigi\u0173 modeli\u0173 valdymo per atstum\u0105 bei j\u0173 gr\u012f\u017eimo \u012f \u017dem\u0119 principais.\" \/>\n<meta name=\"robots\" content=\"index, follow, max-snippet:-1, max-image-preview:large, max-video-preview:-1\" \/>\n<link rel=\"canonical\" href=\"https:\/\/skaitytaknyga.lt\/en\/produktas\/kosmosas-tavo-namuose\/\" \/>\n<meta property=\"og:locale\" content=\"en_GB\" \/>\n<meta property=\"og:locale:alternate\" content=\"lt_LT\" \/>\n<meta property=\"og:type\" content=\"article\" \/>\n<meta property=\"og:title\" content=\"Kosmosas tavo namuose - Skaitytaknyga\" \/>\n<meta property=\"og:description\" content=\"Knygoje apra\u0161yti eksperimentai ir bandymai, paremti fizikos d\u0117sniais, pla\u010diau supa\u017eindins skaitytoj\u0105 su atmosferos sl\u0117gio ir vakuumo, inercijos ir nesvarumo, \u0161ilumini\u0173 rei\u0161kini\u0173 ir spektrin\u0117s analiz\u0117s rei\u0161kiniais, planetaeigi\u0173 modeli\u0173 valdymo per atstum\u0105 bei j\u0173 gr\u012f\u017eimo \u012f \u017dem\u0119 principais.\" \/>\n<meta property=\"og:url\" content=\"https:\/\/skaitytaknyga.lt\/en\/produktas\/kosmosas-tavo-namuose\/\" \/>\n<meta property=\"og:site_name\" content=\"Skaitytaknyga\" \/>\n<meta property=\"article:publisher\" content=\"https:\/\/www.facebook.com\/skaitytaknyga\/\" \/>\n<meta property=\"article:modified_time\" content=\"2024-05-04T18:08:53+00:00\" \/>\n<meta property=\"og:image\" content=\"https:\/\/skaitytaknyga.lt\/wp-content\/uploads\/2024\/05\/kosmo-625x794_0.jpg\" \/>\n\t<meta property=\"og:image:width\" content=\"625\" \/>\n\t<meta property=\"og:image:height\" content=\"794\" \/>\n\t<meta property=\"og:image:type\" content=\"image\/jpeg\" \/>\n<meta name=\"twitter:card\" content=\"summary_large_image\" \/>\n<script type=\"application\/ld+json\" class=\"yoast-schema-graph\">{\"@context\":\"https:\\\/\\\/schema.org\",\"@graph\":[{\"@type\":\"WebPage\",\"@id\":\"https:\\\/\\\/skaitytaknyga.lt\\\/produktas\\\/kosmosas-tavo-namuose\\\/\",\"url\":\"https:\\\/\\\/skaitytaknyga.lt\\\/produktas\\\/kosmosas-tavo-namuose\\\/\",\"name\":\"Kosmosas tavo namuose - Skaitytaknyga\",\"isPartOf\":{\"@id\":\"https:\\\/\\\/skaitytaknyga.lt\\\/#website\"},\"primaryImageOfPage\":{\"@id\":\"https:\\\/\\\/skaitytaknyga.lt\\\/produktas\\\/kosmosas-tavo-namuose\\\/#primaryimage\"},\"image\":{\"@id\":\"https:\\\/\\\/skaitytaknyga.lt\\\/produktas\\\/kosmosas-tavo-namuose\\\/#primaryimage\"},\"thumbnailUrl\":\"https:\\\/\\\/skaitytaknyga.lt\\\/wp-content\\\/uploads\\\/2024\\\/05\\\/kosmo-625x794_0.jpg\",\"datePublished\":\"2024-05-04T18:07:53+00:00\",\"dateModified\":\"2024-05-04T18:08:53+00:00\",\"description\":\"Knygoje apra\u0161yti eksperimentai ir bandymai, paremti fizikos d\u0117sniais, pla\u010diau supa\u017eindins skaitytoj\u0105 su atmosferos sl\u0117gio ir vakuumo, inercijos ir nesvarumo, \u0161ilumini\u0173 rei\u0161kini\u0173 ir spektrin\u0117s analiz\u0117s rei\u0161kiniais, planetaeigi\u0173 modeli\u0173 valdymo per atstum\u0105 bei j\u0173 gr\u012f\u017eimo \u012f \u017dem\u0119 principais.\",\"breadcrumb\":{\"@id\":\"https:\\\/\\\/skaitytaknyga.lt\\\/produktas\\\/kosmosas-tavo-namuose\\\/#breadcrumb\"},\"inLanguage\":\"en-GB\",\"potentialAction\":[{\"@type\":\"ReadAction\",\"target\":[\"https:\\\/\\\/skaitytaknyga.lt\\\/produktas\\\/kosmosas-tavo-namuose\\\/\"]}]},{\"@type\":\"ImageObject\",\"inLanguage\":\"en-GB\",\"@id\":\"https:\\\/\\\/skaitytaknyga.lt\\\/produktas\\\/kosmosas-tavo-namuose\\\/#primaryimage\",\"url\":\"https:\\\/\\\/skaitytaknyga.lt\\\/wp-content\\\/uploads\\\/2024\\\/05\\\/kosmo-625x794_0.jpg\",\"contentUrl\":\"https:\\\/\\\/skaitytaknyga.lt\\\/wp-content\\\/uploads\\\/2024\\\/05\\\/kosmo-625x794_0.jpg\",\"width\":625,\"height\":794},{\"@type\":\"BreadcrumbList\",\"@id\":\"https:\\\/\\\/skaitytaknyga.lt\\\/produktas\\\/kosmosas-tavo-namuose\\\/#breadcrumb\",\"itemListElement\":[{\"@type\":\"ListItem\",\"position\":1,\"name\":\"Home\",\"item\":\"https:\\\/\\\/skaitytaknyga.lt\\\/\"},{\"@type\":\"ListItem\",\"position\":2,\"name\":\"Parduotuv\u0117\",\"item\":\"https:\\\/\\\/skaitytaknyga.lt\\\/knygu-parduotuve\\\/\"},{\"@type\":\"ListItem\",\"position\":3,\"name\":\"Kosmosas tavo namuose\"}]},{\"@type\":\"WebSite\",\"@id\":\"https:\\\/\\\/skaitytaknyga.lt\\\/#website\",\"url\":\"https:\\\/\\\/skaitytaknyga.lt\\\/\",\"name\":\"skaitytaknyga.lt\",\"description\":\"Skaitytaknyga.lt \u2013 tai ma\u017eas \u0161eimos verslas, kuris prasid\u0117jo nuo meil\u0117s knygoms ir siekio i\u0161gelb\u0117ti knygas nuo likimo prie konteinerio. Kas vienam nereikalingas daiktas \u2013 kitam lobis, o mes esame tarpininkai, kurie padeda abiems tapti laimingesniems ???? \u017dinome kaip nelengva i\u0161gyventi ma\u017eiems verslams, tad nuo \u0161iol, \u010dia rasite ir kit\u0173, ma\u017e\u0173 \u0161eim\u0173 versl\u0173, rank\u0173 darbo, dovan\u0173 sau ir artimiesiems.\",\"publisher\":{\"@id\":\"https:\\\/\\\/skaitytaknyga.lt\\\/#organization\"},\"potentialAction\":[{\"@type\":\"SearchAction\",\"target\":{\"@type\":\"EntryPoint\",\"urlTemplate\":\"https:\\\/\\\/skaitytaknyga.lt\\\/?s={search_term_string}\"},\"query-input\":{\"@type\":\"PropertyValueSpecification\",\"valueRequired\":true,\"valueName\":\"search_term_string\"}}],\"inLanguage\":\"en-GB\"},{\"@type\":\"Organization\",\"@id\":\"https:\\\/\\\/skaitytaknyga.lt\\\/#organization\",\"name\":\"skaitytaknyga.lt\",\"url\":\"https:\\\/\\\/skaitytaknyga.lt\\\/\",\"logo\":{\"@type\":\"ImageObject\",\"inLanguage\":\"en-GB\",\"@id\":\"https:\\\/\\\/skaitytaknyga.lt\\\/#\\\/schema\\\/logo\\\/image\\\/\",\"url\":\"https:\\\/\\\/skaitytaknyga.lt\\\/wp-content\\\/uploads\\\/2024\\\/05\\\/cropped-cropped-cropped-02_00843_jt3bggkj1j3HLc7SyY6rEUpg.jpeg\",\"contentUrl\":\"https:\\\/\\\/skaitytaknyga.lt\\\/wp-content\\\/uploads\\\/2024\\\/05\\\/cropped-cropped-cropped-02_00843_jt3bggkj1j3HLc7SyY6rEUpg.jpeg\",\"width\":1600,\"height\":1600,\"caption\":\"skaitytaknyga.lt\"},\"image\":{\"@id\":\"https:\\\/\\\/skaitytaknyga.lt\\\/#\\\/schema\\\/logo\\\/image\\\/\"},\"sameAs\":[\"https:\\\/\\\/www.facebook.com\\\/skaitytaknyga\\\/\"]}]}<\/script>\n<!-- \/ Yoast SEO plugin. -->","yoast_head_json":{"title":"Kosmosas tavo namuose - Skaitytaknyga","description":"Knygoje apra\u0161yti eksperimentai ir bandymai, paremti fizikos d\u0117sniais, pla\u010diau supa\u017eindins skaitytoj\u0105 su atmosferos sl\u0117gio ir vakuumo, inercijos ir nesvarumo, \u0161ilumini\u0173 rei\u0161kini\u0173 ir spektrin\u0117s analiz\u0117s rei\u0161kiniais, planetaeigi\u0173 modeli\u0173 valdymo per atstum\u0105 bei j\u0173 gr\u012f\u017eimo \u012f \u017dem\u0119 principais.","robots":{"index":"index","follow":"follow","max-snippet":"max-snippet:-1","max-image-preview":"max-image-preview:large","max-video-preview":"max-video-preview:-1"},"canonical":"https:\/\/skaitytaknyga.lt\/en\/produktas\/kosmosas-tavo-namuose\/","og_locale":"en_GB","og_type":"article","og_title":"Kosmosas tavo namuose - Skaitytaknyga","og_description":"Knygoje apra\u0161yti eksperimentai ir bandymai, paremti fizikos d\u0117sniais, pla\u010diau supa\u017eindins skaitytoj\u0105 su atmosferos sl\u0117gio ir vakuumo, inercijos ir nesvarumo, \u0161ilumini\u0173 rei\u0161kini\u0173 ir spektrin\u0117s analiz\u0117s rei\u0161kiniais, planetaeigi\u0173 modeli\u0173 valdymo per atstum\u0105 bei j\u0173 gr\u012f\u017eimo \u012f \u017dem\u0119 principais.","og_url":"https:\/\/skaitytaknyga.lt\/en\/produktas\/kosmosas-tavo-namuose\/","og_site_name":"Skaitytaknyga","article_publisher":"https:\/\/www.facebook.com\/skaitytaknyga\/","article_modified_time":"2024-05-04T18:08:53+00:00","og_image":[{"width":625,"height":794,"url":"https:\/\/skaitytaknyga.lt\/wp-content\/uploads\/2024\/05\/kosmo-625x794_0.jpg","type":"image\/jpeg"}],"twitter_card":"summary_large_image","schema":{"@context":"https:\/\/schema.org","@graph":[{"@type":"WebPage","@id":"https:\/\/skaitytaknyga.lt\/produktas\/kosmosas-tavo-namuose\/","url":"https:\/\/skaitytaknyga.lt\/produktas\/kosmosas-tavo-namuose\/","name":"Kosmosas tavo namuose - Skaitytaknyga","isPartOf":{"@id":"https:\/\/skaitytaknyga.lt\/#website"},"primaryImageOfPage":{"@id":"https:\/\/skaitytaknyga.lt\/produktas\/kosmosas-tavo-namuose\/#primaryimage"},"image":{"@id":"https:\/\/skaitytaknyga.lt\/produktas\/kosmosas-tavo-namuose\/#primaryimage"},"thumbnailUrl":"https:\/\/skaitytaknyga.lt\/wp-content\/uploads\/2024\/05\/kosmo-625x794_0.jpg","datePublished":"2024-05-04T18:07:53+00:00","dateModified":"2024-05-04T18:08:53+00:00","description":"Knygoje apra\u0161yti eksperimentai ir bandymai, paremti fizikos d\u0117sniais, pla\u010diau supa\u017eindins skaitytoj\u0105 su atmosferos sl\u0117gio ir vakuumo, inercijos ir nesvarumo, \u0161ilumini\u0173 rei\u0161kini\u0173 ir spektrin\u0117s analiz\u0117s rei\u0161kiniais, planetaeigi\u0173 modeli\u0173 valdymo per atstum\u0105 bei j\u0173 gr\u012f\u017eimo \u012f \u017dem\u0119 principais.","breadcrumb":{"@id":"https:\/\/skaitytaknyga.lt\/produktas\/kosmosas-tavo-namuose\/#breadcrumb"},"inLanguage":"en-GB","potentialAction":[{"@type":"ReadAction","target":["https:\/\/skaitytaknyga.lt\/produktas\/kosmosas-tavo-namuose\/"]}]},{"@type":"ImageObject","inLanguage":"en-GB","@id":"https:\/\/skaitytaknyga.lt\/produktas\/kosmosas-tavo-namuose\/#primaryimage","url":"https:\/\/skaitytaknyga.lt\/wp-content\/uploads\/2024\/05\/kosmo-625x794_0.jpg","contentUrl":"https:\/\/skaitytaknyga.lt\/wp-content\/uploads\/2024\/05\/kosmo-625x794_0.jpg","width":625,"height":794},{"@type":"BreadcrumbList","@id":"https:\/\/skaitytaknyga.lt\/produktas\/kosmosas-tavo-namuose\/#breadcrumb","itemListElement":[{"@type":"ListItem","position":1,"name":"Home","item":"https:\/\/skaitytaknyga.lt\/"},{"@type":"ListItem","position":2,"name":"Parduotuv\u0117","item":"https:\/\/skaitytaknyga.lt\/knygu-parduotuve\/"},{"@type":"ListItem","position":3,"name":"Kosmosas tavo namuose"}]},{"@type":"WebSite","@id":"https:\/\/skaitytaknyga.lt\/#website","url":"https:\/\/skaitytaknyga.lt\/","name":"skaitytaknyga.lt","description":"Skaitytaknyga.lt \u2013 tai ma\u017eas \u0161eimos verslas, kuris prasid\u0117jo nuo meil\u0117s knygoms ir siekio i\u0161gelb\u0117ti knygas nuo likimo prie konteinerio. Kas vienam nereikalingas daiktas \u2013 kitam lobis, o mes esame tarpininkai, kurie padeda abiems tapti laimingesniems ???? \u017dinome kaip nelengva i\u0161gyventi ma\u017eiems verslams, tad nuo \u0161iol, \u010dia rasite ir kit\u0173, ma\u017e\u0173 \u0161eim\u0173 versl\u0173, rank\u0173 darbo, dovan\u0173 sau ir artimiesiems.","publisher":{"@id":"https:\/\/skaitytaknyga.lt\/#organization"},"potentialAction":[{"@type":"SearchAction","target":{"@type":"EntryPoint","urlTemplate":"https:\/\/skaitytaknyga.lt\/?s={search_term_string}"},"query-input":{"@type":"PropertyValueSpecification","valueRequired":true,"valueName":"search_term_string"}}],"inLanguage":"en-GB"},{"@type":"Organization","@id":"https:\/\/skaitytaknyga.lt\/#organization","name":"skaitytaknyga.lt","url":"https:\/\/skaitytaknyga.lt\/","logo":{"@type":"ImageObject","inLanguage":"en-GB","@id":"https:\/\/skaitytaknyga.lt\/#\/schema\/logo\/image\/","url":"https:\/\/skaitytaknyga.lt\/wp-content\/uploads\/2024\/05\/cropped-cropped-cropped-02_00843_jt3bggkj1j3HLc7SyY6rEUpg.jpeg","contentUrl":"https:\/\/skaitytaknyga.lt\/wp-content\/uploads\/2024\/05\/cropped-cropped-cropped-02_00843_jt3bggkj1j3HLc7SyY6rEUpg.jpeg","width":1600,"height":1600,"caption":"skaitytaknyga.lt"},"image":{"@id":"https:\/\/skaitytaknyga.lt\/#\/schema\/logo\/image\/"},"sameAs":["https:\/\/www.facebook.com\/skaitytaknyga\/"]}]}},"_links":{"self":[{"href":"https:\/\/skaitytaknyga.lt\/en\/wp-json\/wp\/v2\/product\/10148","targetHints":{"allow":["GET"]}}],"collection":[{"href":"https:\/\/skaitytaknyga.lt\/en\/wp-json\/wp\/v2\/product"}],"about":[{"href":"https:\/\/skaitytaknyga.lt\/en\/wp-json\/wp\/v2\/types\/product"}],"replies":[{"embeddable":true,"href":"https:\/\/skaitytaknyga.lt\/en\/wp-json\/wp\/v2\/comments?post=10148"}],"wp:featuredmedia":[{"embeddable":true,"href":"https:\/\/skaitytaknyga.lt\/en\/wp-json\/wp\/v2\/media\/10190"}],"wp:attachment":[{"href":"https:\/\/skaitytaknyga.lt\/en\/wp-json\/wp\/v2\/media?parent=10148"}],"wp:term":[{"taxonomy":"product_brand","embeddable":true,"href":"https:\/\/skaitytaknyga.lt\/en\/wp-json\/wp\/v2\/product_brand?post=10148"},{"taxonomy":"product_cat","embeddable":true,"href":"https:\/\/skaitytaknyga.lt\/en\/wp-json\/wp\/v2\/product_cat?post=10148"},{"taxonomy":"product_tag","embeddable":true,"href":"https:\/\/skaitytaknyga.lt\/en\/wp-json\/wp\/v2\/product_tag?post=10148"}],"curies":[{"name":"wp","href":"https:\/\/api.w.org\/{rel}","templated":true}]}}