{"id":10106,"date":"2024-05-04T18:06:38","date_gmt":"2024-05-04T18:06:38","guid":{"rendered":"https:\/\/skaitytaknyga.lt\/?post_type=product&#038;p=10106"},"modified":"2026-03-05T12:35:29","modified_gmt":"2026-03-05T10:35:29","slug":"eleanor-catton-sviesuliai-xix-amziaus-naujosios-zelandijos-epas","status":"publish","type":"product","link":"https:\/\/skaitytaknyga.lt\/en\/produktas\/eleanor-catton-sviesuliai-xix-amziaus-naujosios-zelandijos-epas\/","title":{"rendered":"\u0160viesuliai: XIX am\u017eiaus Naujosios Zelandijos epas"},"content":{"rendered":"<p>XIX am\u017eiaus Naujosios Zelandijos epas.<\/p>\n<p>Volteris M\u016bdis 1866-aisiais atvyksta \u012f Naujosios Zelandijos aukso kasyklas pralobti, ta\u010diau vos atvyk\u0119s, audring\u0105 ir tamsi\u0105 nakt\u012f, patenka \u012f slapt\u0105 susirinkim\u0105. Jame 12 vyr\u0173 aptarin\u0117ja virtin\u0119 nei\u0161ai\u0161kint\u0173 nusikaltim\u0173: dingo turtingas \u017emogus, paleistuv\u0117 band\u0117 pasitraukti i\u0161 gyvenimo, o nelaim\u0117lio girtuoklio namuose aptikta daug aukso. M\u016bdis netrukus \u012ftraukiamas \u012f m\u012fslingai susipynusi\u0173 sud\u0117ting\u0173 likim\u0173 tinkl\u0105. Kas juos valdo \u2013 turto tro\u0161kimas, nepalankios aplinkyb\u0117s ar netik\u0117tas \u0161viesuli\u0173 \u2013 dangaus k\u016bn\u0173 \u2013 i\u0161sid\u0117stymas?<\/p>\n<p>Tai daugiasluoksnis k\u016brinys \u2013 nuotyki\u0173 romanas, meil\u0117s istorija, vesternas, detektyvas ir trileris viename, vertinamas u\u017e itin meistri\u0161kai sukurt\u0105 matemati\u0161kai tiksli\u0105 strukt\u016br\u0105, \u012ftraukiantis sumaniai supintu pasakojimu ir itin vertingas d\u0117l gyvai vaizduojamo XIX am\u017eiaus Naujosios Zelandijos aukso kar\u0161tin\u0117s pasaulio. Pasak literat\u016bros kritik\u0173, \u201e\u0160viesuliai&#8221; \u2013 postmodernus k\u016brinys, atgaivinantis klasikin\u012f Viktorijos epochos roman\u0105, lygintinas su paties Charleso Dickenso k\u016briniais.<\/p>\n","protected":false},"excerpt":{"rendered":"<p>XIX am\u017eiaus Naujosios Zelandijos epas.<\/p>\n<p>Volteris M\u016bdis 1866-aisiais atvyksta \u012f Naujosios Zelandijos aukso kasyklas pralobti, ta\u010diau vos atvyk\u0119s, audring\u0105 ir tamsi\u0105 nakt\u012f, patenka \u012f slapt\u0105 susirinkim\u0105. Jame 12 vyr\u0173 aptarin\u0117ja virtin\u0119 nei\u0161ai\u0161kint\u0173 nusikaltim\u0173: dingo turtingas \u017emogus, paleistuv\u0117 band\u0117 pasitraukti i\u0161 gyvenimo, o nelaim\u0117lio girtuoklio namuose aptikta daug aukso. M\u016bdis netrukus \u012ftraukiamas \u012f m\u012fslingai susipynusi\u0173 sud\u0117ting\u0173 likim\u0173 tinkl\u0105. Kas juos valdo \u2013 turto tro\u0161kimas, nepalankios aplinkyb\u0117s ar netik\u0117tas \u0161viesuli\u0173 \u2013 dangaus k\u016bn\u0173 \u2013 i\u0161sid\u0117stymas?<\/p>\n<p>Tai daugiasluoksnis k\u016brinys \u2013 nuotyki\u0173 romanas, meil\u0117s istorija, vesternas, detektyvas ir trileris viename, vertinamas u\u017e itin meistri\u0161kai sukurt\u0105 matemati\u0161kai tiksli\u0105 strukt\u016br\u0105, \u012ftraukiantis sumaniai supintu pasakojimu ir itin vertingas d\u0117l gyvai vaizduojamo XIX am\u017eiaus Naujosios Zelandijos aukso kar\u0161tin\u0117s pasaulio. Pasak literat\u016bros kritik\u0173, \u201e\u0160viesuliai&#8221; \u2013 postmodernus k\u016brinys, atgaivinantis klasikin\u012f Viktorijos epochos roman\u0105, lygintinas su paties Charleso Dickenso k\u016briniais.<\/p>\n","protected":false},"featured_media":10157,"comment_status":"closed","ping_status":"closed","template":"","meta":{"_acf_changed":false,"site-sidebar-layout":"default","site-content-layout":"","ast-site-content-layout":"default","site-content-style":"default","site-sidebar-style":"default","ast-global-header-display":"","ast-banner-title-visibility":"","ast-main-header-display":"","ast-hfb-above-header-display":"","ast-hfb-below-header-display":"","ast-hfb-mobile-header-display":"","site-post-title":"","ast-breadcrumbs-content":"","ast-featured-img":"","footer-sml-layout":"","ast-disable-related-posts":"","theme-transparent-header-meta":"","adv-header-id-meta":"","stick-header-meta":"","header-above-stick-meta":"","header-main-stick-meta":"","header-below-stick-meta":"","astra-migrate-meta-layouts":"default","ast-page-background-enabled":"default","ast-page-background-meta":{"desktop":{"background-color":"","background-image":"","background-repeat":"repeat","background-position":"center center","background-size":"auto","background-attachment":"scroll","background-type":"","background-media":"","overlay-type":"","overlay-color":"","overlay-opacity":"","overlay-gradient":""},"tablet":{"background-color":"","background-image":"","background-repeat":"repeat","background-position":"center center","background-size":"auto","background-attachment":"scroll","background-type":"","background-media":"","overlay-type":"","overlay-color":"","overlay-opacity":"","overlay-gradient":""},"mobile":{"background-color":"","background-image":"","background-repeat":"repeat","background-position":"center center","background-size":"auto","background-attachment":"scroll","background-type":"","background-media":"","overlay-type":"","overlay-color":"","overlay-opacity":"","overlay-gradient":""}},"ast-content-background-meta":{"desktop":{"background-color":"var(--ast-global-color-4)","background-image":"","background-repeat":"repeat","background-position":"center center","background-size":"auto","background-attachment":"scroll","background-type":"","background-media":"","overlay-type":"","overlay-color":"","overlay-opacity":"","overlay-gradient":""},"tablet":{"background-color":"var(--ast-global-color-4)","background-image":"","background-repeat":"repeat","background-position":"center center","background-size":"auto","background-attachment":"scroll","background-type":"","background-media":"","overlay-type":"","overlay-color":"","overlay-opacity":"","overlay-gradient":""},"mobile":{"background-color":"var(--ast-global-color-4)","background-image":"","background-repeat":"repeat","background-position":"center center","background-size":"auto","background-attachment":"scroll","background-type":"","background-media":"","overlay-type":"","overlay-color":"","overlay-opacity":"","overlay-gradient":""}}},"product_brand":[],"product_cat":[9618],"product_tag":[],"class_list":{"0":"post-10106","1":"product","2":"type-product","3":"status-publish","4":"has-post-thumbnail","6":"product_cat-istoriniai-romanai","7":"desktop-align-left","8":"tablet-align-left","9":"mobile-align-left","11":"first","12":"outofstock","13":"shipping-taxable","14":"purchasable","15":"product-type-simple"},"acf":[],"yoast_head":"<!-- This site is optimized with the Yoast SEO plugin v27.4 - https:\/\/yoast.com\/product\/yoast-seo-wordpress\/ -->\n<title>\u0160viesuliai: XIX am\u017eiaus Naujosios Zelandijos epas<\/title>\n<meta name=\"description\" content=\"XIX am\u017eiaus Naujosios Zelandijos epas.  Volteris M\u016bdis 1866-aisiais atvyksta \u012f Naujosios Zelandijos aukso kasyklas pralobti, ta\u010diau vos atvyk\u0119s, audring\u0105 ir tamsi\u0105 nakt\u012f, patenka \u012f slapt\u0105 susirinkim\u0105. Jame 12 vyr\u0173 aptarin\u0117ja virtin\u0119 nei\u0161ai\u0161kint\u0173 nusikaltim\u0173: dingo turtingas \u017emogus, paleistuv\u0117 band\u0117 pasitraukti i\u0161 gyvenimo, o nelaim\u0117lio girtuoklio namuose aptikta daug aukso. M\u016bdis netrukus \u012ftraukiamas \u012f m\u012fslingai susipynusi\u0173 sud\u0117ting\u0173 likim\u0173 tinkl\u0105. Kas juos valdo \u2013 turto tro\u0161kimas, nepalankios aplinkyb\u0117s ar netik\u0117tas \u0161viesuli\u0173 \u2013 dangaus k\u016bn\u0173 \u2013 i\u0161sid\u0117stymas?  Tai daugiasluoksnis k\u016brinys \u2013 nuotyki\u0173 romanas, meil\u0117s istorija, vesternas, detektyvas ir trileris viename, vertinamas u\u017e itin meistri\u0161kai sukurt\u0105 matemati\u0161kai tiksli\u0105 strukt\u016br\u0105, \u012ftraukiantis sumaniai supintu pasakojimu ir itin vertingas d\u0117l gyvai vaizduojamo XIX am\u017eiaus Naujosios Zelandijos aukso kar\u0161tin\u0117s pasaulio. Pasak literat\u016bros kritik\u0173, \u201e\u0160viesuliai&quot; \u2013 postmodernus k\u016brinys, atgaivinantis klasikin\u012f Viktorijos epochos roman\u0105, lygintinas su paties Charleso Dickenso k\u016briniais.\" \/>\n<meta name=\"robots\" content=\"index, follow, max-snippet:-1, max-image-preview:large, max-video-preview:-1\" \/>\n<link rel=\"canonical\" href=\"https:\/\/skaitytaknyga.lt\/en\/produktas\/eleanor-catton-sviesuliai-xix-amziaus-naujosios-zelandijos-epas\/\" \/>\n<meta property=\"og:locale\" content=\"en_GB\" \/>\n<meta property=\"og:locale:alternate\" content=\"lt_LT\" \/>\n<meta property=\"og:type\" content=\"article\" \/>\n<meta property=\"og:title\" content=\"\u0160viesuliai: XIX am\u017eiaus Naujosios Zelandijos epas\" \/>\n<meta property=\"og:description\" content=\"XIX am\u017eiaus Naujosios Zelandijos epas.  Volteris M\u016bdis 1866-aisiais atvyksta \u012f Naujosios Zelandijos aukso kasyklas pralobti, ta\u010diau vos atvyk\u0119s, audring\u0105 ir tamsi\u0105 nakt\u012f, patenka \u012f slapt\u0105 susirinkim\u0105. Jame 12 vyr\u0173 aptarin\u0117ja virtin\u0119 nei\u0161ai\u0161kint\u0173 nusikaltim\u0173: dingo turtingas \u017emogus, paleistuv\u0117 band\u0117 pasitraukti i\u0161 gyvenimo, o nelaim\u0117lio girtuoklio namuose aptikta daug aukso. M\u016bdis netrukus \u012ftraukiamas \u012f m\u012fslingai susipynusi\u0173 sud\u0117ting\u0173 likim\u0173 tinkl\u0105. Kas juos valdo \u2013 turto tro\u0161kimas, nepalankios aplinkyb\u0117s ar netik\u0117tas \u0161viesuli\u0173 \u2013 dangaus k\u016bn\u0173 \u2013 i\u0161sid\u0117stymas?  Tai daugiasluoksnis k\u016brinys \u2013 nuotyki\u0173 romanas, meil\u0117s istorija, vesternas, detektyvas ir trileris viename, vertinamas u\u017e itin meistri\u0161kai sukurt\u0105 matemati\u0161kai tiksli\u0105 strukt\u016br\u0105, \u012ftraukiantis sumaniai supintu pasakojimu ir itin vertingas d\u0117l gyvai vaizduojamo XIX am\u017eiaus Naujosios Zelandijos aukso kar\u0161tin\u0117s pasaulio. Pasak literat\u016bros kritik\u0173, \u201e\u0160viesuliai&quot; \u2013 postmodernus k\u016brinys, atgaivinantis klasikin\u012f Viktorijos epochos roman\u0105, lygintinas su paties Charleso Dickenso k\u016briniais.\" \/>\n<meta property=\"og:url\" content=\"https:\/\/skaitytaknyga.lt\/en\/produktas\/eleanor-catton-sviesuliai-xix-amziaus-naujosios-zelandijos-epas\/\" \/>\n<meta property=\"og:site_name\" content=\"Skaitytaknyga\" \/>\n<meta property=\"article:publisher\" content=\"https:\/\/www.facebook.com\/skaitytaknyga\/\" \/>\n<meta property=\"article:modified_time\" content=\"2026-03-05T10:35:29+00:00\" \/>\n<meta property=\"og:image\" content=\"https:\/\/skaitytaknyga.lt\/wp-content\/uploads\/2024\/05\/1518432199_Catton_sviesuliai_72max.jpg\" \/>\n\t<meta property=\"og:image:width\" content=\"261\" \/>\n\t<meta property=\"og:image:height\" content=\"430\" \/>\n\t<meta property=\"og:image:type\" content=\"image\/jpeg\" \/>\n<meta name=\"twitter:card\" content=\"summary_large_image\" \/>\n<meta name=\"twitter:label1\" content=\"Estimated reading time\" \/>\n\t<meta name=\"twitter:data1\" content=\"1 minute\" \/>\n<script type=\"application\/ld+json\" class=\"yoast-schema-graph\">{\"@context\":\"https:\\\/\\\/schema.org\",\"@graph\":[{\"@type\":\"WebPage\",\"@id\":\"https:\\\/\\\/skaitytaknyga.lt\\\/produktas\\\/eleanor-catton-sviesuliai-xix-amziaus-naujosios-zelandijos-epas\\\/\",\"url\":\"https:\\\/\\\/skaitytaknyga.lt\\\/produktas\\\/eleanor-catton-sviesuliai-xix-amziaus-naujosios-zelandijos-epas\\\/\",\"name\":\"\u0160viesuliai: XIX am\u017eiaus Naujosios Zelandijos epas\",\"isPartOf\":{\"@id\":\"https:\\\/\\\/skaitytaknyga.lt\\\/#website\"},\"primaryImageOfPage\":{\"@id\":\"https:\\\/\\\/skaitytaknyga.lt\\\/produktas\\\/eleanor-catton-sviesuliai-xix-amziaus-naujosios-zelandijos-epas\\\/#primaryimage\"},\"image\":{\"@id\":\"https:\\\/\\\/skaitytaknyga.lt\\\/produktas\\\/eleanor-catton-sviesuliai-xix-amziaus-naujosios-zelandijos-epas\\\/#primaryimage\"},\"thumbnailUrl\":\"https:\\\/\\\/skaitytaknyga.lt\\\/wp-content\\\/uploads\\\/2024\\\/05\\\/1518432199_Catton_sviesuliai_72max.jpg\",\"datePublished\":\"2024-05-04T18:06:38+00:00\",\"dateModified\":\"2026-03-05T10:35:29+00:00\",\"description\":\"XIX am\u017eiaus Naujosios Zelandijos epas. Volteris M\u016bdis 1866-aisiais atvyksta \u012f Naujosios Zelandijos aukso kasyklas pralobti, ta\u010diau vos atvyk\u0119s, audring\u0105 ir tamsi\u0105 nakt\u012f, patenka \u012f slapt\u0105 susirinkim\u0105. Jame 12 vyr\u0173 aptarin\u0117ja virtin\u0119 nei\u0161ai\u0161kint\u0173 nusikaltim\u0173: dingo turtingas \u017emogus, paleistuv\u0117 band\u0117 pasitraukti i\u0161 gyvenimo, o nelaim\u0117lio girtuoklio namuose aptikta daug aukso. M\u016bdis netrukus \u012ftraukiamas \u012f m\u012fslingai susipynusi\u0173 sud\u0117ting\u0173 likim\u0173 tinkl\u0105. Kas juos valdo \u2013 turto tro\u0161kimas, nepalankios aplinkyb\u0117s ar netik\u0117tas \u0161viesuli\u0173 \u2013 dangaus k\u016bn\u0173 \u2013 i\u0161sid\u0117stymas? Tai daugiasluoksnis k\u016brinys \u2013 nuotyki\u0173 romanas, meil\u0117s istorija, vesternas, detektyvas ir trileris viename, vertinamas u\u017e itin meistri\u0161kai sukurt\u0105 matemati\u0161kai tiksli\u0105 strukt\u016br\u0105, \u012ftraukiantis sumaniai supintu pasakojimu ir itin vertingas d\u0117l gyvai vaizduojamo XIX am\u017eiaus Naujosios Zelandijos aukso kar\u0161tin\u0117s pasaulio. Pasak literat\u016bros kritik\u0173, \u201e\u0160viesuliai\\\" \u2013 postmodernus k\u016brinys, atgaivinantis klasikin\u012f Viktorijos epochos roman\u0105, lygintinas su paties Charleso Dickenso k\u016briniais.\",\"breadcrumb\":{\"@id\":\"https:\\\/\\\/skaitytaknyga.lt\\\/produktas\\\/eleanor-catton-sviesuliai-xix-amziaus-naujosios-zelandijos-epas\\\/#breadcrumb\"},\"inLanguage\":\"en-GB\",\"potentialAction\":[{\"@type\":\"ReadAction\",\"target\":[\"https:\\\/\\\/skaitytaknyga.lt\\\/produktas\\\/eleanor-catton-sviesuliai-xix-amziaus-naujosios-zelandijos-epas\\\/\"]}]},{\"@type\":\"ImageObject\",\"inLanguage\":\"en-GB\",\"@id\":\"https:\\\/\\\/skaitytaknyga.lt\\\/produktas\\\/eleanor-catton-sviesuliai-xix-amziaus-naujosios-zelandijos-epas\\\/#primaryimage\",\"url\":\"https:\\\/\\\/skaitytaknyga.lt\\\/wp-content\\\/uploads\\\/2024\\\/05\\\/1518432199_Catton_sviesuliai_72max.jpg\",\"contentUrl\":\"https:\\\/\\\/skaitytaknyga.lt\\\/wp-content\\\/uploads\\\/2024\\\/05\\\/1518432199_Catton_sviesuliai_72max.jpg\",\"width\":261,\"height\":430},{\"@type\":\"BreadcrumbList\",\"@id\":\"https:\\\/\\\/skaitytaknyga.lt\\\/produktas\\\/eleanor-catton-sviesuliai-xix-amziaus-naujosios-zelandijos-epas\\\/#breadcrumb\",\"itemListElement\":[{\"@type\":\"ListItem\",\"position\":1,\"name\":\"Home\",\"item\":\"https:\\\/\\\/skaitytaknyga.lt\\\/\"},{\"@type\":\"ListItem\",\"position\":2,\"name\":\"Parduotuv\u0117\",\"item\":\"https:\\\/\\\/skaitytaknyga.lt\\\/knygu-parduotuve\\\/\"},{\"@type\":\"ListItem\",\"position\":3,\"name\":\"\u0160viesuliai: XIX am\u017eiaus Naujosios Zelandijos epas\"}]},{\"@type\":\"WebSite\",\"@id\":\"https:\\\/\\\/skaitytaknyga.lt\\\/#website\",\"url\":\"https:\\\/\\\/skaitytaknyga.lt\\\/\",\"name\":\"skaitytaknyga.lt\",\"description\":\"Skaitytaknyga.lt \u2013 tai ma\u017eas \u0161eimos verslas, kuris prasid\u0117jo nuo meil\u0117s knygoms ir siekio i\u0161gelb\u0117ti knygas nuo likimo prie konteinerio. Kas vienam nereikalingas daiktas \u2013 kitam lobis, o mes esame tarpininkai, kurie padeda abiems tapti laimingesniems ???? \u017dinome kaip nelengva i\u0161gyventi ma\u017eiems verslams, tad nuo \u0161iol, \u010dia rasite ir kit\u0173, ma\u017e\u0173 \u0161eim\u0173 versl\u0173, rank\u0173 darbo, dovan\u0173 sau ir artimiesiems.\",\"publisher\":{\"@id\":\"https:\\\/\\\/skaitytaknyga.lt\\\/#organization\"},\"potentialAction\":[{\"@type\":\"SearchAction\",\"target\":{\"@type\":\"EntryPoint\",\"urlTemplate\":\"https:\\\/\\\/skaitytaknyga.lt\\\/?s={search_term_string}\"},\"query-input\":{\"@type\":\"PropertyValueSpecification\",\"valueRequired\":true,\"valueName\":\"search_term_string\"}}],\"inLanguage\":\"en-GB\"},{\"@type\":\"Organization\",\"@id\":\"https:\\\/\\\/skaitytaknyga.lt\\\/#organization\",\"name\":\"skaitytaknyga.lt\",\"url\":\"https:\\\/\\\/skaitytaknyga.lt\\\/\",\"logo\":{\"@type\":\"ImageObject\",\"inLanguage\":\"en-GB\",\"@id\":\"https:\\\/\\\/skaitytaknyga.lt\\\/#\\\/schema\\\/logo\\\/image\\\/\",\"url\":\"https:\\\/\\\/skaitytaknyga.lt\\\/wp-content\\\/uploads\\\/2024\\\/05\\\/cropped-cropped-cropped-02_00843_jt3bggkj1j3HLc7SyY6rEUpg.jpeg\",\"contentUrl\":\"https:\\\/\\\/skaitytaknyga.lt\\\/wp-content\\\/uploads\\\/2024\\\/05\\\/cropped-cropped-cropped-02_00843_jt3bggkj1j3HLc7SyY6rEUpg.jpeg\",\"width\":1600,\"height\":1600,\"caption\":\"skaitytaknyga.lt\"},\"image\":{\"@id\":\"https:\\\/\\\/skaitytaknyga.lt\\\/#\\\/schema\\\/logo\\\/image\\\/\"},\"sameAs\":[\"https:\\\/\\\/www.facebook.com\\\/skaitytaknyga\\\/\"]}]}<\/script>\n<!-- \/ Yoast SEO plugin. -->","yoast_head_json":{"title":"\u0160viesuliai: XIX am\u017eiaus Naujosios Zelandijos epas","description":"XIX am\u017eiaus Naujosios Zelandijos epas.  Volteris M\u016bdis 1866-aisiais atvyksta \u012f Naujosios Zelandijos aukso kasyklas pralobti, ta\u010diau vos atvyk\u0119s, audring\u0105 ir tamsi\u0105 nakt\u012f, patenka \u012f slapt\u0105 susirinkim\u0105. Jame 12 vyr\u0173 aptarin\u0117ja virtin\u0119 nei\u0161ai\u0161kint\u0173 nusikaltim\u0173: dingo turtingas \u017emogus, paleistuv\u0117 band\u0117 pasitraukti i\u0161 gyvenimo, o nelaim\u0117lio girtuoklio namuose aptikta daug aukso. M\u016bdis netrukus \u012ftraukiamas \u012f m\u012fslingai susipynusi\u0173 sud\u0117ting\u0173 likim\u0173 tinkl\u0105. Kas juos valdo \u2013 turto tro\u0161kimas, nepalankios aplinkyb\u0117s ar netik\u0117tas \u0161viesuli\u0173 \u2013 dangaus k\u016bn\u0173 \u2013 i\u0161sid\u0117stymas?  Tai daugiasluoksnis k\u016brinys \u2013 nuotyki\u0173 romanas, meil\u0117s istorija, vesternas, detektyvas ir trileris viename, vertinamas u\u017e itin meistri\u0161kai sukurt\u0105 matemati\u0161kai tiksli\u0105 strukt\u016br\u0105, \u012ftraukiantis sumaniai supintu pasakojimu ir itin vertingas d\u0117l gyvai vaizduojamo XIX am\u017eiaus Naujosios Zelandijos aukso kar\u0161tin\u0117s pasaulio. Pasak literat\u016bros kritik\u0173, \u201e\u0160viesuliai\" \u2013 postmodernus k\u016brinys, atgaivinantis klasikin\u012f Viktorijos epochos roman\u0105, lygintinas su paties Charleso Dickenso k\u016briniais.","robots":{"index":"index","follow":"follow","max-snippet":"max-snippet:-1","max-image-preview":"max-image-preview:large","max-video-preview":"max-video-preview:-1"},"canonical":"https:\/\/skaitytaknyga.lt\/en\/produktas\/eleanor-catton-sviesuliai-xix-amziaus-naujosios-zelandijos-epas\/","og_locale":"en_GB","og_type":"article","og_title":"[:lt]\u0160viesuliai: XIX am\u017eiaus Naujosios Zelandijos epas[:] - Skaitytaknyga","og_description":"XIX am\u017eiaus Naujosios Zelandijos epas.  Volteris M\u016bdis 1866-aisiais atvyksta \u012f Naujosios Zelandijos aukso kasyklas pralobti, ta\u010diau vos atvyk\u0119s, audring\u0105 ir tamsi\u0105 nakt\u012f, patenka \u012f slapt\u0105 susirinkim\u0105. Jame 12 vyr\u0173 aptarin\u0117ja virtin\u0119 nei\u0161ai\u0161kint\u0173 nusikaltim\u0173: dingo turtingas \u017emogus, paleistuv\u0117 band\u0117 pasitraukti i\u0161 gyvenimo, o nelaim\u0117lio girtuoklio namuose aptikta daug aukso. M\u016bdis netrukus \u012ftraukiamas \u012f m\u012fslingai susipynusi\u0173 sud\u0117ting\u0173 likim\u0173 tinkl\u0105. Kas juos valdo \u2013 turto tro\u0161kimas, nepalankios aplinkyb\u0117s ar netik\u0117tas \u0161viesuli\u0173 \u2013 dangaus k\u016bn\u0173 \u2013 i\u0161sid\u0117stymas?  Tai daugiasluoksnis k\u016brinys \u2013 nuotyki\u0173 romanas, meil\u0117s istorija, vesternas, detektyvas ir trileris viename, vertinamas u\u017e itin meistri\u0161kai sukurt\u0105 matemati\u0161kai tiksli\u0105 strukt\u016br\u0105, \u012ftraukiantis sumaniai supintu pasakojimu ir itin vertingas d\u0117l gyvai vaizduojamo XIX am\u017eiaus Naujosios Zelandijos aukso kar\u0161tin\u0117s pasaulio. Pasak literat\u016bros kritik\u0173, \u201e\u0160viesuliai\" \u2013 postmodernus k\u016brinys, atgaivinantis klasikin\u012f Viktorijos epochos roman\u0105, lygintinas su paties Charleso Dickenso k\u016briniais.","og_url":"https:\/\/skaitytaknyga.lt\/en\/produktas\/eleanor-catton-sviesuliai-xix-amziaus-naujosios-zelandijos-epas\/","og_site_name":"Skaitytaknyga","article_publisher":"https:\/\/www.facebook.com\/skaitytaknyga\/","article_modified_time":"2026-03-05T10:35:29+00:00","og_image":[{"width":261,"height":430,"url":"https:\/\/skaitytaknyga.lt\/wp-content\/uploads\/2024\/05\/1518432199_Catton_sviesuliai_72max.jpg","type":"image\/jpeg"}],"twitter_card":"summary_large_image","twitter_misc":{"Estimated reading time":"1 minute"},"schema":{"@context":"https:\/\/schema.org","@graph":[{"@type":"WebPage","@id":"https:\/\/skaitytaknyga.lt\/produktas\/eleanor-catton-sviesuliai-xix-amziaus-naujosios-zelandijos-epas\/","url":"https:\/\/skaitytaknyga.lt\/produktas\/eleanor-catton-sviesuliai-xix-amziaus-naujosios-zelandijos-epas\/","name":"\u0160viesuliai: XIX am\u017eiaus Naujosios Zelandijos epas","isPartOf":{"@id":"https:\/\/skaitytaknyga.lt\/#website"},"primaryImageOfPage":{"@id":"https:\/\/skaitytaknyga.lt\/produktas\/eleanor-catton-sviesuliai-xix-amziaus-naujosios-zelandijos-epas\/#primaryimage"},"image":{"@id":"https:\/\/skaitytaknyga.lt\/produktas\/eleanor-catton-sviesuliai-xix-amziaus-naujosios-zelandijos-epas\/#primaryimage"},"thumbnailUrl":"https:\/\/skaitytaknyga.lt\/wp-content\/uploads\/2024\/05\/1518432199_Catton_sviesuliai_72max.jpg","datePublished":"2024-05-04T18:06:38+00:00","dateModified":"2026-03-05T10:35:29+00:00","description":"XIX am\u017eiaus Naujosios Zelandijos epas. Volteris M\u016bdis 1866-aisiais atvyksta \u012f Naujosios Zelandijos aukso kasyklas pralobti, ta\u010diau vos atvyk\u0119s, audring\u0105 ir tamsi\u0105 nakt\u012f, patenka \u012f slapt\u0105 susirinkim\u0105. Jame 12 vyr\u0173 aptarin\u0117ja virtin\u0119 nei\u0161ai\u0161kint\u0173 nusikaltim\u0173: dingo turtingas \u017emogus, paleistuv\u0117 band\u0117 pasitraukti i\u0161 gyvenimo, o nelaim\u0117lio girtuoklio namuose aptikta daug aukso. M\u016bdis netrukus \u012ftraukiamas \u012f m\u012fslingai susipynusi\u0173 sud\u0117ting\u0173 likim\u0173 tinkl\u0105. Kas juos valdo \u2013 turto tro\u0161kimas, nepalankios aplinkyb\u0117s ar netik\u0117tas \u0161viesuli\u0173 \u2013 dangaus k\u016bn\u0173 \u2013 i\u0161sid\u0117stymas? Tai daugiasluoksnis k\u016brinys \u2013 nuotyki\u0173 romanas, meil\u0117s istorija, vesternas, detektyvas ir trileris viename, vertinamas u\u017e itin meistri\u0161kai sukurt\u0105 matemati\u0161kai tiksli\u0105 strukt\u016br\u0105, \u012ftraukiantis sumaniai supintu pasakojimu ir itin vertingas d\u0117l gyvai vaizduojamo XIX am\u017eiaus Naujosios Zelandijos aukso kar\u0161tin\u0117s pasaulio. Pasak literat\u016bros kritik\u0173, \u201e\u0160viesuliai\" \u2013 postmodernus k\u016brinys, atgaivinantis klasikin\u012f Viktorijos epochos roman\u0105, lygintinas su paties Charleso Dickenso k\u016briniais.","breadcrumb":{"@id":"https:\/\/skaitytaknyga.lt\/produktas\/eleanor-catton-sviesuliai-xix-amziaus-naujosios-zelandijos-epas\/#breadcrumb"},"inLanguage":"en-GB","potentialAction":[{"@type":"ReadAction","target":["https:\/\/skaitytaknyga.lt\/produktas\/eleanor-catton-sviesuliai-xix-amziaus-naujosios-zelandijos-epas\/"]}]},{"@type":"ImageObject","inLanguage":"en-GB","@id":"https:\/\/skaitytaknyga.lt\/produktas\/eleanor-catton-sviesuliai-xix-amziaus-naujosios-zelandijos-epas\/#primaryimage","url":"https:\/\/skaitytaknyga.lt\/wp-content\/uploads\/2024\/05\/1518432199_Catton_sviesuliai_72max.jpg","contentUrl":"https:\/\/skaitytaknyga.lt\/wp-content\/uploads\/2024\/05\/1518432199_Catton_sviesuliai_72max.jpg","width":261,"height":430},{"@type":"BreadcrumbList","@id":"https:\/\/skaitytaknyga.lt\/produktas\/eleanor-catton-sviesuliai-xix-amziaus-naujosios-zelandijos-epas\/#breadcrumb","itemListElement":[{"@type":"ListItem","position":1,"name":"Home","item":"https:\/\/skaitytaknyga.lt\/"},{"@type":"ListItem","position":2,"name":"Parduotuv\u0117","item":"https:\/\/skaitytaknyga.lt\/knygu-parduotuve\/"},{"@type":"ListItem","position":3,"name":"\u0160viesuliai: XIX am\u017eiaus Naujosios Zelandijos epas"}]},{"@type":"WebSite","@id":"https:\/\/skaitytaknyga.lt\/#website","url":"https:\/\/skaitytaknyga.lt\/","name":"skaitytaknyga.lt","description":"Skaitytaknyga.lt \u2013 tai ma\u017eas \u0161eimos verslas, kuris prasid\u0117jo nuo meil\u0117s knygoms ir siekio i\u0161gelb\u0117ti knygas nuo likimo prie konteinerio. Kas vienam nereikalingas daiktas \u2013 kitam lobis, o mes esame tarpininkai, kurie padeda abiems tapti laimingesniems ???? \u017dinome kaip nelengva i\u0161gyventi ma\u017eiems verslams, tad nuo \u0161iol, \u010dia rasite ir kit\u0173, ma\u017e\u0173 \u0161eim\u0173 versl\u0173, rank\u0173 darbo, dovan\u0173 sau ir artimiesiems.","publisher":{"@id":"https:\/\/skaitytaknyga.lt\/#organization"},"potentialAction":[{"@type":"SearchAction","target":{"@type":"EntryPoint","urlTemplate":"https:\/\/skaitytaknyga.lt\/?s={search_term_string}"},"query-input":{"@type":"PropertyValueSpecification","valueRequired":true,"valueName":"search_term_string"}}],"inLanguage":"en-GB"},{"@type":"Organization","@id":"https:\/\/skaitytaknyga.lt\/#organization","name":"skaitytaknyga.lt","url":"https:\/\/skaitytaknyga.lt\/","logo":{"@type":"ImageObject","inLanguage":"en-GB","@id":"https:\/\/skaitytaknyga.lt\/#\/schema\/logo\/image\/","url":"https:\/\/skaitytaknyga.lt\/wp-content\/uploads\/2024\/05\/cropped-cropped-cropped-02_00843_jt3bggkj1j3HLc7SyY6rEUpg.jpeg","contentUrl":"https:\/\/skaitytaknyga.lt\/wp-content\/uploads\/2024\/05\/cropped-cropped-cropped-02_00843_jt3bggkj1j3HLc7SyY6rEUpg.jpeg","width":1600,"height":1600,"caption":"skaitytaknyga.lt"},"image":{"@id":"https:\/\/skaitytaknyga.lt\/#\/schema\/logo\/image\/"},"sameAs":["https:\/\/www.facebook.com\/skaitytaknyga\/"]}]}},"_links":{"self":[{"href":"https:\/\/skaitytaknyga.lt\/en\/wp-json\/wp\/v2\/product\/10106","targetHints":{"allow":["GET"]}}],"collection":[{"href":"https:\/\/skaitytaknyga.lt\/en\/wp-json\/wp\/v2\/product"}],"about":[{"href":"https:\/\/skaitytaknyga.lt\/en\/wp-json\/wp\/v2\/types\/product"}],"replies":[{"embeddable":true,"href":"https:\/\/skaitytaknyga.lt\/en\/wp-json\/wp\/v2\/comments?post=10106"}],"wp:featuredmedia":[{"embeddable":true,"href":"https:\/\/skaitytaknyga.lt\/en\/wp-json\/wp\/v2\/media\/10157"}],"wp:attachment":[{"href":"https:\/\/skaitytaknyga.lt\/en\/wp-json\/wp\/v2\/media?parent=10106"}],"wp:term":[{"taxonomy":"product_brand","embeddable":true,"href":"https:\/\/skaitytaknyga.lt\/en\/wp-json\/wp\/v2\/product_brand?post=10106"},{"taxonomy":"product_cat","embeddable":true,"href":"https:\/\/skaitytaknyga.lt\/en\/wp-json\/wp\/v2\/product_cat?post=10106"},{"taxonomy":"product_tag","embeddable":true,"href":"https:\/\/skaitytaknyga.lt\/en\/wp-json\/wp\/v2\/product_tag?post=10106"}],"curies":[{"name":"wp","href":"https:\/\/api.w.org\/{rel}","templated":true}]}}