{"id":10105,"date":"2024-05-04T18:06:38","date_gmt":"2024-05-04T18:06:38","guid":{"rendered":"https:\/\/skaitytaknyga.lt\/?post_type=product&#038;p=10105"},"modified":"2025-07-22T15:52:48","modified_gmt":"2025-07-22T12:52:48","slug":"james-oloughlin-tikrasis-vorenas-bafitas-kapitalo-valdymas-vadovavimas-zmonems-su-mazu-defektu","status":"publish","type":"product","link":"https:\/\/skaitytaknyga.lt\/en\/produktas\/james-oloughlin-tikrasis-vorenas-bafitas-kapitalo-valdymas-vadovavimas-zmonems-su-mazu-defektu\/","title":{"rendered":"James O&#8217;Loughlin \u201eTikrasis Vorenas Bafitas. Kapitalo valdymas, vadovavimas \u017emon\u0117ms\u201c (su ma\u017eu defektu)"},"content":{"rendered":"<p>Antras pagal turtingum\u0105 \u017emogus JAV Vorenas Bafitas yra \u017einomas kaip asmuo, geriausiai pasaulyje mokantis pasirinkti akcijas, bet tai yra ne vienintel\u0117 prie\u017eastis, pad\u0117jusi jam 37 metus didinti &#8220;Bershire Hathaway&#8221; investicijas 25 proc. per metus.<\/p>\n<p>O&#8217;Laflinas (O&#8217;Loughlin) pasakoja giliausi\u0105 verslo istorij\u0105: kaip Bafitas naudoja kapital\u0105 ir priver\u010dia savo vadybininkus &#8220;galvoti kaip savininkai&#8221;. Jis atskleid\u017eia paprast\u0105 protingos vadybos model\u012f&#8230;<\/p>\n","protected":false},"excerpt":{"rendered":"<p>Antras pagal turtingum\u0105 \u017emogus JAV Vorenas Bafitas yra \u017einomas kaip asmuo, geriausiai pasaulyje mokantis pasirinkti akcijas, bet tai yra ne vienintel\u0117 prie\u017eastis, pad\u0117jusi jam 37 metus didinti &#8220;Bershire Hathaway&#8221; investicijas 25 proc. per metus.<\/p>\n<p>O&#8217;Laflinas (O&#8217;Loughlin) pasakoja giliausi\u0105 verslo istorij\u0105: kaip Bafitas naudoja kapital\u0105 ir priver\u010dia savo vadybininkus &#8220;galvoti kaip savininkai&#8221;. Jis atskleid\u017eia paprast\u0105 protingos vadybos model\u012f&#8230;<\/p>\n","protected":false},"featured_media":10156,"comment_status":"closed","ping_status":"closed","template":"","meta":{"_acf_changed":false,"site-sidebar-layout":"default","site-content-layout":"","ast-site-content-layout":"default","site-content-style":"default","site-sidebar-style":"default","ast-global-header-display":"","ast-banner-title-visibility":"","ast-main-header-display":"","ast-hfb-above-header-display":"","ast-hfb-below-header-display":"","ast-hfb-mobile-header-display":"","site-post-title":"","ast-breadcrumbs-content":"","ast-featured-img":"","footer-sml-layout":"","ast-disable-related-posts":"","theme-transparent-header-meta":"","adv-header-id-meta":"","stick-header-meta":"","header-above-stick-meta":"","header-main-stick-meta":"","header-below-stick-meta":"","astra-migrate-meta-layouts":"default","ast-page-background-enabled":"default","ast-page-background-meta":{"desktop":{"background-color":"","background-image":"","background-repeat":"repeat","background-position":"center center","background-size":"auto","background-attachment":"scroll","background-type":"","background-media":"","overlay-type":"","overlay-color":"","overlay-opacity":"","overlay-gradient":""},"tablet":{"background-color":"","background-image":"","background-repeat":"repeat","background-position":"center center","background-size":"auto","background-attachment":"scroll","background-type":"","background-media":"","overlay-type":"","overlay-color":"","overlay-opacity":"","overlay-gradient":""},"mobile":{"background-color":"","background-image":"","background-repeat":"repeat","background-position":"center center","background-size":"auto","background-attachment":"scroll","background-type":"","background-media":"","overlay-type":"","overlay-color":"","overlay-opacity":"","overlay-gradient":""}},"ast-content-background-meta":{"desktop":{"background-color":"var(--ast-global-color-4)","background-image":"","background-repeat":"repeat","background-position":"center center","background-size":"auto","background-attachment":"scroll","background-type":"","background-media":"","overlay-type":"","overlay-color":"","overlay-opacity":"","overlay-gradient":""},"tablet":{"background-color":"var(--ast-global-color-4)","background-image":"","background-repeat":"repeat","background-position":"center center","background-size":"auto","background-attachment":"scroll","background-type":"","background-media":"","overlay-type":"","overlay-color":"","overlay-opacity":"","overlay-gradient":""},"mobile":{"background-color":"var(--ast-global-color-4)","background-image":"","background-repeat":"repeat","background-position":"center center","background-size":"auto","background-attachment":"scroll","background-type":"","background-media":"","overlay-type":"","overlay-color":"","overlay-opacity":"","overlay-gradient":""}}},"product_brand":[],"product_cat":[26],"product_tag":[],"class_list":{"0":"post-10105","1":"product","2":"type-product","3":"status-publish","4":"has-post-thumbnail","6":"product_cat-verslas-vadyba-ir-finansai","7":"desktop-align-left","8":"tablet-align-left","9":"mobile-align-left","11":"first","12":"instock","13":"shipping-taxable","14":"purchasable","15":"product-type-simple"},"acf":[],"yoast_head":"<!-- This site is optimized with the Yoast SEO plugin v27.4 - https:\/\/yoast.com\/product\/yoast-seo-wordpress\/ -->\n<title>James O&#039;Loughlin \u201eTikrasis Vorenas Bafitas. Kapitalo valdymas, vadovavimas \u017emon\u0117ms\u201c (su ma\u017eu defektu) - Skaitytaknyga<\/title>\n<meta name=\"description\" content=\"Antras pagal turtingum\u0105 \u017emogus JAV Vorenas Bafitas yra \u017einomas kaip asmuo, geriausiai pasaulyje mokantis pasirinkti akcijas, bet tai yra ne vienintel\u0117 prie\u017eastis, pad\u0117jusi jam 37 metus didinti &quot;Bershire Hathaway&quot; investicijas 25 proc. per metus.  O&#039;Laflinas (O&#039;Loughlin) pasakoja giliausi\u0105 verslo istorij\u0105: kaip Bafitas naudoja kapital\u0105 ir priver\u010dia savo vadybininkus &quot;galvoti kaip savininkai&quot;. Jis atskleid\u017eia paprast\u0105 protingos vadybos model\u012f...\" \/>\n<meta name=\"robots\" content=\"index, follow, max-snippet:-1, max-image-preview:large, max-video-preview:-1\" \/>\n<link rel=\"canonical\" href=\"https:\/\/skaitytaknyga.lt\/en\/produktas\/james-oloughlin-tikrasis-vorenas-bafitas-kapitalo-valdymas-vadovavimas-zmonems-su-mazu-defektu\/\" \/>\n<meta property=\"og:locale\" content=\"en_GB\" \/>\n<meta property=\"og:locale:alternate\" content=\"lt_LT\" \/>\n<meta property=\"og:type\" content=\"article\" \/>\n<meta property=\"og:title\" content=\"James O&#039;Loughlin \u201eTikrasis Vorenas Bafitas. Kapitalo valdymas, vadovavimas \u017emon\u0117ms\u201c (su ma\u017eu defektu) - Skaitytaknyga\" \/>\n<meta property=\"og:description\" content=\"Antras pagal turtingum\u0105 \u017emogus JAV Vorenas Bafitas yra \u017einomas kaip asmuo, geriausiai pasaulyje mokantis pasirinkti akcijas, bet tai yra ne vienintel\u0117 prie\u017eastis, pad\u0117jusi jam 37 metus didinti &quot;Bershire Hathaway&quot; investicijas 25 proc. per metus.  O&#039;Laflinas (O&#039;Loughlin) pasakoja giliausi\u0105 verslo istorij\u0105: kaip Bafitas naudoja kapital\u0105 ir priver\u010dia savo vadybininkus &quot;galvoti kaip savininkai&quot;. Jis atskleid\u017eia paprast\u0105 protingos vadybos model\u012f...\" \/>\n<meta property=\"og:url\" content=\"https:\/\/skaitytaknyga.lt\/en\/produktas\/james-oloughlin-tikrasis-vorenas-bafitas-kapitalo-valdymas-vadovavimas-zmonems-su-mazu-defektu\/\" \/>\n<meta property=\"og:site_name\" content=\"Skaitytaknyga\" \/>\n<meta property=\"article:publisher\" content=\"https:\/\/www.facebook.com\/skaitytaknyga\/\" \/>\n<meta property=\"article:modified_time\" content=\"2025-07-22T12:52:48+00:00\" \/>\n<meta property=\"og:image\" content=\"https:\/\/skaitytaknyga.lt\/wp-content\/uploads\/2024\/05\/1462885790_img0016-001.jpg\" \/>\n\t<meta property=\"og:image:width\" content=\"287\" \/>\n\t<meta property=\"og:image:height\" content=\"430\" \/>\n\t<meta property=\"og:image:type\" content=\"image\/jpeg\" \/>\n<meta name=\"twitter:card\" content=\"summary_large_image\" \/>\n<script type=\"application\/ld+json\" class=\"yoast-schema-graph\">{\"@context\":\"https:\\\/\\\/schema.org\",\"@graph\":[{\"@type\":\"WebPage\",\"@id\":\"https:\\\/\\\/skaitytaknyga.lt\\\/produktas\\\/james-oloughlin-tikrasis-vorenas-bafitas-kapitalo-valdymas-vadovavimas-zmonems-su-mazu-defektu\\\/\",\"url\":\"https:\\\/\\\/skaitytaknyga.lt\\\/produktas\\\/james-oloughlin-tikrasis-vorenas-bafitas-kapitalo-valdymas-vadovavimas-zmonems-su-mazu-defektu\\\/\",\"name\":\"James O'Loughlin \u201eTikrasis Vorenas Bafitas. Kapitalo valdymas, vadovavimas \u017emon\u0117ms\u201c (su ma\u017eu defektu) - Skaitytaknyga\",\"isPartOf\":{\"@id\":\"https:\\\/\\\/skaitytaknyga.lt\\\/#website\"},\"primaryImageOfPage\":{\"@id\":\"https:\\\/\\\/skaitytaknyga.lt\\\/produktas\\\/james-oloughlin-tikrasis-vorenas-bafitas-kapitalo-valdymas-vadovavimas-zmonems-su-mazu-defektu\\\/#primaryimage\"},\"image\":{\"@id\":\"https:\\\/\\\/skaitytaknyga.lt\\\/produktas\\\/james-oloughlin-tikrasis-vorenas-bafitas-kapitalo-valdymas-vadovavimas-zmonems-su-mazu-defektu\\\/#primaryimage\"},\"thumbnailUrl\":\"https:\\\/\\\/skaitytaknyga.lt\\\/wp-content\\\/uploads\\\/2024\\\/05\\\/1462885790_img0016-001.jpg\",\"datePublished\":\"2024-05-04T18:06:38+00:00\",\"dateModified\":\"2025-07-22T12:52:48+00:00\",\"description\":\"Antras pagal turtingum\u0105 \u017emogus JAV Vorenas Bafitas yra \u017einomas kaip asmuo, geriausiai pasaulyje mokantis pasirinkti akcijas, bet tai yra ne vienintel\u0117 prie\u017eastis, pad\u0117jusi jam 37 metus didinti \\\"Bershire Hathaway\\\" investicijas 25 proc. per metus. O'Laflinas (O'Loughlin) pasakoja giliausi\u0105 verslo istorij\u0105: kaip Bafitas naudoja kapital\u0105 ir priver\u010dia savo vadybininkus \\\"galvoti kaip savininkai\\\". Jis atskleid\u017eia paprast\u0105 protingos vadybos model\u012f...\",\"breadcrumb\":{\"@id\":\"https:\\\/\\\/skaitytaknyga.lt\\\/produktas\\\/james-oloughlin-tikrasis-vorenas-bafitas-kapitalo-valdymas-vadovavimas-zmonems-su-mazu-defektu\\\/#breadcrumb\"},\"inLanguage\":\"en-GB\",\"potentialAction\":[{\"@type\":\"ReadAction\",\"target\":[\"https:\\\/\\\/skaitytaknyga.lt\\\/produktas\\\/james-oloughlin-tikrasis-vorenas-bafitas-kapitalo-valdymas-vadovavimas-zmonems-su-mazu-defektu\\\/\"]}]},{\"@type\":\"ImageObject\",\"inLanguage\":\"en-GB\",\"@id\":\"https:\\\/\\\/skaitytaknyga.lt\\\/produktas\\\/james-oloughlin-tikrasis-vorenas-bafitas-kapitalo-valdymas-vadovavimas-zmonems-su-mazu-defektu\\\/#primaryimage\",\"url\":\"https:\\\/\\\/skaitytaknyga.lt\\\/wp-content\\\/uploads\\\/2024\\\/05\\\/1462885790_img0016-001.jpg\",\"contentUrl\":\"https:\\\/\\\/skaitytaknyga.lt\\\/wp-content\\\/uploads\\\/2024\\\/05\\\/1462885790_img0016-001.jpg\",\"width\":287,\"height\":430},{\"@type\":\"BreadcrumbList\",\"@id\":\"https:\\\/\\\/skaitytaknyga.lt\\\/produktas\\\/james-oloughlin-tikrasis-vorenas-bafitas-kapitalo-valdymas-vadovavimas-zmonems-su-mazu-defektu\\\/#breadcrumb\",\"itemListElement\":[{\"@type\":\"ListItem\",\"position\":1,\"name\":\"Home\",\"item\":\"https:\\\/\\\/skaitytaknyga.lt\\\/\"},{\"@type\":\"ListItem\",\"position\":2,\"name\":\"Parduotuv\u0117\",\"item\":\"https:\\\/\\\/skaitytaknyga.lt\\\/knygu-parduotuve\\\/\"},{\"@type\":\"ListItem\",\"position\":3,\"name\":\"James O&#8217;Loughlin \u201eTikrasis Vorenas Bafitas. Kapitalo valdymas, vadovavimas \u017emon\u0117ms\u201c (su ma\u017eu defektu)\"}]},{\"@type\":\"WebSite\",\"@id\":\"https:\\\/\\\/skaitytaknyga.lt\\\/#website\",\"url\":\"https:\\\/\\\/skaitytaknyga.lt\\\/\",\"name\":\"skaitytaknyga.lt\",\"description\":\"Skaitytaknyga.lt \u2013 tai ma\u017eas \u0161eimos verslas, kuris prasid\u0117jo nuo meil\u0117s knygoms ir siekio i\u0161gelb\u0117ti knygas nuo likimo prie konteinerio. Kas vienam nereikalingas daiktas \u2013 kitam lobis, o mes esame tarpininkai, kurie padeda abiems tapti laimingesniems ???? \u017dinome kaip nelengva i\u0161gyventi ma\u017eiems verslams, tad nuo \u0161iol, \u010dia rasite ir kit\u0173, ma\u017e\u0173 \u0161eim\u0173 versl\u0173, rank\u0173 darbo, dovan\u0173 sau ir artimiesiems.\",\"publisher\":{\"@id\":\"https:\\\/\\\/skaitytaknyga.lt\\\/#organization\"},\"potentialAction\":[{\"@type\":\"SearchAction\",\"target\":{\"@type\":\"EntryPoint\",\"urlTemplate\":\"https:\\\/\\\/skaitytaknyga.lt\\\/?s={search_term_string}\"},\"query-input\":{\"@type\":\"PropertyValueSpecification\",\"valueRequired\":true,\"valueName\":\"search_term_string\"}}],\"inLanguage\":\"en-GB\"},{\"@type\":\"Organization\",\"@id\":\"https:\\\/\\\/skaitytaknyga.lt\\\/#organization\",\"name\":\"skaitytaknyga.lt\",\"url\":\"https:\\\/\\\/skaitytaknyga.lt\\\/\",\"logo\":{\"@type\":\"ImageObject\",\"inLanguage\":\"en-GB\",\"@id\":\"https:\\\/\\\/skaitytaknyga.lt\\\/#\\\/schema\\\/logo\\\/image\\\/\",\"url\":\"https:\\\/\\\/skaitytaknyga.lt\\\/wp-content\\\/uploads\\\/2024\\\/05\\\/cropped-cropped-cropped-02_00843_jt3bggkj1j3HLc7SyY6rEUpg.jpeg\",\"contentUrl\":\"https:\\\/\\\/skaitytaknyga.lt\\\/wp-content\\\/uploads\\\/2024\\\/05\\\/cropped-cropped-cropped-02_00843_jt3bggkj1j3HLc7SyY6rEUpg.jpeg\",\"width\":1600,\"height\":1600,\"caption\":\"skaitytaknyga.lt\"},\"image\":{\"@id\":\"https:\\\/\\\/skaitytaknyga.lt\\\/#\\\/schema\\\/logo\\\/image\\\/\"},\"sameAs\":[\"https:\\\/\\\/www.facebook.com\\\/skaitytaknyga\\\/\"]}]}<\/script>\n<!-- \/ Yoast SEO plugin. -->","yoast_head_json":{"title":"James O'Loughlin \u201eTikrasis Vorenas Bafitas. Kapitalo valdymas, vadovavimas \u017emon\u0117ms\u201c (su ma\u017eu defektu) - Skaitytaknyga","description":"Antras pagal turtingum\u0105 \u017emogus JAV Vorenas Bafitas yra \u017einomas kaip asmuo, geriausiai pasaulyje mokantis pasirinkti akcijas, bet tai yra ne vienintel\u0117 prie\u017eastis, pad\u0117jusi jam 37 metus didinti \"Bershire Hathaway\" investicijas 25 proc. per metus.  O'Laflinas (O'Loughlin) pasakoja giliausi\u0105 verslo istorij\u0105: kaip Bafitas naudoja kapital\u0105 ir priver\u010dia savo vadybininkus \"galvoti kaip savininkai\". Jis atskleid\u017eia paprast\u0105 protingos vadybos model\u012f...","robots":{"index":"index","follow":"follow","max-snippet":"max-snippet:-1","max-image-preview":"max-image-preview:large","max-video-preview":"max-video-preview:-1"},"canonical":"https:\/\/skaitytaknyga.lt\/en\/produktas\/james-oloughlin-tikrasis-vorenas-bafitas-kapitalo-valdymas-vadovavimas-zmonems-su-mazu-defektu\/","og_locale":"en_GB","og_type":"article","og_title":"James O'Loughlin \u201eTikrasis Vorenas Bafitas. Kapitalo valdymas, vadovavimas \u017emon\u0117ms\u201c (su ma\u017eu defektu) - Skaitytaknyga","og_description":"Antras pagal turtingum\u0105 \u017emogus JAV Vorenas Bafitas yra \u017einomas kaip asmuo, geriausiai pasaulyje mokantis pasirinkti akcijas, bet tai yra ne vienintel\u0117 prie\u017eastis, pad\u0117jusi jam 37 metus didinti \"Bershire Hathaway\" investicijas 25 proc. per metus.  O'Laflinas (O'Loughlin) pasakoja giliausi\u0105 verslo istorij\u0105: kaip Bafitas naudoja kapital\u0105 ir priver\u010dia savo vadybininkus \"galvoti kaip savininkai\". Jis atskleid\u017eia paprast\u0105 protingos vadybos model\u012f...","og_url":"https:\/\/skaitytaknyga.lt\/en\/produktas\/james-oloughlin-tikrasis-vorenas-bafitas-kapitalo-valdymas-vadovavimas-zmonems-su-mazu-defektu\/","og_site_name":"Skaitytaknyga","article_publisher":"https:\/\/www.facebook.com\/skaitytaknyga\/","article_modified_time":"2025-07-22T12:52:48+00:00","og_image":[{"width":287,"height":430,"url":"https:\/\/skaitytaknyga.lt\/wp-content\/uploads\/2024\/05\/1462885790_img0016-001.jpg","type":"image\/jpeg"}],"twitter_card":"summary_large_image","schema":{"@context":"https:\/\/schema.org","@graph":[{"@type":"WebPage","@id":"https:\/\/skaitytaknyga.lt\/produktas\/james-oloughlin-tikrasis-vorenas-bafitas-kapitalo-valdymas-vadovavimas-zmonems-su-mazu-defektu\/","url":"https:\/\/skaitytaknyga.lt\/produktas\/james-oloughlin-tikrasis-vorenas-bafitas-kapitalo-valdymas-vadovavimas-zmonems-su-mazu-defektu\/","name":"James O'Loughlin \u201eTikrasis Vorenas Bafitas. Kapitalo valdymas, vadovavimas \u017emon\u0117ms\u201c (su ma\u017eu defektu) - Skaitytaknyga","isPartOf":{"@id":"https:\/\/skaitytaknyga.lt\/#website"},"primaryImageOfPage":{"@id":"https:\/\/skaitytaknyga.lt\/produktas\/james-oloughlin-tikrasis-vorenas-bafitas-kapitalo-valdymas-vadovavimas-zmonems-su-mazu-defektu\/#primaryimage"},"image":{"@id":"https:\/\/skaitytaknyga.lt\/produktas\/james-oloughlin-tikrasis-vorenas-bafitas-kapitalo-valdymas-vadovavimas-zmonems-su-mazu-defektu\/#primaryimage"},"thumbnailUrl":"https:\/\/skaitytaknyga.lt\/wp-content\/uploads\/2024\/05\/1462885790_img0016-001.jpg","datePublished":"2024-05-04T18:06:38+00:00","dateModified":"2025-07-22T12:52:48+00:00","description":"Antras pagal turtingum\u0105 \u017emogus JAV Vorenas Bafitas yra \u017einomas kaip asmuo, geriausiai pasaulyje mokantis pasirinkti akcijas, bet tai yra ne vienintel\u0117 prie\u017eastis, pad\u0117jusi jam 37 metus didinti \"Bershire Hathaway\" investicijas 25 proc. per metus. O'Laflinas (O'Loughlin) pasakoja giliausi\u0105 verslo istorij\u0105: kaip Bafitas naudoja kapital\u0105 ir priver\u010dia savo vadybininkus \"galvoti kaip savininkai\". Jis atskleid\u017eia paprast\u0105 protingos vadybos model\u012f...","breadcrumb":{"@id":"https:\/\/skaitytaknyga.lt\/produktas\/james-oloughlin-tikrasis-vorenas-bafitas-kapitalo-valdymas-vadovavimas-zmonems-su-mazu-defektu\/#breadcrumb"},"inLanguage":"en-GB","potentialAction":[{"@type":"ReadAction","target":["https:\/\/skaitytaknyga.lt\/produktas\/james-oloughlin-tikrasis-vorenas-bafitas-kapitalo-valdymas-vadovavimas-zmonems-su-mazu-defektu\/"]}]},{"@type":"ImageObject","inLanguage":"en-GB","@id":"https:\/\/skaitytaknyga.lt\/produktas\/james-oloughlin-tikrasis-vorenas-bafitas-kapitalo-valdymas-vadovavimas-zmonems-su-mazu-defektu\/#primaryimage","url":"https:\/\/skaitytaknyga.lt\/wp-content\/uploads\/2024\/05\/1462885790_img0016-001.jpg","contentUrl":"https:\/\/skaitytaknyga.lt\/wp-content\/uploads\/2024\/05\/1462885790_img0016-001.jpg","width":287,"height":430},{"@type":"BreadcrumbList","@id":"https:\/\/skaitytaknyga.lt\/produktas\/james-oloughlin-tikrasis-vorenas-bafitas-kapitalo-valdymas-vadovavimas-zmonems-su-mazu-defektu\/#breadcrumb","itemListElement":[{"@type":"ListItem","position":1,"name":"Home","item":"https:\/\/skaitytaknyga.lt\/"},{"@type":"ListItem","position":2,"name":"Parduotuv\u0117","item":"https:\/\/skaitytaknyga.lt\/knygu-parduotuve\/"},{"@type":"ListItem","position":3,"name":"James O&#8217;Loughlin \u201eTikrasis Vorenas Bafitas. Kapitalo valdymas, vadovavimas \u017emon\u0117ms\u201c (su ma\u017eu defektu)"}]},{"@type":"WebSite","@id":"https:\/\/skaitytaknyga.lt\/#website","url":"https:\/\/skaitytaknyga.lt\/","name":"skaitytaknyga.lt","description":"Skaitytaknyga.lt \u2013 tai ma\u017eas \u0161eimos verslas, kuris prasid\u0117jo nuo meil\u0117s knygoms ir siekio i\u0161gelb\u0117ti knygas nuo likimo prie konteinerio. Kas vienam nereikalingas daiktas \u2013 kitam lobis, o mes esame tarpininkai, kurie padeda abiems tapti laimingesniems ???? \u017dinome kaip nelengva i\u0161gyventi ma\u017eiems verslams, tad nuo \u0161iol, \u010dia rasite ir kit\u0173, ma\u017e\u0173 \u0161eim\u0173 versl\u0173, rank\u0173 darbo, dovan\u0173 sau ir artimiesiems.","publisher":{"@id":"https:\/\/skaitytaknyga.lt\/#organization"},"potentialAction":[{"@type":"SearchAction","target":{"@type":"EntryPoint","urlTemplate":"https:\/\/skaitytaknyga.lt\/?s={search_term_string}"},"query-input":{"@type":"PropertyValueSpecification","valueRequired":true,"valueName":"search_term_string"}}],"inLanguage":"en-GB"},{"@type":"Organization","@id":"https:\/\/skaitytaknyga.lt\/#organization","name":"skaitytaknyga.lt","url":"https:\/\/skaitytaknyga.lt\/","logo":{"@type":"ImageObject","inLanguage":"en-GB","@id":"https:\/\/skaitytaknyga.lt\/#\/schema\/logo\/image\/","url":"https:\/\/skaitytaknyga.lt\/wp-content\/uploads\/2024\/05\/cropped-cropped-cropped-02_00843_jt3bggkj1j3HLc7SyY6rEUpg.jpeg","contentUrl":"https:\/\/skaitytaknyga.lt\/wp-content\/uploads\/2024\/05\/cropped-cropped-cropped-02_00843_jt3bggkj1j3HLc7SyY6rEUpg.jpeg","width":1600,"height":1600,"caption":"skaitytaknyga.lt"},"image":{"@id":"https:\/\/skaitytaknyga.lt\/#\/schema\/logo\/image\/"},"sameAs":["https:\/\/www.facebook.com\/skaitytaknyga\/"]}]}},"_links":{"self":[{"href":"https:\/\/skaitytaknyga.lt\/en\/wp-json\/wp\/v2\/product\/10105","targetHints":{"allow":["GET"]}}],"collection":[{"href":"https:\/\/skaitytaknyga.lt\/en\/wp-json\/wp\/v2\/product"}],"about":[{"href":"https:\/\/skaitytaknyga.lt\/en\/wp-json\/wp\/v2\/types\/product"}],"replies":[{"embeddable":true,"href":"https:\/\/skaitytaknyga.lt\/en\/wp-json\/wp\/v2\/comments?post=10105"}],"wp:featuredmedia":[{"embeddable":true,"href":"https:\/\/skaitytaknyga.lt\/en\/wp-json\/wp\/v2\/media\/10156"}],"wp:attachment":[{"href":"https:\/\/skaitytaknyga.lt\/en\/wp-json\/wp\/v2\/media?parent=10105"}],"wp:term":[{"taxonomy":"product_brand","embeddable":true,"href":"https:\/\/skaitytaknyga.lt\/en\/wp-json\/wp\/v2\/product_brand?post=10105"},{"taxonomy":"product_cat","embeddable":true,"href":"https:\/\/skaitytaknyga.lt\/en\/wp-json\/wp\/v2\/product_cat?post=10105"},{"taxonomy":"product_tag","embeddable":true,"href":"https:\/\/skaitytaknyga.lt\/en\/wp-json\/wp\/v2\/product_tag?post=10105"}],"curies":[{"name":"wp","href":"https:\/\/api.w.org\/{rel}","templated":true}]}}