{"id":10101,"date":"2024-05-04T18:06:38","date_gmt":"2024-05-04T18:06:38","guid":{"rendered":"https:\/\/skaitytaknyga.lt\/?post_type=product&#038;p=10101"},"modified":"2024-05-04T18:07:39","modified_gmt":"2024-05-04T18:07:39","slug":"mary-batchelor-atsiverciame-biblija","status":"publish","type":"product","link":"https:\/\/skaitytaknyga.lt\/en\/produktas\/mary-batchelor-atsiverciame-biblija\/","title":{"rendered":"Mary Batchelor \u201eAtsiver\u010diame Biblij\u0105\u201c"},"content":{"rendered":"<p>Puikus \u012fvadas \u012f Knyg\u0173 Knyg\u0105<\/p>\n<p>Biblija, kurioje rasime ne\u017einios ir l\u016bkes\u010di\u0173, nuotyki\u0173 ir rizikos, \u017emogi\u0161k\u0173 emocij\u0173 ir gilios meil\u0117s, pelnytai laikoma labiausiai pasaulyje skaitoma knyga. Ji tiesiog \u0161aukiasi \u0161iandieninio skaitytojo.<\/p>\n<p>Mer\u0117s Ba\u010delor vadovas \u012f Biblij\u0105 para\u0161ytas su dideliu i\u0161manymu, sumaniai ir ai\u0161kiai. Jis veda \u012f kelion\u0119 per kiekvien\u0105 \u0160ventojo Ra\u0161to knyg\u0105, i\u0161ry\u0161kindamas svarbiausius momentus, pateikdamas trumpas santraukas, svarbias citatas, i\u0161vadas bei esmin\u0119 informacij\u0105 apie istorines aplinkybes.<\/p>\n<p>Spalvingi \u017eem\u0117lapiai, diagramos ir nuotraukos papildo gyvenimi\u0161k\u0105 pasakojim\u0105, kuriame jau\u010diame realias situacijas, gyvus \u017emones.<\/p>\n<p>Knyga \u201eAtver\u010diame Biblij\u0105\u201c \u012ftaigiai atskleid\u017eia, kod\u0117l Biblija svarbi Vakar\u0173 kult\u016brai ir kaip \u0161i nesenstanti \u017einia yra aktuali \u0161iandien.<\/p>\n","protected":false},"excerpt":{"rendered":"<p>Puikus \u012fvadas \u012f Knyg\u0173 Knyg\u0105<\/p>\n<p>Biblija, kurioje rasime ne\u017einios ir l\u016bkes\u010di\u0173, nuotyki\u0173 ir rizikos, \u017emogi\u0161k\u0173 emocij\u0173 ir gilios meil\u0117s, pelnytai laikoma labiausiai pasaulyje skaitoma knyga. Ji tiesiog \u0161aukiasi \u0161iandieninio skaitytojo.<\/p>\n<p>Mer\u0117s Ba\u010delor vadovas \u012f Biblij\u0105 para\u0161ytas su dideliu i\u0161manymu, sumaniai ir ai\u0161kiai. Jis veda \u012f kelion\u0119 per kiekvien\u0105 \u0160ventojo Ra\u0161to knyg\u0105, i\u0161ry\u0161kindamas svarbiausius momentus, pateikdamas trumpas santraukas, svarbias citatas, i\u0161vadas bei esmin\u0119 informacij\u0105 apie istorines aplinkybes.<\/p>\n<p>Spalvingi \u017eem\u0117lapiai, diagramos ir nuotraukos papildo gyvenimi\u0161k\u0105 pasakojim\u0105, kuriame jau\u010diame realias situacijas, gyvus \u017emones.<\/p>\n<p>Knyga \u201eAtver\u010diame Biblij\u0105\u201c \u012ftaigiai atskleid\u017eia, kod\u0117l Biblija svarbi Vakar\u0173 kult\u016brai ir kaip \u0161i nesenstanti \u017einia yra aktuali \u0161iandien.<\/p>\n","protected":false},"featured_media":10143,"comment_status":"closed","ping_status":"closed","template":"","meta":{"_acf_changed":false,"site-sidebar-layout":"default","site-content-layout":"","ast-site-content-layout":"default","site-content-style":"default","site-sidebar-style":"default","ast-global-header-display":"","ast-banner-title-visibility":"","ast-main-header-display":"","ast-hfb-above-header-display":"","ast-hfb-below-header-display":"","ast-hfb-mobile-header-display":"","site-post-title":"","ast-breadcrumbs-content":"","ast-featured-img":"","footer-sml-layout":"","ast-disable-related-posts":"","theme-transparent-header-meta":"","adv-header-id-meta":"","stick-header-meta":"","header-above-stick-meta":"","header-main-stick-meta":"","header-below-stick-meta":"","astra-migrate-meta-layouts":"default","ast-page-background-enabled":"default","ast-page-background-meta":{"desktop":{"background-color":"","background-image":"","background-repeat":"repeat","background-position":"center center","background-size":"auto","background-attachment":"scroll","background-type":"","background-media":"","overlay-type":"","overlay-color":"","overlay-opacity":"","overlay-gradient":""},"tablet":{"background-color":"","background-image":"","background-repeat":"repeat","background-position":"center center","background-size":"auto","background-attachment":"scroll","background-type":"","background-media":"","overlay-type":"","overlay-color":"","overlay-opacity":"","overlay-gradient":""},"mobile":{"background-color":"","background-image":"","background-repeat":"repeat","background-position":"center center","background-size":"auto","background-attachment":"scroll","background-type":"","background-media":"","overlay-type":"","overlay-color":"","overlay-opacity":"","overlay-gradient":""}},"ast-content-background-meta":{"desktop":{"background-color":"var(--ast-global-color-4)","background-image":"","background-repeat":"repeat","background-position":"center center","background-size":"auto","background-attachment":"scroll","background-type":"","background-media":"","overlay-type":"","overlay-color":"","overlay-opacity":"","overlay-gradient":""},"tablet":{"background-color":"var(--ast-global-color-4)","background-image":"","background-repeat":"repeat","background-position":"center center","background-size":"auto","background-attachment":"scroll","background-type":"","background-media":"","overlay-type":"","overlay-color":"","overlay-opacity":"","overlay-gradient":""},"mobile":{"background-color":"var(--ast-global-color-4)","background-image":"","background-repeat":"repeat","background-position":"center center","background-size":"auto","background-attachment":"scroll","background-type":"","background-media":"","overlay-type":"","overlay-color":"","overlay-opacity":"","overlay-gradient":""}}},"product_brand":[],"product_cat":[165],"product_tag":[],"class_list":{"0":"post-10101","1":"product","2":"type-product","3":"status-publish","4":"has-post-thumbnail","6":"product_cat-religija-filosofija-ir-ezoterika","7":"desktop-align-left","8":"tablet-align-left","9":"mobile-align-left","11":"first","12":"instock","13":"shipping-taxable","14":"purchasable","15":"product-type-simple"},"acf":[],"yoast_head":"<!-- This site is optimized with the Yoast SEO plugin v27.4 - https:\/\/yoast.com\/product\/yoast-seo-wordpress\/ -->\n<title>Mary Batchelor \u201eAtsiver\u010diame Biblij\u0105\u201c - Skaitytaknyga<\/title>\n<meta name=\"description\" content=\"Puikus \u012fvadas \u012f Knyg\u0173 Knyg\u0105  Biblija, kurioje rasime ne\u017einios ir l\u016bkes\u010di\u0173, nuotyki\u0173 ir rizikos, \u017emogi\u0161k\u0173 emocij\u0173 ir gilios meil\u0117s, pelnytai laikoma labiausiai pasaulyje skaitoma knyga. Ji tiesiog \u0161aukiasi \u0161iandieninio skaitytojo.  Mer\u0117s Ba\u010delor vadovas \u012f Biblij\u0105 para\u0161ytas su dideliu i\u0161manymu, sumaniai ir ai\u0161kiai. Jis veda \u012f kelion\u0119 per kiekvien\u0105 \u0160ventojo Ra\u0161to knyg\u0105, i\u0161ry\u0161kindamas svarbiausius momentus, pateikdamas trumpas santraukas, svarbias citatas, i\u0161vadas bei esmin\u0119 informacij\u0105 apie istorines aplinkybes.  Spalvingi \u017eem\u0117lapiai, diagramos ir nuotraukos papildo gyvenimi\u0161k\u0105 pasakojim\u0105, kuriame jau\u010diame realias situacijas, gyvus \u017emones.  Knyga \u201eAtver\u010diame Biblij\u0105\u201c \u012ftaigiai atskleid\u017eia, kod\u0117l Biblija svarbi Vakar\u0173 kult\u016brai ir kaip \u0161i nesenstanti \u017einia yra aktuali \u0161iandien.\" \/>\n<meta name=\"robots\" content=\"index, follow, max-snippet:-1, max-image-preview:large, max-video-preview:-1\" \/>\n<link rel=\"canonical\" href=\"https:\/\/skaitytaknyga.lt\/en\/produktas\/mary-batchelor-atsiverciame-biblija\/\" \/>\n<meta property=\"og:locale\" content=\"en_GB\" \/>\n<meta property=\"og:locale:alternate\" content=\"lt_LT\" \/>\n<meta property=\"og:type\" content=\"article\" \/>\n<meta property=\"og:title\" content=\"Mary Batchelor \u201eAtsiver\u010diame Biblij\u0105\u201c - Skaitytaknyga\" \/>\n<meta property=\"og:description\" content=\"Puikus \u012fvadas \u012f Knyg\u0173 Knyg\u0105  Biblija, kurioje rasime ne\u017einios ir l\u016bkes\u010di\u0173, nuotyki\u0173 ir rizikos, \u017emogi\u0161k\u0173 emocij\u0173 ir gilios meil\u0117s, pelnytai laikoma labiausiai pasaulyje skaitoma knyga. Ji tiesiog \u0161aukiasi \u0161iandieninio skaitytojo.  Mer\u0117s Ba\u010delor vadovas \u012f Biblij\u0105 para\u0161ytas su dideliu i\u0161manymu, sumaniai ir ai\u0161kiai. Jis veda \u012f kelion\u0119 per kiekvien\u0105 \u0160ventojo Ra\u0161to knyg\u0105, i\u0161ry\u0161kindamas svarbiausius momentus, pateikdamas trumpas santraukas, svarbias citatas, i\u0161vadas bei esmin\u0119 informacij\u0105 apie istorines aplinkybes.  Spalvingi \u017eem\u0117lapiai, diagramos ir nuotraukos papildo gyvenimi\u0161k\u0105 pasakojim\u0105, kuriame jau\u010diame realias situacijas, gyvus \u017emones.  Knyga \u201eAtver\u010diame Biblij\u0105\u201c \u012ftaigiai atskleid\u017eia, kod\u0117l Biblija svarbi Vakar\u0173 kult\u016brai ir kaip \u0161i nesenstanti \u017einia yra aktuali \u0161iandien.\" \/>\n<meta property=\"og:url\" content=\"https:\/\/skaitytaknyga.lt\/en\/produktas\/mary-batchelor-atsiverciame-biblija\/\" \/>\n<meta property=\"og:site_name\" content=\"Skaitytaknyga\" \/>\n<meta property=\"article:publisher\" content=\"https:\/\/www.facebook.com\/skaitytaknyga\/\" \/>\n<meta property=\"article:modified_time\" content=\"2024-05-04T18:07:39+00:00\" \/>\n<meta property=\"og:image\" content=\"https:\/\/skaitytaknyga.lt\/wp-content\/uploads\/2024\/05\/1462876014_atsiverciame-biblija1.jpg\" \/>\n\t<meta property=\"og:image:width\" content=\"320\" \/>\n\t<meta property=\"og:image:height\" content=\"403\" \/>\n\t<meta property=\"og:image:type\" content=\"image\/jpeg\" \/>\n<meta name=\"twitter:card\" content=\"summary_large_image\" \/>\n<meta name=\"twitter:label1\" content=\"Estimated reading time\" \/>\n\t<meta name=\"twitter:data1\" content=\"1 minute\" \/>\n<script type=\"application\/ld+json\" class=\"yoast-schema-graph\">{\"@context\":\"https:\\\/\\\/schema.org\",\"@graph\":[{\"@type\":\"WebPage\",\"@id\":\"https:\\\/\\\/skaitytaknyga.lt\\\/produktas\\\/mary-batchelor-atsiverciame-biblija\\\/\",\"url\":\"https:\\\/\\\/skaitytaknyga.lt\\\/produktas\\\/mary-batchelor-atsiverciame-biblija\\\/\",\"name\":\"Mary Batchelor \u201eAtsiver\u010diame Biblij\u0105\u201c - Skaitytaknyga\",\"isPartOf\":{\"@id\":\"https:\\\/\\\/skaitytaknyga.lt\\\/#website\"},\"primaryImageOfPage\":{\"@id\":\"https:\\\/\\\/skaitytaknyga.lt\\\/produktas\\\/mary-batchelor-atsiverciame-biblija\\\/#primaryimage\"},\"image\":{\"@id\":\"https:\\\/\\\/skaitytaknyga.lt\\\/produktas\\\/mary-batchelor-atsiverciame-biblija\\\/#primaryimage\"},\"thumbnailUrl\":\"https:\\\/\\\/skaitytaknyga.lt\\\/wp-content\\\/uploads\\\/2024\\\/05\\\/1462876014_atsiverciame-biblija1.jpg\",\"datePublished\":\"2024-05-04T18:06:38+00:00\",\"dateModified\":\"2024-05-04T18:07:39+00:00\",\"description\":\"Puikus \u012fvadas \u012f Knyg\u0173 Knyg\u0105 Biblija, kurioje rasime ne\u017einios ir l\u016bkes\u010di\u0173, nuotyki\u0173 ir rizikos, \u017emogi\u0161k\u0173 emocij\u0173 ir gilios meil\u0117s, pelnytai laikoma labiausiai pasaulyje skaitoma knyga. Ji tiesiog \u0161aukiasi \u0161iandieninio skaitytojo. Mer\u0117s Ba\u010delor vadovas \u012f Biblij\u0105 para\u0161ytas su dideliu i\u0161manymu, sumaniai ir ai\u0161kiai. Jis veda \u012f kelion\u0119 per kiekvien\u0105 \u0160ventojo Ra\u0161to knyg\u0105, i\u0161ry\u0161kindamas svarbiausius momentus, pateikdamas trumpas santraukas, svarbias citatas, i\u0161vadas bei esmin\u0119 informacij\u0105 apie istorines aplinkybes. Spalvingi \u017eem\u0117lapiai, diagramos ir nuotraukos papildo gyvenimi\u0161k\u0105 pasakojim\u0105, kuriame jau\u010diame realias situacijas, gyvus \u017emones. Knyga \u201eAtver\u010diame Biblij\u0105\u201c \u012ftaigiai atskleid\u017eia, kod\u0117l Biblija svarbi Vakar\u0173 kult\u016brai ir kaip \u0161i nesenstanti \u017einia yra aktuali \u0161iandien.\",\"breadcrumb\":{\"@id\":\"https:\\\/\\\/skaitytaknyga.lt\\\/produktas\\\/mary-batchelor-atsiverciame-biblija\\\/#breadcrumb\"},\"inLanguage\":\"en-GB\",\"potentialAction\":[{\"@type\":\"ReadAction\",\"target\":[\"https:\\\/\\\/skaitytaknyga.lt\\\/produktas\\\/mary-batchelor-atsiverciame-biblija\\\/\"]}]},{\"@type\":\"ImageObject\",\"inLanguage\":\"en-GB\",\"@id\":\"https:\\\/\\\/skaitytaknyga.lt\\\/produktas\\\/mary-batchelor-atsiverciame-biblija\\\/#primaryimage\",\"url\":\"https:\\\/\\\/skaitytaknyga.lt\\\/wp-content\\\/uploads\\\/2024\\\/05\\\/1462876014_atsiverciame-biblija1.jpg\",\"contentUrl\":\"https:\\\/\\\/skaitytaknyga.lt\\\/wp-content\\\/uploads\\\/2024\\\/05\\\/1462876014_atsiverciame-biblija1.jpg\",\"width\":320,\"height\":403},{\"@type\":\"BreadcrumbList\",\"@id\":\"https:\\\/\\\/skaitytaknyga.lt\\\/produktas\\\/mary-batchelor-atsiverciame-biblija\\\/#breadcrumb\",\"itemListElement\":[{\"@type\":\"ListItem\",\"position\":1,\"name\":\"Home\",\"item\":\"https:\\\/\\\/skaitytaknyga.lt\\\/\"},{\"@type\":\"ListItem\",\"position\":2,\"name\":\"Parduotuv\u0117\",\"item\":\"https:\\\/\\\/skaitytaknyga.lt\\\/knygu-parduotuve\\\/\"},{\"@type\":\"ListItem\",\"position\":3,\"name\":\"Mary Batchelor \u201eAtsiver\u010diame Biblij\u0105\u201c\"}]},{\"@type\":\"WebSite\",\"@id\":\"https:\\\/\\\/skaitytaknyga.lt\\\/#website\",\"url\":\"https:\\\/\\\/skaitytaknyga.lt\\\/\",\"name\":\"skaitytaknyga.lt\",\"description\":\"Skaitytaknyga.lt \u2013 tai ma\u017eas \u0161eimos verslas, kuris prasid\u0117jo nuo meil\u0117s knygoms ir siekio i\u0161gelb\u0117ti knygas nuo likimo prie konteinerio. Kas vienam nereikalingas daiktas \u2013 kitam lobis, o mes esame tarpininkai, kurie padeda abiems tapti laimingesniems ???? \u017dinome kaip nelengva i\u0161gyventi ma\u017eiems verslams, tad nuo \u0161iol, \u010dia rasite ir kit\u0173, ma\u017e\u0173 \u0161eim\u0173 versl\u0173, rank\u0173 darbo, dovan\u0173 sau ir artimiesiems.\",\"publisher\":{\"@id\":\"https:\\\/\\\/skaitytaknyga.lt\\\/#organization\"},\"potentialAction\":[{\"@type\":\"SearchAction\",\"target\":{\"@type\":\"EntryPoint\",\"urlTemplate\":\"https:\\\/\\\/skaitytaknyga.lt\\\/?s={search_term_string}\"},\"query-input\":{\"@type\":\"PropertyValueSpecification\",\"valueRequired\":true,\"valueName\":\"search_term_string\"}}],\"inLanguage\":\"en-GB\"},{\"@type\":\"Organization\",\"@id\":\"https:\\\/\\\/skaitytaknyga.lt\\\/#organization\",\"name\":\"skaitytaknyga.lt\",\"url\":\"https:\\\/\\\/skaitytaknyga.lt\\\/\",\"logo\":{\"@type\":\"ImageObject\",\"inLanguage\":\"en-GB\",\"@id\":\"https:\\\/\\\/skaitytaknyga.lt\\\/#\\\/schema\\\/logo\\\/image\\\/\",\"url\":\"https:\\\/\\\/skaitytaknyga.lt\\\/wp-content\\\/uploads\\\/2024\\\/05\\\/cropped-cropped-cropped-02_00843_jt3bggkj1j3HLc7SyY6rEUpg.jpeg\",\"contentUrl\":\"https:\\\/\\\/skaitytaknyga.lt\\\/wp-content\\\/uploads\\\/2024\\\/05\\\/cropped-cropped-cropped-02_00843_jt3bggkj1j3HLc7SyY6rEUpg.jpeg\",\"width\":1600,\"height\":1600,\"caption\":\"skaitytaknyga.lt\"},\"image\":{\"@id\":\"https:\\\/\\\/skaitytaknyga.lt\\\/#\\\/schema\\\/logo\\\/image\\\/\"},\"sameAs\":[\"https:\\\/\\\/www.facebook.com\\\/skaitytaknyga\\\/\"]}]}<\/script>\n<!-- \/ Yoast SEO plugin. -->","yoast_head_json":{"title":"Mary Batchelor \u201eAtsiver\u010diame Biblij\u0105\u201c - Skaitytaknyga","description":"Puikus \u012fvadas \u012f Knyg\u0173 Knyg\u0105  Biblija, kurioje rasime ne\u017einios ir l\u016bkes\u010di\u0173, nuotyki\u0173 ir rizikos, \u017emogi\u0161k\u0173 emocij\u0173 ir gilios meil\u0117s, pelnytai laikoma labiausiai pasaulyje skaitoma knyga. Ji tiesiog \u0161aukiasi \u0161iandieninio skaitytojo.  Mer\u0117s Ba\u010delor vadovas \u012f Biblij\u0105 para\u0161ytas su dideliu i\u0161manymu, sumaniai ir ai\u0161kiai. Jis veda \u012f kelion\u0119 per kiekvien\u0105 \u0160ventojo Ra\u0161to knyg\u0105, i\u0161ry\u0161kindamas svarbiausius momentus, pateikdamas trumpas santraukas, svarbias citatas, i\u0161vadas bei esmin\u0119 informacij\u0105 apie istorines aplinkybes.  Spalvingi \u017eem\u0117lapiai, diagramos ir nuotraukos papildo gyvenimi\u0161k\u0105 pasakojim\u0105, kuriame jau\u010diame realias situacijas, gyvus \u017emones.  Knyga \u201eAtver\u010diame Biblij\u0105\u201c \u012ftaigiai atskleid\u017eia, kod\u0117l Biblija svarbi Vakar\u0173 kult\u016brai ir kaip \u0161i nesenstanti \u017einia yra aktuali \u0161iandien.","robots":{"index":"index","follow":"follow","max-snippet":"max-snippet:-1","max-image-preview":"max-image-preview:large","max-video-preview":"max-video-preview:-1"},"canonical":"https:\/\/skaitytaknyga.lt\/en\/produktas\/mary-batchelor-atsiverciame-biblija\/","og_locale":"en_GB","og_type":"article","og_title":"Mary Batchelor \u201eAtsiver\u010diame Biblij\u0105\u201c - Skaitytaknyga","og_description":"Puikus \u012fvadas \u012f Knyg\u0173 Knyg\u0105  Biblija, kurioje rasime ne\u017einios ir l\u016bkes\u010di\u0173, nuotyki\u0173 ir rizikos, \u017emogi\u0161k\u0173 emocij\u0173 ir gilios meil\u0117s, pelnytai laikoma labiausiai pasaulyje skaitoma knyga. Ji tiesiog \u0161aukiasi \u0161iandieninio skaitytojo.  Mer\u0117s Ba\u010delor vadovas \u012f Biblij\u0105 para\u0161ytas su dideliu i\u0161manymu, sumaniai ir ai\u0161kiai. Jis veda \u012f kelion\u0119 per kiekvien\u0105 \u0160ventojo Ra\u0161to knyg\u0105, i\u0161ry\u0161kindamas svarbiausius momentus, pateikdamas trumpas santraukas, svarbias citatas, i\u0161vadas bei esmin\u0119 informacij\u0105 apie istorines aplinkybes.  Spalvingi \u017eem\u0117lapiai, diagramos ir nuotraukos papildo gyvenimi\u0161k\u0105 pasakojim\u0105, kuriame jau\u010diame realias situacijas, gyvus \u017emones.  Knyga \u201eAtver\u010diame Biblij\u0105\u201c \u012ftaigiai atskleid\u017eia, kod\u0117l Biblija svarbi Vakar\u0173 kult\u016brai ir kaip \u0161i nesenstanti \u017einia yra aktuali \u0161iandien.","og_url":"https:\/\/skaitytaknyga.lt\/en\/produktas\/mary-batchelor-atsiverciame-biblija\/","og_site_name":"Skaitytaknyga","article_publisher":"https:\/\/www.facebook.com\/skaitytaknyga\/","article_modified_time":"2024-05-04T18:07:39+00:00","og_image":[{"width":320,"height":403,"url":"https:\/\/skaitytaknyga.lt\/wp-content\/uploads\/2024\/05\/1462876014_atsiverciame-biblija1.jpg","type":"image\/jpeg"}],"twitter_card":"summary_large_image","twitter_misc":{"Estimated reading time":"1 minute"},"schema":{"@context":"https:\/\/schema.org","@graph":[{"@type":"WebPage","@id":"https:\/\/skaitytaknyga.lt\/produktas\/mary-batchelor-atsiverciame-biblija\/","url":"https:\/\/skaitytaknyga.lt\/produktas\/mary-batchelor-atsiverciame-biblija\/","name":"Mary Batchelor \u201eAtsiver\u010diame Biblij\u0105\u201c - Skaitytaknyga","isPartOf":{"@id":"https:\/\/skaitytaknyga.lt\/#website"},"primaryImageOfPage":{"@id":"https:\/\/skaitytaknyga.lt\/produktas\/mary-batchelor-atsiverciame-biblija\/#primaryimage"},"image":{"@id":"https:\/\/skaitytaknyga.lt\/produktas\/mary-batchelor-atsiverciame-biblija\/#primaryimage"},"thumbnailUrl":"https:\/\/skaitytaknyga.lt\/wp-content\/uploads\/2024\/05\/1462876014_atsiverciame-biblija1.jpg","datePublished":"2024-05-04T18:06:38+00:00","dateModified":"2024-05-04T18:07:39+00:00","description":"Puikus \u012fvadas \u012f Knyg\u0173 Knyg\u0105 Biblija, kurioje rasime ne\u017einios ir l\u016bkes\u010di\u0173, nuotyki\u0173 ir rizikos, \u017emogi\u0161k\u0173 emocij\u0173 ir gilios meil\u0117s, pelnytai laikoma labiausiai pasaulyje skaitoma knyga. Ji tiesiog \u0161aukiasi \u0161iandieninio skaitytojo. Mer\u0117s Ba\u010delor vadovas \u012f Biblij\u0105 para\u0161ytas su dideliu i\u0161manymu, sumaniai ir ai\u0161kiai. Jis veda \u012f kelion\u0119 per kiekvien\u0105 \u0160ventojo Ra\u0161to knyg\u0105, i\u0161ry\u0161kindamas svarbiausius momentus, pateikdamas trumpas santraukas, svarbias citatas, i\u0161vadas bei esmin\u0119 informacij\u0105 apie istorines aplinkybes. Spalvingi \u017eem\u0117lapiai, diagramos ir nuotraukos papildo gyvenimi\u0161k\u0105 pasakojim\u0105, kuriame jau\u010diame realias situacijas, gyvus \u017emones. Knyga \u201eAtver\u010diame Biblij\u0105\u201c \u012ftaigiai atskleid\u017eia, kod\u0117l Biblija svarbi Vakar\u0173 kult\u016brai ir kaip \u0161i nesenstanti \u017einia yra aktuali \u0161iandien.","breadcrumb":{"@id":"https:\/\/skaitytaknyga.lt\/produktas\/mary-batchelor-atsiverciame-biblija\/#breadcrumb"},"inLanguage":"en-GB","potentialAction":[{"@type":"ReadAction","target":["https:\/\/skaitytaknyga.lt\/produktas\/mary-batchelor-atsiverciame-biblija\/"]}]},{"@type":"ImageObject","inLanguage":"en-GB","@id":"https:\/\/skaitytaknyga.lt\/produktas\/mary-batchelor-atsiverciame-biblija\/#primaryimage","url":"https:\/\/skaitytaknyga.lt\/wp-content\/uploads\/2024\/05\/1462876014_atsiverciame-biblija1.jpg","contentUrl":"https:\/\/skaitytaknyga.lt\/wp-content\/uploads\/2024\/05\/1462876014_atsiverciame-biblija1.jpg","width":320,"height":403},{"@type":"BreadcrumbList","@id":"https:\/\/skaitytaknyga.lt\/produktas\/mary-batchelor-atsiverciame-biblija\/#breadcrumb","itemListElement":[{"@type":"ListItem","position":1,"name":"Home","item":"https:\/\/skaitytaknyga.lt\/"},{"@type":"ListItem","position":2,"name":"Parduotuv\u0117","item":"https:\/\/skaitytaknyga.lt\/knygu-parduotuve\/"},{"@type":"ListItem","position":3,"name":"Mary Batchelor \u201eAtsiver\u010diame Biblij\u0105\u201c"}]},{"@type":"WebSite","@id":"https:\/\/skaitytaknyga.lt\/#website","url":"https:\/\/skaitytaknyga.lt\/","name":"skaitytaknyga.lt","description":"Skaitytaknyga.lt \u2013 tai ma\u017eas \u0161eimos verslas, kuris prasid\u0117jo nuo meil\u0117s knygoms ir siekio i\u0161gelb\u0117ti knygas nuo likimo prie konteinerio. Kas vienam nereikalingas daiktas \u2013 kitam lobis, o mes esame tarpininkai, kurie padeda abiems tapti laimingesniems ???? \u017dinome kaip nelengva i\u0161gyventi ma\u017eiems verslams, tad nuo \u0161iol, \u010dia rasite ir kit\u0173, ma\u017e\u0173 \u0161eim\u0173 versl\u0173, rank\u0173 darbo, dovan\u0173 sau ir artimiesiems.","publisher":{"@id":"https:\/\/skaitytaknyga.lt\/#organization"},"potentialAction":[{"@type":"SearchAction","target":{"@type":"EntryPoint","urlTemplate":"https:\/\/skaitytaknyga.lt\/?s={search_term_string}"},"query-input":{"@type":"PropertyValueSpecification","valueRequired":true,"valueName":"search_term_string"}}],"inLanguage":"en-GB"},{"@type":"Organization","@id":"https:\/\/skaitytaknyga.lt\/#organization","name":"skaitytaknyga.lt","url":"https:\/\/skaitytaknyga.lt\/","logo":{"@type":"ImageObject","inLanguage":"en-GB","@id":"https:\/\/skaitytaknyga.lt\/#\/schema\/logo\/image\/","url":"https:\/\/skaitytaknyga.lt\/wp-content\/uploads\/2024\/05\/cropped-cropped-cropped-02_00843_jt3bggkj1j3HLc7SyY6rEUpg.jpeg","contentUrl":"https:\/\/skaitytaknyga.lt\/wp-content\/uploads\/2024\/05\/cropped-cropped-cropped-02_00843_jt3bggkj1j3HLc7SyY6rEUpg.jpeg","width":1600,"height":1600,"caption":"skaitytaknyga.lt"},"image":{"@id":"https:\/\/skaitytaknyga.lt\/#\/schema\/logo\/image\/"},"sameAs":["https:\/\/www.facebook.com\/skaitytaknyga\/"]}]}},"_links":{"self":[{"href":"https:\/\/skaitytaknyga.lt\/en\/wp-json\/wp\/v2\/product\/10101","targetHints":{"allow":["GET"]}}],"collection":[{"href":"https:\/\/skaitytaknyga.lt\/en\/wp-json\/wp\/v2\/product"}],"about":[{"href":"https:\/\/skaitytaknyga.lt\/en\/wp-json\/wp\/v2\/types\/product"}],"replies":[{"embeddable":true,"href":"https:\/\/skaitytaknyga.lt\/en\/wp-json\/wp\/v2\/comments?post=10101"}],"wp:featuredmedia":[{"embeddable":true,"href":"https:\/\/skaitytaknyga.lt\/en\/wp-json\/wp\/v2\/media\/10143"}],"wp:attachment":[{"href":"https:\/\/skaitytaknyga.lt\/en\/wp-json\/wp\/v2\/media?parent=10101"}],"wp:term":[{"taxonomy":"product_brand","embeddable":true,"href":"https:\/\/skaitytaknyga.lt\/en\/wp-json\/wp\/v2\/product_brand?post=10101"},{"taxonomy":"product_cat","embeddable":true,"href":"https:\/\/skaitytaknyga.lt\/en\/wp-json\/wp\/v2\/product_cat?post=10101"},{"taxonomy":"product_tag","embeddable":true,"href":"https:\/\/skaitytaknyga.lt\/en\/wp-json\/wp\/v2\/product_tag?post=10101"}],"curies":[{"name":"wp","href":"https:\/\/api.w.org\/{rel}","templated":true}]}}