{"id":10097,"date":"2024-05-04T18:06:38","date_gmt":"2024-05-04T18:06:38","guid":{"rendered":"https:\/\/skaitytaknyga.lt\/?post_type=product&#038;p=10097"},"modified":"2025-09-12T20:16:04","modified_gmt":"2025-09-12T17:16:04","slug":"paulo-coelho-zahiras","status":"publish","type":"product","link":"https:\/\/skaitytaknyga.lt\/en\/produktas\/paulo-coelho-zahiras\/","title":{"rendered":"Zahiras"},"content":{"rendered":"<p>\u201eMeil\u0117 \u2013 laukin\u0117 galia. Kai stengiam\u0117s j\u0105 valdyti, ji mus sunaikina. Kai stengiam\u0117s \u012fkalinti, paver\u010dia vergais. Kai m\u0117giname suprasti, supainioja mus ir sutrikdo. \u0160i galia \u017eem\u0117je yra tam, kad suteikt\u0173 mums laim\u0117s, kad priartint\u0173 mus prie Dievo ir prie m\u016bs\u0173 artimo. Bet mylint taip, kaip dabar mylime, kiekvienai ramyb\u0117s minutei tenka valanda sielvarto\u201c.<\/p>\n<p>I\u0161mokime myl\u0117ti!<\/p>\n<p><em>Manoma, kad Zahiro s\u0105voka atsirado XVIII am\u017eiuje. Zahiras arabi\u0161kai rei\u0161kia \u201ematomas, esantis, visada pastebimas\u201c. Ka\u017ekas, kas prisiartin\u0119s pama\u017eu u\u017evaldo m\u016bs\u0173 mintis ir nebeleid\u017eia galvoti apie niek\u0105 kita. Tai gali b\u016bti laikoma \u0161ventumu arba beprotybe.<\/em><\/p>\n<p>Garsusis brazil\u0173 ra\u0161ytojas Paulo Coelho gim\u0117 1947 metais Rio de \u017daneire. Jo knyg\u0173 jau parduota 65 milijonai egzempliori\u0173, jos i\u0161verstos \u012f 56 kalbas ir i\u0161leistos 150 \u0161ali\u0173. Pirmasis jo k\u016brinys, susilauk\u0119s didelio populiarumo, yra \u201eAlchemikas\u201c (1988), jau tap\u0119s moderni\u0105ja klasika.<\/p>\n","protected":false},"excerpt":{"rendered":"<p>\u201eMeil\u0117 \u2013 laukin\u0117 galia. Kai stengiam\u0117s j\u0105 valdyti, ji mus sunaikina. Kai stengiam\u0117s \u012fkalinti, paver\u010dia vergais. Kai m\u0117giname suprasti, supainioja mus ir sutrikdo. \u0160i galia \u017eem\u0117je yra tam, kad suteikt\u0173 mums laim\u0117s, kad priartint\u0173 mus prie Dievo ir prie m\u016bs\u0173 artimo. Bet mylint taip, kaip dabar mylime, kiekvienai ramyb\u0117s minutei tenka valanda sielvarto\u201c.<\/p>\n<p>I\u0161mokime myl\u0117ti!<\/p>\n<p><em>Manoma, kad Zahiro s\u0105voka atsirado XVIII am\u017eiuje. Zahiras arabi\u0161kai rei\u0161kia \u201ematomas, esantis, visada pastebimas\u201c. Ka\u017ekas, kas prisiartin\u0119s pama\u017eu u\u017evaldo m\u016bs\u0173 mintis ir nebeleid\u017eia galvoti apie niek\u0105 kita. Tai gali b\u016bti laikoma \u0161ventumu arba beprotybe.<\/em><\/p>\n<p>Garsusis brazil\u0173 ra\u0161ytojas Paulo Coelho gim\u0117 1947 metais Rio de \u017daneire. Jo knyg\u0173 jau parduota 65 milijonai egzempliori\u0173, jos i\u0161verstos \u012f 56 kalbas ir i\u0161leistos 150 \u0161ali\u0173. Pirmasis jo k\u016brinys, susilauk\u0119s didelio populiarumo, yra \u201eAlchemikas\u201c (1988), jau tap\u0119s moderni\u0105ja klasika.<\/p>\n","protected":false},"featured_media":10139,"comment_status":"closed","ping_status":"closed","template":"","meta":{"_acf_changed":false,"site-sidebar-layout":"default","site-content-layout":"","ast-site-content-layout":"default","site-content-style":"default","site-sidebar-style":"default","ast-global-header-display":"","ast-banner-title-visibility":"","ast-main-header-display":"","ast-hfb-above-header-display":"","ast-hfb-below-header-display":"","ast-hfb-mobile-header-display":"","site-post-title":"","ast-breadcrumbs-content":"","ast-featured-img":"","footer-sml-layout":"","ast-disable-related-posts":"","theme-transparent-header-meta":"","adv-header-id-meta":"","stick-header-meta":"","header-above-stick-meta":"","header-main-stick-meta":"","header-below-stick-meta":"","astra-migrate-meta-layouts":"default","ast-page-background-enabled":"default","ast-page-background-meta":{"desktop":{"background-color":"","background-image":"","background-repeat":"repeat","background-position":"center center","background-size":"auto","background-attachment":"scroll","background-type":"","background-media":"","overlay-type":"","overlay-color":"","overlay-opacity":"","overlay-gradient":""},"tablet":{"background-color":"","background-image":"","background-repeat":"repeat","background-position":"center center","background-size":"auto","background-attachment":"scroll","background-type":"","background-media":"","overlay-type":"","overlay-color":"","overlay-opacity":"","overlay-gradient":""},"mobile":{"background-color":"","background-image":"","background-repeat":"repeat","background-position":"center center","background-size":"auto","background-attachment":"scroll","background-type":"","background-media":"","overlay-type":"","overlay-color":"","overlay-opacity":"","overlay-gradient":""}},"ast-content-background-meta":{"desktop":{"background-color":"var(--ast-global-color-4)","background-image":"","background-repeat":"repeat","background-position":"center center","background-size":"auto","background-attachment":"scroll","background-type":"","background-media":"","overlay-type":"","overlay-color":"","overlay-opacity":"","overlay-gradient":""},"tablet":{"background-color":"var(--ast-global-color-4)","background-image":"","background-repeat":"repeat","background-position":"center center","background-size":"auto","background-attachment":"scroll","background-type":"","background-media":"","overlay-type":"","overlay-color":"","overlay-opacity":"","overlay-gradient":""},"mobile":{"background-color":"var(--ast-global-color-4)","background-image":"","background-repeat":"repeat","background-position":"center center","background-size":"auto","background-attachment":"scroll","background-type":"","background-media":"","overlay-type":"","overlay-color":"","overlay-opacity":"","overlay-gradient":""}}},"product_brand":[],"product_cat":[31],"product_tag":[3116,2586,1796,3113],"class_list":{"0":"post-10097","1":"product","2":"type-product","3":"status-publish","4":"has-post-thumbnail","6":"product_cat-grozine-literatura","7":"product_tag-apsedimas","8":"product_tag-filosofinis-romanas","9":"product_tag-meile","10":"product_tag-paulo-coelho","11":"desktop-align-left","12":"tablet-align-left","13":"mobile-align-left","15":"first","16":"instock","17":"shipping-taxable","18":"purchasable","19":"product-type-simple"},"acf":[],"yoast_head":"<!-- This site is optimized with the Yoast SEO plugin v27.0 - https:\/\/yoast.com\/product\/yoast-seo-wordpress\/ -->\n<title>Zahiras<\/title>\n<meta name=\"description\" content=\"\u201eMeil\u0117 \u2013 laukin\u0117 galia. Kai stengiam\u0117s j\u0105 valdyti, ji mus sunaikina. Kai stengiam\u0117s \u012fkalinti, paver\u010dia vergais. Kai m\u0117giname suprasti, supainioja mus ir sutrikdo. \u0160i galia \u017eem\u0117je yra tam, kad suteikt\u0173 mums laim\u0117s, kad priartint\u0173 mus prie Dievo ir prie m\u016bs\u0173 artimo. Bet mylint taip, kaip dabar mylime, kiekvienai ramyb\u0117s minutei tenka valanda sielvarto\u201c.  I\u0161mokime myl\u0117ti!  Manoma, kad Zahiro s\u0105voka atsirado XVIII am\u017eiuje. Zahiras arabi\u0161kai rei\u0161kia \u201ematomas, esantis, visada pastebimas\u201c. Ka\u017ekas, kas prisiartin\u0119s pama\u017eu u\u017evaldo m\u016bs\u0173 mintis ir nebeleid\u017eia galvoti apie niek\u0105 kita. Tai gali b\u016bti laikoma \u0161ventumu arba beprotybe.  Garsusis brazil\u0173 ra\u0161ytojas Paulo Coelho gim\u0117 1947 metais Rio de \u017daneire. Jo knyg\u0173 jau parduota 65 milijonai egzempliori\u0173, jos i\u0161verstos \u012f 56 kalbas ir i\u0161leistos 150 \u0161ali\u0173. Pirmasis jo k\u016brinys, susilauk\u0119s didelio populiarumo, yra \u201eAlchemikas\u201c (1988), jau tap\u0119s moderni\u0105ja klasika.\" \/>\n<meta name=\"robots\" content=\"index, follow, max-snippet:-1, max-image-preview:large, max-video-preview:-1\" \/>\n<link rel=\"canonical\" href=\"https:\/\/skaitytaknyga.lt\/en\/produktas\/paulo-coelho-zahiras\/\" \/>\n<meta property=\"og:locale\" content=\"en_GB\" \/>\n<meta property=\"og:locale:alternate\" content=\"lt_LT\" \/>\n<meta property=\"og:type\" content=\"article\" \/>\n<meta property=\"og:title\" content=\"Zahiras\" \/>\n<meta property=\"og:description\" content=\"\u201eMeil\u0117 \u2013 laukin\u0117 galia. Kai stengiam\u0117s j\u0105 valdyti, ji mus sunaikina. Kai stengiam\u0117s \u012fkalinti, paver\u010dia vergais. Kai m\u0117giname suprasti, supainioja mus ir sutrikdo. \u0160i galia \u017eem\u0117je yra tam, kad suteikt\u0173 mums laim\u0117s, kad priartint\u0173 mus prie Dievo ir prie m\u016bs\u0173 artimo. Bet mylint taip, kaip dabar mylime, kiekvienai ramyb\u0117s minutei tenka valanda sielvarto\u201c.  I\u0161mokime myl\u0117ti!  Manoma, kad Zahiro s\u0105voka atsirado XVIII am\u017eiuje. Zahiras arabi\u0161kai rei\u0161kia \u201ematomas, esantis, visada pastebimas\u201c. Ka\u017ekas, kas prisiartin\u0119s pama\u017eu u\u017evaldo m\u016bs\u0173 mintis ir nebeleid\u017eia galvoti apie niek\u0105 kita. Tai gali b\u016bti laikoma \u0161ventumu arba beprotybe.  Garsusis brazil\u0173 ra\u0161ytojas Paulo Coelho gim\u0117 1947 metais Rio de \u017daneire. Jo knyg\u0173 jau parduota 65 milijonai egzempliori\u0173, jos i\u0161verstos \u012f 56 kalbas ir i\u0161leistos 150 \u0161ali\u0173. Pirmasis jo k\u016brinys, susilauk\u0119s didelio populiarumo, yra \u201eAlchemikas\u201c (1988), jau tap\u0119s moderni\u0105ja klasika.\" \/>\n<meta property=\"og:url\" content=\"https:\/\/skaitytaknyga.lt\/en\/produktas\/paulo-coelho-zahiras\/\" \/>\n<meta property=\"og:site_name\" content=\"Skaitytaknyga\" \/>\n<meta property=\"article:publisher\" content=\"https:\/\/www.facebook.com\/skaitytaknyga\/\" \/>\n<meta property=\"article:modified_time\" content=\"2025-09-12T17:16:04+00:00\" \/>\n<meta property=\"og:image\" content=\"https:\/\/skaitytaknyga.lt\/wp-content\/uploads\/2024\/05\/1462878467_img0013.jpg\" \/>\n\t<meta property=\"og:image:width\" content=\"285\" \/>\n\t<meta property=\"og:image:height\" content=\"430\" \/>\n\t<meta property=\"og:image:type\" content=\"image\/jpeg\" \/>\n<meta name=\"twitter:card\" content=\"summary_large_image\" \/>\n<meta name=\"twitter:label1\" content=\"Estimated reading time\" \/>\n\t<meta name=\"twitter:data1\" content=\"1 minute\" \/>\n<script type=\"application\/ld+json\" class=\"yoast-schema-graph\">{\"@context\":\"https:\/\/schema.org\",\"@graph\":[{\"@type\":\"WebPage\",\"@id\":\"https:\/\/skaitytaknyga.lt\/produktas\/paulo-coelho-zahiras\/\",\"url\":\"https:\/\/skaitytaknyga.lt\/produktas\/paulo-coelho-zahiras\/\",\"name\":\"Zahiras\",\"isPartOf\":{\"@id\":\"https:\/\/skaitytaknyga.lt\/#website\"},\"primaryImageOfPage\":{\"@id\":\"https:\/\/skaitytaknyga.lt\/produktas\/paulo-coelho-zahiras\/#primaryimage\"},\"image\":{\"@id\":\"https:\/\/skaitytaknyga.lt\/produktas\/paulo-coelho-zahiras\/#primaryimage\"},\"thumbnailUrl\":\"https:\/\/skaitytaknyga.lt\/wp-content\/uploads\/2024\/05\/1462878467_img0013.jpg\",\"datePublished\":\"2024-05-04T18:06:38+00:00\",\"dateModified\":\"2025-09-12T17:16:04+00:00\",\"description\":\"\u201eMeil\u0117 \u2013 laukin\u0117 galia. Kai stengiam\u0117s j\u0105 valdyti, ji mus sunaikina. Kai stengiam\u0117s \u012fkalinti, paver\u010dia vergais. Kai m\u0117giname suprasti, supainioja mus ir sutrikdo. \u0160i galia \u017eem\u0117je yra tam, kad suteikt\u0173 mums laim\u0117s, kad priartint\u0173 mus prie Dievo ir prie m\u016bs\u0173 artimo. Bet mylint taip, kaip dabar mylime, kiekvienai ramyb\u0117s minutei tenka valanda sielvarto\u201c. I\u0161mokime myl\u0117ti! Manoma, kad Zahiro s\u0105voka atsirado XVIII am\u017eiuje. Zahiras arabi\u0161kai rei\u0161kia \u201ematomas, esantis, visada pastebimas\u201c. Ka\u017ekas, kas prisiartin\u0119s pama\u017eu u\u017evaldo m\u016bs\u0173 mintis ir nebeleid\u017eia galvoti apie niek\u0105 kita. Tai gali b\u016bti laikoma \u0161ventumu arba beprotybe. Garsusis brazil\u0173 ra\u0161ytojas Paulo Coelho gim\u0117 1947 metais Rio de \u017daneire. Jo knyg\u0173 jau parduota 65 milijonai egzempliori\u0173, jos i\u0161verstos \u012f 56 kalbas ir i\u0161leistos 150 \u0161ali\u0173. Pirmasis jo k\u016brinys, susilauk\u0119s didelio populiarumo, yra \u201eAlchemikas\u201c (1988), jau tap\u0119s moderni\u0105ja klasika.\",\"breadcrumb\":{\"@id\":\"https:\/\/skaitytaknyga.lt\/produktas\/paulo-coelho-zahiras\/#breadcrumb\"},\"inLanguage\":\"en-GB\",\"potentialAction\":[{\"@type\":\"ReadAction\",\"target\":[\"https:\/\/skaitytaknyga.lt\/produktas\/paulo-coelho-zahiras\/\"]}]},{\"@type\":\"ImageObject\",\"inLanguage\":\"en-GB\",\"@id\":\"https:\/\/skaitytaknyga.lt\/produktas\/paulo-coelho-zahiras\/#primaryimage\",\"url\":\"https:\/\/skaitytaknyga.lt\/wp-content\/uploads\/2024\/05\/1462878467_img0013.jpg\",\"contentUrl\":\"https:\/\/skaitytaknyga.lt\/wp-content\/uploads\/2024\/05\/1462878467_img0013.jpg\",\"width\":285,\"height\":430},{\"@type\":\"BreadcrumbList\",\"@id\":\"https:\/\/skaitytaknyga.lt\/produktas\/paulo-coelho-zahiras\/#breadcrumb\",\"itemListElement\":[{\"@type\":\"ListItem\",\"position\":1,\"name\":\"Home\",\"item\":\"https:\/\/skaitytaknyga.lt\/\"},{\"@type\":\"ListItem\",\"position\":2,\"name\":\"Parduotuv\u0117\",\"item\":\"https:\/\/skaitytaknyga.lt\/knygu-parduotuve\/\"},{\"@type\":\"ListItem\",\"position\":3,\"name\":\"Zahiras\"}]},{\"@type\":\"WebSite\",\"@id\":\"https:\/\/skaitytaknyga.lt\/#website\",\"url\":\"https:\/\/skaitytaknyga.lt\/\",\"name\":\"skaitytaknyga.lt\",\"description\":\"Skaitytaknyga.lt \u2013 tai ma\u017eas \u0161eimos verslas, kuris prasid\u0117jo nuo meil\u0117s knygoms ir siekio i\u0161gelb\u0117ti knygas nuo likimo prie konteinerio. Kas vienam nereikalingas daiktas \u2013 kitam lobis, o mes esame tarpininkai, kurie padeda abiems tapti laimingesniems ???? \u017dinome kaip nelengva i\u0161gyventi ma\u017eiems verslams, tad nuo \u0161iol, \u010dia rasite ir kit\u0173, ma\u017e\u0173 \u0161eim\u0173 versl\u0173, rank\u0173 darbo, dovan\u0173 sau ir artimiesiems.\",\"publisher\":{\"@id\":\"https:\/\/skaitytaknyga.lt\/#organization\"},\"potentialAction\":[{\"@type\":\"SearchAction\",\"target\":{\"@type\":\"EntryPoint\",\"urlTemplate\":\"https:\/\/skaitytaknyga.lt\/?s={search_term_string}\"},\"query-input\":{\"@type\":\"PropertyValueSpecification\",\"valueRequired\":true,\"valueName\":\"search_term_string\"}}],\"inLanguage\":\"en-GB\"},{\"@type\":\"Organization\",\"@id\":\"https:\/\/skaitytaknyga.lt\/#organization\",\"name\":\"skaitytaknyga.lt\",\"url\":\"https:\/\/skaitytaknyga.lt\/\",\"logo\":{\"@type\":\"ImageObject\",\"inLanguage\":\"en-GB\",\"@id\":\"https:\/\/skaitytaknyga.lt\/#\/schema\/logo\/image\/\",\"url\":\"https:\/\/skaitytaknyga.lt\/wp-content\/uploads\/2024\/05\/cropped-cropped-cropped-02_00843_jt3bggkj1j3HLc7SyY6rEUpg.jpeg\",\"contentUrl\":\"https:\/\/skaitytaknyga.lt\/wp-content\/uploads\/2024\/05\/cropped-cropped-cropped-02_00843_jt3bggkj1j3HLc7SyY6rEUpg.jpeg\",\"width\":1600,\"height\":1600,\"caption\":\"skaitytaknyga.lt\"},\"image\":{\"@id\":\"https:\/\/skaitytaknyga.lt\/#\/schema\/logo\/image\/\"},\"sameAs\":[\"https:\/\/www.facebook.com\/skaitytaknyga\/\"]}]}<\/script>\n<!-- \/ Yoast SEO plugin. -->","yoast_head_json":{"title":"Zahiras","description":"\u201eMeil\u0117 \u2013 laukin\u0117 galia. Kai stengiam\u0117s j\u0105 valdyti, ji mus sunaikina. Kai stengiam\u0117s \u012fkalinti, paver\u010dia vergais. Kai m\u0117giname suprasti, supainioja mus ir sutrikdo. \u0160i galia \u017eem\u0117je yra tam, kad suteikt\u0173 mums laim\u0117s, kad priartint\u0173 mus prie Dievo ir prie m\u016bs\u0173 artimo. Bet mylint taip, kaip dabar mylime, kiekvienai ramyb\u0117s minutei tenka valanda sielvarto\u201c.  I\u0161mokime myl\u0117ti!  Manoma, kad Zahiro s\u0105voka atsirado XVIII am\u017eiuje. Zahiras arabi\u0161kai rei\u0161kia \u201ematomas, esantis, visada pastebimas\u201c. Ka\u017ekas, kas prisiartin\u0119s pama\u017eu u\u017evaldo m\u016bs\u0173 mintis ir nebeleid\u017eia galvoti apie niek\u0105 kita. Tai gali b\u016bti laikoma \u0161ventumu arba beprotybe.  Garsusis brazil\u0173 ra\u0161ytojas Paulo Coelho gim\u0117 1947 metais Rio de \u017daneire. Jo knyg\u0173 jau parduota 65 milijonai egzempliori\u0173, jos i\u0161verstos \u012f 56 kalbas ir i\u0161leistos 150 \u0161ali\u0173. Pirmasis jo k\u016brinys, susilauk\u0119s didelio populiarumo, yra \u201eAlchemikas\u201c (1988), jau tap\u0119s moderni\u0105ja klasika.","robots":{"index":"index","follow":"follow","max-snippet":"max-snippet:-1","max-image-preview":"max-image-preview:large","max-video-preview":"max-video-preview:-1"},"canonical":"https:\/\/skaitytaknyga.lt\/en\/produktas\/paulo-coelho-zahiras\/","og_locale":"en_GB","og_type":"article","og_title":"[:lt]Zahiras[:] - Skaitytaknyga","og_description":"\u201eMeil\u0117 \u2013 laukin\u0117 galia. Kai stengiam\u0117s j\u0105 valdyti, ji mus sunaikina. Kai stengiam\u0117s \u012fkalinti, paver\u010dia vergais. Kai m\u0117giname suprasti, supainioja mus ir sutrikdo. \u0160i galia \u017eem\u0117je yra tam, kad suteikt\u0173 mums laim\u0117s, kad priartint\u0173 mus prie Dievo ir prie m\u016bs\u0173 artimo. Bet mylint taip, kaip dabar mylime, kiekvienai ramyb\u0117s minutei tenka valanda sielvarto\u201c.  I\u0161mokime myl\u0117ti!  Manoma, kad Zahiro s\u0105voka atsirado XVIII am\u017eiuje. Zahiras arabi\u0161kai rei\u0161kia \u201ematomas, esantis, visada pastebimas\u201c. Ka\u017ekas, kas prisiartin\u0119s pama\u017eu u\u017evaldo m\u016bs\u0173 mintis ir nebeleid\u017eia galvoti apie niek\u0105 kita. Tai gali b\u016bti laikoma \u0161ventumu arba beprotybe.  Garsusis brazil\u0173 ra\u0161ytojas Paulo Coelho gim\u0117 1947 metais Rio de \u017daneire. Jo knyg\u0173 jau parduota 65 milijonai egzempliori\u0173, jos i\u0161verstos \u012f 56 kalbas ir i\u0161leistos 150 \u0161ali\u0173. Pirmasis jo k\u016brinys, susilauk\u0119s didelio populiarumo, yra \u201eAlchemikas\u201c (1988), jau tap\u0119s moderni\u0105ja klasika.","og_url":"https:\/\/skaitytaknyga.lt\/en\/produktas\/paulo-coelho-zahiras\/","og_site_name":"Skaitytaknyga","article_publisher":"https:\/\/www.facebook.com\/skaitytaknyga\/","article_modified_time":"2025-09-12T17:16:04+00:00","og_image":[{"width":285,"height":430,"url":"https:\/\/skaitytaknyga.lt\/wp-content\/uploads\/2024\/05\/1462878467_img0013.jpg","type":"image\/jpeg"}],"twitter_card":"summary_large_image","twitter_misc":{"Estimated reading time":"1 minute"},"schema":{"@context":"https:\/\/schema.org","@graph":[{"@type":"WebPage","@id":"https:\/\/skaitytaknyga.lt\/produktas\/paulo-coelho-zahiras\/","url":"https:\/\/skaitytaknyga.lt\/produktas\/paulo-coelho-zahiras\/","name":"Zahiras","isPartOf":{"@id":"https:\/\/skaitytaknyga.lt\/#website"},"primaryImageOfPage":{"@id":"https:\/\/skaitytaknyga.lt\/produktas\/paulo-coelho-zahiras\/#primaryimage"},"image":{"@id":"https:\/\/skaitytaknyga.lt\/produktas\/paulo-coelho-zahiras\/#primaryimage"},"thumbnailUrl":"https:\/\/skaitytaknyga.lt\/wp-content\/uploads\/2024\/05\/1462878467_img0013.jpg","datePublished":"2024-05-04T18:06:38+00:00","dateModified":"2025-09-12T17:16:04+00:00","description":"\u201eMeil\u0117 \u2013 laukin\u0117 galia. Kai stengiam\u0117s j\u0105 valdyti, ji mus sunaikina. Kai stengiam\u0117s \u012fkalinti, paver\u010dia vergais. Kai m\u0117giname suprasti, supainioja mus ir sutrikdo. \u0160i galia \u017eem\u0117je yra tam, kad suteikt\u0173 mums laim\u0117s, kad priartint\u0173 mus prie Dievo ir prie m\u016bs\u0173 artimo. Bet mylint taip, kaip dabar mylime, kiekvienai ramyb\u0117s minutei tenka valanda sielvarto\u201c. I\u0161mokime myl\u0117ti! Manoma, kad Zahiro s\u0105voka atsirado XVIII am\u017eiuje. Zahiras arabi\u0161kai rei\u0161kia \u201ematomas, esantis, visada pastebimas\u201c. Ka\u017ekas, kas prisiartin\u0119s pama\u017eu u\u017evaldo m\u016bs\u0173 mintis ir nebeleid\u017eia galvoti apie niek\u0105 kita. Tai gali b\u016bti laikoma \u0161ventumu arba beprotybe. Garsusis brazil\u0173 ra\u0161ytojas Paulo Coelho gim\u0117 1947 metais Rio de \u017daneire. Jo knyg\u0173 jau parduota 65 milijonai egzempliori\u0173, jos i\u0161verstos \u012f 56 kalbas ir i\u0161leistos 150 \u0161ali\u0173. Pirmasis jo k\u016brinys, susilauk\u0119s didelio populiarumo, yra \u201eAlchemikas\u201c (1988), jau tap\u0119s moderni\u0105ja klasika.","breadcrumb":{"@id":"https:\/\/skaitytaknyga.lt\/produktas\/paulo-coelho-zahiras\/#breadcrumb"},"inLanguage":"en-GB","potentialAction":[{"@type":"ReadAction","target":["https:\/\/skaitytaknyga.lt\/produktas\/paulo-coelho-zahiras\/"]}]},{"@type":"ImageObject","inLanguage":"en-GB","@id":"https:\/\/skaitytaknyga.lt\/produktas\/paulo-coelho-zahiras\/#primaryimage","url":"https:\/\/skaitytaknyga.lt\/wp-content\/uploads\/2024\/05\/1462878467_img0013.jpg","contentUrl":"https:\/\/skaitytaknyga.lt\/wp-content\/uploads\/2024\/05\/1462878467_img0013.jpg","width":285,"height":430},{"@type":"BreadcrumbList","@id":"https:\/\/skaitytaknyga.lt\/produktas\/paulo-coelho-zahiras\/#breadcrumb","itemListElement":[{"@type":"ListItem","position":1,"name":"Home","item":"https:\/\/skaitytaknyga.lt\/"},{"@type":"ListItem","position":2,"name":"Parduotuv\u0117","item":"https:\/\/skaitytaknyga.lt\/knygu-parduotuve\/"},{"@type":"ListItem","position":3,"name":"Zahiras"}]},{"@type":"WebSite","@id":"https:\/\/skaitytaknyga.lt\/#website","url":"https:\/\/skaitytaknyga.lt\/","name":"skaitytaknyga.lt","description":"Skaitytaknyga.lt \u2013 tai ma\u017eas \u0161eimos verslas, kuris prasid\u0117jo nuo meil\u0117s knygoms ir siekio i\u0161gelb\u0117ti knygas nuo likimo prie konteinerio. Kas vienam nereikalingas daiktas \u2013 kitam lobis, o mes esame tarpininkai, kurie padeda abiems tapti laimingesniems ???? \u017dinome kaip nelengva i\u0161gyventi ma\u017eiems verslams, tad nuo \u0161iol, \u010dia rasite ir kit\u0173, ma\u017e\u0173 \u0161eim\u0173 versl\u0173, rank\u0173 darbo, dovan\u0173 sau ir artimiesiems.","publisher":{"@id":"https:\/\/skaitytaknyga.lt\/#organization"},"potentialAction":[{"@type":"SearchAction","target":{"@type":"EntryPoint","urlTemplate":"https:\/\/skaitytaknyga.lt\/?s={search_term_string}"},"query-input":{"@type":"PropertyValueSpecification","valueRequired":true,"valueName":"search_term_string"}}],"inLanguage":"en-GB"},{"@type":"Organization","@id":"https:\/\/skaitytaknyga.lt\/#organization","name":"skaitytaknyga.lt","url":"https:\/\/skaitytaknyga.lt\/","logo":{"@type":"ImageObject","inLanguage":"en-GB","@id":"https:\/\/skaitytaknyga.lt\/#\/schema\/logo\/image\/","url":"https:\/\/skaitytaknyga.lt\/wp-content\/uploads\/2024\/05\/cropped-cropped-cropped-02_00843_jt3bggkj1j3HLc7SyY6rEUpg.jpeg","contentUrl":"https:\/\/skaitytaknyga.lt\/wp-content\/uploads\/2024\/05\/cropped-cropped-cropped-02_00843_jt3bggkj1j3HLc7SyY6rEUpg.jpeg","width":1600,"height":1600,"caption":"skaitytaknyga.lt"},"image":{"@id":"https:\/\/skaitytaknyga.lt\/#\/schema\/logo\/image\/"},"sameAs":["https:\/\/www.facebook.com\/skaitytaknyga\/"]}]}},"_links":{"self":[{"href":"https:\/\/skaitytaknyga.lt\/en\/wp-json\/wp\/v2\/product\/10097","targetHints":{"allow":["GET"]}}],"collection":[{"href":"https:\/\/skaitytaknyga.lt\/en\/wp-json\/wp\/v2\/product"}],"about":[{"href":"https:\/\/skaitytaknyga.lt\/en\/wp-json\/wp\/v2\/types\/product"}],"replies":[{"embeddable":true,"href":"https:\/\/skaitytaknyga.lt\/en\/wp-json\/wp\/v2\/comments?post=10097"}],"wp:featuredmedia":[{"embeddable":true,"href":"https:\/\/skaitytaknyga.lt\/en\/wp-json\/wp\/v2\/media\/10139"}],"wp:attachment":[{"href":"https:\/\/skaitytaknyga.lt\/en\/wp-json\/wp\/v2\/media?parent=10097"}],"wp:term":[{"taxonomy":"product_brand","embeddable":true,"href":"https:\/\/skaitytaknyga.lt\/en\/wp-json\/wp\/v2\/product_brand?post=10097"},{"taxonomy":"product_cat","embeddable":true,"href":"https:\/\/skaitytaknyga.lt\/en\/wp-json\/wp\/v2\/product_cat?post=10097"},{"taxonomy":"product_tag","embeddable":true,"href":"https:\/\/skaitytaknyga.lt\/en\/wp-json\/wp\/v2\/product_tag?post=10097"}],"curies":[{"name":"wp","href":"https:\/\/api.w.org\/{rel}","templated":true}]}}