{"id":10080,"date":"2024-05-04T18:06:15","date_gmt":"2024-05-04T18:06:15","guid":{"rendered":"https:\/\/skaitytaknyga.lt\/?post_type=product&#038;p=10080"},"modified":"2026-03-18T14:59:58","modified_gmt":"2026-03-18T12:59:58","slug":"kulturu-kryzkele-vilniaus-svc-trejybes-sventove-ir-vienuolynas-mazas-virselio-defektas","status":"publish","type":"product","link":"https:\/\/skaitytaknyga.lt\/en\/produktas\/kulturu-kryzkele-vilniaus-svc-trejybes-sventove-ir-vienuolynas-mazas-virselio-defektas\/","title":{"rendered":"Kult\u016br\u0173 kry\u017ekel\u0117: Vilniaus \u0160v\u010d. Trejyb\u0117s \u0161ventov\u0117 ir vienuolynas (ma\u017eas vir\u0161elio defektas)"},"content":{"rendered":"<p>Ansamblis ant \u0160v\u010d. Trejyb\u0117s kalvos Vilniuje \u2013 dviej\u0173 skirting\u0173 pasauli\u0173, lotyni\u0161ko ir bizanti\u0161ko, susitikimo vieta. XIV a. \u010dia i\u0161kilo \u0161ventov\u0117, viena pirm\u0173j\u0173 krik\u0161\u010dioni\u0161k\u0173 institucij\u0173 Vilniuje, i\u0161 prad\u017ei\u0173 sta\u010diatiki\u0173, o nuo XVII a. unit\u0173. Greta k\u016br\u0117si ir gyvavo sta\u010diatiki\u0173\/unit\u0173 vienuolynai, mokyklos, brolijos, bibliotekos, spaustuv\u0117. Ilgainiui buvo per\u017eengtos miesto ribos \u2013 Vilniaus \u0160v\u010d. Trejyb\u0117s vienuolynas tapo visos Kijevo metropolijos dvasiniu centru ir uniti\u0161ko Bazilijon\u0173 ordino lop\u0161iu. Per\u017eengtos ir civilizacij\u0173 ribos \u2013 \u0161i vieta suartino rus\u0117ni\u0161kus (ukrainieti\u0161kus-baltarusi\u0161kus) Rytus ir lietuvi\u0161kus Vakarus.<\/p>\n<p>Monografijoje\u00a0<strong>\u201eKult\u016br\u0173 kry\u017ekel\u0117\u201c<\/strong>, parengtoje bendradarbiaujant Lietuvos ir Ukrainos mokslininkams, atveriami nauji Lietuvos Did\u017eiosios Kunigaik\u0161tyst\u0117s, Vilniaus ir \u0160v\u010d. Trejyb\u0117s ansamblio istorijos puslapiai, pateikiamos naujos bendro dviej\u0173 taut\u0173 paveldo interpretacijos.<\/p>\n","protected":false},"excerpt":{"rendered":"<p>Ansamblis ant \u0160v\u010d. Trejyb\u0117s kalvos Vilniuje \u2013 dviej\u0173 skirting\u0173 pasauli\u0173, lotyni\u0161ko ir bizanti\u0161ko, susitikimo vieta. XIV a. \u010dia i\u0161kilo \u0161ventov\u0117, viena pirm\u0173j\u0173 krik\u0161\u010dioni\u0161k\u0173 institucij\u0173 Vilniuje, i\u0161 prad\u017ei\u0173 sta\u010diatiki\u0173, o nuo XVII a. unit\u0173. Greta k\u016br\u0117si ir gyvavo sta\u010diatiki\u0173\/unit\u0173 vienuolynai, mokyklos, brolijos, bibliotekos, spaustuv\u0117. Ilgainiui buvo per\u017eengtos miesto ribos \u2013 Vilniaus \u0160v\u010d. Trejyb\u0117s vienuolynas tapo visos Kijevo metropolijos dvasiniu centru ir uniti\u0161ko Bazilijon\u0173 ordino lop\u0161iu. Per\u017eengtos ir civilizacij\u0173 ribos \u2013 \u0161i vieta suartino rus\u0117ni\u0161kus (ukrainieti\u0161kus-baltarusi\u0161kus) Rytus ir lietuvi\u0161kus Vakarus.<\/p>\n<p>Monografijoje\u00a0<strong>\u201eKult\u016br\u0173 kry\u017ekel\u0117\u201c<\/strong>, parengtoje bendradarbiaujant Lietuvos ir Ukrainos mokslininkams, atveriami nauji Lietuvos Did\u017eiosios Kunigaik\u0161tyst\u0117s, Vilniaus ir \u0160v\u010d. Trejyb\u0117s ansamblio istorijos puslapiai, pateikiamos naujos bendro dviej\u0173 taut\u0173 paveldo interpretacijos.<\/p>\n","protected":false},"featured_media":10124,"comment_status":"closed","ping_status":"closed","template":"","meta":{"_acf_changed":false,"site-sidebar-layout":"default","site-content-layout":"","ast-site-content-layout":"default","site-content-style":"default","site-sidebar-style":"default","ast-global-header-display":"","ast-banner-title-visibility":"","ast-main-header-display":"","ast-hfb-above-header-display":"","ast-hfb-below-header-display":"","ast-hfb-mobile-header-display":"","site-post-title":"","ast-breadcrumbs-content":"","ast-featured-img":"","footer-sml-layout":"","ast-disable-related-posts":"","theme-transparent-header-meta":"","adv-header-id-meta":"","stick-header-meta":"","header-above-stick-meta":"","header-main-stick-meta":"","header-below-stick-meta":"","astra-migrate-meta-layouts":"default","ast-page-background-enabled":"default","ast-page-background-meta":{"desktop":{"background-color":"","background-image":"","background-repeat":"repeat","background-position":"center center","background-size":"auto","background-attachment":"scroll","background-type":"","background-media":"","overlay-type":"","overlay-color":"","overlay-opacity":"","overlay-gradient":""},"tablet":{"background-color":"","background-image":"","background-repeat":"repeat","background-position":"center center","background-size":"auto","background-attachment":"scroll","background-type":"","background-media":"","overlay-type":"","overlay-color":"","overlay-opacity":"","overlay-gradient":""},"mobile":{"background-color":"","background-image":"","background-repeat":"repeat","background-position":"center center","background-size":"auto","background-attachment":"scroll","background-type":"","background-media":"","overlay-type":"","overlay-color":"","overlay-opacity":"","overlay-gradient":""}},"ast-content-background-meta":{"desktop":{"background-color":"var(--ast-global-color-4)","background-image":"","background-repeat":"repeat","background-position":"center center","background-size":"auto","background-attachment":"scroll","background-type":"","background-media":"","overlay-type":"","overlay-color":"","overlay-opacity":"","overlay-gradient":""},"tablet":{"background-color":"var(--ast-global-color-4)","background-image":"","background-repeat":"repeat","background-position":"center center","background-size":"auto","background-attachment":"scroll","background-type":"","background-media":"","overlay-type":"","overlay-color":"","overlay-opacity":"","overlay-gradient":""},"mobile":{"background-color":"var(--ast-global-color-4)","background-image":"","background-repeat":"repeat","background-position":"center center","background-size":"auto","background-attachment":"scroll","background-type":"","background-media":"","overlay-type":"","overlay-color":"","overlay-opacity":"","overlay-gradient":""}}},"product_brand":[],"product_cat":[9862,174],"product_tag":[],"class_list":{"0":"post-10080","1":"product","2":"type-product","3":"status-publish","4":"has-post-thumbnail","6":"product_cat-lietuvos-istorija","7":"product_cat-istorija-ir-politologija","8":"pa_leidimo-metai-93","9":"desktop-align-left","10":"tablet-align-left","11":"mobile-align-left","13":"first","14":"instock","15":"shipping-taxable","16":"purchasable","17":"product-type-simple"},"acf":[],"yoast_head":"<!-- This site is optimized with the Yoast SEO plugin v27.0 - https:\/\/yoast.com\/product\/yoast-seo-wordpress\/ -->\n<title>Kult\u016br\u0173 kry\u017ekel\u0117: Vilniaus \u0160v\u010d. Trejyb\u0117s \u0161ventov\u0117 ir vienuolynas (ma\u017eas vir\u0161elio defektas)<\/title>\n<meta name=\"description\" content=\"Ansamblis ant \u0160v\u010d. Trejyb\u0117s kalvos Vilniuje \u2013 dviej\u0173 skirting\u0173 pasauli\u0173, lotyni\u0161ko ir bizanti\u0161ko, susitikimo vieta. XIV a. \u010dia i\u0161kilo \u0161ventov\u0117, viena pirm\u0173j\u0173 krik\u0161\u010dioni\u0161k\u0173 institucij\u0173 Vilniuje, i\u0161 prad\u017ei\u0173 sta\u010diatiki\u0173, o nuo XVII a. unit\u0173. Greta k\u016br\u0117si ir gyvavo sta\u010diatiki\u0173\/unit\u0173 vienuolynai, mokyklos, brolijos, bibliotekos, spaustuv\u0117. Ilgainiui buvo per\u017eengtos miesto ribos \u2013 Vilniaus \u0160v\u010d. Trejyb\u0117s vienuolynas tapo visos Kijevo metropolijos dvasiniu centru ir uniti\u0161ko Bazilijon\u0173 ordino lop\u0161iu. Per\u017eengtos ir civilizacij\u0173 ribos \u2013 \u0161i vieta suartino rus\u0117ni\u0161kus (ukrainieti\u0161kus-baltarusi\u0161kus) Rytus ir lietuvi\u0161kus Vakarus.  Monografijoje\u00a0\u201eKult\u016br\u0173 kry\u017ekel\u0117\u201c, parengtoje bendradarbiaujant Lietuvos ir Ukrainos mokslininkams, atveriami nauji Lietuvos Did\u017eiosios Kunigaik\u0161tyst\u0117s, Vilniaus ir \u0160v\u010d. Trejyb\u0117s ansamblio istorijos puslapiai, pateikiamos naujos bendro dviej\u0173 taut\u0173 paveldo interpretacijos.\" \/>\n<meta name=\"robots\" content=\"index, follow, max-snippet:-1, max-image-preview:large, max-video-preview:-1\" \/>\n<link rel=\"canonical\" href=\"https:\/\/skaitytaknyga.lt\/en\/produktas\/kulturu-kryzkele-vilniaus-svc-trejybes-sventove-ir-vienuolynas-mazas-virselio-defektas\/\" \/>\n<meta property=\"og:locale\" content=\"en_GB\" \/>\n<meta property=\"og:locale:alternate\" content=\"lt_LT\" \/>\n<meta property=\"og:type\" content=\"article\" \/>\n<meta property=\"og:title\" content=\"Kult\u016br\u0173 kry\u017ekel\u0117: Vilniaus \u0160v\u010d. Trejyb\u0117s \u0161ventov\u0117 ir vienuolynas (ma\u017eas vir\u0161elio defektas)\" \/>\n<meta property=\"og:description\" content=\"Ansamblis ant \u0160v\u010d. Trejyb\u0117s kalvos Vilniuje \u2013 dviej\u0173 skirting\u0173 pasauli\u0173, lotyni\u0161ko ir bizanti\u0161ko, susitikimo vieta. XIV a. \u010dia i\u0161kilo \u0161ventov\u0117, viena pirm\u0173j\u0173 krik\u0161\u010dioni\u0161k\u0173 institucij\u0173 Vilniuje, i\u0161 prad\u017ei\u0173 sta\u010diatiki\u0173, o nuo XVII a. unit\u0173. Greta k\u016br\u0117si ir gyvavo sta\u010diatiki\u0173\/unit\u0173 vienuolynai, mokyklos, brolijos, bibliotekos, spaustuv\u0117. Ilgainiui buvo per\u017eengtos miesto ribos \u2013 Vilniaus \u0160v\u010d. Trejyb\u0117s vienuolynas tapo visos Kijevo metropolijos dvasiniu centru ir uniti\u0161ko Bazilijon\u0173 ordino lop\u0161iu. Per\u017eengtos ir civilizacij\u0173 ribos \u2013 \u0161i vieta suartino rus\u0117ni\u0161kus (ukrainieti\u0161kus-baltarusi\u0161kus) Rytus ir lietuvi\u0161kus Vakarus.  Monografijoje\u00a0\u201eKult\u016br\u0173 kry\u017ekel\u0117\u201c, parengtoje bendradarbiaujant Lietuvos ir Ukrainos mokslininkams, atveriami nauji Lietuvos Did\u017eiosios Kunigaik\u0161tyst\u0117s, Vilniaus ir \u0160v\u010d. Trejyb\u0117s ansamblio istorijos puslapiai, pateikiamos naujos bendro dviej\u0173 taut\u0173 paveldo interpretacijos.\" \/>\n<meta property=\"og:url\" content=\"https:\/\/skaitytaknyga.lt\/en\/produktas\/kulturu-kryzkele-vilniaus-svc-trejybes-sventove-ir-vienuolynas-mazas-virselio-defektas\/\" \/>\n<meta property=\"og:site_name\" content=\"Skaitytaknyga\" \/>\n<meta property=\"article:publisher\" content=\"https:\/\/www.facebook.com\/skaitytaknyga\/\" \/>\n<meta property=\"article:modified_time\" content=\"2026-03-18T12:59:58+00:00\" \/>\n<meta property=\"og:image\" content=\"https:\/\/skaitytaknyga.lt\/wp-content\/uploads\/2024\/05\/1539697049_kulturu_kryzkele_virselis_internetui_LT.jpg\" \/>\n\t<meta property=\"og:image:width\" content=\"320\" \/>\n\t<meta property=\"og:image:height\" content=\"409\" \/>\n\t<meta property=\"og:image:type\" content=\"image\/jpeg\" \/>\n<meta name=\"twitter:card\" content=\"summary_large_image\" \/>\n<meta name=\"twitter:label1\" content=\"Estimated reading time\" \/>\n\t<meta name=\"twitter:data1\" content=\"1 minute\" \/>\n<script type=\"application\/ld+json\" class=\"yoast-schema-graph\">{\"@context\":\"https:\/\/schema.org\",\"@graph\":[{\"@type\":\"WebPage\",\"@id\":\"https:\/\/skaitytaknyga.lt\/produktas\/kulturu-kryzkele-vilniaus-svc-trejybes-sventove-ir-vienuolynas-mazas-virselio-defektas\/\",\"url\":\"https:\/\/skaitytaknyga.lt\/produktas\/kulturu-kryzkele-vilniaus-svc-trejybes-sventove-ir-vienuolynas-mazas-virselio-defektas\/\",\"name\":\"Kult\u016br\u0173 kry\u017ekel\u0117: Vilniaus \u0160v\u010d. Trejyb\u0117s \u0161ventov\u0117 ir vienuolynas (ma\u017eas vir\u0161elio defektas)\",\"isPartOf\":{\"@id\":\"https:\/\/skaitytaknyga.lt\/#website\"},\"primaryImageOfPage\":{\"@id\":\"https:\/\/skaitytaknyga.lt\/produktas\/kulturu-kryzkele-vilniaus-svc-trejybes-sventove-ir-vienuolynas-mazas-virselio-defektas\/#primaryimage\"},\"image\":{\"@id\":\"https:\/\/skaitytaknyga.lt\/produktas\/kulturu-kryzkele-vilniaus-svc-trejybes-sventove-ir-vienuolynas-mazas-virselio-defektas\/#primaryimage\"},\"thumbnailUrl\":\"https:\/\/skaitytaknyga.lt\/wp-content\/uploads\/2024\/05\/1539697049_kulturu_kryzkele_virselis_internetui_LT.jpg\",\"datePublished\":\"2024-05-04T18:06:15+00:00\",\"dateModified\":\"2026-03-18T12:59:58+00:00\",\"description\":\"Ansamblis ant \u0160v\u010d. Trejyb\u0117s kalvos Vilniuje \u2013 dviej\u0173 skirting\u0173 pasauli\u0173, lotyni\u0161ko ir bizanti\u0161ko, susitikimo vieta. XIV a. \u010dia i\u0161kilo \u0161ventov\u0117, viena pirm\u0173j\u0173 krik\u0161\u010dioni\u0161k\u0173 institucij\u0173 Vilniuje, i\u0161 prad\u017ei\u0173 sta\u010diatiki\u0173, o nuo XVII a. unit\u0173. Greta k\u016br\u0117si ir gyvavo sta\u010diatiki\u0173\/unit\u0173 vienuolynai, mokyklos, brolijos, bibliotekos, spaustuv\u0117. Ilgainiui buvo per\u017eengtos miesto ribos \u2013 Vilniaus \u0160v\u010d. Trejyb\u0117s vienuolynas tapo visos Kijevo metropolijos dvasiniu centru ir uniti\u0161ko Bazilijon\u0173 ordino lop\u0161iu. Per\u017eengtos ir civilizacij\u0173 ribos \u2013 \u0161i vieta suartino rus\u0117ni\u0161kus (ukrainieti\u0161kus-baltarusi\u0161kus) Rytus ir lietuvi\u0161kus Vakarus. Monografijoje\u00a0\u201eKult\u016br\u0173 kry\u017ekel\u0117\u201c, parengtoje bendradarbiaujant Lietuvos ir Ukrainos mokslininkams, atveriami nauji Lietuvos Did\u017eiosios Kunigaik\u0161tyst\u0117s, Vilniaus ir \u0160v\u010d. Trejyb\u0117s ansamblio istorijos puslapiai, pateikiamos naujos bendro dviej\u0173 taut\u0173 paveldo interpretacijos.\",\"breadcrumb\":{\"@id\":\"https:\/\/skaitytaknyga.lt\/produktas\/kulturu-kryzkele-vilniaus-svc-trejybes-sventove-ir-vienuolynas-mazas-virselio-defektas\/#breadcrumb\"},\"inLanguage\":\"en-GB\",\"potentialAction\":[{\"@type\":\"ReadAction\",\"target\":[\"https:\/\/skaitytaknyga.lt\/produktas\/kulturu-kryzkele-vilniaus-svc-trejybes-sventove-ir-vienuolynas-mazas-virselio-defektas\/\"]}]},{\"@type\":\"ImageObject\",\"inLanguage\":\"en-GB\",\"@id\":\"https:\/\/skaitytaknyga.lt\/produktas\/kulturu-kryzkele-vilniaus-svc-trejybes-sventove-ir-vienuolynas-mazas-virselio-defektas\/#primaryimage\",\"url\":\"https:\/\/skaitytaknyga.lt\/wp-content\/uploads\/2024\/05\/1539697049_kulturu_kryzkele_virselis_internetui_LT.jpg\",\"contentUrl\":\"https:\/\/skaitytaknyga.lt\/wp-content\/uploads\/2024\/05\/1539697049_kulturu_kryzkele_virselis_internetui_LT.jpg\",\"width\":320,\"height\":409},{\"@type\":\"BreadcrumbList\",\"@id\":\"https:\/\/skaitytaknyga.lt\/produktas\/kulturu-kryzkele-vilniaus-svc-trejybes-sventove-ir-vienuolynas-mazas-virselio-defektas\/#breadcrumb\",\"itemListElement\":[{\"@type\":\"ListItem\",\"position\":1,\"name\":\"Home\",\"item\":\"https:\/\/skaitytaknyga.lt\/\"},{\"@type\":\"ListItem\",\"position\":2,\"name\":\"Parduotuv\u0117\",\"item\":\"https:\/\/skaitytaknyga.lt\/knygu-parduotuve\/\"},{\"@type\":\"ListItem\",\"position\":3,\"name\":\"Kult\u016br\u0173 kry\u017ekel\u0117: Vilniaus \u0160v\u010d. Trejyb\u0117s \u0161ventov\u0117 ir vienuolynas (ma\u017eas vir\u0161elio defektas)\"}]},{\"@type\":\"WebSite\",\"@id\":\"https:\/\/skaitytaknyga.lt\/#website\",\"url\":\"https:\/\/skaitytaknyga.lt\/\",\"name\":\"skaitytaknyga.lt\",\"description\":\"Skaitytaknyga.lt \u2013 tai ma\u017eas \u0161eimos verslas, kuris prasid\u0117jo nuo meil\u0117s knygoms ir siekio i\u0161gelb\u0117ti knygas nuo likimo prie konteinerio. Kas vienam nereikalingas daiktas \u2013 kitam lobis, o mes esame tarpininkai, kurie padeda abiems tapti laimingesniems ???? \u017dinome kaip nelengva i\u0161gyventi ma\u017eiems verslams, tad nuo \u0161iol, \u010dia rasite ir kit\u0173, ma\u017e\u0173 \u0161eim\u0173 versl\u0173, rank\u0173 darbo, dovan\u0173 sau ir artimiesiems.\",\"publisher\":{\"@id\":\"https:\/\/skaitytaknyga.lt\/#organization\"},\"potentialAction\":[{\"@type\":\"SearchAction\",\"target\":{\"@type\":\"EntryPoint\",\"urlTemplate\":\"https:\/\/skaitytaknyga.lt\/?s={search_term_string}\"},\"query-input\":{\"@type\":\"PropertyValueSpecification\",\"valueRequired\":true,\"valueName\":\"search_term_string\"}}],\"inLanguage\":\"en-GB\"},{\"@type\":\"Organization\",\"@id\":\"https:\/\/skaitytaknyga.lt\/#organization\",\"name\":\"skaitytaknyga.lt\",\"url\":\"https:\/\/skaitytaknyga.lt\/\",\"logo\":{\"@type\":\"ImageObject\",\"inLanguage\":\"en-GB\",\"@id\":\"https:\/\/skaitytaknyga.lt\/#\/schema\/logo\/image\/\",\"url\":\"https:\/\/skaitytaknyga.lt\/wp-content\/uploads\/2024\/05\/cropped-cropped-cropped-02_00843_jt3bggkj1j3HLc7SyY6rEUpg.jpeg\",\"contentUrl\":\"https:\/\/skaitytaknyga.lt\/wp-content\/uploads\/2024\/05\/cropped-cropped-cropped-02_00843_jt3bggkj1j3HLc7SyY6rEUpg.jpeg\",\"width\":1600,\"height\":1600,\"caption\":\"skaitytaknyga.lt\"},\"image\":{\"@id\":\"https:\/\/skaitytaknyga.lt\/#\/schema\/logo\/image\/\"},\"sameAs\":[\"https:\/\/www.facebook.com\/skaitytaknyga\/\"]}]}<\/script>\n<!-- \/ Yoast SEO plugin. -->","yoast_head_json":{"title":"Kult\u016br\u0173 kry\u017ekel\u0117: Vilniaus \u0160v\u010d. Trejyb\u0117s \u0161ventov\u0117 ir vienuolynas (ma\u017eas vir\u0161elio defektas)","description":"Ansamblis ant \u0160v\u010d. Trejyb\u0117s kalvos Vilniuje \u2013 dviej\u0173 skirting\u0173 pasauli\u0173, lotyni\u0161ko ir bizanti\u0161ko, susitikimo vieta. XIV a. \u010dia i\u0161kilo \u0161ventov\u0117, viena pirm\u0173j\u0173 krik\u0161\u010dioni\u0161k\u0173 institucij\u0173 Vilniuje, i\u0161 prad\u017ei\u0173 sta\u010diatiki\u0173, o nuo XVII a. unit\u0173. Greta k\u016br\u0117si ir gyvavo sta\u010diatiki\u0173\/unit\u0173 vienuolynai, mokyklos, brolijos, bibliotekos, spaustuv\u0117. Ilgainiui buvo per\u017eengtos miesto ribos \u2013 Vilniaus \u0160v\u010d. Trejyb\u0117s vienuolynas tapo visos Kijevo metropolijos dvasiniu centru ir uniti\u0161ko Bazilijon\u0173 ordino lop\u0161iu. Per\u017eengtos ir civilizacij\u0173 ribos \u2013 \u0161i vieta suartino rus\u0117ni\u0161kus (ukrainieti\u0161kus-baltarusi\u0161kus) Rytus ir lietuvi\u0161kus Vakarus.  Monografijoje\u00a0\u201eKult\u016br\u0173 kry\u017ekel\u0117\u201c, parengtoje bendradarbiaujant Lietuvos ir Ukrainos mokslininkams, atveriami nauji Lietuvos Did\u017eiosios Kunigaik\u0161tyst\u0117s, Vilniaus ir \u0160v\u010d. Trejyb\u0117s ansamblio istorijos puslapiai, pateikiamos naujos bendro dviej\u0173 taut\u0173 paveldo interpretacijos.","robots":{"index":"index","follow":"follow","max-snippet":"max-snippet:-1","max-image-preview":"max-image-preview:large","max-video-preview":"max-video-preview:-1"},"canonical":"https:\/\/skaitytaknyga.lt\/en\/produktas\/kulturu-kryzkele-vilniaus-svc-trejybes-sventove-ir-vienuolynas-mazas-virselio-defektas\/","og_locale":"en_GB","og_type":"article","og_title":"[:lt]Kult\u016br\u0173 kry\u017ekel\u0117: Vilniaus \u0160v\u010d. Trejyb\u0117s \u0161ventov\u0117 ir vienuolynas (ma\u017eas vir\u0161elio defektas)[:] - Skaitytaknyga","og_description":"Ansamblis ant \u0160v\u010d. Trejyb\u0117s kalvos Vilniuje \u2013 dviej\u0173 skirting\u0173 pasauli\u0173, lotyni\u0161ko ir bizanti\u0161ko, susitikimo vieta. XIV a. \u010dia i\u0161kilo \u0161ventov\u0117, viena pirm\u0173j\u0173 krik\u0161\u010dioni\u0161k\u0173 institucij\u0173 Vilniuje, i\u0161 prad\u017ei\u0173 sta\u010diatiki\u0173, o nuo XVII a. unit\u0173. Greta k\u016br\u0117si ir gyvavo sta\u010diatiki\u0173\/unit\u0173 vienuolynai, mokyklos, brolijos, bibliotekos, spaustuv\u0117. Ilgainiui buvo per\u017eengtos miesto ribos \u2013 Vilniaus \u0160v\u010d. Trejyb\u0117s vienuolynas tapo visos Kijevo metropolijos dvasiniu centru ir uniti\u0161ko Bazilijon\u0173 ordino lop\u0161iu. Per\u017eengtos ir civilizacij\u0173 ribos \u2013 \u0161i vieta suartino rus\u0117ni\u0161kus (ukrainieti\u0161kus-baltarusi\u0161kus) Rytus ir lietuvi\u0161kus Vakarus.  Monografijoje\u00a0\u201eKult\u016br\u0173 kry\u017ekel\u0117\u201c, parengtoje bendradarbiaujant Lietuvos ir Ukrainos mokslininkams, atveriami nauji Lietuvos Did\u017eiosios Kunigaik\u0161tyst\u0117s, Vilniaus ir \u0160v\u010d. Trejyb\u0117s ansamblio istorijos puslapiai, pateikiamos naujos bendro dviej\u0173 taut\u0173 paveldo interpretacijos.","og_url":"https:\/\/skaitytaknyga.lt\/en\/produktas\/kulturu-kryzkele-vilniaus-svc-trejybes-sventove-ir-vienuolynas-mazas-virselio-defektas\/","og_site_name":"Skaitytaknyga","article_publisher":"https:\/\/www.facebook.com\/skaitytaknyga\/","article_modified_time":"2026-03-18T12:59:58+00:00","og_image":[{"width":320,"height":409,"url":"https:\/\/skaitytaknyga.lt\/wp-content\/uploads\/2024\/05\/1539697049_kulturu_kryzkele_virselis_internetui_LT.jpg","type":"image\/jpeg"}],"twitter_card":"summary_large_image","twitter_misc":{"Estimated reading time":"1 minute"},"schema":{"@context":"https:\/\/schema.org","@graph":[{"@type":"WebPage","@id":"https:\/\/skaitytaknyga.lt\/produktas\/kulturu-kryzkele-vilniaus-svc-trejybes-sventove-ir-vienuolynas-mazas-virselio-defektas\/","url":"https:\/\/skaitytaknyga.lt\/produktas\/kulturu-kryzkele-vilniaus-svc-trejybes-sventove-ir-vienuolynas-mazas-virselio-defektas\/","name":"Kult\u016br\u0173 kry\u017ekel\u0117: Vilniaus \u0160v\u010d. Trejyb\u0117s \u0161ventov\u0117 ir vienuolynas (ma\u017eas vir\u0161elio defektas)","isPartOf":{"@id":"https:\/\/skaitytaknyga.lt\/#website"},"primaryImageOfPage":{"@id":"https:\/\/skaitytaknyga.lt\/produktas\/kulturu-kryzkele-vilniaus-svc-trejybes-sventove-ir-vienuolynas-mazas-virselio-defektas\/#primaryimage"},"image":{"@id":"https:\/\/skaitytaknyga.lt\/produktas\/kulturu-kryzkele-vilniaus-svc-trejybes-sventove-ir-vienuolynas-mazas-virselio-defektas\/#primaryimage"},"thumbnailUrl":"https:\/\/skaitytaknyga.lt\/wp-content\/uploads\/2024\/05\/1539697049_kulturu_kryzkele_virselis_internetui_LT.jpg","datePublished":"2024-05-04T18:06:15+00:00","dateModified":"2026-03-18T12:59:58+00:00","description":"Ansamblis ant \u0160v\u010d. Trejyb\u0117s kalvos Vilniuje \u2013 dviej\u0173 skirting\u0173 pasauli\u0173, lotyni\u0161ko ir bizanti\u0161ko, susitikimo vieta. XIV a. \u010dia i\u0161kilo \u0161ventov\u0117, viena pirm\u0173j\u0173 krik\u0161\u010dioni\u0161k\u0173 institucij\u0173 Vilniuje, i\u0161 prad\u017ei\u0173 sta\u010diatiki\u0173, o nuo XVII a. unit\u0173. Greta k\u016br\u0117si ir gyvavo sta\u010diatiki\u0173\/unit\u0173 vienuolynai, mokyklos, brolijos, bibliotekos, spaustuv\u0117. Ilgainiui buvo per\u017eengtos miesto ribos \u2013 Vilniaus \u0160v\u010d. Trejyb\u0117s vienuolynas tapo visos Kijevo metropolijos dvasiniu centru ir uniti\u0161ko Bazilijon\u0173 ordino lop\u0161iu. Per\u017eengtos ir civilizacij\u0173 ribos \u2013 \u0161i vieta suartino rus\u0117ni\u0161kus (ukrainieti\u0161kus-baltarusi\u0161kus) Rytus ir lietuvi\u0161kus Vakarus. Monografijoje\u00a0\u201eKult\u016br\u0173 kry\u017ekel\u0117\u201c, parengtoje bendradarbiaujant Lietuvos ir Ukrainos mokslininkams, atveriami nauji Lietuvos Did\u017eiosios Kunigaik\u0161tyst\u0117s, Vilniaus ir \u0160v\u010d. Trejyb\u0117s ansamblio istorijos puslapiai, pateikiamos naujos bendro dviej\u0173 taut\u0173 paveldo interpretacijos.","breadcrumb":{"@id":"https:\/\/skaitytaknyga.lt\/produktas\/kulturu-kryzkele-vilniaus-svc-trejybes-sventove-ir-vienuolynas-mazas-virselio-defektas\/#breadcrumb"},"inLanguage":"en-GB","potentialAction":[{"@type":"ReadAction","target":["https:\/\/skaitytaknyga.lt\/produktas\/kulturu-kryzkele-vilniaus-svc-trejybes-sventove-ir-vienuolynas-mazas-virselio-defektas\/"]}]},{"@type":"ImageObject","inLanguage":"en-GB","@id":"https:\/\/skaitytaknyga.lt\/produktas\/kulturu-kryzkele-vilniaus-svc-trejybes-sventove-ir-vienuolynas-mazas-virselio-defektas\/#primaryimage","url":"https:\/\/skaitytaknyga.lt\/wp-content\/uploads\/2024\/05\/1539697049_kulturu_kryzkele_virselis_internetui_LT.jpg","contentUrl":"https:\/\/skaitytaknyga.lt\/wp-content\/uploads\/2024\/05\/1539697049_kulturu_kryzkele_virselis_internetui_LT.jpg","width":320,"height":409},{"@type":"BreadcrumbList","@id":"https:\/\/skaitytaknyga.lt\/produktas\/kulturu-kryzkele-vilniaus-svc-trejybes-sventove-ir-vienuolynas-mazas-virselio-defektas\/#breadcrumb","itemListElement":[{"@type":"ListItem","position":1,"name":"Home","item":"https:\/\/skaitytaknyga.lt\/"},{"@type":"ListItem","position":2,"name":"Parduotuv\u0117","item":"https:\/\/skaitytaknyga.lt\/knygu-parduotuve\/"},{"@type":"ListItem","position":3,"name":"Kult\u016br\u0173 kry\u017ekel\u0117: Vilniaus \u0160v\u010d. Trejyb\u0117s \u0161ventov\u0117 ir vienuolynas (ma\u017eas vir\u0161elio defektas)"}]},{"@type":"WebSite","@id":"https:\/\/skaitytaknyga.lt\/#website","url":"https:\/\/skaitytaknyga.lt\/","name":"skaitytaknyga.lt","description":"Skaitytaknyga.lt \u2013 tai ma\u017eas \u0161eimos verslas, kuris prasid\u0117jo nuo meil\u0117s knygoms ir siekio i\u0161gelb\u0117ti knygas nuo likimo prie konteinerio. Kas vienam nereikalingas daiktas \u2013 kitam lobis, o mes esame tarpininkai, kurie padeda abiems tapti laimingesniems ???? \u017dinome kaip nelengva i\u0161gyventi ma\u017eiems verslams, tad nuo \u0161iol, \u010dia rasite ir kit\u0173, ma\u017e\u0173 \u0161eim\u0173 versl\u0173, rank\u0173 darbo, dovan\u0173 sau ir artimiesiems.","publisher":{"@id":"https:\/\/skaitytaknyga.lt\/#organization"},"potentialAction":[{"@type":"SearchAction","target":{"@type":"EntryPoint","urlTemplate":"https:\/\/skaitytaknyga.lt\/?s={search_term_string}"},"query-input":{"@type":"PropertyValueSpecification","valueRequired":true,"valueName":"search_term_string"}}],"inLanguage":"en-GB"},{"@type":"Organization","@id":"https:\/\/skaitytaknyga.lt\/#organization","name":"skaitytaknyga.lt","url":"https:\/\/skaitytaknyga.lt\/","logo":{"@type":"ImageObject","inLanguage":"en-GB","@id":"https:\/\/skaitytaknyga.lt\/#\/schema\/logo\/image\/","url":"https:\/\/skaitytaknyga.lt\/wp-content\/uploads\/2024\/05\/cropped-cropped-cropped-02_00843_jt3bggkj1j3HLc7SyY6rEUpg.jpeg","contentUrl":"https:\/\/skaitytaknyga.lt\/wp-content\/uploads\/2024\/05\/cropped-cropped-cropped-02_00843_jt3bggkj1j3HLc7SyY6rEUpg.jpeg","width":1600,"height":1600,"caption":"skaitytaknyga.lt"},"image":{"@id":"https:\/\/skaitytaknyga.lt\/#\/schema\/logo\/image\/"},"sameAs":["https:\/\/www.facebook.com\/skaitytaknyga\/"]}]}},"_links":{"self":[{"href":"https:\/\/skaitytaknyga.lt\/en\/wp-json\/wp\/v2\/product\/10080","targetHints":{"allow":["GET"]}}],"collection":[{"href":"https:\/\/skaitytaknyga.lt\/en\/wp-json\/wp\/v2\/product"}],"about":[{"href":"https:\/\/skaitytaknyga.lt\/en\/wp-json\/wp\/v2\/types\/product"}],"replies":[{"embeddable":true,"href":"https:\/\/skaitytaknyga.lt\/en\/wp-json\/wp\/v2\/comments?post=10080"}],"wp:featuredmedia":[{"embeddable":true,"href":"https:\/\/skaitytaknyga.lt\/en\/wp-json\/wp\/v2\/media\/10124"}],"wp:attachment":[{"href":"https:\/\/skaitytaknyga.lt\/en\/wp-json\/wp\/v2\/media?parent=10080"}],"wp:term":[{"taxonomy":"product_brand","embeddable":true,"href":"https:\/\/skaitytaknyga.lt\/en\/wp-json\/wp\/v2\/product_brand?post=10080"},{"taxonomy":"product_cat","embeddable":true,"href":"https:\/\/skaitytaknyga.lt\/en\/wp-json\/wp\/v2\/product_cat?post=10080"},{"taxonomy":"product_tag","embeddable":true,"href":"https:\/\/skaitytaknyga.lt\/en\/wp-json\/wp\/v2\/product_tag?post=10080"}],"curies":[{"name":"wp","href":"https:\/\/api.w.org\/{rel}","templated":true}]}}