{"id":10073,"date":"2024-05-04T18:05:41","date_gmt":"2024-05-04T18:05:41","guid":{"rendered":"https:\/\/skaitytaknyga.lt\/?post_type=product&#038;p=10073"},"modified":"2026-03-05T15:58:08","modified_gmt":"2026-03-05T13:58:08","slug":"charlotte-link-apgaule-pagelte-lapai","status":"publish","type":"product","link":"https:\/\/skaitytaknyga.lt\/en\/produktas\/charlotte-link-apgaule-pagelte-lapai\/","title":{"rendered":"Apgaul\u0117 (pagelt\u0119 lapai)"},"content":{"rendered":"<p>Laura ir Peteris Simonai, sutuoktiniai i\u0161 Frankfurto, \u2013 turtingi, Pranc\u016bzijoje turi nam\u0105, skirt\u0105 atostogauti. Peteris kiekvien\u0105 ruden\u012f be \u017emonos ir dukrel\u0117s ten va\u017eiuoja paplaukioti jachta ir praleisti savait\u0119 su geriausiu draugu Kristoferiu. Tiktai \u0161\u012fkart jis dingsta be \u017einios. Susir\u016bpinusi \u017emona su\u017eino, kad Peteris prasiskolin\u0119s, turi meilu\u017e\u0119 ir jau seniai nebeplaukioja jachta.<\/p>\n<p>Laura nuvyksta \u012f Pranc\u016bzij\u0105 ie\u0161koti vyro, ir \u010dia j\u0105 viena po kitos u\u017egri\u016bva nemalonios staigmenos. Dar priblo\u0161kia \u017einia, jog gretimame kaimelyje rastos nu\u017eudytos motina su dukrele. O \u0161eimos draugai pranc\u016bzai, su kuriais jie praleido tiek gra\u017ei\u0173 valand\u0173, n\u0117 nemano jai pad\u0117ti&#8230;<\/p>\n","protected":false},"excerpt":{"rendered":"<p>Laura ir Peteris Simonai, sutuoktiniai i\u0161 Frankfurto, \u2013 turtingi, Pranc\u016bzijoje turi nam\u0105, skirt\u0105 atostogauti. Peteris kiekvien\u0105 ruden\u012f be \u017emonos ir dukrel\u0117s ten va\u017eiuoja paplaukioti jachta ir praleisti savait\u0119 su geriausiu draugu Kristoferiu. Tiktai \u0161\u012fkart jis dingsta be \u017einios. Susir\u016bpinusi \u017emona su\u017eino, kad Peteris prasiskolin\u0119s, turi meilu\u017e\u0119 ir jau seniai nebeplaukioja jachta.<\/p>\n<p>Laura nuvyksta \u012f Pranc\u016bzij\u0105 ie\u0161koti vyro, ir \u010dia j\u0105 viena po kitos u\u017egri\u016bva nemalonios staigmenos. Dar priblo\u0161kia \u017einia, jog gretimame kaimelyje rastos nu\u017eudytos motina su dukrele. O \u0161eimos draugai pranc\u016bzai, su kuriais jie praleido tiek gra\u017ei\u0173 valand\u0173, n\u0117 nemano jai pad\u0117ti&#8230;<\/p>\n","protected":false},"featured_media":10123,"comment_status":"closed","ping_status":"closed","template":"","meta":{"_acf_changed":false,"site-sidebar-layout":"default","site-content-layout":"","ast-site-content-layout":"default","site-content-style":"default","site-sidebar-style":"default","ast-global-header-display":"","ast-banner-title-visibility":"","ast-main-header-display":"","ast-hfb-above-header-display":"","ast-hfb-below-header-display":"","ast-hfb-mobile-header-display":"","site-post-title":"","ast-breadcrumbs-content":"","ast-featured-img":"","footer-sml-layout":"","ast-disable-related-posts":"","theme-transparent-header-meta":"","adv-header-id-meta":"","stick-header-meta":"","header-above-stick-meta":"","header-main-stick-meta":"","header-below-stick-meta":"","astra-migrate-meta-layouts":"default","ast-page-background-enabled":"default","ast-page-background-meta":{"desktop":{"background-color":"","background-image":"","background-repeat":"repeat","background-position":"center center","background-size":"auto","background-attachment":"scroll","background-type":"","background-media":"","overlay-type":"","overlay-color":"","overlay-opacity":"","overlay-gradient":""},"tablet":{"background-color":"","background-image":"","background-repeat":"repeat","background-position":"center center","background-size":"auto","background-attachment":"scroll","background-type":"","background-media":"","overlay-type":"","overlay-color":"","overlay-opacity":"","overlay-gradient":""},"mobile":{"background-color":"","background-image":"","background-repeat":"repeat","background-position":"center center","background-size":"auto","background-attachment":"scroll","background-type":"","background-media":"","overlay-type":"","overlay-color":"","overlay-opacity":"","overlay-gradient":""}},"ast-content-background-meta":{"desktop":{"background-color":"var(--ast-global-color-4)","background-image":"","background-repeat":"repeat","background-position":"center center","background-size":"auto","background-attachment":"scroll","background-type":"","background-media":"","overlay-type":"","overlay-color":"","overlay-opacity":"","overlay-gradient":""},"tablet":{"background-color":"var(--ast-global-color-4)","background-image":"","background-repeat":"repeat","background-position":"center center","background-size":"auto","background-attachment":"scroll","background-type":"","background-media":"","overlay-type":"","overlay-color":"","overlay-opacity":"","overlay-gradient":""},"mobile":{"background-color":"var(--ast-global-color-4)","background-image":"","background-repeat":"repeat","background-position":"center center","background-size":"auto","background-attachment":"scroll","background-type":"","background-media":"","overlay-type":"","overlay-color":"","overlay-opacity":"","overlay-gradient":""}}},"product_brand":[],"product_cat":[9580],"product_tag":[],"class_list":{"0":"post-10073","1":"product","2":"type-product","3":"status-publish","4":"has-post-thumbnail","6":"product_cat-psichologiniai-detektyvai","7":"desktop-align-left","8":"tablet-align-left","9":"mobile-align-left","11":"first","12":"outofstock","13":"shipping-taxable","14":"purchasable","15":"product-type-simple"},"acf":[],"yoast_head":"<!-- This site is optimized with the Yoast SEO plugin v27.4 - https:\/\/yoast.com\/product\/yoast-seo-wordpress\/ -->\n<title>Apgaul\u0117 (pagelt\u0119 lapai)<\/title>\n<meta name=\"description\" content=\"Laura ir Peteris Simonai, sutuoktiniai i\u0161 Frankfurto, \u2013 turtingi, Pranc\u016bzijoje turi nam\u0105, skirt\u0105 atostogauti. Peteris kiekvien\u0105 ruden\u012f be \u017emonos ir dukrel\u0117s ten va\u017eiuoja paplaukioti jachta ir praleisti savait\u0119 su geriausiu draugu Kristoferiu. Tiktai \u0161\u012fkart jis dingsta be \u017einios. Susir\u016bpinusi \u017emona su\u017eino, kad Peteris prasiskolin\u0119s, turi meilu\u017e\u0119 ir jau seniai nebeplaukioja jachta.  Laura nuvyksta \u012f Pranc\u016bzij\u0105 ie\u0161koti vyro, ir \u010dia j\u0105 viena po kitos u\u017egri\u016bva nemalonios staigmenos. Dar priblo\u0161kia \u017einia, jog gretimame kaimelyje rastos nu\u017eudytos motina su dukrele. O \u0161eimos draugai pranc\u016bzai, su kuriais jie praleido tiek gra\u017ei\u0173 valand\u0173, n\u0117 nemano jai pad\u0117ti...\" \/>\n<meta name=\"robots\" content=\"index, follow, max-snippet:-1, max-image-preview:large, max-video-preview:-1\" \/>\n<link rel=\"canonical\" href=\"https:\/\/skaitytaknyga.lt\/en\/produktas\/charlotte-link-apgaule-pagelte-lapai\/\" \/>\n<meta property=\"og:locale\" content=\"en_GB\" \/>\n<meta property=\"og:locale:alternate\" content=\"lt_LT\" \/>\n<meta property=\"og:type\" content=\"article\" \/>\n<meta property=\"og:title\" content=\"Apgaul\u0117 (pagelt\u0119 lapai)\" \/>\n<meta property=\"og:description\" content=\"Laura ir Peteris Simonai, sutuoktiniai i\u0161 Frankfurto, \u2013 turtingi, Pranc\u016bzijoje turi nam\u0105, skirt\u0105 atostogauti. Peteris kiekvien\u0105 ruden\u012f be \u017emonos ir dukrel\u0117s ten va\u017eiuoja paplaukioti jachta ir praleisti savait\u0119 su geriausiu draugu Kristoferiu. Tiktai \u0161\u012fkart jis dingsta be \u017einios. Susir\u016bpinusi \u017emona su\u017eino, kad Peteris prasiskolin\u0119s, turi meilu\u017e\u0119 ir jau seniai nebeplaukioja jachta.  Laura nuvyksta \u012f Pranc\u016bzij\u0105 ie\u0161koti vyro, ir \u010dia j\u0105 viena po kitos u\u017egri\u016bva nemalonios staigmenos. Dar priblo\u0161kia \u017einia, jog gretimame kaimelyje rastos nu\u017eudytos motina su dukrele. O \u0161eimos draugai pranc\u016bzai, su kuriais jie praleido tiek gra\u017ei\u0173 valand\u0173, n\u0117 nemano jai pad\u0117ti...\" \/>\n<meta property=\"og:url\" content=\"https:\/\/skaitytaknyga.lt\/en\/produktas\/charlotte-link-apgaule-pagelte-lapai\/\" \/>\n<meta property=\"og:site_name\" content=\"Skaitytaknyga\" \/>\n<meta property=\"article:publisher\" content=\"https:\/\/www.facebook.com\/skaitytaknyga\/\" \/>\n<meta property=\"article:modified_time\" content=\"2026-03-05T13:58:08+00:00\" \/>\n<meta property=\"og:image\" content=\"https:\/\/skaitytaknyga.lt\/wp-content\/uploads\/2024\/05\/1462879775_img0032.jpg\" \/>\n\t<meta property=\"og:image:width\" content=\"250\" \/>\n\t<meta property=\"og:image:height\" content=\"430\" \/>\n\t<meta property=\"og:image:type\" content=\"image\/jpeg\" \/>\n<meta name=\"twitter:card\" content=\"summary_large_image\" \/>\n<meta name=\"twitter:label1\" content=\"Estimated reading time\" \/>\n\t<meta name=\"twitter:data1\" content=\"1 minute\" \/>\n<script type=\"application\/ld+json\" class=\"yoast-schema-graph\">{\"@context\":\"https:\\\/\\\/schema.org\",\"@graph\":[{\"@type\":\"WebPage\",\"@id\":\"https:\\\/\\\/skaitytaknyga.lt\\\/produktas\\\/charlotte-link-apgaule-pagelte-lapai\\\/\",\"url\":\"https:\\\/\\\/skaitytaknyga.lt\\\/produktas\\\/charlotte-link-apgaule-pagelte-lapai\\\/\",\"name\":\"Apgaul\u0117 (pagelt\u0119 lapai)\",\"isPartOf\":{\"@id\":\"https:\\\/\\\/skaitytaknyga.lt\\\/#website\"},\"primaryImageOfPage\":{\"@id\":\"https:\\\/\\\/skaitytaknyga.lt\\\/produktas\\\/charlotte-link-apgaule-pagelte-lapai\\\/#primaryimage\"},\"image\":{\"@id\":\"https:\\\/\\\/skaitytaknyga.lt\\\/produktas\\\/charlotte-link-apgaule-pagelte-lapai\\\/#primaryimage\"},\"thumbnailUrl\":\"https:\\\/\\\/skaitytaknyga.lt\\\/wp-content\\\/uploads\\\/2024\\\/05\\\/1462879775_img0032.jpg\",\"datePublished\":\"2024-05-04T18:05:41+00:00\",\"dateModified\":\"2026-03-05T13:58:08+00:00\",\"description\":\"Laura ir Peteris Simonai, sutuoktiniai i\u0161 Frankfurto, \u2013 turtingi, Pranc\u016bzijoje turi nam\u0105, skirt\u0105 atostogauti. Peteris kiekvien\u0105 ruden\u012f be \u017emonos ir dukrel\u0117s ten va\u017eiuoja paplaukioti jachta ir praleisti savait\u0119 su geriausiu draugu Kristoferiu. Tiktai \u0161\u012fkart jis dingsta be \u017einios. Susir\u016bpinusi \u017emona su\u017eino, kad Peteris prasiskolin\u0119s, turi meilu\u017e\u0119 ir jau seniai nebeplaukioja jachta. Laura nuvyksta \u012f Pranc\u016bzij\u0105 ie\u0161koti vyro, ir \u010dia j\u0105 viena po kitos u\u017egri\u016bva nemalonios staigmenos. Dar priblo\u0161kia \u017einia, jog gretimame kaimelyje rastos nu\u017eudytos motina su dukrele. O \u0161eimos draugai pranc\u016bzai, su kuriais jie praleido tiek gra\u017ei\u0173 valand\u0173, n\u0117 nemano jai pad\u0117ti...\",\"breadcrumb\":{\"@id\":\"https:\\\/\\\/skaitytaknyga.lt\\\/produktas\\\/charlotte-link-apgaule-pagelte-lapai\\\/#breadcrumb\"},\"inLanguage\":\"en-GB\",\"potentialAction\":[{\"@type\":\"ReadAction\",\"target\":[\"https:\\\/\\\/skaitytaknyga.lt\\\/produktas\\\/charlotte-link-apgaule-pagelte-lapai\\\/\"]}]},{\"@type\":\"ImageObject\",\"inLanguage\":\"en-GB\",\"@id\":\"https:\\\/\\\/skaitytaknyga.lt\\\/produktas\\\/charlotte-link-apgaule-pagelte-lapai\\\/#primaryimage\",\"url\":\"https:\\\/\\\/skaitytaknyga.lt\\\/wp-content\\\/uploads\\\/2024\\\/05\\\/1462879775_img0032.jpg\",\"contentUrl\":\"https:\\\/\\\/skaitytaknyga.lt\\\/wp-content\\\/uploads\\\/2024\\\/05\\\/1462879775_img0032.jpg\",\"width\":250,\"height\":430},{\"@type\":\"BreadcrumbList\",\"@id\":\"https:\\\/\\\/skaitytaknyga.lt\\\/produktas\\\/charlotte-link-apgaule-pagelte-lapai\\\/#breadcrumb\",\"itemListElement\":[{\"@type\":\"ListItem\",\"position\":1,\"name\":\"Home\",\"item\":\"https:\\\/\\\/skaitytaknyga.lt\\\/\"},{\"@type\":\"ListItem\",\"position\":2,\"name\":\"Parduotuv\u0117\",\"item\":\"https:\\\/\\\/skaitytaknyga.lt\\\/knygu-parduotuve\\\/\"},{\"@type\":\"ListItem\",\"position\":3,\"name\":\"Apgaul\u0117 (pagelt\u0119 lapai)\"}]},{\"@type\":\"WebSite\",\"@id\":\"https:\\\/\\\/skaitytaknyga.lt\\\/#website\",\"url\":\"https:\\\/\\\/skaitytaknyga.lt\\\/\",\"name\":\"skaitytaknyga.lt\",\"description\":\"Skaitytaknyga.lt \u2013 tai ma\u017eas \u0161eimos verslas, kuris prasid\u0117jo nuo meil\u0117s knygoms ir siekio i\u0161gelb\u0117ti knygas nuo likimo prie konteinerio. Kas vienam nereikalingas daiktas \u2013 kitam lobis, o mes esame tarpininkai, kurie padeda abiems tapti laimingesniems ???? \u017dinome kaip nelengva i\u0161gyventi ma\u017eiems verslams, tad nuo \u0161iol, \u010dia rasite ir kit\u0173, ma\u017e\u0173 \u0161eim\u0173 versl\u0173, rank\u0173 darbo, dovan\u0173 sau ir artimiesiems.\",\"publisher\":{\"@id\":\"https:\\\/\\\/skaitytaknyga.lt\\\/#organization\"},\"potentialAction\":[{\"@type\":\"SearchAction\",\"target\":{\"@type\":\"EntryPoint\",\"urlTemplate\":\"https:\\\/\\\/skaitytaknyga.lt\\\/?s={search_term_string}\"},\"query-input\":{\"@type\":\"PropertyValueSpecification\",\"valueRequired\":true,\"valueName\":\"search_term_string\"}}],\"inLanguage\":\"en-GB\"},{\"@type\":\"Organization\",\"@id\":\"https:\\\/\\\/skaitytaknyga.lt\\\/#organization\",\"name\":\"skaitytaknyga.lt\",\"url\":\"https:\\\/\\\/skaitytaknyga.lt\\\/\",\"logo\":{\"@type\":\"ImageObject\",\"inLanguage\":\"en-GB\",\"@id\":\"https:\\\/\\\/skaitytaknyga.lt\\\/#\\\/schema\\\/logo\\\/image\\\/\",\"url\":\"https:\\\/\\\/skaitytaknyga.lt\\\/wp-content\\\/uploads\\\/2024\\\/05\\\/cropped-cropped-cropped-02_00843_jt3bggkj1j3HLc7SyY6rEUpg.jpeg\",\"contentUrl\":\"https:\\\/\\\/skaitytaknyga.lt\\\/wp-content\\\/uploads\\\/2024\\\/05\\\/cropped-cropped-cropped-02_00843_jt3bggkj1j3HLc7SyY6rEUpg.jpeg\",\"width\":1600,\"height\":1600,\"caption\":\"skaitytaknyga.lt\"},\"image\":{\"@id\":\"https:\\\/\\\/skaitytaknyga.lt\\\/#\\\/schema\\\/logo\\\/image\\\/\"},\"sameAs\":[\"https:\\\/\\\/www.facebook.com\\\/skaitytaknyga\\\/\"]}]}<\/script>\n<!-- \/ Yoast SEO plugin. -->","yoast_head_json":{"title":"Apgaul\u0117 (pagelt\u0119 lapai)","description":"Laura ir Peteris Simonai, sutuoktiniai i\u0161 Frankfurto, \u2013 turtingi, Pranc\u016bzijoje turi nam\u0105, skirt\u0105 atostogauti. Peteris kiekvien\u0105 ruden\u012f be \u017emonos ir dukrel\u0117s ten va\u017eiuoja paplaukioti jachta ir praleisti savait\u0119 su geriausiu draugu Kristoferiu. Tiktai \u0161\u012fkart jis dingsta be \u017einios. Susir\u016bpinusi \u017emona su\u017eino, kad Peteris prasiskolin\u0119s, turi meilu\u017e\u0119 ir jau seniai nebeplaukioja jachta.  Laura nuvyksta \u012f Pranc\u016bzij\u0105 ie\u0161koti vyro, ir \u010dia j\u0105 viena po kitos u\u017egri\u016bva nemalonios staigmenos. Dar priblo\u0161kia \u017einia, jog gretimame kaimelyje rastos nu\u017eudytos motina su dukrele. O \u0161eimos draugai pranc\u016bzai, su kuriais jie praleido tiek gra\u017ei\u0173 valand\u0173, n\u0117 nemano jai pad\u0117ti...","robots":{"index":"index","follow":"follow","max-snippet":"max-snippet:-1","max-image-preview":"max-image-preview:large","max-video-preview":"max-video-preview:-1"},"canonical":"https:\/\/skaitytaknyga.lt\/en\/produktas\/charlotte-link-apgaule-pagelte-lapai\/","og_locale":"en_GB","og_type":"article","og_title":"[:lt]Apgaul\u0117 (pagelt\u0119 lapai)[:] - Skaitytaknyga","og_description":"Laura ir Peteris Simonai, sutuoktiniai i\u0161 Frankfurto, \u2013 turtingi, Pranc\u016bzijoje turi nam\u0105, skirt\u0105 atostogauti. Peteris kiekvien\u0105 ruden\u012f be \u017emonos ir dukrel\u0117s ten va\u017eiuoja paplaukioti jachta ir praleisti savait\u0119 su geriausiu draugu Kristoferiu. Tiktai \u0161\u012fkart jis dingsta be \u017einios. Susir\u016bpinusi \u017emona su\u017eino, kad Peteris prasiskolin\u0119s, turi meilu\u017e\u0119 ir jau seniai nebeplaukioja jachta.  Laura nuvyksta \u012f Pranc\u016bzij\u0105 ie\u0161koti vyro, ir \u010dia j\u0105 viena po kitos u\u017egri\u016bva nemalonios staigmenos. Dar priblo\u0161kia \u017einia, jog gretimame kaimelyje rastos nu\u017eudytos motina su dukrele. O \u0161eimos draugai pranc\u016bzai, su kuriais jie praleido tiek gra\u017ei\u0173 valand\u0173, n\u0117 nemano jai pad\u0117ti...","og_url":"https:\/\/skaitytaknyga.lt\/en\/produktas\/charlotte-link-apgaule-pagelte-lapai\/","og_site_name":"Skaitytaknyga","article_publisher":"https:\/\/www.facebook.com\/skaitytaknyga\/","article_modified_time":"2026-03-05T13:58:08+00:00","og_image":[{"width":250,"height":430,"url":"https:\/\/skaitytaknyga.lt\/wp-content\/uploads\/2024\/05\/1462879775_img0032.jpg","type":"image\/jpeg"}],"twitter_card":"summary_large_image","twitter_misc":{"Estimated reading time":"1 minute"},"schema":{"@context":"https:\/\/schema.org","@graph":[{"@type":"WebPage","@id":"https:\/\/skaitytaknyga.lt\/produktas\/charlotte-link-apgaule-pagelte-lapai\/","url":"https:\/\/skaitytaknyga.lt\/produktas\/charlotte-link-apgaule-pagelte-lapai\/","name":"Apgaul\u0117 (pagelt\u0119 lapai)","isPartOf":{"@id":"https:\/\/skaitytaknyga.lt\/#website"},"primaryImageOfPage":{"@id":"https:\/\/skaitytaknyga.lt\/produktas\/charlotte-link-apgaule-pagelte-lapai\/#primaryimage"},"image":{"@id":"https:\/\/skaitytaknyga.lt\/produktas\/charlotte-link-apgaule-pagelte-lapai\/#primaryimage"},"thumbnailUrl":"https:\/\/skaitytaknyga.lt\/wp-content\/uploads\/2024\/05\/1462879775_img0032.jpg","datePublished":"2024-05-04T18:05:41+00:00","dateModified":"2026-03-05T13:58:08+00:00","description":"Laura ir Peteris Simonai, sutuoktiniai i\u0161 Frankfurto, \u2013 turtingi, Pranc\u016bzijoje turi nam\u0105, skirt\u0105 atostogauti. Peteris kiekvien\u0105 ruden\u012f be \u017emonos ir dukrel\u0117s ten va\u017eiuoja paplaukioti jachta ir praleisti savait\u0119 su geriausiu draugu Kristoferiu. Tiktai \u0161\u012fkart jis dingsta be \u017einios. Susir\u016bpinusi \u017emona su\u017eino, kad Peteris prasiskolin\u0119s, turi meilu\u017e\u0119 ir jau seniai nebeplaukioja jachta. Laura nuvyksta \u012f Pranc\u016bzij\u0105 ie\u0161koti vyro, ir \u010dia j\u0105 viena po kitos u\u017egri\u016bva nemalonios staigmenos. Dar priblo\u0161kia \u017einia, jog gretimame kaimelyje rastos nu\u017eudytos motina su dukrele. O \u0161eimos draugai pranc\u016bzai, su kuriais jie praleido tiek gra\u017ei\u0173 valand\u0173, n\u0117 nemano jai pad\u0117ti...","breadcrumb":{"@id":"https:\/\/skaitytaknyga.lt\/produktas\/charlotte-link-apgaule-pagelte-lapai\/#breadcrumb"},"inLanguage":"en-GB","potentialAction":[{"@type":"ReadAction","target":["https:\/\/skaitytaknyga.lt\/produktas\/charlotte-link-apgaule-pagelte-lapai\/"]}]},{"@type":"ImageObject","inLanguage":"en-GB","@id":"https:\/\/skaitytaknyga.lt\/produktas\/charlotte-link-apgaule-pagelte-lapai\/#primaryimage","url":"https:\/\/skaitytaknyga.lt\/wp-content\/uploads\/2024\/05\/1462879775_img0032.jpg","contentUrl":"https:\/\/skaitytaknyga.lt\/wp-content\/uploads\/2024\/05\/1462879775_img0032.jpg","width":250,"height":430},{"@type":"BreadcrumbList","@id":"https:\/\/skaitytaknyga.lt\/produktas\/charlotte-link-apgaule-pagelte-lapai\/#breadcrumb","itemListElement":[{"@type":"ListItem","position":1,"name":"Home","item":"https:\/\/skaitytaknyga.lt\/"},{"@type":"ListItem","position":2,"name":"Parduotuv\u0117","item":"https:\/\/skaitytaknyga.lt\/knygu-parduotuve\/"},{"@type":"ListItem","position":3,"name":"Apgaul\u0117 (pagelt\u0119 lapai)"}]},{"@type":"WebSite","@id":"https:\/\/skaitytaknyga.lt\/#website","url":"https:\/\/skaitytaknyga.lt\/","name":"skaitytaknyga.lt","description":"Skaitytaknyga.lt \u2013 tai ma\u017eas \u0161eimos verslas, kuris prasid\u0117jo nuo meil\u0117s knygoms ir siekio i\u0161gelb\u0117ti knygas nuo likimo prie konteinerio. Kas vienam nereikalingas daiktas \u2013 kitam lobis, o mes esame tarpininkai, kurie padeda abiems tapti laimingesniems ???? \u017dinome kaip nelengva i\u0161gyventi ma\u017eiems verslams, tad nuo \u0161iol, \u010dia rasite ir kit\u0173, ma\u017e\u0173 \u0161eim\u0173 versl\u0173, rank\u0173 darbo, dovan\u0173 sau ir artimiesiems.","publisher":{"@id":"https:\/\/skaitytaknyga.lt\/#organization"},"potentialAction":[{"@type":"SearchAction","target":{"@type":"EntryPoint","urlTemplate":"https:\/\/skaitytaknyga.lt\/?s={search_term_string}"},"query-input":{"@type":"PropertyValueSpecification","valueRequired":true,"valueName":"search_term_string"}}],"inLanguage":"en-GB"},{"@type":"Organization","@id":"https:\/\/skaitytaknyga.lt\/#organization","name":"skaitytaknyga.lt","url":"https:\/\/skaitytaknyga.lt\/","logo":{"@type":"ImageObject","inLanguage":"en-GB","@id":"https:\/\/skaitytaknyga.lt\/#\/schema\/logo\/image\/","url":"https:\/\/skaitytaknyga.lt\/wp-content\/uploads\/2024\/05\/cropped-cropped-cropped-02_00843_jt3bggkj1j3HLc7SyY6rEUpg.jpeg","contentUrl":"https:\/\/skaitytaknyga.lt\/wp-content\/uploads\/2024\/05\/cropped-cropped-cropped-02_00843_jt3bggkj1j3HLc7SyY6rEUpg.jpeg","width":1600,"height":1600,"caption":"skaitytaknyga.lt"},"image":{"@id":"https:\/\/skaitytaknyga.lt\/#\/schema\/logo\/image\/"},"sameAs":["https:\/\/www.facebook.com\/skaitytaknyga\/"]}]}},"_links":{"self":[{"href":"https:\/\/skaitytaknyga.lt\/en\/wp-json\/wp\/v2\/product\/10073","targetHints":{"allow":["GET"]}}],"collection":[{"href":"https:\/\/skaitytaknyga.lt\/en\/wp-json\/wp\/v2\/product"}],"about":[{"href":"https:\/\/skaitytaknyga.lt\/en\/wp-json\/wp\/v2\/types\/product"}],"replies":[{"embeddable":true,"href":"https:\/\/skaitytaknyga.lt\/en\/wp-json\/wp\/v2\/comments?post=10073"}],"wp:featuredmedia":[{"embeddable":true,"href":"https:\/\/skaitytaknyga.lt\/en\/wp-json\/wp\/v2\/media\/10123"}],"wp:attachment":[{"href":"https:\/\/skaitytaknyga.lt\/en\/wp-json\/wp\/v2\/media?parent=10073"}],"wp:term":[{"taxonomy":"product_brand","embeddable":true,"href":"https:\/\/skaitytaknyga.lt\/en\/wp-json\/wp\/v2\/product_brand?post=10073"},{"taxonomy":"product_cat","embeddable":true,"href":"https:\/\/skaitytaknyga.lt\/en\/wp-json\/wp\/v2\/product_cat?post=10073"},{"taxonomy":"product_tag","embeddable":true,"href":"https:\/\/skaitytaknyga.lt\/en\/wp-json\/wp\/v2\/product_tag?post=10073"}],"curies":[{"name":"wp","href":"https:\/\/api.w.org\/{rel}","templated":true}]}}