{"id":10070,"date":"2024-05-04T18:05:41","date_gmt":"2024-05-04T18:05:41","guid":{"rendered":"https:\/\/skaitytaknyga.lt\/?post_type=product&#038;p=10070"},"modified":"2026-03-05T15:58:07","modified_gmt":"2026-03-05T13:58:07","slug":"ingar-johnsrud-vienos-brolija","status":"publish","type":"product","link":"https:\/\/skaitytaknyga.lt\/en\/produktas\/ingar-johnsrud-vienos-brolija\/","title":{"rendered":"Vienos brolija"},"content":{"rendered":"<p>Intriguojantys siu\u017eeto vingiai<strong>\u00a0Ingaro Johnsrudo<\/strong>\u00a0trileryje\u00a0<strong>\u201eVienos brolija\u201c<\/strong>\u00a0ver\u010dia persvarstyti g\u0117rio ir blogio kovos prasm\u0119. Ribos tarp \u0161i\u0173 dviej\u0173 prie\u0161ing\u0173 poli\u0173 nusitrina, o vieno atsakymo, kas yra tiesa, nebelieka.<\/p>\n<p>Oslo policijos skyriaus vyresnysis inspektorius Fredrikas Beieris imasi tirti \u017eymios Norvegijos politik\u0117s Kari Liz\u0117s Vetr\u0117s dukters ir an\u016bko dingimo byl\u0105. Netrukus paai\u0161k\u0117ja, kad pradingusi moteris su vaiku kelerius pastaruosius metus priklauso religin\u0117s sektos \u201eDievo \u0161viesa&#8221; bendruomenei, kuri skelbia apie nei\u0161vengiam\u0105 degradavusio pasaulio pabaig\u0105. Vos prad\u0117jus paie\u0161k\u0105 Oslo priemiestyje \u012fsik\u016brusios sektos nariai ir vadovas nu\u017eudomi, o moterys ir vaikai pranyksta be p\u0117dsak\u0173, ta\u010diau r\u016bsyje policijos aptikta moderni laboratorija rodo, kad \u0161ioje byloje primygtinai per\u0161amais atsakymais tik\u0117ti negalima.<\/p>\n<p>Sekdami \u017eudiko p\u0117dsakais policijos tyr\u0117jas F. Beieris su nauj\u0105ja partnere Kafa atskleid\u017eia vis daugiau nerim\u0105 kelian\u010di\u0173 detali\u0173. Kieno \u012fsakymus vykdo religin\u0117s sektos vadovus negailestingai med\u017eiojantis \u017eudikas? Kokie yra tikrieji \u201eDievo \u0161viesos&#8221; tikslai ir u\u017emojai? Kas sieja Antrojo pasaulinio karo metais koncentracijos stovykloje ne\u017emoni\u0161kus bandymus atlikusius mokslininkus ir \u0161i\u0173 dien\u0173 Norvegijos politikus?<\/p>\n","protected":false},"excerpt":{"rendered":"<p>Intriguojantys siu\u017eeto vingiai<strong>\u00a0Ingaro Johnsrudo<\/strong>\u00a0trileryje\u00a0<strong>\u201eVienos brolija\u201c<\/strong>\u00a0ver\u010dia persvarstyti g\u0117rio ir blogio kovos prasm\u0119. Ribos tarp \u0161i\u0173 dviej\u0173 prie\u0161ing\u0173 poli\u0173 nusitrina, o vieno atsakymo, kas yra tiesa, nebelieka.<\/p>\n<p>Oslo policijos skyriaus vyresnysis inspektorius Fredrikas Beieris imasi tirti \u017eymios Norvegijos politik\u0117s Kari Liz\u0117s Vetr\u0117s dukters ir an\u016bko dingimo byl\u0105. Netrukus paai\u0161k\u0117ja, kad pradingusi moteris su vaiku kelerius pastaruosius metus priklauso religin\u0117s sektos \u201eDievo \u0161viesa&#8221; bendruomenei, kuri skelbia apie nei\u0161vengiam\u0105 degradavusio pasaulio pabaig\u0105. Vos prad\u0117jus paie\u0161k\u0105 Oslo priemiestyje \u012fsik\u016brusios sektos nariai ir vadovas nu\u017eudomi, o moterys ir vaikai pranyksta be p\u0117dsak\u0173, ta\u010diau r\u016bsyje policijos aptikta moderni laboratorija rodo, kad \u0161ioje byloje primygtinai per\u0161amais atsakymais tik\u0117ti negalima.<\/p>\n<p>Sekdami \u017eudiko p\u0117dsakais policijos tyr\u0117jas F. Beieris su nauj\u0105ja partnere Kafa atskleid\u017eia vis daugiau nerim\u0105 kelian\u010di\u0173 detali\u0173. Kieno \u012fsakymus vykdo religin\u0117s sektos vadovus negailestingai med\u017eiojantis \u017eudikas? Kokie yra tikrieji \u201eDievo \u0161viesos&#8221; tikslai ir u\u017emojai? Kas sieja Antrojo pasaulinio karo metais koncentracijos stovykloje ne\u017emoni\u0161kus bandymus atlikusius mokslininkus ir \u0161i\u0173 dien\u0173 Norvegijos politikus?<\/p>\n","protected":false},"featured_media":10113,"comment_status":"closed","ping_status":"closed","template":"","meta":{"_acf_changed":false,"site-sidebar-layout":"default","site-content-layout":"","ast-site-content-layout":"default","site-content-style":"default","site-sidebar-style":"default","ast-global-header-display":"","ast-banner-title-visibility":"","ast-main-header-display":"","ast-hfb-above-header-display":"","ast-hfb-below-header-display":"","ast-hfb-mobile-header-display":"","site-post-title":"","ast-breadcrumbs-content":"","ast-featured-img":"","footer-sml-layout":"","ast-disable-related-posts":"","theme-transparent-header-meta":"","adv-header-id-meta":"","stick-header-meta":"","header-above-stick-meta":"","header-main-stick-meta":"","header-below-stick-meta":"","astra-migrate-meta-layouts":"default","ast-page-background-enabled":"default","ast-page-background-meta":{"desktop":{"background-color":"","background-image":"","background-repeat":"repeat","background-position":"center center","background-size":"auto","background-attachment":"scroll","background-type":"","background-media":"","overlay-type":"","overlay-color":"","overlay-opacity":"","overlay-gradient":""},"tablet":{"background-color":"","background-image":"","background-repeat":"repeat","background-position":"center center","background-size":"auto","background-attachment":"scroll","background-type":"","background-media":"","overlay-type":"","overlay-color":"","overlay-opacity":"","overlay-gradient":""},"mobile":{"background-color":"","background-image":"","background-repeat":"repeat","background-position":"center center","background-size":"auto","background-attachment":"scroll","background-type":"","background-media":"","overlay-type":"","overlay-color":"","overlay-opacity":"","overlay-gradient":""}},"ast-content-background-meta":{"desktop":{"background-color":"var(--ast-global-color-4)","background-image":"","background-repeat":"repeat","background-position":"center center","background-size":"auto","background-attachment":"scroll","background-type":"","background-media":"","overlay-type":"","overlay-color":"","overlay-opacity":"","overlay-gradient":""},"tablet":{"background-color":"var(--ast-global-color-4)","background-image":"","background-repeat":"repeat","background-position":"center center","background-size":"auto","background-attachment":"scroll","background-type":"","background-media":"","overlay-type":"","overlay-color":"","overlay-opacity":"","overlay-gradient":""},"mobile":{"background-color":"var(--ast-global-color-4)","background-image":"","background-repeat":"repeat","background-position":"center center","background-size":"auto","background-attachment":"scroll","background-type":"","background-media":"","overlay-type":"","overlay-color":"","overlay-opacity":"","overlay-gradient":""}}},"product_brand":[],"product_cat":[9580],"product_tag":[],"class_list":{"0":"post-10070","1":"product","2":"type-product","3":"status-publish","4":"has-post-thumbnail","6":"product_cat-psichologiniai-detektyvai","7":"desktop-align-left","8":"tablet-align-left","9":"mobile-align-left","11":"first","12":"instock","13":"shipping-taxable","14":"purchasable","15":"product-type-simple"},"acf":[],"yoast_head":"<!-- This site is optimized with the Yoast SEO plugin v27.0 - https:\/\/yoast.com\/product\/yoast-seo-wordpress\/ -->\n<title>Vienos brolija<\/title>\n<meta name=\"description\" content=\"Intriguojantys siu\u017eeto vingiai\u00a0Ingaro Johnsrudo\u00a0trileryje\u00a0\u201eVienos brolija\u201c\u00a0ver\u010dia persvarstyti g\u0117rio ir blogio kovos prasm\u0119. Ribos tarp \u0161i\u0173 dviej\u0173 prie\u0161ing\u0173 poli\u0173 nusitrina, o vieno atsakymo, kas yra tiesa, nebelieka.  Oslo policijos skyriaus vyresnysis inspektorius Fredrikas Beieris imasi tirti \u017eymios Norvegijos politik\u0117s Kari Liz\u0117s Vetr\u0117s dukters ir an\u016bko dingimo byl\u0105. Netrukus paai\u0161k\u0117ja, kad pradingusi moteris su vaiku kelerius pastaruosius metus priklauso religin\u0117s sektos \u201eDievo \u0161viesa&quot; bendruomenei, kuri skelbia apie nei\u0161vengiam\u0105 degradavusio pasaulio pabaig\u0105. Vos prad\u0117jus paie\u0161k\u0105 Oslo priemiestyje \u012fsik\u016brusios sektos nariai ir vadovas nu\u017eudomi, o moterys ir vaikai pranyksta be p\u0117dsak\u0173, ta\u010diau r\u016bsyje policijos aptikta moderni laboratorija rodo, kad \u0161ioje byloje primygtinai per\u0161amais atsakymais tik\u0117ti negalima.  Sekdami \u017eudiko p\u0117dsakais policijos tyr\u0117jas F. Beieris su nauj\u0105ja partnere Kafa atskleid\u017eia vis daugiau nerim\u0105 kelian\u010di\u0173 detali\u0173. Kieno \u012fsakymus vykdo religin\u0117s sektos vadovus negailestingai med\u017eiojantis \u017eudikas? Kokie yra tikrieji \u201eDievo \u0161viesos&quot; tikslai ir u\u017emojai? Kas sieja Antrojo pasaulinio karo metais koncentracijos stovykloje ne\u017emoni\u0161kus bandymus atlikusius mokslininkus ir \u0161i\u0173 dien\u0173 Norvegijos politikus?\" \/>\n<meta name=\"robots\" content=\"index, follow, max-snippet:-1, max-image-preview:large, max-video-preview:-1\" \/>\n<link rel=\"canonical\" href=\"https:\/\/skaitytaknyga.lt\/en\/produktas\/ingar-johnsrud-vienos-brolija\/\" \/>\n<meta property=\"og:locale\" content=\"en_GB\" \/>\n<meta property=\"og:locale:alternate\" content=\"lt_LT\" \/>\n<meta property=\"og:type\" content=\"article\" \/>\n<meta property=\"og:title\" content=\"Vienos brolija\" \/>\n<meta property=\"og:description\" content=\"Intriguojantys siu\u017eeto vingiai\u00a0Ingaro Johnsrudo\u00a0trileryje\u00a0\u201eVienos brolija\u201c\u00a0ver\u010dia persvarstyti g\u0117rio ir blogio kovos prasm\u0119. Ribos tarp \u0161i\u0173 dviej\u0173 prie\u0161ing\u0173 poli\u0173 nusitrina, o vieno atsakymo, kas yra tiesa, nebelieka.  Oslo policijos skyriaus vyresnysis inspektorius Fredrikas Beieris imasi tirti \u017eymios Norvegijos politik\u0117s Kari Liz\u0117s Vetr\u0117s dukters ir an\u016bko dingimo byl\u0105. Netrukus paai\u0161k\u0117ja, kad pradingusi moteris su vaiku kelerius pastaruosius metus priklauso religin\u0117s sektos \u201eDievo \u0161viesa&quot; bendruomenei, kuri skelbia apie nei\u0161vengiam\u0105 degradavusio pasaulio pabaig\u0105. Vos prad\u0117jus paie\u0161k\u0105 Oslo priemiestyje \u012fsik\u016brusios sektos nariai ir vadovas nu\u017eudomi, o moterys ir vaikai pranyksta be p\u0117dsak\u0173, ta\u010diau r\u016bsyje policijos aptikta moderni laboratorija rodo, kad \u0161ioje byloje primygtinai per\u0161amais atsakymais tik\u0117ti negalima.  Sekdami \u017eudiko p\u0117dsakais policijos tyr\u0117jas F. Beieris su nauj\u0105ja partnere Kafa atskleid\u017eia vis daugiau nerim\u0105 kelian\u010di\u0173 detali\u0173. Kieno \u012fsakymus vykdo religin\u0117s sektos vadovus negailestingai med\u017eiojantis \u017eudikas? Kokie yra tikrieji \u201eDievo \u0161viesos&quot; tikslai ir u\u017emojai? Kas sieja Antrojo pasaulinio karo metais koncentracijos stovykloje ne\u017emoni\u0161kus bandymus atlikusius mokslininkus ir \u0161i\u0173 dien\u0173 Norvegijos politikus?\" \/>\n<meta property=\"og:url\" content=\"https:\/\/skaitytaknyga.lt\/en\/produktas\/ingar-johnsrud-vienos-brolija\/\" \/>\n<meta property=\"og:site_name\" content=\"Skaitytaknyga\" \/>\n<meta property=\"article:publisher\" content=\"https:\/\/www.facebook.com\/skaitytaknyga\/\" \/>\n<meta property=\"article:modified_time\" content=\"2026-03-05T13:58:07+00:00\" \/>\n<meta property=\"og:image\" content=\"https:\/\/skaitytaknyga.lt\/wp-content\/uploads\/2024\/05\/1483359835_vienos.png\" \/>\n\t<meta property=\"og:image:width\" content=\"243\" \/>\n\t<meta property=\"og:image:height\" content=\"398\" \/>\n\t<meta property=\"og:image:type\" content=\"image\/png\" \/>\n<meta name=\"twitter:card\" content=\"summary_large_image\" \/>\n<meta name=\"twitter:label1\" content=\"Estimated reading time\" \/>\n\t<meta name=\"twitter:data1\" content=\"1 minute\" \/>\n<script type=\"application\/ld+json\" class=\"yoast-schema-graph\">{\"@context\":\"https:\/\/schema.org\",\"@graph\":[{\"@type\":\"WebPage\",\"@id\":\"https:\/\/skaitytaknyga.lt\/produktas\/ingar-johnsrud-vienos-brolija\/\",\"url\":\"https:\/\/skaitytaknyga.lt\/produktas\/ingar-johnsrud-vienos-brolija\/\",\"name\":\"Vienos brolija\",\"isPartOf\":{\"@id\":\"https:\/\/skaitytaknyga.lt\/#website\"},\"primaryImageOfPage\":{\"@id\":\"https:\/\/skaitytaknyga.lt\/produktas\/ingar-johnsrud-vienos-brolija\/#primaryimage\"},\"image\":{\"@id\":\"https:\/\/skaitytaknyga.lt\/produktas\/ingar-johnsrud-vienos-brolija\/#primaryimage\"},\"thumbnailUrl\":\"https:\/\/skaitytaknyga.lt\/wp-content\/uploads\/2024\/05\/1483359835_vienos.png\",\"datePublished\":\"2024-05-04T18:05:41+00:00\",\"dateModified\":\"2026-03-05T13:58:07+00:00\",\"description\":\"Intriguojantys siu\u017eeto vingiai\u00a0Ingaro Johnsrudo\u00a0trileryje\u00a0\u201eVienos brolija\u201c\u00a0ver\u010dia persvarstyti g\u0117rio ir blogio kovos prasm\u0119. Ribos tarp \u0161i\u0173 dviej\u0173 prie\u0161ing\u0173 poli\u0173 nusitrina, o vieno atsakymo, kas yra tiesa, nebelieka. Oslo policijos skyriaus vyresnysis inspektorius Fredrikas Beieris imasi tirti \u017eymios Norvegijos politik\u0117s Kari Liz\u0117s Vetr\u0117s dukters ir an\u016bko dingimo byl\u0105. Netrukus paai\u0161k\u0117ja, kad pradingusi moteris su vaiku kelerius pastaruosius metus priklauso religin\u0117s sektos \u201eDievo \u0161viesa\\\" bendruomenei, kuri skelbia apie nei\u0161vengiam\u0105 degradavusio pasaulio pabaig\u0105. Vos prad\u0117jus paie\u0161k\u0105 Oslo priemiestyje \u012fsik\u016brusios sektos nariai ir vadovas nu\u017eudomi, o moterys ir vaikai pranyksta be p\u0117dsak\u0173, ta\u010diau r\u016bsyje policijos aptikta moderni laboratorija rodo, kad \u0161ioje byloje primygtinai per\u0161amais atsakymais tik\u0117ti negalima. Sekdami \u017eudiko p\u0117dsakais policijos tyr\u0117jas F. Beieris su nauj\u0105ja partnere Kafa atskleid\u017eia vis daugiau nerim\u0105 kelian\u010di\u0173 detali\u0173. Kieno \u012fsakymus vykdo religin\u0117s sektos vadovus negailestingai med\u017eiojantis \u017eudikas? Kokie yra tikrieji \u201eDievo \u0161viesos\\\" tikslai ir u\u017emojai? Kas sieja Antrojo pasaulinio karo metais koncentracijos stovykloje ne\u017emoni\u0161kus bandymus atlikusius mokslininkus ir \u0161i\u0173 dien\u0173 Norvegijos politikus?\",\"breadcrumb\":{\"@id\":\"https:\/\/skaitytaknyga.lt\/produktas\/ingar-johnsrud-vienos-brolija\/#breadcrumb\"},\"inLanguage\":\"en-GB\",\"potentialAction\":[{\"@type\":\"ReadAction\",\"target\":[\"https:\/\/skaitytaknyga.lt\/produktas\/ingar-johnsrud-vienos-brolija\/\"]}]},{\"@type\":\"ImageObject\",\"inLanguage\":\"en-GB\",\"@id\":\"https:\/\/skaitytaknyga.lt\/produktas\/ingar-johnsrud-vienos-brolija\/#primaryimage\",\"url\":\"https:\/\/skaitytaknyga.lt\/wp-content\/uploads\/2024\/05\/1483359835_vienos.png\",\"contentUrl\":\"https:\/\/skaitytaknyga.lt\/wp-content\/uploads\/2024\/05\/1483359835_vienos.png\",\"width\":243,\"height\":398},{\"@type\":\"BreadcrumbList\",\"@id\":\"https:\/\/skaitytaknyga.lt\/produktas\/ingar-johnsrud-vienos-brolija\/#breadcrumb\",\"itemListElement\":[{\"@type\":\"ListItem\",\"position\":1,\"name\":\"Home\",\"item\":\"https:\/\/skaitytaknyga.lt\/\"},{\"@type\":\"ListItem\",\"position\":2,\"name\":\"Parduotuv\u0117\",\"item\":\"https:\/\/skaitytaknyga.lt\/knygu-parduotuve\/\"},{\"@type\":\"ListItem\",\"position\":3,\"name\":\"Vienos brolija\"}]},{\"@type\":\"WebSite\",\"@id\":\"https:\/\/skaitytaknyga.lt\/#website\",\"url\":\"https:\/\/skaitytaknyga.lt\/\",\"name\":\"skaitytaknyga.lt\",\"description\":\"Skaitytaknyga.lt \u2013 tai ma\u017eas \u0161eimos verslas, kuris prasid\u0117jo nuo meil\u0117s knygoms ir siekio i\u0161gelb\u0117ti knygas nuo likimo prie konteinerio. Kas vienam nereikalingas daiktas \u2013 kitam lobis, o mes esame tarpininkai, kurie padeda abiems tapti laimingesniems ???? \u017dinome kaip nelengva i\u0161gyventi ma\u017eiems verslams, tad nuo \u0161iol, \u010dia rasite ir kit\u0173, ma\u017e\u0173 \u0161eim\u0173 versl\u0173, rank\u0173 darbo, dovan\u0173 sau ir artimiesiems.\",\"publisher\":{\"@id\":\"https:\/\/skaitytaknyga.lt\/#organization\"},\"potentialAction\":[{\"@type\":\"SearchAction\",\"target\":{\"@type\":\"EntryPoint\",\"urlTemplate\":\"https:\/\/skaitytaknyga.lt\/?s={search_term_string}\"},\"query-input\":{\"@type\":\"PropertyValueSpecification\",\"valueRequired\":true,\"valueName\":\"search_term_string\"}}],\"inLanguage\":\"en-GB\"},{\"@type\":\"Organization\",\"@id\":\"https:\/\/skaitytaknyga.lt\/#organization\",\"name\":\"skaitytaknyga.lt\",\"url\":\"https:\/\/skaitytaknyga.lt\/\",\"logo\":{\"@type\":\"ImageObject\",\"inLanguage\":\"en-GB\",\"@id\":\"https:\/\/skaitytaknyga.lt\/#\/schema\/logo\/image\/\",\"url\":\"https:\/\/skaitytaknyga.lt\/wp-content\/uploads\/2024\/05\/cropped-cropped-cropped-02_00843_jt3bggkj1j3HLc7SyY6rEUpg.jpeg\",\"contentUrl\":\"https:\/\/skaitytaknyga.lt\/wp-content\/uploads\/2024\/05\/cropped-cropped-cropped-02_00843_jt3bggkj1j3HLc7SyY6rEUpg.jpeg\",\"width\":1600,\"height\":1600,\"caption\":\"skaitytaknyga.lt\"},\"image\":{\"@id\":\"https:\/\/skaitytaknyga.lt\/#\/schema\/logo\/image\/\"},\"sameAs\":[\"https:\/\/www.facebook.com\/skaitytaknyga\/\"]}]}<\/script>\n<!-- \/ Yoast SEO plugin. -->","yoast_head_json":{"title":"Vienos brolija","description":"Intriguojantys siu\u017eeto vingiai\u00a0Ingaro Johnsrudo\u00a0trileryje\u00a0\u201eVienos brolija\u201c\u00a0ver\u010dia persvarstyti g\u0117rio ir blogio kovos prasm\u0119. Ribos tarp \u0161i\u0173 dviej\u0173 prie\u0161ing\u0173 poli\u0173 nusitrina, o vieno atsakymo, kas yra tiesa, nebelieka.  Oslo policijos skyriaus vyresnysis inspektorius Fredrikas Beieris imasi tirti \u017eymios Norvegijos politik\u0117s Kari Liz\u0117s Vetr\u0117s dukters ir an\u016bko dingimo byl\u0105. Netrukus paai\u0161k\u0117ja, kad pradingusi moteris su vaiku kelerius pastaruosius metus priklauso religin\u0117s sektos \u201eDievo \u0161viesa\" bendruomenei, kuri skelbia apie nei\u0161vengiam\u0105 degradavusio pasaulio pabaig\u0105. Vos prad\u0117jus paie\u0161k\u0105 Oslo priemiestyje \u012fsik\u016brusios sektos nariai ir vadovas nu\u017eudomi, o moterys ir vaikai pranyksta be p\u0117dsak\u0173, ta\u010diau r\u016bsyje policijos aptikta moderni laboratorija rodo, kad \u0161ioje byloje primygtinai per\u0161amais atsakymais tik\u0117ti negalima.  Sekdami \u017eudiko p\u0117dsakais policijos tyr\u0117jas F. Beieris su nauj\u0105ja partnere Kafa atskleid\u017eia vis daugiau nerim\u0105 kelian\u010di\u0173 detali\u0173. Kieno \u012fsakymus vykdo religin\u0117s sektos vadovus negailestingai med\u017eiojantis \u017eudikas? Kokie yra tikrieji \u201eDievo \u0161viesos\" tikslai ir u\u017emojai? Kas sieja Antrojo pasaulinio karo metais koncentracijos stovykloje ne\u017emoni\u0161kus bandymus atlikusius mokslininkus ir \u0161i\u0173 dien\u0173 Norvegijos politikus?","robots":{"index":"index","follow":"follow","max-snippet":"max-snippet:-1","max-image-preview":"max-image-preview:large","max-video-preview":"max-video-preview:-1"},"canonical":"https:\/\/skaitytaknyga.lt\/en\/produktas\/ingar-johnsrud-vienos-brolija\/","og_locale":"en_GB","og_type":"article","og_title":"[:lt]Vienos brolija[:] - Skaitytaknyga","og_description":"Intriguojantys siu\u017eeto vingiai\u00a0Ingaro Johnsrudo\u00a0trileryje\u00a0\u201eVienos brolija\u201c\u00a0ver\u010dia persvarstyti g\u0117rio ir blogio kovos prasm\u0119. Ribos tarp \u0161i\u0173 dviej\u0173 prie\u0161ing\u0173 poli\u0173 nusitrina, o vieno atsakymo, kas yra tiesa, nebelieka.  Oslo policijos skyriaus vyresnysis inspektorius Fredrikas Beieris imasi tirti \u017eymios Norvegijos politik\u0117s Kari Liz\u0117s Vetr\u0117s dukters ir an\u016bko dingimo byl\u0105. Netrukus paai\u0161k\u0117ja, kad pradingusi moteris su vaiku kelerius pastaruosius metus priklauso religin\u0117s sektos \u201eDievo \u0161viesa\" bendruomenei, kuri skelbia apie nei\u0161vengiam\u0105 degradavusio pasaulio pabaig\u0105. Vos prad\u0117jus paie\u0161k\u0105 Oslo priemiestyje \u012fsik\u016brusios sektos nariai ir vadovas nu\u017eudomi, o moterys ir vaikai pranyksta be p\u0117dsak\u0173, ta\u010diau r\u016bsyje policijos aptikta moderni laboratorija rodo, kad \u0161ioje byloje primygtinai per\u0161amais atsakymais tik\u0117ti negalima.  Sekdami \u017eudiko p\u0117dsakais policijos tyr\u0117jas F. Beieris su nauj\u0105ja partnere Kafa atskleid\u017eia vis daugiau nerim\u0105 kelian\u010di\u0173 detali\u0173. Kieno \u012fsakymus vykdo religin\u0117s sektos vadovus negailestingai med\u017eiojantis \u017eudikas? Kokie yra tikrieji \u201eDievo \u0161viesos\" tikslai ir u\u017emojai? Kas sieja Antrojo pasaulinio karo metais koncentracijos stovykloje ne\u017emoni\u0161kus bandymus atlikusius mokslininkus ir \u0161i\u0173 dien\u0173 Norvegijos politikus?","og_url":"https:\/\/skaitytaknyga.lt\/en\/produktas\/ingar-johnsrud-vienos-brolija\/","og_site_name":"Skaitytaknyga","article_publisher":"https:\/\/www.facebook.com\/skaitytaknyga\/","article_modified_time":"2026-03-05T13:58:07+00:00","og_image":[{"width":243,"height":398,"url":"https:\/\/skaitytaknyga.lt\/wp-content\/uploads\/2024\/05\/1483359835_vienos.png","type":"image\/png"}],"twitter_card":"summary_large_image","twitter_misc":{"Estimated reading time":"1 minute"},"schema":{"@context":"https:\/\/schema.org","@graph":[{"@type":"WebPage","@id":"https:\/\/skaitytaknyga.lt\/produktas\/ingar-johnsrud-vienos-brolija\/","url":"https:\/\/skaitytaknyga.lt\/produktas\/ingar-johnsrud-vienos-brolija\/","name":"Vienos brolija","isPartOf":{"@id":"https:\/\/skaitytaknyga.lt\/#website"},"primaryImageOfPage":{"@id":"https:\/\/skaitytaknyga.lt\/produktas\/ingar-johnsrud-vienos-brolija\/#primaryimage"},"image":{"@id":"https:\/\/skaitytaknyga.lt\/produktas\/ingar-johnsrud-vienos-brolija\/#primaryimage"},"thumbnailUrl":"https:\/\/skaitytaknyga.lt\/wp-content\/uploads\/2024\/05\/1483359835_vienos.png","datePublished":"2024-05-04T18:05:41+00:00","dateModified":"2026-03-05T13:58:07+00:00","description":"Intriguojantys siu\u017eeto vingiai\u00a0Ingaro Johnsrudo\u00a0trileryje\u00a0\u201eVienos brolija\u201c\u00a0ver\u010dia persvarstyti g\u0117rio ir blogio kovos prasm\u0119. Ribos tarp \u0161i\u0173 dviej\u0173 prie\u0161ing\u0173 poli\u0173 nusitrina, o vieno atsakymo, kas yra tiesa, nebelieka. Oslo policijos skyriaus vyresnysis inspektorius Fredrikas Beieris imasi tirti \u017eymios Norvegijos politik\u0117s Kari Liz\u0117s Vetr\u0117s dukters ir an\u016bko dingimo byl\u0105. Netrukus paai\u0161k\u0117ja, kad pradingusi moteris su vaiku kelerius pastaruosius metus priklauso religin\u0117s sektos \u201eDievo \u0161viesa\" bendruomenei, kuri skelbia apie nei\u0161vengiam\u0105 degradavusio pasaulio pabaig\u0105. Vos prad\u0117jus paie\u0161k\u0105 Oslo priemiestyje \u012fsik\u016brusios sektos nariai ir vadovas nu\u017eudomi, o moterys ir vaikai pranyksta be p\u0117dsak\u0173, ta\u010diau r\u016bsyje policijos aptikta moderni laboratorija rodo, kad \u0161ioje byloje primygtinai per\u0161amais atsakymais tik\u0117ti negalima. Sekdami \u017eudiko p\u0117dsakais policijos tyr\u0117jas F. Beieris su nauj\u0105ja partnere Kafa atskleid\u017eia vis daugiau nerim\u0105 kelian\u010di\u0173 detali\u0173. Kieno \u012fsakymus vykdo religin\u0117s sektos vadovus negailestingai med\u017eiojantis \u017eudikas? Kokie yra tikrieji \u201eDievo \u0161viesos\" tikslai ir u\u017emojai? Kas sieja Antrojo pasaulinio karo metais koncentracijos stovykloje ne\u017emoni\u0161kus bandymus atlikusius mokslininkus ir \u0161i\u0173 dien\u0173 Norvegijos politikus?","breadcrumb":{"@id":"https:\/\/skaitytaknyga.lt\/produktas\/ingar-johnsrud-vienos-brolija\/#breadcrumb"},"inLanguage":"en-GB","potentialAction":[{"@type":"ReadAction","target":["https:\/\/skaitytaknyga.lt\/produktas\/ingar-johnsrud-vienos-brolija\/"]}]},{"@type":"ImageObject","inLanguage":"en-GB","@id":"https:\/\/skaitytaknyga.lt\/produktas\/ingar-johnsrud-vienos-brolija\/#primaryimage","url":"https:\/\/skaitytaknyga.lt\/wp-content\/uploads\/2024\/05\/1483359835_vienos.png","contentUrl":"https:\/\/skaitytaknyga.lt\/wp-content\/uploads\/2024\/05\/1483359835_vienos.png","width":243,"height":398},{"@type":"BreadcrumbList","@id":"https:\/\/skaitytaknyga.lt\/produktas\/ingar-johnsrud-vienos-brolija\/#breadcrumb","itemListElement":[{"@type":"ListItem","position":1,"name":"Home","item":"https:\/\/skaitytaknyga.lt\/"},{"@type":"ListItem","position":2,"name":"Parduotuv\u0117","item":"https:\/\/skaitytaknyga.lt\/knygu-parduotuve\/"},{"@type":"ListItem","position":3,"name":"Vienos brolija"}]},{"@type":"WebSite","@id":"https:\/\/skaitytaknyga.lt\/#website","url":"https:\/\/skaitytaknyga.lt\/","name":"skaitytaknyga.lt","description":"Skaitytaknyga.lt \u2013 tai ma\u017eas \u0161eimos verslas, kuris prasid\u0117jo nuo meil\u0117s knygoms ir siekio i\u0161gelb\u0117ti knygas nuo likimo prie konteinerio. Kas vienam nereikalingas daiktas \u2013 kitam lobis, o mes esame tarpininkai, kurie padeda abiems tapti laimingesniems ???? \u017dinome kaip nelengva i\u0161gyventi ma\u017eiems verslams, tad nuo \u0161iol, \u010dia rasite ir kit\u0173, ma\u017e\u0173 \u0161eim\u0173 versl\u0173, rank\u0173 darbo, dovan\u0173 sau ir artimiesiems.","publisher":{"@id":"https:\/\/skaitytaknyga.lt\/#organization"},"potentialAction":[{"@type":"SearchAction","target":{"@type":"EntryPoint","urlTemplate":"https:\/\/skaitytaknyga.lt\/?s={search_term_string}"},"query-input":{"@type":"PropertyValueSpecification","valueRequired":true,"valueName":"search_term_string"}}],"inLanguage":"en-GB"},{"@type":"Organization","@id":"https:\/\/skaitytaknyga.lt\/#organization","name":"skaitytaknyga.lt","url":"https:\/\/skaitytaknyga.lt\/","logo":{"@type":"ImageObject","inLanguage":"en-GB","@id":"https:\/\/skaitytaknyga.lt\/#\/schema\/logo\/image\/","url":"https:\/\/skaitytaknyga.lt\/wp-content\/uploads\/2024\/05\/cropped-cropped-cropped-02_00843_jt3bggkj1j3HLc7SyY6rEUpg.jpeg","contentUrl":"https:\/\/skaitytaknyga.lt\/wp-content\/uploads\/2024\/05\/cropped-cropped-cropped-02_00843_jt3bggkj1j3HLc7SyY6rEUpg.jpeg","width":1600,"height":1600,"caption":"skaitytaknyga.lt"},"image":{"@id":"https:\/\/skaitytaknyga.lt\/#\/schema\/logo\/image\/"},"sameAs":["https:\/\/www.facebook.com\/skaitytaknyga\/"]}]}},"_links":{"self":[{"href":"https:\/\/skaitytaknyga.lt\/en\/wp-json\/wp\/v2\/product\/10070","targetHints":{"allow":["GET"]}}],"collection":[{"href":"https:\/\/skaitytaknyga.lt\/en\/wp-json\/wp\/v2\/product"}],"about":[{"href":"https:\/\/skaitytaknyga.lt\/en\/wp-json\/wp\/v2\/types\/product"}],"replies":[{"embeddable":true,"href":"https:\/\/skaitytaknyga.lt\/en\/wp-json\/wp\/v2\/comments?post=10070"}],"wp:featuredmedia":[{"embeddable":true,"href":"https:\/\/skaitytaknyga.lt\/en\/wp-json\/wp\/v2\/media\/10113"}],"wp:attachment":[{"href":"https:\/\/skaitytaknyga.lt\/en\/wp-json\/wp\/v2\/media?parent=10070"}],"wp:term":[{"taxonomy":"product_brand","embeddable":true,"href":"https:\/\/skaitytaknyga.lt\/en\/wp-json\/wp\/v2\/product_brand?post=10070"},{"taxonomy":"product_cat","embeddable":true,"href":"https:\/\/skaitytaknyga.lt\/en\/wp-json\/wp\/v2\/product_cat?post=10070"},{"taxonomy":"product_tag","embeddable":true,"href":"https:\/\/skaitytaknyga.lt\/en\/wp-json\/wp\/v2\/product_tag?post=10070"}],"curies":[{"name":"wp","href":"https:\/\/api.w.org\/{rel}","templated":true}]}}