{"id":10055,"date":"2024-05-04T18:05:19","date_gmt":"2024-05-04T18:05:19","guid":{"rendered":"https:\/\/skaitytaknyga.lt\/?post_type=product&#038;p=10055"},"modified":"2024-05-04T18:06:35","modified_gmt":"2024-05-04T18:06:35","slug":"elena-de-strozzi-lemtingoji-taure","status":"publish","type":"product","link":"https:\/\/skaitytaknyga.lt\/en\/produktas\/elena-de-strozzi-lemtingoji-taure\/","title":{"rendered":"Elena de Strozzi \u201eLemtingoji taur\u0117\u201c"},"content":{"rendered":"<p>Romano \u201eLemtingoji taur\u0117\u201c pagrindiniai veik\u0117jai yra tie patys, kaip ir \u201eNuod\u0117mi\u0173 kartotekoje\u201c: sekl\u0117 Kara Kardelyt\u0117, j\u0105 mylintis policijos majoras K\u0119stas Kantautas, karali\u0161kojo kraujo prokuroras Teisis Sobieskis, nepralaimintis advokatas Renaldas Rickus. Yra ir nauj\u0173: \u017eav\u016bs moksleiviai Darius su Jurga, ekskursij\u0173 vadov\u0117 Gitana bei kiti veik\u0117jai, geri arba niekingi.<\/p>\n<p>\u0160\u012f kart\u0105 Kara Kardelyt\u0117 ie\u0161ko kunigaik\u0161\u010dio Jonu\u0161o Radvilos taur\u0117s, dingusios i\u0161 muziejaus&#8230;<\/p>\n<p>\u201eLemtingoji taur\u0117\u201c yra atskira knyga, visi\u0161kai suprantama ir neskai\u010diusiems \u201eNuod\u0117mi\u0173 kartotekos\u201c.<\/p>\n","protected":false},"excerpt":{"rendered":"<p>Romano \u201eLemtingoji taur\u0117\u201c pagrindiniai veik\u0117jai yra tie patys, kaip ir \u201eNuod\u0117mi\u0173 kartotekoje\u201c: sekl\u0117 Kara Kardelyt\u0117, j\u0105 mylintis policijos majoras K\u0119stas Kantautas, karali\u0161kojo kraujo prokuroras Teisis Sobieskis, nepralaimintis advokatas Renaldas Rickus. Yra ir nauj\u0173: \u017eav\u016bs moksleiviai Darius su Jurga, ekskursij\u0173 vadov\u0117 Gitana bei kiti veik\u0117jai, geri arba niekingi.<\/p>\n<p>\u0160\u012f kart\u0105 Kara Kardelyt\u0117 ie\u0161ko kunigaik\u0161\u010dio Jonu\u0161o Radvilos taur\u0117s, dingusios i\u0161 muziejaus&#8230;<\/p>\n<p>\u201eLemtingoji taur\u0117\u201c yra atskira knyga, visi\u0161kai suprantama ir neskai\u010diusiems \u201eNuod\u0117mi\u0173 kartotekos\u201c.<\/p>\n","protected":false},"featured_media":10095,"comment_status":"closed","ping_status":"closed","template":"","meta":{"_acf_changed":false,"site-sidebar-layout":"default","site-content-layout":"","ast-site-content-layout":"default","site-content-style":"default","site-sidebar-style":"default","ast-global-header-display":"","ast-banner-title-visibility":"","ast-main-header-display":"","ast-hfb-above-header-display":"","ast-hfb-below-header-display":"","ast-hfb-mobile-header-display":"","site-post-title":"","ast-breadcrumbs-content":"","ast-featured-img":"","footer-sml-layout":"","ast-disable-related-posts":"","theme-transparent-header-meta":"","adv-header-id-meta":"","stick-header-meta":"","header-above-stick-meta":"","header-main-stick-meta":"","header-below-stick-meta":"","astra-migrate-meta-layouts":"default","ast-page-background-enabled":"default","ast-page-background-meta":{"desktop":{"background-color":"","background-image":"","background-repeat":"repeat","background-position":"center center","background-size":"auto","background-attachment":"scroll","background-type":"","background-media":"","overlay-type":"","overlay-color":"","overlay-opacity":"","overlay-gradient":""},"tablet":{"background-color":"","background-image":"","background-repeat":"repeat","background-position":"center center","background-size":"auto","background-attachment":"scroll","background-type":"","background-media":"","overlay-type":"","overlay-color":"","overlay-opacity":"","overlay-gradient":""},"mobile":{"background-color":"","background-image":"","background-repeat":"repeat","background-position":"center center","background-size":"auto","background-attachment":"scroll","background-type":"","background-media":"","overlay-type":"","overlay-color":"","overlay-opacity":"","overlay-gradient":""}},"ast-content-background-meta":{"desktop":{"background-color":"var(--ast-global-color-4)","background-image":"","background-repeat":"repeat","background-position":"center center","background-size":"auto","background-attachment":"scroll","background-type":"","background-media":"","overlay-type":"","overlay-color":"","overlay-opacity":"","overlay-gradient":""},"tablet":{"background-color":"var(--ast-global-color-4)","background-image":"","background-repeat":"repeat","background-position":"center center","background-size":"auto","background-attachment":"scroll","background-type":"","background-media":"","overlay-type":"","overlay-color":"","overlay-opacity":"","overlay-gradient":""},"mobile":{"background-color":"var(--ast-global-color-4)","background-image":"","background-repeat":"repeat","background-position":"center center","background-size":"auto","background-attachment":"scroll","background-type":"","background-media":"","overlay-type":"","overlay-color":"","overlay-opacity":"","overlay-gradient":""}}},"product_brand":[],"product_cat":[31],"product_tag":[],"class_list":{"0":"post-10055","1":"product","2":"type-product","3":"status-publish","4":"has-post-thumbnail","6":"product_cat-grozine-literatura","7":"desktop-align-left","8":"tablet-align-left","9":"mobile-align-left","11":"first","12":"instock","13":"shipping-taxable","14":"purchasable","15":"product-type-simple"},"acf":[],"yoast_head":"<!-- This site is optimized with the Yoast SEO plugin v27.4 - https:\/\/yoast.com\/product\/yoast-seo-wordpress\/ -->\n<title>Elena de Strozzi \u201eLemtingoji taur\u0117\u201c - Skaitytaknyga<\/title>\n<meta name=\"description\" content=\"Romano \u201eLemtingoji taur\u0117\u201c pagrindiniai veik\u0117jai yra tie patys, kaip ir \u201eNuod\u0117mi\u0173 kartotekoje\u201c: sekl\u0117 Kara Kardelyt\u0117, j\u0105 mylintis policijos majoras K\u0119stas Kantautas, karali\u0161kojo kraujo prokuroras Teisis Sobieskis, nepralaimintis advokatas Renaldas Rickus. Yra ir nauj\u0173: \u017eav\u016bs moksleiviai Darius su Jurga, ekskursij\u0173 vadov\u0117 Gitana bei kiti veik\u0117jai, geri arba niekingi.  \u0160\u012f kart\u0105 Kara Kardelyt\u0117 ie\u0161ko kunigaik\u0161\u010dio Jonu\u0161o Radvilos taur\u0117s, dingusios i\u0161 muziejaus...  \u201eLemtingoji taur\u0117\u201c yra atskira knyga, visi\u0161kai suprantama ir neskai\u010diusiems \u201eNuod\u0117mi\u0173 kartotekos\u201c.\" \/>\n<meta name=\"robots\" content=\"index, follow, max-snippet:-1, max-image-preview:large, max-video-preview:-1\" \/>\n<link rel=\"canonical\" href=\"https:\/\/skaitytaknyga.lt\/en\/produktas\/elena-de-strozzi-lemtingoji-taure\/\" \/>\n<meta property=\"og:locale\" content=\"en_GB\" \/>\n<meta property=\"og:locale:alternate\" content=\"lt_LT\" \/>\n<meta property=\"og:type\" content=\"article\" \/>\n<meta property=\"og:title\" content=\"Elena de Strozzi \u201eLemtingoji taur\u0117\u201c - Skaitytaknyga\" \/>\n<meta property=\"og:description\" content=\"Romano \u201eLemtingoji taur\u0117\u201c pagrindiniai veik\u0117jai yra tie patys, kaip ir \u201eNuod\u0117mi\u0173 kartotekoje\u201c: sekl\u0117 Kara Kardelyt\u0117, j\u0105 mylintis policijos majoras K\u0119stas Kantautas, karali\u0161kojo kraujo prokuroras Teisis Sobieskis, nepralaimintis advokatas Renaldas Rickus. Yra ir nauj\u0173: \u017eav\u016bs moksleiviai Darius su Jurga, ekskursij\u0173 vadov\u0117 Gitana bei kiti veik\u0117jai, geri arba niekingi.  \u0160\u012f kart\u0105 Kara Kardelyt\u0117 ie\u0161ko kunigaik\u0161\u010dio Jonu\u0161o Radvilos taur\u0117s, dingusios i\u0161 muziejaus...  \u201eLemtingoji taur\u0117\u201c yra atskira knyga, visi\u0161kai suprantama ir neskai\u010diusiems \u201eNuod\u0117mi\u0173 kartotekos\u201c.\" \/>\n<meta property=\"og:url\" content=\"https:\/\/skaitytaknyga.lt\/en\/produktas\/elena-de-strozzi-lemtingoji-taure\/\" \/>\n<meta property=\"og:site_name\" content=\"Skaitytaknyga\" \/>\n<meta property=\"article:publisher\" content=\"https:\/\/www.facebook.com\/skaitytaknyga\/\" \/>\n<meta property=\"article:modified_time\" content=\"2024-05-04T18:06:35+00:00\" \/>\n<meta property=\"og:image\" content=\"https:\/\/skaitytaknyga.lt\/wp-content\/uploads\/2024\/05\/1462878208_img0006-002.jpg\" \/>\n\t<meta property=\"og:image:width\" content=\"262\" \/>\n\t<meta property=\"og:image:height\" content=\"430\" \/>\n\t<meta property=\"og:image:type\" content=\"image\/jpeg\" \/>\n<meta name=\"twitter:card\" content=\"summary_large_image\" \/>\n<script type=\"application\/ld+json\" class=\"yoast-schema-graph\">{\"@context\":\"https:\\\/\\\/schema.org\",\"@graph\":[{\"@type\":\"WebPage\",\"@id\":\"https:\\\/\\\/skaitytaknyga.lt\\\/produktas\\\/elena-de-strozzi-lemtingoji-taure\\\/\",\"url\":\"https:\\\/\\\/skaitytaknyga.lt\\\/produktas\\\/elena-de-strozzi-lemtingoji-taure\\\/\",\"name\":\"Elena de Strozzi \u201eLemtingoji taur\u0117\u201c - Skaitytaknyga\",\"isPartOf\":{\"@id\":\"https:\\\/\\\/skaitytaknyga.lt\\\/#website\"},\"primaryImageOfPage\":{\"@id\":\"https:\\\/\\\/skaitytaknyga.lt\\\/produktas\\\/elena-de-strozzi-lemtingoji-taure\\\/#primaryimage\"},\"image\":{\"@id\":\"https:\\\/\\\/skaitytaknyga.lt\\\/produktas\\\/elena-de-strozzi-lemtingoji-taure\\\/#primaryimage\"},\"thumbnailUrl\":\"https:\\\/\\\/skaitytaknyga.lt\\\/wp-content\\\/uploads\\\/2024\\\/05\\\/1462878208_img0006-002.jpg\",\"datePublished\":\"2024-05-04T18:05:19+00:00\",\"dateModified\":\"2024-05-04T18:06:35+00:00\",\"description\":\"Romano \u201eLemtingoji taur\u0117\u201c pagrindiniai veik\u0117jai yra tie patys, kaip ir \u201eNuod\u0117mi\u0173 kartotekoje\u201c: sekl\u0117 Kara Kardelyt\u0117, j\u0105 mylintis policijos majoras K\u0119stas Kantautas, karali\u0161kojo kraujo prokuroras Teisis Sobieskis, nepralaimintis advokatas Renaldas Rickus. Yra ir nauj\u0173: \u017eav\u016bs moksleiviai Darius su Jurga, ekskursij\u0173 vadov\u0117 Gitana bei kiti veik\u0117jai, geri arba niekingi. \u0160\u012f kart\u0105 Kara Kardelyt\u0117 ie\u0161ko kunigaik\u0161\u010dio Jonu\u0161o Radvilos taur\u0117s, dingusios i\u0161 muziejaus... \u201eLemtingoji taur\u0117\u201c yra atskira knyga, visi\u0161kai suprantama ir neskai\u010diusiems \u201eNuod\u0117mi\u0173 kartotekos\u201c.\",\"breadcrumb\":{\"@id\":\"https:\\\/\\\/skaitytaknyga.lt\\\/produktas\\\/elena-de-strozzi-lemtingoji-taure\\\/#breadcrumb\"},\"inLanguage\":\"en-GB\",\"potentialAction\":[{\"@type\":\"ReadAction\",\"target\":[\"https:\\\/\\\/skaitytaknyga.lt\\\/produktas\\\/elena-de-strozzi-lemtingoji-taure\\\/\"]}]},{\"@type\":\"ImageObject\",\"inLanguage\":\"en-GB\",\"@id\":\"https:\\\/\\\/skaitytaknyga.lt\\\/produktas\\\/elena-de-strozzi-lemtingoji-taure\\\/#primaryimage\",\"url\":\"https:\\\/\\\/skaitytaknyga.lt\\\/wp-content\\\/uploads\\\/2024\\\/05\\\/1462878208_img0006-002.jpg\",\"contentUrl\":\"https:\\\/\\\/skaitytaknyga.lt\\\/wp-content\\\/uploads\\\/2024\\\/05\\\/1462878208_img0006-002.jpg\",\"width\":262,\"height\":430},{\"@type\":\"BreadcrumbList\",\"@id\":\"https:\\\/\\\/skaitytaknyga.lt\\\/produktas\\\/elena-de-strozzi-lemtingoji-taure\\\/#breadcrumb\",\"itemListElement\":[{\"@type\":\"ListItem\",\"position\":1,\"name\":\"Home\",\"item\":\"https:\\\/\\\/skaitytaknyga.lt\\\/\"},{\"@type\":\"ListItem\",\"position\":2,\"name\":\"Parduotuv\u0117\",\"item\":\"https:\\\/\\\/skaitytaknyga.lt\\\/knygu-parduotuve\\\/\"},{\"@type\":\"ListItem\",\"position\":3,\"name\":\"Elena de Strozzi \u201eLemtingoji taur\u0117\u201c\"}]},{\"@type\":\"WebSite\",\"@id\":\"https:\\\/\\\/skaitytaknyga.lt\\\/#website\",\"url\":\"https:\\\/\\\/skaitytaknyga.lt\\\/\",\"name\":\"skaitytaknyga.lt\",\"description\":\"Skaitytaknyga.lt \u2013 tai ma\u017eas \u0161eimos verslas, kuris prasid\u0117jo nuo meil\u0117s knygoms ir siekio i\u0161gelb\u0117ti knygas nuo likimo prie konteinerio. Kas vienam nereikalingas daiktas \u2013 kitam lobis, o mes esame tarpininkai, kurie padeda abiems tapti laimingesniems ???? \u017dinome kaip nelengva i\u0161gyventi ma\u017eiems verslams, tad nuo \u0161iol, \u010dia rasite ir kit\u0173, ma\u017e\u0173 \u0161eim\u0173 versl\u0173, rank\u0173 darbo, dovan\u0173 sau ir artimiesiems.\",\"publisher\":{\"@id\":\"https:\\\/\\\/skaitytaknyga.lt\\\/#organization\"},\"potentialAction\":[{\"@type\":\"SearchAction\",\"target\":{\"@type\":\"EntryPoint\",\"urlTemplate\":\"https:\\\/\\\/skaitytaknyga.lt\\\/?s={search_term_string}\"},\"query-input\":{\"@type\":\"PropertyValueSpecification\",\"valueRequired\":true,\"valueName\":\"search_term_string\"}}],\"inLanguage\":\"en-GB\"},{\"@type\":\"Organization\",\"@id\":\"https:\\\/\\\/skaitytaknyga.lt\\\/#organization\",\"name\":\"skaitytaknyga.lt\",\"url\":\"https:\\\/\\\/skaitytaknyga.lt\\\/\",\"logo\":{\"@type\":\"ImageObject\",\"inLanguage\":\"en-GB\",\"@id\":\"https:\\\/\\\/skaitytaknyga.lt\\\/#\\\/schema\\\/logo\\\/image\\\/\",\"url\":\"https:\\\/\\\/skaitytaknyga.lt\\\/wp-content\\\/uploads\\\/2024\\\/05\\\/cropped-cropped-cropped-02_00843_jt3bggkj1j3HLc7SyY6rEUpg.jpeg\",\"contentUrl\":\"https:\\\/\\\/skaitytaknyga.lt\\\/wp-content\\\/uploads\\\/2024\\\/05\\\/cropped-cropped-cropped-02_00843_jt3bggkj1j3HLc7SyY6rEUpg.jpeg\",\"width\":1600,\"height\":1600,\"caption\":\"skaitytaknyga.lt\"},\"image\":{\"@id\":\"https:\\\/\\\/skaitytaknyga.lt\\\/#\\\/schema\\\/logo\\\/image\\\/\"},\"sameAs\":[\"https:\\\/\\\/www.facebook.com\\\/skaitytaknyga\\\/\"]}]}<\/script>\n<!-- \/ Yoast SEO plugin. -->","yoast_head_json":{"title":"Elena de Strozzi \u201eLemtingoji taur\u0117\u201c - Skaitytaknyga","description":"Romano \u201eLemtingoji taur\u0117\u201c pagrindiniai veik\u0117jai yra tie patys, kaip ir \u201eNuod\u0117mi\u0173 kartotekoje\u201c: sekl\u0117 Kara Kardelyt\u0117, j\u0105 mylintis policijos majoras K\u0119stas Kantautas, karali\u0161kojo kraujo prokuroras Teisis Sobieskis, nepralaimintis advokatas Renaldas Rickus. Yra ir nauj\u0173: \u017eav\u016bs moksleiviai Darius su Jurga, ekskursij\u0173 vadov\u0117 Gitana bei kiti veik\u0117jai, geri arba niekingi.  \u0160\u012f kart\u0105 Kara Kardelyt\u0117 ie\u0161ko kunigaik\u0161\u010dio Jonu\u0161o Radvilos taur\u0117s, dingusios i\u0161 muziejaus...  \u201eLemtingoji taur\u0117\u201c yra atskira knyga, visi\u0161kai suprantama ir neskai\u010diusiems \u201eNuod\u0117mi\u0173 kartotekos\u201c.","robots":{"index":"index","follow":"follow","max-snippet":"max-snippet:-1","max-image-preview":"max-image-preview:large","max-video-preview":"max-video-preview:-1"},"canonical":"https:\/\/skaitytaknyga.lt\/en\/produktas\/elena-de-strozzi-lemtingoji-taure\/","og_locale":"en_GB","og_type":"article","og_title":"Elena de Strozzi \u201eLemtingoji taur\u0117\u201c - Skaitytaknyga","og_description":"Romano \u201eLemtingoji taur\u0117\u201c pagrindiniai veik\u0117jai yra tie patys, kaip ir \u201eNuod\u0117mi\u0173 kartotekoje\u201c: sekl\u0117 Kara Kardelyt\u0117, j\u0105 mylintis policijos majoras K\u0119stas Kantautas, karali\u0161kojo kraujo prokuroras Teisis Sobieskis, nepralaimintis advokatas Renaldas Rickus. Yra ir nauj\u0173: \u017eav\u016bs moksleiviai Darius su Jurga, ekskursij\u0173 vadov\u0117 Gitana bei kiti veik\u0117jai, geri arba niekingi.  \u0160\u012f kart\u0105 Kara Kardelyt\u0117 ie\u0161ko kunigaik\u0161\u010dio Jonu\u0161o Radvilos taur\u0117s, dingusios i\u0161 muziejaus...  \u201eLemtingoji taur\u0117\u201c yra atskira knyga, visi\u0161kai suprantama ir neskai\u010diusiems \u201eNuod\u0117mi\u0173 kartotekos\u201c.","og_url":"https:\/\/skaitytaknyga.lt\/en\/produktas\/elena-de-strozzi-lemtingoji-taure\/","og_site_name":"Skaitytaknyga","article_publisher":"https:\/\/www.facebook.com\/skaitytaknyga\/","article_modified_time":"2024-05-04T18:06:35+00:00","og_image":[{"width":262,"height":430,"url":"https:\/\/skaitytaknyga.lt\/wp-content\/uploads\/2024\/05\/1462878208_img0006-002.jpg","type":"image\/jpeg"}],"twitter_card":"summary_large_image","schema":{"@context":"https:\/\/schema.org","@graph":[{"@type":"WebPage","@id":"https:\/\/skaitytaknyga.lt\/produktas\/elena-de-strozzi-lemtingoji-taure\/","url":"https:\/\/skaitytaknyga.lt\/produktas\/elena-de-strozzi-lemtingoji-taure\/","name":"Elena de Strozzi \u201eLemtingoji taur\u0117\u201c - Skaitytaknyga","isPartOf":{"@id":"https:\/\/skaitytaknyga.lt\/#website"},"primaryImageOfPage":{"@id":"https:\/\/skaitytaknyga.lt\/produktas\/elena-de-strozzi-lemtingoji-taure\/#primaryimage"},"image":{"@id":"https:\/\/skaitytaknyga.lt\/produktas\/elena-de-strozzi-lemtingoji-taure\/#primaryimage"},"thumbnailUrl":"https:\/\/skaitytaknyga.lt\/wp-content\/uploads\/2024\/05\/1462878208_img0006-002.jpg","datePublished":"2024-05-04T18:05:19+00:00","dateModified":"2024-05-04T18:06:35+00:00","description":"Romano \u201eLemtingoji taur\u0117\u201c pagrindiniai veik\u0117jai yra tie patys, kaip ir \u201eNuod\u0117mi\u0173 kartotekoje\u201c: sekl\u0117 Kara Kardelyt\u0117, j\u0105 mylintis policijos majoras K\u0119stas Kantautas, karali\u0161kojo kraujo prokuroras Teisis Sobieskis, nepralaimintis advokatas Renaldas Rickus. Yra ir nauj\u0173: \u017eav\u016bs moksleiviai Darius su Jurga, ekskursij\u0173 vadov\u0117 Gitana bei kiti veik\u0117jai, geri arba niekingi. \u0160\u012f kart\u0105 Kara Kardelyt\u0117 ie\u0161ko kunigaik\u0161\u010dio Jonu\u0161o Radvilos taur\u0117s, dingusios i\u0161 muziejaus... \u201eLemtingoji taur\u0117\u201c yra atskira knyga, visi\u0161kai suprantama ir neskai\u010diusiems \u201eNuod\u0117mi\u0173 kartotekos\u201c.","breadcrumb":{"@id":"https:\/\/skaitytaknyga.lt\/produktas\/elena-de-strozzi-lemtingoji-taure\/#breadcrumb"},"inLanguage":"en-GB","potentialAction":[{"@type":"ReadAction","target":["https:\/\/skaitytaknyga.lt\/produktas\/elena-de-strozzi-lemtingoji-taure\/"]}]},{"@type":"ImageObject","inLanguage":"en-GB","@id":"https:\/\/skaitytaknyga.lt\/produktas\/elena-de-strozzi-lemtingoji-taure\/#primaryimage","url":"https:\/\/skaitytaknyga.lt\/wp-content\/uploads\/2024\/05\/1462878208_img0006-002.jpg","contentUrl":"https:\/\/skaitytaknyga.lt\/wp-content\/uploads\/2024\/05\/1462878208_img0006-002.jpg","width":262,"height":430},{"@type":"BreadcrumbList","@id":"https:\/\/skaitytaknyga.lt\/produktas\/elena-de-strozzi-lemtingoji-taure\/#breadcrumb","itemListElement":[{"@type":"ListItem","position":1,"name":"Home","item":"https:\/\/skaitytaknyga.lt\/"},{"@type":"ListItem","position":2,"name":"Parduotuv\u0117","item":"https:\/\/skaitytaknyga.lt\/knygu-parduotuve\/"},{"@type":"ListItem","position":3,"name":"Elena de Strozzi \u201eLemtingoji taur\u0117\u201c"}]},{"@type":"WebSite","@id":"https:\/\/skaitytaknyga.lt\/#website","url":"https:\/\/skaitytaknyga.lt\/","name":"skaitytaknyga.lt","description":"Skaitytaknyga.lt \u2013 tai ma\u017eas \u0161eimos verslas, kuris prasid\u0117jo nuo meil\u0117s knygoms ir siekio i\u0161gelb\u0117ti knygas nuo likimo prie konteinerio. Kas vienam nereikalingas daiktas \u2013 kitam lobis, o mes esame tarpininkai, kurie padeda abiems tapti laimingesniems ???? \u017dinome kaip nelengva i\u0161gyventi ma\u017eiems verslams, tad nuo \u0161iol, \u010dia rasite ir kit\u0173, ma\u017e\u0173 \u0161eim\u0173 versl\u0173, rank\u0173 darbo, dovan\u0173 sau ir artimiesiems.","publisher":{"@id":"https:\/\/skaitytaknyga.lt\/#organization"},"potentialAction":[{"@type":"SearchAction","target":{"@type":"EntryPoint","urlTemplate":"https:\/\/skaitytaknyga.lt\/?s={search_term_string}"},"query-input":{"@type":"PropertyValueSpecification","valueRequired":true,"valueName":"search_term_string"}}],"inLanguage":"en-GB"},{"@type":"Organization","@id":"https:\/\/skaitytaknyga.lt\/#organization","name":"skaitytaknyga.lt","url":"https:\/\/skaitytaknyga.lt\/","logo":{"@type":"ImageObject","inLanguage":"en-GB","@id":"https:\/\/skaitytaknyga.lt\/#\/schema\/logo\/image\/","url":"https:\/\/skaitytaknyga.lt\/wp-content\/uploads\/2024\/05\/cropped-cropped-cropped-02_00843_jt3bggkj1j3HLc7SyY6rEUpg.jpeg","contentUrl":"https:\/\/skaitytaknyga.lt\/wp-content\/uploads\/2024\/05\/cropped-cropped-cropped-02_00843_jt3bggkj1j3HLc7SyY6rEUpg.jpeg","width":1600,"height":1600,"caption":"skaitytaknyga.lt"},"image":{"@id":"https:\/\/skaitytaknyga.lt\/#\/schema\/logo\/image\/"},"sameAs":["https:\/\/www.facebook.com\/skaitytaknyga\/"]}]}},"_links":{"self":[{"href":"https:\/\/skaitytaknyga.lt\/en\/wp-json\/wp\/v2\/product\/10055","targetHints":{"allow":["GET"]}}],"collection":[{"href":"https:\/\/skaitytaknyga.lt\/en\/wp-json\/wp\/v2\/product"}],"about":[{"href":"https:\/\/skaitytaknyga.lt\/en\/wp-json\/wp\/v2\/types\/product"}],"replies":[{"embeddable":true,"href":"https:\/\/skaitytaknyga.lt\/en\/wp-json\/wp\/v2\/comments?post=10055"}],"wp:featuredmedia":[{"embeddable":true,"href":"https:\/\/skaitytaknyga.lt\/en\/wp-json\/wp\/v2\/media\/10095"}],"wp:attachment":[{"href":"https:\/\/skaitytaknyga.lt\/en\/wp-json\/wp\/v2\/media?parent=10055"}],"wp:term":[{"taxonomy":"product_brand","embeddable":true,"href":"https:\/\/skaitytaknyga.lt\/en\/wp-json\/wp\/v2\/product_brand?post=10055"},{"taxonomy":"product_cat","embeddable":true,"href":"https:\/\/skaitytaknyga.lt\/en\/wp-json\/wp\/v2\/product_cat?post=10055"},{"taxonomy":"product_tag","embeddable":true,"href":"https:\/\/skaitytaknyga.lt\/en\/wp-json\/wp\/v2\/product_tag?post=10055"}],"curies":[{"name":"wp","href":"https:\/\/api.w.org\/{rel}","templated":true}]}}