{"id":10054,"date":"2024-05-04T18:05:19","date_gmt":"2024-05-04T18:05:19","guid":{"rendered":"https:\/\/skaitytaknyga.lt\/?post_type=product&#038;p=10054"},"modified":"2026-03-05T15:58:08","modified_gmt":"2026-03-05T13:58:08","slug":"ake-edwardson-sokis-su-angelu-pagelte-lapai","status":"publish","type":"product","link":"https:\/\/skaitytaknyga.lt\/en\/produktas\/ake-edwardson-sokis-su-angelu-pagelte-lapai\/","title":{"rendered":"\u0160okis su angelu (pagelt\u0119 lapai)"},"content":{"rendered":"<p>U\u017e kriminalinius romanus Ake Edwardsonas yra gav\u0119s net kelet\u0105 apdovanojim\u0173. Jo romanai u\u017e gra\u017ei\u0105 kalb\u0105 ir \u012ftaig\u0173 \u0161iuolaikin\u0117s \u0161ved\u0173 visuomen\u0117s vaizd\u0105 gerai vertinami \u0160vedijoje. Labiausiai j\u012f i\u0161garsino\u00a0<strong>&#8220;\u0160okis su angelu&#8221;<\/strong>, kuris prad\u0117jo knyg\u0173 apie komisar\u0105 Vinter\u012f serij\u0105.\u0160\u012f roman\u0105 1997 m.\u0160ved\u0173 detektyvini\u0173 knyg\u0173 akademija i\u0161rinko geriausia met\u0173 knyga.&#8221;\u0160okis su angelu&#8221; &#8211; tai romanas apie pa\u017eeminim\u0105 ir nepritapim\u0105, apie slaptas \u017emogaus sielos gelmes, para\u0161ytas su \u012ftaiga ir u\u017euojauta.<\/p>\n","protected":false},"excerpt":{"rendered":"<p>U\u017e kriminalinius romanus Ake Edwardsonas yra gav\u0119s net kelet\u0105 apdovanojim\u0173. Jo romanai u\u017e gra\u017ei\u0105 kalb\u0105 ir \u012ftaig\u0173 \u0161iuolaikin\u0117s \u0161ved\u0173 visuomen\u0117s vaizd\u0105 gerai vertinami \u0160vedijoje. Labiausiai j\u012f i\u0161garsino\u00a0<strong>&#8220;\u0160okis su angelu&#8221;<\/strong>, kuris prad\u0117jo knyg\u0173 apie komisar\u0105 Vinter\u012f serij\u0105.\u0160\u012f roman\u0105 1997 m.\u0160ved\u0173 detektyvini\u0173 knyg\u0173 akademija i\u0161rinko geriausia met\u0173 knyga.&#8221;\u0160okis su angelu&#8221; &#8211; tai romanas apie pa\u017eeminim\u0105 ir nepritapim\u0105, apie slaptas \u017emogaus sielos gelmes, para\u0161ytas su \u012ftaiga ir u\u017euojauta.<\/p>\n","protected":false},"featured_media":10094,"comment_status":"closed","ping_status":"closed","template":"","meta":{"_acf_changed":false,"site-sidebar-layout":"default","site-content-layout":"","ast-site-content-layout":"default","site-content-style":"default","site-sidebar-style":"default","ast-global-header-display":"","ast-banner-title-visibility":"","ast-main-header-display":"","ast-hfb-above-header-display":"","ast-hfb-below-header-display":"","ast-hfb-mobile-header-display":"","site-post-title":"","ast-breadcrumbs-content":"","ast-featured-img":"","footer-sml-layout":"","ast-disable-related-posts":"","theme-transparent-header-meta":"","adv-header-id-meta":"","stick-header-meta":"","header-above-stick-meta":"","header-main-stick-meta":"","header-below-stick-meta":"","astra-migrate-meta-layouts":"default","ast-page-background-enabled":"default","ast-page-background-meta":{"desktop":{"background-color":"","background-image":"","background-repeat":"repeat","background-position":"center center","background-size":"auto","background-attachment":"scroll","background-type":"","background-media":"","overlay-type":"","overlay-color":"","overlay-opacity":"","overlay-gradient":""},"tablet":{"background-color":"","background-image":"","background-repeat":"repeat","background-position":"center center","background-size":"auto","background-attachment":"scroll","background-type":"","background-media":"","overlay-type":"","overlay-color":"","overlay-opacity":"","overlay-gradient":""},"mobile":{"background-color":"","background-image":"","background-repeat":"repeat","background-position":"center center","background-size":"auto","background-attachment":"scroll","background-type":"","background-media":"","overlay-type":"","overlay-color":"","overlay-opacity":"","overlay-gradient":""}},"ast-content-background-meta":{"desktop":{"background-color":"var(--ast-global-color-4)","background-image":"","background-repeat":"repeat","background-position":"center center","background-size":"auto","background-attachment":"scroll","background-type":"","background-media":"","overlay-type":"","overlay-color":"","overlay-opacity":"","overlay-gradient":""},"tablet":{"background-color":"var(--ast-global-color-4)","background-image":"","background-repeat":"repeat","background-position":"center center","background-size":"auto","background-attachment":"scroll","background-type":"","background-media":"","overlay-type":"","overlay-color":"","overlay-opacity":"","overlay-gradient":""},"mobile":{"background-color":"var(--ast-global-color-4)","background-image":"","background-repeat":"repeat","background-position":"center center","background-size":"auto","background-attachment":"scroll","background-type":"","background-media":"","overlay-type":"","overlay-color":"","overlay-opacity":"","overlay-gradient":""}}},"product_brand":[],"product_cat":[9580],"product_tag":[],"class_list":{"0":"post-10054","1":"product","2":"type-product","3":"status-publish","4":"has-post-thumbnail","6":"product_cat-psichologiniai-detektyvai","7":"desktop-align-left","8":"tablet-align-left","9":"mobile-align-left","11":"first","12":"instock","13":"shipping-taxable","14":"purchasable","15":"product-type-simple"},"acf":[],"yoast_head":"<!-- This site is optimized with the Yoast SEO plugin v27.0 - https:\/\/yoast.com\/product\/yoast-seo-wordpress\/ -->\n<title>\u0160okis su angelu (pagelt\u0119 lapai)<\/title>\n<meta name=\"description\" content=\"U\u017e kriminalinius romanus Ake Edwardsonas yra gav\u0119s net kelet\u0105 apdovanojim\u0173. Jo romanai u\u017e gra\u017ei\u0105 kalb\u0105 ir \u012ftaig\u0173 \u0161iuolaikin\u0117s \u0161ved\u0173 visuomen\u0117s vaizd\u0105 gerai vertinami \u0160vedijoje. Labiausiai j\u012f i\u0161garsino\u00a0&quot;\u0160okis su angelu&quot;, kuris prad\u0117jo knyg\u0173 apie komisar\u0105 Vinter\u012f serij\u0105.\u0160\u012f roman\u0105 1997 m.\u0160ved\u0173 detektyvini\u0173 knyg\u0173 akademija i\u0161rinko geriausia met\u0173 knyga.&quot;\u0160okis su angelu&quot; - tai romanas apie pa\u017eeminim\u0105 ir nepritapim\u0105, apie slaptas \u017emogaus sielos gelmes, para\u0161ytas su \u012ftaiga ir u\u017euojauta.\" \/>\n<meta name=\"robots\" content=\"index, follow, max-snippet:-1, max-image-preview:large, max-video-preview:-1\" \/>\n<link rel=\"canonical\" href=\"https:\/\/skaitytaknyga.lt\/en\/produktas\/ake-edwardson-sokis-su-angelu-pagelte-lapai\/\" \/>\n<meta property=\"og:locale\" content=\"en_GB\" \/>\n<meta property=\"og:locale:alternate\" content=\"lt_LT\" \/>\n<meta property=\"og:type\" content=\"article\" \/>\n<meta property=\"og:title\" content=\"\u0160okis su angelu (pagelt\u0119 lapai)\" \/>\n<meta property=\"og:description\" content=\"U\u017e kriminalinius romanus Ake Edwardsonas yra gav\u0119s net kelet\u0105 apdovanojim\u0173. Jo romanai u\u017e gra\u017ei\u0105 kalb\u0105 ir \u012ftaig\u0173 \u0161iuolaikin\u0117s \u0161ved\u0173 visuomen\u0117s vaizd\u0105 gerai vertinami \u0160vedijoje. Labiausiai j\u012f i\u0161garsino\u00a0&quot;\u0160okis su angelu&quot;, kuris prad\u0117jo knyg\u0173 apie komisar\u0105 Vinter\u012f serij\u0105.\u0160\u012f roman\u0105 1997 m.\u0160ved\u0173 detektyvini\u0173 knyg\u0173 akademija i\u0161rinko geriausia met\u0173 knyga.&quot;\u0160okis su angelu&quot; - tai romanas apie pa\u017eeminim\u0105 ir nepritapim\u0105, apie slaptas \u017emogaus sielos gelmes, para\u0161ytas su \u012ftaiga ir u\u017euojauta.\" \/>\n<meta property=\"og:url\" content=\"https:\/\/skaitytaknyga.lt\/en\/produktas\/ake-edwardson-sokis-su-angelu-pagelte-lapai\/\" \/>\n<meta property=\"og:site_name\" content=\"Skaitytaknyga\" \/>\n<meta property=\"article:publisher\" content=\"https:\/\/www.facebook.com\/skaitytaknyga\/\" \/>\n<meta property=\"article:modified_time\" content=\"2026-03-05T13:58:08+00:00\" \/>\n<meta property=\"og:image\" content=\"https:\/\/skaitytaknyga.lt\/wp-content\/uploads\/2024\/05\/1524742722_Scan_26-04-2018_1432.jpg\" \/>\n\t<meta property=\"og:image:width\" content=\"268\" \/>\n\t<meta property=\"og:image:height\" content=\"430\" \/>\n\t<meta property=\"og:image:type\" content=\"image\/jpeg\" \/>\n<meta name=\"twitter:card\" content=\"summary_large_image\" \/>\n<script type=\"application\/ld+json\" class=\"yoast-schema-graph\">{\"@context\":\"https:\/\/schema.org\",\"@graph\":[{\"@type\":\"WebPage\",\"@id\":\"https:\/\/skaitytaknyga.lt\/produktas\/ake-edwardson-sokis-su-angelu-pagelte-lapai\/\",\"url\":\"https:\/\/skaitytaknyga.lt\/produktas\/ake-edwardson-sokis-su-angelu-pagelte-lapai\/\",\"name\":\"\u0160okis su angelu (pagelt\u0119 lapai)\",\"isPartOf\":{\"@id\":\"https:\/\/skaitytaknyga.lt\/#website\"},\"primaryImageOfPage\":{\"@id\":\"https:\/\/skaitytaknyga.lt\/produktas\/ake-edwardson-sokis-su-angelu-pagelte-lapai\/#primaryimage\"},\"image\":{\"@id\":\"https:\/\/skaitytaknyga.lt\/produktas\/ake-edwardson-sokis-su-angelu-pagelte-lapai\/#primaryimage\"},\"thumbnailUrl\":\"https:\/\/skaitytaknyga.lt\/wp-content\/uploads\/2024\/05\/1524742722_Scan_26-04-2018_1432.jpg\",\"datePublished\":\"2024-05-04T18:05:19+00:00\",\"dateModified\":\"2026-03-05T13:58:08+00:00\",\"description\":\"U\u017e kriminalinius romanus Ake Edwardsonas yra gav\u0119s net kelet\u0105 apdovanojim\u0173. Jo romanai u\u017e gra\u017ei\u0105 kalb\u0105 ir \u012ftaig\u0173 \u0161iuolaikin\u0117s \u0161ved\u0173 visuomen\u0117s vaizd\u0105 gerai vertinami \u0160vedijoje. Labiausiai j\u012f i\u0161garsino\u00a0\\\"\u0160okis su angelu\\\", kuris prad\u0117jo knyg\u0173 apie komisar\u0105 Vinter\u012f serij\u0105.\u0160\u012f roman\u0105 1997 m.\u0160ved\u0173 detektyvini\u0173 knyg\u0173 akademija i\u0161rinko geriausia met\u0173 knyga.\\\"\u0160okis su angelu\\\" - tai romanas apie pa\u017eeminim\u0105 ir nepritapim\u0105, apie slaptas \u017emogaus sielos gelmes, para\u0161ytas su \u012ftaiga ir u\u017euojauta.\",\"breadcrumb\":{\"@id\":\"https:\/\/skaitytaknyga.lt\/produktas\/ake-edwardson-sokis-su-angelu-pagelte-lapai\/#breadcrumb\"},\"inLanguage\":\"en-GB\",\"potentialAction\":[{\"@type\":\"ReadAction\",\"target\":[\"https:\/\/skaitytaknyga.lt\/produktas\/ake-edwardson-sokis-su-angelu-pagelte-lapai\/\"]}]},{\"@type\":\"ImageObject\",\"inLanguage\":\"en-GB\",\"@id\":\"https:\/\/skaitytaknyga.lt\/produktas\/ake-edwardson-sokis-su-angelu-pagelte-lapai\/#primaryimage\",\"url\":\"https:\/\/skaitytaknyga.lt\/wp-content\/uploads\/2024\/05\/1524742722_Scan_26-04-2018_1432.jpg\",\"contentUrl\":\"https:\/\/skaitytaknyga.lt\/wp-content\/uploads\/2024\/05\/1524742722_Scan_26-04-2018_1432.jpg\",\"width\":268,\"height\":430},{\"@type\":\"BreadcrumbList\",\"@id\":\"https:\/\/skaitytaknyga.lt\/produktas\/ake-edwardson-sokis-su-angelu-pagelte-lapai\/#breadcrumb\",\"itemListElement\":[{\"@type\":\"ListItem\",\"position\":1,\"name\":\"Home\",\"item\":\"https:\/\/skaitytaknyga.lt\/\"},{\"@type\":\"ListItem\",\"position\":2,\"name\":\"Parduotuv\u0117\",\"item\":\"https:\/\/skaitytaknyga.lt\/knygu-parduotuve\/\"},{\"@type\":\"ListItem\",\"position\":3,\"name\":\"\u0160okis su angelu (pagelt\u0119 lapai)\"}]},{\"@type\":\"WebSite\",\"@id\":\"https:\/\/skaitytaknyga.lt\/#website\",\"url\":\"https:\/\/skaitytaknyga.lt\/\",\"name\":\"skaitytaknyga.lt\",\"description\":\"Skaitytaknyga.lt \u2013 tai ma\u017eas \u0161eimos verslas, kuris prasid\u0117jo nuo meil\u0117s knygoms ir siekio i\u0161gelb\u0117ti knygas nuo likimo prie konteinerio. Kas vienam nereikalingas daiktas \u2013 kitam lobis, o mes esame tarpininkai, kurie padeda abiems tapti laimingesniems ???? \u017dinome kaip nelengva i\u0161gyventi ma\u017eiems verslams, tad nuo \u0161iol, \u010dia rasite ir kit\u0173, ma\u017e\u0173 \u0161eim\u0173 versl\u0173, rank\u0173 darbo, dovan\u0173 sau ir artimiesiems.\",\"publisher\":{\"@id\":\"https:\/\/skaitytaknyga.lt\/#organization\"},\"potentialAction\":[{\"@type\":\"SearchAction\",\"target\":{\"@type\":\"EntryPoint\",\"urlTemplate\":\"https:\/\/skaitytaknyga.lt\/?s={search_term_string}\"},\"query-input\":{\"@type\":\"PropertyValueSpecification\",\"valueRequired\":true,\"valueName\":\"search_term_string\"}}],\"inLanguage\":\"en-GB\"},{\"@type\":\"Organization\",\"@id\":\"https:\/\/skaitytaknyga.lt\/#organization\",\"name\":\"skaitytaknyga.lt\",\"url\":\"https:\/\/skaitytaknyga.lt\/\",\"logo\":{\"@type\":\"ImageObject\",\"inLanguage\":\"en-GB\",\"@id\":\"https:\/\/skaitytaknyga.lt\/#\/schema\/logo\/image\/\",\"url\":\"https:\/\/skaitytaknyga.lt\/wp-content\/uploads\/2024\/05\/cropped-cropped-cropped-02_00843_jt3bggkj1j3HLc7SyY6rEUpg.jpeg\",\"contentUrl\":\"https:\/\/skaitytaknyga.lt\/wp-content\/uploads\/2024\/05\/cropped-cropped-cropped-02_00843_jt3bggkj1j3HLc7SyY6rEUpg.jpeg\",\"width\":1600,\"height\":1600,\"caption\":\"skaitytaknyga.lt\"},\"image\":{\"@id\":\"https:\/\/skaitytaknyga.lt\/#\/schema\/logo\/image\/\"},\"sameAs\":[\"https:\/\/www.facebook.com\/skaitytaknyga\/\"]}]}<\/script>\n<!-- \/ Yoast SEO plugin. -->","yoast_head_json":{"title":"\u0160okis su angelu (pagelt\u0119 lapai)","description":"U\u017e kriminalinius romanus Ake Edwardsonas yra gav\u0119s net kelet\u0105 apdovanojim\u0173. Jo romanai u\u017e gra\u017ei\u0105 kalb\u0105 ir \u012ftaig\u0173 \u0161iuolaikin\u0117s \u0161ved\u0173 visuomen\u0117s vaizd\u0105 gerai vertinami \u0160vedijoje. Labiausiai j\u012f i\u0161garsino\u00a0\"\u0160okis su angelu\", kuris prad\u0117jo knyg\u0173 apie komisar\u0105 Vinter\u012f serij\u0105.\u0160\u012f roman\u0105 1997 m.\u0160ved\u0173 detektyvini\u0173 knyg\u0173 akademija i\u0161rinko geriausia met\u0173 knyga.\"\u0160okis su angelu\" - tai romanas apie pa\u017eeminim\u0105 ir nepritapim\u0105, apie slaptas \u017emogaus sielos gelmes, para\u0161ytas su \u012ftaiga ir u\u017euojauta.","robots":{"index":"index","follow":"follow","max-snippet":"max-snippet:-1","max-image-preview":"max-image-preview:large","max-video-preview":"max-video-preview:-1"},"canonical":"https:\/\/skaitytaknyga.lt\/en\/produktas\/ake-edwardson-sokis-su-angelu-pagelte-lapai\/","og_locale":"en_GB","og_type":"article","og_title":"[:lt]\u0160okis su angelu (pagelt\u0119 lapai)[:] - Skaitytaknyga","og_description":"U\u017e kriminalinius romanus Ake Edwardsonas yra gav\u0119s net kelet\u0105 apdovanojim\u0173. Jo romanai u\u017e gra\u017ei\u0105 kalb\u0105 ir \u012ftaig\u0173 \u0161iuolaikin\u0117s \u0161ved\u0173 visuomen\u0117s vaizd\u0105 gerai vertinami \u0160vedijoje. Labiausiai j\u012f i\u0161garsino\u00a0\"\u0160okis su angelu\", kuris prad\u0117jo knyg\u0173 apie komisar\u0105 Vinter\u012f serij\u0105.\u0160\u012f roman\u0105 1997 m.\u0160ved\u0173 detektyvini\u0173 knyg\u0173 akademija i\u0161rinko geriausia met\u0173 knyga.\"\u0160okis su angelu\" - tai romanas apie pa\u017eeminim\u0105 ir nepritapim\u0105, apie slaptas \u017emogaus sielos gelmes, para\u0161ytas su \u012ftaiga ir u\u017euojauta.","og_url":"https:\/\/skaitytaknyga.lt\/en\/produktas\/ake-edwardson-sokis-su-angelu-pagelte-lapai\/","og_site_name":"Skaitytaknyga","article_publisher":"https:\/\/www.facebook.com\/skaitytaknyga\/","article_modified_time":"2026-03-05T13:58:08+00:00","og_image":[{"width":268,"height":430,"url":"https:\/\/skaitytaknyga.lt\/wp-content\/uploads\/2024\/05\/1524742722_Scan_26-04-2018_1432.jpg","type":"image\/jpeg"}],"twitter_card":"summary_large_image","schema":{"@context":"https:\/\/schema.org","@graph":[{"@type":"WebPage","@id":"https:\/\/skaitytaknyga.lt\/produktas\/ake-edwardson-sokis-su-angelu-pagelte-lapai\/","url":"https:\/\/skaitytaknyga.lt\/produktas\/ake-edwardson-sokis-su-angelu-pagelte-lapai\/","name":"\u0160okis su angelu (pagelt\u0119 lapai)","isPartOf":{"@id":"https:\/\/skaitytaknyga.lt\/#website"},"primaryImageOfPage":{"@id":"https:\/\/skaitytaknyga.lt\/produktas\/ake-edwardson-sokis-su-angelu-pagelte-lapai\/#primaryimage"},"image":{"@id":"https:\/\/skaitytaknyga.lt\/produktas\/ake-edwardson-sokis-su-angelu-pagelte-lapai\/#primaryimage"},"thumbnailUrl":"https:\/\/skaitytaknyga.lt\/wp-content\/uploads\/2024\/05\/1524742722_Scan_26-04-2018_1432.jpg","datePublished":"2024-05-04T18:05:19+00:00","dateModified":"2026-03-05T13:58:08+00:00","description":"U\u017e kriminalinius romanus Ake Edwardsonas yra gav\u0119s net kelet\u0105 apdovanojim\u0173. Jo romanai u\u017e gra\u017ei\u0105 kalb\u0105 ir \u012ftaig\u0173 \u0161iuolaikin\u0117s \u0161ved\u0173 visuomen\u0117s vaizd\u0105 gerai vertinami \u0160vedijoje. Labiausiai j\u012f i\u0161garsino\u00a0\"\u0160okis su angelu\", kuris prad\u0117jo knyg\u0173 apie komisar\u0105 Vinter\u012f serij\u0105.\u0160\u012f roman\u0105 1997 m.\u0160ved\u0173 detektyvini\u0173 knyg\u0173 akademija i\u0161rinko geriausia met\u0173 knyga.\"\u0160okis su angelu\" - tai romanas apie pa\u017eeminim\u0105 ir nepritapim\u0105, apie slaptas \u017emogaus sielos gelmes, para\u0161ytas su \u012ftaiga ir u\u017euojauta.","breadcrumb":{"@id":"https:\/\/skaitytaknyga.lt\/produktas\/ake-edwardson-sokis-su-angelu-pagelte-lapai\/#breadcrumb"},"inLanguage":"en-GB","potentialAction":[{"@type":"ReadAction","target":["https:\/\/skaitytaknyga.lt\/produktas\/ake-edwardson-sokis-su-angelu-pagelte-lapai\/"]}]},{"@type":"ImageObject","inLanguage":"en-GB","@id":"https:\/\/skaitytaknyga.lt\/produktas\/ake-edwardson-sokis-su-angelu-pagelte-lapai\/#primaryimage","url":"https:\/\/skaitytaknyga.lt\/wp-content\/uploads\/2024\/05\/1524742722_Scan_26-04-2018_1432.jpg","contentUrl":"https:\/\/skaitytaknyga.lt\/wp-content\/uploads\/2024\/05\/1524742722_Scan_26-04-2018_1432.jpg","width":268,"height":430},{"@type":"BreadcrumbList","@id":"https:\/\/skaitytaknyga.lt\/produktas\/ake-edwardson-sokis-su-angelu-pagelte-lapai\/#breadcrumb","itemListElement":[{"@type":"ListItem","position":1,"name":"Home","item":"https:\/\/skaitytaknyga.lt\/"},{"@type":"ListItem","position":2,"name":"Parduotuv\u0117","item":"https:\/\/skaitytaknyga.lt\/knygu-parduotuve\/"},{"@type":"ListItem","position":3,"name":"\u0160okis su angelu (pagelt\u0119 lapai)"}]},{"@type":"WebSite","@id":"https:\/\/skaitytaknyga.lt\/#website","url":"https:\/\/skaitytaknyga.lt\/","name":"skaitytaknyga.lt","description":"Skaitytaknyga.lt \u2013 tai ma\u017eas \u0161eimos verslas, kuris prasid\u0117jo nuo meil\u0117s knygoms ir siekio i\u0161gelb\u0117ti knygas nuo likimo prie konteinerio. Kas vienam nereikalingas daiktas \u2013 kitam lobis, o mes esame tarpininkai, kurie padeda abiems tapti laimingesniems ???? \u017dinome kaip nelengva i\u0161gyventi ma\u017eiems verslams, tad nuo \u0161iol, \u010dia rasite ir kit\u0173, ma\u017e\u0173 \u0161eim\u0173 versl\u0173, rank\u0173 darbo, dovan\u0173 sau ir artimiesiems.","publisher":{"@id":"https:\/\/skaitytaknyga.lt\/#organization"},"potentialAction":[{"@type":"SearchAction","target":{"@type":"EntryPoint","urlTemplate":"https:\/\/skaitytaknyga.lt\/?s={search_term_string}"},"query-input":{"@type":"PropertyValueSpecification","valueRequired":true,"valueName":"search_term_string"}}],"inLanguage":"en-GB"},{"@type":"Organization","@id":"https:\/\/skaitytaknyga.lt\/#organization","name":"skaitytaknyga.lt","url":"https:\/\/skaitytaknyga.lt\/","logo":{"@type":"ImageObject","inLanguage":"en-GB","@id":"https:\/\/skaitytaknyga.lt\/#\/schema\/logo\/image\/","url":"https:\/\/skaitytaknyga.lt\/wp-content\/uploads\/2024\/05\/cropped-cropped-cropped-02_00843_jt3bggkj1j3HLc7SyY6rEUpg.jpeg","contentUrl":"https:\/\/skaitytaknyga.lt\/wp-content\/uploads\/2024\/05\/cropped-cropped-cropped-02_00843_jt3bggkj1j3HLc7SyY6rEUpg.jpeg","width":1600,"height":1600,"caption":"skaitytaknyga.lt"},"image":{"@id":"https:\/\/skaitytaknyga.lt\/#\/schema\/logo\/image\/"},"sameAs":["https:\/\/www.facebook.com\/skaitytaknyga\/"]}]}},"_links":{"self":[{"href":"https:\/\/skaitytaknyga.lt\/en\/wp-json\/wp\/v2\/product\/10054","targetHints":{"allow":["GET"]}}],"collection":[{"href":"https:\/\/skaitytaknyga.lt\/en\/wp-json\/wp\/v2\/product"}],"about":[{"href":"https:\/\/skaitytaknyga.lt\/en\/wp-json\/wp\/v2\/types\/product"}],"replies":[{"embeddable":true,"href":"https:\/\/skaitytaknyga.lt\/en\/wp-json\/wp\/v2\/comments?post=10054"}],"wp:featuredmedia":[{"embeddable":true,"href":"https:\/\/skaitytaknyga.lt\/en\/wp-json\/wp\/v2\/media\/10094"}],"wp:attachment":[{"href":"https:\/\/skaitytaknyga.lt\/en\/wp-json\/wp\/v2\/media?parent=10054"}],"wp:term":[{"taxonomy":"product_brand","embeddable":true,"href":"https:\/\/skaitytaknyga.lt\/en\/wp-json\/wp\/v2\/product_brand?post=10054"},{"taxonomy":"product_cat","embeddable":true,"href":"https:\/\/skaitytaknyga.lt\/en\/wp-json\/wp\/v2\/product_cat?post=10054"},{"taxonomy":"product_tag","embeddable":true,"href":"https:\/\/skaitytaknyga.lt\/en\/wp-json\/wp\/v2\/product_tag?post=10054"}],"curies":[{"name":"wp","href":"https:\/\/api.w.org\/{rel}","templated":true}]}}