{"id":10053,"date":"2024-05-04T18:05:19","date_gmt":"2024-05-04T18:05:19","guid":{"rendered":"https:\/\/skaitytaknyga.lt\/?post_type=product&#038;p=10053"},"modified":"2026-03-05T15:58:08","modified_gmt":"2026-03-05T13:58:08","slug":"dennis-lehane-kuzdesiu-sala-pagelte-lapai","status":"publish","type":"product","link":"https:\/\/skaitytaknyga.lt\/en\/produktas\/dennis-lehane-kuzdesiu-sala-pagelte-lapai\/","title":{"rendered":"Ku\u017edesi\u0173 sala (pagelt\u0119 lapai)"},"content":{"rendered":"<p><em>Tos akys \u2013 nors ir u\u017ealdytos laiko, jos staug\u0117. Nor\u0117josi \u012fl\u012fsti \u012f nuotrauk\u0105 ir nuraminti: ne, ne, ne, viskas gerai, viskas gerai. \u0160a. Nor\u0117josi j\u0105 laikyti apgl\u0117bus, kol nurims drebulys, ir pasakyti, kad viskas bus gerai.<\/em><\/p>\n<p>Rei\u010del\u0117 Solando dingo kaip \u012f vanden\u012f. Ji i\u0161tr\u016bko pro u\u017erakintas kameros duris. Pra\u0117jo nepasteb\u0117ta pro kelias apsaugos u\u017ekardas.<\/p>\n<p>I\u0161\u0117jo palikusi abi poras bat\u0173 ir\u2026 paslapting\u0105 skai\u010di\u0173 sek\u0105 ant popieriaus lapo:<\/p>\n<p>A\u0160 47<\/p>\n<p>J\u0172 BUVO 80<\/p>\n<p>+ J\u016aS 3<\/p>\n<p>MES 4<\/p>\n<p>O KAS 67?<\/p>\n<p>Du pareig\u016bnai, atvyk\u0119 tirti misti\u0161ko Rei\u010del\u0117s Solando dingimo, netrukus pasijus izoliuoti saloje, kuri\u0105 nuo \u017eemyno visi\u0161kai atskirs did\u017eiausia per tris de\u0161imtme\u010dius audra. Kol v\u0117jas ir vanduo nenuplov\u0117 paskutini\u0173 Rei\u010del\u0117s Solando p\u0117dsak\u0173, jie prival\u0117s \u012fminti jos dingimo m\u012fsl\u0119 ir atskleisti paslaptis, kurias saugo Ku\u017edesi\u0173 sala.<\/p>\n","protected":false},"excerpt":{"rendered":"<p><em>Tos akys \u2013 nors ir u\u017ealdytos laiko, jos staug\u0117. Nor\u0117josi \u012fl\u012fsti \u012f nuotrauk\u0105 ir nuraminti: ne, ne, ne, viskas gerai, viskas gerai. \u0160a. Nor\u0117josi j\u0105 laikyti apgl\u0117bus, kol nurims drebulys, ir pasakyti, kad viskas bus gerai.<\/em><\/p>\n<p>Rei\u010del\u0117 Solando dingo kaip \u012f vanden\u012f. Ji i\u0161tr\u016bko pro u\u017erakintas kameros duris. Pra\u0117jo nepasteb\u0117ta pro kelias apsaugos u\u017ekardas.<\/p>\n<p>I\u0161\u0117jo palikusi abi poras bat\u0173 ir\u2026 paslapting\u0105 skai\u010di\u0173 sek\u0105 ant popieriaus lapo:<\/p>\n<p>A\u0160 47<\/p>\n<p>J\u0172 BUVO 80<\/p>\n<p>+ J\u016aS 3<\/p>\n<p>MES 4<\/p>\n<p>O KAS 67?<\/p>\n<p>Du pareig\u016bnai, atvyk\u0119 tirti misti\u0161ko Rei\u010del\u0117s Solando dingimo, netrukus pasijus izoliuoti saloje, kuri\u0105 nuo \u017eemyno visi\u0161kai atskirs did\u017eiausia per tris de\u0161imtme\u010dius audra. Kol v\u0117jas ir vanduo nenuplov\u0117 paskutini\u0173 Rei\u010del\u0117s Solando p\u0117dsak\u0173, jie prival\u0117s \u012fminti jos dingimo m\u012fsl\u0119 ir atskleisti paslaptis, kurias saugo Ku\u017edesi\u0173 sala.<\/p>\n","protected":false},"featured_media":10093,"comment_status":"closed","ping_status":"closed","template":"","meta":{"_acf_changed":false,"site-sidebar-layout":"default","site-content-layout":"","ast-site-content-layout":"default","site-content-style":"default","site-sidebar-style":"default","ast-global-header-display":"","ast-banner-title-visibility":"","ast-main-header-display":"","ast-hfb-above-header-display":"","ast-hfb-below-header-display":"","ast-hfb-mobile-header-display":"","site-post-title":"","ast-breadcrumbs-content":"","ast-featured-img":"","footer-sml-layout":"","ast-disable-related-posts":"","theme-transparent-header-meta":"","adv-header-id-meta":"","stick-header-meta":"","header-above-stick-meta":"","header-main-stick-meta":"","header-below-stick-meta":"","astra-migrate-meta-layouts":"default","ast-page-background-enabled":"default","ast-page-background-meta":{"desktop":{"background-color":"","background-image":"","background-repeat":"repeat","background-position":"center center","background-size":"auto","background-attachment":"scroll","background-type":"","background-media":"","overlay-type":"","overlay-color":"","overlay-opacity":"","overlay-gradient":""},"tablet":{"background-color":"","background-image":"","background-repeat":"repeat","background-position":"center center","background-size":"auto","background-attachment":"scroll","background-type":"","background-media":"","overlay-type":"","overlay-color":"","overlay-opacity":"","overlay-gradient":""},"mobile":{"background-color":"","background-image":"","background-repeat":"repeat","background-position":"center center","background-size":"auto","background-attachment":"scroll","background-type":"","background-media":"","overlay-type":"","overlay-color":"","overlay-opacity":"","overlay-gradient":""}},"ast-content-background-meta":{"desktop":{"background-color":"var(--ast-global-color-4)","background-image":"","background-repeat":"repeat","background-position":"center center","background-size":"auto","background-attachment":"scroll","background-type":"","background-media":"","overlay-type":"","overlay-color":"","overlay-opacity":"","overlay-gradient":""},"tablet":{"background-color":"var(--ast-global-color-4)","background-image":"","background-repeat":"repeat","background-position":"center center","background-size":"auto","background-attachment":"scroll","background-type":"","background-media":"","overlay-type":"","overlay-color":"","overlay-opacity":"","overlay-gradient":""},"mobile":{"background-color":"var(--ast-global-color-4)","background-image":"","background-repeat":"repeat","background-position":"center center","background-size":"auto","background-attachment":"scroll","background-type":"","background-media":"","overlay-type":"","overlay-color":"","overlay-opacity":"","overlay-gradient":""}}},"product_brand":[],"product_cat":[9580],"product_tag":[],"class_list":{"0":"post-10053","1":"product","2":"type-product","3":"status-publish","4":"has-post-thumbnail","6":"product_cat-psichologiniai-detektyvai","7":"desktop-align-left","8":"tablet-align-left","9":"mobile-align-left","11":"first","12":"outofstock","13":"shipping-taxable","14":"purchasable","15":"product-type-simple"},"acf":[],"yoast_head":"<!-- This site is optimized with the Yoast SEO plugin v27.4 - https:\/\/yoast.com\/product\/yoast-seo-wordpress\/ -->\n<title>Ku\u017edesi\u0173 sala (pagelt\u0119 lapai)<\/title>\n<meta name=\"description\" content=\"Tos akys \u2013 nors ir u\u017ealdytos laiko, jos staug\u0117. Nor\u0117josi \u012fl\u012fsti \u012f nuotrauk\u0105 ir nuraminti: ne, ne, ne, viskas gerai, viskas gerai. \u0160a. Nor\u0117josi j\u0105 laikyti apgl\u0117bus, kol nurims drebulys, ir pasakyti, kad viskas bus gerai.  Rei\u010del\u0117 Solando dingo kaip \u012f vanden\u012f. Ji i\u0161tr\u016bko pro u\u017erakintas kameros duris. Pra\u0117jo nepasteb\u0117ta pro kelias apsaugos u\u017ekardas.  I\u0161\u0117jo palikusi abi poras bat\u0173 ir\u2026 paslapting\u0105 skai\u010di\u0173 sek\u0105 ant popieriaus lapo:  A\u0160 47  J\u0172 BUVO 80  + J\u016aS 3  MES 4  O KAS 67?  Du pareig\u016bnai, atvyk\u0119 tirti misti\u0161ko Rei\u010del\u0117s Solando dingimo, netrukus pasijus izoliuoti saloje, kuri\u0105 nuo \u017eemyno visi\u0161kai atskirs did\u017eiausia per tris de\u0161imtme\u010dius audra. Kol v\u0117jas ir vanduo nenuplov\u0117 paskutini\u0173 Rei\u010del\u0117s Solando p\u0117dsak\u0173, jie prival\u0117s \u012fminti jos dingimo m\u012fsl\u0119 ir atskleisti paslaptis, kurias saugo Ku\u017edesi\u0173 sala.\" \/>\n<meta name=\"robots\" content=\"index, follow, max-snippet:-1, max-image-preview:large, max-video-preview:-1\" \/>\n<link rel=\"canonical\" href=\"https:\/\/skaitytaknyga.lt\/en\/produktas\/dennis-lehane-kuzdesiu-sala-pagelte-lapai\/\" \/>\n<meta property=\"og:locale\" content=\"en_GB\" \/>\n<meta property=\"og:locale:alternate\" content=\"lt_LT\" \/>\n<meta property=\"og:type\" content=\"article\" \/>\n<meta property=\"og:title\" content=\"Ku\u017edesi\u0173 sala (pagelt\u0119 lapai)\" \/>\n<meta property=\"og:description\" content=\"Tos akys \u2013 nors ir u\u017ealdytos laiko, jos staug\u0117. Nor\u0117josi \u012fl\u012fsti \u012f nuotrauk\u0105 ir nuraminti: ne, ne, ne, viskas gerai, viskas gerai. \u0160a. Nor\u0117josi j\u0105 laikyti apgl\u0117bus, kol nurims drebulys, ir pasakyti, kad viskas bus gerai.  Rei\u010del\u0117 Solando dingo kaip \u012f vanden\u012f. Ji i\u0161tr\u016bko pro u\u017erakintas kameros duris. Pra\u0117jo nepasteb\u0117ta pro kelias apsaugos u\u017ekardas.  I\u0161\u0117jo palikusi abi poras bat\u0173 ir\u2026 paslapting\u0105 skai\u010di\u0173 sek\u0105 ant popieriaus lapo:  A\u0160 47  J\u0172 BUVO 80  + J\u016aS 3  MES 4  O KAS 67?  Du pareig\u016bnai, atvyk\u0119 tirti misti\u0161ko Rei\u010del\u0117s Solando dingimo, netrukus pasijus izoliuoti saloje, kuri\u0105 nuo \u017eemyno visi\u0161kai atskirs did\u017eiausia per tris de\u0161imtme\u010dius audra. Kol v\u0117jas ir vanduo nenuplov\u0117 paskutini\u0173 Rei\u010del\u0117s Solando p\u0117dsak\u0173, jie prival\u0117s \u012fminti jos dingimo m\u012fsl\u0119 ir atskleisti paslaptis, kurias saugo Ku\u017edesi\u0173 sala.\" \/>\n<meta property=\"og:url\" content=\"https:\/\/skaitytaknyga.lt\/en\/produktas\/dennis-lehane-kuzdesiu-sala-pagelte-lapai\/\" \/>\n<meta property=\"og:site_name\" content=\"Skaitytaknyga\" \/>\n<meta property=\"article:publisher\" content=\"https:\/\/www.facebook.com\/skaitytaknyga\/\" \/>\n<meta property=\"article:modified_time\" content=\"2026-03-05T13:58:08+00:00\" \/>\n<meta property=\"og:image\" content=\"https:\/\/skaitytaknyga.lt\/wp-content\/uploads\/2024\/05\/000000000002112068-59de7f4664d77-asset-knyguklubas-cdb_9786094030185_p1.jpg\" \/>\n\t<meta property=\"og:image:width\" content=\"285\" \/>\n\t<meta property=\"og:image:height\" content=\"489\" \/>\n\t<meta property=\"og:image:type\" content=\"image\/jpeg\" \/>\n<meta name=\"twitter:card\" content=\"summary_large_image\" \/>\n<meta name=\"twitter:label1\" content=\"Estimated reading time\" \/>\n\t<meta name=\"twitter:data1\" content=\"1 minute\" \/>\n<script type=\"application\/ld+json\" class=\"yoast-schema-graph\">{\"@context\":\"https:\\\/\\\/schema.org\",\"@graph\":[{\"@type\":\"WebPage\",\"@id\":\"https:\\\/\\\/skaitytaknyga.lt\\\/produktas\\\/dennis-lehane-kuzdesiu-sala-pagelte-lapai\\\/\",\"url\":\"https:\\\/\\\/skaitytaknyga.lt\\\/produktas\\\/dennis-lehane-kuzdesiu-sala-pagelte-lapai\\\/\",\"name\":\"Ku\u017edesi\u0173 sala (pagelt\u0119 lapai)\",\"isPartOf\":{\"@id\":\"https:\\\/\\\/skaitytaknyga.lt\\\/#website\"},\"primaryImageOfPage\":{\"@id\":\"https:\\\/\\\/skaitytaknyga.lt\\\/produktas\\\/dennis-lehane-kuzdesiu-sala-pagelte-lapai\\\/#primaryimage\"},\"image\":{\"@id\":\"https:\\\/\\\/skaitytaknyga.lt\\\/produktas\\\/dennis-lehane-kuzdesiu-sala-pagelte-lapai\\\/#primaryimage\"},\"thumbnailUrl\":\"https:\\\/\\\/skaitytaknyga.lt\\\/wp-content\\\/uploads\\\/2024\\\/05\\\/000000000002112068-59de7f4664d77-asset-knyguklubas-cdb_9786094030185_p1.jpg\",\"datePublished\":\"2024-05-04T18:05:19+00:00\",\"dateModified\":\"2026-03-05T13:58:08+00:00\",\"description\":\"Tos akys \u2013 nors ir u\u017ealdytos laiko, jos staug\u0117. Nor\u0117josi \u012fl\u012fsti \u012f nuotrauk\u0105 ir nuraminti: ne, ne, ne, viskas gerai, viskas gerai. \u0160a. Nor\u0117josi j\u0105 laikyti apgl\u0117bus, kol nurims drebulys, ir pasakyti, kad viskas bus gerai. Rei\u010del\u0117 Solando dingo kaip \u012f vanden\u012f. Ji i\u0161tr\u016bko pro u\u017erakintas kameros duris. Pra\u0117jo nepasteb\u0117ta pro kelias apsaugos u\u017ekardas. I\u0161\u0117jo palikusi abi poras bat\u0173 ir\u2026 paslapting\u0105 skai\u010di\u0173 sek\u0105 ant popieriaus lapo: A\u0160 47 J\u0172 BUVO 80 + J\u016aS 3 MES 4 O KAS 67? Du pareig\u016bnai, atvyk\u0119 tirti misti\u0161ko Rei\u010del\u0117s Solando dingimo, netrukus pasijus izoliuoti saloje, kuri\u0105 nuo \u017eemyno visi\u0161kai atskirs did\u017eiausia per tris de\u0161imtme\u010dius audra. Kol v\u0117jas ir vanduo nenuplov\u0117 paskutini\u0173 Rei\u010del\u0117s Solando p\u0117dsak\u0173, jie prival\u0117s \u012fminti jos dingimo m\u012fsl\u0119 ir atskleisti paslaptis, kurias saugo Ku\u017edesi\u0173 sala.\",\"breadcrumb\":{\"@id\":\"https:\\\/\\\/skaitytaknyga.lt\\\/produktas\\\/dennis-lehane-kuzdesiu-sala-pagelte-lapai\\\/#breadcrumb\"},\"inLanguage\":\"en-GB\",\"potentialAction\":[{\"@type\":\"ReadAction\",\"target\":[\"https:\\\/\\\/skaitytaknyga.lt\\\/produktas\\\/dennis-lehane-kuzdesiu-sala-pagelte-lapai\\\/\"]}]},{\"@type\":\"ImageObject\",\"inLanguage\":\"en-GB\",\"@id\":\"https:\\\/\\\/skaitytaknyga.lt\\\/produktas\\\/dennis-lehane-kuzdesiu-sala-pagelte-lapai\\\/#primaryimage\",\"url\":\"https:\\\/\\\/skaitytaknyga.lt\\\/wp-content\\\/uploads\\\/2024\\\/05\\\/000000000002112068-59de7f4664d77-asset-knyguklubas-cdb_9786094030185_p1.jpg\",\"contentUrl\":\"https:\\\/\\\/skaitytaknyga.lt\\\/wp-content\\\/uploads\\\/2024\\\/05\\\/000000000002112068-59de7f4664d77-asset-knyguklubas-cdb_9786094030185_p1.jpg\",\"width\":285,\"height\":489},{\"@type\":\"BreadcrumbList\",\"@id\":\"https:\\\/\\\/skaitytaknyga.lt\\\/produktas\\\/dennis-lehane-kuzdesiu-sala-pagelte-lapai\\\/#breadcrumb\",\"itemListElement\":[{\"@type\":\"ListItem\",\"position\":1,\"name\":\"Home\",\"item\":\"https:\\\/\\\/skaitytaknyga.lt\\\/\"},{\"@type\":\"ListItem\",\"position\":2,\"name\":\"Parduotuv\u0117\",\"item\":\"https:\\\/\\\/skaitytaknyga.lt\\\/knygu-parduotuve\\\/\"},{\"@type\":\"ListItem\",\"position\":3,\"name\":\"Ku\u017edesi\u0173 sala (pagelt\u0119 lapai)\"}]},{\"@type\":\"WebSite\",\"@id\":\"https:\\\/\\\/skaitytaknyga.lt\\\/#website\",\"url\":\"https:\\\/\\\/skaitytaknyga.lt\\\/\",\"name\":\"skaitytaknyga.lt\",\"description\":\"Skaitytaknyga.lt \u2013 tai ma\u017eas \u0161eimos verslas, kuris prasid\u0117jo nuo meil\u0117s knygoms ir siekio i\u0161gelb\u0117ti knygas nuo likimo prie konteinerio. Kas vienam nereikalingas daiktas \u2013 kitam lobis, o mes esame tarpininkai, kurie padeda abiems tapti laimingesniems ???? \u017dinome kaip nelengva i\u0161gyventi ma\u017eiems verslams, tad nuo \u0161iol, \u010dia rasite ir kit\u0173, ma\u017e\u0173 \u0161eim\u0173 versl\u0173, rank\u0173 darbo, dovan\u0173 sau ir artimiesiems.\",\"publisher\":{\"@id\":\"https:\\\/\\\/skaitytaknyga.lt\\\/#organization\"},\"potentialAction\":[{\"@type\":\"SearchAction\",\"target\":{\"@type\":\"EntryPoint\",\"urlTemplate\":\"https:\\\/\\\/skaitytaknyga.lt\\\/?s={search_term_string}\"},\"query-input\":{\"@type\":\"PropertyValueSpecification\",\"valueRequired\":true,\"valueName\":\"search_term_string\"}}],\"inLanguage\":\"en-GB\"},{\"@type\":\"Organization\",\"@id\":\"https:\\\/\\\/skaitytaknyga.lt\\\/#organization\",\"name\":\"skaitytaknyga.lt\",\"url\":\"https:\\\/\\\/skaitytaknyga.lt\\\/\",\"logo\":{\"@type\":\"ImageObject\",\"inLanguage\":\"en-GB\",\"@id\":\"https:\\\/\\\/skaitytaknyga.lt\\\/#\\\/schema\\\/logo\\\/image\\\/\",\"url\":\"https:\\\/\\\/skaitytaknyga.lt\\\/wp-content\\\/uploads\\\/2024\\\/05\\\/cropped-cropped-cropped-02_00843_jt3bggkj1j3HLc7SyY6rEUpg.jpeg\",\"contentUrl\":\"https:\\\/\\\/skaitytaknyga.lt\\\/wp-content\\\/uploads\\\/2024\\\/05\\\/cropped-cropped-cropped-02_00843_jt3bggkj1j3HLc7SyY6rEUpg.jpeg\",\"width\":1600,\"height\":1600,\"caption\":\"skaitytaknyga.lt\"},\"image\":{\"@id\":\"https:\\\/\\\/skaitytaknyga.lt\\\/#\\\/schema\\\/logo\\\/image\\\/\"},\"sameAs\":[\"https:\\\/\\\/www.facebook.com\\\/skaitytaknyga\\\/\"]}]}<\/script>\n<!-- \/ Yoast SEO plugin. -->","yoast_head_json":{"title":"Ku\u017edesi\u0173 sala (pagelt\u0119 lapai)","description":"Tos akys \u2013 nors ir u\u017ealdytos laiko, jos staug\u0117. Nor\u0117josi \u012fl\u012fsti \u012f nuotrauk\u0105 ir nuraminti: ne, ne, ne, viskas gerai, viskas gerai. \u0160a. Nor\u0117josi j\u0105 laikyti apgl\u0117bus, kol nurims drebulys, ir pasakyti, kad viskas bus gerai.  Rei\u010del\u0117 Solando dingo kaip \u012f vanden\u012f. Ji i\u0161tr\u016bko pro u\u017erakintas kameros duris. Pra\u0117jo nepasteb\u0117ta pro kelias apsaugos u\u017ekardas.  I\u0161\u0117jo palikusi abi poras bat\u0173 ir\u2026 paslapting\u0105 skai\u010di\u0173 sek\u0105 ant popieriaus lapo:  A\u0160 47  J\u0172 BUVO 80  + J\u016aS 3  MES 4  O KAS 67?  Du pareig\u016bnai, atvyk\u0119 tirti misti\u0161ko Rei\u010del\u0117s Solando dingimo, netrukus pasijus izoliuoti saloje, kuri\u0105 nuo \u017eemyno visi\u0161kai atskirs did\u017eiausia per tris de\u0161imtme\u010dius audra. Kol v\u0117jas ir vanduo nenuplov\u0117 paskutini\u0173 Rei\u010del\u0117s Solando p\u0117dsak\u0173, jie prival\u0117s \u012fminti jos dingimo m\u012fsl\u0119 ir atskleisti paslaptis, kurias saugo Ku\u017edesi\u0173 sala.","robots":{"index":"index","follow":"follow","max-snippet":"max-snippet:-1","max-image-preview":"max-image-preview:large","max-video-preview":"max-video-preview:-1"},"canonical":"https:\/\/skaitytaknyga.lt\/en\/produktas\/dennis-lehane-kuzdesiu-sala-pagelte-lapai\/","og_locale":"en_GB","og_type":"article","og_title":"[:lt]Ku\u017edesi\u0173 sala (pagelt\u0119 lapai)[:] - Skaitytaknyga","og_description":"Tos akys \u2013 nors ir u\u017ealdytos laiko, jos staug\u0117. Nor\u0117josi \u012fl\u012fsti \u012f nuotrauk\u0105 ir nuraminti: ne, ne, ne, viskas gerai, viskas gerai. \u0160a. Nor\u0117josi j\u0105 laikyti apgl\u0117bus, kol nurims drebulys, ir pasakyti, kad viskas bus gerai.  Rei\u010del\u0117 Solando dingo kaip \u012f vanden\u012f. Ji i\u0161tr\u016bko pro u\u017erakintas kameros duris. Pra\u0117jo nepasteb\u0117ta pro kelias apsaugos u\u017ekardas.  I\u0161\u0117jo palikusi abi poras bat\u0173 ir\u2026 paslapting\u0105 skai\u010di\u0173 sek\u0105 ant popieriaus lapo:  A\u0160 47  J\u0172 BUVO 80  + J\u016aS 3  MES 4  O KAS 67?  Du pareig\u016bnai, atvyk\u0119 tirti misti\u0161ko Rei\u010del\u0117s Solando dingimo, netrukus pasijus izoliuoti saloje, kuri\u0105 nuo \u017eemyno visi\u0161kai atskirs did\u017eiausia per tris de\u0161imtme\u010dius audra. Kol v\u0117jas ir vanduo nenuplov\u0117 paskutini\u0173 Rei\u010del\u0117s Solando p\u0117dsak\u0173, jie prival\u0117s \u012fminti jos dingimo m\u012fsl\u0119 ir atskleisti paslaptis, kurias saugo Ku\u017edesi\u0173 sala.","og_url":"https:\/\/skaitytaknyga.lt\/en\/produktas\/dennis-lehane-kuzdesiu-sala-pagelte-lapai\/","og_site_name":"Skaitytaknyga","article_publisher":"https:\/\/www.facebook.com\/skaitytaknyga\/","article_modified_time":"2026-03-05T13:58:08+00:00","og_image":[{"width":285,"height":489,"url":"https:\/\/skaitytaknyga.lt\/wp-content\/uploads\/2024\/05\/000000000002112068-59de7f4664d77-asset-knyguklubas-cdb_9786094030185_p1.jpg","type":"image\/jpeg"}],"twitter_card":"summary_large_image","twitter_misc":{"Estimated reading time":"1 minute"},"schema":{"@context":"https:\/\/schema.org","@graph":[{"@type":"WebPage","@id":"https:\/\/skaitytaknyga.lt\/produktas\/dennis-lehane-kuzdesiu-sala-pagelte-lapai\/","url":"https:\/\/skaitytaknyga.lt\/produktas\/dennis-lehane-kuzdesiu-sala-pagelte-lapai\/","name":"Ku\u017edesi\u0173 sala (pagelt\u0119 lapai)","isPartOf":{"@id":"https:\/\/skaitytaknyga.lt\/#website"},"primaryImageOfPage":{"@id":"https:\/\/skaitytaknyga.lt\/produktas\/dennis-lehane-kuzdesiu-sala-pagelte-lapai\/#primaryimage"},"image":{"@id":"https:\/\/skaitytaknyga.lt\/produktas\/dennis-lehane-kuzdesiu-sala-pagelte-lapai\/#primaryimage"},"thumbnailUrl":"https:\/\/skaitytaknyga.lt\/wp-content\/uploads\/2024\/05\/000000000002112068-59de7f4664d77-asset-knyguklubas-cdb_9786094030185_p1.jpg","datePublished":"2024-05-04T18:05:19+00:00","dateModified":"2026-03-05T13:58:08+00:00","description":"Tos akys \u2013 nors ir u\u017ealdytos laiko, jos staug\u0117. Nor\u0117josi \u012fl\u012fsti \u012f nuotrauk\u0105 ir nuraminti: ne, ne, ne, viskas gerai, viskas gerai. \u0160a. Nor\u0117josi j\u0105 laikyti apgl\u0117bus, kol nurims drebulys, ir pasakyti, kad viskas bus gerai. Rei\u010del\u0117 Solando dingo kaip \u012f vanden\u012f. Ji i\u0161tr\u016bko pro u\u017erakintas kameros duris. Pra\u0117jo nepasteb\u0117ta pro kelias apsaugos u\u017ekardas. I\u0161\u0117jo palikusi abi poras bat\u0173 ir\u2026 paslapting\u0105 skai\u010di\u0173 sek\u0105 ant popieriaus lapo: A\u0160 47 J\u0172 BUVO 80 + J\u016aS 3 MES 4 O KAS 67? Du pareig\u016bnai, atvyk\u0119 tirti misti\u0161ko Rei\u010del\u0117s Solando dingimo, netrukus pasijus izoliuoti saloje, kuri\u0105 nuo \u017eemyno visi\u0161kai atskirs did\u017eiausia per tris de\u0161imtme\u010dius audra. Kol v\u0117jas ir vanduo nenuplov\u0117 paskutini\u0173 Rei\u010del\u0117s Solando p\u0117dsak\u0173, jie prival\u0117s \u012fminti jos dingimo m\u012fsl\u0119 ir atskleisti paslaptis, kurias saugo Ku\u017edesi\u0173 sala.","breadcrumb":{"@id":"https:\/\/skaitytaknyga.lt\/produktas\/dennis-lehane-kuzdesiu-sala-pagelte-lapai\/#breadcrumb"},"inLanguage":"en-GB","potentialAction":[{"@type":"ReadAction","target":["https:\/\/skaitytaknyga.lt\/produktas\/dennis-lehane-kuzdesiu-sala-pagelte-lapai\/"]}]},{"@type":"ImageObject","inLanguage":"en-GB","@id":"https:\/\/skaitytaknyga.lt\/produktas\/dennis-lehane-kuzdesiu-sala-pagelte-lapai\/#primaryimage","url":"https:\/\/skaitytaknyga.lt\/wp-content\/uploads\/2024\/05\/000000000002112068-59de7f4664d77-asset-knyguklubas-cdb_9786094030185_p1.jpg","contentUrl":"https:\/\/skaitytaknyga.lt\/wp-content\/uploads\/2024\/05\/000000000002112068-59de7f4664d77-asset-knyguklubas-cdb_9786094030185_p1.jpg","width":285,"height":489},{"@type":"BreadcrumbList","@id":"https:\/\/skaitytaknyga.lt\/produktas\/dennis-lehane-kuzdesiu-sala-pagelte-lapai\/#breadcrumb","itemListElement":[{"@type":"ListItem","position":1,"name":"Home","item":"https:\/\/skaitytaknyga.lt\/"},{"@type":"ListItem","position":2,"name":"Parduotuv\u0117","item":"https:\/\/skaitytaknyga.lt\/knygu-parduotuve\/"},{"@type":"ListItem","position":3,"name":"Ku\u017edesi\u0173 sala (pagelt\u0119 lapai)"}]},{"@type":"WebSite","@id":"https:\/\/skaitytaknyga.lt\/#website","url":"https:\/\/skaitytaknyga.lt\/","name":"skaitytaknyga.lt","description":"Skaitytaknyga.lt \u2013 tai ma\u017eas \u0161eimos verslas, kuris prasid\u0117jo nuo meil\u0117s knygoms ir siekio i\u0161gelb\u0117ti knygas nuo likimo prie konteinerio. Kas vienam nereikalingas daiktas \u2013 kitam lobis, o mes esame tarpininkai, kurie padeda abiems tapti laimingesniems ???? \u017dinome kaip nelengva i\u0161gyventi ma\u017eiems verslams, tad nuo \u0161iol, \u010dia rasite ir kit\u0173, ma\u017e\u0173 \u0161eim\u0173 versl\u0173, rank\u0173 darbo, dovan\u0173 sau ir artimiesiems.","publisher":{"@id":"https:\/\/skaitytaknyga.lt\/#organization"},"potentialAction":[{"@type":"SearchAction","target":{"@type":"EntryPoint","urlTemplate":"https:\/\/skaitytaknyga.lt\/?s={search_term_string}"},"query-input":{"@type":"PropertyValueSpecification","valueRequired":true,"valueName":"search_term_string"}}],"inLanguage":"en-GB"},{"@type":"Organization","@id":"https:\/\/skaitytaknyga.lt\/#organization","name":"skaitytaknyga.lt","url":"https:\/\/skaitytaknyga.lt\/","logo":{"@type":"ImageObject","inLanguage":"en-GB","@id":"https:\/\/skaitytaknyga.lt\/#\/schema\/logo\/image\/","url":"https:\/\/skaitytaknyga.lt\/wp-content\/uploads\/2024\/05\/cropped-cropped-cropped-02_00843_jt3bggkj1j3HLc7SyY6rEUpg.jpeg","contentUrl":"https:\/\/skaitytaknyga.lt\/wp-content\/uploads\/2024\/05\/cropped-cropped-cropped-02_00843_jt3bggkj1j3HLc7SyY6rEUpg.jpeg","width":1600,"height":1600,"caption":"skaitytaknyga.lt"},"image":{"@id":"https:\/\/skaitytaknyga.lt\/#\/schema\/logo\/image\/"},"sameAs":["https:\/\/www.facebook.com\/skaitytaknyga\/"]}]}},"_links":{"self":[{"href":"https:\/\/skaitytaknyga.lt\/en\/wp-json\/wp\/v2\/product\/10053","targetHints":{"allow":["GET"]}}],"collection":[{"href":"https:\/\/skaitytaknyga.lt\/en\/wp-json\/wp\/v2\/product"}],"about":[{"href":"https:\/\/skaitytaknyga.lt\/en\/wp-json\/wp\/v2\/types\/product"}],"replies":[{"embeddable":true,"href":"https:\/\/skaitytaknyga.lt\/en\/wp-json\/wp\/v2\/comments?post=10053"}],"wp:featuredmedia":[{"embeddable":true,"href":"https:\/\/skaitytaknyga.lt\/en\/wp-json\/wp\/v2\/media\/10093"}],"wp:attachment":[{"href":"https:\/\/skaitytaknyga.lt\/en\/wp-json\/wp\/v2\/media?parent=10053"}],"wp:term":[{"taxonomy":"product_brand","embeddable":true,"href":"https:\/\/skaitytaknyga.lt\/en\/wp-json\/wp\/v2\/product_brand?post=10053"},{"taxonomy":"product_cat","embeddable":true,"href":"https:\/\/skaitytaknyga.lt\/en\/wp-json\/wp\/v2\/product_cat?post=10053"},{"taxonomy":"product_tag","embeddable":true,"href":"https:\/\/skaitytaknyga.lt\/en\/wp-json\/wp\/v2\/product_tag?post=10053"}],"curies":[{"name":"wp","href":"https:\/\/api.w.org\/{rel}","templated":true}]}}