{"id":10051,"date":"2024-05-04T18:05:19","date_gmt":"2024-05-04T18:05:19","guid":{"rendered":"https:\/\/skaitytaknyga.lt\/?post_type=product&#038;p=10051"},"modified":"2026-03-05T16:00:48","modified_gmt":"2026-03-05T14:00:48","slug":"minette-walters-skulptore-pagelte-lapai","status":"publish","type":"product","link":"https:\/\/skaitytaknyga.lt\/en\/produktas\/minette-walters-skulptore-pagelte-lapai\/","title":{"rendered":"Minette Walters \u201eSkulptor\u0117\u201c (pagelt\u0119 lapai)"},"content":{"rendered":"<p>Antroji\u00a0<strong>Minette Walters<\/strong>\u00a0knyga \u201eSkulptor\u0117\u201c neabejotinai su\u017eav\u0117s subtiliomis \u012f\u017evalgomis ir iki paskutini\u0173 eilu\u010di\u0173 nesl\u016bgstan\u010dia \u012ftampa. \u017dmogaus psichikos m\u012fsl\u0117s, lemties pok\u0161tai ir nuojaut\u0173 atveriami keliai veda knygos persona\u017eus hipotezi\u0173 ir sprendim\u0173 link, ta\u010diau, kaip visada, realyb\u0117 pasirodo gerokai klaidesn\u0117.<\/p>\n<p>Groteski\u0161koji Skulptor\u0117 \u2014 klastinga ir gr\u0117sminga \u017eudik\u0117, o gal nelaiminga auka, pasmerkta kal\u0117ti ketvirt\u012f am\u017eiaus \u2014 labai pana\u0161i \u012f savo nulipdyt\u0105 daugiaveid\u0119 Iev\u0105. Kuris veidas jai labiausiai tikt\u0173? \u012e \u0161\u012f klausim\u0105 kiekvienas ras vis kitok\u012f atsakym\u0105.<\/p>\n","protected":false},"excerpt":{"rendered":"<p>Antroji\u00a0<strong>Minette Walters<\/strong>\u00a0knyga \u201eSkulptor\u0117\u201c neabejotinai su\u017eav\u0117s subtiliomis \u012f\u017evalgomis ir iki paskutini\u0173 eilu\u010di\u0173 nesl\u016bgstan\u010dia \u012ftampa. \u017dmogaus psichikos m\u012fsl\u0117s, lemties pok\u0161tai ir nuojaut\u0173 atveriami keliai veda knygos persona\u017eus hipotezi\u0173 ir sprendim\u0173 link, ta\u010diau, kaip visada, realyb\u0117 pasirodo gerokai klaidesn\u0117.<\/p>\n<p>Groteski\u0161koji Skulptor\u0117 \u2014 klastinga ir gr\u0117sminga \u017eudik\u0117, o gal nelaiminga auka, pasmerkta kal\u0117ti ketvirt\u012f am\u017eiaus \u2014 labai pana\u0161i \u012f savo nulipdyt\u0105 daugiaveid\u0119 Iev\u0105. Kuris veidas jai labiausiai tikt\u0173? \u012e \u0161\u012f klausim\u0105 kiekvienas ras vis kitok\u012f atsakym\u0105.<\/p>\n","protected":false},"featured_media":10091,"comment_status":"closed","ping_status":"closed","template":"","meta":{"_acf_changed":false,"site-sidebar-layout":"default","site-content-layout":"","ast-site-content-layout":"default","site-content-style":"default","site-sidebar-style":"default","ast-global-header-display":"","ast-banner-title-visibility":"","ast-main-header-display":"","ast-hfb-above-header-display":"","ast-hfb-below-header-display":"","ast-hfb-mobile-header-display":"","site-post-title":"","ast-breadcrumbs-content":"","ast-featured-img":"","footer-sml-layout":"","ast-disable-related-posts":"","theme-transparent-header-meta":"","adv-header-id-meta":"","stick-header-meta":"","header-above-stick-meta":"","header-main-stick-meta":"","header-below-stick-meta":"","astra-migrate-meta-layouts":"default","ast-page-background-enabled":"default","ast-page-background-meta":{"desktop":{"background-color":"","background-image":"","background-repeat":"repeat","background-position":"center center","background-size":"auto","background-attachment":"scroll","background-type":"","background-media":"","overlay-type":"","overlay-color":"","overlay-opacity":"","overlay-gradient":""},"tablet":{"background-color":"","background-image":"","background-repeat":"repeat","background-position":"center center","background-size":"auto","background-attachment":"scroll","background-type":"","background-media":"","overlay-type":"","overlay-color":"","overlay-opacity":"","overlay-gradient":""},"mobile":{"background-color":"","background-image":"","background-repeat":"repeat","background-position":"center center","background-size":"auto","background-attachment":"scroll","background-type":"","background-media":"","overlay-type":"","overlay-color":"","overlay-opacity":"","overlay-gradient":""}},"ast-content-background-meta":{"desktop":{"background-color":"var(--ast-global-color-4)","background-image":"","background-repeat":"repeat","background-position":"center center","background-size":"auto","background-attachment":"scroll","background-type":"","background-media":"","overlay-type":"","overlay-color":"","overlay-opacity":"","overlay-gradient":""},"tablet":{"background-color":"var(--ast-global-color-4)","background-image":"","background-repeat":"repeat","background-position":"center center","background-size":"auto","background-attachment":"scroll","background-type":"","background-media":"","overlay-type":"","overlay-color":"","overlay-opacity":"","overlay-gradient":""},"mobile":{"background-color":"var(--ast-global-color-4)","background-image":"","background-repeat":"repeat","background-position":"center center","background-size":"auto","background-attachment":"scroll","background-type":"","background-media":"","overlay-type":"","overlay-color":"","overlay-opacity":"","overlay-gradient":""}}},"product_brand":[],"product_cat":[9581],"product_tag":[],"class_list":{"0":"post-10051","1":"product","2":"type-product","3":"status-publish","4":"has-post-thumbnail","6":"product_cat-kriminaliniai-romanai","7":"desktop-align-left","8":"tablet-align-left","9":"mobile-align-left","11":"first","12":"instock","13":"shipping-taxable","14":"purchasable","15":"product-type-simple"},"acf":[],"yoast_head":"<!-- This site is optimized with the Yoast SEO plugin v27.4 - https:\/\/yoast.com\/product\/yoast-seo-wordpress\/ -->\n<title>Minette Walters \u201eSkulptor\u0117\u201c (pagelt\u0119 lapai)<\/title>\n<meta name=\"description\" content=\"Antroji\u00a0Minette Walters\u00a0knyga \u201eSkulptor\u0117\u201c neabejotinai su\u017eav\u0117s subtiliomis \u012f\u017evalgomis ir iki paskutini\u0173 eilu\u010di\u0173 nesl\u016bgstan\u010dia \u012ftampa. \u017dmogaus psichikos m\u012fsl\u0117s, lemties pok\u0161tai ir nuojaut\u0173 atveriami keliai veda knygos persona\u017eus hipotezi\u0173 ir sprendim\u0173 link, ta\u010diau, kaip visada, realyb\u0117 pasirodo gerokai klaidesn\u0117.  Groteski\u0161koji Skulptor\u0117 \u2014 klastinga ir gr\u0117sminga \u017eudik\u0117, o gal nelaiminga auka, pasmerkta kal\u0117ti ketvirt\u012f am\u017eiaus \u2014 labai pana\u0161i \u012f savo nulipdyt\u0105 daugiaveid\u0119 Iev\u0105. Kuris veidas jai labiausiai tikt\u0173? \u012e \u0161\u012f klausim\u0105 kiekvienas ras vis kitok\u012f atsakym\u0105.\" \/>\n<meta name=\"robots\" content=\"index, follow, max-snippet:-1, max-image-preview:large, max-video-preview:-1\" \/>\n<link rel=\"canonical\" href=\"https:\/\/skaitytaknyga.lt\/en\/produktas\/minette-walters-skulptore-pagelte-lapai\/\" \/>\n<meta property=\"og:locale\" content=\"en_GB\" \/>\n<meta property=\"og:locale:alternate\" content=\"lt_LT\" \/>\n<meta property=\"og:type\" content=\"article\" \/>\n<meta property=\"og:title\" content=\"Minette Walters \u201eSkulptor\u0117\u201c (pagelt\u0119 lapai)\" \/>\n<meta property=\"og:description\" content=\"Antroji\u00a0Minette Walters\u00a0knyga \u201eSkulptor\u0117\u201c neabejotinai su\u017eav\u0117s subtiliomis \u012f\u017evalgomis ir iki paskutini\u0173 eilu\u010di\u0173 nesl\u016bgstan\u010dia \u012ftampa. \u017dmogaus psichikos m\u012fsl\u0117s, lemties pok\u0161tai ir nuojaut\u0173 atveriami keliai veda knygos persona\u017eus hipotezi\u0173 ir sprendim\u0173 link, ta\u010diau, kaip visada, realyb\u0117 pasirodo gerokai klaidesn\u0117.  Groteski\u0161koji Skulptor\u0117 \u2014 klastinga ir gr\u0117sminga \u017eudik\u0117, o gal nelaiminga auka, pasmerkta kal\u0117ti ketvirt\u012f am\u017eiaus \u2014 labai pana\u0161i \u012f savo nulipdyt\u0105 daugiaveid\u0119 Iev\u0105. Kuris veidas jai labiausiai tikt\u0173? \u012e \u0161\u012f klausim\u0105 kiekvienas ras vis kitok\u012f atsakym\u0105.\" \/>\n<meta property=\"og:url\" content=\"https:\/\/skaitytaknyga.lt\/en\/produktas\/minette-walters-skulptore-pagelte-lapai\/\" \/>\n<meta property=\"og:site_name\" content=\"Skaitytaknyga\" \/>\n<meta property=\"article:publisher\" content=\"https:\/\/www.facebook.com\/skaitytaknyga\/\" \/>\n<meta property=\"article:modified_time\" content=\"2026-03-05T14:00:48+00:00\" \/>\n<meta property=\"og:image\" content=\"https:\/\/skaitytaknyga.lt\/wp-content\/uploads\/2024\/05\/1462890881_img-001.jpg\" \/>\n\t<meta property=\"og:image:width\" content=\"265\" \/>\n\t<meta property=\"og:image:height\" content=\"430\" \/>\n\t<meta property=\"og:image:type\" content=\"image\/jpeg\" \/>\n<meta name=\"twitter:card\" content=\"summary_large_image\" \/>\n<script type=\"application\/ld+json\" class=\"yoast-schema-graph\">{\"@context\":\"https:\\\/\\\/schema.org\",\"@graph\":[{\"@type\":\"WebPage\",\"@id\":\"https:\\\/\\\/skaitytaknyga.lt\\\/produktas\\\/minette-walters-skulptore-pagelte-lapai\\\/\",\"url\":\"https:\\\/\\\/skaitytaknyga.lt\\\/produktas\\\/minette-walters-skulptore-pagelte-lapai\\\/\",\"name\":\"Minette Walters \u201eSkulptor\u0117\u201c (pagelt\u0119 lapai)\",\"isPartOf\":{\"@id\":\"https:\\\/\\\/skaitytaknyga.lt\\\/#website\"},\"primaryImageOfPage\":{\"@id\":\"https:\\\/\\\/skaitytaknyga.lt\\\/produktas\\\/minette-walters-skulptore-pagelte-lapai\\\/#primaryimage\"},\"image\":{\"@id\":\"https:\\\/\\\/skaitytaknyga.lt\\\/produktas\\\/minette-walters-skulptore-pagelte-lapai\\\/#primaryimage\"},\"thumbnailUrl\":\"https:\\\/\\\/skaitytaknyga.lt\\\/wp-content\\\/uploads\\\/2024\\\/05\\\/1462890881_img-001.jpg\",\"datePublished\":\"2024-05-04T18:05:19+00:00\",\"dateModified\":\"2026-03-05T14:00:48+00:00\",\"description\":\"Antroji\u00a0Minette Walters\u00a0knyga \u201eSkulptor\u0117\u201c neabejotinai su\u017eav\u0117s subtiliomis \u012f\u017evalgomis ir iki paskutini\u0173 eilu\u010di\u0173 nesl\u016bgstan\u010dia \u012ftampa. \u017dmogaus psichikos m\u012fsl\u0117s, lemties pok\u0161tai ir nuojaut\u0173 atveriami keliai veda knygos persona\u017eus hipotezi\u0173 ir sprendim\u0173 link, ta\u010diau, kaip visada, realyb\u0117 pasirodo gerokai klaidesn\u0117. Groteski\u0161koji Skulptor\u0117 \u2014 klastinga ir gr\u0117sminga \u017eudik\u0117, o gal nelaiminga auka, pasmerkta kal\u0117ti ketvirt\u012f am\u017eiaus \u2014 labai pana\u0161i \u012f savo nulipdyt\u0105 daugiaveid\u0119 Iev\u0105. Kuris veidas jai labiausiai tikt\u0173? \u012e \u0161\u012f klausim\u0105 kiekvienas ras vis kitok\u012f atsakym\u0105.\",\"breadcrumb\":{\"@id\":\"https:\\\/\\\/skaitytaknyga.lt\\\/produktas\\\/minette-walters-skulptore-pagelte-lapai\\\/#breadcrumb\"},\"inLanguage\":\"en-GB\",\"potentialAction\":[{\"@type\":\"ReadAction\",\"target\":[\"https:\\\/\\\/skaitytaknyga.lt\\\/produktas\\\/minette-walters-skulptore-pagelte-lapai\\\/\"]}]},{\"@type\":\"ImageObject\",\"inLanguage\":\"en-GB\",\"@id\":\"https:\\\/\\\/skaitytaknyga.lt\\\/produktas\\\/minette-walters-skulptore-pagelte-lapai\\\/#primaryimage\",\"url\":\"https:\\\/\\\/skaitytaknyga.lt\\\/wp-content\\\/uploads\\\/2024\\\/05\\\/1462890881_img-001.jpg\",\"contentUrl\":\"https:\\\/\\\/skaitytaknyga.lt\\\/wp-content\\\/uploads\\\/2024\\\/05\\\/1462890881_img-001.jpg\",\"width\":265,\"height\":430},{\"@type\":\"BreadcrumbList\",\"@id\":\"https:\\\/\\\/skaitytaknyga.lt\\\/produktas\\\/minette-walters-skulptore-pagelte-lapai\\\/#breadcrumb\",\"itemListElement\":[{\"@type\":\"ListItem\",\"position\":1,\"name\":\"Home\",\"item\":\"https:\\\/\\\/skaitytaknyga.lt\\\/\"},{\"@type\":\"ListItem\",\"position\":2,\"name\":\"Parduotuv\u0117\",\"item\":\"https:\\\/\\\/skaitytaknyga.lt\\\/knygu-parduotuve\\\/\"},{\"@type\":\"ListItem\",\"position\":3,\"name\":\"Minette Walters \u201eSkulptor\u0117\u201c (pagelt\u0119 lapai)\"}]},{\"@type\":\"WebSite\",\"@id\":\"https:\\\/\\\/skaitytaknyga.lt\\\/#website\",\"url\":\"https:\\\/\\\/skaitytaknyga.lt\\\/\",\"name\":\"skaitytaknyga.lt\",\"description\":\"Skaitytaknyga.lt \u2013 tai ma\u017eas \u0161eimos verslas, kuris prasid\u0117jo nuo meil\u0117s knygoms ir siekio i\u0161gelb\u0117ti knygas nuo likimo prie konteinerio. Kas vienam nereikalingas daiktas \u2013 kitam lobis, o mes esame tarpininkai, kurie padeda abiems tapti laimingesniems ???? \u017dinome kaip nelengva i\u0161gyventi ma\u017eiems verslams, tad nuo \u0161iol, \u010dia rasite ir kit\u0173, ma\u017e\u0173 \u0161eim\u0173 versl\u0173, rank\u0173 darbo, dovan\u0173 sau ir artimiesiems.\",\"publisher\":{\"@id\":\"https:\\\/\\\/skaitytaknyga.lt\\\/#organization\"},\"potentialAction\":[{\"@type\":\"SearchAction\",\"target\":{\"@type\":\"EntryPoint\",\"urlTemplate\":\"https:\\\/\\\/skaitytaknyga.lt\\\/?s={search_term_string}\"},\"query-input\":{\"@type\":\"PropertyValueSpecification\",\"valueRequired\":true,\"valueName\":\"search_term_string\"}}],\"inLanguage\":\"en-GB\"},{\"@type\":\"Organization\",\"@id\":\"https:\\\/\\\/skaitytaknyga.lt\\\/#organization\",\"name\":\"skaitytaknyga.lt\",\"url\":\"https:\\\/\\\/skaitytaknyga.lt\\\/\",\"logo\":{\"@type\":\"ImageObject\",\"inLanguage\":\"en-GB\",\"@id\":\"https:\\\/\\\/skaitytaknyga.lt\\\/#\\\/schema\\\/logo\\\/image\\\/\",\"url\":\"https:\\\/\\\/skaitytaknyga.lt\\\/wp-content\\\/uploads\\\/2024\\\/05\\\/cropped-cropped-cropped-02_00843_jt3bggkj1j3HLc7SyY6rEUpg.jpeg\",\"contentUrl\":\"https:\\\/\\\/skaitytaknyga.lt\\\/wp-content\\\/uploads\\\/2024\\\/05\\\/cropped-cropped-cropped-02_00843_jt3bggkj1j3HLc7SyY6rEUpg.jpeg\",\"width\":1600,\"height\":1600,\"caption\":\"skaitytaknyga.lt\"},\"image\":{\"@id\":\"https:\\\/\\\/skaitytaknyga.lt\\\/#\\\/schema\\\/logo\\\/image\\\/\"},\"sameAs\":[\"https:\\\/\\\/www.facebook.com\\\/skaitytaknyga\\\/\"]}]}<\/script>\n<!-- \/ Yoast SEO plugin. -->","yoast_head_json":{"title":"Minette Walters \u201eSkulptor\u0117\u201c (pagelt\u0119 lapai)","description":"Antroji\u00a0Minette Walters\u00a0knyga \u201eSkulptor\u0117\u201c neabejotinai su\u017eav\u0117s subtiliomis \u012f\u017evalgomis ir iki paskutini\u0173 eilu\u010di\u0173 nesl\u016bgstan\u010dia \u012ftampa. \u017dmogaus psichikos m\u012fsl\u0117s, lemties pok\u0161tai ir nuojaut\u0173 atveriami keliai veda knygos persona\u017eus hipotezi\u0173 ir sprendim\u0173 link, ta\u010diau, kaip visada, realyb\u0117 pasirodo gerokai klaidesn\u0117.  Groteski\u0161koji Skulptor\u0117 \u2014 klastinga ir gr\u0117sminga \u017eudik\u0117, o gal nelaiminga auka, pasmerkta kal\u0117ti ketvirt\u012f am\u017eiaus \u2014 labai pana\u0161i \u012f savo nulipdyt\u0105 daugiaveid\u0119 Iev\u0105. Kuris veidas jai labiausiai tikt\u0173? \u012e \u0161\u012f klausim\u0105 kiekvienas ras vis kitok\u012f atsakym\u0105.","robots":{"index":"index","follow":"follow","max-snippet":"max-snippet:-1","max-image-preview":"max-image-preview:large","max-video-preview":"max-video-preview:-1"},"canonical":"https:\/\/skaitytaknyga.lt\/en\/produktas\/minette-walters-skulptore-pagelte-lapai\/","og_locale":"en_GB","og_type":"article","og_title":"[:lt]Minette Walters \u201eSkulptor\u0117\u201c (pagelt\u0119 lapai)[:] - Skaitytaknyga","og_description":"Antroji\u00a0Minette Walters\u00a0knyga \u201eSkulptor\u0117\u201c neabejotinai su\u017eav\u0117s subtiliomis \u012f\u017evalgomis ir iki paskutini\u0173 eilu\u010di\u0173 nesl\u016bgstan\u010dia \u012ftampa. \u017dmogaus psichikos m\u012fsl\u0117s, lemties pok\u0161tai ir nuojaut\u0173 atveriami keliai veda knygos persona\u017eus hipotezi\u0173 ir sprendim\u0173 link, ta\u010diau, kaip visada, realyb\u0117 pasirodo gerokai klaidesn\u0117.  Groteski\u0161koji Skulptor\u0117 \u2014 klastinga ir gr\u0117sminga \u017eudik\u0117, o gal nelaiminga auka, pasmerkta kal\u0117ti ketvirt\u012f am\u017eiaus \u2014 labai pana\u0161i \u012f savo nulipdyt\u0105 daugiaveid\u0119 Iev\u0105. Kuris veidas jai labiausiai tikt\u0173? \u012e \u0161\u012f klausim\u0105 kiekvienas ras vis kitok\u012f atsakym\u0105.","og_url":"https:\/\/skaitytaknyga.lt\/en\/produktas\/minette-walters-skulptore-pagelte-lapai\/","og_site_name":"Skaitytaknyga","article_publisher":"https:\/\/www.facebook.com\/skaitytaknyga\/","article_modified_time":"2026-03-05T14:00:48+00:00","og_image":[{"width":265,"height":430,"url":"https:\/\/skaitytaknyga.lt\/wp-content\/uploads\/2024\/05\/1462890881_img-001.jpg","type":"image\/jpeg"}],"twitter_card":"summary_large_image","schema":{"@context":"https:\/\/schema.org","@graph":[{"@type":"WebPage","@id":"https:\/\/skaitytaknyga.lt\/produktas\/minette-walters-skulptore-pagelte-lapai\/","url":"https:\/\/skaitytaknyga.lt\/produktas\/minette-walters-skulptore-pagelte-lapai\/","name":"Minette Walters \u201eSkulptor\u0117\u201c (pagelt\u0119 lapai)","isPartOf":{"@id":"https:\/\/skaitytaknyga.lt\/#website"},"primaryImageOfPage":{"@id":"https:\/\/skaitytaknyga.lt\/produktas\/minette-walters-skulptore-pagelte-lapai\/#primaryimage"},"image":{"@id":"https:\/\/skaitytaknyga.lt\/produktas\/minette-walters-skulptore-pagelte-lapai\/#primaryimage"},"thumbnailUrl":"https:\/\/skaitytaknyga.lt\/wp-content\/uploads\/2024\/05\/1462890881_img-001.jpg","datePublished":"2024-05-04T18:05:19+00:00","dateModified":"2026-03-05T14:00:48+00:00","description":"Antroji\u00a0Minette Walters\u00a0knyga \u201eSkulptor\u0117\u201c neabejotinai su\u017eav\u0117s subtiliomis \u012f\u017evalgomis ir iki paskutini\u0173 eilu\u010di\u0173 nesl\u016bgstan\u010dia \u012ftampa. \u017dmogaus psichikos m\u012fsl\u0117s, lemties pok\u0161tai ir nuojaut\u0173 atveriami keliai veda knygos persona\u017eus hipotezi\u0173 ir sprendim\u0173 link, ta\u010diau, kaip visada, realyb\u0117 pasirodo gerokai klaidesn\u0117. Groteski\u0161koji Skulptor\u0117 \u2014 klastinga ir gr\u0117sminga \u017eudik\u0117, o gal nelaiminga auka, pasmerkta kal\u0117ti ketvirt\u012f am\u017eiaus \u2014 labai pana\u0161i \u012f savo nulipdyt\u0105 daugiaveid\u0119 Iev\u0105. Kuris veidas jai labiausiai tikt\u0173? \u012e \u0161\u012f klausim\u0105 kiekvienas ras vis kitok\u012f atsakym\u0105.","breadcrumb":{"@id":"https:\/\/skaitytaknyga.lt\/produktas\/minette-walters-skulptore-pagelte-lapai\/#breadcrumb"},"inLanguage":"en-GB","potentialAction":[{"@type":"ReadAction","target":["https:\/\/skaitytaknyga.lt\/produktas\/minette-walters-skulptore-pagelte-lapai\/"]}]},{"@type":"ImageObject","inLanguage":"en-GB","@id":"https:\/\/skaitytaknyga.lt\/produktas\/minette-walters-skulptore-pagelte-lapai\/#primaryimage","url":"https:\/\/skaitytaknyga.lt\/wp-content\/uploads\/2024\/05\/1462890881_img-001.jpg","contentUrl":"https:\/\/skaitytaknyga.lt\/wp-content\/uploads\/2024\/05\/1462890881_img-001.jpg","width":265,"height":430},{"@type":"BreadcrumbList","@id":"https:\/\/skaitytaknyga.lt\/produktas\/minette-walters-skulptore-pagelte-lapai\/#breadcrumb","itemListElement":[{"@type":"ListItem","position":1,"name":"Home","item":"https:\/\/skaitytaknyga.lt\/"},{"@type":"ListItem","position":2,"name":"Parduotuv\u0117","item":"https:\/\/skaitytaknyga.lt\/knygu-parduotuve\/"},{"@type":"ListItem","position":3,"name":"Minette Walters \u201eSkulptor\u0117\u201c (pagelt\u0119 lapai)"}]},{"@type":"WebSite","@id":"https:\/\/skaitytaknyga.lt\/#website","url":"https:\/\/skaitytaknyga.lt\/","name":"skaitytaknyga.lt","description":"Skaitytaknyga.lt \u2013 tai ma\u017eas \u0161eimos verslas, kuris prasid\u0117jo nuo meil\u0117s knygoms ir siekio i\u0161gelb\u0117ti knygas nuo likimo prie konteinerio. Kas vienam nereikalingas daiktas \u2013 kitam lobis, o mes esame tarpininkai, kurie padeda abiems tapti laimingesniems ???? \u017dinome kaip nelengva i\u0161gyventi ma\u017eiems verslams, tad nuo \u0161iol, \u010dia rasite ir kit\u0173, ma\u017e\u0173 \u0161eim\u0173 versl\u0173, rank\u0173 darbo, dovan\u0173 sau ir artimiesiems.","publisher":{"@id":"https:\/\/skaitytaknyga.lt\/#organization"},"potentialAction":[{"@type":"SearchAction","target":{"@type":"EntryPoint","urlTemplate":"https:\/\/skaitytaknyga.lt\/?s={search_term_string}"},"query-input":{"@type":"PropertyValueSpecification","valueRequired":true,"valueName":"search_term_string"}}],"inLanguage":"en-GB"},{"@type":"Organization","@id":"https:\/\/skaitytaknyga.lt\/#organization","name":"skaitytaknyga.lt","url":"https:\/\/skaitytaknyga.lt\/","logo":{"@type":"ImageObject","inLanguage":"en-GB","@id":"https:\/\/skaitytaknyga.lt\/#\/schema\/logo\/image\/","url":"https:\/\/skaitytaknyga.lt\/wp-content\/uploads\/2024\/05\/cropped-cropped-cropped-02_00843_jt3bggkj1j3HLc7SyY6rEUpg.jpeg","contentUrl":"https:\/\/skaitytaknyga.lt\/wp-content\/uploads\/2024\/05\/cropped-cropped-cropped-02_00843_jt3bggkj1j3HLc7SyY6rEUpg.jpeg","width":1600,"height":1600,"caption":"skaitytaknyga.lt"},"image":{"@id":"https:\/\/skaitytaknyga.lt\/#\/schema\/logo\/image\/"},"sameAs":["https:\/\/www.facebook.com\/skaitytaknyga\/"]}]}},"_links":{"self":[{"href":"https:\/\/skaitytaknyga.lt\/en\/wp-json\/wp\/v2\/product\/10051","targetHints":{"allow":["GET"]}}],"collection":[{"href":"https:\/\/skaitytaknyga.lt\/en\/wp-json\/wp\/v2\/product"}],"about":[{"href":"https:\/\/skaitytaknyga.lt\/en\/wp-json\/wp\/v2\/types\/product"}],"replies":[{"embeddable":true,"href":"https:\/\/skaitytaknyga.lt\/en\/wp-json\/wp\/v2\/comments?post=10051"}],"wp:featuredmedia":[{"embeddable":true,"href":"https:\/\/skaitytaknyga.lt\/en\/wp-json\/wp\/v2\/media\/10091"}],"wp:attachment":[{"href":"https:\/\/skaitytaknyga.lt\/en\/wp-json\/wp\/v2\/media?parent=10051"}],"wp:term":[{"taxonomy":"product_brand","embeddable":true,"href":"https:\/\/skaitytaknyga.lt\/en\/wp-json\/wp\/v2\/product_brand?post=10051"},{"taxonomy":"product_cat","embeddable":true,"href":"https:\/\/skaitytaknyga.lt\/en\/wp-json\/wp\/v2\/product_cat?post=10051"},{"taxonomy":"product_tag","embeddable":true,"href":"https:\/\/skaitytaknyga.lt\/en\/wp-json\/wp\/v2\/product_tag?post=10051"}],"curies":[{"name":"wp","href":"https:\/\/api.w.org\/{rel}","templated":true}]}}