{"id":10050,"date":"2024-05-04T18:05:19","date_gmt":"2024-05-04T18:05:19","guid":{"rendered":"https:\/\/skaitytaknyga.lt\/?post_type=product&#038;p=10050"},"modified":"2024-05-04T18:06:24","modified_gmt":"2024-05-04T18:06:24","slug":"tanja-kinkel-die-schatten-von-la-rochelle","status":"publish","type":"product","link":"https:\/\/skaitytaknyga.lt\/en\/produktas\/tanja-kinkel-die-schatten-von-la-rochelle\/","title":{"rendered":"Tanja Kinkel \u201eDie Schatten von La Rochelle\u201c"},"content":{"rendered":"<p><span id=\"freeText3241081408272383445\">1640: W\u00e4hrend in Europa Glaubenskriege toben, st\u00f6sst in Frankreich ein Mann ins Zentrum der Macht vor &#8211; Richelieu, Kardinal und Erster Minister von Ludwig XIII. Nur seiner klugen, treuen Nichte Marie schenkt der von vielen beneidete, bewunderte und auch gehasste Mann Vertrauen. Doch als Marie den Mysteri\u00f6sen Paul d\u00b4Irsdmasens kennenlernt, ist sie nicht mehr Herrin ihres Schicksals und ihrer Gef\u00fchle. In Marias H\u00e4nden aber ruht das \u00dcberleben ihres Onkels.<\/span><\/p>\n","protected":false},"excerpt":{"rendered":"<p><span id=\"freeText3241081408272383445\">1640: W\u00e4hrend in Europa Glaubenskriege toben, st\u00f6sst in Frankreich ein Mann ins Zentrum der Macht vor &#8211; Richelieu, Kardinal und Erster Minister von Ludwig XIII. Nur seiner klugen, treuen Nichte Marie schenkt der von vielen beneidete, bewunderte und auch gehasste Mann Vertrauen. Doch als Marie den Mysteri\u00f6sen Paul d\u00b4Irsdmasens kennenlernt, ist sie nicht mehr Herrin ihres Schicksals und ihrer Gef\u00fchle. In Marias H\u00e4nden aber ruht das \u00dcberleben ihres Onkels.<\/span><\/p>\n","protected":false},"featured_media":10090,"comment_status":"closed","ping_status":"closed","template":"","meta":{"_acf_changed":false,"site-sidebar-layout":"default","site-content-layout":"","ast-site-content-layout":"default","site-content-style":"default","site-sidebar-style":"default","ast-global-header-display":"","ast-banner-title-visibility":"","ast-main-header-display":"","ast-hfb-above-header-display":"","ast-hfb-below-header-display":"","ast-hfb-mobile-header-display":"","site-post-title":"","ast-breadcrumbs-content":"","ast-featured-img":"","footer-sml-layout":"","ast-disable-related-posts":"","theme-transparent-header-meta":"","adv-header-id-meta":"","stick-header-meta":"","header-above-stick-meta":"","header-main-stick-meta":"","header-below-stick-meta":"","astra-migrate-meta-layouts":"default","ast-page-background-enabled":"default","ast-page-background-meta":{"desktop":{"background-color":"","background-image":"","background-repeat":"repeat","background-position":"center center","background-size":"auto","background-attachment":"scroll","background-type":"","background-media":"","overlay-type":"","overlay-color":"","overlay-opacity":"","overlay-gradient":""},"tablet":{"background-color":"","background-image":"","background-repeat":"repeat","background-position":"center center","background-size":"auto","background-attachment":"scroll","background-type":"","background-media":"","overlay-type":"","overlay-color":"","overlay-opacity":"","overlay-gradient":""},"mobile":{"background-color":"","background-image":"","background-repeat":"repeat","background-position":"center center","background-size":"auto","background-attachment":"scroll","background-type":"","background-media":"","overlay-type":"","overlay-color":"","overlay-opacity":"","overlay-gradient":""}},"ast-content-background-meta":{"desktop":{"background-color":"var(--ast-global-color-4)","background-image":"","background-repeat":"repeat","background-position":"center center","background-size":"auto","background-attachment":"scroll","background-type":"","background-media":"","overlay-type":"","overlay-color":"","overlay-opacity":"","overlay-gradient":""},"tablet":{"background-color":"var(--ast-global-color-4)","background-image":"","background-repeat":"repeat","background-position":"center center","background-size":"auto","background-attachment":"scroll","background-type":"","background-media":"","overlay-type":"","overlay-color":"","overlay-opacity":"","overlay-gradient":""},"mobile":{"background-color":"var(--ast-global-color-4)","background-image":"","background-repeat":"repeat","background-position":"center center","background-size":"auto","background-attachment":"scroll","background-type":"","background-media":"","overlay-type":"","overlay-color":"","overlay-opacity":"","overlay-gradient":""}}},"product_brand":[],"product_cat":[390,978],"product_tag":[],"class_list":{"0":"post-10050","1":"product","2":"type-product","3":"status-publish","4":"has-post-thumbnail","6":"product_cat-kalba-kalbotyra-zodynai","7":"product_cat-knygos-kitomis-kalbomis","8":"desktop-align-left","9":"tablet-align-left","10":"mobile-align-left","12":"first","13":"instock","14":"shipping-taxable","15":"purchasable","16":"product-type-simple"},"acf":[],"yoast_head":"<!-- This site is optimized with the Yoast SEO plugin v27.4 - https:\/\/yoast.com\/product\/yoast-seo-wordpress\/ -->\n<title>Tanja Kinkel \u201eDie Schatten von La Rochelle\u201c - Skaitytaknyga<\/title>\n<meta name=\"description\" content=\"1640: W\u00e4hrend in Europa Glaubenskriege toben, st\u00f6sst in Frankreich ein Mann ins Zentrum der Macht vor - Richelieu, Kardinal und Erster Minister von Ludwig XIII. Nur seiner klugen, treuen Nichte Marie schenkt der von vielen beneidete, bewunderte und auch gehasste Mann Vertrauen. Doch als Marie den Mysteri\u00f6sen Paul d\u00b4Irsdmasens kennenlernt, ist sie nicht mehr Herrin ihres Schicksals und ihrer Gef\u00fchle. In Marias H\u00e4nden aber ruht das \u00dcberleben ihres Onkels.\" \/>\n<meta name=\"robots\" content=\"index, follow, max-snippet:-1, max-image-preview:large, max-video-preview:-1\" \/>\n<link rel=\"canonical\" href=\"https:\/\/skaitytaknyga.lt\/en\/produktas\/tanja-kinkel-die-schatten-von-la-rochelle\/\" \/>\n<meta property=\"og:locale\" content=\"en_GB\" \/>\n<meta property=\"og:locale:alternate\" content=\"lt_LT\" \/>\n<meta property=\"og:type\" content=\"article\" \/>\n<meta property=\"og:title\" content=\"Tanja Kinkel \u201eDie Schatten von La Rochelle\u201c - Skaitytaknyga\" \/>\n<meta property=\"og:description\" content=\"1640: W\u00e4hrend in Europa Glaubenskriege toben, st\u00f6sst in Frankreich ein Mann ins Zentrum der Macht vor - Richelieu, Kardinal und Erster Minister von Ludwig XIII. Nur seiner klugen, treuen Nichte Marie schenkt der von vielen beneidete, bewunderte und auch gehasste Mann Vertrauen. Doch als Marie den Mysteri\u00f6sen Paul d\u00b4Irsdmasens kennenlernt, ist sie nicht mehr Herrin ihres Schicksals und ihrer Gef\u00fchle. In Marias H\u00e4nden aber ruht das \u00dcberleben ihres Onkels.\" \/>\n<meta property=\"og:url\" content=\"https:\/\/skaitytaknyga.lt\/en\/produktas\/tanja-kinkel-die-schatten-von-la-rochelle\/\" \/>\n<meta property=\"og:site_name\" content=\"Skaitytaknyga\" \/>\n<meta property=\"article:publisher\" content=\"https:\/\/www.facebook.com\/skaitytaknyga\/\" \/>\n<meta property=\"article:modified_time\" content=\"2024-05-04T18:06:24+00:00\" \/>\n<meta property=\"og:image\" content=\"https:\/\/skaitytaknyga.lt\/wp-content\/uploads\/2024\/05\/Tanja-KinkelDie-Schatten-von-La-Rochelle.jpg\" \/>\n\t<meta property=\"og:image:width\" content=\"300\" \/>\n\t<meta property=\"og:image:height\" content=\"477\" \/>\n\t<meta property=\"og:image:type\" content=\"image\/jpeg\" \/>\n<meta name=\"twitter:card\" content=\"summary_large_image\" \/>\n<script type=\"application\/ld+json\" class=\"yoast-schema-graph\">{\"@context\":\"https:\\\/\\\/schema.org\",\"@graph\":[{\"@type\":\"WebPage\",\"@id\":\"https:\\\/\\\/skaitytaknyga.lt\\\/produktas\\\/tanja-kinkel-die-schatten-von-la-rochelle\\\/\",\"url\":\"https:\\\/\\\/skaitytaknyga.lt\\\/produktas\\\/tanja-kinkel-die-schatten-von-la-rochelle\\\/\",\"name\":\"Tanja Kinkel \u201eDie Schatten von La Rochelle\u201c - Skaitytaknyga\",\"isPartOf\":{\"@id\":\"https:\\\/\\\/skaitytaknyga.lt\\\/#website\"},\"primaryImageOfPage\":{\"@id\":\"https:\\\/\\\/skaitytaknyga.lt\\\/produktas\\\/tanja-kinkel-die-schatten-von-la-rochelle\\\/#primaryimage\"},\"image\":{\"@id\":\"https:\\\/\\\/skaitytaknyga.lt\\\/produktas\\\/tanja-kinkel-die-schatten-von-la-rochelle\\\/#primaryimage\"},\"thumbnailUrl\":\"https:\\\/\\\/skaitytaknyga.lt\\\/wp-content\\\/uploads\\\/2024\\\/05\\\/Tanja-KinkelDie-Schatten-von-La-Rochelle.jpg\",\"datePublished\":\"2024-05-04T18:05:19+00:00\",\"dateModified\":\"2024-05-04T18:06:24+00:00\",\"description\":\"1640: W\u00e4hrend in Europa Glaubenskriege toben, st\u00f6sst in Frankreich ein Mann ins Zentrum der Macht vor - Richelieu, Kardinal und Erster Minister von Ludwig XIII. Nur seiner klugen, treuen Nichte Marie schenkt der von vielen beneidete, bewunderte und auch gehasste Mann Vertrauen. Doch als Marie den Mysteri\u00f6sen Paul d\u00b4Irsdmasens kennenlernt, ist sie nicht mehr Herrin ihres Schicksals und ihrer Gef\u00fchle. In Marias H\u00e4nden aber ruht das \u00dcberleben ihres Onkels.\",\"breadcrumb\":{\"@id\":\"https:\\\/\\\/skaitytaknyga.lt\\\/produktas\\\/tanja-kinkel-die-schatten-von-la-rochelle\\\/#breadcrumb\"},\"inLanguage\":\"en-GB\",\"potentialAction\":[{\"@type\":\"ReadAction\",\"target\":[\"https:\\\/\\\/skaitytaknyga.lt\\\/produktas\\\/tanja-kinkel-die-schatten-von-la-rochelle\\\/\"]}]},{\"@type\":\"ImageObject\",\"inLanguage\":\"en-GB\",\"@id\":\"https:\\\/\\\/skaitytaknyga.lt\\\/produktas\\\/tanja-kinkel-die-schatten-von-la-rochelle\\\/#primaryimage\",\"url\":\"https:\\\/\\\/skaitytaknyga.lt\\\/wp-content\\\/uploads\\\/2024\\\/05\\\/Tanja-KinkelDie-Schatten-von-La-Rochelle.jpg\",\"contentUrl\":\"https:\\\/\\\/skaitytaknyga.lt\\\/wp-content\\\/uploads\\\/2024\\\/05\\\/Tanja-KinkelDie-Schatten-von-La-Rochelle.jpg\",\"width\":300,\"height\":477},{\"@type\":\"BreadcrumbList\",\"@id\":\"https:\\\/\\\/skaitytaknyga.lt\\\/produktas\\\/tanja-kinkel-die-schatten-von-la-rochelle\\\/#breadcrumb\",\"itemListElement\":[{\"@type\":\"ListItem\",\"position\":1,\"name\":\"Home\",\"item\":\"https:\\\/\\\/skaitytaknyga.lt\\\/\"},{\"@type\":\"ListItem\",\"position\":2,\"name\":\"Parduotuv\u0117\",\"item\":\"https:\\\/\\\/skaitytaknyga.lt\\\/knygu-parduotuve\\\/\"},{\"@type\":\"ListItem\",\"position\":3,\"name\":\"Tanja Kinkel \u201eDie Schatten von La Rochelle\u201c\"}]},{\"@type\":\"WebSite\",\"@id\":\"https:\\\/\\\/skaitytaknyga.lt\\\/#website\",\"url\":\"https:\\\/\\\/skaitytaknyga.lt\\\/\",\"name\":\"skaitytaknyga.lt\",\"description\":\"Skaitytaknyga.lt \u2013 tai ma\u017eas \u0161eimos verslas, kuris prasid\u0117jo nuo meil\u0117s knygoms ir siekio i\u0161gelb\u0117ti knygas nuo likimo prie konteinerio. Kas vienam nereikalingas daiktas \u2013 kitam lobis, o mes esame tarpininkai, kurie padeda abiems tapti laimingesniems ???? \u017dinome kaip nelengva i\u0161gyventi ma\u017eiems verslams, tad nuo \u0161iol, \u010dia rasite ir kit\u0173, ma\u017e\u0173 \u0161eim\u0173 versl\u0173, rank\u0173 darbo, dovan\u0173 sau ir artimiesiems.\",\"publisher\":{\"@id\":\"https:\\\/\\\/skaitytaknyga.lt\\\/#organization\"},\"potentialAction\":[{\"@type\":\"SearchAction\",\"target\":{\"@type\":\"EntryPoint\",\"urlTemplate\":\"https:\\\/\\\/skaitytaknyga.lt\\\/?s={search_term_string}\"},\"query-input\":{\"@type\":\"PropertyValueSpecification\",\"valueRequired\":true,\"valueName\":\"search_term_string\"}}],\"inLanguage\":\"en-GB\"},{\"@type\":\"Organization\",\"@id\":\"https:\\\/\\\/skaitytaknyga.lt\\\/#organization\",\"name\":\"skaitytaknyga.lt\",\"url\":\"https:\\\/\\\/skaitytaknyga.lt\\\/\",\"logo\":{\"@type\":\"ImageObject\",\"inLanguage\":\"en-GB\",\"@id\":\"https:\\\/\\\/skaitytaknyga.lt\\\/#\\\/schema\\\/logo\\\/image\\\/\",\"url\":\"https:\\\/\\\/skaitytaknyga.lt\\\/wp-content\\\/uploads\\\/2024\\\/05\\\/cropped-cropped-cropped-02_00843_jt3bggkj1j3HLc7SyY6rEUpg.jpeg\",\"contentUrl\":\"https:\\\/\\\/skaitytaknyga.lt\\\/wp-content\\\/uploads\\\/2024\\\/05\\\/cropped-cropped-cropped-02_00843_jt3bggkj1j3HLc7SyY6rEUpg.jpeg\",\"width\":1600,\"height\":1600,\"caption\":\"skaitytaknyga.lt\"},\"image\":{\"@id\":\"https:\\\/\\\/skaitytaknyga.lt\\\/#\\\/schema\\\/logo\\\/image\\\/\"},\"sameAs\":[\"https:\\\/\\\/www.facebook.com\\\/skaitytaknyga\\\/\"]}]}<\/script>\n<!-- \/ Yoast SEO plugin. -->","yoast_head_json":{"title":"Tanja Kinkel \u201eDie Schatten von La Rochelle\u201c - Skaitytaknyga","description":"1640: W\u00e4hrend in Europa Glaubenskriege toben, st\u00f6sst in Frankreich ein Mann ins Zentrum der Macht vor - Richelieu, Kardinal und Erster Minister von Ludwig XIII. Nur seiner klugen, treuen Nichte Marie schenkt der von vielen beneidete, bewunderte und auch gehasste Mann Vertrauen. Doch als Marie den Mysteri\u00f6sen Paul d\u00b4Irsdmasens kennenlernt, ist sie nicht mehr Herrin ihres Schicksals und ihrer Gef\u00fchle. In Marias H\u00e4nden aber ruht das \u00dcberleben ihres Onkels.","robots":{"index":"index","follow":"follow","max-snippet":"max-snippet:-1","max-image-preview":"max-image-preview:large","max-video-preview":"max-video-preview:-1"},"canonical":"https:\/\/skaitytaknyga.lt\/en\/produktas\/tanja-kinkel-die-schatten-von-la-rochelle\/","og_locale":"en_GB","og_type":"article","og_title":"Tanja Kinkel \u201eDie Schatten von La Rochelle\u201c - Skaitytaknyga","og_description":"1640: W\u00e4hrend in Europa Glaubenskriege toben, st\u00f6sst in Frankreich ein Mann ins Zentrum der Macht vor - Richelieu, Kardinal und Erster Minister von Ludwig XIII. Nur seiner klugen, treuen Nichte Marie schenkt der von vielen beneidete, bewunderte und auch gehasste Mann Vertrauen. Doch als Marie den Mysteri\u00f6sen Paul d\u00b4Irsdmasens kennenlernt, ist sie nicht mehr Herrin ihres Schicksals und ihrer Gef\u00fchle. In Marias H\u00e4nden aber ruht das \u00dcberleben ihres Onkels.","og_url":"https:\/\/skaitytaknyga.lt\/en\/produktas\/tanja-kinkel-die-schatten-von-la-rochelle\/","og_site_name":"Skaitytaknyga","article_publisher":"https:\/\/www.facebook.com\/skaitytaknyga\/","article_modified_time":"2024-05-04T18:06:24+00:00","og_image":[{"width":300,"height":477,"url":"https:\/\/skaitytaknyga.lt\/wp-content\/uploads\/2024\/05\/Tanja-KinkelDie-Schatten-von-La-Rochelle.jpg","type":"image\/jpeg"}],"twitter_card":"summary_large_image","schema":{"@context":"https:\/\/schema.org","@graph":[{"@type":"WebPage","@id":"https:\/\/skaitytaknyga.lt\/produktas\/tanja-kinkel-die-schatten-von-la-rochelle\/","url":"https:\/\/skaitytaknyga.lt\/produktas\/tanja-kinkel-die-schatten-von-la-rochelle\/","name":"Tanja Kinkel \u201eDie Schatten von La Rochelle\u201c - Skaitytaknyga","isPartOf":{"@id":"https:\/\/skaitytaknyga.lt\/#website"},"primaryImageOfPage":{"@id":"https:\/\/skaitytaknyga.lt\/produktas\/tanja-kinkel-die-schatten-von-la-rochelle\/#primaryimage"},"image":{"@id":"https:\/\/skaitytaknyga.lt\/produktas\/tanja-kinkel-die-schatten-von-la-rochelle\/#primaryimage"},"thumbnailUrl":"https:\/\/skaitytaknyga.lt\/wp-content\/uploads\/2024\/05\/Tanja-KinkelDie-Schatten-von-La-Rochelle.jpg","datePublished":"2024-05-04T18:05:19+00:00","dateModified":"2024-05-04T18:06:24+00:00","description":"1640: W\u00e4hrend in Europa Glaubenskriege toben, st\u00f6sst in Frankreich ein Mann ins Zentrum der Macht vor - Richelieu, Kardinal und Erster Minister von Ludwig XIII. Nur seiner klugen, treuen Nichte Marie schenkt der von vielen beneidete, bewunderte und auch gehasste Mann Vertrauen. Doch als Marie den Mysteri\u00f6sen Paul d\u00b4Irsdmasens kennenlernt, ist sie nicht mehr Herrin ihres Schicksals und ihrer Gef\u00fchle. In Marias H\u00e4nden aber ruht das \u00dcberleben ihres Onkels.","breadcrumb":{"@id":"https:\/\/skaitytaknyga.lt\/produktas\/tanja-kinkel-die-schatten-von-la-rochelle\/#breadcrumb"},"inLanguage":"en-GB","potentialAction":[{"@type":"ReadAction","target":["https:\/\/skaitytaknyga.lt\/produktas\/tanja-kinkel-die-schatten-von-la-rochelle\/"]}]},{"@type":"ImageObject","inLanguage":"en-GB","@id":"https:\/\/skaitytaknyga.lt\/produktas\/tanja-kinkel-die-schatten-von-la-rochelle\/#primaryimage","url":"https:\/\/skaitytaknyga.lt\/wp-content\/uploads\/2024\/05\/Tanja-KinkelDie-Schatten-von-La-Rochelle.jpg","contentUrl":"https:\/\/skaitytaknyga.lt\/wp-content\/uploads\/2024\/05\/Tanja-KinkelDie-Schatten-von-La-Rochelle.jpg","width":300,"height":477},{"@type":"BreadcrumbList","@id":"https:\/\/skaitytaknyga.lt\/produktas\/tanja-kinkel-die-schatten-von-la-rochelle\/#breadcrumb","itemListElement":[{"@type":"ListItem","position":1,"name":"Home","item":"https:\/\/skaitytaknyga.lt\/"},{"@type":"ListItem","position":2,"name":"Parduotuv\u0117","item":"https:\/\/skaitytaknyga.lt\/knygu-parduotuve\/"},{"@type":"ListItem","position":3,"name":"Tanja Kinkel \u201eDie Schatten von La Rochelle\u201c"}]},{"@type":"WebSite","@id":"https:\/\/skaitytaknyga.lt\/#website","url":"https:\/\/skaitytaknyga.lt\/","name":"skaitytaknyga.lt","description":"Skaitytaknyga.lt \u2013 tai ma\u017eas \u0161eimos verslas, kuris prasid\u0117jo nuo meil\u0117s knygoms ir siekio i\u0161gelb\u0117ti knygas nuo likimo prie konteinerio. Kas vienam nereikalingas daiktas \u2013 kitam lobis, o mes esame tarpininkai, kurie padeda abiems tapti laimingesniems ???? \u017dinome kaip nelengva i\u0161gyventi ma\u017eiems verslams, tad nuo \u0161iol, \u010dia rasite ir kit\u0173, ma\u017e\u0173 \u0161eim\u0173 versl\u0173, rank\u0173 darbo, dovan\u0173 sau ir artimiesiems.","publisher":{"@id":"https:\/\/skaitytaknyga.lt\/#organization"},"potentialAction":[{"@type":"SearchAction","target":{"@type":"EntryPoint","urlTemplate":"https:\/\/skaitytaknyga.lt\/?s={search_term_string}"},"query-input":{"@type":"PropertyValueSpecification","valueRequired":true,"valueName":"search_term_string"}}],"inLanguage":"en-GB"},{"@type":"Organization","@id":"https:\/\/skaitytaknyga.lt\/#organization","name":"skaitytaknyga.lt","url":"https:\/\/skaitytaknyga.lt\/","logo":{"@type":"ImageObject","inLanguage":"en-GB","@id":"https:\/\/skaitytaknyga.lt\/#\/schema\/logo\/image\/","url":"https:\/\/skaitytaknyga.lt\/wp-content\/uploads\/2024\/05\/cropped-cropped-cropped-02_00843_jt3bggkj1j3HLc7SyY6rEUpg.jpeg","contentUrl":"https:\/\/skaitytaknyga.lt\/wp-content\/uploads\/2024\/05\/cropped-cropped-cropped-02_00843_jt3bggkj1j3HLc7SyY6rEUpg.jpeg","width":1600,"height":1600,"caption":"skaitytaknyga.lt"},"image":{"@id":"https:\/\/skaitytaknyga.lt\/#\/schema\/logo\/image\/"},"sameAs":["https:\/\/www.facebook.com\/skaitytaknyga\/"]}]}},"_links":{"self":[{"href":"https:\/\/skaitytaknyga.lt\/en\/wp-json\/wp\/v2\/product\/10050","targetHints":{"allow":["GET"]}}],"collection":[{"href":"https:\/\/skaitytaknyga.lt\/en\/wp-json\/wp\/v2\/product"}],"about":[{"href":"https:\/\/skaitytaknyga.lt\/en\/wp-json\/wp\/v2\/types\/product"}],"replies":[{"embeddable":true,"href":"https:\/\/skaitytaknyga.lt\/en\/wp-json\/wp\/v2\/comments?post=10050"}],"wp:featuredmedia":[{"embeddable":true,"href":"https:\/\/skaitytaknyga.lt\/en\/wp-json\/wp\/v2\/media\/10090"}],"wp:attachment":[{"href":"https:\/\/skaitytaknyga.lt\/en\/wp-json\/wp\/v2\/media?parent=10050"}],"wp:term":[{"taxonomy":"product_brand","embeddable":true,"href":"https:\/\/skaitytaknyga.lt\/en\/wp-json\/wp\/v2\/product_brand?post=10050"},{"taxonomy":"product_cat","embeddable":true,"href":"https:\/\/skaitytaknyga.lt\/en\/wp-json\/wp\/v2\/product_cat?post=10050"},{"taxonomy":"product_tag","embeddable":true,"href":"https:\/\/skaitytaknyga.lt\/en\/wp-json\/wp\/v2\/product_tag?post=10050"}],"curies":[{"name":"wp","href":"https:\/\/api.w.org\/{rel}","templated":true}]}}