{"id":10033,"date":"2024-05-04T18:04:56","date_gmt":"2024-05-04T18:04:56","guid":{"rendered":"https:\/\/skaitytaknyga.lt\/?post_type=product&#038;p=10033"},"modified":"2025-06-26T15:52:45","modified_gmt":"2025-06-26T12:52:45","slug":"eyvind-johnson-bangu-musa","status":"publish","type":"product","link":"https:\/\/skaitytaknyga.lt\/en\/produktas\/eyvind-johnson-bangu-musa\/","title":{"rendered":"Bang\u0173 m\u016b\u0161a"},"content":{"rendered":"<p><strong>Eyvind Johnson<\/strong>\u00a0(Eivinas Junsonas, 1900 \u2013 1976) \u2013 romanistas ir novelistas. \u0160vedijos akademijos narys. 1974 m. apdovanotas Nobelio literat\u016bros premija.<\/p>\n<p>Junsonas para\u0161\u0117 daugyb\u0119 roman\u0173, didelis novel\u0117s meistras. Anksti \u012f\u017evelg\u0117 nacizmo gr\u0117sm\u0119. Suk\u016br\u0117 demokratij\u0105 simbolizuojan\u010di\u0105 trilogij\u0105. Ra\u0161ytojo romanuose realisti\u0161kai vaizduojamas XX am\u017eiaus prad\u017eios darbinink\u0173 gyvenimas. Didel\u0119 \u012ftak\u0105 Junsono k\u016brybai tur\u0117jo M. Prustas. Naudodamasis istorine med\u017eiaga, ra\u0161ytojas sprend\u017eia a\u0161trias socialines problemas. Visoje k\u016bryboje b\u016bdingas humanizmas ir psichologizmas.<\/p>\n","protected":false},"excerpt":{"rendered":"<p><strong>Eyvind Johnson<\/strong>\u00a0(Eivinas Junsonas, 1900 \u2013 1976) \u2013 romanistas ir novelistas. \u0160vedijos akademijos narys. 1974 m. apdovanotas Nobelio literat\u016bros premija.<\/p>\n<p>Junsonas para\u0161\u0117 daugyb\u0119 roman\u0173, didelis novel\u0117s meistras. Anksti \u012f\u017evelg\u0117 nacizmo gr\u0117sm\u0119. Suk\u016br\u0117 demokratij\u0105 simbolizuojan\u010di\u0105 trilogij\u0105. Ra\u0161ytojo romanuose realisti\u0161kai vaizduojamas XX am\u017eiaus prad\u017eios darbinink\u0173 gyvenimas. Didel\u0119 \u012ftak\u0105 Junsono k\u016brybai tur\u0117jo M. Prustas. Naudodamasis istorine med\u017eiaga, ra\u0161ytojas sprend\u017eia a\u0161trias socialines problemas. Visoje k\u016bryboje b\u016bdingas humanizmas ir psichologizmas.<\/p>\n","protected":false},"featured_media":10077,"comment_status":"closed","ping_status":"closed","template":"","meta":{"_acf_changed":false,"site-sidebar-layout":"default","site-content-layout":"","ast-site-content-layout":"default","site-content-style":"default","site-sidebar-style":"default","ast-global-header-display":"","ast-banner-title-visibility":"","ast-main-header-display":"","ast-hfb-above-header-display":"","ast-hfb-below-header-display":"","ast-hfb-mobile-header-display":"","site-post-title":"","ast-breadcrumbs-content":"","ast-featured-img":"","footer-sml-layout":"","ast-disable-related-posts":"","theme-transparent-header-meta":"","adv-header-id-meta":"","stick-header-meta":"","header-above-stick-meta":"","header-main-stick-meta":"","header-below-stick-meta":"","astra-migrate-meta-layouts":"default","ast-page-background-enabled":"default","ast-page-background-meta":{"desktop":{"background-color":"","background-image":"","background-repeat":"repeat","background-position":"center center","background-size":"auto","background-attachment":"scroll","background-type":"","background-media":"","overlay-type":"","overlay-color":"","overlay-opacity":"","overlay-gradient":""},"tablet":{"background-color":"","background-image":"","background-repeat":"repeat","background-position":"center center","background-size":"auto","background-attachment":"scroll","background-type":"","background-media":"","overlay-type":"","overlay-color":"","overlay-opacity":"","overlay-gradient":""},"mobile":{"background-color":"","background-image":"","background-repeat":"repeat","background-position":"center center","background-size":"auto","background-attachment":"scroll","background-type":"","background-media":"","overlay-type":"","overlay-color":"","overlay-opacity":"","overlay-gradient":""}},"ast-content-background-meta":{"desktop":{"background-color":"var(--ast-global-color-4)","background-image":"","background-repeat":"repeat","background-position":"center center","background-size":"auto","background-attachment":"scroll","background-type":"","background-media":"","overlay-type":"","overlay-color":"","overlay-opacity":"","overlay-gradient":""},"tablet":{"background-color":"var(--ast-global-color-4)","background-image":"","background-repeat":"repeat","background-position":"center center","background-size":"auto","background-attachment":"scroll","background-type":"","background-media":"","overlay-type":"","overlay-color":"","overlay-opacity":"","overlay-gradient":""},"mobile":{"background-color":"var(--ast-global-color-4)","background-image":"","background-repeat":"repeat","background-position":"center center","background-size":"auto","background-attachment":"scroll","background-type":"","background-media":"","overlay-type":"","overlay-color":"","overlay-opacity":"","overlay-gradient":""}}},"product_brand":[],"product_cat":[31],"product_tag":[5901,2824,5902,2809,2942,5903],"class_list":{"0":"post-10033","1":"product","2":"type-product","3":"status-publish","4":"has-post-thumbnail","6":"product_cat-grozine-literatura","7":"product_tag-eyvind-johnson","8":"product_tag-humanizmas","9":"product_tag-nobelio-premijos-laureatas","10":"product_tag-socialine-kritika","11":"product_tag-svedu-literatura","12":"product_tag-xx-a-pradzia","13":"desktop-align-left","14":"tablet-align-left","15":"mobile-align-left","17":"first","18":"instock","19":"shipping-taxable","20":"purchasable","21":"product-type-simple"},"acf":[],"yoast_head":"<!-- This site is optimized with the Yoast SEO plugin v27.4 - https:\/\/yoast.com\/product\/yoast-seo-wordpress\/ -->\n<title>Bang\u0173 m\u016b\u0161a<\/title>\n<meta name=\"description\" content=\"Eyvind Johnson\u00a0(Eivinas Junsonas, 1900 \u2013 1976) \u2013 romanistas ir novelistas. \u0160vedijos akademijos narys. 1974 m. apdovanotas Nobelio literat\u016bros premija.  Junsonas para\u0161\u0117 daugyb\u0119 roman\u0173, didelis novel\u0117s meistras. Anksti \u012f\u017evelg\u0117 nacizmo gr\u0117sm\u0119. Suk\u016br\u0117 demokratij\u0105 simbolizuojan\u010di\u0105 trilogij\u0105. Ra\u0161ytojo romanuose realisti\u0161kai vaizduojamas XX am\u017eiaus prad\u017eios darbinink\u0173 gyvenimas. Didel\u0119 \u012ftak\u0105 Junsono k\u016brybai tur\u0117jo M. Prustas. Naudodamasis istorine med\u017eiaga, ra\u0161ytojas sprend\u017eia a\u0161trias socialines problemas. Visoje k\u016bryboje b\u016bdingas humanizmas ir psichologizmas.\" \/>\n<meta name=\"robots\" content=\"index, follow, max-snippet:-1, max-image-preview:large, max-video-preview:-1\" \/>\n<link rel=\"canonical\" href=\"https:\/\/skaitytaknyga.lt\/en\/produktas\/eyvind-johnson-bangu-musa\/\" \/>\n<meta property=\"og:locale\" content=\"en_GB\" \/>\n<meta property=\"og:locale:alternate\" content=\"lt_LT\" \/>\n<meta property=\"og:type\" content=\"article\" \/>\n<meta property=\"og:title\" content=\"Bang\u0173 m\u016b\u0161a\" \/>\n<meta property=\"og:description\" content=\"Eyvind Johnson\u00a0(Eivinas Junsonas, 1900 \u2013 1976) \u2013 romanistas ir novelistas. \u0160vedijos akademijos narys. 1974 m. apdovanotas Nobelio literat\u016bros premija.  Junsonas para\u0161\u0117 daugyb\u0119 roman\u0173, didelis novel\u0117s meistras. Anksti \u012f\u017evelg\u0117 nacizmo gr\u0117sm\u0119. Suk\u016br\u0117 demokratij\u0105 simbolizuojan\u010di\u0105 trilogij\u0105. Ra\u0161ytojo romanuose realisti\u0161kai vaizduojamas XX am\u017eiaus prad\u017eios darbinink\u0173 gyvenimas. Didel\u0119 \u012ftak\u0105 Junsono k\u016brybai tur\u0117jo M. Prustas. Naudodamasis istorine med\u017eiaga, ra\u0161ytojas sprend\u017eia a\u0161trias socialines problemas. Visoje k\u016bryboje b\u016bdingas humanizmas ir psichologizmas.\" \/>\n<meta property=\"og:url\" content=\"https:\/\/skaitytaknyga.lt\/en\/produktas\/eyvind-johnson-bangu-musa\/\" \/>\n<meta property=\"og:site_name\" content=\"Skaitytaknyga\" \/>\n<meta property=\"article:publisher\" content=\"https:\/\/www.facebook.com\/skaitytaknyga\/\" \/>\n<meta property=\"article:modified_time\" content=\"2025-06-26T12:52:45+00:00\" \/>\n<meta property=\"og:image\" content=\"https:\/\/skaitytaknyga.lt\/wp-content\/uploads\/2024\/05\/1496313239_jpg_0003.jpg\" \/>\n\t<meta property=\"og:image:width\" content=\"280\" \/>\n\t<meta property=\"og:image:height\" content=\"430\" \/>\n\t<meta property=\"og:image:type\" content=\"image\/jpeg\" \/>\n<meta name=\"twitter:card\" content=\"summary_large_image\" \/>\n<script type=\"application\/ld+json\" class=\"yoast-schema-graph\">{\"@context\":\"https:\\\/\\\/schema.org\",\"@graph\":[{\"@type\":\"WebPage\",\"@id\":\"https:\\\/\\\/skaitytaknyga.lt\\\/produktas\\\/eyvind-johnson-bangu-musa\\\/\",\"url\":\"https:\\\/\\\/skaitytaknyga.lt\\\/produktas\\\/eyvind-johnson-bangu-musa\\\/\",\"name\":\"Bang\u0173 m\u016b\u0161a\",\"isPartOf\":{\"@id\":\"https:\\\/\\\/skaitytaknyga.lt\\\/#website\"},\"primaryImageOfPage\":{\"@id\":\"https:\\\/\\\/skaitytaknyga.lt\\\/produktas\\\/eyvind-johnson-bangu-musa\\\/#primaryimage\"},\"image\":{\"@id\":\"https:\\\/\\\/skaitytaknyga.lt\\\/produktas\\\/eyvind-johnson-bangu-musa\\\/#primaryimage\"},\"thumbnailUrl\":\"https:\\\/\\\/skaitytaknyga.lt\\\/wp-content\\\/uploads\\\/2024\\\/05\\\/1496313239_jpg_0003.jpg\",\"datePublished\":\"2024-05-04T18:04:56+00:00\",\"dateModified\":\"2025-06-26T12:52:45+00:00\",\"description\":\"Eyvind Johnson\u00a0(Eivinas Junsonas, 1900 \u2013 1976) \u2013 romanistas ir novelistas. \u0160vedijos akademijos narys. 1974 m. apdovanotas Nobelio literat\u016bros premija. Junsonas para\u0161\u0117 daugyb\u0119 roman\u0173, didelis novel\u0117s meistras. Anksti \u012f\u017evelg\u0117 nacizmo gr\u0117sm\u0119. Suk\u016br\u0117 demokratij\u0105 simbolizuojan\u010di\u0105 trilogij\u0105. Ra\u0161ytojo romanuose realisti\u0161kai vaizduojamas XX am\u017eiaus prad\u017eios darbinink\u0173 gyvenimas. Didel\u0119 \u012ftak\u0105 Junsono k\u016brybai tur\u0117jo M. Prustas. Naudodamasis istorine med\u017eiaga, ra\u0161ytojas sprend\u017eia a\u0161trias socialines problemas. Visoje k\u016bryboje b\u016bdingas humanizmas ir psichologizmas.\",\"breadcrumb\":{\"@id\":\"https:\\\/\\\/skaitytaknyga.lt\\\/produktas\\\/eyvind-johnson-bangu-musa\\\/#breadcrumb\"},\"inLanguage\":\"en-GB\",\"potentialAction\":[{\"@type\":\"ReadAction\",\"target\":[\"https:\\\/\\\/skaitytaknyga.lt\\\/produktas\\\/eyvind-johnson-bangu-musa\\\/\"]}]},{\"@type\":\"ImageObject\",\"inLanguage\":\"en-GB\",\"@id\":\"https:\\\/\\\/skaitytaknyga.lt\\\/produktas\\\/eyvind-johnson-bangu-musa\\\/#primaryimage\",\"url\":\"https:\\\/\\\/skaitytaknyga.lt\\\/wp-content\\\/uploads\\\/2024\\\/05\\\/1496313239_jpg_0003.jpg\",\"contentUrl\":\"https:\\\/\\\/skaitytaknyga.lt\\\/wp-content\\\/uploads\\\/2024\\\/05\\\/1496313239_jpg_0003.jpg\",\"width\":280,\"height\":430},{\"@type\":\"BreadcrumbList\",\"@id\":\"https:\\\/\\\/skaitytaknyga.lt\\\/produktas\\\/eyvind-johnson-bangu-musa\\\/#breadcrumb\",\"itemListElement\":[{\"@type\":\"ListItem\",\"position\":1,\"name\":\"Home\",\"item\":\"https:\\\/\\\/skaitytaknyga.lt\\\/\"},{\"@type\":\"ListItem\",\"position\":2,\"name\":\"Parduotuv\u0117\",\"item\":\"https:\\\/\\\/skaitytaknyga.lt\\\/knygu-parduotuve\\\/\"},{\"@type\":\"ListItem\",\"position\":3,\"name\":\"Bang\u0173 m\u016b\u0161a\"}]},{\"@type\":\"WebSite\",\"@id\":\"https:\\\/\\\/skaitytaknyga.lt\\\/#website\",\"url\":\"https:\\\/\\\/skaitytaknyga.lt\\\/\",\"name\":\"skaitytaknyga.lt\",\"description\":\"Skaitytaknyga.lt \u2013 tai ma\u017eas \u0161eimos verslas, kuris prasid\u0117jo nuo meil\u0117s knygoms ir siekio i\u0161gelb\u0117ti knygas nuo likimo prie konteinerio. Kas vienam nereikalingas daiktas \u2013 kitam lobis, o mes esame tarpininkai, kurie padeda abiems tapti laimingesniems ???? \u017dinome kaip nelengva i\u0161gyventi ma\u017eiems verslams, tad nuo \u0161iol, \u010dia rasite ir kit\u0173, ma\u017e\u0173 \u0161eim\u0173 versl\u0173, rank\u0173 darbo, dovan\u0173 sau ir artimiesiems.\",\"publisher\":{\"@id\":\"https:\\\/\\\/skaitytaknyga.lt\\\/#organization\"},\"potentialAction\":[{\"@type\":\"SearchAction\",\"target\":{\"@type\":\"EntryPoint\",\"urlTemplate\":\"https:\\\/\\\/skaitytaknyga.lt\\\/?s={search_term_string}\"},\"query-input\":{\"@type\":\"PropertyValueSpecification\",\"valueRequired\":true,\"valueName\":\"search_term_string\"}}],\"inLanguage\":\"en-GB\"},{\"@type\":\"Organization\",\"@id\":\"https:\\\/\\\/skaitytaknyga.lt\\\/#organization\",\"name\":\"skaitytaknyga.lt\",\"url\":\"https:\\\/\\\/skaitytaknyga.lt\\\/\",\"logo\":{\"@type\":\"ImageObject\",\"inLanguage\":\"en-GB\",\"@id\":\"https:\\\/\\\/skaitytaknyga.lt\\\/#\\\/schema\\\/logo\\\/image\\\/\",\"url\":\"https:\\\/\\\/skaitytaknyga.lt\\\/wp-content\\\/uploads\\\/2024\\\/05\\\/cropped-cropped-cropped-02_00843_jt3bggkj1j3HLc7SyY6rEUpg.jpeg\",\"contentUrl\":\"https:\\\/\\\/skaitytaknyga.lt\\\/wp-content\\\/uploads\\\/2024\\\/05\\\/cropped-cropped-cropped-02_00843_jt3bggkj1j3HLc7SyY6rEUpg.jpeg\",\"width\":1600,\"height\":1600,\"caption\":\"skaitytaknyga.lt\"},\"image\":{\"@id\":\"https:\\\/\\\/skaitytaknyga.lt\\\/#\\\/schema\\\/logo\\\/image\\\/\"},\"sameAs\":[\"https:\\\/\\\/www.facebook.com\\\/skaitytaknyga\\\/\"]}]}<\/script>\n<!-- \/ Yoast SEO plugin. -->","yoast_head_json":{"title":"Bang\u0173 m\u016b\u0161a","description":"Eyvind Johnson\u00a0(Eivinas Junsonas, 1900 \u2013 1976) \u2013 romanistas ir novelistas. \u0160vedijos akademijos narys. 1974 m. apdovanotas Nobelio literat\u016bros premija.  Junsonas para\u0161\u0117 daugyb\u0119 roman\u0173, didelis novel\u0117s meistras. Anksti \u012f\u017evelg\u0117 nacizmo gr\u0117sm\u0119. Suk\u016br\u0117 demokratij\u0105 simbolizuojan\u010di\u0105 trilogij\u0105. Ra\u0161ytojo romanuose realisti\u0161kai vaizduojamas XX am\u017eiaus prad\u017eios darbinink\u0173 gyvenimas. Didel\u0119 \u012ftak\u0105 Junsono k\u016brybai tur\u0117jo M. Prustas. Naudodamasis istorine med\u017eiaga, ra\u0161ytojas sprend\u017eia a\u0161trias socialines problemas. Visoje k\u016bryboje b\u016bdingas humanizmas ir psichologizmas.","robots":{"index":"index","follow":"follow","max-snippet":"max-snippet:-1","max-image-preview":"max-image-preview:large","max-video-preview":"max-video-preview:-1"},"canonical":"https:\/\/skaitytaknyga.lt\/en\/produktas\/eyvind-johnson-bangu-musa\/","og_locale":"en_GB","og_type":"article","og_title":"[:lt]Bang\u0173 m\u016b\u0161a[:] - Skaitytaknyga","og_description":"Eyvind Johnson\u00a0(Eivinas Junsonas, 1900 \u2013 1976) \u2013 romanistas ir novelistas. \u0160vedijos akademijos narys. 1974 m. apdovanotas Nobelio literat\u016bros premija.  Junsonas para\u0161\u0117 daugyb\u0119 roman\u0173, didelis novel\u0117s meistras. Anksti \u012f\u017evelg\u0117 nacizmo gr\u0117sm\u0119. Suk\u016br\u0117 demokratij\u0105 simbolizuojan\u010di\u0105 trilogij\u0105. Ra\u0161ytojo romanuose realisti\u0161kai vaizduojamas XX am\u017eiaus prad\u017eios darbinink\u0173 gyvenimas. Didel\u0119 \u012ftak\u0105 Junsono k\u016brybai tur\u0117jo M. Prustas. Naudodamasis istorine med\u017eiaga, ra\u0161ytojas sprend\u017eia a\u0161trias socialines problemas. Visoje k\u016bryboje b\u016bdingas humanizmas ir psichologizmas.","og_url":"https:\/\/skaitytaknyga.lt\/en\/produktas\/eyvind-johnson-bangu-musa\/","og_site_name":"Skaitytaknyga","article_publisher":"https:\/\/www.facebook.com\/skaitytaknyga\/","article_modified_time":"2025-06-26T12:52:45+00:00","og_image":[{"width":280,"height":430,"url":"https:\/\/skaitytaknyga.lt\/wp-content\/uploads\/2024\/05\/1496313239_jpg_0003.jpg","type":"image\/jpeg"}],"twitter_card":"summary_large_image","schema":{"@context":"https:\/\/schema.org","@graph":[{"@type":"WebPage","@id":"https:\/\/skaitytaknyga.lt\/produktas\/eyvind-johnson-bangu-musa\/","url":"https:\/\/skaitytaknyga.lt\/produktas\/eyvind-johnson-bangu-musa\/","name":"Bang\u0173 m\u016b\u0161a","isPartOf":{"@id":"https:\/\/skaitytaknyga.lt\/#website"},"primaryImageOfPage":{"@id":"https:\/\/skaitytaknyga.lt\/produktas\/eyvind-johnson-bangu-musa\/#primaryimage"},"image":{"@id":"https:\/\/skaitytaknyga.lt\/produktas\/eyvind-johnson-bangu-musa\/#primaryimage"},"thumbnailUrl":"https:\/\/skaitytaknyga.lt\/wp-content\/uploads\/2024\/05\/1496313239_jpg_0003.jpg","datePublished":"2024-05-04T18:04:56+00:00","dateModified":"2025-06-26T12:52:45+00:00","description":"Eyvind Johnson\u00a0(Eivinas Junsonas, 1900 \u2013 1976) \u2013 romanistas ir novelistas. \u0160vedijos akademijos narys. 1974 m. apdovanotas Nobelio literat\u016bros premija. Junsonas para\u0161\u0117 daugyb\u0119 roman\u0173, didelis novel\u0117s meistras. Anksti \u012f\u017evelg\u0117 nacizmo gr\u0117sm\u0119. Suk\u016br\u0117 demokratij\u0105 simbolizuojan\u010di\u0105 trilogij\u0105. Ra\u0161ytojo romanuose realisti\u0161kai vaizduojamas XX am\u017eiaus prad\u017eios darbinink\u0173 gyvenimas. Didel\u0119 \u012ftak\u0105 Junsono k\u016brybai tur\u0117jo M. Prustas. Naudodamasis istorine med\u017eiaga, ra\u0161ytojas sprend\u017eia a\u0161trias socialines problemas. Visoje k\u016bryboje b\u016bdingas humanizmas ir psichologizmas.","breadcrumb":{"@id":"https:\/\/skaitytaknyga.lt\/produktas\/eyvind-johnson-bangu-musa\/#breadcrumb"},"inLanguage":"en-GB","potentialAction":[{"@type":"ReadAction","target":["https:\/\/skaitytaknyga.lt\/produktas\/eyvind-johnson-bangu-musa\/"]}]},{"@type":"ImageObject","inLanguage":"en-GB","@id":"https:\/\/skaitytaknyga.lt\/produktas\/eyvind-johnson-bangu-musa\/#primaryimage","url":"https:\/\/skaitytaknyga.lt\/wp-content\/uploads\/2024\/05\/1496313239_jpg_0003.jpg","contentUrl":"https:\/\/skaitytaknyga.lt\/wp-content\/uploads\/2024\/05\/1496313239_jpg_0003.jpg","width":280,"height":430},{"@type":"BreadcrumbList","@id":"https:\/\/skaitytaknyga.lt\/produktas\/eyvind-johnson-bangu-musa\/#breadcrumb","itemListElement":[{"@type":"ListItem","position":1,"name":"Home","item":"https:\/\/skaitytaknyga.lt\/"},{"@type":"ListItem","position":2,"name":"Parduotuv\u0117","item":"https:\/\/skaitytaknyga.lt\/knygu-parduotuve\/"},{"@type":"ListItem","position":3,"name":"Bang\u0173 m\u016b\u0161a"}]},{"@type":"WebSite","@id":"https:\/\/skaitytaknyga.lt\/#website","url":"https:\/\/skaitytaknyga.lt\/","name":"skaitytaknyga.lt","description":"Skaitytaknyga.lt \u2013 tai ma\u017eas \u0161eimos verslas, kuris prasid\u0117jo nuo meil\u0117s knygoms ir siekio i\u0161gelb\u0117ti knygas nuo likimo prie konteinerio. Kas vienam nereikalingas daiktas \u2013 kitam lobis, o mes esame tarpininkai, kurie padeda abiems tapti laimingesniems ???? \u017dinome kaip nelengva i\u0161gyventi ma\u017eiems verslams, tad nuo \u0161iol, \u010dia rasite ir kit\u0173, ma\u017e\u0173 \u0161eim\u0173 versl\u0173, rank\u0173 darbo, dovan\u0173 sau ir artimiesiems.","publisher":{"@id":"https:\/\/skaitytaknyga.lt\/#organization"},"potentialAction":[{"@type":"SearchAction","target":{"@type":"EntryPoint","urlTemplate":"https:\/\/skaitytaknyga.lt\/?s={search_term_string}"},"query-input":{"@type":"PropertyValueSpecification","valueRequired":true,"valueName":"search_term_string"}}],"inLanguage":"en-GB"},{"@type":"Organization","@id":"https:\/\/skaitytaknyga.lt\/#organization","name":"skaitytaknyga.lt","url":"https:\/\/skaitytaknyga.lt\/","logo":{"@type":"ImageObject","inLanguage":"en-GB","@id":"https:\/\/skaitytaknyga.lt\/#\/schema\/logo\/image\/","url":"https:\/\/skaitytaknyga.lt\/wp-content\/uploads\/2024\/05\/cropped-cropped-cropped-02_00843_jt3bggkj1j3HLc7SyY6rEUpg.jpeg","contentUrl":"https:\/\/skaitytaknyga.lt\/wp-content\/uploads\/2024\/05\/cropped-cropped-cropped-02_00843_jt3bggkj1j3HLc7SyY6rEUpg.jpeg","width":1600,"height":1600,"caption":"skaitytaknyga.lt"},"image":{"@id":"https:\/\/skaitytaknyga.lt\/#\/schema\/logo\/image\/"},"sameAs":["https:\/\/www.facebook.com\/skaitytaknyga\/"]}]}},"_links":{"self":[{"href":"https:\/\/skaitytaknyga.lt\/en\/wp-json\/wp\/v2\/product\/10033","targetHints":{"allow":["GET"]}}],"collection":[{"href":"https:\/\/skaitytaknyga.lt\/en\/wp-json\/wp\/v2\/product"}],"about":[{"href":"https:\/\/skaitytaknyga.lt\/en\/wp-json\/wp\/v2\/types\/product"}],"replies":[{"embeddable":true,"href":"https:\/\/skaitytaknyga.lt\/en\/wp-json\/wp\/v2\/comments?post=10033"}],"wp:featuredmedia":[{"embeddable":true,"href":"https:\/\/skaitytaknyga.lt\/en\/wp-json\/wp\/v2\/media\/10077"}],"wp:attachment":[{"href":"https:\/\/skaitytaknyga.lt\/en\/wp-json\/wp\/v2\/media?parent=10033"}],"wp:term":[{"taxonomy":"product_brand","embeddable":true,"href":"https:\/\/skaitytaknyga.lt\/en\/wp-json\/wp\/v2\/product_brand?post=10033"},{"taxonomy":"product_cat","embeddable":true,"href":"https:\/\/skaitytaknyga.lt\/en\/wp-json\/wp\/v2\/product_cat?post=10033"},{"taxonomy":"product_tag","embeddable":true,"href":"https:\/\/skaitytaknyga.lt\/en\/wp-json\/wp\/v2\/product_tag?post=10033"}],"curies":[{"name":"wp","href":"https:\/\/api.w.org\/{rel}","templated":true}]}}