{"id":10032,"date":"2024-05-04T18:04:56","date_gmt":"2024-05-04T18:04:56","guid":{"rendered":"https:\/\/skaitytaknyga.lt\/?post_type=product&#038;p=10032"},"modified":"2024-05-04T18:05:47","modified_gmt":"2024-05-04T18:05:47","slug":"ben-mezrich-21-paimti-banka","status":"publish","type":"product","link":"https:\/\/skaitytaknyga.lt\/en\/produktas\/ben-mezrich-21-paimti-banka\/","title":{"rendered":"Ben Mezrich \u201e21. Paimti bank\u0105\u201c"},"content":{"rendered":"<p>Akis yra vienintelis lo\u0161imas, kur\u012f galima laim\u0117ti, tad mes taip ir padar\u0117me. Mes i\u0161 jo i\u0161spaud\u0117me visk\u0105, k\u0105 tik gal\u0117jome. Masa\u010dusetso technologijos instituto studentas Kevinas Luisas keli\u0173 savo bi\u010diuli\u0173 \u012ftraukiamas \u012f student\u0173 akies lo\u0161imo komand\u0105.<\/p>\n<p>Naudodamasi unikalia kort\u0173 skai\u010diavimo sistema, \u0161i puikiai i\u0161silavinusi\u0173 \u017emoni\u0173 grup\u0117 sugeb\u0117jo Las Vegase legaliai laim\u0117ti ne vien\u0105 milijon\u0105 doleri\u0173.<\/p>\n<p>Knygoje atskleid\u017eiamas dvigubas gabaus jaunuolio gyvenimas ir jo kelias nuo paprasto kort\u0173 skai\u010diuotojo iki stambiojo lo\u0161\u0117jo. Vadovaujami buvusio MTI profesoriaus Mikio Rosos, kuris yra tikrasis \u0161io klubo steig\u0117jas ir vadovas, komandos nariai \u012fvairiuose Las Vegaso kazino laimi ne\u012ftikimas pinig\u0173 sumas.<\/p>\n<p>Tokia greita ir stulbinama s\u0117km\u0117 jiems atveria duris \u012f t\u0105 \u017e\u0117rint\u012f pasaul\u012f, kuriame did\u017eiul\u0117 prabanga nieko nekainuoja, o juos linksmina brangiai apmokamos striptizo \u0161ok\u0117jos arba i\u0161 dideli\u0173 sum\u0173 lo\u0161ian\u010dios \u012f\u017eymyb\u0117s. Ta\u010diau neon\u0173 \u0161vies\u0173 nutviekstame gyvenime \u0161i\u0105 s\u0117km\u0119 pradeda temdyti aplinkui juos besitvenkiantys \u0161e\u0161\u0117liai, komandoje kylanti \u012ftampa ir i\u0161davyst\u0117. Kevinas supranta, kad svarbiausias apsisprendimas kort\u0173 skai\u010diuotojo gyvenime \u2013 kada reikia liautis lo\u0161ti.<\/p>\n","protected":false},"excerpt":{"rendered":"<p>Akis yra vienintelis lo\u0161imas, kur\u012f galima laim\u0117ti, tad mes taip ir padar\u0117me. Mes i\u0161 jo i\u0161spaud\u0117me visk\u0105, k\u0105 tik gal\u0117jome. Masa\u010dusetso technologijos instituto studentas Kevinas Luisas keli\u0173 savo bi\u010diuli\u0173 \u012ftraukiamas \u012f student\u0173 akies lo\u0161imo komand\u0105.<\/p>\n<p>Naudodamasi unikalia kort\u0173 skai\u010diavimo sistema, \u0161i puikiai i\u0161silavinusi\u0173 \u017emoni\u0173 grup\u0117 sugeb\u0117jo Las Vegase legaliai laim\u0117ti ne vien\u0105 milijon\u0105 doleri\u0173.<\/p>\n<p>Knygoje atskleid\u017eiamas dvigubas gabaus jaunuolio gyvenimas ir jo kelias nuo paprasto kort\u0173 skai\u010diuotojo iki stambiojo lo\u0161\u0117jo. Vadovaujami buvusio MTI profesoriaus Mikio Rosos, kuris yra tikrasis \u0161io klubo steig\u0117jas ir vadovas, komandos nariai \u012fvairiuose Las Vegaso kazino laimi ne\u012ftikimas pinig\u0173 sumas.<\/p>\n<p>Tokia greita ir stulbinama s\u0117km\u0117 jiems atveria duris \u012f t\u0105 \u017e\u0117rint\u012f pasaul\u012f, kuriame did\u017eiul\u0117 prabanga nieko nekainuoja, o juos linksmina brangiai apmokamos striptizo \u0161ok\u0117jos arba i\u0161 dideli\u0173 sum\u0173 lo\u0161ian\u010dios \u012f\u017eymyb\u0117s. Ta\u010diau neon\u0173 \u0161vies\u0173 nutviekstame gyvenime \u0161i\u0105 s\u0117km\u0119 pradeda temdyti aplinkui juos besitvenkiantys \u0161e\u0161\u0117liai, komandoje kylanti \u012ftampa ir i\u0161davyst\u0117. Kevinas supranta, kad svarbiausias apsisprendimas kort\u0173 skai\u010diuotojo gyvenime \u2013 kada reikia liautis lo\u0161ti.<\/p>\n","protected":false},"featured_media":10076,"comment_status":"closed","ping_status":"closed","template":"","meta":{"_acf_changed":false,"site-sidebar-layout":"default","site-content-layout":"","ast-site-content-layout":"default","site-content-style":"default","site-sidebar-style":"default","ast-global-header-display":"","ast-banner-title-visibility":"","ast-main-header-display":"","ast-hfb-above-header-display":"","ast-hfb-below-header-display":"","ast-hfb-mobile-header-display":"","site-post-title":"","ast-breadcrumbs-content":"","ast-featured-img":"","footer-sml-layout":"","ast-disable-related-posts":"","theme-transparent-header-meta":"","adv-header-id-meta":"","stick-header-meta":"","header-above-stick-meta":"","header-main-stick-meta":"","header-below-stick-meta":"","astra-migrate-meta-layouts":"default","ast-page-background-enabled":"default","ast-page-background-meta":{"desktop":{"background-color":"","background-image":"","background-repeat":"repeat","background-position":"center center","background-size":"auto","background-attachment":"scroll","background-type":"","background-media":"","overlay-type":"","overlay-color":"","overlay-opacity":"","overlay-gradient":""},"tablet":{"background-color":"","background-image":"","background-repeat":"repeat","background-position":"center center","background-size":"auto","background-attachment":"scroll","background-type":"","background-media":"","overlay-type":"","overlay-color":"","overlay-opacity":"","overlay-gradient":""},"mobile":{"background-color":"","background-image":"","background-repeat":"repeat","background-position":"center center","background-size":"auto","background-attachment":"scroll","background-type":"","background-media":"","overlay-type":"","overlay-color":"","overlay-opacity":"","overlay-gradient":""}},"ast-content-background-meta":{"desktop":{"background-color":"var(--ast-global-color-4)","background-image":"","background-repeat":"repeat","background-position":"center center","background-size":"auto","background-attachment":"scroll","background-type":"","background-media":"","overlay-type":"","overlay-color":"","overlay-opacity":"","overlay-gradient":""},"tablet":{"background-color":"var(--ast-global-color-4)","background-image":"","background-repeat":"repeat","background-position":"center center","background-size":"auto","background-attachment":"scroll","background-type":"","background-media":"","overlay-type":"","overlay-color":"","overlay-opacity":"","overlay-gradient":""},"mobile":{"background-color":"var(--ast-global-color-4)","background-image":"","background-repeat":"repeat","background-position":"center center","background-size":"auto","background-attachment":"scroll","background-type":"","background-media":"","overlay-type":"","overlay-color":"","overlay-opacity":"","overlay-gradient":""}}},"product_brand":[],"product_cat":[31],"product_tag":[],"class_list":{"0":"post-10032","1":"product","2":"type-product","3":"status-publish","4":"has-post-thumbnail","6":"product_cat-grozine-literatura","7":"desktop-align-left","8":"tablet-align-left","9":"mobile-align-left","11":"first","12":"instock","13":"shipping-taxable","14":"purchasable","15":"product-type-simple"},"acf":[],"yoast_head":"<!-- This site is optimized with the Yoast SEO plugin v27.4 - https:\/\/yoast.com\/product\/yoast-seo-wordpress\/ -->\n<title>Ben Mezrich \u201e21. Paimti bank\u0105\u201c - Skaitytaknyga<\/title>\n<meta name=\"description\" content=\"Akis yra vienintelis lo\u0161imas, kur\u012f galima laim\u0117ti, tad mes taip ir padar\u0117me. Mes i\u0161 jo i\u0161spaud\u0117me visk\u0105, k\u0105 tik gal\u0117jome. Masa\u010dusetso technologijos instituto studentas Kevinas Luisas keli\u0173 savo bi\u010diuli\u0173 \u012ftraukiamas \u012f student\u0173 akies lo\u0161imo komand\u0105.  Naudodamasi unikalia kort\u0173 skai\u010diavimo sistema, \u0161i puikiai i\u0161silavinusi\u0173 \u017emoni\u0173 grup\u0117 sugeb\u0117jo Las Vegase legaliai laim\u0117ti ne vien\u0105 milijon\u0105 doleri\u0173.  Knygoje atskleid\u017eiamas dvigubas gabaus jaunuolio gyvenimas ir jo kelias nuo paprasto kort\u0173 skai\u010diuotojo iki stambiojo lo\u0161\u0117jo. Vadovaujami buvusio MTI profesoriaus Mikio Rosos, kuris yra tikrasis \u0161io klubo steig\u0117jas ir vadovas, komandos nariai \u012fvairiuose Las Vegaso kazino laimi ne\u012ftikimas pinig\u0173 sumas.  Tokia greita ir stulbinama s\u0117km\u0117 jiems atveria duris \u012f t\u0105 \u017e\u0117rint\u012f pasaul\u012f, kuriame did\u017eiul\u0117 prabanga nieko nekainuoja, o juos linksmina brangiai apmokamos striptizo \u0161ok\u0117jos arba i\u0161 dideli\u0173 sum\u0173 lo\u0161ian\u010dios \u012f\u017eymyb\u0117s. Ta\u010diau neon\u0173 \u0161vies\u0173 nutviekstame gyvenime \u0161i\u0105 s\u0117km\u0119 pradeda temdyti aplinkui juos besitvenkiantys \u0161e\u0161\u0117liai, komandoje kylanti \u012ftampa ir i\u0161davyst\u0117. Kevinas supranta, kad svarbiausias apsisprendimas kort\u0173 skai\u010diuotojo gyvenime \u2013 kada reikia liautis lo\u0161ti.\" \/>\n<meta name=\"robots\" content=\"index, follow, max-snippet:-1, max-image-preview:large, max-video-preview:-1\" \/>\n<link rel=\"canonical\" href=\"https:\/\/skaitytaknyga.lt\/en\/produktas\/ben-mezrich-21-paimti-banka\/\" \/>\n<meta property=\"og:locale\" content=\"en_GB\" \/>\n<meta property=\"og:locale:alternate\" content=\"lt_LT\" \/>\n<meta property=\"og:type\" content=\"article\" \/>\n<meta property=\"og:title\" content=\"Ben Mezrich \u201e21. Paimti bank\u0105\u201c - Skaitytaknyga\" \/>\n<meta property=\"og:description\" content=\"Akis yra vienintelis lo\u0161imas, kur\u012f galima laim\u0117ti, tad mes taip ir padar\u0117me. Mes i\u0161 jo i\u0161spaud\u0117me visk\u0105, k\u0105 tik gal\u0117jome. Masa\u010dusetso technologijos instituto studentas Kevinas Luisas keli\u0173 savo bi\u010diuli\u0173 \u012ftraukiamas \u012f student\u0173 akies lo\u0161imo komand\u0105.  Naudodamasi unikalia kort\u0173 skai\u010diavimo sistema, \u0161i puikiai i\u0161silavinusi\u0173 \u017emoni\u0173 grup\u0117 sugeb\u0117jo Las Vegase legaliai laim\u0117ti ne vien\u0105 milijon\u0105 doleri\u0173.  Knygoje atskleid\u017eiamas dvigubas gabaus jaunuolio gyvenimas ir jo kelias nuo paprasto kort\u0173 skai\u010diuotojo iki stambiojo lo\u0161\u0117jo. Vadovaujami buvusio MTI profesoriaus Mikio Rosos, kuris yra tikrasis \u0161io klubo steig\u0117jas ir vadovas, komandos nariai \u012fvairiuose Las Vegaso kazino laimi ne\u012ftikimas pinig\u0173 sumas.  Tokia greita ir stulbinama s\u0117km\u0117 jiems atveria duris \u012f t\u0105 \u017e\u0117rint\u012f pasaul\u012f, kuriame did\u017eiul\u0117 prabanga nieko nekainuoja, o juos linksmina brangiai apmokamos striptizo \u0161ok\u0117jos arba i\u0161 dideli\u0173 sum\u0173 lo\u0161ian\u010dios \u012f\u017eymyb\u0117s. Ta\u010diau neon\u0173 \u0161vies\u0173 nutviekstame gyvenime \u0161i\u0105 s\u0117km\u0119 pradeda temdyti aplinkui juos besitvenkiantys \u0161e\u0161\u0117liai, komandoje kylanti \u012ftampa ir i\u0161davyst\u0117. Kevinas supranta, kad svarbiausias apsisprendimas kort\u0173 skai\u010diuotojo gyvenime \u2013 kada reikia liautis lo\u0161ti.\" \/>\n<meta property=\"og:url\" content=\"https:\/\/skaitytaknyga.lt\/en\/produktas\/ben-mezrich-21-paimti-banka\/\" \/>\n<meta property=\"og:site_name\" content=\"Skaitytaknyga\" \/>\n<meta property=\"article:publisher\" content=\"https:\/\/www.facebook.com\/skaitytaknyga\/\" \/>\n<meta property=\"article:modified_time\" content=\"2024-05-04T18:05:47+00:00\" \/>\n<meta property=\"og:image\" content=\"https:\/\/skaitytaknyga.lt\/wp-content\/uploads\/2024\/05\/1462874839_21paimtibanka.jpg\" \/>\n\t<meta property=\"og:image:width\" content=\"268\" \/>\n\t<meta property=\"og:image:height\" content=\"430\" \/>\n\t<meta property=\"og:image:type\" content=\"image\/jpeg\" \/>\n<meta name=\"twitter:card\" content=\"summary_large_image\" \/>\n<meta name=\"twitter:label1\" content=\"Estimated reading time\" \/>\n\t<meta name=\"twitter:data1\" content=\"1 minute\" \/>\n<script type=\"application\/ld+json\" class=\"yoast-schema-graph\">{\"@context\":\"https:\\\/\\\/schema.org\",\"@graph\":[{\"@type\":\"WebPage\",\"@id\":\"https:\\\/\\\/skaitytaknyga.lt\\\/produktas\\\/ben-mezrich-21-paimti-banka\\\/\",\"url\":\"https:\\\/\\\/skaitytaknyga.lt\\\/produktas\\\/ben-mezrich-21-paimti-banka\\\/\",\"name\":\"Ben Mezrich \u201e21. Paimti bank\u0105\u201c - Skaitytaknyga\",\"isPartOf\":{\"@id\":\"https:\\\/\\\/skaitytaknyga.lt\\\/#website\"},\"primaryImageOfPage\":{\"@id\":\"https:\\\/\\\/skaitytaknyga.lt\\\/produktas\\\/ben-mezrich-21-paimti-banka\\\/#primaryimage\"},\"image\":{\"@id\":\"https:\\\/\\\/skaitytaknyga.lt\\\/produktas\\\/ben-mezrich-21-paimti-banka\\\/#primaryimage\"},\"thumbnailUrl\":\"https:\\\/\\\/skaitytaknyga.lt\\\/wp-content\\\/uploads\\\/2024\\\/05\\\/1462874839_21paimtibanka.jpg\",\"datePublished\":\"2024-05-04T18:04:56+00:00\",\"dateModified\":\"2024-05-04T18:05:47+00:00\",\"description\":\"Akis yra vienintelis lo\u0161imas, kur\u012f galima laim\u0117ti, tad mes taip ir padar\u0117me. Mes i\u0161 jo i\u0161spaud\u0117me visk\u0105, k\u0105 tik gal\u0117jome. Masa\u010dusetso technologijos instituto studentas Kevinas Luisas keli\u0173 savo bi\u010diuli\u0173 \u012ftraukiamas \u012f student\u0173 akies lo\u0161imo komand\u0105. Naudodamasi unikalia kort\u0173 skai\u010diavimo sistema, \u0161i puikiai i\u0161silavinusi\u0173 \u017emoni\u0173 grup\u0117 sugeb\u0117jo Las Vegase legaliai laim\u0117ti ne vien\u0105 milijon\u0105 doleri\u0173. Knygoje atskleid\u017eiamas dvigubas gabaus jaunuolio gyvenimas ir jo kelias nuo paprasto kort\u0173 skai\u010diuotojo iki stambiojo lo\u0161\u0117jo. Vadovaujami buvusio MTI profesoriaus Mikio Rosos, kuris yra tikrasis \u0161io klubo steig\u0117jas ir vadovas, komandos nariai \u012fvairiuose Las Vegaso kazino laimi ne\u012ftikimas pinig\u0173 sumas. Tokia greita ir stulbinama s\u0117km\u0117 jiems atveria duris \u012f t\u0105 \u017e\u0117rint\u012f pasaul\u012f, kuriame did\u017eiul\u0117 prabanga nieko nekainuoja, o juos linksmina brangiai apmokamos striptizo \u0161ok\u0117jos arba i\u0161 dideli\u0173 sum\u0173 lo\u0161ian\u010dios \u012f\u017eymyb\u0117s. Ta\u010diau neon\u0173 \u0161vies\u0173 nutviekstame gyvenime \u0161i\u0105 s\u0117km\u0119 pradeda temdyti aplinkui juos besitvenkiantys \u0161e\u0161\u0117liai, komandoje kylanti \u012ftampa ir i\u0161davyst\u0117. Kevinas supranta, kad svarbiausias apsisprendimas kort\u0173 skai\u010diuotojo gyvenime \u2013 kada reikia liautis lo\u0161ti.\",\"breadcrumb\":{\"@id\":\"https:\\\/\\\/skaitytaknyga.lt\\\/produktas\\\/ben-mezrich-21-paimti-banka\\\/#breadcrumb\"},\"inLanguage\":\"en-GB\",\"potentialAction\":[{\"@type\":\"ReadAction\",\"target\":[\"https:\\\/\\\/skaitytaknyga.lt\\\/produktas\\\/ben-mezrich-21-paimti-banka\\\/\"]}]},{\"@type\":\"ImageObject\",\"inLanguage\":\"en-GB\",\"@id\":\"https:\\\/\\\/skaitytaknyga.lt\\\/produktas\\\/ben-mezrich-21-paimti-banka\\\/#primaryimage\",\"url\":\"https:\\\/\\\/skaitytaknyga.lt\\\/wp-content\\\/uploads\\\/2024\\\/05\\\/1462874839_21paimtibanka.jpg\",\"contentUrl\":\"https:\\\/\\\/skaitytaknyga.lt\\\/wp-content\\\/uploads\\\/2024\\\/05\\\/1462874839_21paimtibanka.jpg\",\"width\":268,\"height\":430},{\"@type\":\"BreadcrumbList\",\"@id\":\"https:\\\/\\\/skaitytaknyga.lt\\\/produktas\\\/ben-mezrich-21-paimti-banka\\\/#breadcrumb\",\"itemListElement\":[{\"@type\":\"ListItem\",\"position\":1,\"name\":\"Home\",\"item\":\"https:\\\/\\\/skaitytaknyga.lt\\\/\"},{\"@type\":\"ListItem\",\"position\":2,\"name\":\"Parduotuv\u0117\",\"item\":\"https:\\\/\\\/skaitytaknyga.lt\\\/knygu-parduotuve\\\/\"},{\"@type\":\"ListItem\",\"position\":3,\"name\":\"Ben Mezrich \u201e21. Paimti bank\u0105\u201c\"}]},{\"@type\":\"WebSite\",\"@id\":\"https:\\\/\\\/skaitytaknyga.lt\\\/#website\",\"url\":\"https:\\\/\\\/skaitytaknyga.lt\\\/\",\"name\":\"skaitytaknyga.lt\",\"description\":\"Skaitytaknyga.lt \u2013 tai ma\u017eas \u0161eimos verslas, kuris prasid\u0117jo nuo meil\u0117s knygoms ir siekio i\u0161gelb\u0117ti knygas nuo likimo prie konteinerio. Kas vienam nereikalingas daiktas \u2013 kitam lobis, o mes esame tarpininkai, kurie padeda abiems tapti laimingesniems ???? \u017dinome kaip nelengva i\u0161gyventi ma\u017eiems verslams, tad nuo \u0161iol, \u010dia rasite ir kit\u0173, ma\u017e\u0173 \u0161eim\u0173 versl\u0173, rank\u0173 darbo, dovan\u0173 sau ir artimiesiems.\",\"publisher\":{\"@id\":\"https:\\\/\\\/skaitytaknyga.lt\\\/#organization\"},\"potentialAction\":[{\"@type\":\"SearchAction\",\"target\":{\"@type\":\"EntryPoint\",\"urlTemplate\":\"https:\\\/\\\/skaitytaknyga.lt\\\/?s={search_term_string}\"},\"query-input\":{\"@type\":\"PropertyValueSpecification\",\"valueRequired\":true,\"valueName\":\"search_term_string\"}}],\"inLanguage\":\"en-GB\"},{\"@type\":\"Organization\",\"@id\":\"https:\\\/\\\/skaitytaknyga.lt\\\/#organization\",\"name\":\"skaitytaknyga.lt\",\"url\":\"https:\\\/\\\/skaitytaknyga.lt\\\/\",\"logo\":{\"@type\":\"ImageObject\",\"inLanguage\":\"en-GB\",\"@id\":\"https:\\\/\\\/skaitytaknyga.lt\\\/#\\\/schema\\\/logo\\\/image\\\/\",\"url\":\"https:\\\/\\\/skaitytaknyga.lt\\\/wp-content\\\/uploads\\\/2024\\\/05\\\/cropped-cropped-cropped-02_00843_jt3bggkj1j3HLc7SyY6rEUpg.jpeg\",\"contentUrl\":\"https:\\\/\\\/skaitytaknyga.lt\\\/wp-content\\\/uploads\\\/2024\\\/05\\\/cropped-cropped-cropped-02_00843_jt3bggkj1j3HLc7SyY6rEUpg.jpeg\",\"width\":1600,\"height\":1600,\"caption\":\"skaitytaknyga.lt\"},\"image\":{\"@id\":\"https:\\\/\\\/skaitytaknyga.lt\\\/#\\\/schema\\\/logo\\\/image\\\/\"},\"sameAs\":[\"https:\\\/\\\/www.facebook.com\\\/skaitytaknyga\\\/\"]}]}<\/script>\n<!-- \/ Yoast SEO plugin. -->","yoast_head_json":{"title":"Ben Mezrich \u201e21. Paimti bank\u0105\u201c - Skaitytaknyga","description":"Akis yra vienintelis lo\u0161imas, kur\u012f galima laim\u0117ti, tad mes taip ir padar\u0117me. Mes i\u0161 jo i\u0161spaud\u0117me visk\u0105, k\u0105 tik gal\u0117jome. Masa\u010dusetso technologijos instituto studentas Kevinas Luisas keli\u0173 savo bi\u010diuli\u0173 \u012ftraukiamas \u012f student\u0173 akies lo\u0161imo komand\u0105.  Naudodamasi unikalia kort\u0173 skai\u010diavimo sistema, \u0161i puikiai i\u0161silavinusi\u0173 \u017emoni\u0173 grup\u0117 sugeb\u0117jo Las Vegase legaliai laim\u0117ti ne vien\u0105 milijon\u0105 doleri\u0173.  Knygoje atskleid\u017eiamas dvigubas gabaus jaunuolio gyvenimas ir jo kelias nuo paprasto kort\u0173 skai\u010diuotojo iki stambiojo lo\u0161\u0117jo. Vadovaujami buvusio MTI profesoriaus Mikio Rosos, kuris yra tikrasis \u0161io klubo steig\u0117jas ir vadovas, komandos nariai \u012fvairiuose Las Vegaso kazino laimi ne\u012ftikimas pinig\u0173 sumas.  Tokia greita ir stulbinama s\u0117km\u0117 jiems atveria duris \u012f t\u0105 \u017e\u0117rint\u012f pasaul\u012f, kuriame did\u017eiul\u0117 prabanga nieko nekainuoja, o juos linksmina brangiai apmokamos striptizo \u0161ok\u0117jos arba i\u0161 dideli\u0173 sum\u0173 lo\u0161ian\u010dios \u012f\u017eymyb\u0117s. Ta\u010diau neon\u0173 \u0161vies\u0173 nutviekstame gyvenime \u0161i\u0105 s\u0117km\u0119 pradeda temdyti aplinkui juos besitvenkiantys \u0161e\u0161\u0117liai, komandoje kylanti \u012ftampa ir i\u0161davyst\u0117. Kevinas supranta, kad svarbiausias apsisprendimas kort\u0173 skai\u010diuotojo gyvenime \u2013 kada reikia liautis lo\u0161ti.","robots":{"index":"index","follow":"follow","max-snippet":"max-snippet:-1","max-image-preview":"max-image-preview:large","max-video-preview":"max-video-preview:-1"},"canonical":"https:\/\/skaitytaknyga.lt\/en\/produktas\/ben-mezrich-21-paimti-banka\/","og_locale":"en_GB","og_type":"article","og_title":"Ben Mezrich \u201e21. Paimti bank\u0105\u201c - Skaitytaknyga","og_description":"Akis yra vienintelis lo\u0161imas, kur\u012f galima laim\u0117ti, tad mes taip ir padar\u0117me. Mes i\u0161 jo i\u0161spaud\u0117me visk\u0105, k\u0105 tik gal\u0117jome. Masa\u010dusetso technologijos instituto studentas Kevinas Luisas keli\u0173 savo bi\u010diuli\u0173 \u012ftraukiamas \u012f student\u0173 akies lo\u0161imo komand\u0105.  Naudodamasi unikalia kort\u0173 skai\u010diavimo sistema, \u0161i puikiai i\u0161silavinusi\u0173 \u017emoni\u0173 grup\u0117 sugeb\u0117jo Las Vegase legaliai laim\u0117ti ne vien\u0105 milijon\u0105 doleri\u0173.  Knygoje atskleid\u017eiamas dvigubas gabaus jaunuolio gyvenimas ir jo kelias nuo paprasto kort\u0173 skai\u010diuotojo iki stambiojo lo\u0161\u0117jo. Vadovaujami buvusio MTI profesoriaus Mikio Rosos, kuris yra tikrasis \u0161io klubo steig\u0117jas ir vadovas, komandos nariai \u012fvairiuose Las Vegaso kazino laimi ne\u012ftikimas pinig\u0173 sumas.  Tokia greita ir stulbinama s\u0117km\u0117 jiems atveria duris \u012f t\u0105 \u017e\u0117rint\u012f pasaul\u012f, kuriame did\u017eiul\u0117 prabanga nieko nekainuoja, o juos linksmina brangiai apmokamos striptizo \u0161ok\u0117jos arba i\u0161 dideli\u0173 sum\u0173 lo\u0161ian\u010dios \u012f\u017eymyb\u0117s. Ta\u010diau neon\u0173 \u0161vies\u0173 nutviekstame gyvenime \u0161i\u0105 s\u0117km\u0119 pradeda temdyti aplinkui juos besitvenkiantys \u0161e\u0161\u0117liai, komandoje kylanti \u012ftampa ir i\u0161davyst\u0117. Kevinas supranta, kad svarbiausias apsisprendimas kort\u0173 skai\u010diuotojo gyvenime \u2013 kada reikia liautis lo\u0161ti.","og_url":"https:\/\/skaitytaknyga.lt\/en\/produktas\/ben-mezrich-21-paimti-banka\/","og_site_name":"Skaitytaknyga","article_publisher":"https:\/\/www.facebook.com\/skaitytaknyga\/","article_modified_time":"2024-05-04T18:05:47+00:00","og_image":[{"width":268,"height":430,"url":"https:\/\/skaitytaknyga.lt\/wp-content\/uploads\/2024\/05\/1462874839_21paimtibanka.jpg","type":"image\/jpeg"}],"twitter_card":"summary_large_image","twitter_misc":{"Estimated reading time":"1 minute"},"schema":{"@context":"https:\/\/schema.org","@graph":[{"@type":"WebPage","@id":"https:\/\/skaitytaknyga.lt\/produktas\/ben-mezrich-21-paimti-banka\/","url":"https:\/\/skaitytaknyga.lt\/produktas\/ben-mezrich-21-paimti-banka\/","name":"Ben Mezrich \u201e21. Paimti bank\u0105\u201c - Skaitytaknyga","isPartOf":{"@id":"https:\/\/skaitytaknyga.lt\/#website"},"primaryImageOfPage":{"@id":"https:\/\/skaitytaknyga.lt\/produktas\/ben-mezrich-21-paimti-banka\/#primaryimage"},"image":{"@id":"https:\/\/skaitytaknyga.lt\/produktas\/ben-mezrich-21-paimti-banka\/#primaryimage"},"thumbnailUrl":"https:\/\/skaitytaknyga.lt\/wp-content\/uploads\/2024\/05\/1462874839_21paimtibanka.jpg","datePublished":"2024-05-04T18:04:56+00:00","dateModified":"2024-05-04T18:05:47+00:00","description":"Akis yra vienintelis lo\u0161imas, kur\u012f galima laim\u0117ti, tad mes taip ir padar\u0117me. Mes i\u0161 jo i\u0161spaud\u0117me visk\u0105, k\u0105 tik gal\u0117jome. Masa\u010dusetso technologijos instituto studentas Kevinas Luisas keli\u0173 savo bi\u010diuli\u0173 \u012ftraukiamas \u012f student\u0173 akies lo\u0161imo komand\u0105. Naudodamasi unikalia kort\u0173 skai\u010diavimo sistema, \u0161i puikiai i\u0161silavinusi\u0173 \u017emoni\u0173 grup\u0117 sugeb\u0117jo Las Vegase legaliai laim\u0117ti ne vien\u0105 milijon\u0105 doleri\u0173. Knygoje atskleid\u017eiamas dvigubas gabaus jaunuolio gyvenimas ir jo kelias nuo paprasto kort\u0173 skai\u010diuotojo iki stambiojo lo\u0161\u0117jo. Vadovaujami buvusio MTI profesoriaus Mikio Rosos, kuris yra tikrasis \u0161io klubo steig\u0117jas ir vadovas, komandos nariai \u012fvairiuose Las Vegaso kazino laimi ne\u012ftikimas pinig\u0173 sumas. Tokia greita ir stulbinama s\u0117km\u0117 jiems atveria duris \u012f t\u0105 \u017e\u0117rint\u012f pasaul\u012f, kuriame did\u017eiul\u0117 prabanga nieko nekainuoja, o juos linksmina brangiai apmokamos striptizo \u0161ok\u0117jos arba i\u0161 dideli\u0173 sum\u0173 lo\u0161ian\u010dios \u012f\u017eymyb\u0117s. Ta\u010diau neon\u0173 \u0161vies\u0173 nutviekstame gyvenime \u0161i\u0105 s\u0117km\u0119 pradeda temdyti aplinkui juos besitvenkiantys \u0161e\u0161\u0117liai, komandoje kylanti \u012ftampa ir i\u0161davyst\u0117. Kevinas supranta, kad svarbiausias apsisprendimas kort\u0173 skai\u010diuotojo gyvenime \u2013 kada reikia liautis lo\u0161ti.","breadcrumb":{"@id":"https:\/\/skaitytaknyga.lt\/produktas\/ben-mezrich-21-paimti-banka\/#breadcrumb"},"inLanguage":"en-GB","potentialAction":[{"@type":"ReadAction","target":["https:\/\/skaitytaknyga.lt\/produktas\/ben-mezrich-21-paimti-banka\/"]}]},{"@type":"ImageObject","inLanguage":"en-GB","@id":"https:\/\/skaitytaknyga.lt\/produktas\/ben-mezrich-21-paimti-banka\/#primaryimage","url":"https:\/\/skaitytaknyga.lt\/wp-content\/uploads\/2024\/05\/1462874839_21paimtibanka.jpg","contentUrl":"https:\/\/skaitytaknyga.lt\/wp-content\/uploads\/2024\/05\/1462874839_21paimtibanka.jpg","width":268,"height":430},{"@type":"BreadcrumbList","@id":"https:\/\/skaitytaknyga.lt\/produktas\/ben-mezrich-21-paimti-banka\/#breadcrumb","itemListElement":[{"@type":"ListItem","position":1,"name":"Home","item":"https:\/\/skaitytaknyga.lt\/"},{"@type":"ListItem","position":2,"name":"Parduotuv\u0117","item":"https:\/\/skaitytaknyga.lt\/knygu-parduotuve\/"},{"@type":"ListItem","position":3,"name":"Ben Mezrich \u201e21. Paimti bank\u0105\u201c"}]},{"@type":"WebSite","@id":"https:\/\/skaitytaknyga.lt\/#website","url":"https:\/\/skaitytaknyga.lt\/","name":"skaitytaknyga.lt","description":"Skaitytaknyga.lt \u2013 tai ma\u017eas \u0161eimos verslas, kuris prasid\u0117jo nuo meil\u0117s knygoms ir siekio i\u0161gelb\u0117ti knygas nuo likimo prie konteinerio. Kas vienam nereikalingas daiktas \u2013 kitam lobis, o mes esame tarpininkai, kurie padeda abiems tapti laimingesniems ???? \u017dinome kaip nelengva i\u0161gyventi ma\u017eiems verslams, tad nuo \u0161iol, \u010dia rasite ir kit\u0173, ma\u017e\u0173 \u0161eim\u0173 versl\u0173, rank\u0173 darbo, dovan\u0173 sau ir artimiesiems.","publisher":{"@id":"https:\/\/skaitytaknyga.lt\/#organization"},"potentialAction":[{"@type":"SearchAction","target":{"@type":"EntryPoint","urlTemplate":"https:\/\/skaitytaknyga.lt\/?s={search_term_string}"},"query-input":{"@type":"PropertyValueSpecification","valueRequired":true,"valueName":"search_term_string"}}],"inLanguage":"en-GB"},{"@type":"Organization","@id":"https:\/\/skaitytaknyga.lt\/#organization","name":"skaitytaknyga.lt","url":"https:\/\/skaitytaknyga.lt\/","logo":{"@type":"ImageObject","inLanguage":"en-GB","@id":"https:\/\/skaitytaknyga.lt\/#\/schema\/logo\/image\/","url":"https:\/\/skaitytaknyga.lt\/wp-content\/uploads\/2024\/05\/cropped-cropped-cropped-02_00843_jt3bggkj1j3HLc7SyY6rEUpg.jpeg","contentUrl":"https:\/\/skaitytaknyga.lt\/wp-content\/uploads\/2024\/05\/cropped-cropped-cropped-02_00843_jt3bggkj1j3HLc7SyY6rEUpg.jpeg","width":1600,"height":1600,"caption":"skaitytaknyga.lt"},"image":{"@id":"https:\/\/skaitytaknyga.lt\/#\/schema\/logo\/image\/"},"sameAs":["https:\/\/www.facebook.com\/skaitytaknyga\/"]}]}},"_links":{"self":[{"href":"https:\/\/skaitytaknyga.lt\/en\/wp-json\/wp\/v2\/product\/10032","targetHints":{"allow":["GET"]}}],"collection":[{"href":"https:\/\/skaitytaknyga.lt\/en\/wp-json\/wp\/v2\/product"}],"about":[{"href":"https:\/\/skaitytaknyga.lt\/en\/wp-json\/wp\/v2\/types\/product"}],"replies":[{"embeddable":true,"href":"https:\/\/skaitytaknyga.lt\/en\/wp-json\/wp\/v2\/comments?post=10032"}],"wp:featuredmedia":[{"embeddable":true,"href":"https:\/\/skaitytaknyga.lt\/en\/wp-json\/wp\/v2\/media\/10076"}],"wp:attachment":[{"href":"https:\/\/skaitytaknyga.lt\/en\/wp-json\/wp\/v2\/media?parent=10032"}],"wp:term":[{"taxonomy":"product_brand","embeddable":true,"href":"https:\/\/skaitytaknyga.lt\/en\/wp-json\/wp\/v2\/product_brand?post=10032"},{"taxonomy":"product_cat","embeddable":true,"href":"https:\/\/skaitytaknyga.lt\/en\/wp-json\/wp\/v2\/product_cat?post=10032"},{"taxonomy":"product_tag","embeddable":true,"href":"https:\/\/skaitytaknyga.lt\/en\/wp-json\/wp\/v2\/product_tag?post=10032"}],"curies":[{"name":"wp","href":"https:\/\/api.w.org\/{rel}","templated":true}]}}