{"id":10031,"date":"2024-05-04T18:04:56","date_gmt":"2024-05-04T18:04:56","guid":{"rendered":"https:\/\/skaitytaknyga.lt\/?post_type=product&#038;p=10031"},"modified":"2024-05-04T18:05:45","modified_gmt":"2024-05-04T18:05:45","slug":"dzudi-devero-amzinai","status":"publish","type":"product","link":"https:\/\/skaitytaknyga.lt\/en\/produktas\/dzudi-devero-amzinai\/","title":{"rendered":"D\u017eudi Devero \u201eAm\u017einai&#8230;\u201c"},"content":{"rendered":"<p>Nepaprasti Drs\u0117s sugeb\u0117jimai per vargus atveda j\u0105&#8230; tiesiai \u012f milijonieriaus Adamo Montgomerio gl\u0117b\u012f.<\/p>\n<p>Kai Adamas m\u012fslingai pradingsta, susisielojusi moteris lieka viena auginti ma\u017eos dukrel\u0117s, ta\u010diau netrukus garsus Holivudo aktorius Linkas papra\u0161o pagalbos.<\/p>\n<p>\u017davus vyri\u0161kis atskleid\u017eia skaud\u017ei\u0105 asmenin\u0119 paslapt\u012f: dingo s\u016bnus. \u0160i moteris \u2013 vienintel\u0117 viltis, susigr\u0105\u017einti berniuk\u0105.<\/p>\n<p>Ar \u012fstengs Dars\u0117 laiku prasiskverbti \u012f vyri\u0161kio, desperati\u0161kai trok\u0161tan\u010dio surasti s\u016bn\u0173, \u0161ird\u012f? Ir ar to pakaks i\u0161gydyti savo pa\u010dios sudau\u017eytai \u0161ird\u017eiai, pradingus gyvenimo meilei?..<\/p>\n<p>&nbsp;<\/p>\n<p>Jude Deveraux<\/p>\n","protected":false},"excerpt":{"rendered":"<p>Nepaprasti Drs\u0117s sugeb\u0117jimai per vargus atveda j\u0105&#8230; tiesiai \u012f milijonieriaus Adamo Montgomerio gl\u0117b\u012f.<\/p>\n<p>Kai Adamas m\u012fslingai pradingsta, susisielojusi moteris lieka viena auginti ma\u017eos dukrel\u0117s, ta\u010diau netrukus garsus Holivudo aktorius Linkas papra\u0161o pagalbos.<\/p>\n<p>\u017davus vyri\u0161kis atskleid\u017eia skaud\u017ei\u0105 asmenin\u0119 paslapt\u012f: dingo s\u016bnus. \u0160i moteris \u2013 vienintel\u0117 viltis, susigr\u0105\u017einti berniuk\u0105.<\/p>\n<p>Ar \u012fstengs Dars\u0117 laiku prasiskverbti \u012f vyri\u0161kio, desperati\u0161kai trok\u0161tan\u010dio surasti s\u016bn\u0173, \u0161ird\u012f? Ir ar to pakaks i\u0161gydyti savo pa\u010dios sudau\u017eytai \u0161ird\u017eiai, pradingus gyvenimo meilei?..<\/p>\n","protected":false},"featured_media":10075,"comment_status":"closed","ping_status":"closed","template":"","meta":{"_acf_changed":false,"site-sidebar-layout":"default","site-content-layout":"","ast-site-content-layout":"default","site-content-style":"default","site-sidebar-style":"default","ast-global-header-display":"","ast-banner-title-visibility":"","ast-main-header-display":"","ast-hfb-above-header-display":"","ast-hfb-below-header-display":"","ast-hfb-mobile-header-display":"","site-post-title":"","ast-breadcrumbs-content":"","ast-featured-img":"","footer-sml-layout":"","ast-disable-related-posts":"","theme-transparent-header-meta":"","adv-header-id-meta":"","stick-header-meta":"","header-above-stick-meta":"","header-main-stick-meta":"","header-below-stick-meta":"","astra-migrate-meta-layouts":"default","ast-page-background-enabled":"default","ast-page-background-meta":{"desktop":{"background-color":"","background-image":"","background-repeat":"repeat","background-position":"center center","background-size":"auto","background-attachment":"scroll","background-type":"","background-media":"","overlay-type":"","overlay-color":"","overlay-opacity":"","overlay-gradient":""},"tablet":{"background-color":"","background-image":"","background-repeat":"repeat","background-position":"center center","background-size":"auto","background-attachment":"scroll","background-type":"","background-media":"","overlay-type":"","overlay-color":"","overlay-opacity":"","overlay-gradient":""},"mobile":{"background-color":"","background-image":"","background-repeat":"repeat","background-position":"center center","background-size":"auto","background-attachment":"scroll","background-type":"","background-media":"","overlay-type":"","overlay-color":"","overlay-opacity":"","overlay-gradient":""}},"ast-content-background-meta":{"desktop":{"background-color":"var(--ast-global-color-4)","background-image":"","background-repeat":"repeat","background-position":"center center","background-size":"auto","background-attachment":"scroll","background-type":"","background-media":"","overlay-type":"","overlay-color":"","overlay-opacity":"","overlay-gradient":""},"tablet":{"background-color":"var(--ast-global-color-4)","background-image":"","background-repeat":"repeat","background-position":"center center","background-size":"auto","background-attachment":"scroll","background-type":"","background-media":"","overlay-type":"","overlay-color":"","overlay-opacity":"","overlay-gradient":""},"mobile":{"background-color":"var(--ast-global-color-4)","background-image":"","background-repeat":"repeat","background-position":"center center","background-size":"auto","background-attachment":"scroll","background-type":"","background-media":"","overlay-type":"","overlay-color":"","overlay-opacity":"","overlay-gradient":""}}},"product_brand":[],"product_cat":[31],"product_tag":[],"class_list":{"0":"post-10031","1":"product","2":"type-product","3":"status-publish","4":"has-post-thumbnail","6":"product_cat-grozine-literatura","7":"desktop-align-left","8":"tablet-align-left","9":"mobile-align-left","11":"first","12":"outofstock","13":"shipping-taxable","14":"purchasable","15":"product-type-simple"},"acf":[],"yoast_head":"<!-- This site is optimized with the Yoast SEO plugin v27.4 - https:\/\/yoast.com\/product\/yoast-seo-wordpress\/ -->\n<title>D\u017eudi Devero \u201eAm\u017einai...\u201c - Skaitytaknyga<\/title>\n<meta name=\"description\" content=\"Nepaprasti Drs\u0117s sugeb\u0117jimai per vargus atveda j\u0105... tiesiai \u012f milijonieriaus Adamo Montgomerio gl\u0117b\u012f.  Kai Adamas m\u012fslingai pradingsta, susisielojusi moteris lieka viena auginti ma\u017eos dukrel\u0117s, ta\u010diau netrukus garsus Holivudo aktorius Linkas papra\u0161o pagalbos.  \u017davus vyri\u0161kis atskleid\u017eia skaud\u017ei\u0105 asmenin\u0119 paslapt\u012f: dingo s\u016bnus. \u0160i moteris \u2013 vienintel\u0117 viltis, susigr\u0105\u017einti berniuk\u0105.  Ar \u012fstengs Dars\u0117 laiku prasiskverbti \u012f vyri\u0161kio, desperati\u0161kai trok\u0161tan\u010dio surasti s\u016bn\u0173, \u0161ird\u012f? Ir ar to pakaks i\u0161gydyti savo pa\u010dios sudau\u017eytai \u0161ird\u017eiai, pradingus gyvenimo meilei?..\" \/>\n<meta name=\"robots\" content=\"index, follow, max-snippet:-1, max-image-preview:large, max-video-preview:-1\" \/>\n<link rel=\"canonical\" href=\"https:\/\/skaitytaknyga.lt\/en\/produktas\/dzudi-devero-amzinai\/\" \/>\n<meta property=\"og:locale\" content=\"en_GB\" \/>\n<meta property=\"og:locale:alternate\" content=\"lt_LT\" \/>\n<meta property=\"og:type\" content=\"article\" \/>\n<meta property=\"og:title\" content=\"D\u017eudi Devero \u201eAm\u017einai...\u201c - Skaitytaknyga\" \/>\n<meta property=\"og:description\" content=\"Nepaprasti Drs\u0117s sugeb\u0117jimai per vargus atveda j\u0105... tiesiai \u012f milijonieriaus Adamo Montgomerio gl\u0117b\u012f.  Kai Adamas m\u012fslingai pradingsta, susisielojusi moteris lieka viena auginti ma\u017eos dukrel\u0117s, ta\u010diau netrukus garsus Holivudo aktorius Linkas papra\u0161o pagalbos.  \u017davus vyri\u0161kis atskleid\u017eia skaud\u017ei\u0105 asmenin\u0119 paslapt\u012f: dingo s\u016bnus. \u0160i moteris \u2013 vienintel\u0117 viltis, susigr\u0105\u017einti berniuk\u0105.  Ar \u012fstengs Dars\u0117 laiku prasiskverbti \u012f vyri\u0161kio, desperati\u0161kai trok\u0161tan\u010dio surasti s\u016bn\u0173, \u0161ird\u012f? Ir ar to pakaks i\u0161gydyti savo pa\u010dios sudau\u017eytai \u0161ird\u017eiai, pradingus gyvenimo meilei?..\" \/>\n<meta property=\"og:url\" content=\"https:\/\/skaitytaknyga.lt\/en\/produktas\/dzudi-devero-amzinai\/\" \/>\n<meta property=\"og:site_name\" content=\"Skaitytaknyga\" \/>\n<meta property=\"article:publisher\" content=\"https:\/\/www.facebook.com\/skaitytaknyga\/\" \/>\n<meta property=\"article:modified_time\" content=\"2024-05-04T18:05:45+00:00\" \/>\n<meta property=\"og:image\" content=\"https:\/\/skaitytaknyga.lt\/wp-content\/uploads\/2024\/05\/1462891076_img0010.jpg\" \/>\n\t<meta property=\"og:image:width\" content=\"268\" \/>\n\t<meta property=\"og:image:height\" content=\"430\" \/>\n\t<meta property=\"og:image:type\" content=\"image\/jpeg\" \/>\n<meta name=\"twitter:card\" content=\"summary_large_image\" \/>\n<script type=\"application\/ld+json\" class=\"yoast-schema-graph\">{\"@context\":\"https:\\\/\\\/schema.org\",\"@graph\":[{\"@type\":\"WebPage\",\"@id\":\"https:\\\/\\\/skaitytaknyga.lt\\\/produktas\\\/dzudi-devero-amzinai\\\/\",\"url\":\"https:\\\/\\\/skaitytaknyga.lt\\\/produktas\\\/dzudi-devero-amzinai\\\/\",\"name\":\"D\u017eudi Devero \u201eAm\u017einai...\u201c - Skaitytaknyga\",\"isPartOf\":{\"@id\":\"https:\\\/\\\/skaitytaknyga.lt\\\/#website\"},\"primaryImageOfPage\":{\"@id\":\"https:\\\/\\\/skaitytaknyga.lt\\\/produktas\\\/dzudi-devero-amzinai\\\/#primaryimage\"},\"image\":{\"@id\":\"https:\\\/\\\/skaitytaknyga.lt\\\/produktas\\\/dzudi-devero-amzinai\\\/#primaryimage\"},\"thumbnailUrl\":\"https:\\\/\\\/skaitytaknyga.lt\\\/wp-content\\\/uploads\\\/2024\\\/05\\\/1462891076_img0010.jpg\",\"datePublished\":\"2024-05-04T18:04:56+00:00\",\"dateModified\":\"2024-05-04T18:05:45+00:00\",\"description\":\"Nepaprasti Drs\u0117s sugeb\u0117jimai per vargus atveda j\u0105... tiesiai \u012f milijonieriaus Adamo Montgomerio gl\u0117b\u012f. Kai Adamas m\u012fslingai pradingsta, susisielojusi moteris lieka viena auginti ma\u017eos dukrel\u0117s, ta\u010diau netrukus garsus Holivudo aktorius Linkas papra\u0161o pagalbos. \u017davus vyri\u0161kis atskleid\u017eia skaud\u017ei\u0105 asmenin\u0119 paslapt\u012f: dingo s\u016bnus. \u0160i moteris \u2013 vienintel\u0117 viltis, susigr\u0105\u017einti berniuk\u0105. Ar \u012fstengs Dars\u0117 laiku prasiskverbti \u012f vyri\u0161kio, desperati\u0161kai trok\u0161tan\u010dio surasti s\u016bn\u0173, \u0161ird\u012f? Ir ar to pakaks i\u0161gydyti savo pa\u010dios sudau\u017eytai \u0161ird\u017eiai, pradingus gyvenimo meilei?..\",\"breadcrumb\":{\"@id\":\"https:\\\/\\\/skaitytaknyga.lt\\\/produktas\\\/dzudi-devero-amzinai\\\/#breadcrumb\"},\"inLanguage\":\"en-GB\",\"potentialAction\":[{\"@type\":\"ReadAction\",\"target\":[\"https:\\\/\\\/skaitytaknyga.lt\\\/produktas\\\/dzudi-devero-amzinai\\\/\"]}]},{\"@type\":\"ImageObject\",\"inLanguage\":\"en-GB\",\"@id\":\"https:\\\/\\\/skaitytaknyga.lt\\\/produktas\\\/dzudi-devero-amzinai\\\/#primaryimage\",\"url\":\"https:\\\/\\\/skaitytaknyga.lt\\\/wp-content\\\/uploads\\\/2024\\\/05\\\/1462891076_img0010.jpg\",\"contentUrl\":\"https:\\\/\\\/skaitytaknyga.lt\\\/wp-content\\\/uploads\\\/2024\\\/05\\\/1462891076_img0010.jpg\",\"width\":268,\"height\":430},{\"@type\":\"BreadcrumbList\",\"@id\":\"https:\\\/\\\/skaitytaknyga.lt\\\/produktas\\\/dzudi-devero-amzinai\\\/#breadcrumb\",\"itemListElement\":[{\"@type\":\"ListItem\",\"position\":1,\"name\":\"Home\",\"item\":\"https:\\\/\\\/skaitytaknyga.lt\\\/\"},{\"@type\":\"ListItem\",\"position\":2,\"name\":\"Parduotuv\u0117\",\"item\":\"https:\\\/\\\/skaitytaknyga.lt\\\/knygu-parduotuve\\\/\"},{\"@type\":\"ListItem\",\"position\":3,\"name\":\"D\u017eudi Devero \u201eAm\u017einai&#8230;\u201c\"}]},{\"@type\":\"WebSite\",\"@id\":\"https:\\\/\\\/skaitytaknyga.lt\\\/#website\",\"url\":\"https:\\\/\\\/skaitytaknyga.lt\\\/\",\"name\":\"skaitytaknyga.lt\",\"description\":\"Skaitytaknyga.lt \u2013 tai ma\u017eas \u0161eimos verslas, kuris prasid\u0117jo nuo meil\u0117s knygoms ir siekio i\u0161gelb\u0117ti knygas nuo likimo prie konteinerio. Kas vienam nereikalingas daiktas \u2013 kitam lobis, o mes esame tarpininkai, kurie padeda abiems tapti laimingesniems ???? \u017dinome kaip nelengva i\u0161gyventi ma\u017eiems verslams, tad nuo \u0161iol, \u010dia rasite ir kit\u0173, ma\u017e\u0173 \u0161eim\u0173 versl\u0173, rank\u0173 darbo, dovan\u0173 sau ir artimiesiems.\",\"publisher\":{\"@id\":\"https:\\\/\\\/skaitytaknyga.lt\\\/#organization\"},\"potentialAction\":[{\"@type\":\"SearchAction\",\"target\":{\"@type\":\"EntryPoint\",\"urlTemplate\":\"https:\\\/\\\/skaitytaknyga.lt\\\/?s={search_term_string}\"},\"query-input\":{\"@type\":\"PropertyValueSpecification\",\"valueRequired\":true,\"valueName\":\"search_term_string\"}}],\"inLanguage\":\"en-GB\"},{\"@type\":\"Organization\",\"@id\":\"https:\\\/\\\/skaitytaknyga.lt\\\/#organization\",\"name\":\"skaitytaknyga.lt\",\"url\":\"https:\\\/\\\/skaitytaknyga.lt\\\/\",\"logo\":{\"@type\":\"ImageObject\",\"inLanguage\":\"en-GB\",\"@id\":\"https:\\\/\\\/skaitytaknyga.lt\\\/#\\\/schema\\\/logo\\\/image\\\/\",\"url\":\"https:\\\/\\\/skaitytaknyga.lt\\\/wp-content\\\/uploads\\\/2024\\\/05\\\/cropped-cropped-cropped-02_00843_jt3bggkj1j3HLc7SyY6rEUpg.jpeg\",\"contentUrl\":\"https:\\\/\\\/skaitytaknyga.lt\\\/wp-content\\\/uploads\\\/2024\\\/05\\\/cropped-cropped-cropped-02_00843_jt3bggkj1j3HLc7SyY6rEUpg.jpeg\",\"width\":1600,\"height\":1600,\"caption\":\"skaitytaknyga.lt\"},\"image\":{\"@id\":\"https:\\\/\\\/skaitytaknyga.lt\\\/#\\\/schema\\\/logo\\\/image\\\/\"},\"sameAs\":[\"https:\\\/\\\/www.facebook.com\\\/skaitytaknyga\\\/\"]}]}<\/script>\n<!-- \/ Yoast SEO plugin. -->","yoast_head_json":{"title":"D\u017eudi Devero \u201eAm\u017einai...\u201c - Skaitytaknyga","description":"Nepaprasti Drs\u0117s sugeb\u0117jimai per vargus atveda j\u0105... tiesiai \u012f milijonieriaus Adamo Montgomerio gl\u0117b\u012f.  Kai Adamas m\u012fslingai pradingsta, susisielojusi moteris lieka viena auginti ma\u017eos dukrel\u0117s, ta\u010diau netrukus garsus Holivudo aktorius Linkas papra\u0161o pagalbos.  \u017davus vyri\u0161kis atskleid\u017eia skaud\u017ei\u0105 asmenin\u0119 paslapt\u012f: dingo s\u016bnus. \u0160i moteris \u2013 vienintel\u0117 viltis, susigr\u0105\u017einti berniuk\u0105.  Ar \u012fstengs Dars\u0117 laiku prasiskverbti \u012f vyri\u0161kio, desperati\u0161kai trok\u0161tan\u010dio surasti s\u016bn\u0173, \u0161ird\u012f? Ir ar to pakaks i\u0161gydyti savo pa\u010dios sudau\u017eytai \u0161ird\u017eiai, pradingus gyvenimo meilei?..","robots":{"index":"index","follow":"follow","max-snippet":"max-snippet:-1","max-image-preview":"max-image-preview:large","max-video-preview":"max-video-preview:-1"},"canonical":"https:\/\/skaitytaknyga.lt\/en\/produktas\/dzudi-devero-amzinai\/","og_locale":"en_GB","og_type":"article","og_title":"D\u017eudi Devero \u201eAm\u017einai...\u201c - Skaitytaknyga","og_description":"Nepaprasti Drs\u0117s sugeb\u0117jimai per vargus atveda j\u0105... tiesiai \u012f milijonieriaus Adamo Montgomerio gl\u0117b\u012f.  Kai Adamas m\u012fslingai pradingsta, susisielojusi moteris lieka viena auginti ma\u017eos dukrel\u0117s, ta\u010diau netrukus garsus Holivudo aktorius Linkas papra\u0161o pagalbos.  \u017davus vyri\u0161kis atskleid\u017eia skaud\u017ei\u0105 asmenin\u0119 paslapt\u012f: dingo s\u016bnus. \u0160i moteris \u2013 vienintel\u0117 viltis, susigr\u0105\u017einti berniuk\u0105.  Ar \u012fstengs Dars\u0117 laiku prasiskverbti \u012f vyri\u0161kio, desperati\u0161kai trok\u0161tan\u010dio surasti s\u016bn\u0173, \u0161ird\u012f? Ir ar to pakaks i\u0161gydyti savo pa\u010dios sudau\u017eytai \u0161ird\u017eiai, pradingus gyvenimo meilei?..","og_url":"https:\/\/skaitytaknyga.lt\/en\/produktas\/dzudi-devero-amzinai\/","og_site_name":"Skaitytaknyga","article_publisher":"https:\/\/www.facebook.com\/skaitytaknyga\/","article_modified_time":"2024-05-04T18:05:45+00:00","og_image":[{"width":268,"height":430,"url":"https:\/\/skaitytaknyga.lt\/wp-content\/uploads\/2024\/05\/1462891076_img0010.jpg","type":"image\/jpeg"}],"twitter_card":"summary_large_image","schema":{"@context":"https:\/\/schema.org","@graph":[{"@type":"WebPage","@id":"https:\/\/skaitytaknyga.lt\/produktas\/dzudi-devero-amzinai\/","url":"https:\/\/skaitytaknyga.lt\/produktas\/dzudi-devero-amzinai\/","name":"D\u017eudi Devero \u201eAm\u017einai...\u201c - Skaitytaknyga","isPartOf":{"@id":"https:\/\/skaitytaknyga.lt\/#website"},"primaryImageOfPage":{"@id":"https:\/\/skaitytaknyga.lt\/produktas\/dzudi-devero-amzinai\/#primaryimage"},"image":{"@id":"https:\/\/skaitytaknyga.lt\/produktas\/dzudi-devero-amzinai\/#primaryimage"},"thumbnailUrl":"https:\/\/skaitytaknyga.lt\/wp-content\/uploads\/2024\/05\/1462891076_img0010.jpg","datePublished":"2024-05-04T18:04:56+00:00","dateModified":"2024-05-04T18:05:45+00:00","description":"Nepaprasti Drs\u0117s sugeb\u0117jimai per vargus atveda j\u0105... tiesiai \u012f milijonieriaus Adamo Montgomerio gl\u0117b\u012f. Kai Adamas m\u012fslingai pradingsta, susisielojusi moteris lieka viena auginti ma\u017eos dukrel\u0117s, ta\u010diau netrukus garsus Holivudo aktorius Linkas papra\u0161o pagalbos. \u017davus vyri\u0161kis atskleid\u017eia skaud\u017ei\u0105 asmenin\u0119 paslapt\u012f: dingo s\u016bnus. \u0160i moteris \u2013 vienintel\u0117 viltis, susigr\u0105\u017einti berniuk\u0105. Ar \u012fstengs Dars\u0117 laiku prasiskverbti \u012f vyri\u0161kio, desperati\u0161kai trok\u0161tan\u010dio surasti s\u016bn\u0173, \u0161ird\u012f? Ir ar to pakaks i\u0161gydyti savo pa\u010dios sudau\u017eytai \u0161ird\u017eiai, pradingus gyvenimo meilei?..","breadcrumb":{"@id":"https:\/\/skaitytaknyga.lt\/produktas\/dzudi-devero-amzinai\/#breadcrumb"},"inLanguage":"en-GB","potentialAction":[{"@type":"ReadAction","target":["https:\/\/skaitytaknyga.lt\/produktas\/dzudi-devero-amzinai\/"]}]},{"@type":"ImageObject","inLanguage":"en-GB","@id":"https:\/\/skaitytaknyga.lt\/produktas\/dzudi-devero-amzinai\/#primaryimage","url":"https:\/\/skaitytaknyga.lt\/wp-content\/uploads\/2024\/05\/1462891076_img0010.jpg","contentUrl":"https:\/\/skaitytaknyga.lt\/wp-content\/uploads\/2024\/05\/1462891076_img0010.jpg","width":268,"height":430},{"@type":"BreadcrumbList","@id":"https:\/\/skaitytaknyga.lt\/produktas\/dzudi-devero-amzinai\/#breadcrumb","itemListElement":[{"@type":"ListItem","position":1,"name":"Home","item":"https:\/\/skaitytaknyga.lt\/"},{"@type":"ListItem","position":2,"name":"Parduotuv\u0117","item":"https:\/\/skaitytaknyga.lt\/knygu-parduotuve\/"},{"@type":"ListItem","position":3,"name":"D\u017eudi Devero \u201eAm\u017einai&#8230;\u201c"}]},{"@type":"WebSite","@id":"https:\/\/skaitytaknyga.lt\/#website","url":"https:\/\/skaitytaknyga.lt\/","name":"skaitytaknyga.lt","description":"Skaitytaknyga.lt \u2013 tai ma\u017eas \u0161eimos verslas, kuris prasid\u0117jo nuo meil\u0117s knygoms ir siekio i\u0161gelb\u0117ti knygas nuo likimo prie konteinerio. Kas vienam nereikalingas daiktas \u2013 kitam lobis, o mes esame tarpininkai, kurie padeda abiems tapti laimingesniems ???? \u017dinome kaip nelengva i\u0161gyventi ma\u017eiems verslams, tad nuo \u0161iol, \u010dia rasite ir kit\u0173, ma\u017e\u0173 \u0161eim\u0173 versl\u0173, rank\u0173 darbo, dovan\u0173 sau ir artimiesiems.","publisher":{"@id":"https:\/\/skaitytaknyga.lt\/#organization"},"potentialAction":[{"@type":"SearchAction","target":{"@type":"EntryPoint","urlTemplate":"https:\/\/skaitytaknyga.lt\/?s={search_term_string}"},"query-input":{"@type":"PropertyValueSpecification","valueRequired":true,"valueName":"search_term_string"}}],"inLanguage":"en-GB"},{"@type":"Organization","@id":"https:\/\/skaitytaknyga.lt\/#organization","name":"skaitytaknyga.lt","url":"https:\/\/skaitytaknyga.lt\/","logo":{"@type":"ImageObject","inLanguage":"en-GB","@id":"https:\/\/skaitytaknyga.lt\/#\/schema\/logo\/image\/","url":"https:\/\/skaitytaknyga.lt\/wp-content\/uploads\/2024\/05\/cropped-cropped-cropped-02_00843_jt3bggkj1j3HLc7SyY6rEUpg.jpeg","contentUrl":"https:\/\/skaitytaknyga.lt\/wp-content\/uploads\/2024\/05\/cropped-cropped-cropped-02_00843_jt3bggkj1j3HLc7SyY6rEUpg.jpeg","width":1600,"height":1600,"caption":"skaitytaknyga.lt"},"image":{"@id":"https:\/\/skaitytaknyga.lt\/#\/schema\/logo\/image\/"},"sameAs":["https:\/\/www.facebook.com\/skaitytaknyga\/"]}]}},"_links":{"self":[{"href":"https:\/\/skaitytaknyga.lt\/en\/wp-json\/wp\/v2\/product\/10031","targetHints":{"allow":["GET"]}}],"collection":[{"href":"https:\/\/skaitytaknyga.lt\/en\/wp-json\/wp\/v2\/product"}],"about":[{"href":"https:\/\/skaitytaknyga.lt\/en\/wp-json\/wp\/v2\/types\/product"}],"replies":[{"embeddable":true,"href":"https:\/\/skaitytaknyga.lt\/en\/wp-json\/wp\/v2\/comments?post=10031"}],"wp:featuredmedia":[{"embeddable":true,"href":"https:\/\/skaitytaknyga.lt\/en\/wp-json\/wp\/v2\/media\/10075"}],"wp:attachment":[{"href":"https:\/\/skaitytaknyga.lt\/en\/wp-json\/wp\/v2\/media?parent=10031"}],"wp:term":[{"taxonomy":"product_brand","embeddable":true,"href":"https:\/\/skaitytaknyga.lt\/en\/wp-json\/wp\/v2\/product_brand?post=10031"},{"taxonomy":"product_cat","embeddable":true,"href":"https:\/\/skaitytaknyga.lt\/en\/wp-json\/wp\/v2\/product_cat?post=10031"},{"taxonomy":"product_tag","embeddable":true,"href":"https:\/\/skaitytaknyga.lt\/en\/wp-json\/wp\/v2\/product_tag?post=10031"}],"curies":[{"name":"wp","href":"https:\/\/api.w.org\/{rel}","templated":true}]}}