{"id":10030,"date":"2024-05-04T18:04:56","date_gmt":"2024-05-04T18:04:56","guid":{"rendered":"https:\/\/skaitytaknyga.lt\/?post_type=product&#038;p=10030"},"modified":"2026-03-05T16:00:48","modified_gmt":"2026-03-05T14:00:48","slug":"darja-doncova-zavusis-bjaurybe","status":"publish","type":"product","link":"https:\/\/skaitytaknyga.lt\/en\/produktas\/darja-doncova-zavusis-bjaurybe\/","title":{"rendered":"\u017davusis bjauryb\u0117"},"content":{"rendered":"<p>Susilau\u017eiusi koj\u0105, Katios marti Julia atgul\u0117 \u012f Sklifosovskio institut\u0105. Netik\u0117tai Julios palatos kaimyn\u0117s Nastia ir Irina mir\u0161ta nuo trombin\u0117s embolijos.<\/p>\n<p>Jevlampijai tenka vykdyti pomirtin\u012f Nastios pra\u0161ym\u0105\u00a0\u2013 suie\u0161koti jos brol\u012f ir atiduoti jam trisde\u0161imt t\u016bkstan\u010di\u0173 doleri\u0173. Ta\u010diau rasti Jegor\u0105, Nastios brol\u012f, ne taip paprasta. Vykdant jo paie\u0161k\u0105, kyla gr\u0117sm\u0117 Jevlampijos gyvybei.<\/p>\n","protected":false},"excerpt":{"rendered":"<p>Susilau\u017eiusi koj\u0105, Katios marti Julia atgul\u0117 \u012f Sklifosovskio institut\u0105. Netik\u0117tai Julios palatos kaimyn\u0117s Nastia ir Irina mir\u0161ta nuo trombin\u0117s embolijos.<\/p>\n<p>Jevlampijai tenka vykdyti pomirtin\u012f Nastios pra\u0161ym\u0105\u00a0\u2013 suie\u0161koti jos brol\u012f ir atiduoti jam trisde\u0161imt t\u016bkstan\u010di\u0173 doleri\u0173. Ta\u010diau rasti Jegor\u0105, Nastios brol\u012f, ne taip paprasta. Vykdant jo paie\u0161k\u0105, kyla gr\u0117sm\u0117 Jevlampijos gyvybei.<\/p>\n","protected":false},"featured_media":10074,"comment_status":"closed","ping_status":"closed","template":"","meta":{"_acf_changed":false,"site-sidebar-layout":"default","site-content-layout":"","ast-site-content-layout":"default","site-content-style":"default","site-sidebar-style":"default","ast-global-header-display":"","ast-banner-title-visibility":"","ast-main-header-display":"","ast-hfb-above-header-display":"","ast-hfb-below-header-display":"","ast-hfb-mobile-header-display":"","site-post-title":"","ast-breadcrumbs-content":"","ast-featured-img":"","footer-sml-layout":"","ast-disable-related-posts":"","theme-transparent-header-meta":"","adv-header-id-meta":"","stick-header-meta":"","header-above-stick-meta":"","header-main-stick-meta":"","header-below-stick-meta":"","astra-migrate-meta-layouts":"default","ast-page-background-enabled":"default","ast-page-background-meta":{"desktop":{"background-color":"","background-image":"","background-repeat":"repeat","background-position":"center center","background-size":"auto","background-attachment":"scroll","background-type":"","background-media":"","overlay-type":"","overlay-color":"","overlay-opacity":"","overlay-gradient":""},"tablet":{"background-color":"","background-image":"","background-repeat":"repeat","background-position":"center center","background-size":"auto","background-attachment":"scroll","background-type":"","background-media":"","overlay-type":"","overlay-color":"","overlay-opacity":"","overlay-gradient":""},"mobile":{"background-color":"","background-image":"","background-repeat":"repeat","background-position":"center center","background-size":"auto","background-attachment":"scroll","background-type":"","background-media":"","overlay-type":"","overlay-color":"","overlay-opacity":"","overlay-gradient":""}},"ast-content-background-meta":{"desktop":{"background-color":"var(--ast-global-color-4)","background-image":"","background-repeat":"repeat","background-position":"center center","background-size":"auto","background-attachment":"scroll","background-type":"","background-media":"","overlay-type":"","overlay-color":"","overlay-opacity":"","overlay-gradient":""},"tablet":{"background-color":"var(--ast-global-color-4)","background-image":"","background-repeat":"repeat","background-position":"center center","background-size":"auto","background-attachment":"scroll","background-type":"","background-media":"","overlay-type":"","overlay-color":"","overlay-opacity":"","overlay-gradient":""},"mobile":{"background-color":"var(--ast-global-color-4)","background-image":"","background-repeat":"repeat","background-position":"center center","background-size":"auto","background-attachment":"scroll","background-type":"","background-media":"","overlay-type":"","overlay-color":"","overlay-opacity":"","overlay-gradient":""}}},"product_brand":[],"product_cat":[9581],"product_tag":[],"class_list":{"0":"post-10030","1":"product","2":"type-product","3":"status-publish","4":"has-post-thumbnail","6":"product_cat-kriminaliniai-romanai","7":"desktop-align-left","8":"tablet-align-left","9":"mobile-align-left","11":"first","12":"instock","13":"shipping-taxable","14":"purchasable","15":"product-type-simple"},"acf":[],"yoast_head":"<!-- This site is optimized with the Yoast SEO plugin v27.4 - https:\/\/yoast.com\/product\/yoast-seo-wordpress\/ -->\n<title>\u017davusis bjauryb\u0117<\/title>\n<meta name=\"description\" content=\"Susilau\u017eiusi koj\u0105, Katios marti Julia atgul\u0117 \u012f Sklifosovskio institut\u0105. Netik\u0117tai Julios palatos kaimyn\u0117s Nastia ir Irina mir\u0161ta nuo trombin\u0117s embolijos.  Jevlampijai tenka vykdyti pomirtin\u012f Nastios pra\u0161ym\u0105\u00a0\u2013 suie\u0161koti jos brol\u012f ir atiduoti jam trisde\u0161imt t\u016bkstan\u010di\u0173 doleri\u0173. Ta\u010diau rasti Jegor\u0105, Nastios brol\u012f, ne taip paprasta. Vykdant jo paie\u0161k\u0105, kyla gr\u0117sm\u0117 Jevlampijos gyvybei.\" \/>\n<meta name=\"robots\" content=\"index, follow, max-snippet:-1, max-image-preview:large, max-video-preview:-1\" \/>\n<link rel=\"canonical\" href=\"https:\/\/skaitytaknyga.lt\/en\/produktas\/darja-doncova-zavusis-bjaurybe\/\" \/>\n<meta property=\"og:locale\" content=\"en_GB\" \/>\n<meta property=\"og:locale:alternate\" content=\"lt_LT\" \/>\n<meta property=\"og:type\" content=\"article\" \/>\n<meta property=\"og:title\" content=\"\u017davusis bjauryb\u0117\" \/>\n<meta property=\"og:description\" content=\"Susilau\u017eiusi koj\u0105, Katios marti Julia atgul\u0117 \u012f Sklifosovskio institut\u0105. Netik\u0117tai Julios palatos kaimyn\u0117s Nastia ir Irina mir\u0161ta nuo trombin\u0117s embolijos.  Jevlampijai tenka vykdyti pomirtin\u012f Nastios pra\u0161ym\u0105\u00a0\u2013 suie\u0161koti jos brol\u012f ir atiduoti jam trisde\u0161imt t\u016bkstan\u010di\u0173 doleri\u0173. Ta\u010diau rasti Jegor\u0105, Nastios brol\u012f, ne taip paprasta. Vykdant jo paie\u0161k\u0105, kyla gr\u0117sm\u0117 Jevlampijos gyvybei.\" \/>\n<meta property=\"og:url\" content=\"https:\/\/skaitytaknyga.lt\/en\/produktas\/darja-doncova-zavusis-bjaurybe\/\" \/>\n<meta property=\"og:site_name\" content=\"Skaitytaknyga\" \/>\n<meta property=\"article:publisher\" content=\"https:\/\/www.facebook.com\/skaitytaknyga\/\" \/>\n<meta property=\"article:modified_time\" content=\"2026-03-05T14:00:48+00:00\" \/>\n<meta property=\"og:image\" content=\"https:\/\/skaitytaknyga.lt\/wp-content\/uploads\/2024\/05\/1462878603_img0024.jpg\" \/>\n\t<meta property=\"og:image:width\" content=\"262\" \/>\n\t<meta property=\"og:image:height\" content=\"430\" \/>\n\t<meta property=\"og:image:type\" content=\"image\/jpeg\" \/>\n<meta name=\"twitter:card\" content=\"summary_large_image\" \/>\n<script type=\"application\/ld+json\" class=\"yoast-schema-graph\">{\"@context\":\"https:\\\/\\\/schema.org\",\"@graph\":[{\"@type\":\"WebPage\",\"@id\":\"https:\\\/\\\/skaitytaknyga.lt\\\/produktas\\\/darja-doncova-zavusis-bjaurybe\\\/\",\"url\":\"https:\\\/\\\/skaitytaknyga.lt\\\/produktas\\\/darja-doncova-zavusis-bjaurybe\\\/\",\"name\":\"\u017davusis bjauryb\u0117\",\"isPartOf\":{\"@id\":\"https:\\\/\\\/skaitytaknyga.lt\\\/#website\"},\"primaryImageOfPage\":{\"@id\":\"https:\\\/\\\/skaitytaknyga.lt\\\/produktas\\\/darja-doncova-zavusis-bjaurybe\\\/#primaryimage\"},\"image\":{\"@id\":\"https:\\\/\\\/skaitytaknyga.lt\\\/produktas\\\/darja-doncova-zavusis-bjaurybe\\\/#primaryimage\"},\"thumbnailUrl\":\"https:\\\/\\\/skaitytaknyga.lt\\\/wp-content\\\/uploads\\\/2024\\\/05\\\/1462878603_img0024.jpg\",\"datePublished\":\"2024-05-04T18:04:56+00:00\",\"dateModified\":\"2026-03-05T14:00:48+00:00\",\"description\":\"Susilau\u017eiusi koj\u0105, Katios marti Julia atgul\u0117 \u012f Sklifosovskio institut\u0105. Netik\u0117tai Julios palatos kaimyn\u0117s Nastia ir Irina mir\u0161ta nuo trombin\u0117s embolijos. Jevlampijai tenka vykdyti pomirtin\u012f Nastios pra\u0161ym\u0105\u00a0\u2013 suie\u0161koti jos brol\u012f ir atiduoti jam trisde\u0161imt t\u016bkstan\u010di\u0173 doleri\u0173. Ta\u010diau rasti Jegor\u0105, Nastios brol\u012f, ne taip paprasta. Vykdant jo paie\u0161k\u0105, kyla gr\u0117sm\u0117 Jevlampijos gyvybei.\",\"breadcrumb\":{\"@id\":\"https:\\\/\\\/skaitytaknyga.lt\\\/produktas\\\/darja-doncova-zavusis-bjaurybe\\\/#breadcrumb\"},\"inLanguage\":\"en-GB\",\"potentialAction\":[{\"@type\":\"ReadAction\",\"target\":[\"https:\\\/\\\/skaitytaknyga.lt\\\/produktas\\\/darja-doncova-zavusis-bjaurybe\\\/\"]}]},{\"@type\":\"ImageObject\",\"inLanguage\":\"en-GB\",\"@id\":\"https:\\\/\\\/skaitytaknyga.lt\\\/produktas\\\/darja-doncova-zavusis-bjaurybe\\\/#primaryimage\",\"url\":\"https:\\\/\\\/skaitytaknyga.lt\\\/wp-content\\\/uploads\\\/2024\\\/05\\\/1462878603_img0024.jpg\",\"contentUrl\":\"https:\\\/\\\/skaitytaknyga.lt\\\/wp-content\\\/uploads\\\/2024\\\/05\\\/1462878603_img0024.jpg\",\"width\":262,\"height\":430},{\"@type\":\"BreadcrumbList\",\"@id\":\"https:\\\/\\\/skaitytaknyga.lt\\\/produktas\\\/darja-doncova-zavusis-bjaurybe\\\/#breadcrumb\",\"itemListElement\":[{\"@type\":\"ListItem\",\"position\":1,\"name\":\"Home\",\"item\":\"https:\\\/\\\/skaitytaknyga.lt\\\/\"},{\"@type\":\"ListItem\",\"position\":2,\"name\":\"Parduotuv\u0117\",\"item\":\"https:\\\/\\\/skaitytaknyga.lt\\\/knygu-parduotuve\\\/\"},{\"@type\":\"ListItem\",\"position\":3,\"name\":\"\u017davusis bjauryb\u0117\"}]},{\"@type\":\"WebSite\",\"@id\":\"https:\\\/\\\/skaitytaknyga.lt\\\/#website\",\"url\":\"https:\\\/\\\/skaitytaknyga.lt\\\/\",\"name\":\"skaitytaknyga.lt\",\"description\":\"Skaitytaknyga.lt \u2013 tai ma\u017eas \u0161eimos verslas, kuris prasid\u0117jo nuo meil\u0117s knygoms ir siekio i\u0161gelb\u0117ti knygas nuo likimo prie konteinerio. Kas vienam nereikalingas daiktas \u2013 kitam lobis, o mes esame tarpininkai, kurie padeda abiems tapti laimingesniems ???? \u017dinome kaip nelengva i\u0161gyventi ma\u017eiems verslams, tad nuo \u0161iol, \u010dia rasite ir kit\u0173, ma\u017e\u0173 \u0161eim\u0173 versl\u0173, rank\u0173 darbo, dovan\u0173 sau ir artimiesiems.\",\"publisher\":{\"@id\":\"https:\\\/\\\/skaitytaknyga.lt\\\/#organization\"},\"potentialAction\":[{\"@type\":\"SearchAction\",\"target\":{\"@type\":\"EntryPoint\",\"urlTemplate\":\"https:\\\/\\\/skaitytaknyga.lt\\\/?s={search_term_string}\"},\"query-input\":{\"@type\":\"PropertyValueSpecification\",\"valueRequired\":true,\"valueName\":\"search_term_string\"}}],\"inLanguage\":\"en-GB\"},{\"@type\":\"Organization\",\"@id\":\"https:\\\/\\\/skaitytaknyga.lt\\\/#organization\",\"name\":\"skaitytaknyga.lt\",\"url\":\"https:\\\/\\\/skaitytaknyga.lt\\\/\",\"logo\":{\"@type\":\"ImageObject\",\"inLanguage\":\"en-GB\",\"@id\":\"https:\\\/\\\/skaitytaknyga.lt\\\/#\\\/schema\\\/logo\\\/image\\\/\",\"url\":\"https:\\\/\\\/skaitytaknyga.lt\\\/wp-content\\\/uploads\\\/2024\\\/05\\\/cropped-cropped-cropped-02_00843_jt3bggkj1j3HLc7SyY6rEUpg.jpeg\",\"contentUrl\":\"https:\\\/\\\/skaitytaknyga.lt\\\/wp-content\\\/uploads\\\/2024\\\/05\\\/cropped-cropped-cropped-02_00843_jt3bggkj1j3HLc7SyY6rEUpg.jpeg\",\"width\":1600,\"height\":1600,\"caption\":\"skaitytaknyga.lt\"},\"image\":{\"@id\":\"https:\\\/\\\/skaitytaknyga.lt\\\/#\\\/schema\\\/logo\\\/image\\\/\"},\"sameAs\":[\"https:\\\/\\\/www.facebook.com\\\/skaitytaknyga\\\/\"]}]}<\/script>\n<!-- \/ Yoast SEO plugin. -->","yoast_head_json":{"title":"\u017davusis bjauryb\u0117","description":"Susilau\u017eiusi koj\u0105, Katios marti Julia atgul\u0117 \u012f Sklifosovskio institut\u0105. Netik\u0117tai Julios palatos kaimyn\u0117s Nastia ir Irina mir\u0161ta nuo trombin\u0117s embolijos.  Jevlampijai tenka vykdyti pomirtin\u012f Nastios pra\u0161ym\u0105\u00a0\u2013 suie\u0161koti jos brol\u012f ir atiduoti jam trisde\u0161imt t\u016bkstan\u010di\u0173 doleri\u0173. Ta\u010diau rasti Jegor\u0105, Nastios brol\u012f, ne taip paprasta. Vykdant jo paie\u0161k\u0105, kyla gr\u0117sm\u0117 Jevlampijos gyvybei.","robots":{"index":"index","follow":"follow","max-snippet":"max-snippet:-1","max-image-preview":"max-image-preview:large","max-video-preview":"max-video-preview:-1"},"canonical":"https:\/\/skaitytaknyga.lt\/en\/produktas\/darja-doncova-zavusis-bjaurybe\/","og_locale":"en_GB","og_type":"article","og_title":"[:lt]\u017davusis bjauryb\u0117[:] - Skaitytaknyga","og_description":"Susilau\u017eiusi koj\u0105, Katios marti Julia atgul\u0117 \u012f Sklifosovskio institut\u0105. Netik\u0117tai Julios palatos kaimyn\u0117s Nastia ir Irina mir\u0161ta nuo trombin\u0117s embolijos.  Jevlampijai tenka vykdyti pomirtin\u012f Nastios pra\u0161ym\u0105\u00a0\u2013 suie\u0161koti jos brol\u012f ir atiduoti jam trisde\u0161imt t\u016bkstan\u010di\u0173 doleri\u0173. Ta\u010diau rasti Jegor\u0105, Nastios brol\u012f, ne taip paprasta. Vykdant jo paie\u0161k\u0105, kyla gr\u0117sm\u0117 Jevlampijos gyvybei.","og_url":"https:\/\/skaitytaknyga.lt\/en\/produktas\/darja-doncova-zavusis-bjaurybe\/","og_site_name":"Skaitytaknyga","article_publisher":"https:\/\/www.facebook.com\/skaitytaknyga\/","article_modified_time":"2026-03-05T14:00:48+00:00","og_image":[{"width":262,"height":430,"url":"https:\/\/skaitytaknyga.lt\/wp-content\/uploads\/2024\/05\/1462878603_img0024.jpg","type":"image\/jpeg"}],"twitter_card":"summary_large_image","schema":{"@context":"https:\/\/schema.org","@graph":[{"@type":"WebPage","@id":"https:\/\/skaitytaknyga.lt\/produktas\/darja-doncova-zavusis-bjaurybe\/","url":"https:\/\/skaitytaknyga.lt\/produktas\/darja-doncova-zavusis-bjaurybe\/","name":"\u017davusis bjauryb\u0117","isPartOf":{"@id":"https:\/\/skaitytaknyga.lt\/#website"},"primaryImageOfPage":{"@id":"https:\/\/skaitytaknyga.lt\/produktas\/darja-doncova-zavusis-bjaurybe\/#primaryimage"},"image":{"@id":"https:\/\/skaitytaknyga.lt\/produktas\/darja-doncova-zavusis-bjaurybe\/#primaryimage"},"thumbnailUrl":"https:\/\/skaitytaknyga.lt\/wp-content\/uploads\/2024\/05\/1462878603_img0024.jpg","datePublished":"2024-05-04T18:04:56+00:00","dateModified":"2026-03-05T14:00:48+00:00","description":"Susilau\u017eiusi koj\u0105, Katios marti Julia atgul\u0117 \u012f Sklifosovskio institut\u0105. Netik\u0117tai Julios palatos kaimyn\u0117s Nastia ir Irina mir\u0161ta nuo trombin\u0117s embolijos. Jevlampijai tenka vykdyti pomirtin\u012f Nastios pra\u0161ym\u0105\u00a0\u2013 suie\u0161koti jos brol\u012f ir atiduoti jam trisde\u0161imt t\u016bkstan\u010di\u0173 doleri\u0173. Ta\u010diau rasti Jegor\u0105, Nastios brol\u012f, ne taip paprasta. Vykdant jo paie\u0161k\u0105, kyla gr\u0117sm\u0117 Jevlampijos gyvybei.","breadcrumb":{"@id":"https:\/\/skaitytaknyga.lt\/produktas\/darja-doncova-zavusis-bjaurybe\/#breadcrumb"},"inLanguage":"en-GB","potentialAction":[{"@type":"ReadAction","target":["https:\/\/skaitytaknyga.lt\/produktas\/darja-doncova-zavusis-bjaurybe\/"]}]},{"@type":"ImageObject","inLanguage":"en-GB","@id":"https:\/\/skaitytaknyga.lt\/produktas\/darja-doncova-zavusis-bjaurybe\/#primaryimage","url":"https:\/\/skaitytaknyga.lt\/wp-content\/uploads\/2024\/05\/1462878603_img0024.jpg","contentUrl":"https:\/\/skaitytaknyga.lt\/wp-content\/uploads\/2024\/05\/1462878603_img0024.jpg","width":262,"height":430},{"@type":"BreadcrumbList","@id":"https:\/\/skaitytaknyga.lt\/produktas\/darja-doncova-zavusis-bjaurybe\/#breadcrumb","itemListElement":[{"@type":"ListItem","position":1,"name":"Home","item":"https:\/\/skaitytaknyga.lt\/"},{"@type":"ListItem","position":2,"name":"Parduotuv\u0117","item":"https:\/\/skaitytaknyga.lt\/knygu-parduotuve\/"},{"@type":"ListItem","position":3,"name":"\u017davusis bjauryb\u0117"}]},{"@type":"WebSite","@id":"https:\/\/skaitytaknyga.lt\/#website","url":"https:\/\/skaitytaknyga.lt\/","name":"skaitytaknyga.lt","description":"Skaitytaknyga.lt \u2013 tai ma\u017eas \u0161eimos verslas, kuris prasid\u0117jo nuo meil\u0117s knygoms ir siekio i\u0161gelb\u0117ti knygas nuo likimo prie konteinerio. Kas vienam nereikalingas daiktas \u2013 kitam lobis, o mes esame tarpininkai, kurie padeda abiems tapti laimingesniems ???? \u017dinome kaip nelengva i\u0161gyventi ma\u017eiems verslams, tad nuo \u0161iol, \u010dia rasite ir kit\u0173, ma\u017e\u0173 \u0161eim\u0173 versl\u0173, rank\u0173 darbo, dovan\u0173 sau ir artimiesiems.","publisher":{"@id":"https:\/\/skaitytaknyga.lt\/#organization"},"potentialAction":[{"@type":"SearchAction","target":{"@type":"EntryPoint","urlTemplate":"https:\/\/skaitytaknyga.lt\/?s={search_term_string}"},"query-input":{"@type":"PropertyValueSpecification","valueRequired":true,"valueName":"search_term_string"}}],"inLanguage":"en-GB"},{"@type":"Organization","@id":"https:\/\/skaitytaknyga.lt\/#organization","name":"skaitytaknyga.lt","url":"https:\/\/skaitytaknyga.lt\/","logo":{"@type":"ImageObject","inLanguage":"en-GB","@id":"https:\/\/skaitytaknyga.lt\/#\/schema\/logo\/image\/","url":"https:\/\/skaitytaknyga.lt\/wp-content\/uploads\/2024\/05\/cropped-cropped-cropped-02_00843_jt3bggkj1j3HLc7SyY6rEUpg.jpeg","contentUrl":"https:\/\/skaitytaknyga.lt\/wp-content\/uploads\/2024\/05\/cropped-cropped-cropped-02_00843_jt3bggkj1j3HLc7SyY6rEUpg.jpeg","width":1600,"height":1600,"caption":"skaitytaknyga.lt"},"image":{"@id":"https:\/\/skaitytaknyga.lt\/#\/schema\/logo\/image\/"},"sameAs":["https:\/\/www.facebook.com\/skaitytaknyga\/"]}]}},"_links":{"self":[{"href":"https:\/\/skaitytaknyga.lt\/en\/wp-json\/wp\/v2\/product\/10030","targetHints":{"allow":["GET"]}}],"collection":[{"href":"https:\/\/skaitytaknyga.lt\/en\/wp-json\/wp\/v2\/product"}],"about":[{"href":"https:\/\/skaitytaknyga.lt\/en\/wp-json\/wp\/v2\/types\/product"}],"replies":[{"embeddable":true,"href":"https:\/\/skaitytaknyga.lt\/en\/wp-json\/wp\/v2\/comments?post=10030"}],"wp:featuredmedia":[{"embeddable":true,"href":"https:\/\/skaitytaknyga.lt\/en\/wp-json\/wp\/v2\/media\/10074"}],"wp:attachment":[{"href":"https:\/\/skaitytaknyga.lt\/en\/wp-json\/wp\/v2\/media?parent=10030"}],"wp:term":[{"taxonomy":"product_brand","embeddable":true,"href":"https:\/\/skaitytaknyga.lt\/en\/wp-json\/wp\/v2\/product_brand?post=10030"},{"taxonomy":"product_cat","embeddable":true,"href":"https:\/\/skaitytaknyga.lt\/en\/wp-json\/wp\/v2\/product_cat?post=10030"},{"taxonomy":"product_tag","embeddable":true,"href":"https:\/\/skaitytaknyga.lt\/en\/wp-json\/wp\/v2\/product_tag?post=10030"}],"curies":[{"name":"wp","href":"https:\/\/api.w.org\/{rel}","templated":true}]}}