{"id":10019,"date":"2024-05-04T18:04:34","date_gmt":"2024-05-04T18:04:34","guid":{"rendered":"https:\/\/skaitytaknyga.lt\/?post_type=product&#038;p=10019"},"modified":"2026-03-18T14:59:58","modified_gmt":"2026-03-18T12:59:58","slug":"rinktines-advokatu-kalbos-teisme","status":"publish","type":"product","link":"https:\/\/skaitytaknyga.lt\/en\/produktas\/rinktines-advokatu-kalbos-teisme\/","title":{"rendered":"Rinktin\u0117s advokat\u0173 kalbos teisme"},"content":{"rendered":"<p>Ketvirtuoju leidiniu \u201e<strong>Rinktin\u0117s advokat\u0173 kalbos teisme<\/strong>&#8221; baigiamas teismini\u0173 kalb\u0173 ciklas, apimantis 1958-1998 m. laikotarp\u012f. \u010cia skelbiamos \u017einom\u0173 Lietuvos advokat\u0173 ginamosios ir atstovaujamosios kalbos, pasakytos teismuose sprend\u017eiant baud\u017eiam\u0105sias ir civilines bylas. Skaitytojai ras ir autori\u0173 min\u010di\u0173 apie \u0161iandienin\u0119 m\u016bs\u0173 valstyb\u0119, teisin\u0119 reform\u0105, advokat\u016br\u0105 ir advokat\u0105.<\/p>\n","protected":false},"excerpt":{"rendered":"<p>Ketvirtuoju leidiniu \u201e<strong>Rinktin\u0117s advokat\u0173 kalbos teisme<\/strong>&#8221; baigiamas teismini\u0173 kalb\u0173 ciklas, apimantis 1958-1998 m. laikotarp\u012f. \u010cia skelbiamos \u017einom\u0173 Lietuvos advokat\u0173 ginamosios ir atstovaujamosios kalbos, pasakytos teismuose sprend\u017eiant baud\u017eiam\u0105sias ir civilines bylas. Skaitytojai ras ir autori\u0173 min\u010di\u0173 apie \u0161iandienin\u0119 m\u016bs\u0173 valstyb\u0119, teisin\u0119 reform\u0105, advokat\u016br\u0105 ir advokat\u0105.<\/p>\n","protected":false},"featured_media":10066,"comment_status":"closed","ping_status":"closed","template":"","meta":{"_acf_changed":false,"site-sidebar-layout":"default","site-content-layout":"","ast-site-content-layout":"default","site-content-style":"default","site-sidebar-style":"default","ast-global-header-display":"","ast-banner-title-visibility":"","ast-main-header-display":"","ast-hfb-above-header-display":"","ast-hfb-below-header-display":"","ast-hfb-mobile-header-display":"","site-post-title":"","ast-breadcrumbs-content":"","ast-featured-img":"","footer-sml-layout":"","ast-disable-related-posts":"","theme-transparent-header-meta":"","adv-header-id-meta":"","stick-header-meta":"","header-above-stick-meta":"","header-main-stick-meta":"","header-below-stick-meta":"","astra-migrate-meta-layouts":"default","ast-page-background-enabled":"default","ast-page-background-meta":{"desktop":{"background-color":"","background-image":"","background-repeat":"repeat","background-position":"center center","background-size":"auto","background-attachment":"scroll","background-type":"","background-media":"","overlay-type":"","overlay-color":"","overlay-opacity":"","overlay-gradient":""},"tablet":{"background-color":"","background-image":"","background-repeat":"repeat","background-position":"center center","background-size":"auto","background-attachment":"scroll","background-type":"","background-media":"","overlay-type":"","overlay-color":"","overlay-opacity":"","overlay-gradient":""},"mobile":{"background-color":"","background-image":"","background-repeat":"repeat","background-position":"center center","background-size":"auto","background-attachment":"scroll","background-type":"","background-media":"","overlay-type":"","overlay-color":"","overlay-opacity":"","overlay-gradient":""}},"ast-content-background-meta":{"desktop":{"background-color":"var(--ast-global-color-4)","background-image":"","background-repeat":"repeat","background-position":"center center","background-size":"auto","background-attachment":"scroll","background-type":"","background-media":"","overlay-type":"","overlay-color":"","overlay-opacity":"","overlay-gradient":""},"tablet":{"background-color":"var(--ast-global-color-4)","background-image":"","background-repeat":"repeat","background-position":"center center","background-size":"auto","background-attachment":"scroll","background-type":"","background-media":"","overlay-type":"","overlay-color":"","overlay-opacity":"","overlay-gradient":""},"mobile":{"background-color":"var(--ast-global-color-4)","background-image":"","background-repeat":"repeat","background-position":"center center","background-size":"auto","background-attachment":"scroll","background-type":"","background-media":"","overlay-type":"","overlay-color":"","overlay-opacity":"","overlay-gradient":""}}},"product_brand":[],"product_cat":[9862,174,436],"product_tag":[],"class_list":{"0":"post-10019","1":"product","2":"type-product","3":"status-publish","4":"has-post-thumbnail","6":"product_cat-lietuvos-istorija","7":"product_cat-istorija-ir-politologija","8":"product_cat-teise","9":"desktop-align-left","10":"tablet-align-left","11":"mobile-align-left","13":"first","14":"instock","15":"shipping-taxable","16":"purchasable","17":"product-type-simple"},"acf":[],"yoast_head":"<!-- This site is optimized with the Yoast SEO plugin v27.0 - https:\/\/yoast.com\/product\/yoast-seo-wordpress\/ -->\n<title>Rinktin\u0117s advokat\u0173 kalbos teisme<\/title>\n<meta name=\"description\" content=\"Ketvirtuoju leidiniu \u201eRinktin\u0117s advokat\u0173 kalbos teisme&quot; baigiamas teismini\u0173 kalb\u0173 ciklas, apimantis 1958-1998 m. laikotarp\u012f. \u010cia skelbiamos \u017einom\u0173 Lietuvos advokat\u0173 ginamosios ir atstovaujamosios kalbos, pasakytos teismuose sprend\u017eiant baud\u017eiam\u0105sias ir civilines bylas. Skaitytojai ras ir autori\u0173 min\u010di\u0173 apie \u0161iandienin\u0119 m\u016bs\u0173 valstyb\u0119, teisin\u0119 reform\u0105, advokat\u016br\u0105 ir advokat\u0105.\" \/>\n<meta name=\"robots\" content=\"index, follow, max-snippet:-1, max-image-preview:large, max-video-preview:-1\" \/>\n<link rel=\"canonical\" href=\"https:\/\/skaitytaknyga.lt\/en\/produktas\/rinktines-advokatu-kalbos-teisme\/\" \/>\n<meta property=\"og:locale\" content=\"en_GB\" \/>\n<meta property=\"og:locale:alternate\" content=\"lt_LT\" \/>\n<meta property=\"og:type\" content=\"article\" \/>\n<meta property=\"og:title\" content=\"Rinktin\u0117s advokat\u0173 kalbos teisme\" \/>\n<meta property=\"og:description\" content=\"Ketvirtuoju leidiniu \u201eRinktin\u0117s advokat\u0173 kalbos teisme&quot; baigiamas teismini\u0173 kalb\u0173 ciklas, apimantis 1958-1998 m. laikotarp\u012f. \u010cia skelbiamos \u017einom\u0173 Lietuvos advokat\u0173 ginamosios ir atstovaujamosios kalbos, pasakytos teismuose sprend\u017eiant baud\u017eiam\u0105sias ir civilines bylas. Skaitytojai ras ir autori\u0173 min\u010di\u0173 apie \u0161iandienin\u0119 m\u016bs\u0173 valstyb\u0119, teisin\u0119 reform\u0105, advokat\u016br\u0105 ir advokat\u0105.\" \/>\n<meta property=\"og:url\" content=\"https:\/\/skaitytaknyga.lt\/en\/produktas\/rinktines-advokatu-kalbos-teisme\/\" \/>\n<meta property=\"og:site_name\" content=\"Skaitytaknyga\" \/>\n<meta property=\"article:publisher\" content=\"https:\/\/www.facebook.com\/skaitytaknyga\/\" \/>\n<meta property=\"article:modified_time\" content=\"2026-03-18T12:59:58+00:00\" \/>\n<meta property=\"og:image\" content=\"https:\/\/skaitytaknyga.lt\/wp-content\/uploads\/2024\/05\/rinktines-advokatu-kalbos-teisme.jpg\" \/>\n\t<meta property=\"og:image:width\" content=\"316\" \/>\n\t<meta property=\"og:image:height\" content=\"450\" \/>\n\t<meta property=\"og:image:type\" content=\"image\/jpeg\" \/>\n<meta name=\"twitter:card\" content=\"summary_large_image\" \/>\n<script type=\"application\/ld+json\" class=\"yoast-schema-graph\">{\"@context\":\"https:\/\/schema.org\",\"@graph\":[{\"@type\":\"WebPage\",\"@id\":\"https:\/\/skaitytaknyga.lt\/produktas\/rinktines-advokatu-kalbos-teisme\/\",\"url\":\"https:\/\/skaitytaknyga.lt\/produktas\/rinktines-advokatu-kalbos-teisme\/\",\"name\":\"Rinktin\u0117s advokat\u0173 kalbos teisme\",\"isPartOf\":{\"@id\":\"https:\/\/skaitytaknyga.lt\/#website\"},\"primaryImageOfPage\":{\"@id\":\"https:\/\/skaitytaknyga.lt\/produktas\/rinktines-advokatu-kalbos-teisme\/#primaryimage\"},\"image\":{\"@id\":\"https:\/\/skaitytaknyga.lt\/produktas\/rinktines-advokatu-kalbos-teisme\/#primaryimage\"},\"thumbnailUrl\":\"https:\/\/skaitytaknyga.lt\/wp-content\/uploads\/2024\/05\/rinktines-advokatu-kalbos-teisme.jpg\",\"datePublished\":\"2024-05-04T18:04:34+00:00\",\"dateModified\":\"2026-03-18T12:59:58+00:00\",\"description\":\"Ketvirtuoju leidiniu \u201eRinktin\u0117s advokat\u0173 kalbos teisme\\\" baigiamas teismini\u0173 kalb\u0173 ciklas, apimantis 1958-1998 m. laikotarp\u012f. \u010cia skelbiamos \u017einom\u0173 Lietuvos advokat\u0173 ginamosios ir atstovaujamosios kalbos, pasakytos teismuose sprend\u017eiant baud\u017eiam\u0105sias ir civilines bylas. Skaitytojai ras ir autori\u0173 min\u010di\u0173 apie \u0161iandienin\u0119 m\u016bs\u0173 valstyb\u0119, teisin\u0119 reform\u0105, advokat\u016br\u0105 ir advokat\u0105.\",\"breadcrumb\":{\"@id\":\"https:\/\/skaitytaknyga.lt\/produktas\/rinktines-advokatu-kalbos-teisme\/#breadcrumb\"},\"inLanguage\":\"en-GB\",\"potentialAction\":[{\"@type\":\"ReadAction\",\"target\":[\"https:\/\/skaitytaknyga.lt\/produktas\/rinktines-advokatu-kalbos-teisme\/\"]}]},{\"@type\":\"ImageObject\",\"inLanguage\":\"en-GB\",\"@id\":\"https:\/\/skaitytaknyga.lt\/produktas\/rinktines-advokatu-kalbos-teisme\/#primaryimage\",\"url\":\"https:\/\/skaitytaknyga.lt\/wp-content\/uploads\/2024\/05\/rinktines-advokatu-kalbos-teisme.jpg\",\"contentUrl\":\"https:\/\/skaitytaknyga.lt\/wp-content\/uploads\/2024\/05\/rinktines-advokatu-kalbos-teisme.jpg\",\"width\":316,\"height\":450},{\"@type\":\"BreadcrumbList\",\"@id\":\"https:\/\/skaitytaknyga.lt\/produktas\/rinktines-advokatu-kalbos-teisme\/#breadcrumb\",\"itemListElement\":[{\"@type\":\"ListItem\",\"position\":1,\"name\":\"Home\",\"item\":\"https:\/\/skaitytaknyga.lt\/\"},{\"@type\":\"ListItem\",\"position\":2,\"name\":\"Parduotuv\u0117\",\"item\":\"https:\/\/skaitytaknyga.lt\/knygu-parduotuve\/\"},{\"@type\":\"ListItem\",\"position\":3,\"name\":\"Rinktin\u0117s advokat\u0173 kalbos teisme\"}]},{\"@type\":\"WebSite\",\"@id\":\"https:\/\/skaitytaknyga.lt\/#website\",\"url\":\"https:\/\/skaitytaknyga.lt\/\",\"name\":\"skaitytaknyga.lt\",\"description\":\"Skaitytaknyga.lt \u2013 tai ma\u017eas \u0161eimos verslas, kuris prasid\u0117jo nuo meil\u0117s knygoms ir siekio i\u0161gelb\u0117ti knygas nuo likimo prie konteinerio. Kas vienam nereikalingas daiktas \u2013 kitam lobis, o mes esame tarpininkai, kurie padeda abiems tapti laimingesniems ???? \u017dinome kaip nelengva i\u0161gyventi ma\u017eiems verslams, tad nuo \u0161iol, \u010dia rasite ir kit\u0173, ma\u017e\u0173 \u0161eim\u0173 versl\u0173, rank\u0173 darbo, dovan\u0173 sau ir artimiesiems.\",\"publisher\":{\"@id\":\"https:\/\/skaitytaknyga.lt\/#organization\"},\"potentialAction\":[{\"@type\":\"SearchAction\",\"target\":{\"@type\":\"EntryPoint\",\"urlTemplate\":\"https:\/\/skaitytaknyga.lt\/?s={search_term_string}\"},\"query-input\":{\"@type\":\"PropertyValueSpecification\",\"valueRequired\":true,\"valueName\":\"search_term_string\"}}],\"inLanguage\":\"en-GB\"},{\"@type\":\"Organization\",\"@id\":\"https:\/\/skaitytaknyga.lt\/#organization\",\"name\":\"skaitytaknyga.lt\",\"url\":\"https:\/\/skaitytaknyga.lt\/\",\"logo\":{\"@type\":\"ImageObject\",\"inLanguage\":\"en-GB\",\"@id\":\"https:\/\/skaitytaknyga.lt\/#\/schema\/logo\/image\/\",\"url\":\"https:\/\/skaitytaknyga.lt\/wp-content\/uploads\/2024\/05\/cropped-cropped-cropped-02_00843_jt3bggkj1j3HLc7SyY6rEUpg.jpeg\",\"contentUrl\":\"https:\/\/skaitytaknyga.lt\/wp-content\/uploads\/2024\/05\/cropped-cropped-cropped-02_00843_jt3bggkj1j3HLc7SyY6rEUpg.jpeg\",\"width\":1600,\"height\":1600,\"caption\":\"skaitytaknyga.lt\"},\"image\":{\"@id\":\"https:\/\/skaitytaknyga.lt\/#\/schema\/logo\/image\/\"},\"sameAs\":[\"https:\/\/www.facebook.com\/skaitytaknyga\/\"]}]}<\/script>\n<!-- \/ Yoast SEO plugin. -->","yoast_head_json":{"title":"Rinktin\u0117s advokat\u0173 kalbos teisme","description":"Ketvirtuoju leidiniu \u201eRinktin\u0117s advokat\u0173 kalbos teisme\" baigiamas teismini\u0173 kalb\u0173 ciklas, apimantis 1958-1998 m. laikotarp\u012f. \u010cia skelbiamos \u017einom\u0173 Lietuvos advokat\u0173 ginamosios ir atstovaujamosios kalbos, pasakytos teismuose sprend\u017eiant baud\u017eiam\u0105sias ir civilines bylas. Skaitytojai ras ir autori\u0173 min\u010di\u0173 apie \u0161iandienin\u0119 m\u016bs\u0173 valstyb\u0119, teisin\u0119 reform\u0105, advokat\u016br\u0105 ir advokat\u0105.","robots":{"index":"index","follow":"follow","max-snippet":"max-snippet:-1","max-image-preview":"max-image-preview:large","max-video-preview":"max-video-preview:-1"},"canonical":"https:\/\/skaitytaknyga.lt\/en\/produktas\/rinktines-advokatu-kalbos-teisme\/","og_locale":"en_GB","og_type":"article","og_title":"[:lt]Rinktin\u0117s advokat\u0173 kalbos teisme[:] - Skaitytaknyga","og_description":"Ketvirtuoju leidiniu \u201eRinktin\u0117s advokat\u0173 kalbos teisme\" baigiamas teismini\u0173 kalb\u0173 ciklas, apimantis 1958-1998 m. laikotarp\u012f. \u010cia skelbiamos \u017einom\u0173 Lietuvos advokat\u0173 ginamosios ir atstovaujamosios kalbos, pasakytos teismuose sprend\u017eiant baud\u017eiam\u0105sias ir civilines bylas. Skaitytojai ras ir autori\u0173 min\u010di\u0173 apie \u0161iandienin\u0119 m\u016bs\u0173 valstyb\u0119, teisin\u0119 reform\u0105, advokat\u016br\u0105 ir advokat\u0105.","og_url":"https:\/\/skaitytaknyga.lt\/en\/produktas\/rinktines-advokatu-kalbos-teisme\/","og_site_name":"Skaitytaknyga","article_publisher":"https:\/\/www.facebook.com\/skaitytaknyga\/","article_modified_time":"2026-03-18T12:59:58+00:00","og_image":[{"width":316,"height":450,"url":"https:\/\/skaitytaknyga.lt\/wp-content\/uploads\/2024\/05\/rinktines-advokatu-kalbos-teisme.jpg","type":"image\/jpeg"}],"twitter_card":"summary_large_image","schema":{"@context":"https:\/\/schema.org","@graph":[{"@type":"WebPage","@id":"https:\/\/skaitytaknyga.lt\/produktas\/rinktines-advokatu-kalbos-teisme\/","url":"https:\/\/skaitytaknyga.lt\/produktas\/rinktines-advokatu-kalbos-teisme\/","name":"Rinktin\u0117s advokat\u0173 kalbos teisme","isPartOf":{"@id":"https:\/\/skaitytaknyga.lt\/#website"},"primaryImageOfPage":{"@id":"https:\/\/skaitytaknyga.lt\/produktas\/rinktines-advokatu-kalbos-teisme\/#primaryimage"},"image":{"@id":"https:\/\/skaitytaknyga.lt\/produktas\/rinktines-advokatu-kalbos-teisme\/#primaryimage"},"thumbnailUrl":"https:\/\/skaitytaknyga.lt\/wp-content\/uploads\/2024\/05\/rinktines-advokatu-kalbos-teisme.jpg","datePublished":"2024-05-04T18:04:34+00:00","dateModified":"2026-03-18T12:59:58+00:00","description":"Ketvirtuoju leidiniu \u201eRinktin\u0117s advokat\u0173 kalbos teisme\" baigiamas teismini\u0173 kalb\u0173 ciklas, apimantis 1958-1998 m. laikotarp\u012f. \u010cia skelbiamos \u017einom\u0173 Lietuvos advokat\u0173 ginamosios ir atstovaujamosios kalbos, pasakytos teismuose sprend\u017eiant baud\u017eiam\u0105sias ir civilines bylas. Skaitytojai ras ir autori\u0173 min\u010di\u0173 apie \u0161iandienin\u0119 m\u016bs\u0173 valstyb\u0119, teisin\u0119 reform\u0105, advokat\u016br\u0105 ir advokat\u0105.","breadcrumb":{"@id":"https:\/\/skaitytaknyga.lt\/produktas\/rinktines-advokatu-kalbos-teisme\/#breadcrumb"},"inLanguage":"en-GB","potentialAction":[{"@type":"ReadAction","target":["https:\/\/skaitytaknyga.lt\/produktas\/rinktines-advokatu-kalbos-teisme\/"]}]},{"@type":"ImageObject","inLanguage":"en-GB","@id":"https:\/\/skaitytaknyga.lt\/produktas\/rinktines-advokatu-kalbos-teisme\/#primaryimage","url":"https:\/\/skaitytaknyga.lt\/wp-content\/uploads\/2024\/05\/rinktines-advokatu-kalbos-teisme.jpg","contentUrl":"https:\/\/skaitytaknyga.lt\/wp-content\/uploads\/2024\/05\/rinktines-advokatu-kalbos-teisme.jpg","width":316,"height":450},{"@type":"BreadcrumbList","@id":"https:\/\/skaitytaknyga.lt\/produktas\/rinktines-advokatu-kalbos-teisme\/#breadcrumb","itemListElement":[{"@type":"ListItem","position":1,"name":"Home","item":"https:\/\/skaitytaknyga.lt\/"},{"@type":"ListItem","position":2,"name":"Parduotuv\u0117","item":"https:\/\/skaitytaknyga.lt\/knygu-parduotuve\/"},{"@type":"ListItem","position":3,"name":"Rinktin\u0117s advokat\u0173 kalbos teisme"}]},{"@type":"WebSite","@id":"https:\/\/skaitytaknyga.lt\/#website","url":"https:\/\/skaitytaknyga.lt\/","name":"skaitytaknyga.lt","description":"Skaitytaknyga.lt \u2013 tai ma\u017eas \u0161eimos verslas, kuris prasid\u0117jo nuo meil\u0117s knygoms ir siekio i\u0161gelb\u0117ti knygas nuo likimo prie konteinerio. Kas vienam nereikalingas daiktas \u2013 kitam lobis, o mes esame tarpininkai, kurie padeda abiems tapti laimingesniems ???? \u017dinome kaip nelengva i\u0161gyventi ma\u017eiems verslams, tad nuo \u0161iol, \u010dia rasite ir kit\u0173, ma\u017e\u0173 \u0161eim\u0173 versl\u0173, rank\u0173 darbo, dovan\u0173 sau ir artimiesiems.","publisher":{"@id":"https:\/\/skaitytaknyga.lt\/#organization"},"potentialAction":[{"@type":"SearchAction","target":{"@type":"EntryPoint","urlTemplate":"https:\/\/skaitytaknyga.lt\/?s={search_term_string}"},"query-input":{"@type":"PropertyValueSpecification","valueRequired":true,"valueName":"search_term_string"}}],"inLanguage":"en-GB"},{"@type":"Organization","@id":"https:\/\/skaitytaknyga.lt\/#organization","name":"skaitytaknyga.lt","url":"https:\/\/skaitytaknyga.lt\/","logo":{"@type":"ImageObject","inLanguage":"en-GB","@id":"https:\/\/skaitytaknyga.lt\/#\/schema\/logo\/image\/","url":"https:\/\/skaitytaknyga.lt\/wp-content\/uploads\/2024\/05\/cropped-cropped-cropped-02_00843_jt3bggkj1j3HLc7SyY6rEUpg.jpeg","contentUrl":"https:\/\/skaitytaknyga.lt\/wp-content\/uploads\/2024\/05\/cropped-cropped-cropped-02_00843_jt3bggkj1j3HLc7SyY6rEUpg.jpeg","width":1600,"height":1600,"caption":"skaitytaknyga.lt"},"image":{"@id":"https:\/\/skaitytaknyga.lt\/#\/schema\/logo\/image\/"},"sameAs":["https:\/\/www.facebook.com\/skaitytaknyga\/"]}]}},"_links":{"self":[{"href":"https:\/\/skaitytaknyga.lt\/en\/wp-json\/wp\/v2\/product\/10019","targetHints":{"allow":["GET"]}}],"collection":[{"href":"https:\/\/skaitytaknyga.lt\/en\/wp-json\/wp\/v2\/product"}],"about":[{"href":"https:\/\/skaitytaknyga.lt\/en\/wp-json\/wp\/v2\/types\/product"}],"replies":[{"embeddable":true,"href":"https:\/\/skaitytaknyga.lt\/en\/wp-json\/wp\/v2\/comments?post=10019"}],"wp:featuredmedia":[{"embeddable":true,"href":"https:\/\/skaitytaknyga.lt\/en\/wp-json\/wp\/v2\/media\/10066"}],"wp:attachment":[{"href":"https:\/\/skaitytaknyga.lt\/en\/wp-json\/wp\/v2\/media?parent=10019"}],"wp:term":[{"taxonomy":"product_brand","embeddable":true,"href":"https:\/\/skaitytaknyga.lt\/en\/wp-json\/wp\/v2\/product_brand?post=10019"},{"taxonomy":"product_cat","embeddable":true,"href":"https:\/\/skaitytaknyga.lt\/en\/wp-json\/wp\/v2\/product_cat?post=10019"},{"taxonomy":"product_tag","embeddable":true,"href":"https:\/\/skaitytaknyga.lt\/en\/wp-json\/wp\/v2\/product_tag?post=10019"}],"curies":[{"name":"wp","href":"https:\/\/api.w.org\/{rel}","templated":true}]}}