{"id":10018,"date":"2024-05-04T18:04:33","date_gmt":"2024-05-04T18:04:33","guid":{"rendered":"https:\/\/skaitytaknyga.lt\/?post_type=product&#038;p=10018"},"modified":"2024-05-04T18:05:37","modified_gmt":"2024-05-04T18:05:37","slug":"vertybes-lietuvio-pasaulevaizdyje","status":"publish","type":"product","link":"https:\/\/skaitytaknyga.lt\/en\/produktas\/vertybes-lietuvio-pasaulevaizdyje\/","title":{"rendered":"Vertyb\u0117s lietuvio pasaul\u0117vaizdyje"},"content":{"rendered":"<p>Konceptas \u2013 tai ne tik gyvenviet\u0117s Elektr\u0117n\u0173 savivaldyb\u0117je pavadinimas. Tai kalbinis ir kult\u016brinis rei\u0161kinio suvokimas. Kiekvienas rei\u0161kinys, arba tiksliau jo pavadinimas (\u017eodis), turi savo reik\u0161m\u0119, bet ar ji tikrai yra tokia, koki\u0105 mums paprastai pateikia \u017eodynai? Ar pateiktoji reik\u0161m\u0117 tikrai atskleid\u017eia vaizdin\u012f, kuris mums kyla i\u0161tarus vien\u0105 ar kit\u0105 \u017eod\u012f? \u012e \u0161iuos ir pana\u0161ius klausimus atsakyti gali pad\u0117ti koncepto analiz\u0117.<br \/>\nTod\u0117l \u0161ioje knygoje\u00a0<b>&#8220;Vertyb\u0117s lietuvio pasaul\u0117vaizdyje&#8221;<\/b>\u00a0rasite UGNIES, VANDENS, NAM\u0172, \u0160EIMOS, DARBO, EUROPOS, LAISV\u0116S ir GARB\u0116S konceptus. Tai am\u017einosios vertyb\u0117s, pagrindin\u0117s \u017emogaus gyvenimo ir egzistencijos plano dalys, jos atsparios laikui, perduodamos i\u0161 kartos \u012f kart\u0105, i\u0161lieka \u017emoni\u0173 s\u0105mon\u0117je kaip pagrindiniai gyvenimo siekiai, tikslai. Ir visa tai u\u017ekoduota m\u016bs\u0173 kalboje, reikia tik tinkamo rakto \u0161ioms durims atrakinti.<br \/>\nBet prie\u0161 prad\u0117dami skaityti i\u0161 prad\u017ei\u0173 pam\u0117ginkite sau atsakyti, k\u0105 kiekvienam i\u0161 j\u016bs\u0173 rei\u0161kia \u017eod\u017eiai ugnis, vanduo, namai, \u0161eima, darbas, Europa, laisv\u0117, garb\u0117? O svarbiausia \u2013 palyginkite autori\u0173 pateiktas definicijas su savo samprata.<\/p>\n","protected":false},"excerpt":{"rendered":"<p>Konceptas \u2013 tai ne tik gyvenviet\u0117s Elektr\u0117n\u0173 savivaldyb\u0117je pavadinimas. Tai kalbinis ir kult\u016brinis rei\u0161kinio suvokimas. Kiekvienas rei\u0161kinys, arba tiksliau jo pavadinimas (\u017eodis), turi savo reik\u0161m\u0119, bet ar ji tikrai yra tokia, koki\u0105 mums paprastai pateikia \u017eodynai? Ar pateiktoji reik\u0161m\u0117 tikrai atskleid\u017eia vaizdin\u012f, kuris mums kyla i\u0161tarus vien\u0105 ar kit\u0105 \u017eod\u012f? \u012e \u0161iuos ir pana\u0161ius klausimus atsakyti gali pad\u0117ti koncepto analiz\u0117.<br \/>\nTod\u0117l \u0161ioje knygoje\u00a0<b>&#8220;Vertyb\u0117s lietuvio pasaul\u0117vaizdyje&#8221;<\/b>\u00a0rasite UGNIES, VANDENS, NAM\u0172, \u0160EIMOS, DARBO, EUROPOS, LAISV\u0116S ir GARB\u0116S konceptus. Tai am\u017einosios vertyb\u0117s, pagrindin\u0117s \u017emogaus gyvenimo ir egzistencijos plano dalys, jos atsparios laikui, perduodamos i\u0161 kartos \u012f kart\u0105, i\u0161lieka \u017emoni\u0173 s\u0105mon\u0117je kaip pagrindiniai gyvenimo siekiai, tikslai. Ir visa tai u\u017ekoduota m\u016bs\u0173 kalboje, reikia tik tinkamo rakto \u0161ioms durims atrakinti.<br \/>\nBet prie\u0161 prad\u0117dami skaityti i\u0161 prad\u017ei\u0173 pam\u0117ginkite sau atsakyti, k\u0105 kiekvienam i\u0161 j\u016bs\u0173 rei\u0161kia \u017eod\u017eiai ugnis, vanduo, namai, \u0161eima, darbas, Europa, laisv\u0117, garb\u0117? O svarbiausia \u2013 palyginkite autori\u0173 pateiktas definicijas su savo samprata.<\/p>\n","protected":false},"featured_media":10065,"comment_status":"closed","ping_status":"closed","template":"","meta":{"_acf_changed":false,"site-sidebar-layout":"default","site-content-layout":"","ast-site-content-layout":"default","site-content-style":"default","site-sidebar-style":"default","ast-global-header-display":"","ast-banner-title-visibility":"","ast-main-header-display":"","ast-hfb-above-header-display":"","ast-hfb-below-header-display":"","ast-hfb-mobile-header-display":"","site-post-title":"","ast-breadcrumbs-content":"","ast-featured-img":"","footer-sml-layout":"","ast-disable-related-posts":"","theme-transparent-header-meta":"","adv-header-id-meta":"","stick-header-meta":"","header-above-stick-meta":"","header-main-stick-meta":"","header-below-stick-meta":"","astra-migrate-meta-layouts":"default","ast-page-background-enabled":"default","ast-page-background-meta":{"desktop":{"background-color":"","background-image":"","background-repeat":"repeat","background-position":"center center","background-size":"auto","background-attachment":"scroll","background-type":"","background-media":"","overlay-type":"","overlay-color":"","overlay-opacity":"","overlay-gradient":""},"tablet":{"background-color":"","background-image":"","background-repeat":"repeat","background-position":"center center","background-size":"auto","background-attachment":"scroll","background-type":"","background-media":"","overlay-type":"","overlay-color":"","overlay-opacity":"","overlay-gradient":""},"mobile":{"background-color":"","background-image":"","background-repeat":"repeat","background-position":"center center","background-size":"auto","background-attachment":"scroll","background-type":"","background-media":"","overlay-type":"","overlay-color":"","overlay-opacity":"","overlay-gradient":""}},"ast-content-background-meta":{"desktop":{"background-color":"var(--ast-global-color-4)","background-image":"","background-repeat":"repeat","background-position":"center center","background-size":"auto","background-attachment":"scroll","background-type":"","background-media":"","overlay-type":"","overlay-color":"","overlay-opacity":"","overlay-gradient":""},"tablet":{"background-color":"var(--ast-global-color-4)","background-image":"","background-repeat":"repeat","background-position":"center center","background-size":"auto","background-attachment":"scroll","background-type":"","background-media":"","overlay-type":"","overlay-color":"","overlay-opacity":"","overlay-gradient":""},"mobile":{"background-color":"var(--ast-global-color-4)","background-image":"","background-repeat":"repeat","background-position":"center center","background-size":"auto","background-attachment":"scroll","background-type":"","background-media":"","overlay-type":"","overlay-color":"","overlay-opacity":"","overlay-gradient":""}}},"product_brand":[],"product_cat":[165],"product_tag":[],"class_list":{"0":"post-10018","1":"product","2":"type-product","3":"status-publish","4":"has-post-thumbnail","6":"product_cat-religija-filosofija-ir-ezoterika","7":"desktop-align-left","8":"tablet-align-left","9":"mobile-align-left","11":"first","12":"instock","13":"shipping-taxable","14":"purchasable","15":"product-type-simple"},"acf":[],"yoast_head":"<!-- This site is optimized with the Yoast SEO plugin v27.4 - https:\/\/yoast.com\/product\/yoast-seo-wordpress\/ -->\n<title>Vertyb\u0117s lietuvio pasaul\u0117vaizdyje - Skaitytaknyga<\/title>\n<meta name=\"description\" content=\"Konceptas \u2013 tai ne tik gyvenviet\u0117s Elektr\u0117n\u0173 savivaldyb\u0117je pavadinimas. Tai kalbinis ir kult\u016brinis rei\u0161kinio suvokimas. Kiekvienas rei\u0161kinys, arba tiksliau jo pavadinimas (\u017eodis), turi savo reik\u0161m\u0119, bet ar ji tikrai yra tokia, koki\u0105 mums paprastai pateikia \u017eodynai? Ar pateiktoji reik\u0161m\u0117 tikrai atskleid\u017eia vaizdin\u012f, kuris mums kyla i\u0161tarus vien\u0105 ar kit\u0105 \u017eod\u012f? \u012e \u0161iuos ir pana\u0161ius klausimus atsakyti gali pad\u0117ti koncepto analiz\u0117. Tod\u0117l \u0161ioje knygoje\u00a0&quot;Vertyb\u0117s lietuvio pasaul\u0117vaizdyje&quot;\u00a0rasite UGNIES, VANDENS, NAM\u0172, \u0160EIMOS, DARBO, EUROPOS, LAISV\u0116S ir GARB\u0116S konceptus. Tai am\u017einosios vertyb\u0117s, pagrindin\u0117s \u017emogaus gyvenimo ir egzistencijos plano dalys, jos atsparios laikui, perduodamos i\u0161 kartos \u012f kart\u0105, i\u0161lieka \u017emoni\u0173 s\u0105mon\u0117je kaip pagrindiniai gyvenimo siekiai, tikslai. Ir visa tai u\u017ekoduota m\u016bs\u0173 kalboje, reikia tik tinkamo rakto \u0161ioms durims atrakinti. Bet prie\u0161 prad\u0117dami skaityti i\u0161 prad\u017ei\u0173 pam\u0117ginkite sau atsakyti, k\u0105 kiekvienam i\u0161 j\u016bs\u0173 rei\u0161kia \u017eod\u017eiai ugnis, vanduo, namai, \u0161eima, darbas, Europa, laisv\u0117, garb\u0117? O svarbiausia \u2013 palyginkite autori\u0173 pateiktas definicijas su savo samprata.\" \/>\n<meta name=\"robots\" content=\"index, follow, max-snippet:-1, max-image-preview:large, max-video-preview:-1\" \/>\n<link rel=\"canonical\" href=\"https:\/\/skaitytaknyga.lt\/en\/produktas\/vertybes-lietuvio-pasaulevaizdyje\/\" \/>\n<meta property=\"og:locale\" content=\"en_GB\" \/>\n<meta property=\"og:locale:alternate\" content=\"lt_LT\" \/>\n<meta property=\"og:type\" content=\"article\" \/>\n<meta property=\"og:title\" content=\"Vertyb\u0117s lietuvio pasaul\u0117vaizdyje - Skaitytaknyga\" \/>\n<meta property=\"og:description\" content=\"Konceptas \u2013 tai ne tik gyvenviet\u0117s Elektr\u0117n\u0173 savivaldyb\u0117je pavadinimas. Tai kalbinis ir kult\u016brinis rei\u0161kinio suvokimas. Kiekvienas rei\u0161kinys, arba tiksliau jo pavadinimas (\u017eodis), turi savo reik\u0161m\u0119, bet ar ji tikrai yra tokia, koki\u0105 mums paprastai pateikia \u017eodynai? Ar pateiktoji reik\u0161m\u0117 tikrai atskleid\u017eia vaizdin\u012f, kuris mums kyla i\u0161tarus vien\u0105 ar kit\u0105 \u017eod\u012f? \u012e \u0161iuos ir pana\u0161ius klausimus atsakyti gali pad\u0117ti koncepto analiz\u0117. Tod\u0117l \u0161ioje knygoje\u00a0&quot;Vertyb\u0117s lietuvio pasaul\u0117vaizdyje&quot;\u00a0rasite UGNIES, VANDENS, NAM\u0172, \u0160EIMOS, DARBO, EUROPOS, LAISV\u0116S ir GARB\u0116S konceptus. Tai am\u017einosios vertyb\u0117s, pagrindin\u0117s \u017emogaus gyvenimo ir egzistencijos plano dalys, jos atsparios laikui, perduodamos i\u0161 kartos \u012f kart\u0105, i\u0161lieka \u017emoni\u0173 s\u0105mon\u0117je kaip pagrindiniai gyvenimo siekiai, tikslai. Ir visa tai u\u017ekoduota m\u016bs\u0173 kalboje, reikia tik tinkamo rakto \u0161ioms durims atrakinti. Bet prie\u0161 prad\u0117dami skaityti i\u0161 prad\u017ei\u0173 pam\u0117ginkite sau atsakyti, k\u0105 kiekvienam i\u0161 j\u016bs\u0173 rei\u0161kia \u017eod\u017eiai ugnis, vanduo, namai, \u0161eima, darbas, Europa, laisv\u0117, garb\u0117? O svarbiausia \u2013 palyginkite autori\u0173 pateiktas definicijas su savo samprata.\" \/>\n<meta property=\"og:url\" content=\"https:\/\/skaitytaknyga.lt\/en\/produktas\/vertybes-lietuvio-pasaulevaizdyje\/\" \/>\n<meta property=\"og:site_name\" content=\"Skaitytaknyga\" \/>\n<meta property=\"article:publisher\" content=\"https:\/\/www.facebook.com\/skaitytaknyga\/\" \/>\n<meta property=\"article:modified_time\" content=\"2024-05-04T18:05:37+00:00\" \/>\n<meta property=\"og:image\" content=\"https:\/\/skaitytaknyga.lt\/wp-content\/uploads\/2024\/05\/vertybes_lietuvio_pasaulevaizdyje.jpg\" \/>\n\t<meta property=\"og:image:width\" content=\"600\" \/>\n\t<meta property=\"og:image:height\" content=\"901\" \/>\n\t<meta property=\"og:image:type\" content=\"image\/jpeg\" \/>\n<meta name=\"twitter:card\" content=\"summary_large_image\" \/>\n<meta name=\"twitter:label1\" content=\"Estimated reading time\" \/>\n\t<meta name=\"twitter:data1\" content=\"1 minute\" \/>\n<script type=\"application\/ld+json\" class=\"yoast-schema-graph\">{\"@context\":\"https:\\\/\\\/schema.org\",\"@graph\":[{\"@type\":\"WebPage\",\"@id\":\"https:\\\/\\\/skaitytaknyga.lt\\\/produktas\\\/vertybes-lietuvio-pasaulevaizdyje\\\/\",\"url\":\"https:\\\/\\\/skaitytaknyga.lt\\\/produktas\\\/vertybes-lietuvio-pasaulevaizdyje\\\/\",\"name\":\"Vertyb\u0117s lietuvio pasaul\u0117vaizdyje - Skaitytaknyga\",\"isPartOf\":{\"@id\":\"https:\\\/\\\/skaitytaknyga.lt\\\/#website\"},\"primaryImageOfPage\":{\"@id\":\"https:\\\/\\\/skaitytaknyga.lt\\\/produktas\\\/vertybes-lietuvio-pasaulevaizdyje\\\/#primaryimage\"},\"image\":{\"@id\":\"https:\\\/\\\/skaitytaknyga.lt\\\/produktas\\\/vertybes-lietuvio-pasaulevaizdyje\\\/#primaryimage\"},\"thumbnailUrl\":\"https:\\\/\\\/skaitytaknyga.lt\\\/wp-content\\\/uploads\\\/2024\\\/05\\\/vertybes_lietuvio_pasaulevaizdyje.jpg\",\"datePublished\":\"2024-05-04T18:04:33+00:00\",\"dateModified\":\"2024-05-04T18:05:37+00:00\",\"description\":\"Konceptas \u2013 tai ne tik gyvenviet\u0117s Elektr\u0117n\u0173 savivaldyb\u0117je pavadinimas. Tai kalbinis ir kult\u016brinis rei\u0161kinio suvokimas. Kiekvienas rei\u0161kinys, arba tiksliau jo pavadinimas (\u017eodis), turi savo reik\u0161m\u0119, bet ar ji tikrai yra tokia, koki\u0105 mums paprastai pateikia \u017eodynai? Ar pateiktoji reik\u0161m\u0117 tikrai atskleid\u017eia vaizdin\u012f, kuris mums kyla i\u0161tarus vien\u0105 ar kit\u0105 \u017eod\u012f? \u012e \u0161iuos ir pana\u0161ius klausimus atsakyti gali pad\u0117ti koncepto analiz\u0117. Tod\u0117l \u0161ioje knygoje\u00a0\\\"Vertyb\u0117s lietuvio pasaul\u0117vaizdyje\\\"\u00a0rasite UGNIES, VANDENS, NAM\u0172, \u0160EIMOS, DARBO, EUROPOS, LAISV\u0116S ir GARB\u0116S konceptus. Tai am\u017einosios vertyb\u0117s, pagrindin\u0117s \u017emogaus gyvenimo ir egzistencijos plano dalys, jos atsparios laikui, perduodamos i\u0161 kartos \u012f kart\u0105, i\u0161lieka \u017emoni\u0173 s\u0105mon\u0117je kaip pagrindiniai gyvenimo siekiai, tikslai. Ir visa tai u\u017ekoduota m\u016bs\u0173 kalboje, reikia tik tinkamo rakto \u0161ioms durims atrakinti. Bet prie\u0161 prad\u0117dami skaityti i\u0161 prad\u017ei\u0173 pam\u0117ginkite sau atsakyti, k\u0105 kiekvienam i\u0161 j\u016bs\u0173 rei\u0161kia \u017eod\u017eiai ugnis, vanduo, namai, \u0161eima, darbas, Europa, laisv\u0117, garb\u0117? O svarbiausia \u2013 palyginkite autori\u0173 pateiktas definicijas su savo samprata.\",\"breadcrumb\":{\"@id\":\"https:\\\/\\\/skaitytaknyga.lt\\\/produktas\\\/vertybes-lietuvio-pasaulevaizdyje\\\/#breadcrumb\"},\"inLanguage\":\"en-GB\",\"potentialAction\":[{\"@type\":\"ReadAction\",\"target\":[\"https:\\\/\\\/skaitytaknyga.lt\\\/produktas\\\/vertybes-lietuvio-pasaulevaizdyje\\\/\"]}]},{\"@type\":\"ImageObject\",\"inLanguage\":\"en-GB\",\"@id\":\"https:\\\/\\\/skaitytaknyga.lt\\\/produktas\\\/vertybes-lietuvio-pasaulevaizdyje\\\/#primaryimage\",\"url\":\"https:\\\/\\\/skaitytaknyga.lt\\\/wp-content\\\/uploads\\\/2024\\\/05\\\/vertybes_lietuvio_pasaulevaizdyje.jpg\",\"contentUrl\":\"https:\\\/\\\/skaitytaknyga.lt\\\/wp-content\\\/uploads\\\/2024\\\/05\\\/vertybes_lietuvio_pasaulevaizdyje.jpg\",\"width\":600,\"height\":901},{\"@type\":\"BreadcrumbList\",\"@id\":\"https:\\\/\\\/skaitytaknyga.lt\\\/produktas\\\/vertybes-lietuvio-pasaulevaizdyje\\\/#breadcrumb\",\"itemListElement\":[{\"@type\":\"ListItem\",\"position\":1,\"name\":\"Home\",\"item\":\"https:\\\/\\\/skaitytaknyga.lt\\\/\"},{\"@type\":\"ListItem\",\"position\":2,\"name\":\"Parduotuv\u0117\",\"item\":\"https:\\\/\\\/skaitytaknyga.lt\\\/knygu-parduotuve\\\/\"},{\"@type\":\"ListItem\",\"position\":3,\"name\":\"Vertyb\u0117s lietuvio pasaul\u0117vaizdyje\"}]},{\"@type\":\"WebSite\",\"@id\":\"https:\\\/\\\/skaitytaknyga.lt\\\/#website\",\"url\":\"https:\\\/\\\/skaitytaknyga.lt\\\/\",\"name\":\"skaitytaknyga.lt\",\"description\":\"Skaitytaknyga.lt \u2013 tai ma\u017eas \u0161eimos verslas, kuris prasid\u0117jo nuo meil\u0117s knygoms ir siekio i\u0161gelb\u0117ti knygas nuo likimo prie konteinerio. Kas vienam nereikalingas daiktas \u2013 kitam lobis, o mes esame tarpininkai, kurie padeda abiems tapti laimingesniems ???? \u017dinome kaip nelengva i\u0161gyventi ma\u017eiems verslams, tad nuo \u0161iol, \u010dia rasite ir kit\u0173, ma\u017e\u0173 \u0161eim\u0173 versl\u0173, rank\u0173 darbo, dovan\u0173 sau ir artimiesiems.\",\"publisher\":{\"@id\":\"https:\\\/\\\/skaitytaknyga.lt\\\/#organization\"},\"potentialAction\":[{\"@type\":\"SearchAction\",\"target\":{\"@type\":\"EntryPoint\",\"urlTemplate\":\"https:\\\/\\\/skaitytaknyga.lt\\\/?s={search_term_string}\"},\"query-input\":{\"@type\":\"PropertyValueSpecification\",\"valueRequired\":true,\"valueName\":\"search_term_string\"}}],\"inLanguage\":\"en-GB\"},{\"@type\":\"Organization\",\"@id\":\"https:\\\/\\\/skaitytaknyga.lt\\\/#organization\",\"name\":\"skaitytaknyga.lt\",\"url\":\"https:\\\/\\\/skaitytaknyga.lt\\\/\",\"logo\":{\"@type\":\"ImageObject\",\"inLanguage\":\"en-GB\",\"@id\":\"https:\\\/\\\/skaitytaknyga.lt\\\/#\\\/schema\\\/logo\\\/image\\\/\",\"url\":\"https:\\\/\\\/skaitytaknyga.lt\\\/wp-content\\\/uploads\\\/2024\\\/05\\\/cropped-cropped-cropped-02_00843_jt3bggkj1j3HLc7SyY6rEUpg.jpeg\",\"contentUrl\":\"https:\\\/\\\/skaitytaknyga.lt\\\/wp-content\\\/uploads\\\/2024\\\/05\\\/cropped-cropped-cropped-02_00843_jt3bggkj1j3HLc7SyY6rEUpg.jpeg\",\"width\":1600,\"height\":1600,\"caption\":\"skaitytaknyga.lt\"},\"image\":{\"@id\":\"https:\\\/\\\/skaitytaknyga.lt\\\/#\\\/schema\\\/logo\\\/image\\\/\"},\"sameAs\":[\"https:\\\/\\\/www.facebook.com\\\/skaitytaknyga\\\/\"]}]}<\/script>\n<!-- \/ Yoast SEO plugin. -->","yoast_head_json":{"title":"Vertyb\u0117s lietuvio pasaul\u0117vaizdyje - Skaitytaknyga","description":"Konceptas \u2013 tai ne tik gyvenviet\u0117s Elektr\u0117n\u0173 savivaldyb\u0117je pavadinimas. Tai kalbinis ir kult\u016brinis rei\u0161kinio suvokimas. Kiekvienas rei\u0161kinys, arba tiksliau jo pavadinimas (\u017eodis), turi savo reik\u0161m\u0119, bet ar ji tikrai yra tokia, koki\u0105 mums paprastai pateikia \u017eodynai? Ar pateiktoji reik\u0161m\u0117 tikrai atskleid\u017eia vaizdin\u012f, kuris mums kyla i\u0161tarus vien\u0105 ar kit\u0105 \u017eod\u012f? \u012e \u0161iuos ir pana\u0161ius klausimus atsakyti gali pad\u0117ti koncepto analiz\u0117. Tod\u0117l \u0161ioje knygoje\u00a0\"Vertyb\u0117s lietuvio pasaul\u0117vaizdyje\"\u00a0rasite UGNIES, VANDENS, NAM\u0172, \u0160EIMOS, DARBO, EUROPOS, LAISV\u0116S ir GARB\u0116S konceptus. Tai am\u017einosios vertyb\u0117s, pagrindin\u0117s \u017emogaus gyvenimo ir egzistencijos plano dalys, jos atsparios laikui, perduodamos i\u0161 kartos \u012f kart\u0105, i\u0161lieka \u017emoni\u0173 s\u0105mon\u0117je kaip pagrindiniai gyvenimo siekiai, tikslai. Ir visa tai u\u017ekoduota m\u016bs\u0173 kalboje, reikia tik tinkamo rakto \u0161ioms durims atrakinti. Bet prie\u0161 prad\u0117dami skaityti i\u0161 prad\u017ei\u0173 pam\u0117ginkite sau atsakyti, k\u0105 kiekvienam i\u0161 j\u016bs\u0173 rei\u0161kia \u017eod\u017eiai ugnis, vanduo, namai, \u0161eima, darbas, Europa, laisv\u0117, garb\u0117? O svarbiausia \u2013 palyginkite autori\u0173 pateiktas definicijas su savo samprata.","robots":{"index":"index","follow":"follow","max-snippet":"max-snippet:-1","max-image-preview":"max-image-preview:large","max-video-preview":"max-video-preview:-1"},"canonical":"https:\/\/skaitytaknyga.lt\/en\/produktas\/vertybes-lietuvio-pasaulevaizdyje\/","og_locale":"en_GB","og_type":"article","og_title":"Vertyb\u0117s lietuvio pasaul\u0117vaizdyje - Skaitytaknyga","og_description":"Konceptas \u2013 tai ne tik gyvenviet\u0117s Elektr\u0117n\u0173 savivaldyb\u0117je pavadinimas. Tai kalbinis ir kult\u016brinis rei\u0161kinio suvokimas. Kiekvienas rei\u0161kinys, arba tiksliau jo pavadinimas (\u017eodis), turi savo reik\u0161m\u0119, bet ar ji tikrai yra tokia, koki\u0105 mums paprastai pateikia \u017eodynai? Ar pateiktoji reik\u0161m\u0117 tikrai atskleid\u017eia vaizdin\u012f, kuris mums kyla i\u0161tarus vien\u0105 ar kit\u0105 \u017eod\u012f? \u012e \u0161iuos ir pana\u0161ius klausimus atsakyti gali pad\u0117ti koncepto analiz\u0117. Tod\u0117l \u0161ioje knygoje\u00a0\"Vertyb\u0117s lietuvio pasaul\u0117vaizdyje\"\u00a0rasite UGNIES, VANDENS, NAM\u0172, \u0160EIMOS, DARBO, EUROPOS, LAISV\u0116S ir GARB\u0116S konceptus. Tai am\u017einosios vertyb\u0117s, pagrindin\u0117s \u017emogaus gyvenimo ir egzistencijos plano dalys, jos atsparios laikui, perduodamos i\u0161 kartos \u012f kart\u0105, i\u0161lieka \u017emoni\u0173 s\u0105mon\u0117je kaip pagrindiniai gyvenimo siekiai, tikslai. Ir visa tai u\u017ekoduota m\u016bs\u0173 kalboje, reikia tik tinkamo rakto \u0161ioms durims atrakinti. Bet prie\u0161 prad\u0117dami skaityti i\u0161 prad\u017ei\u0173 pam\u0117ginkite sau atsakyti, k\u0105 kiekvienam i\u0161 j\u016bs\u0173 rei\u0161kia \u017eod\u017eiai ugnis, vanduo, namai, \u0161eima, darbas, Europa, laisv\u0117, garb\u0117? O svarbiausia \u2013 palyginkite autori\u0173 pateiktas definicijas su savo samprata.","og_url":"https:\/\/skaitytaknyga.lt\/en\/produktas\/vertybes-lietuvio-pasaulevaizdyje\/","og_site_name":"Skaitytaknyga","article_publisher":"https:\/\/www.facebook.com\/skaitytaknyga\/","article_modified_time":"2024-05-04T18:05:37+00:00","og_image":[{"width":600,"height":901,"url":"https:\/\/skaitytaknyga.lt\/wp-content\/uploads\/2024\/05\/vertybes_lietuvio_pasaulevaizdyje.jpg","type":"image\/jpeg"}],"twitter_card":"summary_large_image","twitter_misc":{"Estimated reading time":"1 minute"},"schema":{"@context":"https:\/\/schema.org","@graph":[{"@type":"WebPage","@id":"https:\/\/skaitytaknyga.lt\/produktas\/vertybes-lietuvio-pasaulevaizdyje\/","url":"https:\/\/skaitytaknyga.lt\/produktas\/vertybes-lietuvio-pasaulevaizdyje\/","name":"Vertyb\u0117s lietuvio pasaul\u0117vaizdyje - Skaitytaknyga","isPartOf":{"@id":"https:\/\/skaitytaknyga.lt\/#website"},"primaryImageOfPage":{"@id":"https:\/\/skaitytaknyga.lt\/produktas\/vertybes-lietuvio-pasaulevaizdyje\/#primaryimage"},"image":{"@id":"https:\/\/skaitytaknyga.lt\/produktas\/vertybes-lietuvio-pasaulevaizdyje\/#primaryimage"},"thumbnailUrl":"https:\/\/skaitytaknyga.lt\/wp-content\/uploads\/2024\/05\/vertybes_lietuvio_pasaulevaizdyje.jpg","datePublished":"2024-05-04T18:04:33+00:00","dateModified":"2024-05-04T18:05:37+00:00","description":"Konceptas \u2013 tai ne tik gyvenviet\u0117s Elektr\u0117n\u0173 savivaldyb\u0117je pavadinimas. Tai kalbinis ir kult\u016brinis rei\u0161kinio suvokimas. Kiekvienas rei\u0161kinys, arba tiksliau jo pavadinimas (\u017eodis), turi savo reik\u0161m\u0119, bet ar ji tikrai yra tokia, koki\u0105 mums paprastai pateikia \u017eodynai? Ar pateiktoji reik\u0161m\u0117 tikrai atskleid\u017eia vaizdin\u012f, kuris mums kyla i\u0161tarus vien\u0105 ar kit\u0105 \u017eod\u012f? \u012e \u0161iuos ir pana\u0161ius klausimus atsakyti gali pad\u0117ti koncepto analiz\u0117. Tod\u0117l \u0161ioje knygoje\u00a0\"Vertyb\u0117s lietuvio pasaul\u0117vaizdyje\"\u00a0rasite UGNIES, VANDENS, NAM\u0172, \u0160EIMOS, DARBO, EUROPOS, LAISV\u0116S ir GARB\u0116S konceptus. Tai am\u017einosios vertyb\u0117s, pagrindin\u0117s \u017emogaus gyvenimo ir egzistencijos plano dalys, jos atsparios laikui, perduodamos i\u0161 kartos \u012f kart\u0105, i\u0161lieka \u017emoni\u0173 s\u0105mon\u0117je kaip pagrindiniai gyvenimo siekiai, tikslai. Ir visa tai u\u017ekoduota m\u016bs\u0173 kalboje, reikia tik tinkamo rakto \u0161ioms durims atrakinti. Bet prie\u0161 prad\u0117dami skaityti i\u0161 prad\u017ei\u0173 pam\u0117ginkite sau atsakyti, k\u0105 kiekvienam i\u0161 j\u016bs\u0173 rei\u0161kia \u017eod\u017eiai ugnis, vanduo, namai, \u0161eima, darbas, Europa, laisv\u0117, garb\u0117? O svarbiausia \u2013 palyginkite autori\u0173 pateiktas definicijas su savo samprata.","breadcrumb":{"@id":"https:\/\/skaitytaknyga.lt\/produktas\/vertybes-lietuvio-pasaulevaizdyje\/#breadcrumb"},"inLanguage":"en-GB","potentialAction":[{"@type":"ReadAction","target":["https:\/\/skaitytaknyga.lt\/produktas\/vertybes-lietuvio-pasaulevaizdyje\/"]}]},{"@type":"ImageObject","inLanguage":"en-GB","@id":"https:\/\/skaitytaknyga.lt\/produktas\/vertybes-lietuvio-pasaulevaizdyje\/#primaryimage","url":"https:\/\/skaitytaknyga.lt\/wp-content\/uploads\/2024\/05\/vertybes_lietuvio_pasaulevaizdyje.jpg","contentUrl":"https:\/\/skaitytaknyga.lt\/wp-content\/uploads\/2024\/05\/vertybes_lietuvio_pasaulevaizdyje.jpg","width":600,"height":901},{"@type":"BreadcrumbList","@id":"https:\/\/skaitytaknyga.lt\/produktas\/vertybes-lietuvio-pasaulevaizdyje\/#breadcrumb","itemListElement":[{"@type":"ListItem","position":1,"name":"Home","item":"https:\/\/skaitytaknyga.lt\/"},{"@type":"ListItem","position":2,"name":"Parduotuv\u0117","item":"https:\/\/skaitytaknyga.lt\/knygu-parduotuve\/"},{"@type":"ListItem","position":3,"name":"Vertyb\u0117s lietuvio pasaul\u0117vaizdyje"}]},{"@type":"WebSite","@id":"https:\/\/skaitytaknyga.lt\/#website","url":"https:\/\/skaitytaknyga.lt\/","name":"skaitytaknyga.lt","description":"Skaitytaknyga.lt \u2013 tai ma\u017eas \u0161eimos verslas, kuris prasid\u0117jo nuo meil\u0117s knygoms ir siekio i\u0161gelb\u0117ti knygas nuo likimo prie konteinerio. Kas vienam nereikalingas daiktas \u2013 kitam lobis, o mes esame tarpininkai, kurie padeda abiems tapti laimingesniems ???? \u017dinome kaip nelengva i\u0161gyventi ma\u017eiems verslams, tad nuo \u0161iol, \u010dia rasite ir kit\u0173, ma\u017e\u0173 \u0161eim\u0173 versl\u0173, rank\u0173 darbo, dovan\u0173 sau ir artimiesiems.","publisher":{"@id":"https:\/\/skaitytaknyga.lt\/#organization"},"potentialAction":[{"@type":"SearchAction","target":{"@type":"EntryPoint","urlTemplate":"https:\/\/skaitytaknyga.lt\/?s={search_term_string}"},"query-input":{"@type":"PropertyValueSpecification","valueRequired":true,"valueName":"search_term_string"}}],"inLanguage":"en-GB"},{"@type":"Organization","@id":"https:\/\/skaitytaknyga.lt\/#organization","name":"skaitytaknyga.lt","url":"https:\/\/skaitytaknyga.lt\/","logo":{"@type":"ImageObject","inLanguage":"en-GB","@id":"https:\/\/skaitytaknyga.lt\/#\/schema\/logo\/image\/","url":"https:\/\/skaitytaknyga.lt\/wp-content\/uploads\/2024\/05\/cropped-cropped-cropped-02_00843_jt3bggkj1j3HLc7SyY6rEUpg.jpeg","contentUrl":"https:\/\/skaitytaknyga.lt\/wp-content\/uploads\/2024\/05\/cropped-cropped-cropped-02_00843_jt3bggkj1j3HLc7SyY6rEUpg.jpeg","width":1600,"height":1600,"caption":"skaitytaknyga.lt"},"image":{"@id":"https:\/\/skaitytaknyga.lt\/#\/schema\/logo\/image\/"},"sameAs":["https:\/\/www.facebook.com\/skaitytaknyga\/"]}]}},"_links":{"self":[{"href":"https:\/\/skaitytaknyga.lt\/en\/wp-json\/wp\/v2\/product\/10018","targetHints":{"allow":["GET"]}}],"collection":[{"href":"https:\/\/skaitytaknyga.lt\/en\/wp-json\/wp\/v2\/product"}],"about":[{"href":"https:\/\/skaitytaknyga.lt\/en\/wp-json\/wp\/v2\/types\/product"}],"replies":[{"embeddable":true,"href":"https:\/\/skaitytaknyga.lt\/en\/wp-json\/wp\/v2\/comments?post=10018"}],"wp:featuredmedia":[{"embeddable":true,"href":"https:\/\/skaitytaknyga.lt\/en\/wp-json\/wp\/v2\/media\/10065"}],"wp:attachment":[{"href":"https:\/\/skaitytaknyga.lt\/en\/wp-json\/wp\/v2\/media?parent=10018"}],"wp:term":[{"taxonomy":"product_brand","embeddable":true,"href":"https:\/\/skaitytaknyga.lt\/en\/wp-json\/wp\/v2\/product_brand?post=10018"},{"taxonomy":"product_cat","embeddable":true,"href":"https:\/\/skaitytaknyga.lt\/en\/wp-json\/wp\/v2\/product_cat?post=10018"},{"taxonomy":"product_tag","embeddable":true,"href":"https:\/\/skaitytaknyga.lt\/en\/wp-json\/wp\/v2\/product_tag?post=10018"}],"curies":[{"name":"wp","href":"https:\/\/api.w.org\/{rel}","templated":true}]}}