{"id":10014,"date":"2024-05-04T18:04:33","date_gmt":"2024-05-04T18:04:33","guid":{"rendered":"https:\/\/skaitytaknyga.lt\/?post_type=product&#038;p=10014"},"modified":"2024-05-04T18:05:23","modified_gmt":"2024-05-04T18:05:23","slug":"darius-baronas-trys-vilniaus-kankiniai-gyvenimas-ir-istorija-patamseje-lapai-matomi-uzvertus-knyga","status":"publish","type":"product","link":"https:\/\/skaitytaknyga.lt\/en\/produktas\/darius-baronas-trys-vilniaus-kankiniai-gyvenimas-ir-istorija-patamseje-lapai-matomi-uzvertus-knyga\/","title":{"rendered":"Darius Baronas \u201eTrys Vilniaus kankiniai: gyvenimas ir istorija\u201c (patams\u0117j\u0119 lapai matomi u\u017evertus knyg\u0105)"},"content":{"rendered":"<p>Lietuvos didysis kunigaik\u0161tis Algirdas \u012fsak\u0117 nu\u017eudyti tris savo dvari\u0161kius, kadangi \u0161ie atsisak\u0117 valgyti m\u0117s\u0105 krik\u0161\u010dioni\u0173 pasninko dien\u0105.<\/p>\n<p>\u0160is nedidelis Lietuvos istorijos epizodas suk\u0117l\u0117 ir moksling\u0173 kontroversij\u0173, ir akl\u0173 aistr\u0173. Dariaus Barono knygoje trij\u0173 Vilniaus kankini\u0173 istorija svarstoma kriti\u0161kai \u012fvertinant istoriografijos tradicij\u0105, i\u0161mintingai pasitikint \u0161altiniais ir vis ie\u0161kant nauj\u0173 b\u016bd\u0173 priart\u0117ti prie atsakymo \u012f klausim\u0105: Kas i\u0161 tikr\u0173j\u0173 \u012fvyko Algirdo dvare 1347 metais?<\/p>\n<p>Knygoje originalo kalbomis skelbiami Vilniaus kankini\u0173 gyvenimo ir kulto \u0161altiniai, pirm\u0105 kart\u0105 i\u0161versti \u012f lietuvi\u0173 kalb\u0105 ir i\u0161samiai tekstologi\u0161kai komentuojami.<\/p>\n","protected":false},"excerpt":{"rendered":"<p>Lietuvos didysis kunigaik\u0161tis Algirdas \u012fsak\u0117 nu\u017eudyti tris savo dvari\u0161kius, kadangi \u0161ie atsisak\u0117 valgyti m\u0117s\u0105 krik\u0161\u010dioni\u0173 pasninko dien\u0105.<\/p>\n<p>\u0160is nedidelis Lietuvos istorijos epizodas suk\u0117l\u0117 ir moksling\u0173 kontroversij\u0173, ir akl\u0173 aistr\u0173. Dariaus Barono knygoje trij\u0173 Vilniaus kankini\u0173 istorija svarstoma kriti\u0161kai \u012fvertinant istoriografijos tradicij\u0105, i\u0161mintingai pasitikint \u0161altiniais ir vis ie\u0161kant nauj\u0173 b\u016bd\u0173 priart\u0117ti prie atsakymo \u012f klausim\u0105: Kas i\u0161 tikr\u0173j\u0173 \u012fvyko Algirdo dvare 1347 metais?<\/p>\n<p>Knygoje originalo kalbomis skelbiami Vilniaus kankini\u0173 gyvenimo ir kulto \u0161altiniai, pirm\u0105 kart\u0105 i\u0161versti \u012f lietuvi\u0173 kalb\u0105 ir i\u0161samiai tekstologi\u0161kai komentuojami.<\/p>\n","protected":false},"featured_media":10061,"comment_status":"closed","ping_status":"closed","template":"","meta":{"_acf_changed":false,"site-sidebar-layout":"default","site-content-layout":"","ast-site-content-layout":"default","site-content-style":"default","site-sidebar-style":"default","ast-global-header-display":"","ast-banner-title-visibility":"","ast-main-header-display":"","ast-hfb-above-header-display":"","ast-hfb-below-header-display":"","ast-hfb-mobile-header-display":"","site-post-title":"","ast-breadcrumbs-content":"","ast-featured-img":"","footer-sml-layout":"","ast-disable-related-posts":"","theme-transparent-header-meta":"","adv-header-id-meta":"","stick-header-meta":"","header-above-stick-meta":"","header-main-stick-meta":"","header-below-stick-meta":"","astra-migrate-meta-layouts":"default","ast-page-background-enabled":"default","ast-page-background-meta":{"desktop":{"background-color":"","background-image":"","background-repeat":"repeat","background-position":"center center","background-size":"auto","background-attachment":"scroll","background-type":"","background-media":"","overlay-type":"","overlay-color":"","overlay-opacity":"","overlay-gradient":""},"tablet":{"background-color":"","background-image":"","background-repeat":"repeat","background-position":"center center","background-size":"auto","background-attachment":"scroll","background-type":"","background-media":"","overlay-type":"","overlay-color":"","overlay-opacity":"","overlay-gradient":""},"mobile":{"background-color":"","background-image":"","background-repeat":"repeat","background-position":"center center","background-size":"auto","background-attachment":"scroll","background-type":"","background-media":"","overlay-type":"","overlay-color":"","overlay-opacity":"","overlay-gradient":""}},"ast-content-background-meta":{"desktop":{"background-color":"var(--ast-global-color-4)","background-image":"","background-repeat":"repeat","background-position":"center center","background-size":"auto","background-attachment":"scroll","background-type":"","background-media":"","overlay-type":"","overlay-color":"","overlay-opacity":"","overlay-gradient":""},"tablet":{"background-color":"var(--ast-global-color-4)","background-image":"","background-repeat":"repeat","background-position":"center center","background-size":"auto","background-attachment":"scroll","background-type":"","background-media":"","overlay-type":"","overlay-color":"","overlay-opacity":"","overlay-gradient":""},"mobile":{"background-color":"var(--ast-global-color-4)","background-image":"","background-repeat":"repeat","background-position":"center center","background-size":"auto","background-attachment":"scroll","background-type":"","background-media":"","overlay-type":"","overlay-color":"","overlay-opacity":"","overlay-gradient":""}}},"product_brand":[],"product_cat":[165],"product_tag":[],"class_list":{"0":"post-10014","1":"product","2":"type-product","3":"status-publish","4":"has-post-thumbnail","6":"product_cat-religija-filosofija-ir-ezoterika","7":"desktop-align-left","8":"tablet-align-left","9":"mobile-align-left","11":"first","12":"outofstock","13":"shipping-taxable","14":"purchasable","15":"product-type-simple"},"acf":[],"yoast_head":"<!-- This site is optimized with the Yoast SEO plugin v27.4 - https:\/\/yoast.com\/product\/yoast-seo-wordpress\/ -->\n<title>Darius Baronas \u201eTrys Vilniaus kankiniai: gyvenimas ir istorija\u201c (patams\u0117j\u0119 lapai matomi u\u017evertus knyg\u0105) - Skaitytaknyga<\/title>\n<meta name=\"description\" content=\"Lietuvos didysis kunigaik\u0161tis Algirdas \u012fsak\u0117 nu\u017eudyti tris savo dvari\u0161kius, kadangi \u0161ie atsisak\u0117 valgyti m\u0117s\u0105 krik\u0161\u010dioni\u0173 pasninko dien\u0105.  \u0160is nedidelis Lietuvos istorijos epizodas suk\u0117l\u0117 ir moksling\u0173 kontroversij\u0173, ir akl\u0173 aistr\u0173. Dariaus Barono knygoje trij\u0173 Vilniaus kankini\u0173 istorija svarstoma kriti\u0161kai \u012fvertinant istoriografijos tradicij\u0105, i\u0161mintingai pasitikint \u0161altiniais ir vis ie\u0161kant nauj\u0173 b\u016bd\u0173 priart\u0117ti prie atsakymo \u012f klausim\u0105: Kas i\u0161 tikr\u0173j\u0173 \u012fvyko Algirdo dvare 1347 metais?  Knygoje originalo kalbomis skelbiami Vilniaus kankini\u0173 gyvenimo ir kulto \u0161altiniai, pirm\u0105 kart\u0105 i\u0161versti \u012f lietuvi\u0173 kalb\u0105 ir i\u0161samiai tekstologi\u0161kai komentuojami.\" \/>\n<meta name=\"robots\" content=\"index, follow, max-snippet:-1, max-image-preview:large, max-video-preview:-1\" \/>\n<link rel=\"canonical\" href=\"https:\/\/skaitytaknyga.lt\/en\/produktas\/darius-baronas-trys-vilniaus-kankiniai-gyvenimas-ir-istorija-patamseje-lapai-matomi-uzvertus-knyga\/\" \/>\n<meta property=\"og:locale\" content=\"en_GB\" \/>\n<meta property=\"og:locale:alternate\" content=\"lt_LT\" \/>\n<meta property=\"og:type\" content=\"article\" \/>\n<meta property=\"og:title\" content=\"Darius Baronas \u201eTrys Vilniaus kankiniai: gyvenimas ir istorija\u201c (patams\u0117j\u0119 lapai matomi u\u017evertus knyg\u0105) - Skaitytaknyga\" \/>\n<meta property=\"og:description\" content=\"Lietuvos didysis kunigaik\u0161tis Algirdas \u012fsak\u0117 nu\u017eudyti tris savo dvari\u0161kius, kadangi \u0161ie atsisak\u0117 valgyti m\u0117s\u0105 krik\u0161\u010dioni\u0173 pasninko dien\u0105.  \u0160is nedidelis Lietuvos istorijos epizodas suk\u0117l\u0117 ir moksling\u0173 kontroversij\u0173, ir akl\u0173 aistr\u0173. Dariaus Barono knygoje trij\u0173 Vilniaus kankini\u0173 istorija svarstoma kriti\u0161kai \u012fvertinant istoriografijos tradicij\u0105, i\u0161mintingai pasitikint \u0161altiniais ir vis ie\u0161kant nauj\u0173 b\u016bd\u0173 priart\u0117ti prie atsakymo \u012f klausim\u0105: Kas i\u0161 tikr\u0173j\u0173 \u012fvyko Algirdo dvare 1347 metais?  Knygoje originalo kalbomis skelbiami Vilniaus kankini\u0173 gyvenimo ir kulto \u0161altiniai, pirm\u0105 kart\u0105 i\u0161versti \u012f lietuvi\u0173 kalb\u0105 ir i\u0161samiai tekstologi\u0161kai komentuojami.\" \/>\n<meta property=\"og:url\" content=\"https:\/\/skaitytaknyga.lt\/en\/produktas\/darius-baronas-trys-vilniaus-kankiniai-gyvenimas-ir-istorija-patamseje-lapai-matomi-uzvertus-knyga\/\" \/>\n<meta property=\"og:site_name\" content=\"Skaitytaknyga\" \/>\n<meta property=\"article:publisher\" content=\"https:\/\/www.facebook.com\/skaitytaknyga\/\" \/>\n<meta property=\"article:modified_time\" content=\"2024-05-04T18:05:23+00:00\" \/>\n<meta property=\"og:image\" content=\"https:\/\/skaitytaknyga.lt\/wp-content\/uploads\/2024\/05\/1462875419_3.jpg\" \/>\n\t<meta property=\"og:image:width\" content=\"270\" \/>\n\t<meta property=\"og:image:height\" content=\"430\" \/>\n\t<meta property=\"og:image:type\" content=\"image\/jpeg\" \/>\n<meta name=\"twitter:card\" content=\"summary_large_image\" \/>\n<script type=\"application\/ld+json\" class=\"yoast-schema-graph\">{\"@context\":\"https:\\\/\\\/schema.org\",\"@graph\":[{\"@type\":\"WebPage\",\"@id\":\"https:\\\/\\\/skaitytaknyga.lt\\\/produktas\\\/darius-baronas-trys-vilniaus-kankiniai-gyvenimas-ir-istorija-patamseje-lapai-matomi-uzvertus-knyga\\\/\",\"url\":\"https:\\\/\\\/skaitytaknyga.lt\\\/produktas\\\/darius-baronas-trys-vilniaus-kankiniai-gyvenimas-ir-istorija-patamseje-lapai-matomi-uzvertus-knyga\\\/\",\"name\":\"Darius Baronas \u201eTrys Vilniaus kankiniai: gyvenimas ir istorija\u201c (patams\u0117j\u0119 lapai matomi u\u017evertus knyg\u0105) - Skaitytaknyga\",\"isPartOf\":{\"@id\":\"https:\\\/\\\/skaitytaknyga.lt\\\/#website\"},\"primaryImageOfPage\":{\"@id\":\"https:\\\/\\\/skaitytaknyga.lt\\\/produktas\\\/darius-baronas-trys-vilniaus-kankiniai-gyvenimas-ir-istorija-patamseje-lapai-matomi-uzvertus-knyga\\\/#primaryimage\"},\"image\":{\"@id\":\"https:\\\/\\\/skaitytaknyga.lt\\\/produktas\\\/darius-baronas-trys-vilniaus-kankiniai-gyvenimas-ir-istorija-patamseje-lapai-matomi-uzvertus-knyga\\\/#primaryimage\"},\"thumbnailUrl\":\"https:\\\/\\\/skaitytaknyga.lt\\\/wp-content\\\/uploads\\\/2024\\\/05\\\/1462875419_3.jpg\",\"datePublished\":\"2024-05-04T18:04:33+00:00\",\"dateModified\":\"2024-05-04T18:05:23+00:00\",\"description\":\"Lietuvos didysis kunigaik\u0161tis Algirdas \u012fsak\u0117 nu\u017eudyti tris savo dvari\u0161kius, kadangi \u0161ie atsisak\u0117 valgyti m\u0117s\u0105 krik\u0161\u010dioni\u0173 pasninko dien\u0105. \u0160is nedidelis Lietuvos istorijos epizodas suk\u0117l\u0117 ir moksling\u0173 kontroversij\u0173, ir akl\u0173 aistr\u0173. Dariaus Barono knygoje trij\u0173 Vilniaus kankini\u0173 istorija svarstoma kriti\u0161kai \u012fvertinant istoriografijos tradicij\u0105, i\u0161mintingai pasitikint \u0161altiniais ir vis ie\u0161kant nauj\u0173 b\u016bd\u0173 priart\u0117ti prie atsakymo \u012f klausim\u0105: Kas i\u0161 tikr\u0173j\u0173 \u012fvyko Algirdo dvare 1347 metais? Knygoje originalo kalbomis skelbiami Vilniaus kankini\u0173 gyvenimo ir kulto \u0161altiniai, pirm\u0105 kart\u0105 i\u0161versti \u012f lietuvi\u0173 kalb\u0105 ir i\u0161samiai tekstologi\u0161kai komentuojami.\",\"breadcrumb\":{\"@id\":\"https:\\\/\\\/skaitytaknyga.lt\\\/produktas\\\/darius-baronas-trys-vilniaus-kankiniai-gyvenimas-ir-istorija-patamseje-lapai-matomi-uzvertus-knyga\\\/#breadcrumb\"},\"inLanguage\":\"en-GB\",\"potentialAction\":[{\"@type\":\"ReadAction\",\"target\":[\"https:\\\/\\\/skaitytaknyga.lt\\\/produktas\\\/darius-baronas-trys-vilniaus-kankiniai-gyvenimas-ir-istorija-patamseje-lapai-matomi-uzvertus-knyga\\\/\"]}]},{\"@type\":\"ImageObject\",\"inLanguage\":\"en-GB\",\"@id\":\"https:\\\/\\\/skaitytaknyga.lt\\\/produktas\\\/darius-baronas-trys-vilniaus-kankiniai-gyvenimas-ir-istorija-patamseje-lapai-matomi-uzvertus-knyga\\\/#primaryimage\",\"url\":\"https:\\\/\\\/skaitytaknyga.lt\\\/wp-content\\\/uploads\\\/2024\\\/05\\\/1462875419_3.jpg\",\"contentUrl\":\"https:\\\/\\\/skaitytaknyga.lt\\\/wp-content\\\/uploads\\\/2024\\\/05\\\/1462875419_3.jpg\",\"width\":270,\"height\":430},{\"@type\":\"BreadcrumbList\",\"@id\":\"https:\\\/\\\/skaitytaknyga.lt\\\/produktas\\\/darius-baronas-trys-vilniaus-kankiniai-gyvenimas-ir-istorija-patamseje-lapai-matomi-uzvertus-knyga\\\/#breadcrumb\",\"itemListElement\":[{\"@type\":\"ListItem\",\"position\":1,\"name\":\"Home\",\"item\":\"https:\\\/\\\/skaitytaknyga.lt\\\/\"},{\"@type\":\"ListItem\",\"position\":2,\"name\":\"Parduotuv\u0117\",\"item\":\"https:\\\/\\\/skaitytaknyga.lt\\\/knygu-parduotuve\\\/\"},{\"@type\":\"ListItem\",\"position\":3,\"name\":\"Darius Baronas \u201eTrys Vilniaus kankiniai: gyvenimas ir istorija\u201c (patams\u0117j\u0119 lapai matomi u\u017evertus knyg\u0105)\"}]},{\"@type\":\"WebSite\",\"@id\":\"https:\\\/\\\/skaitytaknyga.lt\\\/#website\",\"url\":\"https:\\\/\\\/skaitytaknyga.lt\\\/\",\"name\":\"skaitytaknyga.lt\",\"description\":\"Skaitytaknyga.lt \u2013 tai ma\u017eas \u0161eimos verslas, kuris prasid\u0117jo nuo meil\u0117s knygoms ir siekio i\u0161gelb\u0117ti knygas nuo likimo prie konteinerio. Kas vienam nereikalingas daiktas \u2013 kitam lobis, o mes esame tarpininkai, kurie padeda abiems tapti laimingesniems ???? \u017dinome kaip nelengva i\u0161gyventi ma\u017eiems verslams, tad nuo \u0161iol, \u010dia rasite ir kit\u0173, ma\u017e\u0173 \u0161eim\u0173 versl\u0173, rank\u0173 darbo, dovan\u0173 sau ir artimiesiems.\",\"publisher\":{\"@id\":\"https:\\\/\\\/skaitytaknyga.lt\\\/#organization\"},\"potentialAction\":[{\"@type\":\"SearchAction\",\"target\":{\"@type\":\"EntryPoint\",\"urlTemplate\":\"https:\\\/\\\/skaitytaknyga.lt\\\/?s={search_term_string}\"},\"query-input\":{\"@type\":\"PropertyValueSpecification\",\"valueRequired\":true,\"valueName\":\"search_term_string\"}}],\"inLanguage\":\"en-GB\"},{\"@type\":\"Organization\",\"@id\":\"https:\\\/\\\/skaitytaknyga.lt\\\/#organization\",\"name\":\"skaitytaknyga.lt\",\"url\":\"https:\\\/\\\/skaitytaknyga.lt\\\/\",\"logo\":{\"@type\":\"ImageObject\",\"inLanguage\":\"en-GB\",\"@id\":\"https:\\\/\\\/skaitytaknyga.lt\\\/#\\\/schema\\\/logo\\\/image\\\/\",\"url\":\"https:\\\/\\\/skaitytaknyga.lt\\\/wp-content\\\/uploads\\\/2024\\\/05\\\/cropped-cropped-cropped-02_00843_jt3bggkj1j3HLc7SyY6rEUpg.jpeg\",\"contentUrl\":\"https:\\\/\\\/skaitytaknyga.lt\\\/wp-content\\\/uploads\\\/2024\\\/05\\\/cropped-cropped-cropped-02_00843_jt3bggkj1j3HLc7SyY6rEUpg.jpeg\",\"width\":1600,\"height\":1600,\"caption\":\"skaitytaknyga.lt\"},\"image\":{\"@id\":\"https:\\\/\\\/skaitytaknyga.lt\\\/#\\\/schema\\\/logo\\\/image\\\/\"},\"sameAs\":[\"https:\\\/\\\/www.facebook.com\\\/skaitytaknyga\\\/\"]}]}<\/script>\n<!-- \/ Yoast SEO plugin. -->","yoast_head_json":{"title":"Darius Baronas \u201eTrys Vilniaus kankiniai: gyvenimas ir istorija\u201c (patams\u0117j\u0119 lapai matomi u\u017evertus knyg\u0105) - Skaitytaknyga","description":"Lietuvos didysis kunigaik\u0161tis Algirdas \u012fsak\u0117 nu\u017eudyti tris savo dvari\u0161kius, kadangi \u0161ie atsisak\u0117 valgyti m\u0117s\u0105 krik\u0161\u010dioni\u0173 pasninko dien\u0105.  \u0160is nedidelis Lietuvos istorijos epizodas suk\u0117l\u0117 ir moksling\u0173 kontroversij\u0173, ir akl\u0173 aistr\u0173. Dariaus Barono knygoje trij\u0173 Vilniaus kankini\u0173 istorija svarstoma kriti\u0161kai \u012fvertinant istoriografijos tradicij\u0105, i\u0161mintingai pasitikint \u0161altiniais ir vis ie\u0161kant nauj\u0173 b\u016bd\u0173 priart\u0117ti prie atsakymo \u012f klausim\u0105: Kas i\u0161 tikr\u0173j\u0173 \u012fvyko Algirdo dvare 1347 metais?  Knygoje originalo kalbomis skelbiami Vilniaus kankini\u0173 gyvenimo ir kulto \u0161altiniai, pirm\u0105 kart\u0105 i\u0161versti \u012f lietuvi\u0173 kalb\u0105 ir i\u0161samiai tekstologi\u0161kai komentuojami.","robots":{"index":"index","follow":"follow","max-snippet":"max-snippet:-1","max-image-preview":"max-image-preview:large","max-video-preview":"max-video-preview:-1"},"canonical":"https:\/\/skaitytaknyga.lt\/en\/produktas\/darius-baronas-trys-vilniaus-kankiniai-gyvenimas-ir-istorija-patamseje-lapai-matomi-uzvertus-knyga\/","og_locale":"en_GB","og_type":"article","og_title":"Darius Baronas \u201eTrys Vilniaus kankiniai: gyvenimas ir istorija\u201c (patams\u0117j\u0119 lapai matomi u\u017evertus knyg\u0105) - Skaitytaknyga","og_description":"Lietuvos didysis kunigaik\u0161tis Algirdas \u012fsak\u0117 nu\u017eudyti tris savo dvari\u0161kius, kadangi \u0161ie atsisak\u0117 valgyti m\u0117s\u0105 krik\u0161\u010dioni\u0173 pasninko dien\u0105.  \u0160is nedidelis Lietuvos istorijos epizodas suk\u0117l\u0117 ir moksling\u0173 kontroversij\u0173, ir akl\u0173 aistr\u0173. Dariaus Barono knygoje trij\u0173 Vilniaus kankini\u0173 istorija svarstoma kriti\u0161kai \u012fvertinant istoriografijos tradicij\u0105, i\u0161mintingai pasitikint \u0161altiniais ir vis ie\u0161kant nauj\u0173 b\u016bd\u0173 priart\u0117ti prie atsakymo \u012f klausim\u0105: Kas i\u0161 tikr\u0173j\u0173 \u012fvyko Algirdo dvare 1347 metais?  Knygoje originalo kalbomis skelbiami Vilniaus kankini\u0173 gyvenimo ir kulto \u0161altiniai, pirm\u0105 kart\u0105 i\u0161versti \u012f lietuvi\u0173 kalb\u0105 ir i\u0161samiai tekstologi\u0161kai komentuojami.","og_url":"https:\/\/skaitytaknyga.lt\/en\/produktas\/darius-baronas-trys-vilniaus-kankiniai-gyvenimas-ir-istorija-patamseje-lapai-matomi-uzvertus-knyga\/","og_site_name":"Skaitytaknyga","article_publisher":"https:\/\/www.facebook.com\/skaitytaknyga\/","article_modified_time":"2024-05-04T18:05:23+00:00","og_image":[{"width":270,"height":430,"url":"https:\/\/skaitytaknyga.lt\/wp-content\/uploads\/2024\/05\/1462875419_3.jpg","type":"image\/jpeg"}],"twitter_card":"summary_large_image","schema":{"@context":"https:\/\/schema.org","@graph":[{"@type":"WebPage","@id":"https:\/\/skaitytaknyga.lt\/produktas\/darius-baronas-trys-vilniaus-kankiniai-gyvenimas-ir-istorija-patamseje-lapai-matomi-uzvertus-knyga\/","url":"https:\/\/skaitytaknyga.lt\/produktas\/darius-baronas-trys-vilniaus-kankiniai-gyvenimas-ir-istorija-patamseje-lapai-matomi-uzvertus-knyga\/","name":"Darius Baronas \u201eTrys Vilniaus kankiniai: gyvenimas ir istorija\u201c (patams\u0117j\u0119 lapai matomi u\u017evertus knyg\u0105) - Skaitytaknyga","isPartOf":{"@id":"https:\/\/skaitytaknyga.lt\/#website"},"primaryImageOfPage":{"@id":"https:\/\/skaitytaknyga.lt\/produktas\/darius-baronas-trys-vilniaus-kankiniai-gyvenimas-ir-istorija-patamseje-lapai-matomi-uzvertus-knyga\/#primaryimage"},"image":{"@id":"https:\/\/skaitytaknyga.lt\/produktas\/darius-baronas-trys-vilniaus-kankiniai-gyvenimas-ir-istorija-patamseje-lapai-matomi-uzvertus-knyga\/#primaryimage"},"thumbnailUrl":"https:\/\/skaitytaknyga.lt\/wp-content\/uploads\/2024\/05\/1462875419_3.jpg","datePublished":"2024-05-04T18:04:33+00:00","dateModified":"2024-05-04T18:05:23+00:00","description":"Lietuvos didysis kunigaik\u0161tis Algirdas \u012fsak\u0117 nu\u017eudyti tris savo dvari\u0161kius, kadangi \u0161ie atsisak\u0117 valgyti m\u0117s\u0105 krik\u0161\u010dioni\u0173 pasninko dien\u0105. \u0160is nedidelis Lietuvos istorijos epizodas suk\u0117l\u0117 ir moksling\u0173 kontroversij\u0173, ir akl\u0173 aistr\u0173. Dariaus Barono knygoje trij\u0173 Vilniaus kankini\u0173 istorija svarstoma kriti\u0161kai \u012fvertinant istoriografijos tradicij\u0105, i\u0161mintingai pasitikint \u0161altiniais ir vis ie\u0161kant nauj\u0173 b\u016bd\u0173 priart\u0117ti prie atsakymo \u012f klausim\u0105: Kas i\u0161 tikr\u0173j\u0173 \u012fvyko Algirdo dvare 1347 metais? Knygoje originalo kalbomis skelbiami Vilniaus kankini\u0173 gyvenimo ir kulto \u0161altiniai, pirm\u0105 kart\u0105 i\u0161versti \u012f lietuvi\u0173 kalb\u0105 ir i\u0161samiai tekstologi\u0161kai komentuojami.","breadcrumb":{"@id":"https:\/\/skaitytaknyga.lt\/produktas\/darius-baronas-trys-vilniaus-kankiniai-gyvenimas-ir-istorija-patamseje-lapai-matomi-uzvertus-knyga\/#breadcrumb"},"inLanguage":"en-GB","potentialAction":[{"@type":"ReadAction","target":["https:\/\/skaitytaknyga.lt\/produktas\/darius-baronas-trys-vilniaus-kankiniai-gyvenimas-ir-istorija-patamseje-lapai-matomi-uzvertus-knyga\/"]}]},{"@type":"ImageObject","inLanguage":"en-GB","@id":"https:\/\/skaitytaknyga.lt\/produktas\/darius-baronas-trys-vilniaus-kankiniai-gyvenimas-ir-istorija-patamseje-lapai-matomi-uzvertus-knyga\/#primaryimage","url":"https:\/\/skaitytaknyga.lt\/wp-content\/uploads\/2024\/05\/1462875419_3.jpg","contentUrl":"https:\/\/skaitytaknyga.lt\/wp-content\/uploads\/2024\/05\/1462875419_3.jpg","width":270,"height":430},{"@type":"BreadcrumbList","@id":"https:\/\/skaitytaknyga.lt\/produktas\/darius-baronas-trys-vilniaus-kankiniai-gyvenimas-ir-istorija-patamseje-lapai-matomi-uzvertus-knyga\/#breadcrumb","itemListElement":[{"@type":"ListItem","position":1,"name":"Home","item":"https:\/\/skaitytaknyga.lt\/"},{"@type":"ListItem","position":2,"name":"Parduotuv\u0117","item":"https:\/\/skaitytaknyga.lt\/knygu-parduotuve\/"},{"@type":"ListItem","position":3,"name":"Darius Baronas \u201eTrys Vilniaus kankiniai: gyvenimas ir istorija\u201c (patams\u0117j\u0119 lapai matomi u\u017evertus knyg\u0105)"}]},{"@type":"WebSite","@id":"https:\/\/skaitytaknyga.lt\/#website","url":"https:\/\/skaitytaknyga.lt\/","name":"skaitytaknyga.lt","description":"Skaitytaknyga.lt \u2013 tai ma\u017eas \u0161eimos verslas, kuris prasid\u0117jo nuo meil\u0117s knygoms ir siekio i\u0161gelb\u0117ti knygas nuo likimo prie konteinerio. Kas vienam nereikalingas daiktas \u2013 kitam lobis, o mes esame tarpininkai, kurie padeda abiems tapti laimingesniems ???? \u017dinome kaip nelengva i\u0161gyventi ma\u017eiems verslams, tad nuo \u0161iol, \u010dia rasite ir kit\u0173, ma\u017e\u0173 \u0161eim\u0173 versl\u0173, rank\u0173 darbo, dovan\u0173 sau ir artimiesiems.","publisher":{"@id":"https:\/\/skaitytaknyga.lt\/#organization"},"potentialAction":[{"@type":"SearchAction","target":{"@type":"EntryPoint","urlTemplate":"https:\/\/skaitytaknyga.lt\/?s={search_term_string}"},"query-input":{"@type":"PropertyValueSpecification","valueRequired":true,"valueName":"search_term_string"}}],"inLanguage":"en-GB"},{"@type":"Organization","@id":"https:\/\/skaitytaknyga.lt\/#organization","name":"skaitytaknyga.lt","url":"https:\/\/skaitytaknyga.lt\/","logo":{"@type":"ImageObject","inLanguage":"en-GB","@id":"https:\/\/skaitytaknyga.lt\/#\/schema\/logo\/image\/","url":"https:\/\/skaitytaknyga.lt\/wp-content\/uploads\/2024\/05\/cropped-cropped-cropped-02_00843_jt3bggkj1j3HLc7SyY6rEUpg.jpeg","contentUrl":"https:\/\/skaitytaknyga.lt\/wp-content\/uploads\/2024\/05\/cropped-cropped-cropped-02_00843_jt3bggkj1j3HLc7SyY6rEUpg.jpeg","width":1600,"height":1600,"caption":"skaitytaknyga.lt"},"image":{"@id":"https:\/\/skaitytaknyga.lt\/#\/schema\/logo\/image\/"},"sameAs":["https:\/\/www.facebook.com\/skaitytaknyga\/"]}]}},"_links":{"self":[{"href":"https:\/\/skaitytaknyga.lt\/en\/wp-json\/wp\/v2\/product\/10014","targetHints":{"allow":["GET"]}}],"collection":[{"href":"https:\/\/skaitytaknyga.lt\/en\/wp-json\/wp\/v2\/product"}],"about":[{"href":"https:\/\/skaitytaknyga.lt\/en\/wp-json\/wp\/v2\/types\/product"}],"replies":[{"embeddable":true,"href":"https:\/\/skaitytaknyga.lt\/en\/wp-json\/wp\/v2\/comments?post=10014"}],"wp:featuredmedia":[{"embeddable":true,"href":"https:\/\/skaitytaknyga.lt\/en\/wp-json\/wp\/v2\/media\/10061"}],"wp:attachment":[{"href":"https:\/\/skaitytaknyga.lt\/en\/wp-json\/wp\/v2\/media?parent=10014"}],"wp:term":[{"taxonomy":"product_brand","embeddable":true,"href":"https:\/\/skaitytaknyga.lt\/en\/wp-json\/wp\/v2\/product_brand?post=10014"},{"taxonomy":"product_cat","embeddable":true,"href":"https:\/\/skaitytaknyga.lt\/en\/wp-json\/wp\/v2\/product_cat?post=10014"},{"taxonomy":"product_tag","embeddable":true,"href":"https:\/\/skaitytaknyga.lt\/en\/wp-json\/wp\/v2\/product_tag?post=10014"}],"curies":[{"name":"wp","href":"https:\/\/api.w.org\/{rel}","templated":true}]}}