{"id":10013,"date":"2024-05-04T18:04:33","date_gmt":"2024-05-04T18:04:33","guid":{"rendered":"https:\/\/skaitytaknyga.lt\/?post_type=product&#038;p=10013"},"modified":"2025-05-19T11:02:48","modified_gmt":"2025-05-19T08:02:48","slug":"nijole-laurinkiene-dangus-baltu-mitiniame-pasaulevaizdyje","status":"publish","type":"product","link":"https:\/\/skaitytaknyga.lt\/en\/produktas\/nijole-laurinkiene-dangus-baltu-mitiniame-pasaulevaizdyje\/","title":{"rendered":"Dangus balt\u0173 mitiniame pasaul\u0117vaizdyje"},"content":{"rendered":"<p>Kaip kadaise baltai \u012fsivaizdavo dang\u0173? I\u0161 dangaus skliauto sklindanti \u0161viesa nuo seno asocijavosi su Dievu ir jo \u012fvaizd\u017eiu. Sudievinti ir net su\u017emoginti buvo svarbiausi dangaus \u0161viesuliai. O be to, galvota, jog \u012f dausas danguje keliauja mirusi\u0173j\u0173 sielos. Tod\u0117l dangus laikytas dar ir anuo pasauliu. Senieji tik\u0117jimai ai\u0161kina, kaip \u012f j\u012f patenkama.<\/p>\n<p>Knygos\u00a0\u201eDangus balt\u0173 mitiniame pasaul\u0117vaizdyje&#8221;\u00a0autor\u0117 senov\u0117s balt\u0173 kult\u016bros tyrin\u0117toja Nijol\u0117 Laurinkien\u0117, pasiremdama autenti\u0161kais \u0161altiniais, atskleid\u017eia dangaus ir jo \u0161viesuli\u0173 samprat\u0105, atkuria dangaus vaizdini\u0173 pirmyk\u0161t\u0119 prasm\u0119, ai\u0161kinasi j\u0173 kilm\u0119. Dangaus mitologinis vaizdynas, savo \u0161aknimis siekiantis tolim\u0105 praeit\u012f, atspindi m\u016bs\u0173 prot\u0117vi\u0173 m\u0105stysen\u0105, vertybes, \u012fgalina rekonstruoti ka\u017ekada gyvavus\u012f Kosmoso ir jame regim\u0173 rei\u0161kini\u0173 suvokim\u0105.<\/p>\n","protected":false},"excerpt":{"rendered":"<p>Kaip kadaise baltai \u012fsivaizdavo dang\u0173? I\u0161 dangaus skliauto sklindanti \u0161viesa nuo seno asocijavosi su Dievu ir jo \u012fvaizd\u017eiu. Sudievinti ir net su\u017emoginti buvo svarbiausi dangaus \u0161viesuliai. O be to, galvota, jog \u012f dausas danguje keliauja mirusi\u0173j\u0173 sielos. Tod\u0117l dangus laikytas dar ir anuo pasauliu. Senieji tik\u0117jimai ai\u0161kina, kaip \u012f j\u012f patenkama.<\/p>\n<p>Knygos\u00a0\u201eDangus balt\u0173 mitiniame pasaul\u0117vaizdyje&#8221;\u00a0autor\u0117 senov\u0117s balt\u0173 kult\u016bros tyrin\u0117toja Nijol\u0117 Laurinkien\u0117, pasiremdama autenti\u0161kais \u0161altiniais, atskleid\u017eia dangaus ir jo \u0161viesuli\u0173 samprat\u0105, atkuria dangaus vaizdini\u0173 pirmyk\u0161t\u0119 prasm\u0119, ai\u0161kinasi j\u0173 kilm\u0119. Dangaus mitologinis vaizdynas, savo \u0161aknimis siekiantis tolim\u0105 praeit\u012f, atspindi m\u016bs\u0173 prot\u0117vi\u0173 m\u0105stysen\u0105, vertybes, \u012fgalina rekonstruoti ka\u017ekada gyvavus\u012f Kosmoso ir jame regim\u0173 rei\u0161kini\u0173 suvokim\u0105.<\/p>\n","protected":false},"featured_media":10060,"comment_status":"closed","ping_status":"closed","template":"","meta":{"_acf_changed":false,"site-sidebar-layout":"default","site-content-layout":"","ast-site-content-layout":"default","site-content-style":"default","site-sidebar-style":"default","ast-global-header-display":"","ast-banner-title-visibility":"","ast-main-header-display":"","ast-hfb-above-header-display":"","ast-hfb-below-header-display":"","ast-hfb-mobile-header-display":"","site-post-title":"","ast-breadcrumbs-content":"","ast-featured-img":"","footer-sml-layout":"","ast-disable-related-posts":"","theme-transparent-header-meta":"","adv-header-id-meta":"","stick-header-meta":"","header-above-stick-meta":"","header-main-stick-meta":"","header-below-stick-meta":"","astra-migrate-meta-layouts":"default","ast-page-background-enabled":"default","ast-page-background-meta":{"desktop":{"background-color":"","background-image":"","background-repeat":"repeat","background-position":"center center","background-size":"auto","background-attachment":"scroll","background-type":"","background-media":"","overlay-type":"","overlay-color":"","overlay-opacity":"","overlay-gradient":""},"tablet":{"background-color":"","background-image":"","background-repeat":"repeat","background-position":"center center","background-size":"auto","background-attachment":"scroll","background-type":"","background-media":"","overlay-type":"","overlay-color":"","overlay-opacity":"","overlay-gradient":""},"mobile":{"background-color":"","background-image":"","background-repeat":"repeat","background-position":"center center","background-size":"auto","background-attachment":"scroll","background-type":"","background-media":"","overlay-type":"","overlay-color":"","overlay-opacity":"","overlay-gradient":""}},"ast-content-background-meta":{"desktop":{"background-color":"var(--ast-global-color-4)","background-image":"","background-repeat":"repeat","background-position":"center center","background-size":"auto","background-attachment":"scroll","background-type":"","background-media":"","overlay-type":"","overlay-color":"","overlay-opacity":"","overlay-gradient":""},"tablet":{"background-color":"var(--ast-global-color-4)","background-image":"","background-repeat":"repeat","background-position":"center center","background-size":"auto","background-attachment":"scroll","background-type":"","background-media":"","overlay-type":"","overlay-color":"","overlay-opacity":"","overlay-gradient":""},"mobile":{"background-color":"var(--ast-global-color-4)","background-image":"","background-repeat":"repeat","background-position":"center center","background-size":"auto","background-attachment":"scroll","background-type":"","background-media":"","overlay-type":"","overlay-color":"","overlay-opacity":"","overlay-gradient":""}}},"product_brand":[],"product_cat":[174],"product_tag":[3869,1115,3870,2277],"class_list":{"0":"post-10013","1":"product","2":"type-product","3":"status-publish","4":"has-post-thumbnail","6":"product_cat-istorija-ir-politologija","7":"product_tag-baltu-kultura","8":"product_tag-mitologija","9":"product_tag-nijole-laurinkiene","10":"product_tag-religija","11":"pa_leidimo-metai-93","12":"desktop-align-left","13":"tablet-align-left","14":"mobile-align-left","16":"first","17":"outofstock","18":"shipping-taxable","19":"purchasable","20":"product-type-simple"},"acf":[],"yoast_head":"<!-- This site is optimized with the Yoast SEO plugin v27.0 - https:\/\/yoast.com\/product\/yoast-seo-wordpress\/ -->\n<title>Dangus balt\u0173 mitiniame pasaul\u0117vaizdyje<\/title>\n<meta name=\"description\" content=\"Kaip kadaise baltai \u012fsivaizdavo dang\u0173? I\u0161 dangaus skliauto sklindanti \u0161viesa nuo seno asocijavosi su Dievu ir jo \u012fvaizd\u017eiu. Sudievinti ir net su\u017emoginti buvo svarbiausi dangaus \u0161viesuliai. O be to, galvota, jog \u012f dausas danguje keliauja mirusi\u0173j\u0173 sielos. Tod\u0117l dangus laikytas dar ir anuo pasauliu. Senieji tik\u0117jimai ai\u0161kina, kaip \u012f j\u012f patenkama. Knygos\u00a0\u201eDangus balt\u0173 mitiniame pasaul\u0117vaizdyje&#8221;\u00a0autor\u0117 senov\u0117s balt\u0173 kult\u016bros tyrin\u0117toja Nijol\u0117 Laurinkien\u0117, pasiremdama autenti\u0161kais \u0161altiniais, atskleid\u017eia dangaus ir jo \u0161viesuli\u0173 samprat\u0105, atkuria dangaus vaizdini\u0173 pirmyk\u0161t\u0119 prasm\u0119, ai\u0161kinasi j\u0173 kilm\u0119. Dangaus mitologinis vaizdynas, savo \u0161aknimis siekiantis tolim\u0105 praeit\u012f, atspindi m\u016bs\u0173 prot\u0117vi\u0173 m\u0105stysen\u0105, vertybes, \u012fgalina rekonstruoti ka\u017ekada gyvavus\u012f Kosmoso ir jame regim\u0173 rei\u0161kini\u0173 suvokim\u0105.\" \/>\n<meta name=\"robots\" content=\"index, follow, max-snippet:-1, max-image-preview:large, max-video-preview:-1\" \/>\n<link rel=\"canonical\" href=\"https:\/\/skaitytaknyga.lt\/en\/produktas\/nijole-laurinkiene-dangus-baltu-mitiniame-pasaulevaizdyje\/\" \/>\n<meta property=\"og:locale\" content=\"en_GB\" \/>\n<meta property=\"og:locale:alternate\" content=\"lt_LT\" \/>\n<meta property=\"og:type\" content=\"article\" \/>\n<meta property=\"og:title\" content=\"Dangus balt\u0173 mitiniame pasaul\u0117vaizdyje\" \/>\n<meta property=\"og:description\" content=\"Kaip kadaise baltai \u012fsivaizdavo dang\u0173? I\u0161 dangaus skliauto sklindanti \u0161viesa nuo seno asocijavosi su Dievu ir jo \u012fvaizd\u017eiu. Sudievinti ir net su\u017emoginti buvo svarbiausi dangaus \u0161viesuliai. O be to, galvota, jog \u012f dausas danguje keliauja mirusi\u0173j\u0173 sielos. Tod\u0117l dangus laikytas dar ir anuo pasauliu. Senieji tik\u0117jimai ai\u0161kina, kaip \u012f j\u012f patenkama. Knygos\u00a0\u201eDangus balt\u0173 mitiniame pasaul\u0117vaizdyje&#8221;\u00a0autor\u0117 senov\u0117s balt\u0173 kult\u016bros tyrin\u0117toja Nijol\u0117 Laurinkien\u0117, pasiremdama autenti\u0161kais \u0161altiniais, atskleid\u017eia dangaus ir jo \u0161viesuli\u0173 samprat\u0105, atkuria dangaus vaizdini\u0173 pirmyk\u0161t\u0119 prasm\u0119, ai\u0161kinasi j\u0173 kilm\u0119. Dangaus mitologinis vaizdynas, savo \u0161aknimis siekiantis tolim\u0105 praeit\u012f, atspindi m\u016bs\u0173 prot\u0117vi\u0173 m\u0105stysen\u0105, vertybes, \u012fgalina rekonstruoti ka\u017ekada gyvavus\u012f Kosmoso ir jame regim\u0173 rei\u0161kini\u0173 suvokim\u0105.\" \/>\n<meta property=\"og:url\" content=\"https:\/\/skaitytaknyga.lt\/en\/produktas\/nijole-laurinkiene-dangus-baltu-mitiniame-pasaulevaizdyje\/\" \/>\n<meta property=\"og:site_name\" content=\"Skaitytaknyga\" \/>\n<meta property=\"article:publisher\" content=\"https:\/\/www.facebook.com\/skaitytaknyga\/\" \/>\n<meta property=\"article:modified_time\" content=\"2025-05-19T08:02:48+00:00\" \/>\n<meta property=\"og:image\" content=\"https:\/\/skaitytaknyga.lt\/wp-content\/uploads\/2024\/05\/1571640851_image_1515.jpg\" \/>\n\t<meta property=\"og:image:width\" content=\"287\" \/>\n\t<meta property=\"og:image:height\" content=\"430\" \/>\n\t<meta property=\"og:image:type\" content=\"image\/jpeg\" \/>\n<meta name=\"twitter:card\" content=\"summary_large_image\" \/>\n<meta name=\"twitter:label1\" content=\"Estimated reading time\" \/>\n\t<meta name=\"twitter:data1\" content=\"1 minute\" \/>\n<script type=\"application\/ld+json\" class=\"yoast-schema-graph\">{\"@context\":\"https:\/\/schema.org\",\"@graph\":[{\"@type\":\"WebPage\",\"@id\":\"https:\/\/skaitytaknyga.lt\/produktas\/nijole-laurinkiene-dangus-baltu-mitiniame-pasaulevaizdyje\/\",\"url\":\"https:\/\/skaitytaknyga.lt\/produktas\/nijole-laurinkiene-dangus-baltu-mitiniame-pasaulevaizdyje\/\",\"name\":\"Dangus balt\u0173 mitiniame pasaul\u0117vaizdyje\",\"isPartOf\":{\"@id\":\"https:\/\/skaitytaknyga.lt\/#website\"},\"primaryImageOfPage\":{\"@id\":\"https:\/\/skaitytaknyga.lt\/produktas\/nijole-laurinkiene-dangus-baltu-mitiniame-pasaulevaizdyje\/#primaryimage\"},\"image\":{\"@id\":\"https:\/\/skaitytaknyga.lt\/produktas\/nijole-laurinkiene-dangus-baltu-mitiniame-pasaulevaizdyje\/#primaryimage\"},\"thumbnailUrl\":\"https:\/\/skaitytaknyga.lt\/wp-content\/uploads\/2024\/05\/1571640851_image_1515.jpg\",\"datePublished\":\"2024-05-04T18:04:33+00:00\",\"dateModified\":\"2025-05-19T08:02:48+00:00\",\"description\":\"Kaip kadaise baltai \u012fsivaizdavo dang\u0173? I\u0161 dangaus skliauto sklindanti \u0161viesa nuo seno asocijavosi su Dievu ir jo \u012fvaizd\u017eiu. Sudievinti ir net su\u017emoginti buvo svarbiausi dangaus \u0161viesuliai. O be to, galvota, jog \u012f dausas danguje keliauja mirusi\u0173j\u0173 sielos. Tod\u0117l dangus laikytas dar ir anuo pasauliu. Senieji tik\u0117jimai ai\u0161kina, kaip \u012f j\u012f patenkama. Knygos\u00a0\u201eDangus balt\u0173 mitiniame pasaul\u0117vaizdyje&#8221;\u00a0autor\u0117 senov\u0117s balt\u0173 kult\u016bros tyrin\u0117toja Nijol\u0117 Laurinkien\u0117, pasiremdama autenti\u0161kais \u0161altiniais, atskleid\u017eia dangaus ir jo \u0161viesuli\u0173 samprat\u0105, atkuria dangaus vaizdini\u0173 pirmyk\u0161t\u0119 prasm\u0119, ai\u0161kinasi j\u0173 kilm\u0119. Dangaus mitologinis vaizdynas, savo \u0161aknimis siekiantis tolim\u0105 praeit\u012f, atspindi m\u016bs\u0173 prot\u0117vi\u0173 m\u0105stysen\u0105, vertybes, \u012fgalina rekonstruoti ka\u017ekada gyvavus\u012f Kosmoso ir jame regim\u0173 rei\u0161kini\u0173 suvokim\u0105.\",\"breadcrumb\":{\"@id\":\"https:\/\/skaitytaknyga.lt\/produktas\/nijole-laurinkiene-dangus-baltu-mitiniame-pasaulevaizdyje\/#breadcrumb\"},\"inLanguage\":\"en-GB\",\"potentialAction\":[{\"@type\":\"ReadAction\",\"target\":[\"https:\/\/skaitytaknyga.lt\/produktas\/nijole-laurinkiene-dangus-baltu-mitiniame-pasaulevaizdyje\/\"]}]},{\"@type\":\"ImageObject\",\"inLanguage\":\"en-GB\",\"@id\":\"https:\/\/skaitytaknyga.lt\/produktas\/nijole-laurinkiene-dangus-baltu-mitiniame-pasaulevaizdyje\/#primaryimage\",\"url\":\"https:\/\/skaitytaknyga.lt\/wp-content\/uploads\/2024\/05\/1571640851_image_1515.jpg\",\"contentUrl\":\"https:\/\/skaitytaknyga.lt\/wp-content\/uploads\/2024\/05\/1571640851_image_1515.jpg\",\"width\":287,\"height\":430},{\"@type\":\"BreadcrumbList\",\"@id\":\"https:\/\/skaitytaknyga.lt\/produktas\/nijole-laurinkiene-dangus-baltu-mitiniame-pasaulevaizdyje\/#breadcrumb\",\"itemListElement\":[{\"@type\":\"ListItem\",\"position\":1,\"name\":\"Home\",\"item\":\"https:\/\/skaitytaknyga.lt\/\"},{\"@type\":\"ListItem\",\"position\":2,\"name\":\"Parduotuv\u0117\",\"item\":\"https:\/\/skaitytaknyga.lt\/knygu-parduotuve\/\"},{\"@type\":\"ListItem\",\"position\":3,\"name\":\"Dangus balt\u0173 mitiniame pasaul\u0117vaizdyje\"}]},{\"@type\":\"WebSite\",\"@id\":\"https:\/\/skaitytaknyga.lt\/#website\",\"url\":\"https:\/\/skaitytaknyga.lt\/\",\"name\":\"skaitytaknyga.lt\",\"description\":\"Skaitytaknyga.lt \u2013 tai ma\u017eas \u0161eimos verslas, kuris prasid\u0117jo nuo meil\u0117s knygoms ir siekio i\u0161gelb\u0117ti knygas nuo likimo prie konteinerio. Kas vienam nereikalingas daiktas \u2013 kitam lobis, o mes esame tarpininkai, kurie padeda abiems tapti laimingesniems ???? \u017dinome kaip nelengva i\u0161gyventi ma\u017eiems verslams, tad nuo \u0161iol, \u010dia rasite ir kit\u0173, ma\u017e\u0173 \u0161eim\u0173 versl\u0173, rank\u0173 darbo, dovan\u0173 sau ir artimiesiems.\",\"publisher\":{\"@id\":\"https:\/\/skaitytaknyga.lt\/#organization\"},\"potentialAction\":[{\"@type\":\"SearchAction\",\"target\":{\"@type\":\"EntryPoint\",\"urlTemplate\":\"https:\/\/skaitytaknyga.lt\/?s={search_term_string}\"},\"query-input\":{\"@type\":\"PropertyValueSpecification\",\"valueRequired\":true,\"valueName\":\"search_term_string\"}}],\"inLanguage\":\"en-GB\"},{\"@type\":\"Organization\",\"@id\":\"https:\/\/skaitytaknyga.lt\/#organization\",\"name\":\"skaitytaknyga.lt\",\"url\":\"https:\/\/skaitytaknyga.lt\/\",\"logo\":{\"@type\":\"ImageObject\",\"inLanguage\":\"en-GB\",\"@id\":\"https:\/\/skaitytaknyga.lt\/#\/schema\/logo\/image\/\",\"url\":\"https:\/\/skaitytaknyga.lt\/wp-content\/uploads\/2024\/05\/cropped-cropped-cropped-02_00843_jt3bggkj1j3HLc7SyY6rEUpg.jpeg\",\"contentUrl\":\"https:\/\/skaitytaknyga.lt\/wp-content\/uploads\/2024\/05\/cropped-cropped-cropped-02_00843_jt3bggkj1j3HLc7SyY6rEUpg.jpeg\",\"width\":1600,\"height\":1600,\"caption\":\"skaitytaknyga.lt\"},\"image\":{\"@id\":\"https:\/\/skaitytaknyga.lt\/#\/schema\/logo\/image\/\"},\"sameAs\":[\"https:\/\/www.facebook.com\/skaitytaknyga\/\"]}]}<\/script>\n<!-- \/ Yoast SEO plugin. -->","yoast_head_json":{"title":"Dangus balt\u0173 mitiniame pasaul\u0117vaizdyje","description":"Kaip kadaise baltai \u012fsivaizdavo dang\u0173? I\u0161 dangaus skliauto sklindanti \u0161viesa nuo seno asocijavosi su Dievu ir jo \u012fvaizd\u017eiu. Sudievinti ir net su\u017emoginti buvo svarbiausi dangaus \u0161viesuliai. O be to, galvota, jog \u012f dausas danguje keliauja mirusi\u0173j\u0173 sielos. Tod\u0117l dangus laikytas dar ir anuo pasauliu. Senieji tik\u0117jimai ai\u0161kina, kaip \u012f j\u012f patenkama. Knygos\u00a0\u201eDangus balt\u0173 mitiniame pasaul\u0117vaizdyje&#8221;\u00a0autor\u0117 senov\u0117s balt\u0173 kult\u016bros tyrin\u0117toja Nijol\u0117 Laurinkien\u0117, pasiremdama autenti\u0161kais \u0161altiniais, atskleid\u017eia dangaus ir jo \u0161viesuli\u0173 samprat\u0105, atkuria dangaus vaizdini\u0173 pirmyk\u0161t\u0119 prasm\u0119, ai\u0161kinasi j\u0173 kilm\u0119. Dangaus mitologinis vaizdynas, savo \u0161aknimis siekiantis tolim\u0105 praeit\u012f, atspindi m\u016bs\u0173 prot\u0117vi\u0173 m\u0105stysen\u0105, vertybes, \u012fgalina rekonstruoti ka\u017ekada gyvavus\u012f Kosmoso ir jame regim\u0173 rei\u0161kini\u0173 suvokim\u0105.","robots":{"index":"index","follow":"follow","max-snippet":"max-snippet:-1","max-image-preview":"max-image-preview:large","max-video-preview":"max-video-preview:-1"},"canonical":"https:\/\/skaitytaknyga.lt\/en\/produktas\/nijole-laurinkiene-dangus-baltu-mitiniame-pasaulevaizdyje\/","og_locale":"en_GB","og_type":"article","og_title":"[:lt]Dangus balt\u0173 mitiniame pasaul\u0117vaizdyje[:] - Skaitytaknyga","og_description":"Kaip kadaise baltai \u012fsivaizdavo dang\u0173? I\u0161 dangaus skliauto sklindanti \u0161viesa nuo seno asocijavosi su Dievu ir jo \u012fvaizd\u017eiu. Sudievinti ir net su\u017emoginti buvo svarbiausi dangaus \u0161viesuliai. O be to, galvota, jog \u012f dausas danguje keliauja mirusi\u0173j\u0173 sielos. Tod\u0117l dangus laikytas dar ir anuo pasauliu. Senieji tik\u0117jimai ai\u0161kina, kaip \u012f j\u012f patenkama. Knygos\u00a0\u201eDangus balt\u0173 mitiniame pasaul\u0117vaizdyje&#8221;\u00a0autor\u0117 senov\u0117s balt\u0173 kult\u016bros tyrin\u0117toja Nijol\u0117 Laurinkien\u0117, pasiremdama autenti\u0161kais \u0161altiniais, atskleid\u017eia dangaus ir jo \u0161viesuli\u0173 samprat\u0105, atkuria dangaus vaizdini\u0173 pirmyk\u0161t\u0119 prasm\u0119, ai\u0161kinasi j\u0173 kilm\u0119. Dangaus mitologinis vaizdynas, savo \u0161aknimis siekiantis tolim\u0105 praeit\u012f, atspindi m\u016bs\u0173 prot\u0117vi\u0173 m\u0105stysen\u0105, vertybes, \u012fgalina rekonstruoti ka\u017ekada gyvavus\u012f Kosmoso ir jame regim\u0173 rei\u0161kini\u0173 suvokim\u0105.","og_url":"https:\/\/skaitytaknyga.lt\/en\/produktas\/nijole-laurinkiene-dangus-baltu-mitiniame-pasaulevaizdyje\/","og_site_name":"Skaitytaknyga","article_publisher":"https:\/\/www.facebook.com\/skaitytaknyga\/","article_modified_time":"2025-05-19T08:02:48+00:00","og_image":[{"width":287,"height":430,"url":"https:\/\/skaitytaknyga.lt\/wp-content\/uploads\/2024\/05\/1571640851_image_1515.jpg","type":"image\/jpeg"}],"twitter_card":"summary_large_image","twitter_misc":{"Estimated reading time":"1 minute"},"schema":{"@context":"https:\/\/schema.org","@graph":[{"@type":"WebPage","@id":"https:\/\/skaitytaknyga.lt\/produktas\/nijole-laurinkiene-dangus-baltu-mitiniame-pasaulevaizdyje\/","url":"https:\/\/skaitytaknyga.lt\/produktas\/nijole-laurinkiene-dangus-baltu-mitiniame-pasaulevaizdyje\/","name":"Dangus balt\u0173 mitiniame pasaul\u0117vaizdyje","isPartOf":{"@id":"https:\/\/skaitytaknyga.lt\/#website"},"primaryImageOfPage":{"@id":"https:\/\/skaitytaknyga.lt\/produktas\/nijole-laurinkiene-dangus-baltu-mitiniame-pasaulevaizdyje\/#primaryimage"},"image":{"@id":"https:\/\/skaitytaknyga.lt\/produktas\/nijole-laurinkiene-dangus-baltu-mitiniame-pasaulevaizdyje\/#primaryimage"},"thumbnailUrl":"https:\/\/skaitytaknyga.lt\/wp-content\/uploads\/2024\/05\/1571640851_image_1515.jpg","datePublished":"2024-05-04T18:04:33+00:00","dateModified":"2025-05-19T08:02:48+00:00","description":"Kaip kadaise baltai \u012fsivaizdavo dang\u0173? I\u0161 dangaus skliauto sklindanti \u0161viesa nuo seno asocijavosi su Dievu ir jo \u012fvaizd\u017eiu. Sudievinti ir net su\u017emoginti buvo svarbiausi dangaus \u0161viesuliai. O be to, galvota, jog \u012f dausas danguje keliauja mirusi\u0173j\u0173 sielos. Tod\u0117l dangus laikytas dar ir anuo pasauliu. Senieji tik\u0117jimai ai\u0161kina, kaip \u012f j\u012f patenkama. Knygos\u00a0\u201eDangus balt\u0173 mitiniame pasaul\u0117vaizdyje&#8221;\u00a0autor\u0117 senov\u0117s balt\u0173 kult\u016bros tyrin\u0117toja Nijol\u0117 Laurinkien\u0117, pasiremdama autenti\u0161kais \u0161altiniais, atskleid\u017eia dangaus ir jo \u0161viesuli\u0173 samprat\u0105, atkuria dangaus vaizdini\u0173 pirmyk\u0161t\u0119 prasm\u0119, ai\u0161kinasi j\u0173 kilm\u0119. Dangaus mitologinis vaizdynas, savo \u0161aknimis siekiantis tolim\u0105 praeit\u012f, atspindi m\u016bs\u0173 prot\u0117vi\u0173 m\u0105stysen\u0105, vertybes, \u012fgalina rekonstruoti ka\u017ekada gyvavus\u012f Kosmoso ir jame regim\u0173 rei\u0161kini\u0173 suvokim\u0105.","breadcrumb":{"@id":"https:\/\/skaitytaknyga.lt\/produktas\/nijole-laurinkiene-dangus-baltu-mitiniame-pasaulevaizdyje\/#breadcrumb"},"inLanguage":"en-GB","potentialAction":[{"@type":"ReadAction","target":["https:\/\/skaitytaknyga.lt\/produktas\/nijole-laurinkiene-dangus-baltu-mitiniame-pasaulevaizdyje\/"]}]},{"@type":"ImageObject","inLanguage":"en-GB","@id":"https:\/\/skaitytaknyga.lt\/produktas\/nijole-laurinkiene-dangus-baltu-mitiniame-pasaulevaizdyje\/#primaryimage","url":"https:\/\/skaitytaknyga.lt\/wp-content\/uploads\/2024\/05\/1571640851_image_1515.jpg","contentUrl":"https:\/\/skaitytaknyga.lt\/wp-content\/uploads\/2024\/05\/1571640851_image_1515.jpg","width":287,"height":430},{"@type":"BreadcrumbList","@id":"https:\/\/skaitytaknyga.lt\/produktas\/nijole-laurinkiene-dangus-baltu-mitiniame-pasaulevaizdyje\/#breadcrumb","itemListElement":[{"@type":"ListItem","position":1,"name":"Home","item":"https:\/\/skaitytaknyga.lt\/"},{"@type":"ListItem","position":2,"name":"Parduotuv\u0117","item":"https:\/\/skaitytaknyga.lt\/knygu-parduotuve\/"},{"@type":"ListItem","position":3,"name":"Dangus balt\u0173 mitiniame pasaul\u0117vaizdyje"}]},{"@type":"WebSite","@id":"https:\/\/skaitytaknyga.lt\/#website","url":"https:\/\/skaitytaknyga.lt\/","name":"skaitytaknyga.lt","description":"Skaitytaknyga.lt \u2013 tai ma\u017eas \u0161eimos verslas, kuris prasid\u0117jo nuo meil\u0117s knygoms ir siekio i\u0161gelb\u0117ti knygas nuo likimo prie konteinerio. Kas vienam nereikalingas daiktas \u2013 kitam lobis, o mes esame tarpininkai, kurie padeda abiems tapti laimingesniems ???? \u017dinome kaip nelengva i\u0161gyventi ma\u017eiems verslams, tad nuo \u0161iol, \u010dia rasite ir kit\u0173, ma\u017e\u0173 \u0161eim\u0173 versl\u0173, rank\u0173 darbo, dovan\u0173 sau ir artimiesiems.","publisher":{"@id":"https:\/\/skaitytaknyga.lt\/#organization"},"potentialAction":[{"@type":"SearchAction","target":{"@type":"EntryPoint","urlTemplate":"https:\/\/skaitytaknyga.lt\/?s={search_term_string}"},"query-input":{"@type":"PropertyValueSpecification","valueRequired":true,"valueName":"search_term_string"}}],"inLanguage":"en-GB"},{"@type":"Organization","@id":"https:\/\/skaitytaknyga.lt\/#organization","name":"skaitytaknyga.lt","url":"https:\/\/skaitytaknyga.lt\/","logo":{"@type":"ImageObject","inLanguage":"en-GB","@id":"https:\/\/skaitytaknyga.lt\/#\/schema\/logo\/image\/","url":"https:\/\/skaitytaknyga.lt\/wp-content\/uploads\/2024\/05\/cropped-cropped-cropped-02_00843_jt3bggkj1j3HLc7SyY6rEUpg.jpeg","contentUrl":"https:\/\/skaitytaknyga.lt\/wp-content\/uploads\/2024\/05\/cropped-cropped-cropped-02_00843_jt3bggkj1j3HLc7SyY6rEUpg.jpeg","width":1600,"height":1600,"caption":"skaitytaknyga.lt"},"image":{"@id":"https:\/\/skaitytaknyga.lt\/#\/schema\/logo\/image\/"},"sameAs":["https:\/\/www.facebook.com\/skaitytaknyga\/"]}]}},"_links":{"self":[{"href":"https:\/\/skaitytaknyga.lt\/en\/wp-json\/wp\/v2\/product\/10013","targetHints":{"allow":["GET"]}}],"collection":[{"href":"https:\/\/skaitytaknyga.lt\/en\/wp-json\/wp\/v2\/product"}],"about":[{"href":"https:\/\/skaitytaknyga.lt\/en\/wp-json\/wp\/v2\/types\/product"}],"replies":[{"embeddable":true,"href":"https:\/\/skaitytaknyga.lt\/en\/wp-json\/wp\/v2\/comments?post=10013"}],"wp:featuredmedia":[{"embeddable":true,"href":"https:\/\/skaitytaknyga.lt\/en\/wp-json\/wp\/v2\/media\/10060"}],"wp:attachment":[{"href":"https:\/\/skaitytaknyga.lt\/en\/wp-json\/wp\/v2\/media?parent=10013"}],"wp:term":[{"taxonomy":"product_brand","embeddable":true,"href":"https:\/\/skaitytaknyga.lt\/en\/wp-json\/wp\/v2\/product_brand?post=10013"},{"taxonomy":"product_cat","embeddable":true,"href":"https:\/\/skaitytaknyga.lt\/en\/wp-json\/wp\/v2\/product_cat?post=10013"},{"taxonomy":"product_tag","embeddable":true,"href":"https:\/\/skaitytaknyga.lt\/en\/wp-json\/wp\/v2\/product_tag?post=10013"}],"curies":[{"name":"wp","href":"https:\/\/api.w.org\/{rel}","templated":true}]}}